{"id":8549,"date":"2022-02-07T21:57:29","date_gmt":"2022-02-07T20:57:29","guid":{"rendered":"https:\/\/lyon-geologie.univ-lyon1.fr\/?page_id=8549"},"modified":"2025-04-11T16:58:21","modified_gmt":"2025-04-11T14:58:21","slug":"l3m-geoch","status":"publish","type":"page","link":"https:\/\/lyongeologie.fr\/en\/l3-mag\/l3m-geoch\/","title":{"rendered":"L3 GEONAT Analyse de l&rsquo;eau et des roches"},"content":{"rendered":"<div data-elementor-type=\"wp-page\" data-elementor-id=\"8549\" class=\"elementor elementor-8549\">\n\t\t\t\t\t\t<section class=\"elementor-section elementor-top-section elementor-element elementor-element-458c64d2 elementor-section-boxed elementor-section-height-default elementor-section-height-default\" data-id=\"458c64d2\" data-element_type=\"section\" data-e-type=\"section\">\n\t\t\t\t\t\t<div class=\"elementor-container elementor-column-gap-default\">\n\t\t\t\t\t<div class=\"elementor-column elementor-col-100 elementor-top-column elementor-element elementor-element-7a19a17f\" data-id=\"7a19a17f\" data-element_type=\"column\" data-e-type=\"column\">\n\t\t\t<div class=\"elementor-widget-wrap elementor-element-populated\">\n\t\t\t\t\t\t<div class=\"elementor-element elementor-element-4f09a0d2 elementor-widget elementor-widget-text-editor\" data-id=\"4f09a0d2\" data-element_type=\"widget\" data-e-type=\"widget\" data-widget_type=\"text-editor.default\">\n\t\t\t\t<div class=\"elementor-widget-container\">\n\t\t\t\t\t\t\t\t\t<h2><strong>Analyse des eaux et des roches<\/strong><\/h2>\t\t\t\t\t\t\t\t<\/div>\n\t\t\t\t<\/div>\n\t\t\t\t\t<\/div>\n\t\t<\/div>\n\t\t\t\t\t<\/div>\n\t\t<\/section>\n\t\t\t\t<section class=\"elementor-section elementor-top-section elementor-element elementor-element-5020ea69 elementor-section-boxed elementor-section-height-default elementor-section-height-default\" data-id=\"5020ea69\" data-element_type=\"section\" data-e-type=\"section\">\n\t\t\t\t\t\t<div class=\"elementor-container elementor-column-gap-default\">\n\t\t\t\t\t<div class=\"elementor-column elementor-col-33 elementor-top-column elementor-element elementor-element-386ebb0e\" data-id=\"386ebb0e\" data-element_type=\"column\" data-e-type=\"column\">\n\t\t\t<div class=\"elementor-widget-wrap elementor-element-populated\">\n\t\t\t\t\t\t<div class=\"elementor-element elementor-element-2c644127 elementor-widget elementor-widget-text-editor\" data-id=\"2c644127\" data-element_type=\"widget\" data-e-type=\"widget\" data-widget_type=\"text-editor.default\">\n\t\t\t\t<div class=\"elementor-widget-container\">\n\t\t\t\t\t\t\t\t\t<p><em>Credits: <\/em>6 ECTS<em><br \/><\/em><\/p><p><em>Contact: <a href=\"mailto:muriel.andreani@univ-lyon1.fr\">Muriel ANDR\u00c9ANI<\/a><\/em><\/p>\t\t\t\t\t\t\t\t<\/div>\n\t\t\t\t<\/div>\n\t\t\t\t<div class=\"elementor-element elementor-element-6d34d47 elementor-widget elementor-widget-image\" data-id=\"6d34d47\" data-element_type=\"widget\" data-e-type=\"widget\" data-widget_type=\"image.default\">\n\t\t\t\t<div class=\"elementor-widget-container\">\n\t\t\t\t\t\t\t\t\t\t\t\t\t\t\t<img decoding=\"async\" width=\"150\" height=\"150\" src=\"https:\/\/lyongeologie.fr\/wp-content\/uploads\/2022\/02\/muriel_andreani.png\" class=\"attachment-large size-large wp-image-12331\" alt=\"\" \/>\t\t\t\t\t\t\t\t\t\t\t\t\t\t\t<\/div>\n\t\t\t\t<\/div>\n\t\t\t\t<div class=\"elementor-element elementor-element-6fefcd36 elementor-align-center elementor-widget elementor-widget-button\" data-id=\"6fefcd36\" data-element_type=\"widget\" data-e-type=\"widget\" data-widget_type=\"button.default\">\n\t\t\t\t<div class=\"elementor-widget-container\">\n\t\t\t\t\t\t\t\t\t<div class=\"elementor-button-wrapper\">\n\t\t\t\t\t<a class=\"elementor-button elementor-button-link elementor-size-sm\" href=\"https:\/\/lyon-geologie.univ-lyon1.fr\/l3-mag\/#l3mag_tc\">\n\t\t\t\t\t\t<span class=\"elementor-button-content-wrapper\">\n\t\t\t\t\t\t\t\t\t<span class=\"elementor-button-text\">Back to the previous page<\/span>\n\t\t\t\t\t<\/span>\n\t\t\t\t\t<\/a>\n\t\t\t\t<\/div>\n\t\t\t\t\t\t\t\t<\/div>\n\t\t\t\t<\/div>\n\t\t\t\t\t<\/div>\n\t\t<\/div>\n\t\t\t\t<div class=\"elementor-column elementor-col-66 elementor-top-column elementor-element elementor-element-1c3c070a\" data-id=\"1c3c070a\" data-element_type=\"column\" data-e-type=\"column\">\n\t\t\t<div class=\"elementor-widget-wrap elementor-element-populated\">\n\t\t\t\t\t\t<div class=\"elementor-element elementor-element-167a7c3b elementor-widget elementor-widget-text-editor\" data-id=\"167a7c3b\" data-element_type=\"widget\" data-e-type=\"widget\" data-widget_type=\"text-editor.default\">\n\t\t\t\t<div class=\"elementor-widget-container\">\n\t\t\t\t\t\t\t\t\t<p>Gr\u00e2ce \u00e0 cette UE vous obtiendrez des comp\u00e9tences pratiques en analyse chimique des eaux et en caract\u00e9risation structurale et chimique des roches, et vous d\u00e9couvrirez leurs applications aux eaux naturelles et \u00e0 divers mat\u00e9riaux naturels ou transform\u00e9s.<\/p><ul><li><strong>Analyse des eaux : <\/strong><ul><li>Hydrochimie (15h): chimie des solutions avanc\u00e9e, composition chimique des eaux naturelles et processus pilotant cette composition. M\u00e9thode de mesure et d\u2019analyse (param\u00e8tres physico-chimiques in situ, ions et \u00e9l\u00e9ments majeurs).<\/li><li>Chimie organique (15h): Caract\u00e9risation de la mati\u00e8re organique dissoute et particulaire, sources naturelles et anthropiques, m\u00e9thodes d\u2019analyse de la mati\u00e8re organique (carbone total et mol\u00e9cules organiques).<\/li><\/ul><\/li><li><strong>Analyse des roches :<\/strong><ul><li>Pr\u00e9sentation th\u00e9orique et pratique de 3 types de m\u00e9thodes de caract\u00e9risation des roches et min\u00e9raux.<\/li><li>Diffraction des rayons X (10h): rappel du principe g\u00e9n\u00e9ral (vu en L2), TP\/TD pr\u00e9paration des \u00e9chantillons et acquisition de donn\u00e9es, puis traitement (identification des phases et quantification \u00e0 partir d\u2019une base de donn\u00e9es).<\/li><li>Spectroscopie Raman (10h): principe g\u00e9n\u00e9ral , TP\/TD acquisition de donn\u00e9es, puis traitement de base et interpr\u00e9tation.<\/li><li>Microscopie \u00e9lectronique \u00e0 balayage (10h) : interactions \u00e9lectron-mati\u00e8re, principe g\u00e9n\u00e9ral du MEB, modes d\u2019utilisation pour l\u2019imagerie et l\u2019analyse chimique. TD sur quelques exemples. TP pr\u00e9paration d\u2019un \u00e9chantillon et r\u00e9alisation de quelques images.<\/li><\/ul><\/li><\/ul>\t\t\t\t\t\t\t\t<\/div>\n\t\t\t\t<\/div>\n\t\t\t\t\t<\/div>\n\t\t<\/div>\n\t\t\t\t\t<\/div>\n\t\t<\/section>\n\t\t\t\t<section class=\"elementor-section elementor-top-section elementor-element elementor-element-5b8b3468 elementor-section-boxed elementor-section-height-default elementor-section-height-default\" data-id=\"5b8b3468\" data-element_type=\"section\" data-e-type=\"section\">\n\t\t\t\t\t\t<div class=\"elementor-container elementor-column-gap-default\">\n\t\t\t\t\t<div class=\"elementor-column elementor-col-100 elementor-top-column elementor-element elementor-element-1e9ea60d\" data-id=\"1e9ea60d\" data-element_type=\"column\" data-e-type=\"column\">\n\t\t\t<div class=\"elementor-widget-wrap\">\n\t\t\t\t\t\t\t<\/div>\n\t\t<\/div>\n\t\t\t\t\t<\/div>\n\t\t<\/section>\n\t\t\t\t<\/div>","protected":false},"excerpt":{"rendered":"<p>Analyse des eaux et des roches Cr\u00e9dits : 6 ECTS Responsable : Muriel ANDR\u00c9ANI Retour \u00e0 la liste des UEs Gr\u00e2ce \u00e0 cette UE vous obtiendrez des comp\u00e9tences pratiques en analyse chimique des eaux et en caract\u00e9risation structurale et chimique des roches, et vous d\u00e9couvrirez leurs applications aux eaux naturelles et \u00e0 divers mat\u00e9riaux naturels [&hellip;]<\/p>\n","protected":false},"author":7,"featured_media":0,"parent":501,"menu_order":0,"comment_status":"closed","ping_status":"closed","template":"","meta":{"site-sidebar-layout":"no-sidebar","site-content-layout":"page-builder","ast-site-content-layout":"default","site-content-style":"default","site-sidebar-style":"default","ast-global-header-display":"","ast-banner-title-visibility":"","ast-main-header-display":"","ast-hfb-above-header-display":"","ast-hfb-below-header-display":"","ast-hfb-mobile-header-display":"","site-post-title":"disabled","ast-breadcrumbs-content":"","ast-featured-img":"disabled","footer-sml-layout":"","ast-disable-related-posts":"","theme-transparent-header-meta":"","adv-header-id-meta":"","stick-header-meta":"","header-above-stick-meta":"","header-main-stick-meta":"","header-below-stick-meta":"","astra-migrate-meta-layouts":"default","ast-page-background-enabled":"default","ast-page-background-meta":{"desktop":{"background-color":"var(--ast-global-color-4)","background-image":"","background-repeat":"repeat","background-position":"center center","background-size":"auto","background-attachment":"scroll","background-type":"","background-media":"","overlay-type":"","overlay-color":"","overlay-opacity":"","overlay-gradient":""},"tablet":{"background-color":"","background-image":"","background-repeat":"repeat","background-position":"center center","background-size":"auto","background-attachment":"scroll","background-type":"","background-media":"","overlay-type":"","overlay-color":"","overlay-opacity":"","overlay-gradient":""},"mobile":{"background-color":"","background-image":"","background-repeat":"repeat","background-position":"center center","background-size":"auto","background-attachment":"scroll","background-type":"","background-media":"","overlay-type":"","overlay-color":"","overlay-opacity":"","overlay-gradient":""}},"ast-content-background-meta":{"desktop":{"background-color":"var(--ast-global-color-5)","background-image":"","background-repeat":"repeat","background-position":"center center","background-size":"auto","background-attachment":"scroll","background-type":"","background-media":"","overlay-type":"","overlay-color":"","overlay-opacity":"","overlay-gradient":""},"tablet":{"background-color":"var(--ast-global-color-5)","background-image":"","background-repeat":"repeat","background-position":"center center","background-size":"auto","background-attachment":"scroll","background-type":"","background-media":"","overlay-type":"","overlay-color":"","overlay-opacity":"","overlay-gradient":""},"mobile":{"background-color":"var(--ast-global-color-5)","background-image":"","background-repeat":"repeat","background-position":"center center","background-size":"auto","background-attachment":"scroll","background-type":"","background-media":"","overlay-type":"","overlay-color":"","overlay-opacity":"","overlay-gradient":""}},"footnotes":""},"class_list":["post-8549","page","type-page","status-publish","hentry"],"_links":{"self":[{"href":"https:\/\/lyongeologie.fr\/en\/wp-json\/wp\/v2\/pages\/8549","targetHints":{"allow":["GET"]}}],"collection":[{"href":"https:\/\/lyongeologie.fr\/en\/wp-json\/wp\/v2\/pages"}],"about":[{"href":"https:\/\/lyongeologie.fr\/en\/wp-json\/wp\/v2\/types\/page"}],"author":[{"embeddable":true,"href":"https:\/\/lyongeologie.fr\/en\/wp-json\/wp\/v2\/users\/7"}],"replies":[{"embeddable":true,"href":"https:\/\/lyongeologie.fr\/en\/wp-json\/wp\/v2\/comments?post=8549"}],"version-history":[{"count":17,"href":"https:\/\/lyongeologie.fr\/en\/wp-json\/wp\/v2\/pages\/8549\/revisions"}],"predecessor-version":[{"id":18595,"href":"https:\/\/lyongeologie.fr\/en\/wp-json\/wp\/v2\/pages\/8549\/revisions\/18595"}],"up":[{"embeddable":true,"href":"https:\/\/lyongeologie.fr\/en\/wp-json\/wp\/v2\/pages\/501"}],"wp:attachment":[{"href":"https:\/\/lyongeologie.fr\/en\/wp-json\/wp\/v2\/media?parent=8549"}],"curies":[{"name":"wp","href":"https:\/\/api.w.org\/{rel}","templated":true}]}}