{"id":8507,"date":"2022-02-07T21:51:53","date_gmt":"2022-02-07T20:51:53","guid":{"rendered":"https:\/\/lyon-geologie.univ-lyon1.fr\/?page_id=8507"},"modified":"2025-04-11T16:57:34","modified_gmt":"2025-04-11T14:57:34","slug":"l3m-stage","status":"publish","type":"page","link":"https:\/\/lyongeologie.fr\/en\/l3-mag\/l3m-stage\/","title":{"rendered":"L3 GEONAT Initiation \u00e0 l&rsquo;entreprise"},"content":{"rendered":"<div data-elementor-type=\"wp-page\" data-elementor-id=\"8507\" class=\"elementor elementor-8507\">\n\t\t\t\t\t\t<section class=\"elementor-section elementor-top-section elementor-element elementor-element-6d7aba4c elementor-section-boxed elementor-section-height-default elementor-section-height-default\" data-id=\"6d7aba4c\" data-element_type=\"section\" data-e-type=\"section\">\n\t\t\t\t\t\t<div class=\"elementor-container elementor-column-gap-default\">\n\t\t\t\t\t<div class=\"elementor-column elementor-col-100 elementor-top-column elementor-element elementor-element-719db6dc\" data-id=\"719db6dc\" data-element_type=\"column\" data-e-type=\"column\">\n\t\t\t<div class=\"elementor-widget-wrap elementor-element-populated\">\n\t\t\t\t\t\t<div class=\"elementor-element elementor-element-5bc36844 elementor-widget elementor-widget-text-editor\" data-id=\"5bc36844\" data-element_type=\"widget\" data-e-type=\"widget\" data-widget_type=\"text-editor.default\">\n\t\t\t\t<div class=\"elementor-widget-container\">\n\t\t\t\t\t\t\t\t\t<h2><strong>Initiation \u00e0 l&rsquo;entreprise<br \/><\/strong><\/h2>\t\t\t\t\t\t\t\t<\/div>\n\t\t\t\t<\/div>\n\t\t\t\t\t<\/div>\n\t\t<\/div>\n\t\t\t\t\t<\/div>\n\t\t<\/section>\n\t\t\t\t<section class=\"elementor-section elementor-top-section elementor-element elementor-element-2c6fb9ce elementor-section-boxed elementor-section-height-default elementor-section-height-default\" data-id=\"2c6fb9ce\" data-element_type=\"section\" data-e-type=\"section\">\n\t\t\t\t\t\t<div class=\"elementor-container elementor-column-gap-default\">\n\t\t\t\t\t<div class=\"elementor-column elementor-col-33 elementor-top-column elementor-element elementor-element-40f63513\" data-id=\"40f63513\" data-element_type=\"column\" data-e-type=\"column\">\n\t\t\t<div class=\"elementor-widget-wrap elementor-element-populated\">\n\t\t\t\t\t\t<div class=\"elementor-element elementor-element-1ee21ec9 elementor-widget elementor-widget-text-editor\" data-id=\"1ee21ec9\" data-element_type=\"widget\" data-e-type=\"widget\" data-widget_type=\"text-editor.default\">\n\t\t\t\t<div class=\"elementor-widget-container\">\n\t\t\t\t\t\t\t\t\t<p><em>Credits: <\/em>15 ECTS<\/p><p><em>Contact: <a href=\"mailto:fabrice.cordey@univ-lyon1.fr\">Fabrice CORDEY<\/a><\/em><\/p>\t\t\t\t\t\t\t\t<\/div>\n\t\t\t\t<\/div>\n\t\t\t\t<div class=\"elementor-element elementor-element-ecfd5b1 elementor-widget elementor-widget-image\" data-id=\"ecfd5b1\" data-element_type=\"widget\" data-e-type=\"widget\" data-widget_type=\"image.default\">\n\t\t\t\t<div class=\"elementor-widget-container\">\n\t\t\t\t\t\t\t\t\t\t\t\t\t\t\t<img decoding=\"async\" width=\"150\" height=\"150\" src=\"https:\/\/lyongeologie.fr\/wp-content\/uploads\/2022\/02\/fabrice_cordey.png\" class=\"attachment-large size-large wp-image-8889\" alt=\"\" \/>\t\t\t\t\t\t\t\t\t\t\t\t\t\t\t<\/div>\n\t\t\t\t<\/div>\n\t\t\t\t<div class=\"elementor-element elementor-element-2dda6394 elementor-align-center elementor-widget elementor-widget-button\" data-id=\"2dda6394\" data-element_type=\"widget\" data-e-type=\"widget\" data-widget_type=\"button.default\">\n\t\t\t\t<div class=\"elementor-widget-container\">\n\t\t\t\t\t\t\t\t\t<div class=\"elementor-button-wrapper\">\n\t\t\t\t\t<a class=\"elementor-button elementor-button-link elementor-size-sm\" href=\"https:\/\/lyon-geologie.univ-lyon1.fr\/l3-mag\/#l3mag_tc\">\n\t\t\t\t\t\t<span class=\"elementor-button-content-wrapper\">\n\t\t\t\t\t\t\t\t\t<span class=\"elementor-button-text\">Back to the previous page<\/span>\n\t\t\t\t\t<\/span>\n\t\t\t\t\t<\/a>\n\t\t\t\t<\/div>\n\t\t\t\t\t\t\t\t<\/div>\n\t\t\t\t<\/div>\n\t\t\t\t\t<\/div>\n\t\t<\/div>\n\t\t\t\t<div class=\"elementor-column elementor-col-66 elementor-top-column elementor-element elementor-element-2b8a1aed\" data-id=\"2b8a1aed\" data-element_type=\"column\" data-e-type=\"column\">\n\t\t\t<div class=\"elementor-widget-wrap elementor-element-populated\">\n\t\t\t\t\t\t<div class=\"elementor-element elementor-element-3df33a42 elementor-widget elementor-widget-text-editor\" data-id=\"3df33a42\" data-element_type=\"widget\" data-e-type=\"widget\" data-widget_type=\"text-editor.default\">\n\t\t\t\t<div class=\"elementor-widget-container\">\n\t\t\t\t\t\t\t\t\t<p>Dans le cadre de cette UE, les \u00e9tudiant-e-s effectuent au printemps <b>un stage de 3 mois<\/b> dans une <b>entreprise <\/b>associ\u00e9e aux disciplines de <b>g\u00e9osciences appliqu\u00e9es<\/b> et\/ou d\u2019<b>environnement<\/b> (g\u00e9otechnique, hydrog\u00e9ologie, g\u00e9ophysique, SIG, \u00e9tudes de sols, mines et carri\u00e8res, cartographie, risques, d\u00e9pollution, rem\u00e9diation, r\u00e9glementation, etc\u2026). Le stage se conclut par la r\u00e9daction d\u2019un rapport et une pr\u00e9sentation orale, un \u201cpartage d\u2019exp\u00e9rience\u201d qui b\u00e9n\u00e9ficie \u00e0 l\u2019ensemble de la promotion.<\/p>\t\t\t\t\t\t\t\t<\/div>\n\t\t\t\t<\/div>\n\t\t\t\t<div class=\"elementor-element elementor-element-1f2a142 elementor-widget elementor-widget-image\" data-id=\"1f2a142\" data-element_type=\"widget\" data-e-type=\"widget\" data-widget_type=\"image.default\">\n\t\t\t\t<div class=\"elementor-widget-container\">\n\t\t\t\t\t\t\t\t\t\t\t\t<figure class=\"wp-caption\">\n\t\t\t\t\t\t\t\t\t\t<img fetchpriority=\"high\" decoding=\"async\" width=\"732\" height=\"369\" src=\"https:\/\/lyongeologie.fr\/wp-content\/uploads\/2022\/02\/stageMAG.png\" class=\"attachment-large size-large wp-image-8519\" alt=\"\" srcset=\"https:\/\/lyongeologie.fr\/wp-content\/uploads\/2022\/02\/stageMAG.png 732w, https:\/\/lyongeologie.fr\/wp-content\/uploads\/2022\/02\/stageMAG-300x151.png 300w\" sizes=\"(max-width: 732px) 100vw, 732px\" \/>\t\t\t\t\t\t\t\t\t\t\t<figcaption class=\"widget-image-caption wp-caption-text\"><i><small>Quelques illustrations extraites de rapports de fin de stage: \u00e9quipement de terrain, SIG, forages, mesures g\u00e9ophysiques et pi\u00e9zom\u00e9triques, pressiom\u00e8tre, carottages, th\u00e9odolite\u2026<\/small><\/i><\/figcaption>\n\t\t\t\t\t\t\t\t\t\t<\/figure>\n\t\t\t\t\t\t\t\t\t<\/div>\n\t\t\t\t<\/div>\n\t\t\t\t<div class=\"elementor-element elementor-element-37dbcef elementor-widget elementor-widget-text-editor\" data-id=\"37dbcef\" data-element_type=\"widget\" data-e-type=\"widget\" data-widget_type=\"text-editor.default\">\n\t\t\t\t<div class=\"elementor-widget-container\">\n\t\t\t\t\t\t\t\t\t<p>La <b>formation L3 GEONAT<\/b>\u00a0a d\u00e9velopp\u00e9 un <b>r\u00e9seau local, r\u00e9gional et national<\/b> de <b>soci\u00e9t\u00e9s <\/b>et de <b>bureaux d\u2019\u00e9tude<\/b> qui accueillent les \u00e9tudiant-e-s de la formation pour une immersion dans un contexte 100% professionnel extr\u00eamement formateur. Certains des stages d\u00e9bouchent sur des propositions de <b>CDI<\/b> de la part des entreprises, mais permettent aussi d\u2019acqu\u00e9rir une exp\u00e9rience pr\u00e9-requise pour candidater aux <b>masters de g\u00e9ologie appliqu\u00e9e et d\u2019environnement<\/b> sur l\u2019ensemble du territoire national.<\/p><p>Exemples de stages r\u00e9alis\u00e9s par la promo 2020\/2021:<\/p><ul><li><a href=\"https:\/\/www.geotechnique-sas.com\/\">GEOTECHNIQUE SAS<\/a> : Essais g\u00e9otechniques en laboratoire et in situ, pour identification des sols et essais de contr\u00f4le.<\/li><li><a href=\"https:\/\/www.energieetmecanique69.com\/\">EM-TP<\/a> : Forages Etudes de sols et forages<\/li><li><a href=\"https:\/\/www.geotechnique-sas.com\/\">GEOTECHNIQUE SAS<\/a> : D\u00e9couverte de la g\u00e9otechnique<\/li><li>SNCF : p\u00f4le Environnement D\u00e9couverte des m\u00e9tiers de l&rsquo;environnement et des sciences de l&rsquo;eau<\/li><li>L.A.C.S. :Immersion dans le m\u00e9tier de laborantin en g\u00e9otechnique<\/li><li>CEBACO : D\u00e9couverte des \u00e9tudes g\u00e9otechniques en bureau sp\u00e9cialis\u00e9<\/li><li>BRGM : Utiliser la t\u00e9l\u00e9d\u00e9tection pour identifier des zones humides<\/li><li>RTE :Ing\u00e9nierie des lignes a\u00e9riennes, diagnostics, risques<\/li><li>ESIRIS RHONE ALPES : D\u00e9couverte d&rsquo;un bureau d&rsquo;\u00e9tudes en g\u00e9otechnique et contr\u00f4les<\/li><li>SOLUSOL : R\u00e9alisation d&rsquo;analyses m\u00e9caniques de sols dans le cadre d&rsquo;expertises sur ouvrages sinistr\u00e9s<\/li><li>GEOTEC : D\u00e9couverte du m\u00e9tier de technicien environnement en BE hydrog\u00e9ologie et g\u00e9otechnique<\/li><li>EVOLUTYS : D\u00e9couverte du m\u00e9tier de consultant environnement<\/li><li>EDF-DGT : Gestion et organisation de bases de donn\u00e9es environnementales<\/li><li>2CEL : Int\u00e9r\u00eats des essais d&rsquo;eau dans le cadre de la probl\u00e9matique hydrog\u00e9ologique pour des projets immobiliers<\/li><\/ul>\t\t\t\t\t\t\t\t<\/div>\n\t\t\t\t<\/div>\n\t\t\t\t\t<\/div>\n\t\t<\/div>\n\t\t\t\t\t<\/div>\n\t\t<\/section>\n\t\t\t\t<section class=\"elementor-section elementor-top-section elementor-element elementor-element-5dd37794 elementor-section-boxed elementor-section-height-default elementor-section-height-default\" data-id=\"5dd37794\" data-element_type=\"section\" data-e-type=\"section\">\n\t\t\t\t\t\t<div class=\"elementor-container elementor-column-gap-default\">\n\t\t\t\t\t<div class=\"elementor-column elementor-col-100 elementor-top-column elementor-element elementor-element-12fd7c3c\" data-id=\"12fd7c3c\" data-element_type=\"column\" data-e-type=\"column\">\n\t\t\t<div class=\"elementor-widget-wrap\">\n\t\t\t\t\t\t\t<\/div>\n\t\t<\/div>\n\t\t\t\t\t<\/div>\n\t\t<\/section>\n\t\t\t\t<\/div>","protected":false},"excerpt":{"rendered":"<p>Initiation \u00e0 l&rsquo;entreprise Cr\u00e9dits : 15 ECTS Responsable : Fabrice CORDEY Retour \u00e0 la liste des UEs Dans le cadre de cette UE, les \u00e9tudiant-e-s effectuent au printemps un stage de 3 mois dans une entreprise associ\u00e9e aux disciplines de g\u00e9osciences appliqu\u00e9es et\/ou d\u2019environnement (g\u00e9otechnique, hydrog\u00e9ologie, g\u00e9ophysique, SIG, \u00e9tudes de sols, mines et carri\u00e8res, cartographie, [&hellip;]<\/p>\n","protected":false},"author":7,"featured_media":0,"parent":501,"menu_order":0,"comment_status":"closed","ping_status":"closed","template":"","meta":{"site-sidebar-layout":"no-sidebar","site-content-layout":"page-builder","ast-site-content-layout":"default","site-content-style":"default","site-sidebar-style":"default","ast-global-header-display":"","ast-banner-title-visibility":"","ast-main-header-display":"","ast-hfb-above-header-display":"","ast-hfb-below-header-display":"","ast-hfb-mobile-header-display":"","site-post-title":"disabled","ast-breadcrumbs-content":"","ast-featured-img":"disabled","footer-sml-layout":"","ast-disable-related-posts":"","theme-transparent-header-meta":"","adv-header-id-meta":"","stick-header-meta":"","header-above-stick-meta":"","header-main-stick-meta":"","header-below-stick-meta":"","astra-migrate-meta-layouts":"default","ast-page-background-enabled":"default","ast-page-background-meta":{"desktop":{"background-color":"var(--ast-global-color-4)","background-image":"","background-repeat":"repeat","background-position":"center center","background-size":"auto","background-attachment":"scroll","background-type":"","background-media":"","overlay-type":"","overlay-color":"","overlay-opacity":"","overlay-gradient":""},"tablet":{"background-color":"","background-image":"","background-repeat":"repeat","background-position":"center center","background-size":"auto","background-attachment":"scroll","background-type":"","background-media":"","overlay-type":"","overlay-color":"","overlay-opacity":"","overlay-gradient":""},"mobile":{"background-color":"","background-image":"","background-repeat":"repeat","background-position":"center center","background-size":"auto","background-attachment":"scroll","background-type":"","background-media":"","overlay-type":"","overlay-color":"","overlay-opacity":"","overlay-gradient":""}},"ast-content-background-meta":{"desktop":{"background-color":"var(--ast-global-color-5)","background-image":"","background-repeat":"repeat","background-position":"center center","background-size":"auto","background-attachment":"scroll","background-type":"","background-media":"","overlay-type":"","overlay-color":"","overlay-opacity":"","overlay-gradient":""},"tablet":{"background-color":"var(--ast-global-color-5)","background-image":"","background-repeat":"repeat","background-position":"center center","background-size":"auto","background-attachment":"scroll","background-type":"","background-media":"","overlay-type":"","overlay-color":"","overlay-opacity":"","overlay-gradient":""},"mobile":{"background-color":"var(--ast-global-color-5)","background-image":"","background-repeat":"repeat","background-position":"center center","background-size":"auto","background-attachment":"scroll","background-type":"","background-media":"","overlay-type":"","overlay-color":"","overlay-opacity":"","overlay-gradient":""}},"footnotes":""},"class_list":["post-8507","page","type-page","status-publish","hentry"],"_links":{"self":[{"href":"https:\/\/lyongeologie.fr\/en\/wp-json\/wp\/v2\/pages\/8507","targetHints":{"allow":["GET"]}}],"collection":[{"href":"https:\/\/lyongeologie.fr\/en\/wp-json\/wp\/v2\/pages"}],"about":[{"href":"https:\/\/lyongeologie.fr\/en\/wp-json\/wp\/v2\/types\/page"}],"author":[{"embeddable":true,"href":"https:\/\/lyongeologie.fr\/en\/wp-json\/wp\/v2\/users\/7"}],"replies":[{"embeddable":true,"href":"https:\/\/lyongeologie.fr\/en\/wp-json\/wp\/v2\/comments?post=8507"}],"version-history":[{"count":28,"href":"https:\/\/lyongeologie.fr\/en\/wp-json\/wp\/v2\/pages\/8507\/revisions"}],"predecessor-version":[{"id":18593,"href":"https:\/\/lyongeologie.fr\/en\/wp-json\/wp\/v2\/pages\/8507\/revisions\/18593"}],"up":[{"embeddable":true,"href":"https:\/\/lyongeologie.fr\/en\/wp-json\/wp\/v2\/pages\/501"}],"wp:attachment":[{"href":"https:\/\/lyongeologie.fr\/en\/wp-json\/wp\/v2\/media?parent=8507"}],"curies":[{"name":"wp","href":"https:\/\/api.w.org\/{rel}","templated":true}]}}