{"id":8481,"date":"2022-02-07T21:42:11","date_gmt":"2022-02-07T20:42:11","guid":{"rendered":"https:\/\/lyon-geologie.univ-lyon1.fr\/?page_id=8481"},"modified":"2025-04-11T16:58:37","modified_gmt":"2025-04-11T14:58:37","slug":"l3m-gag","status":"publish","type":"page","link":"https:\/\/lyongeologie.fr\/en\/l3-mag\/l3m-gag\/","title":{"rendered":"L3 GEONAT G\u00e9otechnique &#038; G\u00e9ophysique Appliqu\u00e9e"},"content":{"rendered":"<div data-elementor-type=\"wp-page\" data-elementor-id=\"8481\" class=\"elementor elementor-8481\">\n\t\t\t\t\t\t<section class=\"elementor-section elementor-top-section elementor-element elementor-element-6cc0d5fe elementor-section-boxed elementor-section-height-default elementor-section-height-default\" data-id=\"6cc0d5fe\" data-element_type=\"section\" data-e-type=\"section\">\n\t\t\t\t\t\t<div class=\"elementor-container elementor-column-gap-default\">\n\t\t\t\t\t<div class=\"elementor-column elementor-col-100 elementor-top-column elementor-element elementor-element-6dff6ce3\" data-id=\"6dff6ce3\" data-element_type=\"column\" data-e-type=\"column\">\n\t\t\t<div class=\"elementor-widget-wrap elementor-element-populated\">\n\t\t\t\t\t\t<div class=\"elementor-element elementor-element-20c8b007 elementor-widget elementor-widget-text-editor\" data-id=\"20c8b007\" data-element_type=\"widget\" data-e-type=\"widget\" data-widget_type=\"text-editor.default\">\n\t\t\t\t<div class=\"elementor-widget-container\">\n\t\t\t\t\t\t\t\t\t<h2><strong>G\u00e9otechnique &amp; G\u00e9ophysique appliqu\u00e9e<\/strong><\/h2>\t\t\t\t\t\t\t\t<\/div>\n\t\t\t\t<\/div>\n\t\t\t\t\t<\/div>\n\t\t<\/div>\n\t\t\t\t\t<\/div>\n\t\t<\/section>\n\t\t\t\t<section class=\"elementor-section elementor-top-section elementor-element elementor-element-3b314d0b elementor-section-boxed elementor-section-height-default elementor-section-height-default\" data-id=\"3b314d0b\" data-element_type=\"section\" data-e-type=\"section\">\n\t\t\t\t\t\t<div class=\"elementor-container elementor-column-gap-default\">\n\t\t\t\t\t<div class=\"elementor-column elementor-col-33 elementor-top-column elementor-element elementor-element-26b2dcab\" data-id=\"26b2dcab\" data-element_type=\"column\" data-e-type=\"column\">\n\t\t\t<div class=\"elementor-widget-wrap elementor-element-populated\">\n\t\t\t\t\t\t<div class=\"elementor-element elementor-element-29e54889 elementor-widget elementor-widget-text-editor\" data-id=\"29e54889\" data-element_type=\"widget\" data-e-type=\"widget\" data-widget_type=\"text-editor.default\">\n\t\t\t\t<div class=\"elementor-widget-container\">\n\t\t\t\t\t\t\t\t\t<p style=\"text-align: center;\"><em>Credits:<\/em> 6 ECTS<\/p>\n<p style=\"text-align: center;\"><em>Contact: <a href=\"mailto:marianne.metois@univ-lyon1.fr\">Marianne M\u00c9TOIS<\/a>\n<\/em><\/p>\t\t\t\t\t\t\t\t<\/div>\n\t\t\t\t<\/div>\n\t\t\t\t<div class=\"elementor-element elementor-element-1e9209ec elementor-widget elementor-widget-image\" data-id=\"1e9209ec\" data-element_type=\"widget\" data-e-type=\"widget\" data-widget_type=\"image.default\">\n\t\t\t\t<div class=\"elementor-widget-container\">\n\t\t\t\t\t\t\t\t\t\t\t\t\t\t\t<img decoding=\"async\" width=\"150\" height=\"150\" src=\"https:\/\/lyongeologie.fr\/wp-content\/uploads\/2022\/02\/marianne_metois.png\" class=\"attachment-large size-large wp-image-8907\" alt=\"\" \/>\t\t\t\t\t\t\t\t\t\t\t\t\t\t\t<\/div>\n\t\t\t\t<\/div>\n\t\t\t\t<div class=\"elementor-element elementor-element-7751095c elementor-align-center elementor-widget elementor-widget-button\" data-id=\"7751095c\" data-element_type=\"widget\" data-e-type=\"widget\" data-widget_type=\"button.default\">\n\t\t\t\t<div class=\"elementor-widget-container\">\n\t\t\t\t\t\t\t\t\t<div class=\"elementor-button-wrapper\">\n\t\t\t\t\t<a class=\"elementor-button elementor-button-link elementor-size-sm\" href=\"https:\/\/lyon-geologie.univ-lyon1.fr\/l3-mag\/#l3mag_tc\">\n\t\t\t\t\t\t<span class=\"elementor-button-content-wrapper\">\n\t\t\t\t\t\t\t\t\t<span class=\"elementor-button-text\">Back to the previous page<\/span>\n\t\t\t\t\t<\/span>\n\t\t\t\t\t<\/a>\n\t\t\t\t<\/div>\n\t\t\t\t\t\t\t\t<\/div>\n\t\t\t\t<\/div>\n\t\t\t\t\t<\/div>\n\t\t<\/div>\n\t\t\t\t<div class=\"elementor-column elementor-col-66 elementor-top-column elementor-element elementor-element-3f13a322\" data-id=\"3f13a322\" data-element_type=\"column\" data-e-type=\"column\">\n\t\t\t<div class=\"elementor-widget-wrap elementor-element-populated\">\n\t\t\t\t\t\t<div class=\"elementor-element elementor-element-2b3a3fbf elementor-widget elementor-widget-text-editor\" data-id=\"2b3a3fbf\" data-element_type=\"widget\" data-e-type=\"widget\" data-widget_type=\"text-editor.default\">\n\t\t\t\t<div class=\"elementor-widget-container\">\n\t\t\t\t\t\t\t\t\t<p>Cette UE vous permettra de mettre en application les concepts fondamentaux \u00e9tudi\u00e9s en L2 <a href=\"https:\/\/lyon-geologie.univ-lyon1.fr\/l2-geosciences\/l2-geophy\/\">Introduction \u00e0 la g\u00e9ophysique.<\/a> Vous apprendrez \u00e0 ma\u00eetriser les m\u00e9thodes usuelles de <strong>prospection g\u00e9ophysique<\/strong> (g\u00e9oradar, sismique, ERT, g\u00e9od\u00e9sie, magn\u00e9tisme) ainsi que les <strong>bases th\u00e9oriques et pratiques en g\u00e9otechnique<\/strong> (structure et propri\u00e9t\u00e9s des sols, hydraulique, contraintes, d\u00e9formations, surcharge, tassement).<\/p><p>Elle repose sur un grand nombre de cours\/TD int\u00e9gr\u00e9s (16h de CM, 17h de TD) et sur un important travail de groupe en salle (8h TP) et sur le terrain (une journ\u00e9e de terrain) aboutissant \u00e0 un rapport et une pr\u00e9sentation orale. Les <strong>donn\u00e9es acquises sur le terrain<\/strong> sont trait\u00e9es en salle, ce qui permet aux \u00e9tudiant-es de ma\u00eetriser les \u00e9tapes de traitement et post-traitement.<\/p><p>L\u2019UE est \u00e9valu\u00e9e en contr\u00f4le continu int\u00e9gral : 5 notes de contr\u00f4le continu et un contr\u00f4le terminal sous la forme d\u2019un rapport et d\u2019une pr\u00e9sentation orale bas\u00e9e sur les observations de terrain.<\/p>\t\t\t\t\t\t\t\t<\/div>\n\t\t\t\t<\/div>\n\t\t\t\t<div class=\"elementor-element elementor-element-d6f8334 elementor-widget elementor-widget-image\" data-id=\"d6f8334\" data-element_type=\"widget\" data-e-type=\"widget\" data-widget_type=\"image.default\">\n\t\t\t\t<div class=\"elementor-widget-container\">\n\t\t\t\t\t\t\t\t\t\t\t\t<figure class=\"wp-caption\">\n\t\t\t\t\t\t\t\t\t\t<img fetchpriority=\"high\" decoding=\"async\" width=\"834\" height=\"264\" src=\"https:\/\/lyongeologie.fr\/wp-content\/uploads\/2022\/02\/GAG.png\" class=\"attachment-large size-large wp-image-8495\" alt=\"\" srcset=\"https:\/\/lyongeologie.fr\/wp-content\/uploads\/2022\/02\/GAG.png 834w, https:\/\/lyongeologie.fr\/wp-content\/uploads\/2022\/02\/GAG-300x95.png 300w, https:\/\/lyongeologie.fr\/wp-content\/uploads\/2022\/02\/GAG-768x243.png 768w\" sizes=\"(max-width: 834px) 100vw, 834px\" \/>\t\t\t\t\t\t\t\t\t\t\t<figcaption class=\"widget-image-caption wp-caption-text\"><i><small>Terrain de g\u00e9ophysique et aper\u00e7us d\u2019un radargramme (droite) et d\u2019une structure de sol de perm\u00e9abilit\u00e9 variable (gauche).<\/small><\/i><\/figcaption>\n\t\t\t\t\t\t\t\t\t\t<\/figure>\n\t\t\t\t\t\t\t\t\t<\/div>\n\t\t\t\t<\/div>\n\t\t\t\t\t<\/div>\n\t\t<\/div>\n\t\t\t\t\t<\/div>\n\t\t<\/section>\n\t\t\t\t<section class=\"elementor-section elementor-top-section elementor-element elementor-element-1d599ae6 elementor-section-boxed elementor-section-height-default elementor-section-height-default\" data-id=\"1d599ae6\" data-element_type=\"section\" data-e-type=\"section\">\n\t\t\t\t\t\t<div class=\"elementor-container elementor-column-gap-default\">\n\t\t\t\t\t<div class=\"elementor-column elementor-col-100 elementor-top-column elementor-element elementor-element-1526df31\" data-id=\"1526df31\" data-element_type=\"column\" data-e-type=\"column\">\n\t\t\t<div class=\"elementor-widget-wrap\">\n\t\t\t\t\t\t\t<\/div>\n\t\t<\/div>\n\t\t\t\t\t<\/div>\n\t\t<\/section>\n\t\t\t\t<\/div>","protected":false},"excerpt":{"rendered":"<p>G\u00e9otechnique &amp; G\u00e9ophysique appliqu\u00e9e Cr\u00e9dits : 6 ECTS Responsable : Marianne M\u00c9TOIS Retour \u00e0 la liste des UEs Cette UE vous permettra de mettre en application les concepts fondamentaux \u00e9tudi\u00e9s en L2 Introduction \u00e0 la g\u00e9ophysique. Vous apprendrez \u00e0 ma\u00eetriser les m\u00e9thodes usuelles de prospection g\u00e9ophysique (g\u00e9oradar, sismique, ERT, g\u00e9od\u00e9sie, magn\u00e9tisme) ainsi que les bases [&hellip;]<\/p>\n","protected":false},"author":7,"featured_media":0,"parent":501,"menu_order":0,"comment_status":"closed","ping_status":"closed","template":"","meta":{"site-sidebar-layout":"no-sidebar","site-content-layout":"page-builder","ast-site-content-layout":"default","site-content-style":"default","site-sidebar-style":"default","ast-global-header-display":"","ast-banner-title-visibility":"","ast-main-header-display":"","ast-hfb-above-header-display":"","ast-hfb-below-header-display":"","ast-hfb-mobile-header-display":"","site-post-title":"disabled","ast-breadcrumbs-content":"","ast-featured-img":"disabled","footer-sml-layout":"","ast-disable-related-posts":"","theme-transparent-header-meta":"","adv-header-id-meta":"","stick-header-meta":"","header-above-stick-meta":"","header-main-stick-meta":"","header-below-stick-meta":"","astra-migrate-meta-layouts":"default","ast-page-background-enabled":"default","ast-page-background-meta":{"desktop":{"background-color":"var(--ast-global-color-4)","background-image":"","background-repeat":"repeat","background-position":"center center","background-size":"auto","background-attachment":"scroll","background-type":"","background-media":"","overlay-type":"","overlay-color":"","overlay-opacity":"","overlay-gradient":""},"tablet":{"background-color":"","background-image":"","background-repeat":"repeat","background-position":"center center","background-size":"auto","background-attachment":"scroll","background-type":"","background-media":"","overlay-type":"","overlay-color":"","overlay-opacity":"","overlay-gradient":""},"mobile":{"background-color":"","background-image":"","background-repeat":"repeat","background-position":"center center","background-size":"auto","background-attachment":"scroll","background-type":"","background-media":"","overlay-type":"","overlay-color":"","overlay-opacity":"","overlay-gradient":""}},"ast-content-background-meta":{"desktop":{"background-color":"var(--ast-global-color-5)","background-image":"","background-repeat":"repeat","background-position":"center center","background-size":"auto","background-attachment":"scroll","background-type":"","background-media":"","overlay-type":"","overlay-color":"","overlay-opacity":"","overlay-gradient":""},"tablet":{"background-color":"var(--ast-global-color-5)","background-image":"","background-repeat":"repeat","background-position":"center center","background-size":"auto","background-attachment":"scroll","background-type":"","background-media":"","overlay-type":"","overlay-color":"","overlay-opacity":"","overlay-gradient":""},"mobile":{"background-color":"var(--ast-global-color-5)","background-image":"","background-repeat":"repeat","background-position":"center center","background-size":"auto","background-attachment":"scroll","background-type":"","background-media":"","overlay-type":"","overlay-color":"","overlay-opacity":"","overlay-gradient":""}},"footnotes":""},"class_list":["post-8481","page","type-page","status-publish","hentry"],"_links":{"self":[{"href":"https:\/\/lyongeologie.fr\/en\/wp-json\/wp\/v2\/pages\/8481","targetHints":{"allow":["GET"]}}],"collection":[{"href":"https:\/\/lyongeologie.fr\/en\/wp-json\/wp\/v2\/pages"}],"about":[{"href":"https:\/\/lyongeologie.fr\/en\/wp-json\/wp\/v2\/types\/page"}],"author":[{"embeddable":true,"href":"https:\/\/lyongeologie.fr\/en\/wp-json\/wp\/v2\/users\/7"}],"replies":[{"embeddable":true,"href":"https:\/\/lyongeologie.fr\/en\/wp-json\/wp\/v2\/comments?post=8481"}],"version-history":[{"count":19,"href":"https:\/\/lyongeologie.fr\/en\/wp-json\/wp\/v2\/pages\/8481\/revisions"}],"predecessor-version":[{"id":18599,"href":"https:\/\/lyongeologie.fr\/en\/wp-json\/wp\/v2\/pages\/8481\/revisions\/18599"}],"up":[{"embeddable":true,"href":"https:\/\/lyongeologie.fr\/en\/wp-json\/wp\/v2\/pages\/501"}],"wp:attachment":[{"href":"https:\/\/lyongeologie.fr\/en\/wp-json\/wp\/v2\/media?parent=8481"}],"curies":[{"name":"wp","href":"https:\/\/api.w.org\/{rel}","templated":true}]}}