{"id":7789,"date":"2022-02-06T12:08:51","date_gmt":"2022-02-06T11:08:51","guid":{"rendered":"https:\/\/lyon-geologie.univ-lyon1.fr\/?page_id=7789"},"modified":"2022-02-14T17:02:20","modified_gmt":"2022-02-14T16:02:20","slug":"tem-salas-morillas","status":"publish","type":"page","link":"https:\/\/lyongeologie.fr\/en\/temoignages\/tem-salas-morillas\/","title":{"rendered":"Portrait Julia S."},"content":{"rendered":"<div data-elementor-type=\"wp-page\" data-elementor-id=\"7789\" class=\"elementor elementor-7789\">\n\t\t\t\t\t\t<section class=\"elementor-section elementor-top-section elementor-element elementor-element-acbdb9f elementor-section-boxed elementor-section-height-default elementor-section-height-default\" data-id=\"acbdb9f\" data-element_type=\"section\" data-e-type=\"section\">\n\t\t\t\t\t\t<div class=\"elementor-container elementor-column-gap-default\">\n\t\t\t\t\t<div class=\"elementor-column elementor-col-33 elementor-top-column elementor-element elementor-element-faf9f34\" data-id=\"faf9f34\" data-element_type=\"column\" data-e-type=\"column\">\n\t\t\t<div class=\"elementor-widget-wrap elementor-element-populated\">\n\t\t\t\t\t\t<div class=\"elementor-element elementor-element-bb74b06 elementor-widget elementor-widget-heading\" data-id=\"bb74b06\" data-element_type=\"widget\" data-e-type=\"widget\" data-widget_type=\"heading.default\">\n\t\t\t\t<div class=\"elementor-widget-container\">\n\t\t\t\t\t<h3 class=\"elementor-heading-title elementor-size-default\">Julia Salas-Morillas<\/h3>\t\t\t\t<\/div>\n\t\t\t\t<\/div>\n\t\t\t\t\t<\/div>\n\t\t<\/div>\n\t\t\t\t<div class=\"elementor-column elementor-col-66 elementor-top-column elementor-element elementor-element-506ca89\" data-id=\"506ca89\" data-element_type=\"column\" data-e-type=\"column\">\n\t\t\t<div class=\"elementor-widget-wrap elementor-element-populated\">\n\t\t\t\t\t\t<div class=\"elementor-element elementor-element-a6e2780 elementor-widget elementor-widget-heading\" data-id=\"a6e2780\" data-element_type=\"widget\" data-e-type=\"widget\" data-widget_type=\"heading.default\">\n\t\t\t\t<div class=\"elementor-widget-container\">\n\t\t\t\t\t<h3 class=\"elementor-heading-title elementor-size-default\"><i>Cartographe - SIGiste<\/i><\/h3>\t\t\t\t<\/div>\n\t\t\t\t<\/div>\n\t\t\t\t\t<\/div>\n\t\t<\/div>\n\t\t\t\t\t<\/div>\n\t\t<\/section>\n\t\t\t\t<section class=\"elementor-section elementor-top-section elementor-element elementor-element-258450f8 elementor-section-boxed elementor-section-height-default elementor-section-height-default\" data-id=\"258450f8\" data-element_type=\"section\" data-e-type=\"section\">\n\t\t\t\t\t\t<div class=\"elementor-container elementor-column-gap-default\">\n\t\t\t\t\t<div class=\"elementor-column elementor-col-33 elementor-top-column elementor-element elementor-element-60143851\" data-id=\"60143851\" data-element_type=\"column\" data-e-type=\"column\">\n\t\t\t<div class=\"elementor-widget-wrap elementor-element-populated\">\n\t\t\t\t\t\t<div class=\"elementor-element elementor-element-3003e17 elementor-widget elementor-widget-image\" data-id=\"3003e17\" data-element_type=\"widget\" data-e-type=\"widget\" data-widget_type=\"image.default\">\n\t\t\t\t<div class=\"elementor-widget-container\">\n\t\t\t\t\t\t\t\t\t\t\t\t<figure class=\"wp-caption\">\n\t\t\t\t\t\t\t\t\t\t\t<a href=\"https:\/\/www.linkedin.com\/in\/julia-salas-morillas-5727511b9\/\">\n\t\t\t\t\t\t\t<img decoding=\"async\" width=\"151\" height=\"151\" src=\"https:\/\/lyongeologie.fr\/wp-content\/uploads\/2022\/02\/salas_morillas.png\" class=\"attachment-large size-large wp-image-7773\" alt=\"\" \/>\t\t\t\t\t\t\t\t<\/a>\n\t\t\t\t\t\t\t\t\t\t\t<figcaption class=\"widget-image-caption wp-caption-text\"><a href=\"https:\/\/www.linkedin.com\/in\/julia-salas-morillas-5727511b9\/\">Son profil LinkedIn<\/a><\/figcaption>\n\t\t\t\t\t\t\t\t\t\t<\/figure>\n\t\t\t\t\t\t\t\t\t<\/div>\n\t\t\t\t<\/div>\n\t\t\t\t<div class=\"elementor-element elementor-element-5f112e24 elementor-align-center elementor-widget elementor-widget-button\" data-id=\"5f112e24\" data-element_type=\"widget\" data-e-type=\"widget\" data-widget_type=\"button.default\">\n\t\t\t\t<div class=\"elementor-widget-container\">\n\t\t\t\t\t\t\t\t\t<div class=\"elementor-button-wrapper\">\n\t\t\t\t\t<a class=\"elementor-button elementor-button-link elementor-size-sm\" href=\"http:\/\/lyon-geologie.univ-lyon1.fr\/temoignages\/#tem_salas\">\n\t\t\t\t\t\t<span class=\"elementor-button-content-wrapper\">\n\t\t\t\t\t\t\t\t\t<span class=\"elementor-button-text\">Retour aux t\u00e9moignages<\/span>\n\t\t\t\t\t<\/span>\n\t\t\t\t\t<\/a>\n\t\t\t\t<\/div>\n\t\t\t\t\t\t\t\t<\/div>\n\t\t\t\t<\/div>\n\t\t\t\t\t<\/div>\n\t\t<\/div>\n\t\t\t\t<div class=\"elementor-column elementor-col-66 elementor-top-column elementor-element elementor-element-1da08998\" data-id=\"1da08998\" data-element_type=\"column\" data-e-type=\"column\">\n\t\t\t<div class=\"elementor-widget-wrap elementor-element-populated\">\n\t\t\t\t\t\t<div class=\"elementor-element elementor-element-3d483414 elementor-widget elementor-widget-text-editor\" data-id=\"3d483414\" data-element_type=\"widget\" data-e-type=\"widget\" data-widget_type=\"text-editor.default\">\n\t\t\t\t<div class=\"elementor-widget-container\">\n\t\t\t\t\t\t\t\t\t<h4>Mon parcours<\/h4><ul><li><span dir=\"ltr\" role=\"presentation\">2016-2019 : Universit\u00e9 de Granada (Espagne), licence en G\u00e9ologie<\/span><\/li><li><span dir=\"ltr\" role=\"presentation\">2019-2020 : <strong>Erasmus \u00e0 Lyon ;\u00a0 Parcours L3 G\u00e9osciences<\/strong><\/span><\/li><li><span dir=\"ltr\" role=\"presentation\">2020-2021: <strong>L3 MAG, Lyon<\/strong><\/span><\/li><\/ul><h4><span dir=\"ltr\" role=\"presentation\">Aujourd&rsquo;hui, je suis&#8230; <\/span><\/h4><p>&#8230; cartographe-SIGiste<sup>*<\/sup> au niveau technicien. J\u2019ai eu diff\u00e9rentes exp\u00e9riences telles que la gestion de g\u00e9odatabases, la gestion de bases de donn\u00e9es et la migration des donn\u00e9es vers une plateforme cartographique (gr\u00e2ce aux outils de cr\u00e9ation d\u2019application web de la gamme ESRI).<\/p><p>J\u2019ai \u00e9galement eu de l\u2019exp\u00e9rience en tant que photo-interpr\u00e8te. J\u2019ai r\u00e9alis\u00e9 des cartographies de l\u2019occupation de sols en comparaison avec plusieurs ann\u00e9es de prise de vue, ce qui permet de faire de l\u2019analyse et comparaison du d\u00e9veloppement urbain, changement de v\u00e9g\u00e9tation et des rivi\u00e8res qui permet aussi de voir l\u2019impact climatique.<span style=\"font-size: small;\"><br \/><\/span><\/p><p><span style=\"font-size: small;\">* SIG (Syst\u00e8mes d&rsquo;Information G\u00e9ographique) : logiciels de traitement de donn\u00e9es spatiales.<\/span><\/p><h4>Ma formation \u00e0 Lyon<\/h4><p>Ma formation a \u00e9t\u00e9 tr\u00e8s riche en cartographie : lors de mon stage en 2020 (UE <em>Initiation \u00e0 la <\/em><em>recherche<\/em>), en L3-MAG lors de plusieurs UEs et lors de mon stage en entreprise. <span dir=\"ltr\" role=\"presentation\">Je retiens un parcours tr\u00e8s complet, depuis la g\u00e9ologie jusqu\u2019\u00e0 l\u2019approche m\u00e9tier des UEs <\/span><span dir=\"ltr\" role=\"presentation\">que l\u2019on peut retrouver dans le monde de l\u2019entreprise.<\/span><\/p><h4>Des conseils ?<\/h4><p><span dir=\"ltr\" role=\"presentation\">Mon conseil pour les futur.e.s \u00e9tudiant.e.s d\u00e9pend vraiment du contexte. Si votre objectif est de <\/span><span dir=\"ltr\" role=\"presentation\">faire de la recherche, ne vous sp\u00e9cialisez pas trop vite. Prenez bien en main toutes les <\/span><span dir=\"ltr\" role=\"presentation\">connaissances et profitez des options que votre parcours vous offre pour trouver une\u00a0 <\/span><span dir=\"ltr\" role=\"presentation\">direction. <\/span> <br \/><br role=\"presentation\" \/><span dir=\"ltr\" role=\"presentation\">Le conseil que je donne pour vraiment tou.te.s les \u00e9tudiant.e.s est de bien choisir son stage. <\/span><span dir=\"ltr\" role=\"presentation\">Parfois on croit que c\u2019est 1) je trouve un stage 2) je valide mon ann\u00e9e et basta, mais si on <\/span><span dir=\"ltr\" role=\"presentation\">prend soin de faire une belle candidature pour le m\u00e9tier qui vraiment nous int\u00e9resse, la <\/span><span dir=\"ltr\" role=\"presentation\">recherche d\u2019emploi derri\u00e8re sera un jeu d\u2019enfant. Ne pas s\u2019y prendre \u00e0 la derni\u00e8re minute,\u00a0 <\/span><span dir=\"ltr\" role=\"presentation\">\u00e9couter les conseils de vos enseignants lors de la r\u00e9daction de votre CV et lettre de <\/span><span dir=\"ltr\" role=\"presentation\">motivation est essentiel !\u00a0<\/span><\/p><div>\u00a0<\/div><p>\u00a0<\/p>\t\t\t\t\t\t\t\t<\/div>\n\t\t\t\t<\/div>\n\t\t\t\t\t<\/div>\n\t\t<\/div>\n\t\t\t\t\t<\/div>\n\t\t<\/section>\n\t\t\t\t<section class=\"elementor-section elementor-top-section elementor-element elementor-element-74f4fa09 elementor-section-boxed elementor-section-height-default elementor-section-height-default\" data-id=\"74f4fa09\" data-element_type=\"section\" data-e-type=\"section\">\n\t\t\t\t\t\t<div class=\"elementor-container elementor-column-gap-default\">\n\t\t\t\t\t<div class=\"elementor-column elementor-col-100 elementor-top-column elementor-element elementor-element-78a473d3\" data-id=\"78a473d3\" data-element_type=\"column\" data-e-type=\"column\">\n\t\t\t<div class=\"elementor-widget-wrap\">\n\t\t\t\t\t\t\t<\/div>\n\t\t<\/div>\n\t\t\t\t\t<\/div>\n\t\t<\/section>\n\t\t\t\t<\/div>","protected":false},"excerpt":{"rendered":"<p>Julia Salas-Morillas Cartographe &#8211; SIGiste Son profil LinkedIn Retour aux t\u00e9moignages Mon parcours 2016-2019 : Universit\u00e9 de Granada (Espagne), licence en G\u00e9ologie 2019-2020 : Erasmus \u00e0 Lyon ;\u00a0 Parcours L3 G\u00e9osciences 2020-2021: L3 MAG, Lyon Aujourd&rsquo;hui, je suis&#8230; &#8230; cartographe-SIGiste* au niveau technicien. J\u2019ai eu diff\u00e9rentes exp\u00e9riences telles que la gestion de g\u00e9odatabases, la gestion [&hellip;]<\/p>\n","protected":false},"author":7,"featured_media":0,"parent":1547,"menu_order":0,"comment_status":"closed","ping_status":"closed","template":"","meta":{"site-sidebar-layout":"no-sidebar","site-content-layout":"page-builder","ast-site-content-layout":"default","site-content-style":"default","site-sidebar-style":"default","ast-global-header-display":"","ast-banner-title-visibility":"","ast-main-header-display":"","ast-hfb-above-header-display":"","ast-hfb-below-header-display":"","ast-hfb-mobile-header-display":"","site-post-title":"disabled","ast-breadcrumbs-content":"","ast-featured-img":"disabled","footer-sml-layout":"","ast-disable-related-posts":"","theme-transparent-header-meta":"","adv-header-id-meta":"","stick-header-meta":"","header-above-stick-meta":"","header-main-stick-meta":"","header-below-stick-meta":"","astra-migrate-meta-layouts":"default","ast-page-background-enabled":"default","ast-page-background-meta":{"desktop":{"background-color":"var(--ast-global-color-4)","background-image":"","background-repeat":"repeat","background-position":"center center","background-size":"auto","background-attachment":"scroll","background-type":"","background-media":"","overlay-type":"","overlay-color":"","overlay-opacity":"","overlay-gradient":""},"tablet":{"background-color":"","background-image":"","background-repeat":"repeat","background-position":"center center","background-size":"auto","background-attachment":"scroll","background-type":"","background-media":"","overlay-type":"","overlay-color":"","overlay-opacity":"","overlay-gradient":""},"mobile":{"background-color":"","background-image":"","background-repeat":"repeat","background-position":"center center","background-size":"auto","background-attachment":"scroll","background-type":"","background-media":"","overlay-type":"","overlay-color":"","overlay-opacity":"","overlay-gradient":""}},"ast-content-background-meta":{"desktop":{"background-color":"var(--ast-global-color-5)","background-image":"","background-repeat":"repeat","background-position":"center center","background-size":"auto","background-attachment":"scroll","background-type":"","background-media":"","overlay-type":"","overlay-color":"","overlay-opacity":"","overlay-gradient":""},"tablet":{"background-color":"var(--ast-global-color-5)","background-image":"","background-repeat":"repeat","background-position":"center center","background-size":"auto","background-attachment":"scroll","background-type":"","background-media":"","overlay-type":"","overlay-color":"","overlay-opacity":"","overlay-gradient":""},"mobile":{"background-color":"var(--ast-global-color-5)","background-image":"","background-repeat":"repeat","background-position":"center center","background-size":"auto","background-attachment":"scroll","background-type":"","background-media":"","overlay-type":"","overlay-color":"","overlay-opacity":"","overlay-gradient":""}},"footnotes":""},"class_list":["post-7789","page","type-page","status-publish","hentry"],"_links":{"self":[{"href":"https:\/\/lyongeologie.fr\/en\/wp-json\/wp\/v2\/pages\/7789","targetHints":{"allow":["GET"]}}],"collection":[{"href":"https:\/\/lyongeologie.fr\/en\/wp-json\/wp\/v2\/pages"}],"about":[{"href":"https:\/\/lyongeologie.fr\/en\/wp-json\/wp\/v2\/types\/page"}],"author":[{"embeddable":true,"href":"https:\/\/lyongeologie.fr\/en\/wp-json\/wp\/v2\/users\/7"}],"replies":[{"embeddable":true,"href":"https:\/\/lyongeologie.fr\/en\/wp-json\/wp\/v2\/comments?post=7789"}],"version-history":[{"count":77,"href":"https:\/\/lyongeologie.fr\/en\/wp-json\/wp\/v2\/pages\/7789\/revisions"}],"predecessor-version":[{"id":13329,"href":"https:\/\/lyongeologie.fr\/en\/wp-json\/wp\/v2\/pages\/7789\/revisions\/13329"}],"up":[{"embeddable":true,"href":"https:\/\/lyongeologie.fr\/en\/wp-json\/wp\/v2\/pages\/1547"}],"wp:attachment":[{"href":"https:\/\/lyongeologie.fr\/en\/wp-json\/wp\/v2\/media?parent=7789"}],"curies":[{"name":"wp","href":"https:\/\/api.w.org\/{rel}","templated":true}]}}