{"id":7587,"date":"2022-02-04T20:33:02","date_gmt":"2022-02-04T19:33:02","guid":{"rendered":"https:\/\/lyon-geologie.univ-lyon1.fr\/?page_id=7587"},"modified":"2023-01-17T12:12:35","modified_gmt":"2023-01-17T11:12:35","slug":"m1_syst_pal","status":"publish","type":"page","link":"https:\/\/lyongeologie.fr\/en\/m1-geosciences\/m1_syst_pal\/","title":{"rendered":"M1 Pal\u00e9obiologie syst\u00e9matique"},"content":{"rendered":"\t\t<div data-elementor-type=\"wp-page\" data-elementor-id=\"7587\" class=\"elementor elementor-7587\">\n\t\t\t\t\t\t<section class=\"elementor-section elementor-top-section elementor-element elementor-element-c675151 elementor-section-boxed elementor-section-height-default elementor-section-height-default\" data-id=\"c675151\" data-element_type=\"section\" data-e-type=\"section\">\n\t\t\t\t\t\t<div class=\"elementor-container elementor-column-gap-default\">\n\t\t\t\t\t<div class=\"elementor-column elementor-col-100 elementor-top-column elementor-element elementor-element-38243f2\" data-id=\"38243f2\" data-element_type=\"column\" data-e-type=\"column\">\n\t\t\t<div class=\"elementor-widget-wrap elementor-element-populated\">\n\t\t\t\t\t\t<div class=\"elementor-element elementor-element-40abb291 elementor-widget elementor-widget-text-editor\" data-id=\"40abb291\" data-element_type=\"widget\" data-e-type=\"widget\" data-widget_type=\"text-editor.default\">\n\t\t\t\t<div class=\"elementor-widget-container\">\n\t\t\t\t\t\t\t\t\t<h2><strong>M\u00e9thodes en (Pal\u00e9o)biologie syst\u00e9matique<br \/><\/strong><\/h2>\t\t\t\t\t\t\t\t<\/div>\n\t\t\t\t<\/div>\n\t\t\t\t\t<\/div>\n\t\t<\/div>\n\t\t\t\t\t<\/div>\n\t\t<\/section>\n\t\t\t\t<section class=\"elementor-section elementor-top-section elementor-element elementor-element-74db773f elementor-section-boxed elementor-section-height-default elementor-section-height-default\" data-id=\"74db773f\" data-element_type=\"section\" data-e-type=\"section\">\n\t\t\t\t\t\t<div class=\"elementor-container elementor-column-gap-default\">\n\t\t\t\t\t<div class=\"elementor-column elementor-col-33 elementor-top-column elementor-element elementor-element-6efac7d4\" data-id=\"6efac7d4\" data-element_type=\"column\" data-e-type=\"column\">\n\t\t\t<div class=\"elementor-widget-wrap elementor-element-populated\">\n\t\t\t\t\t\t<div class=\"elementor-element elementor-element-68baea1 elementor-widget elementor-widget-text-editor\" data-id=\"68baea1\" data-element_type=\"widget\" data-e-type=\"widget\" data-widget_type=\"text-editor.default\">\n\t\t\t\t<div class=\"elementor-widget-container\">\n\t\t\t\t\t\t\t\t\t<p style=\"text-align: center;\"><em>Cr\u00e9dits : 3 ECTS<\/em><\/p><p style=\"text-align: center;\"><em>Responsable : <a href=\"mailto:gilles.escarguel@univ-lyon1.fr\">Gilles ESCARGUEL<\/a><br \/><\/em><\/p>\t\t\t\t\t\t\t\t<\/div>\n\t\t\t\t<\/div>\n\t\t\t\t<div class=\"elementor-element elementor-element-43f45bc0 elementor-widget elementor-widget-image\" data-id=\"43f45bc0\" data-element_type=\"widget\" data-e-type=\"widget\" data-widget_type=\"image.default\">\n\t\t\t\t<div class=\"elementor-widget-container\">\n\t\t\t\t\t\t\t\t\t\t\t\t\t\t\t<img decoding=\"async\" width=\"150\" height=\"150\" src=\"https:\/\/lyongeologie.fr\/wp-content\/uploads\/2022\/02\/Gilles_Escarguel.png\" class=\"attachment-large size-large wp-image-8897\" alt=\"\" \/>\t\t\t\t\t\t\t\t\t\t\t\t\t\t\t<\/div>\n\t\t\t\t<\/div>\n\t\t\t\t<div class=\"elementor-element elementor-element-17c8ef72 elementor-align-center elementor-widget elementor-widget-button\" data-id=\"17c8ef72\" data-element_type=\"widget\" data-e-type=\"widget\" data-widget_type=\"button.default\">\n\t\t\t\t<div class=\"elementor-widget-container\">\n\t\t\t\t\t\t\t\t\t<div class=\"elementor-button-wrapper\">\n\t\t\t\t\t<a class=\"elementor-button elementor-button-link elementor-size-sm\" href=\"https:\/\/lyon-geologie.univ-lyon1.fr\/m1-geosciences\/#m1_opt\">\n\t\t\t\t\t\t<span class=\"elementor-button-content-wrapper\">\n\t\t\t\t\t\t\t\t\t<span class=\"elementor-button-text\">Retour \u00e0 la liste des UEs<\/span>\n\t\t\t\t\t<\/span>\n\t\t\t\t\t<\/a>\n\t\t\t\t<\/div>\n\t\t\t\t\t\t\t\t<\/div>\n\t\t\t\t<\/div>\n\t\t\t\t\t<\/div>\n\t\t<\/div>\n\t\t\t\t<div class=\"elementor-column elementor-col-66 elementor-top-column elementor-element elementor-element-66cea4e5\" data-id=\"66cea4e5\" data-element_type=\"column\" data-e-type=\"column\">\n\t\t\t<div class=\"elementor-widget-wrap elementor-element-populated\">\n\t\t\t\t\t\t<div class=\"elementor-element elementor-element-63b573db elementor-widget elementor-widget-text-editor\" data-id=\"63b573db\" data-element_type=\"widget\" data-e-type=\"widget\" data-widget_type=\"text-editor.default\">\n\t\t\t\t<div class=\"elementor-widget-container\">\n\t\t\t\t\t\t\t\t\t<p>En biologie comme en pal\u00e9ontologie, l\u2019\u00e9chantillonnage, la description, l\u2019identification, la comparaison et finalement la conservation (archivage) d\u2019organismes et de taxons impliquent diff\u00e9rentes r\u00e8gles, conventions et m\u00e9thodes que cette UE vous propose de d\u00e9couvrir en combinant quatre objectifs compl\u00e9mentaires :<\/p><ul><li style=\"list-style-type: none;\"><ul><li style=\"list-style-type: none;\"><ul><li>Conna\u00eetre et appliquer les concepts d\u2019esp\u00e8ces en biologie et en pal\u00e9ontologie, ainsi que les Codes internationaux de nomenclature zoologique (ICZN) et botanique (ICBN) ;<\/li><li>Conna\u00eetre le cadre l\u00e9gislatif, scientifique et mus\u00e9ographique des collections de pal\u00e9ontologie ;<\/li><li>Ma\u00eetriser les concepts, m\u00e9thodes et outils num\u00e9riques en pal\u00e9ontologie pour d\u00e9crire et comparer quantitativement des fossiles (approches classiques et g\u00e9om\u00e9triques de la morphom\u00e9trie) et \u00e9tablir leurs relations de parent\u00e9s (Maximum de Parcimonie, Inf\u00e9rence Bayesienne), depuis l\u2019acquisition des donn\u00e9es jusqu\u2019\u00e0 l\u2019interpr\u00e9tation des r\u00e9sultats et leurs limites ;<\/li><li>S\u2019initier aux m\u00e9thodes phylog\u00e9n\u00e9tiques comparatives (contrastes ind\u00e9pendants, pGLS, p(M)ANOVA &amp; p(M)ANCOVA).<\/li><\/ul><\/li><\/ul><\/li><\/ul>\t\t\t\t\t\t\t\t<\/div>\n\t\t\t\t<\/div>\n\t\t\t\t<div class=\"elementor-element elementor-element-33f31f56 elementor-widget elementor-widget-image\" data-id=\"33f31f56\" data-element_type=\"widget\" data-e-type=\"widget\" data-widget_type=\"image.default\">\n\t\t\t\t<div class=\"elementor-widget-container\">\n\t\t\t\t\t\t\t\t\t\t\t\t<figure class=\"wp-caption\">\n\t\t\t\t\t\t\t\t\t\t<img fetchpriority=\"high\" decoding=\"async\" width=\"941\" height=\"277\" src=\"https:\/\/lyongeologie.fr\/wp-content\/uploads\/2022\/02\/m1_systpal.png\" class=\"attachment-large size-large wp-image-7591\" alt=\"\" srcset=\"https:\/\/lyongeologie.fr\/wp-content\/uploads\/2022\/02\/m1_systpal.png 941w, https:\/\/lyongeologie.fr\/wp-content\/uploads\/2022\/02\/m1_systpal-300x88.png 300w, https:\/\/lyongeologie.fr\/wp-content\/uploads\/2022\/02\/m1_systpal-768x226.png 768w\" sizes=\"(max-width: 941px) 100vw, 941px\" \/>\t\t\t\t\t\t\t\t\t\t\t<figcaption class=\"widget-image-caption wp-caption-text\"><i><small>Phylog\u00e9nie (gauche) et Analyse en Composantes Principales de la morphologie cr\u00e2nienne 3D corrig\u00e9e pour l\u2019allom\u00e9trie et les relations phylog\u00e9n\u00e9tiques (droite) de divers notongul\u00e9s end\u00e9miques d\u2019Am\u00e9rique du Sud. Les quatre cr\u00e2nes permettent de visualiser les r\u00e9gions en expansion (jaune) et en contraction (violet) identifi\u00e9es par les deux premi\u00e8res composantes principales de l\u2019ACP. Pour exemples : squelette complet d\u2019un Protypotherium [Pt] et reconstitution d\u2019un Mesotherium [Ms].\nSelon Gomez Rodrigues et al. (2018 : figs. 1a, 2d).<\/small><\/i><\/figcaption>\n\t\t\t\t\t\t\t\t\t\t<\/figure>\n\t\t\t\t\t\t\t\t\t<\/div>\n\t\t\t\t<\/div>\n\t\t\t\t\t<\/div>\n\t\t<\/div>\n\t\t\t\t\t<\/div>\n\t\t<\/section>\n\t\t\t\t<section class=\"elementor-section elementor-top-section elementor-element elementor-element-5e27f324 elementor-section-boxed elementor-section-height-default elementor-section-height-default\" data-id=\"5e27f324\" data-element_type=\"section\" data-e-type=\"section\">\n\t\t\t\t\t\t<div class=\"elementor-container elementor-column-gap-default\">\n\t\t\t\t\t<div class=\"elementor-column elementor-col-100 elementor-top-column elementor-element elementor-element-5fbb75fd\" data-id=\"5fbb75fd\" data-element_type=\"column\" data-e-type=\"column\">\n\t\t\t<div class=\"elementor-widget-wrap\">\n\t\t\t\t\t\t\t<\/div>\n\t\t<\/div>\n\t\t\t\t\t<\/div>\n\t\t<\/section>\n\t\t\t\t<\/div>\n\t\t","protected":false},"excerpt":{"rendered":"<p>M\u00e9thodes en (Pal\u00e9o)biologie syst\u00e9matique Cr\u00e9dits : 3 ECTS Responsable : Gilles ESCARGUEL Retour \u00e0 la liste des UEs En biologie comme en pal\u00e9ontologie, l\u2019\u00e9chantillonnage, la description, l\u2019identification, la comparaison et finalement la conservation (archivage) d\u2019organismes et de taxons impliquent diff\u00e9rentes r\u00e8gles, conventions et m\u00e9thodes que cette UE vous propose de d\u00e9couvrir en combinant quatre objectifs [&hellip;]<\/p>\n","protected":false},"author":5,"featured_media":0,"parent":511,"menu_order":0,"comment_status":"closed","ping_status":"closed","template":"","meta":{"site-sidebar-layout":"no-sidebar","site-content-layout":"page-builder","ast-site-content-layout":"default","site-content-style":"default","site-sidebar-style":"default","ast-global-header-display":"","ast-banner-title-visibility":"","ast-main-header-display":"","ast-hfb-above-header-display":"","ast-hfb-below-header-display":"","ast-hfb-mobile-header-display":"","site-post-title":"disabled","ast-breadcrumbs-content":"","ast-featured-img":"disabled","footer-sml-layout":"","ast-disable-related-posts":"","theme-transparent-header-meta":"","adv-header-id-meta":"","stick-header-meta":"","header-above-stick-meta":"","header-main-stick-meta":"","header-below-stick-meta":"","astra-migrate-meta-layouts":"default","ast-page-background-enabled":"default","ast-page-background-meta":{"desktop":{"background-color":"var(--ast-global-color-4)","background-image":"","background-repeat":"repeat","background-position":"center center","background-size":"auto","background-attachment":"scroll","background-type":"","background-media":"","overlay-type":"","overlay-color":"","overlay-opacity":"","overlay-gradient":""},"tablet":{"background-color":"","background-image":"","background-repeat":"repeat","background-position":"center center","background-size":"auto","background-attachment":"scroll","background-type":"","background-media":"","overlay-type":"","overlay-color":"","overlay-opacity":"","overlay-gradient":""},"mobile":{"background-color":"","background-image":"","background-repeat":"repeat","background-position":"center center","background-size":"auto","background-attachment":"scroll","background-type":"","background-media":"","overlay-type":"","overlay-color":"","overlay-opacity":"","overlay-gradient":""}},"ast-content-background-meta":{"desktop":{"background-color":"var(--ast-global-color-5)","background-image":"","background-repeat":"repeat","background-position":"center center","background-size":"auto","background-attachment":"scroll","background-type":"","background-media":"","overlay-type":"","overlay-color":"","overlay-opacity":"","overlay-gradient":""},"tablet":{"background-color":"var(--ast-global-color-5)","background-image":"","background-repeat":"repeat","background-position":"center center","background-size":"auto","background-attachment":"scroll","background-type":"","background-media":"","overlay-type":"","overlay-color":"","overlay-opacity":"","overlay-gradient":""},"mobile":{"background-color":"var(--ast-global-color-5)","background-image":"","background-repeat":"repeat","background-position":"center center","background-size":"auto","background-attachment":"scroll","background-type":"","background-media":"","overlay-type":"","overlay-color":"","overlay-opacity":"","overlay-gradient":""}},"footnotes":""},"class_list":["post-7587","page","type-page","status-publish","hentry"],"_links":{"self":[{"href":"https:\/\/lyongeologie.fr\/en\/wp-json\/wp\/v2\/pages\/7587","targetHints":{"allow":["GET"]}}],"collection":[{"href":"https:\/\/lyongeologie.fr\/en\/wp-json\/wp\/v2\/pages"}],"about":[{"href":"https:\/\/lyongeologie.fr\/en\/wp-json\/wp\/v2\/types\/page"}],"author":[{"embeddable":true,"href":"https:\/\/lyongeologie.fr\/en\/wp-json\/wp\/v2\/users\/5"}],"replies":[{"embeddable":true,"href":"https:\/\/lyongeologie.fr\/en\/wp-json\/wp\/v2\/comments?post=7587"}],"version-history":[{"count":17,"href":"https:\/\/lyongeologie.fr\/en\/wp-json\/wp\/v2\/pages\/7587\/revisions"}],"predecessor-version":[{"id":16335,"href":"https:\/\/lyongeologie.fr\/en\/wp-json\/wp\/v2\/pages\/7587\/revisions\/16335"}],"up":[{"embeddable":true,"href":"https:\/\/lyongeologie.fr\/en\/wp-json\/wp\/v2\/pages\/511"}],"wp:attachment":[{"href":"https:\/\/lyongeologie.fr\/en\/wp-json\/wp\/v2\/media?parent=7587"}],"curies":[{"name":"wp","href":"https:\/\/api.w.org\/{rel}","templated":true}]}}