{"id":7557,"date":"2022-02-04T20:28:13","date_gmt":"2022-02-04T19:28:13","guid":{"rendered":"https:\/\/lyon-geologie.univ-lyon1.fr\/?page_id=7557"},"modified":"2024-03-22T08:59:04","modified_gmt":"2024-03-22T07:59:04","slug":"m1_recherche","status":"publish","type":"page","link":"https:\/\/lyongeologie.fr\/en\/m1-geosciences\/m1_recherche\/","title":{"rendered":"M1 Apprentissage \u00e0 la Recherche"},"content":{"rendered":"<div data-elementor-type=\"wp-page\" data-elementor-id=\"7557\" class=\"elementor elementor-7557\">\n\t\t\t\t\t\t<section class=\"elementor-section elementor-top-section elementor-element elementor-element-6161e0f5 elementor-section-boxed elementor-section-height-default elementor-section-height-default\" data-id=\"6161e0f5\" data-element_type=\"section\" data-e-type=\"section\">\n\t\t\t\t\t\t<div class=\"elementor-container elementor-column-gap-default\">\n\t\t\t\t\t<div class=\"elementor-column elementor-col-100 elementor-top-column elementor-element elementor-element-394e5e06\" data-id=\"394e5e06\" data-element_type=\"column\" data-e-type=\"column\">\n\t\t\t<div class=\"elementor-widget-wrap elementor-element-populated\">\n\t\t\t\t\t\t<div class=\"elementor-element elementor-element-4bb66fc9 elementor-widget elementor-widget-text-editor\" data-id=\"4bb66fc9\" data-element_type=\"widget\" data-e-type=\"widget\" data-widget_type=\"text-editor.default\">\n\t\t\t\t<div class=\"elementor-widget-container\">\n\t\t\t\t\t\t\t\t\t<h2><strong>Research Internship<br \/><\/strong><\/h2>\t\t\t\t\t\t\t\t<\/div>\n\t\t\t\t<\/div>\n\t\t\t\t\t<\/div>\n\t\t<\/div>\n\t\t\t\t\t<\/div>\n\t\t<\/section>\n\t\t\t\t<section class=\"elementor-section elementor-top-section elementor-element elementor-element-77b62d4a elementor-section-boxed elementor-section-height-default elementor-section-height-default\" data-id=\"77b62d4a\" data-element_type=\"section\" data-e-type=\"section\">\n\t\t\t\t\t\t<div class=\"elementor-container elementor-column-gap-default\">\n\t\t\t\t\t<div class=\"elementor-column elementor-col-33 elementor-top-column elementor-element elementor-element-5aad634\" data-id=\"5aad634\" data-element_type=\"column\" data-e-type=\"column\">\n\t\t\t<div class=\"elementor-widget-wrap elementor-element-populated\">\n\t\t\t\t\t\t<div class=\"elementor-element elementor-element-48f3588b elementor-widget elementor-widget-text-editor\" data-id=\"48f3588b\" data-element_type=\"widget\" data-e-type=\"widget\" data-widget_type=\"text-editor.default\">\n\t\t\t\t<div class=\"elementor-widget-container\">\n\t\t\t\t\t\t\t\t\t<p style=\"text-align: center;\"><em>Cr\u00e9dits : 9 ECTS<\/em><\/p><p style=\"text-align: center;\"><em>Contact <\/em><a href=\"\/en\/claude.colombie@univ-lyon1.fr\/\">Claude COLOMBI\u00c9<\/a><em><br \/><\/em><\/p><p>and <a href=\"\/en\/samuel.angiboust@ens-lyon.fr\/\">Samuel ANGIBOUST<\/a><\/p>\t\t\t\t\t\t\t\t<\/div>\n\t\t\t\t<\/div>\n\t\t\t\t<div class=\"elementor-element elementor-element-38d0041a elementor-widget elementor-widget-image\" data-id=\"38d0041a\" data-element_type=\"widget\" data-e-type=\"widget\" data-widget_type=\"image.default\">\n\t\t\t\t<div class=\"elementor-widget-container\">\n\t\t\t\t\t\t\t\t\t\t\t\t\t\t\t<img decoding=\"async\" width=\"150\" height=\"150\" src=\"https:\/\/lyongeologie.fr\/wp-content\/uploads\/2022\/02\/Claude_Colombie.jpg.png\" class=\"attachment-large size-large wp-image-8879\" alt=\"\" \/>\t\t\t\t\t\t\t\t\t\t\t\t\t\t\t<\/div>\n\t\t\t\t<\/div>\n\t\t\t\t<div class=\"elementor-element elementor-element-ce47436 elementor-widget elementor-widget-image\" data-id=\"ce47436\" data-element_type=\"widget\" data-e-type=\"widget\" data-widget_type=\"image.default\">\n\t\t\t\t<div class=\"elementor-widget-container\">\n\t\t\t\t\t\t\t\t\t\t\t\t\t\t\t<img decoding=\"async\" width=\"150\" height=\"150\" src=\"https:\/\/lyongeologie.fr\/wp-content\/uploads\/2022\/02\/samuel_angiboust.png\" class=\"attachment-large size-large wp-image-8917\" alt=\"\" \/>\t\t\t\t\t\t\t\t\t\t\t\t\t\t\t<\/div>\n\t\t\t\t<\/div>\n\t\t\t\t<div class=\"elementor-element elementor-element-586bc57b elementor-align-center elementor-widget elementor-widget-button\" data-id=\"586bc57b\" data-element_type=\"widget\" data-e-type=\"widget\" data-widget_type=\"button.default\">\n\t\t\t\t<div class=\"elementor-widget-container\">\n\t\t\t\t\t\t\t\t\t<div class=\"elementor-button-wrapper\">\n\t\t\t\t\t<a class=\"elementor-button elementor-button-link elementor-size-sm\" href=\"https:\/\/lyon-geologie.univ-lyon1.fr\/m1-geosciences\/#m1_tc\">\n\t\t\t\t\t\t<span class=\"elementor-button-content-wrapper\">\n\t\t\t\t\t\t\t\t\t<span class=\"elementor-button-text\">Back to the previous page<\/span>\n\t\t\t\t\t<\/span>\n\t\t\t\t\t<\/a>\n\t\t\t\t<\/div>\n\t\t\t\t\t\t\t\t<\/div>\n\t\t\t\t<\/div>\n\t\t\t\t\t<\/div>\n\t\t<\/div>\n\t\t\t\t<div class=\"elementor-column elementor-col-66 elementor-top-column elementor-element elementor-element-8ebf65a\" data-id=\"8ebf65a\" data-element_type=\"column\" data-e-type=\"column\">\n\t\t\t<div class=\"elementor-widget-wrap elementor-element-populated\">\n\t\t\t\t\t\t<div class=\"elementor-element elementor-element-42bd4a6e elementor-widget elementor-widget-text-editor\" data-id=\"42bd4a6e\" data-element_type=\"widget\" data-e-type=\"widget\" data-widget_type=\"text-editor.default\">\n\t\t\t\t<div class=\"elementor-widget-container\">\n\t\t\t\t\t\t\t\t\t<p>Il s&rsquo;agit d&rsquo;un stage en laboratoire de recherche pour au moins 8 semaines qui a lieu sur la p\u00e9riode de Mai\/Juin.&nbsp; La mobilit\u00e9 internationale est fortement encourag\u00e9e. Ce stage est \u00e9valu\u00e9 via un rapport et une soutenance orale en fin d&rsquo;ann\u00e9e.&nbsp;<\/p>\n<p>Les \u00e9tudiants effectuent un stage dans un laboratoire ou une entreprise, sous la tutelle d\u2019un chercheur \/ encadrant.<\/p>\n<p>La th\u00e9matique de recherche et le laboratoire \/ l&rsquo;entreprise choisis par l\u2019\u00e9tudiant seront au pr\u00e9alable discut\u00e9s avec le responsable du parcours, afin de garantir \u00e0 l\u2019\u00e9tudiant les meilleures conditions&nbsp;pour son initiation \u00e0 la recherche, en ad\u00e9quation avec son projet professionnel.<\/p>\n<div class=\"\">\n<p><strong>Comp\u00e9tences acquises :<\/strong><\/p>\n<ul>\n<li>Initiation aux d\u00e9marches de recherche<\/li>\n<li>R\u00e9daction d\u2019un m\u00e9moire format article de recherche<\/li>\n<li>Pr\u00e9sentation orale de son travail de recherche<br><\/li>\n<\/ul>\n<\/div>\n<div><strong>Modalit\u00e9s d&rsquo;\u00e9valuation :<\/strong><\/div>\n<div>Rapport \u00e9crit \u00e9valu\u00e9 par un rapporteur sp\u00e9cialiste de la discipline (50% de la note) et soutenance orale (50% de la note).<\/div>\n<div>&nbsp;<\/div>\t\t\t\t\t\t\t\t<\/div>\n\t\t\t\t<\/div>\n\t\t\t\t<div class=\"elementor-element elementor-element-df8a39d elementor-align-center elementor-widget elementor-widget-button\" data-id=\"df8a39d\" data-element_type=\"widget\" data-e-type=\"widget\" data-widget_type=\"button.default\">\n\t\t\t\t<div class=\"elementor-widget-container\">\n\t\t\t\t\t\t\t\t\t<div class=\"elementor-button-wrapper\">\n\t\t\t\t\t<a class=\"elementor-button elementor-button-link elementor-size-sm\" href=\"https:\/\/lyongeologie.fr\/en\/m1-geosciences\/m1_recherche\/m1_recherche_pratique\/\">\n\t\t\t\t\t\t<span class=\"elementor-button-content-wrapper\">\n\t\t\t\t\t\t\t\t\t<span class=\"elementor-button-text\">Informations Pratiques<\/span>\n\t\t\t\t\t<\/span>\n\t\t\t\t\t<\/a>\n\t\t\t\t<\/div>\n\t\t\t\t\t\t\t\t<\/div>\n\t\t\t\t<\/div>\n\t\t\t\t<div class=\"elementor-element elementor-element-10dcfe66 elementor-widget elementor-widget-image\" data-id=\"10dcfe66\" data-element_type=\"widget\" data-e-type=\"widget\" data-widget_type=\"image.default\">\n\t\t\t\t<div class=\"elementor-widget-container\">\n\t\t\t\t\t\t\t\t\t\t\t\t\t\t\t<img fetchpriority=\"high\" decoding=\"async\" width=\"1024\" height=\"768\" src=\"https:\/\/lyongeologie.fr\/wp-content\/uploads\/2022\/02\/L3G_init_recherche-1024x768.jpg\" class=\"attachment-large size-large wp-image-4451\" alt=\"\" srcset=\"https:\/\/lyongeologie.fr\/wp-content\/uploads\/2022\/02\/L3G_init_recherche-1024x768.jpg 1024w, https:\/\/lyongeologie.fr\/wp-content\/uploads\/2022\/02\/L3G_init_recherche-300x225.jpg 300w, https:\/\/lyongeologie.fr\/wp-content\/uploads\/2022\/02\/L3G_init_recherche-768x576.jpg 768w, https:\/\/lyongeologie.fr\/wp-content\/uploads\/2022\/02\/L3G_init_recherche-1536x1152.jpg 1536w, https:\/\/lyongeologie.fr\/wp-content\/uploads\/2022\/02\/L3G_init_recherche.jpg 1984w\" sizes=\"(max-width: 1024px) 100vw, 1024px\" \/>\t\t\t\t\t\t\t\t\t\t\t\t\t\t\t<\/div>\n\t\t\t\t<\/div>\n\t\t\t\t\t<\/div>\n\t\t<\/div>\n\t\t\t\t\t<\/div>\n\t\t<\/section>\n\t\t\t\t<section class=\"elementor-section elementor-top-section elementor-element elementor-element-1f80e34e elementor-section-boxed elementor-section-height-default elementor-section-height-default\" data-id=\"1f80e34e\" data-element_type=\"section\" data-e-type=\"section\">\n\t\t\t\t\t\t<div class=\"elementor-container elementor-column-gap-default\">\n\t\t\t\t\t<div class=\"elementor-column elementor-col-100 elementor-top-column elementor-element elementor-element-2bb88b0\" data-id=\"2bb88b0\" data-element_type=\"column\" data-e-type=\"column\">\n\t\t\t<div class=\"elementor-widget-wrap elementor-element-populated\">\n\t\t\t\t\t\t<div class=\"elementor-element elementor-element-1acf730 elementor-widget elementor-widget-text-editor\" data-id=\"1acf730\" data-element_type=\"widget\" data-e-type=\"widget\" data-widget_type=\"text-editor.default\">\n\t\t\t\t<div class=\"elementor-widget-container\">\n\t\t\t\t\t\t\t\t\t<p><strong>Exemples de stages de la promo 2019 (pre-pand\u00e9mie&#8230;) :\u00a0<\/strong><\/p><table width=\"854\"><tbody><tr><td width=\"496\">Sedimentary fill of the Voring Basin (Central Norwegian Sea): An example of passive margin evolution<\/td><td width=\"358\">LGL-TPE, Lyon, France<\/td><\/tr><tr><td width=\"496\">Analyse g\u00e9ochimiques de dents de requins et \u00e9cologie du requin<\/td><td width=\"358\">LGL-TPE, Lyon, France<\/td><\/tr><tr><td width=\"496\">Elements mobility in the crust: REE micro-mapping of garnet and metasomatism macro-mapping in the field<\/td><td width=\"358\">Universit\u00e4t Bern &#8211; Institut f\u00fcr Geologie, Suisse<\/td><\/tr><tr><td width=\"496\">Density and structure of silicate liquids under deep mantle condition<\/td><td width=\"358\">Advanced Photon Source \/ Chicago:USA<\/td><\/tr><tr><td width=\"496\">Improving the current observation of ice shelf height from swath processing of CryoSat data and to generate maps of surface elevation change.<\/td><td width=\"358\">UNIVERSITY OF EDINBURGH, UK<\/td><\/tr><tr><td width=\"496\">Study of the metamorphism in Barberton<\/td><td width=\"358\">\u00a0Stellenbosch University, Afrique du Sud<\/td><\/tr><tr><td width=\"496\">Marqueurs palynologiques du pastoralisme \u00e0 l&rsquo;Holoc\u00e8ne dans le massif du Tien Shan (lac Son Kul, Asie centrale)<\/td><td width=\"358\">LGL-TPE, Lyon, France<\/td><\/tr><tr><td width=\"496\">Carbon-cycling in lakes: From local to global processes.<\/td><td width=\"358\">\u00a0McGill University, Canada<\/td><\/tr><tr><td width=\"496\">Ecophysiological study of Early Cretaceous Angiosperms (Crato)<\/td><td width=\"358\">Museum f\u00fcr Naturkunde, Berlin, Germany<\/td><\/tr><tr><td width=\"496\">Renforcement de la protection des puits municipaux face aux pollutions par les pesticides<\/td><td width=\"358\">\u00a0Universit\u00e9 du Qu\u00e9bec \u00e0 Montr\u00e9al (UQAM), Canada<\/td><\/tr><tr><td width=\"496\">Etude des ph\u00e9nom\u00e8nes non lin\u00e9aires lors de l&rsquo;\u00e9branlement d\u2019une structure<\/td><td width=\"358\">ISTerre, Grenoble, France<\/td><\/tr><tr><td width=\"496\">\u00a0Monitoring of Earth surface changes with optical remote sensing<\/td><td width=\"358\">CALTECH, USA<\/td><\/tr><tr><td width=\"496\">Development of an analysis technique of the strontium isotopic ratio 88Sr\/86Sr Isotopic (Ca,Fe,Sr) and elementary analysis on bones from a population of baboons<\/td><td width=\"358\">University of the Witwatersrand, Afrique du Sud<\/td><\/tr><tr><td width=\"496\">new idea of looking for subfossil remains (insect remains and pollen) from lake sediments<\/td><td width=\"358\">Department of Geosciences and Geography, University of Helsinki, Finlande<\/td><\/tr><tr><td width=\"496\">Failles actives, sismicit\u00e9 historique et arch\u00e9osismicit\u00e9 au P\u00e9rou<\/td><td width=\"358\">IRD, France<\/td><\/tr><tr><td width=\"496\">The preservation of DNA within different minerals for a paleo-environmental genetics approach<\/td><td width=\"358\">Centre for Microbiology and Environmental Systems Science,\u00a0 Austria<\/td><\/tr><tr><td width=\"496\">Global group wave Tomography<\/td><td width=\"358\">LGL-TPE, Lyon, France<\/td><\/tr><tr><td width=\"496\">Use of coccoliths to constrain paleoclimates parameters<\/td><td width=\"358\">UPPSALA UNIVERSITET, Suede<\/td><\/tr><tr><td width=\"496\">Silicon isotope composition of the diatoms in Ryder Bay<\/td><td width=\"358\">UNIVERSITY OF EDINBURGH, UK<\/td><\/tr><tr><td width=\"496\">Non-local control of the nebulosity of the boundary layer.<\/td><td width=\"358\">University of Auckland, New Zeland<\/td><\/tr><tr><td width=\"496\">Stage de d\u00e9couverte du m\u00e9tier d&rsquo;ing\u00e9nieur en entreprise<\/td><td width=\"358\">BUREAU D&rsquo;ETUDE MATTE<\/td><\/tr><tr><td width=\"496\">\u00c9tude des propri\u00e9t\u00e9s hydrog\u00e9otechniques de r\u00e9sidus filtr\u00e9s compact\u00e9s<\/td><td width=\"358\">Polytechnique Montr\u00e9al, Canada<\/td><\/tr><tr><td width=\"496\">Etude microtomographique d\u2019arthropodes du Lagerst\u00e4tte de Montceau-les-Mine<\/td><td width=\"358\">LGL-TPE, Lyon, France<\/td><\/tr><tr><td width=\"496\">D\u00e9veloppement et application de marqueurs mol\u00e9culaires de salinit\u00e9<\/td><td width=\"358\">LGL-TPE, Lyon, France<\/td><\/tr><tr><td width=\"496\">La dynamique d\u2019\u00e9rosion en Antarctique, apport d\u2019une d\u00e9marche coupl\u00e9e en thermochronologie et en isotopes cosmog\u00e9niques<\/td><td width=\"358\">ISTerre, Grenoble, France<\/td><\/tr><\/tbody><\/table>\t\t\t\t\t\t\t\t<\/div>\n\t\t\t\t<\/div>\n\t\t\t\t\t<\/div>\n\t\t<\/div>\n\t\t\t\t\t<\/div>\n\t\t<\/section>\n\t\t\t\t<\/div>","protected":false},"excerpt":{"rendered":"<p>Apprentissage \u00e0 la recherche Cr\u00e9dits : 9 ECTS Responsables : Claude COLOMBI\u00c9 et Samuel ANGIBOUST Retour \u00e0 la liste des UEs Il s&rsquo;agit d&rsquo;un stage en laboratoire de recherche pour au moins 8 semaines qui a lieu sur la p\u00e9riode de Mai\/Juin.&nbsp; La mobilit\u00e9 internationale est fortement encourag\u00e9e. Ce stage est \u00e9valu\u00e9 via un rapport [&hellip;]<\/p>\n","protected":false},"author":5,"featured_media":0,"parent":511,"menu_order":0,"comment_status":"closed","ping_status":"closed","template":"","meta":{"site-sidebar-layout":"no-sidebar","site-content-layout":"page-builder","ast-site-content-layout":"default","site-content-style":"default","site-sidebar-style":"default","ast-global-header-display":"","ast-banner-title-visibility":"","ast-main-header-display":"","ast-hfb-above-header-display":"","ast-hfb-below-header-display":"","ast-hfb-mobile-header-display":"","site-post-title":"disabled","ast-breadcrumbs-content":"","ast-featured-img":"disabled","footer-sml-layout":"","ast-disable-related-posts":"","theme-transparent-header-meta":"","adv-header-id-meta":"","stick-header-meta":"","header-above-stick-meta":"","header-main-stick-meta":"","header-below-stick-meta":"","astra-migrate-meta-layouts":"default","ast-page-background-enabled":"default","ast-page-background-meta":{"desktop":{"background-color":"var(--ast-global-color-4)","background-image":"","background-repeat":"repeat","background-position":"center center","background-size":"auto","background-attachment":"scroll","background-type":"","background-media":"","overlay-type":"","overlay-color":"","overlay-opacity":"","overlay-gradient":""},"tablet":{"background-color":"","background-image":"","background-repeat":"repeat","background-position":"center center","background-size":"auto","background-attachment":"scroll","background-type":"","background-media":"","overlay-type":"","overlay-color":"","overlay-opacity":"","overlay-gradient":""},"mobile":{"background-color":"","background-image":"","background-repeat":"repeat","background-position":"center center","background-size":"auto","background-attachment":"scroll","background-type":"","background-media":"","overlay-type":"","overlay-color":"","overlay-opacity":"","overlay-gradient":""}},"ast-content-background-meta":{"desktop":{"background-color":"var(--ast-global-color-5)","background-image":"","background-repeat":"repeat","background-position":"center center","background-size":"auto","background-attachment":"scroll","background-type":"","background-media":"","overlay-type":"","overlay-color":"","overlay-opacity":"","overlay-gradient":""},"tablet":{"background-color":"var(--ast-global-color-5)","background-image":"","background-repeat":"repeat","background-position":"center center","background-size":"auto","background-attachment":"scroll","background-type":"","background-media":"","overlay-type":"","overlay-color":"","overlay-opacity":"","overlay-gradient":""},"mobile":{"background-color":"var(--ast-global-color-5)","background-image":"","background-repeat":"repeat","background-position":"center center","background-size":"auto","background-attachment":"scroll","background-type":"","background-media":"","overlay-type":"","overlay-color":"","overlay-opacity":"","overlay-gradient":""}},"footnotes":""},"class_list":["post-7557","page","type-page","status-publish","hentry"],"_links":{"self":[{"href":"https:\/\/lyongeologie.fr\/en\/wp-json\/wp\/v2\/pages\/7557","targetHints":{"allow":["GET"]}}],"collection":[{"href":"https:\/\/lyongeologie.fr\/en\/wp-json\/wp\/v2\/pages"}],"about":[{"href":"https:\/\/lyongeologie.fr\/en\/wp-json\/wp\/v2\/types\/page"}],"author":[{"embeddable":true,"href":"https:\/\/lyongeologie.fr\/en\/wp-json\/wp\/v2\/users\/5"}],"replies":[{"embeddable":true,"href":"https:\/\/lyongeologie.fr\/en\/wp-json\/wp\/v2\/comments?post=7557"}],"version-history":[{"count":110,"href":"https:\/\/lyongeologie.fr\/en\/wp-json\/wp\/v2\/pages\/7557\/revisions"}],"predecessor-version":[{"id":17791,"href":"https:\/\/lyongeologie.fr\/en\/wp-json\/wp\/v2\/pages\/7557\/revisions\/17791"}],"up":[{"embeddable":true,"href":"https:\/\/lyongeologie.fr\/en\/wp-json\/wp\/v2\/pages\/511"}],"wp:attachment":[{"href":"https:\/\/lyongeologie.fr\/en\/wp-json\/wp\/v2\/media?parent=7557"}],"curies":[{"name":"wp","href":"https:\/\/api.w.org\/{rel}","templated":true}]}}