{"id":7543,"date":"2022-02-04T20:22:26","date_gmt":"2022-02-04T19:22:26","guid":{"rendered":"https:\/\/lyon-geologie.univ-lyon1.fr\/?page_id=7543"},"modified":"2023-01-17T11:55:05","modified_gmt":"2023-01-17T10:55:05","slug":"m1_paleoclim","status":"publish","type":"page","link":"https:\/\/lyongeologie.fr\/en\/m1-geosciences\/m1_paleoclim\/","title":{"rendered":"M1 Pal\u00e9oclimatologie"},"content":{"rendered":"<div data-elementor-type=\"wp-page\" data-elementor-id=\"7543\" class=\"elementor elementor-7543\">\n\t\t\t\t\t\t<section class=\"elementor-section elementor-top-section elementor-element elementor-element-5c7b31d9 elementor-section-boxed elementor-section-height-default elementor-section-height-default\" data-id=\"5c7b31d9\" data-element_type=\"section\" data-e-type=\"section\">\n\t\t\t\t\t\t<div class=\"elementor-container elementor-column-gap-default\">\n\t\t\t\t\t<div class=\"elementor-column elementor-col-100 elementor-top-column elementor-element elementor-element-69a3d3e6\" data-id=\"69a3d3e6\" data-element_type=\"column\" data-e-type=\"column\">\n\t\t\t<div class=\"elementor-widget-wrap elementor-element-populated\">\n\t\t\t\t\t\t<div class=\"elementor-element elementor-element-22baa0ad elementor-widget elementor-widget-text-editor\" data-id=\"22baa0ad\" data-element_type=\"widget\" data-e-type=\"widget\" data-widget_type=\"text-editor.default\">\n\t\t\t\t<div class=\"elementor-widget-container\">\n\t\t\t\t\t\t\t\t\t<h2><strong>Paleoclimates<\/strong><\/h2>\t\t\t\t\t\t\t\t<\/div>\n\t\t\t\t<\/div>\n\t\t\t\t\t<\/div>\n\t\t<\/div>\n\t\t\t\t\t<\/div>\n\t\t<\/section>\n\t\t\t\t<section class=\"elementor-section elementor-top-section elementor-element elementor-element-2b862649 elementor-section-boxed elementor-section-height-default elementor-section-height-default\" data-id=\"2b862649\" data-element_type=\"section\" data-e-type=\"section\">\n\t\t\t\t\t\t<div class=\"elementor-container elementor-column-gap-default\">\n\t\t\t\t\t<div class=\"elementor-column elementor-col-33 elementor-top-column elementor-element elementor-element-2bb05ad4\" data-id=\"2bb05ad4\" data-element_type=\"column\" data-e-type=\"column\">\n\t\t\t<div class=\"elementor-widget-wrap elementor-element-populated\">\n\t\t\t\t\t\t<div class=\"elementor-element elementor-element-4c7ef4bf elementor-widget elementor-widget-text-editor\" data-id=\"4c7ef4bf\" data-element_type=\"widget\" data-e-type=\"widget\" data-widget_type=\"text-editor.default\">\n\t\t\t\t<div class=\"elementor-widget-container\">\n\t\t\t\t\t\t\t\t\t<p style=\"text-align: center;\"><em>3 Credits<\/em><\/p><p style=\"text-align: center;\"><em>Contact: \u00a0<a href=\"mailto:chloe.marechal@univ-lyon1.fr\">Chlo\u00e9 MAR\u00c9CHAL<\/a><br \/><\/em><\/p>\t\t\t\t\t\t\t\t<\/div>\n\t\t\t\t<\/div>\n\t\t\t\t<div class=\"elementor-element elementor-element-29780e94 elementor-widget elementor-widget-image\" data-id=\"29780e94\" data-element_type=\"widget\" data-e-type=\"widget\" data-widget_type=\"image.default\">\n\t\t\t\t<div class=\"elementor-widget-container\">\n\t\t\t\t\t\t\t\t\t\t\t\t\t\t\t<img decoding=\"async\" width=\"150\" height=\"150\" src=\"https:\/\/lyongeologie.fr\/wp-content\/uploads\/2022\/02\/Chloe_Marechal.png\" class=\"attachment-large size-large wp-image-8873\" alt=\"\" \/>\t\t\t\t\t\t\t\t\t\t\t\t\t\t\t<\/div>\n\t\t\t\t<\/div>\n\t\t\t\t<div class=\"elementor-element elementor-element-7fa58950 elementor-align-center elementor-widget elementor-widget-button\" data-id=\"7fa58950\" data-element_type=\"widget\" data-e-type=\"widget\" data-widget_type=\"button.default\">\n\t\t\t\t<div class=\"elementor-widget-container\">\n\t\t\t\t\t\t\t\t\t<div class=\"elementor-button-wrapper\">\n\t\t\t\t\t<a class=\"elementor-button elementor-button-link elementor-size-sm\" href=\"https:\/\/lyon-geologie.univ-lyon1.fr\/m1-geosciences\/#m1_opt\">\n\t\t\t\t\t\t<span class=\"elementor-button-content-wrapper\">\n\t\t\t\t\t\t\t\t\t<span class=\"elementor-button-text\">Back to the previous page<\/span>\n\t\t\t\t\t<\/span>\n\t\t\t\t\t<\/a>\n\t\t\t\t<\/div>\n\t\t\t\t\t\t\t\t<\/div>\n\t\t\t\t<\/div>\n\t\t\t\t\t<\/div>\n\t\t<\/div>\n\t\t\t\t<div class=\"elementor-column elementor-col-66 elementor-top-column elementor-element elementor-element-56f8b86a\" data-id=\"56f8b86a\" data-element_type=\"column\" data-e-type=\"column\">\n\t\t\t<div class=\"elementor-widget-wrap elementor-element-populated\">\n\t\t\t\t\t\t<div class=\"elementor-element elementor-element-e35d54b elementor-widget elementor-widget-text-editor\" data-id=\"e35d54b\" data-element_type=\"widget\" data-e-type=\"widget\" data-widget_type=\"text-editor.default\">\n\t\t\t\t<div class=\"elementor-widget-container\">\n\t\t\t\t\t\t\t\t\t<p>Le contenu de cet enseignement est ax\u00e9 sur la compr\u00e9hension des processus \u00e0 l\u2019origine de l\u2019\u00e9volution des climats pass\u00e9s, avec leurs \u00e9chelles de temps associ\u00e9es.<\/p>\t\t\t\t\t\t\t\t<\/div>\n\t\t\t\t<\/div>\n\t\t\t\t<div class=\"elementor-element elementor-element-5cf3ba1c elementor-widget elementor-widget-image\" data-id=\"5cf3ba1c\" data-element_type=\"widget\" data-e-type=\"widget\" data-widget_type=\"image.default\">\n\t\t\t\t<div class=\"elementor-widget-container\">\n\t\t\t\t\t\t\t\t\t\t\t\t<figure class=\"wp-caption\">\n\t\t\t\t\t\t\t\t\t\t<img fetchpriority=\"high\" decoding=\"async\" width=\"1024\" height=\"252\" src=\"https:\/\/lyongeologie.fr\/wp-content\/uploads\/2022\/02\/ma_paleoclim-1024x252.png\" class=\"attachment-large size-large wp-image-7549\" alt=\"\" srcset=\"https:\/\/lyongeologie.fr\/wp-content\/uploads\/2022\/02\/ma_paleoclim-1024x252.png 1024w, https:\/\/lyongeologie.fr\/wp-content\/uploads\/2022\/02\/ma_paleoclim-300x74.png 300w, https:\/\/lyongeologie.fr\/wp-content\/uploads\/2022\/02\/ma_paleoclim-768x189.png 768w, https:\/\/lyongeologie.fr\/wp-content\/uploads\/2022\/02\/ma_paleoclim-1536x379.png 1536w, https:\/\/lyongeologie.fr\/wp-content\/uploads\/2022\/02\/ma_paleoclim.png 1688w\" sizes=\"(max-width: 1024px) 100vw, 1024px\" \/>\t\t\t\t\t\t\t\t\t\t\t<figcaption class=\"widget-image-caption wp-caption-text\"><i><small>Les oscillations glaciaire\/interglaciaire du Quaternaire (\u00e0 gauche et au milieu) et l\u2019\u00e9pisode du \u201cSahara vert\u201d durant l\u2019interglaciaire actuel, l\u2019Holoc\u00e8ne (\u00e0 droite).<\/small><\/i><\/figcaption>\n\t\t\t\t\t\t\t\t\t\t<\/figure>\n\t\t\t\t\t\t\t\t\t<\/div>\n\t\t\t\t<\/div>\n\t\t\t\t<div class=\"elementor-element elementor-element-9e39938 elementor-widget elementor-widget-text-editor\" data-id=\"9e39938\" data-element_type=\"widget\" data-e-type=\"widget\" data-widget_type=\"text-editor.default\">\n\t\t\t\t<div class=\"elementor-widget-container\">\n\t\t\t\t\t\t\t\t\t<p><strong>Contents:<\/strong><\/p><p>Les for\u00e7ages climatiques li\u00e9s aux r\u00e9partitions continentales, aux orog\u00e9n\u00e8ses, aux param\u00e8tres astronomiques, \u00e0 l\u2019activit\u00e9 solaire, d\u2019une part, les for\u00e7ages radiatifs li\u00e9s \u00e0 l\u2019effet de serre et\/ou \u00e0 l\u2019alb\u00e9do d\u2019autre part, mais aussi les r\u00e9troactions positives et n\u00e9gatives du climat dans le cadre des couplages atmosph\u00e8re \/ oc\u00e9an \/ lithosph\u00e8re \/ biosph\u00e8re \/ cryosph\u00e8re sont analys\u00e9s, ainsi que leur impact sur l\u2019\u00e9volution des climats pass\u00e9s.<\/p><p>Trois p\u00e9riodes de temps sont consid\u00e9r\u00e9es :<\/p><ul><li style=\"list-style-type: none;\"><ul><li>Les pal\u00e9oclimats anciens (des dizaines aux centaines de millions d\u2019ann\u00e9es),<\/li><li>Les pal\u00e9oclimats Quaternaires (des derniers millions d\u2019ann\u00e9es aux derni\u00e8res dizaines de milliers d\u2019ann\u00e9es) : les oscillations glaciaires-interglaciaires, les \u00e9v\u00e9nements climatiques abrupts,<\/li><li>Les pal\u00e9oclimats de l\u2019Holoc\u00e8ne (de la derni\u00e8re dizaine de milliers d\u2019ann\u00e9es aux derniers milliers d\u2019ann\u00e9es) : l\u2019optimum thermique et l\u2019\u00e9pisode du Sahara vert, les n\u00e9oglaciations \/ les optima climatiques.<\/li><\/ul><\/li><\/ul>\t\t\t\t\t\t\t\t<\/div>\n\t\t\t\t<\/div>\n\t\t\t\t\t<\/div>\n\t\t<\/div>\n\t\t\t\t\t<\/div>\n\t\t<\/section>\n\t\t\t\t<section class=\"elementor-section elementor-top-section elementor-element elementor-element-2cce8479 elementor-section-boxed elementor-section-height-default elementor-section-height-default\" data-id=\"2cce8479\" data-element_type=\"section\" data-e-type=\"section\">\n\t\t\t\t\t\t<div class=\"elementor-container elementor-column-gap-default\">\n\t\t\t\t\t<div class=\"elementor-column elementor-col-100 elementor-top-column elementor-element elementor-element-1087a234\" data-id=\"1087a234\" data-element_type=\"column\" data-e-type=\"column\">\n\t\t\t<div class=\"elementor-widget-wrap\">\n\t\t\t\t\t\t\t<\/div>\n\t\t<\/div>\n\t\t\t\t\t<\/div>\n\t\t<\/section>\n\t\t\t\t<\/div>","protected":false},"excerpt":{"rendered":"<p>Pal\u00e9oclimatologie Cr\u00e9dits : 3 ECTS Responsable : \u00a0Chlo\u00e9 MAR\u00c9CHAL Retour \u00e0 la liste des UEs Le contenu de cet enseignement est ax\u00e9 sur la compr\u00e9hension des processus \u00e0 l\u2019origine de l\u2019\u00e9volution des climats pass\u00e9s, avec leurs \u00e9chelles de temps associ\u00e9es. Les oscillations glaciaire\/interglaciaire du Quaternaire (\u00e0 gauche et au milieu) et l\u2019\u00e9pisode du \u201cSahara vert\u201d [&hellip;]<\/p>\n","protected":false},"author":5,"featured_media":0,"parent":511,"menu_order":0,"comment_status":"closed","ping_status":"closed","template":"","meta":{"site-sidebar-layout":"no-sidebar","site-content-layout":"page-builder","ast-site-content-layout":"default","site-content-style":"default","site-sidebar-style":"default","ast-global-header-display":"","ast-banner-title-visibility":"","ast-main-header-display":"","ast-hfb-above-header-display":"","ast-hfb-below-header-display":"","ast-hfb-mobile-header-display":"","site-post-title":"disabled","ast-breadcrumbs-content":"","ast-featured-img":"disabled","footer-sml-layout":"","ast-disable-related-posts":"","theme-transparent-header-meta":"","adv-header-id-meta":"","stick-header-meta":"","header-above-stick-meta":"","header-main-stick-meta":"","header-below-stick-meta":"","astra-migrate-meta-layouts":"default","ast-page-background-enabled":"default","ast-page-background-meta":{"desktop":{"background-color":"var(--ast-global-color-4)","background-image":"","background-repeat":"repeat","background-position":"center center","background-size":"auto","background-attachment":"scroll","background-type":"","background-media":"","overlay-type":"","overlay-color":"","overlay-opacity":"","overlay-gradient":""},"tablet":{"background-color":"","background-image":"","background-repeat":"repeat","background-position":"center center","background-size":"auto","background-attachment":"scroll","background-type":"","background-media":"","overlay-type":"","overlay-color":"","overlay-opacity":"","overlay-gradient":""},"mobile":{"background-color":"","background-image":"","background-repeat":"repeat","background-position":"center center","background-size":"auto","background-attachment":"scroll","background-type":"","background-media":"","overlay-type":"","overlay-color":"","overlay-opacity":"","overlay-gradient":""}},"ast-content-background-meta":{"desktop":{"background-color":"var(--ast-global-color-5)","background-image":"","background-repeat":"repeat","background-position":"center center","background-size":"auto","background-attachment":"scroll","background-type":"","background-media":"","overlay-type":"","overlay-color":"","overlay-opacity":"","overlay-gradient":""},"tablet":{"background-color":"var(--ast-global-color-5)","background-image":"","background-repeat":"repeat","background-position":"center center","background-size":"auto","background-attachment":"scroll","background-type":"","background-media":"","overlay-type":"","overlay-color":"","overlay-opacity":"","overlay-gradient":""},"mobile":{"background-color":"var(--ast-global-color-5)","background-image":"","background-repeat":"repeat","background-position":"center center","background-size":"auto","background-attachment":"scroll","background-type":"","background-media":"","overlay-type":"","overlay-color":"","overlay-opacity":"","overlay-gradient":""}},"footnotes":""},"class_list":["post-7543","page","type-page","status-publish","hentry"],"_links":{"self":[{"href":"https:\/\/lyongeologie.fr\/en\/wp-json\/wp\/v2\/pages\/7543","targetHints":{"allow":["GET"]}}],"collection":[{"href":"https:\/\/lyongeologie.fr\/en\/wp-json\/wp\/v2\/pages"}],"about":[{"href":"https:\/\/lyongeologie.fr\/en\/wp-json\/wp\/v2\/types\/page"}],"author":[{"embeddable":true,"href":"https:\/\/lyongeologie.fr\/en\/wp-json\/wp\/v2\/users\/5"}],"replies":[{"embeddable":true,"href":"https:\/\/lyongeologie.fr\/en\/wp-json\/wp\/v2\/comments?post=7543"}],"version-history":[{"count":23,"href":"https:\/\/lyongeologie.fr\/en\/wp-json\/wp\/v2\/pages\/7543\/revisions"}],"predecessor-version":[{"id":16331,"href":"https:\/\/lyongeologie.fr\/en\/wp-json\/wp\/v2\/pages\/7543\/revisions\/16331"}],"up":[{"embeddable":true,"href":"https:\/\/lyongeologie.fr\/en\/wp-json\/wp\/v2\/pages\/511"}],"wp:attachment":[{"href":"https:\/\/lyongeologie.fr\/en\/wp-json\/wp\/v2\/media?parent=7543"}],"curies":[{"name":"wp","href":"https:\/\/api.w.org\/{rel}","templated":true}]}}