{"id":7497,"date":"2022-02-04T20:12:01","date_gmt":"2022-02-04T19:12:01","guid":{"rendered":"https:\/\/lyon-geologie.univ-lyon1.fr\/?page_id=7497"},"modified":"2026-01-05T13:49:51","modified_gmt":"2026-01-05T12:49:51","slug":"m1_oceano","status":"publish","type":"page","link":"https:\/\/lyongeologie.fr\/en\/m1-geosciences\/m1_oceano\/","title":{"rendered":"M1 Oc\u00e9anographie"},"content":{"rendered":"<div data-elementor-type=\"wp-page\" data-elementor-id=\"7497\" class=\"elementor elementor-7497\">\n\t\t\t\t\t\t<section class=\"elementor-section elementor-top-section elementor-element elementor-element-1e5b18c4 elementor-section-boxed elementor-section-height-default elementor-section-height-default\" data-id=\"1e5b18c4\" data-element_type=\"section\" data-e-type=\"section\">\n\t\t\t\t\t\t<div class=\"elementor-container elementor-column-gap-default\">\n\t\t\t\t\t<div class=\"elementor-column elementor-col-100 elementor-top-column elementor-element elementor-element-52b306ed\" data-id=\"52b306ed\" data-element_type=\"column\" data-e-type=\"column\">\n\t\t\t<div class=\"elementor-widget-wrap elementor-element-populated\">\n\t\t\t\t\t\t<div class=\"elementor-element elementor-element-5e6ec2e5 elementor-widget elementor-widget-text-editor\" data-id=\"5e6ec2e5\" data-element_type=\"widget\" data-e-type=\"widget\" data-widget_type=\"text-editor.default\">\n\t\t\t\t<div class=\"elementor-widget-container\">\n\t\t\t\t\t\t\t\t\t<h2><strong>Oceanography<\/strong><\/h2>\t\t\t\t\t\t\t\t<\/div>\n\t\t\t\t<\/div>\n\t\t\t\t\t<\/div>\n\t\t<\/div>\n\t\t\t\t\t<\/div>\n\t\t<\/section>\n\t\t\t\t<section class=\"elementor-section elementor-top-section elementor-element elementor-element-2717fa7c elementor-section-boxed elementor-section-height-default elementor-section-height-default\" data-id=\"2717fa7c\" data-element_type=\"section\" data-e-type=\"section\">\n\t\t\t\t\t\t<div class=\"elementor-container elementor-column-gap-default\">\n\t\t\t\t\t<div class=\"elementor-column elementor-col-33 elementor-top-column elementor-element elementor-element-10853f4f\" data-id=\"10853f4f\" data-element_type=\"column\" data-e-type=\"column\">\n\t\t\t<div class=\"elementor-widget-wrap elementor-element-populated\">\n\t\t\t\t\t\t<div class=\"elementor-element elementor-element-3c4e0198 elementor-widget elementor-widget-text-editor\" data-id=\"3c4e0198\" data-element_type=\"widget\" data-e-type=\"widget\" data-widget_type=\"text-editor.default\">\n\t\t\t\t<div class=\"elementor-widget-container\">\n\t\t\t\t\t\t\t\t\t<p style=\"text-align: center;\"><em>3 Credits<\/em><\/p><p style=\"text-align: center;\"><em>Contact: <a href=\"mailto:sylvain.pichat@ens-lyon.fr\">Sylvain PICHAT<\/a><br \/><\/em><\/p>\t\t\t\t\t\t\t\t<\/div>\n\t\t\t\t<\/div>\n\t\t\t\t<div class=\"elementor-element elementor-element-7cf4a1b6 elementor-widget elementor-widget-image\" data-id=\"7cf4a1b6\" data-element_type=\"widget\" data-e-type=\"widget\" data-widget_type=\"image.default\">\n\t\t\t\t<div class=\"elementor-widget-container\">\n\t\t\t\t\t\t\t\t\t\t\t\t\t\t\t<img decoding=\"async\" width=\"150\" height=\"150\" src=\"https:\/\/lyongeologie.fr\/wp-content\/uploads\/2022\/02\/Sylvain_Pichat.png\" class=\"attachment-large size-large wp-image-8923\" alt=\"\" \/>\t\t\t\t\t\t\t\t\t\t\t\t\t\t\t<\/div>\n\t\t\t\t<\/div>\n\t\t\t\t<div class=\"elementor-element elementor-element-736a665b elementor-align-center elementor-widget elementor-widget-button\" data-id=\"736a665b\" data-element_type=\"widget\" data-e-type=\"widget\" data-widget_type=\"button.default\">\n\t\t\t\t<div class=\"elementor-widget-container\">\n\t\t\t\t\t\t\t\t\t<div class=\"elementor-button-wrapper\">\n\t\t\t\t\t<a class=\"elementor-button elementor-button-link elementor-size-sm\" href=\"https:\/\/lyon-geologie.univ-lyon1.fr\/m1-geosciences\/#m1_opt\">\n\t\t\t\t\t\t<span class=\"elementor-button-content-wrapper\">\n\t\t\t\t\t\t\t\t\t<span class=\"elementor-button-text\">Back to the previous page<\/span>\n\t\t\t\t\t<\/span>\n\t\t\t\t\t<\/a>\n\t\t\t\t<\/div>\n\t\t\t\t\t\t\t\t<\/div>\n\t\t\t\t<\/div>\n\t\t\t\t\t<\/div>\n\t\t<\/div>\n\t\t\t\t<div class=\"elementor-column elementor-col-66 elementor-top-column elementor-element elementor-element-a522647\" data-id=\"a522647\" data-element_type=\"column\" data-e-type=\"column\">\n\t\t\t<div class=\"elementor-widget-wrap elementor-element-populated\">\n\t\t\t\t\t\t<div class=\"elementor-element elementor-element-221ec75c elementor-widget elementor-widget-text-editor\" data-id=\"221ec75c\" data-element_type=\"widget\" data-e-type=\"widget\" data-widget_type=\"text-editor.default\">\n\t\t\t\t<div class=\"elementor-widget-container\">\n\t\t\t\t\t\t\t\t\t<p>Les objectifs sont d\u2019\u00e9tudier les principes et m\u00e9canismes fondamentaux de la <strong>dynamique et de la chimie des oc\u00e9ans<\/strong>: dynamique des fluides g\u00e9ophysiques, circulation g\u00e9n\u00e9rale oc\u00e9anique: dynamique et chimie des masses d\u2019eau, courants de surface, cycles biog\u00e9ochimiques &#8211; en particulier du carbone. Le r\u00f4le fondamental des oc\u00e9ans sur la r\u00e9gulation du <strong>climat<\/strong> \u00e0 diff\u00e9rentes \u00e9chelles de temps et pour le futur est largement \u00e9tudi\u00e9 dans cette UE, notamment \u00e0 partir des rapports du GIEC.<\/p>\t\t\t\t\t\t\t\t<\/div>\n\t\t\t\t<\/div>\n\t\t\t\t<div class=\"elementor-element elementor-element-df517f4 elementor-widget elementor-widget-text-editor\" data-id=\"df517f4\" data-element_type=\"widget\" data-e-type=\"widget\" data-widget_type=\"text-editor.default\">\n\t\t\t\t<div class=\"elementor-widget-container\">\n\t\t\t\t\t\t\t\t\t<p>Cette U.E. rev\u00eat aussi un <strong>volet pratique important<\/strong> : <span style=\"color: #ff6600;\">instrumentation et m\u00e9thodes de mesures<\/span> en oc\u00e9anographie et archives climatiques, <span style=\"color: #ff6600;\">campagne en mer de mesure et pr\u00e9l\u00e8vements<\/span> (1 journ\u00e9e \u00e0 bord du navire oc\u00e9anographique Ant\u00e9don), <span style=\"color: #ff6600;\">visite du LEGI<\/span> (Laboratoire des Ecoulements G\u00e9ophysiques et Industriels, Grenoble, 1 journ\u00e9e) pour mise en pratique des aspects de dynamique des fluides: plate-forme tournante <a href=\"http:\/\/www.legi.grenoble-inp.fr\/web\/spip.php?article757\">Coriolis<\/a>, pendule de Foucault, canal \u00e0 houle, tunnel hydrodynamique), <span style=\"color: #ff6600;\">TD d\u2019application avec le logiciel Ocean Data View<\/span> sur les cycles biog\u00e9ochimiques, et pr\u00e9sentation bibliographique.<\/p>\t\t\t\t\t\t\t\t<\/div>\n\t\t\t\t<\/div>\n\t\t\t\t\t<\/div>\n\t\t<\/div>\n\t\t\t\t\t<\/div>\n\t\t<\/section>\n\t\t\t\t<section class=\"elementor-section elementor-top-section elementor-element elementor-element-501a1690 elementor-section-boxed elementor-section-height-default elementor-section-height-default\" data-id=\"501a1690\" data-element_type=\"section\" data-e-type=\"section\">\n\t\t\t\t\t\t<div class=\"elementor-container elementor-column-gap-default\">\n\t\t\t\t\t<div class=\"elementor-column elementor-col-100 elementor-top-column elementor-element elementor-element-1ccd95d1\" data-id=\"1ccd95d1\" data-element_type=\"column\" data-e-type=\"column\">\n\t\t\t<div class=\"elementor-widget-wrap\">\n\t\t\t\t\t\t\t<\/div>\n\t\t<\/div>\n\t\t\t\t\t<\/div>\n\t\t<\/section>\n\t\t\t\t<\/div>","protected":false},"excerpt":{"rendered":"<p>Oc\u00e9anographie Cr\u00e9dits : 3 ECTS Responsable : Sylvain PICHAT Retour \u00e0 la liste des UEs Les objectifs sont d\u2019\u00e9tudier les principes et m\u00e9canismes fondamentaux de la dynamique et de la chimie des oc\u00e9ans: dynamique des fluides g\u00e9ophysiques, circulation g\u00e9n\u00e9rale oc\u00e9anique: dynamique et chimie des masses d\u2019eau, courants de surface, cycles biog\u00e9ochimiques &#8211; en particulier du [&hellip;]<\/p>\n","protected":false},"author":5,"featured_media":0,"parent":511,"menu_order":0,"comment_status":"closed","ping_status":"closed","template":"","meta":{"site-sidebar-layout":"no-sidebar","site-content-layout":"page-builder","ast-site-content-layout":"default","site-content-style":"default","site-sidebar-style":"default","ast-global-header-display":"","ast-banner-title-visibility":"","ast-main-header-display":"","ast-hfb-above-header-display":"","ast-hfb-below-header-display":"","ast-hfb-mobile-header-display":"","site-post-title":"disabled","ast-breadcrumbs-content":"","ast-featured-img":"disabled","footer-sml-layout":"","ast-disable-related-posts":"","theme-transparent-header-meta":"","adv-header-id-meta":"","stick-header-meta":"","header-above-stick-meta":"","header-main-stick-meta":"","header-below-stick-meta":"","astra-migrate-meta-layouts":"default","ast-page-background-enabled":"default","ast-page-background-meta":{"desktop":{"background-color":"var(--ast-global-color-4)","background-image":"","background-repeat":"repeat","background-position":"center center","background-size":"auto","background-attachment":"scroll","background-type":"","background-media":"","overlay-type":"","overlay-color":"","overlay-opacity":"","overlay-gradient":""},"tablet":{"background-color":"","background-image":"","background-repeat":"repeat","background-position":"center center","background-size":"auto","background-attachment":"scroll","background-type":"","background-media":"","overlay-type":"","overlay-color":"","overlay-opacity":"","overlay-gradient":""},"mobile":{"background-color":"","background-image":"","background-repeat":"repeat","background-position":"center center","background-size":"auto","background-attachment":"scroll","background-type":"","background-media":"","overlay-type":"","overlay-color":"","overlay-opacity":"","overlay-gradient":""}},"ast-content-background-meta":{"desktop":{"background-color":"var(--ast-global-color-5)","background-image":"","background-repeat":"repeat","background-position":"center center","background-size":"auto","background-attachment":"scroll","background-type":"","background-media":"","overlay-type":"","overlay-color":"","overlay-opacity":"","overlay-gradient":""},"tablet":{"background-color":"var(--ast-global-color-5)","background-image":"","background-repeat":"repeat","background-position":"center center","background-size":"auto","background-attachment":"scroll","background-type":"","background-media":"","overlay-type":"","overlay-color":"","overlay-opacity":"","overlay-gradient":""},"mobile":{"background-color":"var(--ast-global-color-5)","background-image":"","background-repeat":"repeat","background-position":"center center","background-size":"auto","background-attachment":"scroll","background-type":"","background-media":"","overlay-type":"","overlay-color":"","overlay-opacity":"","overlay-gradient":""}},"footnotes":""},"class_list":["post-7497","page","type-page","status-publish","hentry"],"_links":{"self":[{"href":"https:\/\/lyongeologie.fr\/en\/wp-json\/wp\/v2\/pages\/7497","targetHints":{"allow":["GET"]}}],"collection":[{"href":"https:\/\/lyongeologie.fr\/en\/wp-json\/wp\/v2\/pages"}],"about":[{"href":"https:\/\/lyongeologie.fr\/en\/wp-json\/wp\/v2\/types\/page"}],"author":[{"embeddable":true,"href":"https:\/\/lyongeologie.fr\/en\/wp-json\/wp\/v2\/users\/5"}],"replies":[{"embeddable":true,"href":"https:\/\/lyongeologie.fr\/en\/wp-json\/wp\/v2\/comments?post=7497"}],"version-history":[{"count":29,"href":"https:\/\/lyongeologie.fr\/en\/wp-json\/wp\/v2\/pages\/7497\/revisions"}],"predecessor-version":[{"id":19059,"href":"https:\/\/lyongeologie.fr\/en\/wp-json\/wp\/v2\/pages\/7497\/revisions\/19059"}],"up":[{"embeddable":true,"href":"https:\/\/lyongeologie.fr\/en\/wp-json\/wp\/v2\/pages\/511"}],"wp:attachment":[{"href":"https:\/\/lyongeologie.fr\/en\/wp-json\/wp\/v2\/media?parent=7497"}],"curies":[{"name":"wp","href":"https:\/\/api.w.org\/{rel}","templated":true}]}}