{"id":7429,"date":"2022-02-04T19:46:14","date_gmt":"2022-02-04T18:46:14","guid":{"rendered":"https:\/\/lyon-geologie.univ-lyon1.fr\/?page_id=7429"},"modified":"2023-01-17T11:51:24","modified_gmt":"2023-01-17T10:51:24","slug":"m1_datcorr","status":"publish","type":"page","link":"https:\/\/lyongeologie.fr\/en\/m1-geosciences\/m1_datcorr\/","title":{"rendered":"M1 Datation et Corr\u00e9lation"},"content":{"rendered":"<div data-elementor-type=\"wp-page\" data-elementor-id=\"7429\" class=\"elementor elementor-7429\">\n\t\t\t\t\t\t<section class=\"elementor-section elementor-top-section elementor-element elementor-element-51f35b2d elementor-section-boxed elementor-section-height-default elementor-section-height-default\" data-id=\"51f35b2d\" data-element_type=\"section\" data-e-type=\"section\">\n\t\t\t\t\t\t<div class=\"elementor-container elementor-column-gap-default\">\n\t\t\t\t\t<div class=\"elementor-column elementor-col-100 elementor-top-column elementor-element elementor-element-53c8fccd\" data-id=\"53c8fccd\" data-element_type=\"column\" data-e-type=\"column\">\n\t\t\t<div class=\"elementor-widget-wrap elementor-element-populated\">\n\t\t\t\t\t\t<div class=\"elementor-element elementor-element-3f7e14c1 elementor-widget elementor-widget-text-editor\" data-id=\"3f7e14c1\" data-element_type=\"widget\" data-e-type=\"widget\" data-widget_type=\"text-editor.default\">\n\t\t\t\t<div class=\"elementor-widget-container\">\n\t\t\t\t\t\t\t\t\t<h2><strong>Dating and Correlating<br \/><\/strong><\/h2>\t\t\t\t\t\t\t\t<\/div>\n\t\t\t\t<\/div>\n\t\t\t\t\t<\/div>\n\t\t<\/div>\n\t\t\t\t\t<\/div>\n\t\t<\/section>\n\t\t\t\t<section class=\"elementor-section elementor-top-section elementor-element elementor-element-34e51d58 elementor-section-boxed elementor-section-height-default elementor-section-height-default\" data-id=\"34e51d58\" data-element_type=\"section\" data-e-type=\"section\">\n\t\t\t\t\t\t<div class=\"elementor-container elementor-column-gap-default\">\n\t\t\t\t\t<div class=\"elementor-column elementor-col-33 elementor-top-column elementor-element elementor-element-7167701\" data-id=\"7167701\" data-element_type=\"column\" data-e-type=\"column\">\n\t\t\t<div class=\"elementor-widget-wrap elementor-element-populated\">\n\t\t\t\t\t\t<div class=\"elementor-element elementor-element-42f77a86 elementor-widget elementor-widget-text-editor\" data-id=\"42f77a86\" data-element_type=\"widget\" data-e-type=\"widget\" data-widget_type=\"text-editor.default\">\n\t\t\t\t<div class=\"elementor-widget-container\">\n\t\t\t\t\t\t\t\t\t<p style=\"text-align: center;\"><em>3 Credits<\/em><\/p><p style=\"text-align: center;\"><em>Contact: <a href=\"mailto:emanuela.mattioli@univ-lyon1.fr\">Emanuela MATTIOLI<\/a>.<\/em><\/p>\t\t\t\t\t\t\t\t<\/div>\n\t\t\t\t<\/div>\n\t\t\t\t<div class=\"elementor-element elementor-element-4d6f226e elementor-widget elementor-widget-image\" data-id=\"4d6f226e\" data-element_type=\"widget\" data-e-type=\"widget\" data-widget_type=\"image.default\">\n\t\t\t\t<div class=\"elementor-widget-container\">\n\t\t\t\t\t\t\t\t\t\t\t\t\t\t\t<img decoding=\"async\" width=\"150\" height=\"150\" src=\"https:\/\/lyongeologie.fr\/wp-content\/uploads\/2022\/02\/Emanuela_Mattioli.png\" class=\"attachment-large size-large wp-image-8881\" alt=\"\" \/>\t\t\t\t\t\t\t\t\t\t\t\t\t\t\t<\/div>\n\t\t\t\t<\/div>\n\t\t\t\t<div class=\"elementor-element elementor-element-3ba69a0a elementor-align-center elementor-widget elementor-widget-button\" data-id=\"3ba69a0a\" data-element_type=\"widget\" data-e-type=\"widget\" data-widget_type=\"button.default\">\n\t\t\t\t<div class=\"elementor-widget-container\">\n\t\t\t\t\t\t\t\t\t<div class=\"elementor-button-wrapper\">\n\t\t\t\t\t<a class=\"elementor-button elementor-button-link elementor-size-sm\" href=\"https:\/\/lyon-geologie.univ-lyon1.fr\/m1-geosciences\/#m1_opt\">\n\t\t\t\t\t\t<span class=\"elementor-button-content-wrapper\">\n\t\t\t\t\t\t\t\t\t<span class=\"elementor-button-text\">Back to the previous page<\/span>\n\t\t\t\t\t<\/span>\n\t\t\t\t\t<\/a>\n\t\t\t\t<\/div>\n\t\t\t\t\t\t\t\t<\/div>\n\t\t\t\t<\/div>\n\t\t\t\t\t<\/div>\n\t\t<\/div>\n\t\t\t\t<div class=\"elementor-column elementor-col-66 elementor-top-column elementor-element elementor-element-7558715b\" data-id=\"7558715b\" data-element_type=\"column\" data-e-type=\"column\">\n\t\t\t<div class=\"elementor-widget-wrap elementor-element-populated\">\n\t\t\t\t\t\t<div class=\"elementor-element elementor-element-4138dbb5 elementor-widget elementor-widget-text-editor\" data-id=\"4138dbb5\" data-element_type=\"widget\" data-e-type=\"widget\" data-widget_type=\"text-editor.default\">\n\t\t\t\t<div class=\"elementor-widget-container\">\n\t\t\t\t\t\t\t\t\t<p>All biotic and environmental changes are inscribed in time and have a precise duration. How can we estimate such duration by studying the geological archives?  How can we correlate events recorded in different regions of the globe and corresponding to different geological contextes? The bible for such an exercise is provided by the GTS, fixing the ages of stage boundaries and their durations as well.<\/p><p>What are the methods used for the establishment of the GTS, the uncertainties linked to such methods and, finally, how can we confidently use such information?<\/p><p><strong>Goal of the course:\u00a0<\/strong>\u00a0<\/p><ul><li style=\"list-style-type: none;\"><ul><li>to learn the methods both qualitatives and quantitatives for dating and correlating sedimentary successions<\/li><li>to critically analyze the  literature<\/li><\/ul><\/li><\/ul>\t\t\t\t\t\t\t\t<\/div>\n\t\t\t\t<\/div>\n\t\t\t\t<div class=\"elementor-element elementor-element-625d35cd elementor-widget elementor-widget-image\" data-id=\"625d35cd\" data-element_type=\"widget\" data-e-type=\"widget\" data-widget_type=\"image.default\">\n\t\t\t\t<div class=\"elementor-widget-container\">\n\t\t\t\t\t\t\t\t\t\t\t\t<figure class=\"wp-caption\">\n\t\t\t\t\t\t\t\t\t\t<img fetchpriority=\"high\" decoding=\"async\" width=\"1024\" height=\"350\" src=\"https:\/\/lyongeologie.fr\/wp-content\/uploads\/2022\/02\/m1_datcorr-1024x350.png\" class=\"attachment-large size-large wp-image-7443\" alt=\"\" srcset=\"https:\/\/lyongeologie.fr\/wp-content\/uploads\/2022\/02\/m1_datcorr-1024x350.png 1024w, https:\/\/lyongeologie.fr\/wp-content\/uploads\/2022\/02\/m1_datcorr-300x102.png 300w, https:\/\/lyongeologie.fr\/wp-content\/uploads\/2022\/02\/m1_datcorr-768x262.png 768w, https:\/\/lyongeologie.fr\/wp-content\/uploads\/2022\/02\/m1_datcorr.png 1230w\" sizes=\"(max-width: 1024px) 100vw, 1024px\" \/>\t\t\t\t\t\t\t\t\t\t\t<figcaption class=\"widget-image-caption wp-caption-text\"><i><small>Left: an example of major environmental and biotic perturbation, the early Toarcian at ~183 Ma. Right: the  Geological Time Scale (GTS) providing the age and duration of geological stages, as well as the Global Stratotypes Section and Points (golden spikes).<\/small><\/i><\/figcaption>\n\t\t\t\t\t\t\t\t\t\t<\/figure>\n\t\t\t\t\t\t\t\t\t<\/div>\n\t\t\t\t<\/div>\n\t\t\t\t<div class=\"elementor-element elementor-element-e11ae7b elementor-widget elementor-widget-text-editor\" data-id=\"e11ae7b\" data-element_type=\"widget\" data-e-type=\"widget\" data-widget_type=\"text-editor.default\">\n\t\t\t\t<div class=\"elementor-widget-container\">\n\t\t\t\t\t\t\t\t\t<p><strong>Contents:\u00a0<\/strong><\/p><ul><li style=\"list-style-type: none;\"><ul><li>litho-, chrono- and biostratigraphy (probabilistic and deterministic methods)<\/li><li>introduction to quantitative biochronology, the Unitary Associations<\/li><li>astrochronology and the estimation of the duration of sedimentary successions<\/li><li>magnetostratigraphy of Quaternary applied to lacustrine sediments<\/li><\/ul><\/li><\/ul><p><strong>Expected skills:\u00a0<\/strong><\/p><ul><li style=\"list-style-type: none;\"><ul><li>autonomy in article reading and comprehension<\/li><li>skills in the use of stratigraphic scales and associated up-to-date methods<\/li><\/ul><\/li><\/ul>\t\t\t\t\t\t\t\t<\/div>\n\t\t\t\t<\/div>\n\t\t\t\t\t<\/div>\n\t\t<\/div>\n\t\t\t\t\t<\/div>\n\t\t<\/section>\n\t\t\t\t<section class=\"elementor-section elementor-top-section elementor-element elementor-element-4e8308d5 elementor-section-boxed elementor-section-height-default elementor-section-height-default\" data-id=\"4e8308d5\" data-element_type=\"section\" data-e-type=\"section\">\n\t\t\t\t\t\t<div class=\"elementor-container elementor-column-gap-default\">\n\t\t\t\t\t<div class=\"elementor-column elementor-col-100 elementor-top-column elementor-element elementor-element-4a25717e\" data-id=\"4a25717e\" data-element_type=\"column\" data-e-type=\"column\">\n\t\t\t<div class=\"elementor-widget-wrap\">\n\t\t\t\t\t\t\t<\/div>\n\t\t<\/div>\n\t\t\t\t\t<\/div>\n\t\t<\/section>\n\t\t\t\t<\/div>","protected":false},"excerpt":{"rendered":"<p>Datation et Corr\u00e9lation Cr\u00e9dits : 3 ECTS Responsable : Emanuela MATTIOLI. Retour \u00e0 la liste des UEs Les \u00e9v\u00e9nements biotiques et environnementaux s\u2019inscrivent dans le temps. Comment on estime le temps et les dur\u00e9es de ces \u00e9v\u00e9nements dans les roches s\u00e9dimentaires ? Comment on corr\u00e8le des \u00e9v\u00e9nements enregistr\u00e9s dans diff\u00e9rentes r\u00e9gions \u00e0 l\u2019\u00e9chelle du globe [&hellip;]<\/p>\n","protected":false},"author":5,"featured_media":0,"parent":511,"menu_order":0,"comment_status":"closed","ping_status":"closed","template":"","meta":{"site-sidebar-layout":"no-sidebar","site-content-layout":"page-builder","ast-site-content-layout":"default","site-content-style":"default","site-sidebar-style":"default","ast-global-header-display":"","ast-banner-title-visibility":"","ast-main-header-display":"","ast-hfb-above-header-display":"","ast-hfb-below-header-display":"","ast-hfb-mobile-header-display":"","site-post-title":"disabled","ast-breadcrumbs-content":"","ast-featured-img":"disabled","footer-sml-layout":"","ast-disable-related-posts":"","theme-transparent-header-meta":"","adv-header-id-meta":"","stick-header-meta":"","header-above-stick-meta":"","header-main-stick-meta":"","header-below-stick-meta":"","astra-migrate-meta-layouts":"default","ast-page-background-enabled":"default","ast-page-background-meta":{"desktop":{"background-color":"var(--ast-global-color-4)","background-image":"","background-repeat":"repeat","background-position":"center center","background-size":"auto","background-attachment":"scroll","background-type":"","background-media":"","overlay-type":"","overlay-color":"","overlay-opacity":"","overlay-gradient":""},"tablet":{"background-color":"","background-image":"","background-repeat":"repeat","background-position":"center center","background-size":"auto","background-attachment":"scroll","background-type":"","background-media":"","overlay-type":"","overlay-color":"","overlay-opacity":"","overlay-gradient":""},"mobile":{"background-color":"","background-image":"","background-repeat":"repeat","background-position":"center center","background-size":"auto","background-attachment":"scroll","background-type":"","background-media":"","overlay-type":"","overlay-color":"","overlay-opacity":"","overlay-gradient":""}},"ast-content-background-meta":{"desktop":{"background-color":"var(--ast-global-color-5)","background-image":"","background-repeat":"repeat","background-position":"center center","background-size":"auto","background-attachment":"scroll","background-type":"","background-media":"","overlay-type":"","overlay-color":"","overlay-opacity":"","overlay-gradient":""},"tablet":{"background-color":"var(--ast-global-color-5)","background-image":"","background-repeat":"repeat","background-position":"center center","background-size":"auto","background-attachment":"scroll","background-type":"","background-media":"","overlay-type":"","overlay-color":"","overlay-opacity":"","overlay-gradient":""},"mobile":{"background-color":"var(--ast-global-color-5)","background-image":"","background-repeat":"repeat","background-position":"center center","background-size":"auto","background-attachment":"scroll","background-type":"","background-media":"","overlay-type":"","overlay-color":"","overlay-opacity":"","overlay-gradient":""}},"footnotes":""},"class_list":["post-7429","page","type-page","status-publish","hentry"],"_links":{"self":[{"href":"https:\/\/lyongeologie.fr\/en\/wp-json\/wp\/v2\/pages\/7429","targetHints":{"allow":["GET"]}}],"collection":[{"href":"https:\/\/lyongeologie.fr\/en\/wp-json\/wp\/v2\/pages"}],"about":[{"href":"https:\/\/lyongeologie.fr\/en\/wp-json\/wp\/v2\/types\/page"}],"author":[{"embeddable":true,"href":"https:\/\/lyongeologie.fr\/en\/wp-json\/wp\/v2\/users\/5"}],"replies":[{"embeddable":true,"href":"https:\/\/lyongeologie.fr\/en\/wp-json\/wp\/v2\/comments?post=7429"}],"version-history":[{"count":20,"href":"https:\/\/lyongeologie.fr\/en\/wp-json\/wp\/v2\/pages\/7429\/revisions"}],"predecessor-version":[{"id":16307,"href":"https:\/\/lyongeologie.fr\/en\/wp-json\/wp\/v2\/pages\/7429\/revisions\/16307"}],"up":[{"embeddable":true,"href":"https:\/\/lyongeologie.fr\/en\/wp-json\/wp\/v2\/pages\/511"}],"wp:attachment":[{"href":"https:\/\/lyongeologie.fr\/en\/wp-json\/wp\/v2\/media?parent=7429"}],"curies":[{"name":"wp","href":"https:\/\/api.w.org\/{rel}","templated":true}]}}