{"id":6507,"date":"2022-02-03T21:47:47","date_gmt":"2022-02-03T20:47:47","guid":{"rendered":"https:\/\/lyon-geologie.univ-lyon1.fr\/?page_id=6507"},"modified":"2022-02-13T21:03:52","modified_gmt":"2022-02-13T20:03:52","slug":"l2-mpe","status":"publish","type":"page","link":"https:\/\/lyongeologie.fr\/en\/l2-geosciences\/l2-mpe\/","title":{"rendered":"L2 Min\u00e9ralogie et P\u00e9trologie endog\u00e8ne"},"content":{"rendered":"<div data-elementor-type=\"wp-page\" data-elementor-id=\"6507\" class=\"elementor elementor-6507\">\n\t\t\t\t\t\t<section class=\"elementor-section elementor-top-section elementor-element elementor-element-6d602d4c elementor-section-boxed elementor-section-height-default elementor-section-height-default\" data-id=\"6d602d4c\" data-element_type=\"section\" data-e-type=\"section\">\n\t\t\t\t\t\t<div class=\"elementor-container elementor-column-gap-default\">\n\t\t\t\t\t<div class=\"elementor-column elementor-col-100 elementor-top-column elementor-element elementor-element-7398d416\" data-id=\"7398d416\" data-element_type=\"column\" data-e-type=\"column\">\n\t\t\t<div class=\"elementor-widget-wrap elementor-element-populated\">\n\t\t\t\t\t\t<div class=\"elementor-element elementor-element-70fc2b8 elementor-widget elementor-widget-text-editor\" data-id=\"70fc2b8\" data-element_type=\"widget\" data-e-type=\"widget\" data-widget_type=\"text-editor.default\">\n\t\t\t\t<div class=\"elementor-widget-container\">\n\t\t\t\t\t\t\t\t\t<h2><strong>Mineralogy and igneous\/metamorphic petrology<\/strong><\/h2>\t\t\t\t\t\t\t\t<\/div>\n\t\t\t\t<\/div>\n\t\t\t\t\t<\/div>\n\t\t<\/div>\n\t\t\t\t\t<\/div>\n\t\t<\/section>\n\t\t\t\t<section class=\"elementor-section elementor-top-section elementor-element elementor-element-536596bb elementor-section-boxed elementor-section-height-default elementor-section-height-default\" data-id=\"536596bb\" data-element_type=\"section\" data-e-type=\"section\">\n\t\t\t\t\t\t<div class=\"elementor-container elementor-column-gap-default\">\n\t\t\t\t\t<div class=\"elementor-column elementor-col-33 elementor-top-column elementor-element elementor-element-190a6bf5\" data-id=\"190a6bf5\" data-element_type=\"column\" data-e-type=\"column\">\n\t\t\t<div class=\"elementor-widget-wrap elementor-element-populated\">\n\t\t\t\t\t\t<div class=\"elementor-element elementor-element-485b9d0f elementor-widget elementor-widget-text-editor\" data-id=\"485b9d0f\" data-element_type=\"widget\" data-e-type=\"widget\" data-widget_type=\"text-editor.default\">\n\t\t\t\t<div class=\"elementor-widget-container\">\n\t\t\t\t\t\t\t\t\t<p><em>Credits: <\/em>6 ECTS<\/p><p><em>Semestre :<\/em> Automne (S3)<\/p><p><em>Contact: <a href=\"mailto:muriel.andreani@univ-lyon1.fr\">Muriel ANDR\u00c9ANI<\/a><\/em><\/p>\t\t\t\t\t\t\t\t<\/div>\n\t\t\t\t<\/div>\n\t\t\t\t<div class=\"elementor-element elementor-element-1737b7d elementor-widget elementor-widget-image\" data-id=\"1737b7d\" data-element_type=\"widget\" data-e-type=\"widget\" data-widget_type=\"image.default\">\n\t\t\t\t<div class=\"elementor-widget-container\">\n\t\t\t\t\t\t\t\t\t\t\t\t\t\t\t<img decoding=\"async\" width=\"150\" height=\"150\" src=\"https:\/\/lyongeologie.fr\/wp-content\/uploads\/2022\/02\/muriel_andreani.png\" class=\"attachment-large size-large wp-image-12331\" alt=\"\" \/>\t\t\t\t\t\t\t\t\t\t\t\t\t\t\t<\/div>\n\t\t\t\t<\/div>\n\t\t\t\t<div class=\"elementor-element elementor-element-7f710de elementor-align-center elementor-widget elementor-widget-button\" data-id=\"7f710de\" data-element_type=\"widget\" data-e-type=\"widget\" data-widget_type=\"button.default\">\n\t\t\t\t<div class=\"elementor-widget-container\">\n\t\t\t\t\t\t\t\t\t<div class=\"elementor-button-wrapper\">\n\t\t\t\t\t<a class=\"elementor-button elementor-button-link elementor-size-sm\" href=\"https:\/\/lyon-geologie.univ-lyon1.fr\/l2-geosciences\/#l2_tc\">\n\t\t\t\t\t\t<span class=\"elementor-button-content-wrapper\">\n\t\t\t\t\t\t\t\t\t<span class=\"elementor-button-text\">Back to the previous page<\/span>\n\t\t\t\t\t<\/span>\n\t\t\t\t\t<\/a>\n\t\t\t\t<\/div>\n\t\t\t\t\t\t\t\t<\/div>\n\t\t\t\t<\/div>\n\t\t\t\t\t<\/div>\n\t\t<\/div>\n\t\t\t\t<div class=\"elementor-column elementor-col-66 elementor-top-column elementor-element elementor-element-2e068488\" data-id=\"2e068488\" data-element_type=\"column\" data-e-type=\"column\">\n\t\t\t<div class=\"elementor-widget-wrap elementor-element-populated\">\n\t\t\t\t\t\t<div class=\"elementor-element elementor-element-35ae3b04 elementor-widget elementor-widget-text-editor\" data-id=\"35ae3b04\" data-element_type=\"widget\" data-e-type=\"widget\" data-widget_type=\"text-editor.default\">\n\t\t\t\t<div class=\"elementor-widget-container\">\n\t\t\t\t\t\t\t\t\t<p>Dans cette UE vous d\u00e9couvrirez l\u2019organisation physique, la composition chimique et les m\u00e9thodes de <strong>reconnaissance des principaux min\u00e9raux composant les roches endog\u00e8nes<\/strong> (form\u00e9es en profondeur). L&rsquo;objectif est de parvenir \u00e0 leur <strong>identification<\/strong> et de comprendre leur <strong>classification<\/strong>, ainsi que les informations courantes fournies dans les manuels de min\u00e9ralogie et cristallographie. Le module s&rsquo;articule en deux volets :<\/p><ul><li><strong>Min\u00e9ralogie<\/strong><ul><li>Structure et chimie des cristaux (coordinences, mod\u00e8le des solides ioniques, syst\u00e8mes cristallins, morphologie des min\u00e9raux, indices de Miller).<\/li><li>Introduction aux techniques de caract\u00e9risation (couleur des min\u00e9raux, microscopie optique\/optique cristalline, DRX, calcul de la formule structurale).<\/li><li>Les grandes familles de min\u00e9raux (d\u00e9tail sur les silicates + pr\u00e9sentations rapides des autres familles).<\/li><\/ul><\/li><\/ul>\t\t\t\t\t\t\t\t<\/div>\n\t\t\t\t<\/div>\n\t\t\t\t<div class=\"elementor-element elementor-element-8034d57 elementor-widget elementor-widget-image\" data-id=\"8034d57\" data-element_type=\"widget\" data-e-type=\"widget\" data-widget_type=\"image.default\">\n\t\t\t\t<div class=\"elementor-widget-container\">\n\t\t\t\t\t\t\t\t\t\t\t\t\t\t\t<img fetchpriority=\"high\" decoding=\"async\" width=\"699\" height=\"241\" src=\"https:\/\/lyongeologie.fr\/wp-content\/uploads\/2022\/02\/MPE_1.png\" class=\"attachment-large size-large wp-image-8385\" alt=\"\" srcset=\"https:\/\/lyongeologie.fr\/wp-content\/uploads\/2022\/02\/MPE_1.png 699w, https:\/\/lyongeologie.fr\/wp-content\/uploads\/2022\/02\/MPE_1-300x103.png 300w\" sizes=\"(max-width: 699px) 100vw, 699px\" \/>\t\t\t\t\t\t\t\t\t\t\t\t\t\t\t<\/div>\n\t\t\t\t<\/div>\n\t\t\t\t<div class=\"elementor-element elementor-element-e8cbbb3 elementor-widget elementor-widget-text-editor\" data-id=\"e8cbbb3\" data-element_type=\"widget\" data-e-type=\"widget\" data-widget_type=\"text-editor.default\">\n\t\t\t\t<div class=\"elementor-widget-container\">\n\t\t\t\t\t\t\t\t\t<ul>\n \t<li><strong>P\u00e9trologie endog\u00e8ne<\/strong>\n<ul>\n \t<li>Principaux groupes de roches magmatiques et m\u00e9tamorphiques, raisonnement sur les processus de formation et de transformation associ\u00e9s dans leur contexte g\u00e9odynamique.<\/li>\n \t<li>TP d\u2019identification macroscopique et en lame mince (microscope polarisant) des principaux min\u00e9raux des roches endog\u00e8nes. Nomenclature des roches, textures classiques, structures et paragen\u00e8ses.<\/li>\n<\/ul>\n<\/li>\n<\/ul>\n<\/li>\n<\/ul>\t\t\t\t\t\t\t\t<\/div>\n\t\t\t\t<\/div>\n\t\t\t\t<div class=\"elementor-element elementor-element-45d2d87 elementor-widget elementor-widget-image\" data-id=\"45d2d87\" data-element_type=\"widget\" data-e-type=\"widget\" data-widget_type=\"image.default\">\n\t\t\t\t<div class=\"elementor-widget-container\">\n\t\t\t\t\t\t\t\t\t\t\t\t\t\t\t<img decoding=\"async\" width=\"888\" height=\"231\" src=\"https:\/\/lyongeologie.fr\/wp-content\/uploads\/2022\/02\/MPE_2.png\" class=\"attachment-large size-large wp-image-8387\" alt=\"\" srcset=\"https:\/\/lyongeologie.fr\/wp-content\/uploads\/2022\/02\/MPE_2.png 888w, https:\/\/lyongeologie.fr\/wp-content\/uploads\/2022\/02\/MPE_2-300x78.png 300w, https:\/\/lyongeologie.fr\/wp-content\/uploads\/2022\/02\/MPE_2-768x200.png 768w\" sizes=\"(max-width: 888px) 100vw, 888px\" \/>\t\t\t\t\t\t\t\t\t\t\t\t\t\t\t<\/div>\n\t\t\t\t<\/div>\n\t\t\t\t<div class=\"elementor-element elementor-element-9c5a948 elementor-widget elementor-widget-text-editor\" data-id=\"9c5a948\" data-element_type=\"widget\" data-e-type=\"widget\" data-widget_type=\"text-editor.default\">\n\t\t\t\t<div class=\"elementor-widget-container\">\n\t\t\t\t\t\t\t\t\t<p>Cette UE sert de base pour les modules du parcours L3 G\u00e9oS \u00ab\u00a0<a href=\"https:\/\/lyon-geologie.univ-lyon1.fr\/en\/l3-geosciences\/l3g_petroendo\/\">Min\u00e9ralogie-p\u00e9trologie endog\u00e8nes<\/a>\u00a0\u00bb et \u00ab\u00a0<a href=\"https:\/\/lyon-geologie.univ-lyon1.fr\/en\/l3-geosciences\/l3g_min2\/\">Min\u00e9ralogie et ses applications fondamentales et soci\u00e9tale<\/a>s\u00a0\u00bb. <\/p>\t\t\t\t\t\t\t\t<\/div>\n\t\t\t\t<\/div>\n\t\t\t\t\t<\/div>\n\t\t<\/div>\n\t\t\t\t\t<\/div>\n\t\t<\/section>\n\t\t\t\t<section class=\"elementor-section elementor-top-section elementor-element elementor-element-135a3e37 elementor-section-boxed elementor-section-height-default elementor-section-height-default\" data-id=\"135a3e37\" data-element_type=\"section\" data-e-type=\"section\">\n\t\t\t\t\t\t<div class=\"elementor-container elementor-column-gap-default\">\n\t\t\t\t\t<div class=\"elementor-column elementor-col-100 elementor-top-column elementor-element elementor-element-67a7531\" data-id=\"67a7531\" data-element_type=\"column\" data-e-type=\"column\">\n\t\t\t<div class=\"elementor-widget-wrap\">\n\t\t\t\t\t\t\t<\/div>\n\t\t<\/div>\n\t\t\t\t\t<\/div>\n\t\t<\/section>\n\t\t\t\t<\/div>","protected":false},"excerpt":{"rendered":"<p>Min\u00e9ralogie et p\u00e9trologie endog\u00e8ne Cr\u00e9dits : 6 ECTS Semestre : Automne (S3) Responsable : Muriel ANDR\u00c9ANI Retour \u00e0 la liste des UEs Dans cette UE vous d\u00e9couvrirez l\u2019organisation physique, la composition chimique et les m\u00e9thodes de reconnaissance des principaux min\u00e9raux composant les roches endog\u00e8nes (form\u00e9es en profondeur). L&rsquo;objectif est de parvenir \u00e0 leur identification et [&hellip;]<\/p>\n","protected":false},"author":7,"featured_media":0,"parent":479,"menu_order":0,"comment_status":"closed","ping_status":"closed","template":"","meta":{"site-sidebar-layout":"no-sidebar","site-content-layout":"page-builder","ast-site-content-layout":"default","site-content-style":"default","site-sidebar-style":"default","ast-global-header-display":"","ast-banner-title-visibility":"","ast-main-header-display":"","ast-hfb-above-header-display":"","ast-hfb-below-header-display":"","ast-hfb-mobile-header-display":"","site-post-title":"disabled","ast-breadcrumbs-content":"","ast-featured-img":"disabled","footer-sml-layout":"","ast-disable-related-posts":"","theme-transparent-header-meta":"","adv-header-id-meta":"","stick-header-meta":"","header-above-stick-meta":"","header-main-stick-meta":"","header-below-stick-meta":"","astra-migrate-meta-layouts":"default","ast-page-background-enabled":"default","ast-page-background-meta":{"desktop":{"background-color":"var(--ast-global-color-4)","background-image":"","background-repeat":"repeat","background-position":"center center","background-size":"auto","background-attachment":"scroll","background-type":"","background-media":"","overlay-type":"","overlay-color":"","overlay-opacity":"","overlay-gradient":""},"tablet":{"background-color":"","background-image":"","background-repeat":"repeat","background-position":"center center","background-size":"auto","background-attachment":"scroll","background-type":"","background-media":"","overlay-type":"","overlay-color":"","overlay-opacity":"","overlay-gradient":""},"mobile":{"background-color":"","background-image":"","background-repeat":"repeat","background-position":"center center","background-size":"auto","background-attachment":"scroll","background-type":"","background-media":"","overlay-type":"","overlay-color":"","overlay-opacity":"","overlay-gradient":""}},"ast-content-background-meta":{"desktop":{"background-color":"var(--ast-global-color-5)","background-image":"","background-repeat":"repeat","background-position":"center center","background-size":"auto","background-attachment":"scroll","background-type":"","background-media":"","overlay-type":"","overlay-color":"","overlay-opacity":"","overlay-gradient":""},"tablet":{"background-color":"var(--ast-global-color-5)","background-image":"","background-repeat":"repeat","background-position":"center center","background-size":"auto","background-attachment":"scroll","background-type":"","background-media":"","overlay-type":"","overlay-color":"","overlay-opacity":"","overlay-gradient":""},"mobile":{"background-color":"var(--ast-global-color-5)","background-image":"","background-repeat":"repeat","background-position":"center center","background-size":"auto","background-attachment":"scroll","background-type":"","background-media":"","overlay-type":"","overlay-color":"","overlay-opacity":"","overlay-gradient":""}},"footnotes":""},"class_list":["post-6507","page","type-page","status-publish","hentry"],"_links":{"self":[{"href":"https:\/\/lyongeologie.fr\/en\/wp-json\/wp\/v2\/pages\/6507","targetHints":{"allow":["GET"]}}],"collection":[{"href":"https:\/\/lyongeologie.fr\/en\/wp-json\/wp\/v2\/pages"}],"about":[{"href":"https:\/\/lyongeologie.fr\/en\/wp-json\/wp\/v2\/types\/page"}],"author":[{"embeddable":true,"href":"https:\/\/lyongeologie.fr\/en\/wp-json\/wp\/v2\/users\/7"}],"replies":[{"embeddable":true,"href":"https:\/\/lyongeologie.fr\/en\/wp-json\/wp\/v2\/comments?post=6507"}],"version-history":[{"count":70,"href":"https:\/\/lyongeologie.fr\/en\/wp-json\/wp\/v2\/pages\/6507\/revisions"}],"predecessor-version":[{"id":13231,"href":"https:\/\/lyongeologie.fr\/en\/wp-json\/wp\/v2\/pages\/6507\/revisions\/13231"}],"up":[{"embeddable":true,"href":"https:\/\/lyongeologie.fr\/en\/wp-json\/wp\/v2\/pages\/479"}],"wp:attachment":[{"href":"https:\/\/lyongeologie.fr\/en\/wp-json\/wp\/v2\/media?parent=6507"}],"curies":[{"name":"wp","href":"https:\/\/api.w.org\/{rel}","templated":true}]}}