{"id":6019,"date":"2022-02-03T08:22:43","date_gmt":"2022-02-03T07:22:43","guid":{"rendered":"https:\/\/lyon-geologie.univ-lyon1.fr\/?page_id=6019"},"modified":"2023-01-17T11:52:58","modified_gmt":"2023-01-17T10:52:58","slug":"m1_model_num","status":"publish","type":"page","link":"https:\/\/lyongeologie.fr\/en\/m1-geosciences\/m1_model_num\/","title":{"rendered":"M1 M\u00e9thodes num\u00e9riques"},"content":{"rendered":"<div data-elementor-type=\"wp-page\" data-elementor-id=\"6019\" class=\"elementor elementor-6019\">\n\t\t\t\t\t\t<section class=\"elementor-section elementor-top-section elementor-element elementor-element-456ab1ec elementor-section-boxed elementor-section-height-default elementor-section-height-default\" data-id=\"456ab1ec\" data-element_type=\"section\" data-e-type=\"section\">\n\t\t\t\t\t\t<div class=\"elementor-container elementor-column-gap-default\">\n\t\t\t\t\t<div class=\"elementor-column elementor-col-100 elementor-top-column elementor-element elementor-element-2bc615ef\" data-id=\"2bc615ef\" data-element_type=\"column\" data-e-type=\"column\">\n\t\t\t<div class=\"elementor-widget-wrap elementor-element-populated\">\n\t\t\t\t\t\t<div class=\"elementor-element elementor-element-47c0784d elementor-widget elementor-widget-text-editor\" data-id=\"47c0784d\" data-element_type=\"widget\" data-e-type=\"widget\" data-widget_type=\"text-editor.default\">\n\t\t\t\t<div class=\"elementor-widget-container\">\n\t\t\t\t\t\t\t\t\t<h2><strong>Numerical Methods<br \/><\/strong><\/h2>\t\t\t\t\t\t\t\t<\/div>\n\t\t\t\t<\/div>\n\t\t\t\t\t<\/div>\n\t\t<\/div>\n\t\t\t\t\t<\/div>\n\t\t<\/section>\n\t\t\t\t<section class=\"elementor-section elementor-top-section elementor-element elementor-element-71a4a88d elementor-section-boxed elementor-section-height-default elementor-section-height-default\" data-id=\"71a4a88d\" data-element_type=\"section\" data-e-type=\"section\">\n\t\t\t\t\t\t<div class=\"elementor-container elementor-column-gap-default\">\n\t\t\t\t\t<div class=\"elementor-column elementor-col-33 elementor-top-column elementor-element elementor-element-57999aae\" data-id=\"57999aae\" data-element_type=\"column\" data-e-type=\"column\">\n\t\t\t<div class=\"elementor-widget-wrap elementor-element-populated\">\n\t\t\t\t\t\t<div class=\"elementor-element elementor-element-56cce169 elementor-widget elementor-widget-text-editor\" data-id=\"56cce169\" data-element_type=\"widget\" data-e-type=\"widget\" data-widget_type=\"text-editor.default\">\n\t\t\t\t<div class=\"elementor-widget-container\">\n\t\t\t\t\t\t\t\t\t<p><em>3 Credits<\/em><\/p><p><em>Contact: <a href=\"mailto:fabien.dubuffet@univ-lyon1.fr\">Fabien DUBUFFET<\/a><br \/><\/em><\/p>\t\t\t\t\t\t\t\t<\/div>\n\t\t\t\t<\/div>\n\t\t\t\t<div class=\"elementor-element elementor-element-d2969c0 elementor-widget elementor-widget-image\" data-id=\"d2969c0\" data-element_type=\"widget\" data-e-type=\"widget\" data-widget_type=\"image.default\">\n\t\t\t\t<div class=\"elementor-widget-container\">\n\t\t\t\t\t\t\t\t\t\t\t\t\t\t\t<img decoding=\"async\" width=\"150\" height=\"150\" src=\"https:\/\/lyongeologie.fr\/wp-content\/uploads\/2022\/02\/fabien_dubuffet.png\" class=\"attachment-large size-large wp-image-8887\" alt=\"\" \/>\t\t\t\t\t\t\t\t\t\t\t\t\t\t\t<\/div>\n\t\t\t\t<\/div>\n\t\t\t\t<div class=\"elementor-element elementor-element-289518d elementor-align-center elementor-widget elementor-widget-button\" data-id=\"289518d\" data-element_type=\"widget\" data-e-type=\"widget\" data-widget_type=\"button.default\">\n\t\t\t\t<div class=\"elementor-widget-container\">\n\t\t\t\t\t\t\t\t\t<div class=\"elementor-button-wrapper\">\n\t\t\t\t\t<a class=\"elementor-button elementor-button-link elementor-size-sm\" href=\"https:\/\/lyon-geologie.univ-lyon1.fr\/m1-geosciences\/#m1_opt\">\n\t\t\t\t\t\t<span class=\"elementor-button-content-wrapper\">\n\t\t\t\t\t\t\t\t\t<span class=\"elementor-button-text\">Back to the previous page<\/span>\n\t\t\t\t\t<\/span>\n\t\t\t\t\t<\/a>\n\t\t\t\t<\/div>\n\t\t\t\t\t\t\t\t<\/div>\n\t\t\t\t<\/div>\n\t\t\t\t\t<\/div>\n\t\t<\/div>\n\t\t\t\t<div class=\"elementor-column elementor-col-66 elementor-top-column elementor-element elementor-element-7bb589c4\" data-id=\"7bb589c4\" data-element_type=\"column\" data-e-type=\"column\">\n\t\t\t<div class=\"elementor-widget-wrap elementor-element-populated\">\n\t\t\t\t\t\t<div class=\"elementor-element elementor-element-212a7e19 elementor-widget elementor-widget-text-editor\" data-id=\"212a7e19\" data-element_type=\"widget\" data-e-type=\"widget\" data-widget_type=\"text-editor.default\">\n\t\t\t\t<div class=\"elementor-widget-container\">\n\t\t\t\t\t\t\t\t\t<p><strong><u>Objectifs p\u00e9dagogiques<\/u><\/strong><strong> :<\/strong><strong>\u00a0<\/strong><\/p><p>L&rsquo;\u00e9tudiant sera \u00e0 m\u00eame de r\u00e9soudre des probl\u00e8mes num\u00e9riques simples en science de la Terre. Il disposera des \u00e9l\u00e9ments de base pour modifier et construire des codes num\u00e9riques plus g\u00e9n\u00e9raux.<\/p>\t\t\t\t\t\t\t\t<\/div>\n\t\t\t\t<\/div>\n\t\t\t\t<div class=\"elementor-element elementor-element-54aea5a elementor-widget elementor-widget-image\" data-id=\"54aea5a\" data-element_type=\"widget\" data-e-type=\"widget\" data-widget_type=\"image.default\">\n\t\t\t\t<div class=\"elementor-widget-container\">\n\t\t\t\t\t\t\t\t\t\t\t\t\t\t\t<img fetchpriority=\"high\" decoding=\"async\" width=\"941\" height=\"243\" src=\"https:\/\/lyongeologie.fr\/wp-content\/uploads\/2022\/02\/m1_methodes_num.png\" class=\"attachment-large size-large wp-image-9959\" alt=\"\" srcset=\"https:\/\/lyongeologie.fr\/wp-content\/uploads\/2022\/02\/m1_methodes_num.png 941w, https:\/\/lyongeologie.fr\/wp-content\/uploads\/2022\/02\/m1_methodes_num-300x77.png 300w, https:\/\/lyongeologie.fr\/wp-content\/uploads\/2022\/02\/m1_methodes_num-768x198.png 768w\" sizes=\"(max-width: 941px) 100vw, 941px\" \/>\t\t\t\t\t\t\t\t\t\t\t\t\t\t\t<\/div>\n\t\t\t\t<\/div>\n\t\t\t\t<div class=\"elementor-element elementor-element-19cc183 elementor-widget elementor-widget-text-editor\" data-id=\"19cc183\" data-element_type=\"widget\" data-e-type=\"widget\" data-widget_type=\"text-editor.default\">\n\t\t\t\t<div class=\"elementor-widget-container\">\n\t\t\t\t\t\t\t\t\t<p><strong><u>Contenu des cours (14h) <\/u><\/strong><strong>:<\/strong><\/p><ul><li style=\"list-style-type: none;\"><ul><li>Diff\u00e9rences finies et volumes finis :<br \/><ul><li style=\"list-style-type: none;\"><ul><li>S\u00e9ries de Taylor &#8211; approximation et ordre de pr\u00e9cision<\/li><li>Crit\u00e8re de stabilit\u00e9 &#8211; application au sch\u00e9ma d&rsquo;Euler explicite et implicite, sch\u00e9ma de Crank-Nicolson, et sch\u00e9ma aux directions altern\u00e9es<\/li><li>\u00c9quation modifi\u00e9e: dissipation et dispersion des ondes<\/li><li>Applications aux \u00e9quations paraboliques et hyperboliques<\/li><\/ul><\/li><\/ul><\/li><li>\u00c9l\u00e9ments finis : principes et exemples d\u2019application<\/li><li>M\u00e9thodes aux \u00e9l\u00e9ments discrets : principes et exemples d\u2019application<\/li><\/ul><\/li><\/ul><p><strong><u>Travaux Pratiques (16h)<\/u> : <\/strong>R\u00e9soudre un probl\u00e8me en mettant en \u0153uvre une ou plusieurs m\u00e9thodes pr\u00e9sent\u00e9es en cours. V\u00e9rifier \u00e0 post\u00e9riori la pr\u00e9cision de ce mod\u00e8le.<\/p><p><strong><u>Modalit\u00e9 d\u2019\u00e9valuation<\/u><\/strong><strong> : <\/strong>CT \u00e9crit et CC (note des travaux pratiques)<\/p>\t\t\t\t\t\t\t\t<\/div>\n\t\t\t\t<\/div>\n\t\t\t\t\t<\/div>\n\t\t<\/div>\n\t\t\t\t\t<\/div>\n\t\t<\/section>\n\t\t\t\t<\/div>","protected":false},"excerpt":{"rendered":"<p>M\u00e9thodes Num\u00e9riques Cr\u00e9dits : 3 ECTS Responsable : Fabien DUBUFFET Retour \u00e0 la liste des UEs Objectifs p\u00e9dagogiques :\u00a0 L&rsquo;\u00e9tudiant sera \u00e0 m\u00eame de r\u00e9soudre des probl\u00e8mes num\u00e9riques simples en science de la Terre. Il disposera des \u00e9l\u00e9ments de base pour modifier et construire des codes num\u00e9riques plus g\u00e9n\u00e9raux. Contenu des cours (14h) : Diff\u00e9rences [&hellip;]<\/p>\n","protected":false},"author":5,"featured_media":0,"parent":511,"menu_order":0,"comment_status":"closed","ping_status":"closed","template":"","meta":{"site-sidebar-layout":"no-sidebar","site-content-layout":"page-builder","ast-site-content-layout":"default","site-content-style":"default","site-sidebar-style":"default","ast-global-header-display":"","ast-banner-title-visibility":"","ast-main-header-display":"","ast-hfb-above-header-display":"","ast-hfb-below-header-display":"","ast-hfb-mobile-header-display":"","site-post-title":"disabled","ast-breadcrumbs-content":"","ast-featured-img":"disabled","footer-sml-layout":"","ast-disable-related-posts":"","theme-transparent-header-meta":"","adv-header-id-meta":"","stick-header-meta":"","header-above-stick-meta":"","header-main-stick-meta":"","header-below-stick-meta":"","astra-migrate-meta-layouts":"default","ast-page-background-enabled":"default","ast-page-background-meta":{"desktop":{"background-color":"var(--ast-global-color-4)","background-image":"","background-repeat":"repeat","background-position":"center center","background-size":"auto","background-attachment":"scroll","background-type":"","background-media":"","overlay-type":"","overlay-color":"","overlay-opacity":"","overlay-gradient":""},"tablet":{"background-color":"","background-image":"","background-repeat":"repeat","background-position":"center center","background-size":"auto","background-attachment":"scroll","background-type":"","background-media":"","overlay-type":"","overlay-color":"","overlay-opacity":"","overlay-gradient":""},"mobile":{"background-color":"","background-image":"","background-repeat":"repeat","background-position":"center center","background-size":"auto","background-attachment":"scroll","background-type":"","background-media":"","overlay-type":"","overlay-color":"","overlay-opacity":"","overlay-gradient":""}},"ast-content-background-meta":{"desktop":{"background-color":"var(--ast-global-color-5)","background-image":"","background-repeat":"repeat","background-position":"center center","background-size":"auto","background-attachment":"scroll","background-type":"","background-media":"","overlay-type":"","overlay-color":"","overlay-opacity":"","overlay-gradient":""},"tablet":{"background-color":"var(--ast-global-color-5)","background-image":"","background-repeat":"repeat","background-position":"center center","background-size":"auto","background-attachment":"scroll","background-type":"","background-media":"","overlay-type":"","overlay-color":"","overlay-opacity":"","overlay-gradient":""},"mobile":{"background-color":"var(--ast-global-color-5)","background-image":"","background-repeat":"repeat","background-position":"center center","background-size":"auto","background-attachment":"scroll","background-type":"","background-media":"","overlay-type":"","overlay-color":"","overlay-opacity":"","overlay-gradient":""}},"footnotes":""},"class_list":["post-6019","page","type-page","status-publish","hentry"],"_links":{"self":[{"href":"https:\/\/lyongeologie.fr\/en\/wp-json\/wp\/v2\/pages\/6019","targetHints":{"allow":["GET"]}}],"collection":[{"href":"https:\/\/lyongeologie.fr\/en\/wp-json\/wp\/v2\/pages"}],"about":[{"href":"https:\/\/lyongeologie.fr\/en\/wp-json\/wp\/v2\/types\/page"}],"author":[{"embeddable":true,"href":"https:\/\/lyongeologie.fr\/en\/wp-json\/wp\/v2\/users\/5"}],"replies":[{"embeddable":true,"href":"https:\/\/lyongeologie.fr\/en\/wp-json\/wp\/v2\/comments?post=6019"}],"version-history":[{"count":23,"href":"https:\/\/lyongeologie.fr\/en\/wp-json\/wp\/v2\/pages\/6019\/revisions"}],"predecessor-version":[{"id":16317,"href":"https:\/\/lyongeologie.fr\/en\/wp-json\/wp\/v2\/pages\/6019\/revisions\/16317"}],"up":[{"embeddable":true,"href":"https:\/\/lyongeologie.fr\/en\/wp-json\/wp\/v2\/pages\/511"}],"wp:attachment":[{"href":"https:\/\/lyongeologie.fr\/en\/wp-json\/wp\/v2\/media?parent=6019"}],"curies":[{"name":"wp","href":"https:\/\/api.w.org\/{rel}","templated":true}]}}