{"id":5953,"date":"2022-02-03T08:00:50","date_gmt":"2022-02-03T07:00:50","guid":{"rendered":"https:\/\/lyon-geologie.univ-lyon1.fr\/?page_id=5953"},"modified":"2023-01-17T11:51:56","modified_gmt":"2023-01-17T10:51:56","slug":"m1_datasc","status":"publish","type":"page","link":"https:\/\/lyongeologie.fr\/en\/m1-geosciences\/m1_datasc\/","title":{"rendered":"M1 Data science"},"content":{"rendered":"<div data-elementor-type=\"wp-page\" data-elementor-id=\"5953\" class=\"elementor elementor-5953\">\n\t\t\t\t\t\t<section class=\"elementor-section elementor-top-section elementor-element elementor-element-13af3d63 elementor-section-boxed elementor-section-height-default elementor-section-height-default\" data-id=\"13af3d63\" data-element_type=\"section\" data-e-type=\"section\">\n\t\t\t\t\t\t<div class=\"elementor-container elementor-column-gap-default\">\n\t\t\t\t\t<div class=\"elementor-column elementor-col-100 elementor-top-column elementor-element elementor-element-1c1302a4\" data-id=\"1c1302a4\" data-element_type=\"column\" data-e-type=\"column\">\n\t\t\t<div class=\"elementor-widget-wrap elementor-element-populated\">\n\t\t\t\t\t\t<div class=\"elementor-element elementor-element-6c41c4e4 elementor-widget elementor-widget-text-editor\" data-id=\"6c41c4e4\" data-element_type=\"widget\" data-e-type=\"widget\" data-widget_type=\"text-editor.default\">\n\t\t\t\t<div class=\"elementor-widget-container\">\n\t\t\t\t\t\t\t\t\t<h2><strong>Data Science<br \/><\/strong><\/h2>\t\t\t\t\t\t\t\t<\/div>\n\t\t\t\t<\/div>\n\t\t\t\t\t<\/div>\n\t\t<\/div>\n\t\t\t\t\t<\/div>\n\t\t<\/section>\n\t\t\t\t<section class=\"elementor-section elementor-top-section elementor-element elementor-element-736899fd elementor-section-boxed elementor-section-height-default elementor-section-height-default\" data-id=\"736899fd\" data-element_type=\"section\" data-e-type=\"section\">\n\t\t\t\t\t\t<div class=\"elementor-container elementor-column-gap-default\">\n\t\t\t\t\t<div class=\"elementor-column elementor-col-33 elementor-top-column elementor-element elementor-element-6f54318\" data-id=\"6f54318\" data-element_type=\"column\" data-e-type=\"column\">\n\t\t\t<div class=\"elementor-widget-wrap elementor-element-populated\">\n\t\t\t\t\t\t<div class=\"elementor-element elementor-element-7b392f0d elementor-widget elementor-widget-text-editor\" data-id=\"7b392f0d\" data-element_type=\"widget\" data-e-type=\"widget\" data-widget_type=\"text-editor.default\">\n\t\t\t\t<div class=\"elementor-widget-container\">\n\t\t\t\t\t\t\t\t\t<p><em>3 Credits<\/em><\/p><p style=\"text-align: center;\"><em>Contact: <a href=\"mailto:frederic.chambat@ens-lyon.fr\">Fr\u00e9d\u00e9ric CHAMBAT<\/a><br \/><\/em><\/p>\t\t\t\t\t\t\t\t<\/div>\n\t\t\t\t<\/div>\n\t\t\t\t<div class=\"elementor-element elementor-element-ff1a2b0 elementor-widget elementor-widget-image\" data-id=\"ff1a2b0\" data-element_type=\"widget\" data-e-type=\"widget\" data-widget_type=\"image.default\">\n\t\t\t\t<div class=\"elementor-widget-container\">\n\t\t\t\t\t\t\t\t\t\t\t\t\t\t\t<img decoding=\"async\" width=\"150\" height=\"150\" src=\"https:\/\/lyongeologie.fr\/wp-content\/uploads\/2022\/02\/frederic_chambat-150x150.png\" class=\"attachment-thumbnail size-thumbnail wp-image-8891\" alt=\"\" srcset=\"https:\/\/lyongeologie.fr\/wp-content\/uploads\/2022\/02\/frederic_chambat-150x150.png 150w, https:\/\/lyongeologie.fr\/wp-content\/uploads\/2022\/02\/frederic_chambat-300x300.png 300w, https:\/\/lyongeologie.fr\/wp-content\/uploads\/2022\/02\/frederic_chambat.png 500w\" sizes=\"(max-width: 150px) 100vw, 150px\" \/>\t\t\t\t\t\t\t\t\t\t\t\t\t\t\t<\/div>\n\t\t\t\t<\/div>\n\t\t\t\t<div class=\"elementor-element elementor-element-427272c0 elementor-align-center elementor-widget elementor-widget-button\" data-id=\"427272c0\" data-element_type=\"widget\" data-e-type=\"widget\" data-widget_type=\"button.default\">\n\t\t\t\t<div class=\"elementor-widget-container\">\n\t\t\t\t\t\t\t\t\t<div class=\"elementor-button-wrapper\">\n\t\t\t\t\t<a class=\"elementor-button elementor-button-link elementor-size-sm\" href=\"https:\/\/lyon-geologie.univ-lyon1.fr\/m1-geosciences\/#m1_opt\">\n\t\t\t\t\t\t<span class=\"elementor-button-content-wrapper\">\n\t\t\t\t\t\t\t\t\t<span class=\"elementor-button-text\">Back to the previous page<\/span>\n\t\t\t\t\t<\/span>\n\t\t\t\t\t<\/a>\n\t\t\t\t<\/div>\n\t\t\t\t\t\t\t\t<\/div>\n\t\t\t\t<\/div>\n\t\t\t\t\t<\/div>\n\t\t<\/div>\n\t\t\t\t<div class=\"elementor-column elementor-col-66 elementor-top-column elementor-element elementor-element-31d53c1a\" data-id=\"31d53c1a\" data-element_type=\"column\" data-e-type=\"column\">\n\t\t\t<div class=\"elementor-widget-wrap elementor-element-populated\">\n\t\t\t\t\t\t<div class=\"elementor-element elementor-element-fd917b6 elementor-widget elementor-widget-text-editor\" data-id=\"fd917b6\" data-element_type=\"widget\" data-e-type=\"widget\" data-widget_type=\"text-editor.default\">\n\t\t\t\t<div class=\"elementor-widget-container\">\n\t\t\t\t\t\t\t\t\t<p>Any set of data is a signal. In the sciences of the universe, data are sometimes provided in large amounts and processing them is a challenge in itself. But even in simple cases, it is useful to know the fundamentals: the notion of frequency, decomposition on a base of sinusoids, a Fourier spectrum etc.<\/p>\t\t\t\t\t\t\t\t<\/div>\n\t\t\t\t<\/div>\n\t\t\t\t<div class=\"elementor-element elementor-element-349bd5bf elementor-widget elementor-widget-image\" data-id=\"349bd5bf\" data-element_type=\"widget\" data-e-type=\"widget\" data-widget_type=\"image.default\">\n\t\t\t\t<div class=\"elementor-widget-container\">\n\t\t\t\t\t\t\t\t\t\t\t\t<figure class=\"wp-caption\">\n\t\t\t\t\t\t\t\t\t\t<img fetchpriority=\"high\" decoding=\"async\" width=\"481\" height=\"339\" src=\"https:\/\/lyongeologie.fr\/wp-content\/uploads\/2022\/02\/m1_data_sc-1.png\" class=\"attachment-large size-large wp-image-9947\" alt=\"\" srcset=\"https:\/\/lyongeologie.fr\/wp-content\/uploads\/2022\/02\/m1_data_sc-1.png 481w, https:\/\/lyongeologie.fr\/wp-content\/uploads\/2022\/02\/m1_data_sc-1-300x211.png 300w\" sizes=\"(max-width: 481px) 100vw, 481px\" \/>\t\t\t\t\t\t\t\t\t\t\t<figcaption class=\"widget-image-caption wp-caption-text\"><i><small>Temperature versus time (current = 0) recorded in the Dome C ice core. Signal processing allows, among other things, to identify periodicities in this type of curve.<\/small><\/i><\/figcaption>\n\t\t\t\t\t\t\t\t\t\t<\/figure>\n\t\t\t\t\t\t\t\t\t<\/div>\n\t\t\t\t<\/div>\n\t\t\t\t<div class=\"elementor-element elementor-element-427a6b3 elementor-widget elementor-widget-text-editor\" data-id=\"427a6b3\" data-element_type=\"widget\" data-e-type=\"widget\" data-widget_type=\"text-editor.default\">\n\t\t\t\t<div class=\"elementor-widget-container\">\n\t\t\t\t\t\t\t\t\t<p><strong>Contents:<\/strong><\/p><ul><li aria-level=\"1\"><b>Fourier II<\/b> (18h)<ul><li style=\"list-style-type: none;\"><ul><li>Dirac distribution (2h)<\/li><li>Fourier transform, convolution, TF of usual functions, diff. eq. (6h)<\/li><li>Signal processing (10h)<ul><li>Convolution and linear physics<\/li><li>Green's functions<\/li><li>\u00a0Truncation<\/li><li>\u00a0Discretization<\/li><li>DFT and FFT<\/li><li>Apodisation, detrending<\/li><li>Programming of these concepts (4 lab sessions)<\/li><\/ul><\/li><\/ul><\/li><\/ul><\/li><\/ul><ul><li aria-level=\"1\"><b>AI \/ Data science<\/b> (6h)<ul><li style=\"list-style-type: none;\"><ul><li aria-level=\"1\">PCA (2h)<\/li><li aria-level=\"1\">Introduction to classification (k-means method) (2h)<\/li><li aria-level=\"1\">Introduction to neural networks (2h)\u00a0<\/li><\/ul><\/li><\/ul><\/li><\/ul>\t\t\t\t\t\t\t\t<\/div>\n\t\t\t\t<\/div>\n\t\t\t\t\t<\/div>\n\t\t<\/div>\n\t\t\t\t\t<\/div>\n\t\t<\/section>\n\t\t\t\t<section class=\"elementor-section elementor-top-section elementor-element elementor-element-2160102b elementor-section-boxed elementor-section-height-default elementor-section-height-default\" data-id=\"2160102b\" data-element_type=\"section\" data-e-type=\"section\">\n\t\t\t\t\t\t<div class=\"elementor-container elementor-column-gap-default\">\n\t\t\t\t\t<div class=\"elementor-column elementor-col-100 elementor-top-column elementor-element elementor-element-5514d86d\" data-id=\"5514d86d\" data-element_type=\"column\" data-e-type=\"column\">\n\t\t\t<div class=\"elementor-widget-wrap\">\n\t\t\t\t\t\t\t<\/div>\n\t\t<\/div>\n\t\t\t\t\t<\/div>\n\t\t<\/section>\n\t\t\t\t<\/div>","protected":false},"excerpt":{"rendered":"<p>Data Science Cr\u00e9dits : 3 ECTS Responsable : Fr\u00e9d\u00e9ric CHAMBAT Retour \u00e0 la liste des UEs Toute s\u00e9rie de donn\u00e9es constitue un signal. En sciences de l\u2019univers, les donn\u00e9es sont fournies parfois en grand nombre et leur traitement constitue un challenge en soi. Mais m\u00eame dans les cas simples, il est utile de conna\u00eetre les [&hellip;]<\/p>\n","protected":false},"author":5,"featured_media":0,"parent":511,"menu_order":0,"comment_status":"closed","ping_status":"closed","template":"","meta":{"site-sidebar-layout":"no-sidebar","site-content-layout":"page-builder","ast-site-content-layout":"default","site-content-style":"default","site-sidebar-style":"default","ast-global-header-display":"","ast-banner-title-visibility":"","ast-main-header-display":"","ast-hfb-above-header-display":"","ast-hfb-below-header-display":"","ast-hfb-mobile-header-display":"","site-post-title":"disabled","ast-breadcrumbs-content":"","ast-featured-img":"disabled","footer-sml-layout":"","ast-disable-related-posts":"","theme-transparent-header-meta":"","adv-header-id-meta":"","stick-header-meta":"","header-above-stick-meta":"","header-main-stick-meta":"","header-below-stick-meta":"","astra-migrate-meta-layouts":"default","ast-page-background-enabled":"default","ast-page-background-meta":{"desktop":{"background-color":"var(--ast-global-color-4)","background-image":"","background-repeat":"repeat","background-position":"center center","background-size":"auto","background-attachment":"scroll","background-type":"","background-media":"","overlay-type":"","overlay-color":"","overlay-opacity":"","overlay-gradient":""},"tablet":{"background-color":"","background-image":"","background-repeat":"repeat","background-position":"center center","background-size":"auto","background-attachment":"scroll","background-type":"","background-media":"","overlay-type":"","overlay-color":"","overlay-opacity":"","overlay-gradient":""},"mobile":{"background-color":"","background-image":"","background-repeat":"repeat","background-position":"center center","background-size":"auto","background-attachment":"scroll","background-type":"","background-media":"","overlay-type":"","overlay-color":"","overlay-opacity":"","overlay-gradient":""}},"ast-content-background-meta":{"desktop":{"background-color":"var(--ast-global-color-5)","background-image":"","background-repeat":"repeat","background-position":"center center","background-size":"auto","background-attachment":"scroll","background-type":"","background-media":"","overlay-type":"","overlay-color":"","overlay-opacity":"","overlay-gradient":""},"tablet":{"background-color":"var(--ast-global-color-5)","background-image":"","background-repeat":"repeat","background-position":"center center","background-size":"auto","background-attachment":"scroll","background-type":"","background-media":"","overlay-type":"","overlay-color":"","overlay-opacity":"","overlay-gradient":""},"mobile":{"background-color":"var(--ast-global-color-5)","background-image":"","background-repeat":"repeat","background-position":"center center","background-size":"auto","background-attachment":"scroll","background-type":"","background-media":"","overlay-type":"","overlay-color":"","overlay-opacity":"","overlay-gradient":""}},"footnotes":""},"class_list":["post-5953","page","type-page","status-publish","hentry"],"_links":{"self":[{"href":"https:\/\/lyongeologie.fr\/en\/wp-json\/wp\/v2\/pages\/5953","targetHints":{"allow":["GET"]}}],"collection":[{"href":"https:\/\/lyongeologie.fr\/en\/wp-json\/wp\/v2\/pages"}],"about":[{"href":"https:\/\/lyongeologie.fr\/en\/wp-json\/wp\/v2\/types\/page"}],"author":[{"embeddable":true,"href":"https:\/\/lyongeologie.fr\/en\/wp-json\/wp\/v2\/users\/5"}],"replies":[{"embeddable":true,"href":"https:\/\/lyongeologie.fr\/en\/wp-json\/wp\/v2\/comments?post=5953"}],"version-history":[{"count":23,"href":"https:\/\/lyongeologie.fr\/en\/wp-json\/wp\/v2\/pages\/5953\/revisions"}],"predecessor-version":[{"id":16311,"href":"https:\/\/lyongeologie.fr\/en\/wp-json\/wp\/v2\/pages\/5953\/revisions\/16311"}],"up":[{"embeddable":true,"href":"https:\/\/lyongeologie.fr\/en\/wp-json\/wp\/v2\/pages\/511"}],"wp:attachment":[{"href":"https:\/\/lyongeologie.fr\/en\/wp-json\/wp\/v2\/media?parent=5953"}],"curies":[{"name":"wp","href":"https:\/\/api.w.org\/{rel}","templated":true}]}}