{"id":5941,"date":"2022-02-03T07:58:10","date_gmt":"2022-02-03T06:58:10","guid":{"rendered":"https:\/\/lyon-geologie.univ-lyon1.fr\/?page_id=5941"},"modified":"2023-01-17T11:44:43","modified_gmt":"2023-01-17T10:44:43","slug":"m1_convec","status":"publish","type":"page","link":"https:\/\/lyongeologie.fr\/en\/m1-geosciences\/m1_convec\/","title":{"rendered":"M1 Convection et Thermique de la Terre"},"content":{"rendered":"<div data-elementor-type=\"wp-page\" data-elementor-id=\"5941\" class=\"elementor elementor-5941\">\n\t\t\t\t\t\t<section class=\"elementor-section elementor-top-section elementor-element elementor-element-511807f8 elementor-section-boxed elementor-section-height-default elementor-section-height-default\" data-id=\"511807f8\" data-element_type=\"section\" data-e-type=\"section\">\n\t\t\t\t\t\t<div class=\"elementor-container elementor-column-gap-default\">\n\t\t\t\t\t<div class=\"elementor-column elementor-col-100 elementor-top-column elementor-element elementor-element-3365fdd9\" data-id=\"3365fdd9\" data-element_type=\"column\" data-e-type=\"column\">\n\t\t\t<div class=\"elementor-widget-wrap elementor-element-populated\">\n\t\t\t\t\t\t<div class=\"elementor-element elementor-element-68dd2e57 elementor-widget elementor-widget-text-editor\" data-id=\"68dd2e57\" data-element_type=\"widget\" data-e-type=\"widget\" data-widget_type=\"text-editor.default\">\n\t\t\t\t<div class=\"elementor-widget-container\">\n\t\t\t\t\t\t\t\t\t<h2><strong>Convection and thermal evolution of the Earth<br \/><\/strong><\/h2>\t\t\t\t\t\t\t\t<\/div>\n\t\t\t\t<\/div>\n\t\t\t\t\t<\/div>\n\t\t<\/div>\n\t\t\t\t\t<\/div>\n\t\t<\/section>\n\t\t\t\t<section class=\"elementor-section elementor-top-section elementor-element elementor-element-199dcffe elementor-section-boxed elementor-section-height-default elementor-section-height-default\" data-id=\"199dcffe\" data-element_type=\"section\" data-e-type=\"section\">\n\t\t\t\t\t\t<div class=\"elementor-container elementor-column-gap-default\">\n\t\t\t\t\t<div class=\"elementor-column elementor-col-33 elementor-top-column elementor-element elementor-element-1ad2ea1d\" data-id=\"1ad2ea1d\" data-element_type=\"column\" data-e-type=\"column\">\n\t\t\t<div class=\"elementor-widget-wrap elementor-element-populated\">\n\t\t\t\t\t\t<div class=\"elementor-element elementor-element-5a2daefc elementor-widget elementor-widget-text-editor\" data-id=\"5a2daefc\" data-element_type=\"widget\" data-e-type=\"widget\" data-widget_type=\"text-editor.default\">\n\t\t\t\t<div class=\"elementor-widget-container\">\n\t\t\t\t\t\t\t\t\t<p><em>3 Credits<\/em><\/p>\n<p><em>Contact: <a href=\"mailto:stephane.labrosse@ens-lyon.fr\">St\u00e9phane LABROSSE<\/a><br><\/em><\/p>\t\t\t\t\t\t\t\t<\/div>\n\t\t\t\t<\/div>\n\t\t\t\t<div class=\"elementor-element elementor-element-9aca2c3 elementor-widget elementor-widget-image\" data-id=\"9aca2c3\" data-element_type=\"widget\" data-e-type=\"widget\" data-widget_type=\"image.default\">\n\t\t\t\t<div class=\"elementor-widget-container\">\n\t\t\t\t\t\t\t\t\t\t\t\t\t\t\t<img decoding=\"async\" width=\"150\" height=\"150\" src=\"https:\/\/lyongeologie.fr\/wp-content\/uploads\/2022\/02\/stephane_labrosse.png\" class=\"attachment-large size-large wp-image-8919\" alt=\"\" \/>\t\t\t\t\t\t\t\t\t\t\t\t\t\t\t<\/div>\n\t\t\t\t<\/div>\n\t\t\t\t<div class=\"elementor-element elementor-element-4831b2c4 elementor-align-center elementor-widget elementor-widget-button\" data-id=\"4831b2c4\" data-element_type=\"widget\" data-e-type=\"widget\" data-widget_type=\"button.default\">\n\t\t\t\t<div class=\"elementor-widget-container\">\n\t\t\t\t\t\t\t\t\t<div class=\"elementor-button-wrapper\">\n\t\t\t\t\t<a class=\"elementor-button elementor-button-link elementor-size-sm\" href=\"https:\/\/lyon-geologie.univ-lyon1.fr\/m1-geosciences\/#m1_opt\">\n\t\t\t\t\t\t<span class=\"elementor-button-content-wrapper\">\n\t\t\t\t\t\t\t\t\t<span class=\"elementor-button-text\">Back to the previous page<\/span>\n\t\t\t\t\t<\/span>\n\t\t\t\t\t<\/a>\n\t\t\t\t<\/div>\n\t\t\t\t\t\t\t\t<\/div>\n\t\t\t\t<\/div>\n\t\t\t\t\t<\/div>\n\t\t<\/div>\n\t\t\t\t<div class=\"elementor-column elementor-col-66 elementor-top-column elementor-element elementor-element-41c2143b\" data-id=\"41c2143b\" data-element_type=\"column\" data-e-type=\"column\">\n\t\t\t<div class=\"elementor-widget-wrap elementor-element-populated\">\n\t\t\t\t\t\t<div class=\"elementor-element elementor-element-413e91cb elementor-widget elementor-widget-text-editor\" data-id=\"413e91cb\" data-element_type=\"widget\" data-e-type=\"widget\" data-widget_type=\"text-editor.default\">\n\t\t\t\t<div class=\"elementor-widget-container\">\n\t\t\t\t\t\t\t\t\t<p><strong>L\u2019objectif de ce cours <\/strong>est de montrer comment les principes physiques du transfert de chaleur peuvent s\u2019appliquer \u00e0 l\u2019int\u00e9rieur de la Terre et des plan\u00e8tes pour \u00e9tudier leur structure thermique, leur dynamique et leur \u00e9volution.<\/p>\t\t\t\t\t\t\t\t<\/div>\n\t\t\t\t<\/div>\n\t\t\t\t<div class=\"elementor-element elementor-element-62bc9ba1 elementor-widget elementor-widget-image\" data-id=\"62bc9ba1\" data-element_type=\"widget\" data-e-type=\"widget\" data-widget_type=\"image.default\">\n\t\t\t\t<div class=\"elementor-widget-container\">\n\t\t\t\t\t\t\t\t\t\t\t\t<figure class=\"wp-caption\">\n\t\t\t\t\t\t\t\t\t\t<img fetchpriority=\"high\" decoding=\"async\" width=\"941\" height=\"377\" src=\"https:\/\/lyongeologie.fr\/wp-content\/uploads\/2022\/02\/m1_convection.png\" class=\"attachment-large size-large wp-image-9937\" alt=\"\" srcset=\"https:\/\/lyongeologie.fr\/wp-content\/uploads\/2022\/02\/m1_convection.png 941w, https:\/\/lyongeologie.fr\/wp-content\/uploads\/2022\/02\/m1_convection-300x120.png 300w, https:\/\/lyongeologie.fr\/wp-content\/uploads\/2022\/02\/m1_convection-768x308.png 768w\" sizes=\"(max-width: 941px) 100vw, 941px\" \/>\t\t\t\t\t\t\t\t\t\t\t<figcaption class=\"widget-image-caption wp-caption-text\"><i><small>Mod\u00e8le de convection thermique <\/small><\/i><\/figcaption>\n\t\t\t\t\t\t\t\t\t\t<\/figure>\n\t\t\t\t\t\t\t\t\t<\/div>\n\t\t\t\t<\/div>\n\t\t\t\t<div class=\"elementor-element elementor-element-fa71326 elementor-widget elementor-widget-text-editor\" data-id=\"fa71326\" data-element_type=\"widget\" data-e-type=\"widget\" data-widget_type=\"text-editor.default\">\n\t\t\t\t<div class=\"elementor-widget-container\">\n\t\t\t\t\t\t\t\t\t<p><strong>Transport de chaleur conductif<\/strong><\/p><ol><li style=\"list-style-type: none;\"><ol><li>Rappels sur la loi de Fourier et l&rsquo;\u00e9quation de la conduction de la chaleur.<\/li><li>Solutions stationnaires et mod\u00e8les simplistes de Terre.<\/li><li>Refroidissement d&rsquo;un demi-espace infini et structure thermique de la lithosph\u00e8re oc\u00e9anique.<\/li><li>Conduction dans la lithosph\u00e8re continentale.<\/li><li>Perte de chaleur totale de la Terre.<\/li><\/ol><\/li><\/ol><p><strong>Convection thermique dans les manteau plan\u00e9taires<\/strong><\/p><ol><li style=\"list-style-type: none;\"><ol><li>Rappel des \u00e9quations de conservation.<\/li><li>Nombre Rayleigh par analyse aux dimensions.<\/li><li>Stabilit\u00e9 lin\u00e9aire pour le d\u00e9marrage de la convection de Rayleigh-B\u00e9nard.<\/li><li>Convection d&rsquo;amplitude finie. Mise \u00e0 l&rsquo;\u00e9chelle du transfert de chaleur par la convection.<\/li><\/ol><\/li><\/ol><p><strong>\u00c9volution thermique de la Terre et des plan\u00e8tes telluriques<\/strong><\/p><ol><li style=\"list-style-type: none;\"><ol><li>Contraintes sur la structure thermique de la Terre primitive.<\/li><li>Mod\u00e8les param\u00e9tr\u00e9s d&rsquo;\u00e9volution thermique utilisant des lois d&rsquo;\u00e9chelles de la convection dans le manteau.<\/li><li>Notions sur la thermodynamique du noyau et \u00e9volution coupl\u00e9e noyau-manteau.<\/li><\/ol><\/li><\/ol>\t\t\t\t\t\t\t\t<\/div>\n\t\t\t\t<\/div>\n\t\t\t\t\t<\/div>\n\t\t<\/div>\n\t\t\t\t\t<\/div>\n\t\t<\/section>\n\t\t\t\t<section class=\"elementor-section elementor-top-section elementor-element elementor-element-6f2bd395 elementor-section-boxed elementor-section-height-default elementor-section-height-default\" data-id=\"6f2bd395\" data-element_type=\"section\" data-e-type=\"section\">\n\t\t\t\t\t\t<div class=\"elementor-container elementor-column-gap-default\">\n\t\t\t\t\t<div class=\"elementor-column elementor-col-100 elementor-top-column elementor-element elementor-element-7c919968\" data-id=\"7c919968\" data-element_type=\"column\" data-e-type=\"column\">\n\t\t\t<div class=\"elementor-widget-wrap\">\n\t\t\t\t\t\t\t<\/div>\n\t\t<\/div>\n\t\t\t\t\t<\/div>\n\t\t<\/section>\n\t\t\t\t<\/div>","protected":false},"excerpt":{"rendered":"<p>Convection et thermique de la Terre Cr\u00e9dits : 3 ECTS Responsable : St\u00e9phane LABROSSE Retour \u00e0 la liste des UEs L\u2019objectif de ce cours est de montrer comment les principes physiques du transfert de chaleur peuvent s\u2019appliquer \u00e0 l\u2019int\u00e9rieur de la Terre et des plan\u00e8tes pour \u00e9tudier leur structure thermique, leur dynamique et leur \u00e9volution. [&hellip;]<\/p>\n","protected":false},"author":5,"featured_media":0,"parent":511,"menu_order":0,"comment_status":"closed","ping_status":"closed","template":"","meta":{"site-sidebar-layout":"no-sidebar","site-content-layout":"page-builder","ast-site-content-layout":"default","site-content-style":"default","site-sidebar-style":"default","ast-global-header-display":"","ast-banner-title-visibility":"","ast-main-header-display":"","ast-hfb-above-header-display":"","ast-hfb-below-header-display":"","ast-hfb-mobile-header-display":"","site-post-title":"disabled","ast-breadcrumbs-content":"","ast-featured-img":"disabled","footer-sml-layout":"","ast-disable-related-posts":"","theme-transparent-header-meta":"","adv-header-id-meta":"","stick-header-meta":"","header-above-stick-meta":"","header-main-stick-meta":"","header-below-stick-meta":"","astra-migrate-meta-layouts":"default","ast-page-background-enabled":"default","ast-page-background-meta":{"desktop":{"background-color":"var(--ast-global-color-4)","background-image":"","background-repeat":"repeat","background-position":"center center","background-size":"auto","background-attachment":"scroll","background-type":"","background-media":"","overlay-type":"","overlay-color":"","overlay-opacity":"","overlay-gradient":""},"tablet":{"background-color":"","background-image":"","background-repeat":"repeat","background-position":"center center","background-size":"auto","background-attachment":"scroll","background-type":"","background-media":"","overlay-type":"","overlay-color":"","overlay-opacity":"","overlay-gradient":""},"mobile":{"background-color":"","background-image":"","background-repeat":"repeat","background-position":"center center","background-size":"auto","background-attachment":"scroll","background-type":"","background-media":"","overlay-type":"","overlay-color":"","overlay-opacity":"","overlay-gradient":""}},"ast-content-background-meta":{"desktop":{"background-color":"var(--ast-global-color-5)","background-image":"","background-repeat":"repeat","background-position":"center center","background-size":"auto","background-attachment":"scroll","background-type":"","background-media":"","overlay-type":"","overlay-color":"","overlay-opacity":"","overlay-gradient":""},"tablet":{"background-color":"var(--ast-global-color-5)","background-image":"","background-repeat":"repeat","background-position":"center center","background-size":"auto","background-attachment":"scroll","background-type":"","background-media":"","overlay-type":"","overlay-color":"","overlay-opacity":"","overlay-gradient":""},"mobile":{"background-color":"var(--ast-global-color-5)","background-image":"","background-repeat":"repeat","background-position":"center center","background-size":"auto","background-attachment":"scroll","background-type":"","background-media":"","overlay-type":"","overlay-color":"","overlay-opacity":"","overlay-gradient":""}},"footnotes":""},"class_list":["post-5941","page","type-page","status-publish","hentry"],"_links":{"self":[{"href":"https:\/\/lyongeologie.fr\/en\/wp-json\/wp\/v2\/pages\/5941","targetHints":{"allow":["GET"]}}],"collection":[{"href":"https:\/\/lyongeologie.fr\/en\/wp-json\/wp\/v2\/pages"}],"about":[{"href":"https:\/\/lyongeologie.fr\/en\/wp-json\/wp\/v2\/types\/page"}],"author":[{"embeddable":true,"href":"https:\/\/lyongeologie.fr\/en\/wp-json\/wp\/v2\/users\/5"}],"replies":[{"embeddable":true,"href":"https:\/\/lyongeologie.fr\/en\/wp-json\/wp\/v2\/comments?post=5941"}],"version-history":[{"count":17,"href":"https:\/\/lyongeologie.fr\/en\/wp-json\/wp\/v2\/pages\/5941\/revisions"}],"predecessor-version":[{"id":16293,"href":"https:\/\/lyongeologie.fr\/en\/wp-json\/wp\/v2\/pages\/5941\/revisions\/16293"}],"up":[{"embeddable":true,"href":"https:\/\/lyongeologie.fr\/en\/wp-json\/wp\/v2\/pages\/511"}],"wp:attachment":[{"href":"https:\/\/lyongeologie.fr\/en\/wp-json\/wp\/v2\/media?parent=5941"}],"curies":[{"name":"wp","href":"https:\/\/api.w.org\/{rel}","templated":true}]}}