{"id":5773,"date":"2022-02-02T14:49:51","date_gmt":"2022-02-02T13:49:51","guid":{"rendered":"https:\/\/lyon-geologie.univ-lyon1.fr\/?page_id=5773"},"modified":"2023-01-17T11:48:35","modified_gmt":"2023-01-17T10:48:35","slug":"m1_analyse","status":"publish","type":"page","link":"https:\/\/lyongeologie.fr\/en\/m1-geosciences\/m1_analyse\/","title":{"rendered":"M1 M\u00e9thodes d&rsquo;analyse"},"content":{"rendered":"<div data-elementor-type=\"wp-page\" data-elementor-id=\"5773\" class=\"elementor elementor-5773\">\n\t\t\t\t\t\t<section class=\"elementor-section elementor-top-section elementor-element elementor-element-5f1e2f0b elementor-section-boxed elementor-section-height-default elementor-section-height-default\" data-id=\"5f1e2f0b\" data-element_type=\"section\" data-e-type=\"section\">\n\t\t\t\t\t\t<div class=\"elementor-container elementor-column-gap-default\">\n\t\t\t\t\t<div class=\"elementor-column elementor-col-100 elementor-top-column elementor-element elementor-element-62c67372\" data-id=\"62c67372\" data-element_type=\"column\" data-e-type=\"column\">\n\t\t\t<div class=\"elementor-widget-wrap elementor-element-populated\">\n\t\t\t\t\t\t<div class=\"elementor-element elementor-element-18197844 elementor-widget elementor-widget-text-editor\" data-id=\"18197844\" data-element_type=\"widget\" data-e-type=\"widget\" data-widget_type=\"text-editor.default\">\n\t\t\t\t<div class=\"elementor-widget-container\">\n\t\t\t\t\t\t\t\t\t<h2>Analytical methods: applications in Earth Sciences<\/h2>\t\t\t\t\t\t\t\t<\/div>\n\t\t\t\t<\/div>\n\t\t\t\t\t<\/div>\n\t\t<\/div>\n\t\t\t\t\t<\/div>\n\t\t<\/section>\n\t\t\t\t<section class=\"elementor-section elementor-top-section elementor-element elementor-element-60974737 elementor-section-boxed elementor-section-height-default elementor-section-height-default\" data-id=\"60974737\" data-element_type=\"section\" data-e-type=\"section\">\n\t\t\t\t\t\t<div class=\"elementor-container elementor-column-gap-default\">\n\t\t\t\t\t<div class=\"elementor-column elementor-col-33 elementor-top-column elementor-element elementor-element-3eb31352\" data-id=\"3eb31352\" data-element_type=\"column\" data-e-type=\"column\">\n\t\t\t<div class=\"elementor-widget-wrap elementor-element-populated\">\n\t\t\t\t\t\t<div class=\"elementor-element elementor-element-1ef78e3a elementor-widget elementor-widget-text-editor\" data-id=\"1ef78e3a\" data-element_type=\"widget\" data-e-type=\"widget\" data-widget_type=\"text-editor.default\">\n\t\t\t\t<div class=\"elementor-widget-container\">\n\t\t\t\t\t\t\t\t\t<p><em>3 Credits<\/em><\/p><p><em>Contact: <a href=\"mailto:sylvain.pichat@ens-lyon.fr\">Sylvain PICHAT<\/a><\/em><\/p>\t\t\t\t\t\t\t\t<\/div>\n\t\t\t\t<\/div>\n\t\t\t\t<div class=\"elementor-element elementor-element-7e29d62 elementor-widget elementor-widget-image\" data-id=\"7e29d62\" data-element_type=\"widget\" data-e-type=\"widget\" data-widget_type=\"image.default\">\n\t\t\t\t<div class=\"elementor-widget-container\">\n\t\t\t\t\t\t\t\t\t\t\t\t\t\t\t<img decoding=\"async\" width=\"150\" height=\"150\" src=\"https:\/\/lyongeologie.fr\/wp-content\/uploads\/2022\/02\/Sylvain_Pichat.png\" class=\"attachment-large size-large wp-image-8923\" alt=\"\" \/>\t\t\t\t\t\t\t\t\t\t\t\t\t\t\t<\/div>\n\t\t\t\t<\/div>\n\t\t\t\t<div class=\"elementor-element elementor-element-4c4014c3 elementor-align-center elementor-widget elementor-widget-button\" data-id=\"4c4014c3\" data-element_type=\"widget\" data-e-type=\"widget\" data-widget_type=\"button.default\">\n\t\t\t\t<div class=\"elementor-widget-container\">\n\t\t\t\t\t\t\t\t\t<div class=\"elementor-button-wrapper\">\n\t\t\t\t\t<a class=\"elementor-button elementor-button-link elementor-size-sm\" href=\"https:\/\/lyon-geologie.univ-lyon1.fr\/m1-geosciences\/#m1_opt\">\n\t\t\t\t\t\t<span class=\"elementor-button-content-wrapper\">\n\t\t\t\t\t\t\t\t\t<span class=\"elementor-button-text\">Back to the previous page<\/span>\n\t\t\t\t\t<\/span>\n\t\t\t\t\t<\/a>\n\t\t\t\t<\/div>\n\t\t\t\t\t\t\t\t<\/div>\n\t\t\t\t<\/div>\n\t\t\t\t\t<\/div>\n\t\t<\/div>\n\t\t\t\t<div class=\"elementor-column elementor-col-66 elementor-top-column elementor-element elementor-element-5aa416d9\" data-id=\"5aa416d9\" data-element_type=\"column\" data-e-type=\"column\">\n\t\t\t<div class=\"elementor-widget-wrap elementor-element-populated\">\n\t\t\t\t\t\t<div class=\"elementor-element elementor-element-a0fe452 elementor-widget elementor-widget-text-editor\" data-id=\"a0fe452\" data-element_type=\"widget\" data-e-type=\"widget\" data-widget_type=\"text-editor.default\">\n\t\t\t\t<div class=\"elementor-widget-container\">\n\t\t\t\t\t\t\t\t\t<p><strong>Comment va-t-on de l\u2019\u00e9chantillon \u00e0 la donn\u00e9e ? Quelle(s) d\u00e9marche(s) scientifique(s) adopter ? Quelle(s) approche(s) analytique(s) choisir pour un objectif donn\u00e9 ?<\/strong><\/p>\n<p>Dans cette UE vous verrez les principes de fonctionnement g\u00e9n\u00e9raux des principales m\u00e9thodes d\u2019\u00e9tudes analytiques en Sciences de la Terre. Vous \u00e9tudierez, par le biais d\u2019\u00e9tudes pratiques (TP et TD), les m\u00e9thodes de traitement et d\u2019interpr\u00e9tation de donn\u00e9es, l\u2019\u00e9valuation de leur qualit\u00e9 (e.g. standards d\u2019analyse, pr\u00e9cision, justesse), les biais analytiques et les m\u00e9thodes de correction. Cette UE vous permettra \u00e9galement d\u2019acqu\u00e9rir les outils pour \u00eatre capable d\u2019interpr\u00e9ter des analyses issues de la bibliographie, par exemple pour les comparer \u00e0 une sortie de mod\u00e8le ou \u00e0 ses propres donn\u00e9es, et savoir quelle m\u00e9thode d&rsquo;analyse mettre en \u0153uvre pour r\u00e9pondre \u00e0 une probl\u00e9matique donn\u00e9e.<\/p><p>L\u2019UE comporte une forte part de mise en application lors de TP et\/ou de mini-projets d\u2019\u00e9tudes.<\/p>\t\t\t\t\t\t\t\t<\/div>\n\t\t\t\t<\/div>\n\t\t\t\t<div class=\"elementor-element elementor-element-78e19f31 elementor-widget elementor-widget-image\" data-id=\"78e19f31\" data-element_type=\"widget\" data-e-type=\"widget\" data-widget_type=\"image.default\">\n\t\t\t\t<div class=\"elementor-widget-container\">\n\t\t\t\t\t\t\t\t\t\t\t\t\t\t\t<img fetchpriority=\"high\" decoding=\"async\" width=\"1024\" height=\"570\" src=\"https:\/\/lyongeologie.fr\/wp-content\/uploads\/2022\/02\/m1_analyse-1024x570.jpg\" class=\"attachment-large size-large wp-image-5789\" alt=\"\" srcset=\"https:\/\/lyongeologie.fr\/wp-content\/uploads\/2022\/02\/m1_analyse-1024x570.jpg 1024w, https:\/\/lyongeologie.fr\/wp-content\/uploads\/2022\/02\/m1_analyse-300x167.jpg 300w, https:\/\/lyongeologie.fr\/wp-content\/uploads\/2022\/02\/m1_analyse-768x427.jpg 768w, https:\/\/lyongeologie.fr\/wp-content\/uploads\/2022\/02\/m1_analyse.jpg 1215w\" sizes=\"(max-width: 1024px) 100vw, 1024px\" \/>\t\t\t\t\t\t\t\t\t\t\t\t\t\t\t<\/div>\n\t\t\t\t<\/div>\n\t\t\t\t\t<\/div>\n\t\t<\/div>\n\t\t\t\t\t<\/div>\n\t\t<\/section>\n\t\t\t\t<\/div>","protected":false},"excerpt":{"rendered":"<p>M\u00e9thodes d\u2019analyse: applications en Sciences de la Terre Cr\u00e9dits : 3 ECTS Responsable : Sylvain PICHAT Retour \u00e0 la liste des UEs Comment va-t-on de l\u2019\u00e9chantillon \u00e0 la donn\u00e9e ? Quelle(s) d\u00e9marche(s) scientifique(s) adopter ? Quelle(s) approche(s) analytique(s) choisir pour un objectif donn\u00e9 ? Dans cette UE vous verrez les principes de fonctionnement g\u00e9n\u00e9raux des [&hellip;]<\/p>\n","protected":false},"author":3,"featured_media":0,"parent":511,"menu_order":0,"comment_status":"closed","ping_status":"closed","template":"","meta":{"site-sidebar-layout":"no-sidebar","site-content-layout":"page-builder","ast-site-content-layout":"default","site-content-style":"default","site-sidebar-style":"default","ast-global-header-display":"","ast-banner-title-visibility":"","ast-main-header-display":"","ast-hfb-above-header-display":"","ast-hfb-below-header-display":"","ast-hfb-mobile-header-display":"","site-post-title":"disabled","ast-breadcrumbs-content":"","ast-featured-img":"disabled","footer-sml-layout":"","ast-disable-related-posts":"","theme-transparent-header-meta":"","adv-header-id-meta":"","stick-header-meta":"","header-above-stick-meta":"","header-main-stick-meta":"","header-below-stick-meta":"","astra-migrate-meta-layouts":"default","ast-page-background-enabled":"default","ast-page-background-meta":{"desktop":{"background-color":"var(--ast-global-color-4)","background-image":"","background-repeat":"repeat","background-position":"center center","background-size":"auto","background-attachment":"scroll","background-type":"","background-media":"","overlay-type":"","overlay-color":"","overlay-opacity":"","overlay-gradient":""},"tablet":{"background-color":"","background-image":"","background-repeat":"repeat","background-position":"center center","background-size":"auto","background-attachment":"scroll","background-type":"","background-media":"","overlay-type":"","overlay-color":"","overlay-opacity":"","overlay-gradient":""},"mobile":{"background-color":"","background-image":"","background-repeat":"repeat","background-position":"center center","background-size":"auto","background-attachment":"scroll","background-type":"","background-media":"","overlay-type":"","overlay-color":"","overlay-opacity":"","overlay-gradient":""}},"ast-content-background-meta":{"desktop":{"background-color":"var(--ast-global-color-5)","background-image":"","background-repeat":"repeat","background-position":"center center","background-size":"auto","background-attachment":"scroll","background-type":"","background-media":"","overlay-type":"","overlay-color":"","overlay-opacity":"","overlay-gradient":""},"tablet":{"background-color":"var(--ast-global-color-5)","background-image":"","background-repeat":"repeat","background-position":"center center","background-size":"auto","background-attachment":"scroll","background-type":"","background-media":"","overlay-type":"","overlay-color":"","overlay-opacity":"","overlay-gradient":""},"mobile":{"background-color":"var(--ast-global-color-5)","background-image":"","background-repeat":"repeat","background-position":"center center","background-size":"auto","background-attachment":"scroll","background-type":"","background-media":"","overlay-type":"","overlay-color":"","overlay-opacity":"","overlay-gradient":""}},"footnotes":""},"class_list":["post-5773","page","type-page","status-publish","hentry"],"_links":{"self":[{"href":"https:\/\/lyongeologie.fr\/en\/wp-json\/wp\/v2\/pages\/5773","targetHints":{"allow":["GET"]}}],"collection":[{"href":"https:\/\/lyongeologie.fr\/en\/wp-json\/wp\/v2\/pages"}],"about":[{"href":"https:\/\/lyongeologie.fr\/en\/wp-json\/wp\/v2\/types\/page"}],"author":[{"embeddable":true,"href":"https:\/\/lyongeologie.fr\/en\/wp-json\/wp\/v2\/users\/3"}],"replies":[{"embeddable":true,"href":"https:\/\/lyongeologie.fr\/en\/wp-json\/wp\/v2\/comments?post=5773"}],"version-history":[{"count":23,"href":"https:\/\/lyongeologie.fr\/en\/wp-json\/wp\/v2\/pages\/5773\/revisions"}],"predecessor-version":[{"id":16299,"href":"https:\/\/lyongeologie.fr\/en\/wp-json\/wp\/v2\/pages\/5773\/revisions\/16299"}],"up":[{"embeddable":true,"href":"https:\/\/lyongeologie.fr\/en\/wp-json\/wp\/v2\/pages\/511"}],"wp:attachment":[{"href":"https:\/\/lyongeologie.fr\/en\/wp-json\/wp\/v2\/media?parent=5773"}],"curies":[{"name":"wp","href":"https:\/\/api.w.org\/{rel}","templated":true}]}}