{"id":5751,"date":"2022-02-02T14:44:07","date_gmt":"2022-02-02T13:44:07","guid":{"rendered":"https:\/\/lyon-geologie.univ-lyon1.fr\/?page_id=5751"},"modified":"2023-01-27T10:12:52","modified_gmt":"2023-01-27T09:12:52","slug":"m1_terrain_alpes","status":"publish","type":"page","link":"https:\/\/lyongeologie.fr\/en\/m1-geosciences\/m1_terrain_alpes\/","title":{"rendered":"M1 Terrain Alpes"},"content":{"rendered":"<div data-elementor-type=\"wp-page\" data-elementor-id=\"5751\" class=\"elementor elementor-5751\">\n\t\t\t\t\t\t<section class=\"elementor-section elementor-top-section elementor-element elementor-element-38a1a1d7 elementor-section-boxed elementor-section-height-default elementor-section-height-default\" data-id=\"38a1a1d7\" data-element_type=\"section\" data-e-type=\"section\">\n\t\t\t\t\t\t<div class=\"elementor-container elementor-column-gap-default\">\n\t\t\t\t\t<div class=\"elementor-column elementor-col-100 elementor-top-column elementor-element elementor-element-5672ddcb\" data-id=\"5672ddcb\" data-element_type=\"column\" data-e-type=\"column\">\n\t\t\t<div class=\"elementor-widget-wrap elementor-element-populated\">\n\t\t\t\t\t\t<div class=\"elementor-element elementor-element-7412a143 elementor-widget elementor-widget-text-editor\" data-id=\"7412a143\" data-element_type=\"widget\" data-e-type=\"widget\" data-widget_type=\"text-editor.default\">\n\t\t\t\t<div class=\"elementor-widget-container\">\n\t\t\t\t\t\t\t\t\t<h2>Terrain Alpes<\/h2>\t\t\t\t\t\t\t\t<\/div>\n\t\t\t\t<\/div>\n\t\t\t\t\t<\/div>\n\t\t<\/div>\n\t\t\t\t\t<\/div>\n\t\t<\/section>\n\t\t\t\t<section class=\"elementor-section elementor-top-section elementor-element elementor-element-24a1e30 elementor-section-boxed elementor-section-height-default elementor-section-height-default\" data-id=\"24a1e30\" data-element_type=\"section\" data-e-type=\"section\">\n\t\t\t\t\t\t<div class=\"elementor-container elementor-column-gap-default\">\n\t\t\t\t\t<div class=\"elementor-column elementor-col-33 elementor-top-column elementor-element elementor-element-122ffae\" data-id=\"122ffae\" data-element_type=\"column\" data-e-type=\"column\">\n\t\t\t<div class=\"elementor-widget-wrap elementor-element-populated\">\n\t\t\t\t\t\t<div class=\"elementor-element elementor-element-7f61d5a4 elementor-widget elementor-widget-text-editor\" data-id=\"7f61d5a4\" data-element_type=\"widget\" data-e-type=\"widget\" data-widget_type=\"text-editor.default\">\n\t\t\t\t<div class=\"elementor-widget-container\">\n\t\t\t\t\t\t\t\t\t<p><em>Cr\u00e9dits : 6 ECTS<\/em><\/p><p><em>Contact: <a href=\"mailto:gweltaz.maheo@univ-lyon1.fr\">Gweltaz MAH\u00c9O<\/a> and <a href=\"mailto:claude.colombie@univ-lyon1.fr\">Claude COLOMBI\u00c9<\/a><\/em><\/p>\t\t\t\t\t\t\t\t<\/div>\n\t\t\t\t<\/div>\n\t\t\t\t<div class=\"elementor-element elementor-element-d3b4cf3 elementor-widget elementor-widget-image\" data-id=\"d3b4cf3\" data-element_type=\"widget\" data-e-type=\"widget\" data-widget_type=\"image.default\">\n\t\t\t\t<div class=\"elementor-widget-container\">\n\t\t\t\t\t\t\t\t\t\t\t\t\t\t\t<img decoding=\"async\" width=\"150\" height=\"150\" src=\"https:\/\/lyongeologie.fr\/wp-content\/uploads\/2022\/02\/gweltaz_maheo.png\" class=\"attachment-large size-large wp-image-12325\" alt=\"\" \/>\t\t\t\t\t\t\t\t\t\t\t\t\t\t\t<\/div>\n\t\t\t\t<\/div>\n\t\t\t\t<div class=\"elementor-element elementor-element-2a0d53a elementor-widget elementor-widget-image\" data-id=\"2a0d53a\" data-element_type=\"widget\" data-e-type=\"widget\" data-widget_type=\"image.default\">\n\t\t\t\t<div class=\"elementor-widget-container\">\n\t\t\t\t\t\t\t\t\t\t\t\t\t\t\t<img decoding=\"async\" width=\"150\" height=\"150\" src=\"https:\/\/lyongeologie.fr\/wp-content\/uploads\/2022\/02\/Claude_Colombie.jpg.png\" class=\"attachment-large size-large wp-image-8879\" alt=\"\" \/>\t\t\t\t\t\t\t\t\t\t\t\t\t\t\t<\/div>\n\t\t\t\t<\/div>\n\t\t\t\t<div class=\"elementor-element elementor-element-6baf559b elementor-align-center elementor-widget elementor-widget-button\" data-id=\"6baf559b\" data-element_type=\"widget\" data-e-type=\"widget\" data-widget_type=\"button.default\">\n\t\t\t\t<div class=\"elementor-widget-container\">\n\t\t\t\t\t\t\t\t\t<div class=\"elementor-button-wrapper\">\n\t\t\t\t\t<a class=\"elementor-button elementor-button-link elementor-size-sm\" href=\"https:\/\/lyon-geologie.univ-lyon1.fr\/m1-geosciences\/#m1_tc\">\n\t\t\t\t\t\t<span class=\"elementor-button-content-wrapper\">\n\t\t\t\t\t\t\t\t\t<span class=\"elementor-button-text\">Back to the previous page<\/span>\n\t\t\t\t\t<\/span>\n\t\t\t\t\t<\/a>\n\t\t\t\t<\/div>\n\t\t\t\t\t\t\t\t<\/div>\n\t\t\t\t<\/div>\n\t\t\t\t\t<\/div>\n\t\t<\/div>\n\t\t\t\t<div class=\"elementor-column elementor-col-66 elementor-top-column elementor-element elementor-element-100ecb6a\" data-id=\"100ecb6a\" data-element_type=\"column\" data-e-type=\"column\">\n\t\t\t<div class=\"elementor-widget-wrap elementor-element-populated\">\n\t\t\t\t\t\t<div class=\"elementor-element elementor-element-2a72dd7a elementor-widget elementor-widget-text-editor\" data-id=\"2a72dd7a\" data-element_type=\"widget\" data-e-type=\"widget\" data-widget_type=\"text-editor.default\">\n\t\t\t\t<div class=\"elementor-widget-container\">\n\t\t\t\t\t\t\t\t\t<p>Cette UE de 10 jours de terrain a pour objectifs principaux de :<\/p><ol><li style=\"list-style-type: none;\"><ol><li style=\"list-style-type: none;\"><ol><li>former \u00e0 l\u2019observation, l\u2019analyse et l\u2019interpr\u00e9tation des donn\u00e9es de terrain dans le cadre de la dynamique d\u2019une cha\u00eene de montagne (Alpes franco-italiennes) et de ses bassins s\u00e9dimentaires p\u00e9riph\u00e9riques.<\/li><li>reconstituer un processus ou une dynamique en se basant sur des observation de terrain compl\u00e9t\u00e9es par des donn\u00e9es p\u00e9trologiques, chimiques ou g\u00e9ophysique<\/li><li>travailler l\u2019autonomie sur le terrain.<\/li><li>produire des documents bas\u00e9s sur l\u2019observation de terrains (comptes rendus, coupes, cartes\u2026).<\/li><li>utiliser des outils num\u00e9riques de terrain (tablette GPS et SIG)<\/li><\/ol><\/li><\/ol><\/li><\/ol>\t\t\t\t\t\t\t\t<\/div>\n\t\t\t\t<\/div>\n\t\t\t\t<div class=\"elementor-element elementor-element-1eba02ff elementor-widget elementor-widget-image\" data-id=\"1eba02ff\" data-element_type=\"widget\" data-e-type=\"widget\" data-widget_type=\"image.default\">\n\t\t\t\t<div class=\"elementor-widget-container\">\n\t\t\t\t\t\t\t\t\t\t\t\t\t\t\t<img fetchpriority=\"high\" decoding=\"async\" width=\"1024\" height=\"445\" src=\"https:\/\/lyongeologie.fr\/wp-content\/uploads\/2022\/02\/m1_alpes-1024x445.jpg\" class=\"attachment-large size-large wp-image-5757\" alt=\"\" srcset=\"https:\/\/lyongeologie.fr\/wp-content\/uploads\/2022\/02\/m1_alpes-1024x445.jpg 1024w, https:\/\/lyongeologie.fr\/wp-content\/uploads\/2022\/02\/m1_alpes-300x131.jpg 300w, https:\/\/lyongeologie.fr\/wp-content\/uploads\/2022\/02\/m1_alpes-768x334.jpg 768w, https:\/\/lyongeologie.fr\/wp-content\/uploads\/2022\/02\/m1_alpes.jpg 1193w\" sizes=\"(max-width: 1024px) 100vw, 1024px\" \/>\t\t\t\t\t\t\t\t\t\t\t\t\t\t\t<\/div>\n\t\t\t\t<\/div>\n\t\t\t\t<div class=\"elementor-element elementor-element-3351d36 elementor-widget elementor-widget-text-editor\" data-id=\"3351d36\" data-element_type=\"widget\" data-e-type=\"widget\" data-widget_type=\"text-editor.default\">\n\t\t\t\t<div class=\"elementor-widget-container\">\n\t\t\t\t\t\t\t\t\t<p>Le terrain est divis\u00e9 en 2 parties:<br \/>Alpes internes (5 jours) centr\u00e9 sur l\u2019\u00e9tude des processus p\u00e9trologiques et structuraux.<br \/>Alpes externes (5 jours) centr\u00e9 sur les processus s\u00e9dimentologiques, stratigraphiques et environnementaux.<\/p><p>Le travail s\u2019organise sous forme d\u2019ateliers journaliers sur un site donn\u00e9 en laissant une grande autonomie aux \u00e9tudiants.<\/p>\t\t\t\t\t\t\t\t<\/div>\n\t\t\t\t<\/div>\n\t\t\t\t\t<\/div>\n\t\t<\/div>\n\t\t\t\t\t<\/div>\n\t\t<\/section>\n\t\t\t\t<\/div>","protected":false},"excerpt":{"rendered":"<p>Terrain Alpes Cr\u00e9dits : 6 ECTS Responsable : Gweltaz MAH\u00c9O et Claude COLOMBI\u00c9 Retour \u00e0 la liste des UEs Cette UE de 10 jours de terrain a pour objectifs principaux de : former \u00e0 l\u2019observation, l\u2019analyse et l\u2019interpr\u00e9tation des donn\u00e9es de terrain dans le cadre de la dynamique d\u2019une cha\u00eene de montagne (Alpes franco-italiennes) et [&hellip;]<\/p>\n","protected":false},"author":3,"featured_media":0,"parent":511,"menu_order":0,"comment_status":"closed","ping_status":"closed","template":"","meta":{"site-sidebar-layout":"no-sidebar","site-content-layout":"page-builder","ast-site-content-layout":"default","site-content-style":"default","site-sidebar-style":"default","ast-global-header-display":"","ast-banner-title-visibility":"","ast-main-header-display":"","ast-hfb-above-header-display":"","ast-hfb-below-header-display":"","ast-hfb-mobile-header-display":"","site-post-title":"disabled","ast-breadcrumbs-content":"","ast-featured-img":"disabled","footer-sml-layout":"","ast-disable-related-posts":"","theme-transparent-header-meta":"","adv-header-id-meta":"","stick-header-meta":"","header-above-stick-meta":"","header-main-stick-meta":"","header-below-stick-meta":"","astra-migrate-meta-layouts":"default","ast-page-background-enabled":"default","ast-page-background-meta":{"desktop":{"background-color":"var(--ast-global-color-4)","background-image":"","background-repeat":"repeat","background-position":"center center","background-size":"auto","background-attachment":"scroll","background-type":"","background-media":"","overlay-type":"","overlay-color":"","overlay-opacity":"","overlay-gradient":""},"tablet":{"background-color":"","background-image":"","background-repeat":"repeat","background-position":"center center","background-size":"auto","background-attachment":"scroll","background-type":"","background-media":"","overlay-type":"","overlay-color":"","overlay-opacity":"","overlay-gradient":""},"mobile":{"background-color":"","background-image":"","background-repeat":"repeat","background-position":"center center","background-size":"auto","background-attachment":"scroll","background-type":"","background-media":"","overlay-type":"","overlay-color":"","overlay-opacity":"","overlay-gradient":""}},"ast-content-background-meta":{"desktop":{"background-color":"var(--ast-global-color-5)","background-image":"","background-repeat":"repeat","background-position":"center center","background-size":"auto","background-attachment":"scroll","background-type":"","background-media":"","overlay-type":"","overlay-color":"","overlay-opacity":"","overlay-gradient":""},"tablet":{"background-color":"var(--ast-global-color-5)","background-image":"","background-repeat":"repeat","background-position":"center center","background-size":"auto","background-attachment":"scroll","background-type":"","background-media":"","overlay-type":"","overlay-color":"","overlay-opacity":"","overlay-gradient":""},"mobile":{"background-color":"var(--ast-global-color-5)","background-image":"","background-repeat":"repeat","background-position":"center center","background-size":"auto","background-attachment":"scroll","background-type":"","background-media":"","overlay-type":"","overlay-color":"","overlay-opacity":"","overlay-gradient":""}},"footnotes":""},"class_list":["post-5751","page","type-page","status-publish","hentry"],"_links":{"self":[{"href":"https:\/\/lyongeologie.fr\/en\/wp-json\/wp\/v2\/pages\/5751","targetHints":{"allow":["GET"]}}],"collection":[{"href":"https:\/\/lyongeologie.fr\/en\/wp-json\/wp\/v2\/pages"}],"about":[{"href":"https:\/\/lyongeologie.fr\/en\/wp-json\/wp\/v2\/types\/page"}],"author":[{"embeddable":true,"href":"https:\/\/lyongeologie.fr\/en\/wp-json\/wp\/v2\/users\/3"}],"replies":[{"embeddable":true,"href":"https:\/\/lyongeologie.fr\/en\/wp-json\/wp\/v2\/comments?post=5751"}],"version-history":[{"count":35,"href":"https:\/\/lyongeologie.fr\/en\/wp-json\/wp\/v2\/pages\/5751\/revisions"}],"predecessor-version":[{"id":16343,"href":"https:\/\/lyongeologie.fr\/en\/wp-json\/wp\/v2\/pages\/5751\/revisions\/16343"}],"up":[{"embeddable":true,"href":"https:\/\/lyongeologie.fr\/en\/wp-json\/wp\/v2\/pages\/511"}],"wp:attachment":[{"href":"https:\/\/lyongeologie.fr\/en\/wp-json\/wp\/v2\/media?parent=5751"}],"curies":[{"name":"wp","href":"https:\/\/api.w.org\/{rel}","templated":true}]}}