{"id":5667,"date":"2022-02-02T13:35:15","date_gmt":"2022-02-02T12:35:15","guid":{"rendered":"https:\/\/lyon-geologie.univ-lyon1.fr\/?page_id=5667"},"modified":"2026-03-13T17:00:46","modified_gmt":"2026-03-13T16:00:46","slug":"m2_sedim_appl","status":"publish","type":"page","link":"https:\/\/lyongeologie.fr\/en\/m2-geosciences\/m2_sedim_appl\/","title":{"rendered":"M2 S\u00e9dimentologie appliqu\u00e9e"},"content":{"rendered":"<div data-elementor-type=\"wp-page\" data-elementor-id=\"5667\" class=\"elementor elementor-5667\">\n\t\t\t\t\t\t<section class=\"elementor-section elementor-top-section elementor-element elementor-element-160165f5 elementor-section-boxed elementor-section-height-default elementor-section-height-default\" data-id=\"160165f5\" data-element_type=\"section\" data-e-type=\"section\">\n\t\t\t\t\t\t<div class=\"elementor-container elementor-column-gap-default\">\n\t\t\t\t\t<div class=\"elementor-column elementor-col-100 elementor-top-column elementor-element elementor-element-46079f46\" data-id=\"46079f46\" data-element_type=\"column\" data-e-type=\"column\">\n\t\t\t<div class=\"elementor-widget-wrap elementor-element-populated\">\n\t\t\t\t\t\t<div class=\"elementor-element elementor-element-23c57a1 elementor-widget elementor-widget-text-editor\" data-id=\"23c57a1\" data-element_type=\"widget\" data-e-type=\"widget\" data-widget_type=\"text-editor.default\">\n\t\t\t\t<div class=\"elementor-widget-container\">\n\t\t\t\t\t\t\t\t\t<h2><strong>Applied Sedimentology<br \/><\/strong><\/h2>\t\t\t\t\t\t\t\t<\/div>\n\t\t\t\t<\/div>\n\t\t\t\t\t<\/div>\n\t\t<\/div>\n\t\t\t\t\t<\/div>\n\t\t<\/section>\n\t\t\t\t<section class=\"elementor-section elementor-top-section elementor-element elementor-element-36801e3f elementor-section-boxed elementor-section-height-default elementor-section-height-default\" data-id=\"36801e3f\" data-element_type=\"section\" data-e-type=\"section\">\n\t\t\t\t\t\t<div class=\"elementor-container elementor-column-gap-default\">\n\t\t\t\t\t<div class=\"elementor-column elementor-col-33 elementor-top-column elementor-element elementor-element-732671a7\" data-id=\"732671a7\" data-element_type=\"column\" data-e-type=\"column\">\n\t\t\t<div class=\"elementor-widget-wrap elementor-element-populated\">\n\t\t\t\t\t\t<div class=\"elementor-element elementor-element-5963fa47 elementor-widget elementor-widget-text-editor\" data-id=\"5963fa47\" data-element_type=\"widget\" data-e-type=\"widget\" data-widget_type=\"text-editor.default\">\n\t\t\t\t<div class=\"elementor-widget-container\">\n\t\t\t\t\t\t\t\t\t<p><em>3 Credits<\/em><\/p><p><em>Contact:<a href=\"mailto:simon.andrieu@univ-lyon1.fr\"> Simon ANDRIEU<\/a><br \/><\/em><\/p>\t\t\t\t\t\t\t\t<\/div>\n\t\t\t\t<\/div>\n\t\t\t\t<div class=\"elementor-element elementor-element-b5a2911 elementor-widget elementor-widget-image\" data-id=\"b5a2911\" data-element_type=\"widget\" data-e-type=\"widget\" data-widget_type=\"image.default\">\n\t\t\t\t<div class=\"elementor-widget-container\">\n\t\t\t\t\t\t\t\t\t\t\t\t\t\t\t<img decoding=\"async\" src=\"https:\/\/lyongeologie.fr\/wp-content\/uploads\/elementor\/thumbs\/Screenshot-2024-07-03-at-13.57.12-qqkd6vquahidjsl8dhs8fkbyeobyc4w4cmig2pzfwk.png\" title=\"Simon_Andrieu\" alt=\"Simon_Andrieu\" loading=\"lazy\" \/>\t\t\t\t\t\t\t\t\t\t\t\t\t\t\t<\/div>\n\t\t\t\t<\/div>\n\t\t\t\t<div class=\"elementor-element elementor-element-270e8f88 elementor-align-center elementor-widget elementor-widget-button\" data-id=\"270e8f88\" data-element_type=\"widget\" data-e-type=\"widget\" data-widget_type=\"button.default\">\n\t\t\t\t<div class=\"elementor-widget-container\">\n\t\t\t\t\t\t\t\t\t<div class=\"elementor-button-wrapper\">\n\t\t\t\t\t<a class=\"elementor-button elementor-button-link elementor-size-sm\" href=\"https:\/\/lyon-geologie.univ-lyon1.fr\/en\/m2-geosciences\/#m2_opt\">\n\t\t\t\t\t\t<span class=\"elementor-button-content-wrapper\">\n\t\t\t\t\t\t\t\t\t<span class=\"elementor-button-text\">Back to the previous page<\/span>\n\t\t\t\t\t<\/span>\n\t\t\t\t\t<\/a>\n\t\t\t\t<\/div>\n\t\t\t\t\t\t\t\t<\/div>\n\t\t\t\t<\/div>\n\t\t\t\t\t<\/div>\n\t\t<\/div>\n\t\t\t\t<div class=\"elementor-column elementor-col-66 elementor-top-column elementor-element elementor-element-369c886c\" data-id=\"369c886c\" data-element_type=\"column\" data-e-type=\"column\">\n\t\t\t<div class=\"elementor-widget-wrap elementor-element-populated\">\n\t\t\t\t\t\t<div class=\"elementor-element elementor-element-527060b0 elementor-widget elementor-widget-text-editor\" data-id=\"527060b0\" data-element_type=\"widget\" data-e-type=\"widget\" data-widget_type=\"text-editor.default\">\n\t\t\t\t<div class=\"elementor-widget-container\">\n\t\t\t\t\t\t\t\t\t<p>Our human societies have been built on the exploitation of geological resources, particularly the sedimentary rocks that cover the vast majority of continental surfaces. Our collective future will be determined by our ability to change the way we use the soil and subsoil, drawing on the expertise of geologists and sedimentologists.<\/p><p class=\"translation-block\">The main goal of this course is to show how <strong>sedimentology can be used to address some of today's major societal issues<\/strong>, such as natural resource management, global warming and land-use planning.<\/p>\t\t\t\t\t\t\t\t<\/div>\n\t\t\t\t<\/div>\n\t\t\t\t<div class=\"elementor-element elementor-element-20128214 elementor-widget elementor-widget-image\" data-id=\"20128214\" data-element_type=\"widget\" data-e-type=\"widget\" data-widget_type=\"image.default\">\n\t\t\t\t<div class=\"elementor-widget-container\">\n\t\t\t\t\t\t\t\t\t\t\t\t\t\t\t<img fetchpriority=\"high\" decoding=\"async\" width=\"1024\" height=\"769\" src=\"https:\/\/lyongeologie.fr\/wp-content\/uploads\/2026\/03\/sedim_appli-1024x769.jpg\" class=\"attachment-large size-large wp-image-19311\" alt=\"\" srcset=\"https:\/\/lyongeologie.fr\/wp-content\/uploads\/2026\/03\/sedim_appli-1024x769.jpg 1024w, https:\/\/lyongeologie.fr\/wp-content\/uploads\/2026\/03\/sedim_appli-300x225.jpg 300w, https:\/\/lyongeologie.fr\/wp-content\/uploads\/2026\/03\/sedim_appli-768x577.jpg 768w, https:\/\/lyongeologie.fr\/wp-content\/uploads\/2026\/03\/sedim_appli-1536x1154.jpg 1536w, https:\/\/lyongeologie.fr\/wp-content\/uploads\/2026\/03\/sedim_appli-16x12.jpg 16w, https:\/\/lyongeologie.fr\/wp-content\/uploads\/2026\/03\/sedim_appli.jpg 1716w\" sizes=\"(max-width: 1024px) 100vw, 1024px\" \/>\t\t\t\t\t\t\t\t\t\t\t\t\t\t\t<\/div>\n\t\t\t\t<\/div>\n\t\t\t\t<div class=\"elementor-element elementor-element-7616f79 elementor-widget elementor-widget-text-editor\" data-id=\"7616f79\" data-element_type=\"widget\" data-e-type=\"widget\" data-widget_type=\"text-editor.default\">\n\t\t\t\t<div class=\"elementor-widget-container\">\n\t\t\t\t\t\t\t\t\t<p>This UE will be organized around applied sedimentology projects I have worked on, such as the restoration of Notre-Dame de Paris, and the characterization of geothermal reservoirs and aquifers in France.<\/p><p>L\u2019\u00e9valuation individuelle s\u2019effectuera sur la base d\u2019un examen sur table (60% de la note) et d\u2019une pr\u00e9sentation orale portant sur l\u2019un des projets, choisi par chaque \u00e9tudiant (40% de la note). \u00c0 la fin de cette UE, vous aurez, sur la base d\u2019exemples concrets, acquis les comp\u00e9tences de s\u00e9dimentologie et diagen\u00e8se n\u00e9cessaires pour r\u00e9pondre \u00e0 des probl\u00e9matiques appliqu\u00e9es en lien avec les grands enjeux soci\u00e9taux de notre si\u00e8cle.<\/p>\t\t\t\t\t\t\t\t<\/div>\n\t\t\t\t<\/div>\n\t\t\t\t\t<\/div>\n\t\t<\/div>\n\t\t\t\t\t<\/div>\n\t\t<\/section>\n\t\t\t\t<section class=\"elementor-section elementor-top-section elementor-element elementor-element-4b627090 elementor-section-boxed elementor-section-height-default elementor-section-height-default\" data-id=\"4b627090\" data-element_type=\"section\" data-e-type=\"section\">\n\t\t\t\t\t\t<div class=\"elementor-container elementor-column-gap-default\">\n\t\t\t\t\t<div class=\"elementor-column elementor-col-100 elementor-top-column elementor-element elementor-element-44a2df59\" data-id=\"44a2df59\" data-element_type=\"column\" data-e-type=\"column\">\n\t\t\t<div class=\"elementor-widget-wrap\">\n\t\t\t\t\t\t\t<\/div>\n\t\t<\/div>\n\t\t\t\t\t<\/div>\n\t\t<\/section>\n\t\t\t\t<\/div>","protected":false},"excerpt":{"rendered":"<p>S\u00e9dimentologie Appliqu\u00e9e Cr\u00e9dits : 3 ECTS Responsable : Simon ANDRIEU Retour \u00e0 la liste des UEs Nos soci\u00e9t\u00e9s humaines se sont construites sur l\u2019exploitation des ressources g\u00e9ologiques, et particuli\u00e8rement des roches s\u00e9dimentaires qui recouvrent la grande majorit\u00e9 des surfaces continentales. Notre avenir collectif sera d\u00e9termin\u00e9 par notre capacit\u00e9 \u00e0 changer notre usage du sol et [&hellip;]<\/p>\n","protected":false},"author":5,"featured_media":0,"parent":521,"menu_order":0,"comment_status":"closed","ping_status":"closed","template":"","meta":{"site-sidebar-layout":"no-sidebar","site-content-layout":"page-builder","ast-site-content-layout":"default","site-content-style":"default","site-sidebar-style":"default","ast-global-header-display":"","ast-banner-title-visibility":"","ast-main-header-display":"","ast-hfb-above-header-display":"","ast-hfb-below-header-display":"","ast-hfb-mobile-header-display":"","site-post-title":"disabled","ast-breadcrumbs-content":"","ast-featured-img":"disabled","footer-sml-layout":"","ast-disable-related-posts":"","theme-transparent-header-meta":"","adv-header-id-meta":"","stick-header-meta":"","header-above-stick-meta":"","header-main-stick-meta":"","header-below-stick-meta":"","astra-migrate-meta-layouts":"default","ast-page-background-enabled":"default","ast-page-background-meta":{"desktop":{"background-color":"var(--ast-global-color-4)","background-image":"","background-repeat":"repeat","background-position":"center center","background-size":"auto","background-attachment":"scroll","background-type":"","background-media":"","overlay-type":"","overlay-color":"","overlay-opacity":"","overlay-gradient":""},"tablet":{"background-color":"","background-image":"","background-repeat":"repeat","background-position":"center center","background-size":"auto","background-attachment":"scroll","background-type":"","background-media":"","overlay-type":"","overlay-color":"","overlay-opacity":"","overlay-gradient":""},"mobile":{"background-color":"","background-image":"","background-repeat":"repeat","background-position":"center center","background-size":"auto","background-attachment":"scroll","background-type":"","background-media":"","overlay-type":"","overlay-color":"","overlay-opacity":"","overlay-gradient":""}},"ast-content-background-meta":{"desktop":{"background-color":"var(--ast-global-color-5)","background-image":"","background-repeat":"repeat","background-position":"center center","background-size":"auto","background-attachment":"scroll","background-type":"","background-media":"","overlay-type":"","overlay-color":"","overlay-opacity":"","overlay-gradient":""},"tablet":{"background-color":"var(--ast-global-color-5)","background-image":"","background-repeat":"repeat","background-position":"center center","background-size":"auto","background-attachment":"scroll","background-type":"","background-media":"","overlay-type":"","overlay-color":"","overlay-opacity":"","overlay-gradient":""},"mobile":{"background-color":"var(--ast-global-color-5)","background-image":"","background-repeat":"repeat","background-position":"center center","background-size":"auto","background-attachment":"scroll","background-type":"","background-media":"","overlay-type":"","overlay-color":"","overlay-opacity":"","overlay-gradient":""}},"footnotes":""},"class_list":["post-5667","page","type-page","status-publish","hentry"],"_links":{"self":[{"href":"https:\/\/lyongeologie.fr\/en\/wp-json\/wp\/v2\/pages\/5667","targetHints":{"allow":["GET"]}}],"collection":[{"href":"https:\/\/lyongeologie.fr\/en\/wp-json\/wp\/v2\/pages"}],"about":[{"href":"https:\/\/lyongeologie.fr\/en\/wp-json\/wp\/v2\/types\/page"}],"author":[{"embeddable":true,"href":"https:\/\/lyongeologie.fr\/en\/wp-json\/wp\/v2\/users\/5"}],"replies":[{"embeddable":true,"href":"https:\/\/lyongeologie.fr\/en\/wp-json\/wp\/v2\/comments?post=5667"}],"version-history":[{"count":26,"href":"https:\/\/lyongeologie.fr\/en\/wp-json\/wp\/v2\/pages\/5667\/revisions"}],"predecessor-version":[{"id":19323,"href":"https:\/\/lyongeologie.fr\/en\/wp-json\/wp\/v2\/pages\/5667\/revisions\/19323"}],"up":[{"embeddable":true,"href":"https:\/\/lyongeologie.fr\/en\/wp-json\/wp\/v2\/pages\/521"}],"wp:attachment":[{"href":"https:\/\/lyongeologie.fr\/en\/wp-json\/wp\/v2\/media?parent=5667"}],"curies":[{"name":"wp","href":"https:\/\/api.w.org\/{rel}","templated":true}]}}