{"id":5561,"date":"2022-02-02T13:17:12","date_gmt":"2022-02-02T12:17:12","guid":{"rendered":"https:\/\/lyon-geologie.univ-lyon1.fr\/?page_id=5561"},"modified":"2026-03-13T17:00:08","modified_gmt":"2026-03-13T16:00:08","slug":"m2_terrain_paleoenv","status":"publish","type":"page","link":"https:\/\/lyongeologie.fr\/en\/m2-geosciences\/m2_terrain_paleoenv\/","title":{"rendered":"M2 Stage de Terrain : Pal\u00e9oenvironnements"},"content":{"rendered":"<div data-elementor-type=\"wp-page\" data-elementor-id=\"5561\" class=\"elementor elementor-5561\">\n\t\t\t\t\t\t<section class=\"elementor-section elementor-top-section elementor-element elementor-element-18ca7c6e elementor-section-boxed elementor-section-height-default elementor-section-height-default\" data-id=\"18ca7c6e\" data-element_type=\"section\" data-e-type=\"section\">\n\t\t\t\t\t\t<div class=\"elementor-container elementor-column-gap-default\">\n\t\t\t\t\t<div class=\"elementor-column elementor-col-100 elementor-top-column elementor-element elementor-element-5c2e8b6a\" data-id=\"5c2e8b6a\" data-element_type=\"column\" data-e-type=\"column\">\n\t\t\t<div class=\"elementor-widget-wrap elementor-element-populated\">\n\t\t\t\t\t\t<div class=\"elementor-element elementor-element-10d01275 elementor-widget elementor-widget-text-editor\" data-id=\"10d01275\" data-element_type=\"widget\" data-e-type=\"widget\" data-widget_type=\"text-editor.default\">\n\t\t\t\t<div class=\"elementor-widget-container\">\n\t\t\t\t\t\t\t\t\t<h2><strong>Field work: Palaeoenvironments<br \/><\/strong><\/h2>\t\t\t\t\t\t\t\t<\/div>\n\t\t\t\t<\/div>\n\t\t\t\t\t<\/div>\n\t\t<\/div>\n\t\t\t\t\t<\/div>\n\t\t<\/section>\n\t\t\t\t<section class=\"elementor-section elementor-top-section elementor-element elementor-element-3e6b0194 elementor-section-boxed elementor-section-height-default elementor-section-height-default\" data-id=\"3e6b0194\" data-element_type=\"section\" data-e-type=\"section\">\n\t\t\t\t\t\t<div class=\"elementor-container elementor-column-gap-default\">\n\t\t\t\t\t<div class=\"elementor-column elementor-col-33 elementor-top-column elementor-element elementor-element-6d262c32\" data-id=\"6d262c32\" data-element_type=\"column\" data-e-type=\"column\">\n\t\t\t<div class=\"elementor-widget-wrap elementor-element-populated\">\n\t\t\t\t\t\t<div class=\"elementor-element elementor-element-1610932e elementor-widget elementor-widget-text-editor\" data-id=\"1610932e\" data-element_type=\"widget\" data-e-type=\"widget\" data-widget_type=\"text-editor.default\">\n\t\t\t\t<div class=\"elementor-widget-container\">\n\t\t\t\t\t\t\t\t\t<p><em>3 Credits<\/em><\/p><p><em>Contact: <a href=\"mailto:simon.andrieu@univ-lyon1.fr\">Simon ANDRIEU<\/a><\/em><\/p>\t\t\t\t\t\t\t\t<\/div>\n\t\t\t\t<\/div>\n\t\t\t\t<div class=\"elementor-element elementor-element-6c4ad36 elementor-widget elementor-widget-image\" data-id=\"6c4ad36\" data-element_type=\"widget\" data-e-type=\"widget\" data-widget_type=\"image.default\">\n\t\t\t\t<div class=\"elementor-widget-container\">\n\t\t\t\t\t\t\t\t\t\t\t\t\t\t\t<img decoding=\"async\" src=\"https:\/\/lyongeologie.fr\/wp-content\/uploads\/elementor\/thumbs\/Screenshot-2024-07-03-at-13.57.12-qqkd6vqt2mpxxsfhykx2bhhldc4bodoegtx9xbi7vg.png\" title=\"Simon_Andrieu\" alt=\"Simon_Andrieu\" loading=\"lazy\" \/>\t\t\t\t\t\t\t\t\t\t\t\t\t\t\t<\/div>\n\t\t\t\t<\/div>\n\t\t\t\t<div class=\"elementor-element elementor-element-68c3e477 elementor-align-center elementor-widget elementor-widget-button\" data-id=\"68c3e477\" data-element_type=\"widget\" data-e-type=\"widget\" data-widget_type=\"button.default\">\n\t\t\t\t<div class=\"elementor-widget-container\">\n\t\t\t\t\t\t\t\t\t<div class=\"elementor-button-wrapper\">\n\t\t\t\t\t<a class=\"elementor-button elementor-button-link elementor-size-sm\" href=\"https:\/\/lyon-geologie.univ-lyon1.fr\/en\/m2-geosciences\/#m2_opt\">\n\t\t\t\t\t\t<span class=\"elementor-button-content-wrapper\">\n\t\t\t\t\t\t\t\t\t<span class=\"elementor-button-text\">Back to the previous page<\/span>\n\t\t\t\t\t<\/span>\n\t\t\t\t\t<\/a>\n\t\t\t\t<\/div>\n\t\t\t\t\t\t\t\t<\/div>\n\t\t\t\t<\/div>\n\t\t\t\t\t<\/div>\n\t\t<\/div>\n\t\t\t\t<div class=\"elementor-column elementor-col-66 elementor-top-column elementor-element elementor-element-40376aba\" data-id=\"40376aba\" data-element_type=\"column\" data-e-type=\"column\">\n\t\t\t<div class=\"elementor-widget-wrap elementor-element-populated\">\n\t\t\t\t\t\t<div class=\"elementor-element elementor-element-1d705567 elementor-widget elementor-widget-text-editor\" data-id=\"1d705567\" data-element_type=\"widget\" data-e-type=\"widget\" data-widget_type=\"text-editor.default\">\n\t\t\t\t<div class=\"elementor-widget-container\">\n\t\t\t\t\t\t\t\t\t<p>Ce stage de terrain se d\u00e9roule sur <strong>5 jours<\/strong> dans les s\u00e9ries jurassiques situ\u00e9es dans le Quercy (d\u00e9partement du Lot \u2013 46). L\u2019objectif de ce stage est de former les \u00e9tudiants sp\u00e9cialis\u00e9s dans le parcours \u00ab <em>Pal\u00e9ontologie, S\u00e9dimentologie, Pal\u00e9oenvironnements<\/em> \u00bb \u00e0 la description des faci\u00e8s s\u00e9dimentaires carbonat\u00e9s et \u00e0 leur interpr\u00e9tation en <strong>environnements et en s\u00e9quences de d\u00e9p\u00f4t,<\/strong> en appliquant les <strong>principes de stratigraphie s\u00e9quentielle <\/strong>acquis pr\u00e9c\u00e9demment (M1). Les donn\u00e9es de terrain r\u00e9colt\u00e9es (coupes s\u00e9dimentaires, analyse des faci\u00e8s, structures s\u00e9dimentaires, g\u00e9om\u00e9tries de d\u00e9p\u00f4t etc.) seront ensuite int\u00e9gr\u00e9es, corr\u00e9l\u00e9es et restitu\u00e9es dans des rapports individuels ayant pour objectifs de <strong>reconstituer l<\/strong>\u2019<strong>\u00e9volution dans le temps et dans l\u2019espace des paysages.<\/strong><\/p>\t\t\t\t\t\t\t\t<\/div>\n\t\t\t\t<\/div>\n\t\t\t\t<div class=\"elementor-element elementor-element-6b33323a elementor-widget elementor-widget-image\" data-id=\"6b33323a\" data-element_type=\"widget\" data-e-type=\"widget\" data-widget_type=\"image.default\">\n\t\t\t\t<div class=\"elementor-widget-container\">\n\t\t\t\t\t\t\t\t\t\t\t\t<figure class=\"wp-caption\">\n\t\t\t\t\t\t\t\t\t\t<img fetchpriority=\"high\" decoding=\"async\" width=\"1024\" height=\"376\" src=\"https:\/\/lyongeologie.fr\/wp-content\/uploads\/2026\/03\/terrain_paleo-1024x376.jpg\" class=\"attachment-large size-large wp-image-19309\" alt=\"\" srcset=\"https:\/\/lyongeologie.fr\/wp-content\/uploads\/2026\/03\/terrain_paleo-1024x376.jpg 1024w, https:\/\/lyongeologie.fr\/wp-content\/uploads\/2026\/03\/terrain_paleo-300x110.jpg 300w, https:\/\/lyongeologie.fr\/wp-content\/uploads\/2026\/03\/terrain_paleo-768x282.jpg 768w, https:\/\/lyongeologie.fr\/wp-content\/uploads\/2026\/03\/terrain_paleo-1536x564.jpg 1536w, https:\/\/lyongeologie.fr\/wp-content\/uploads\/2026\/03\/terrain_paleo-2048x752.jpg 2048w, https:\/\/lyongeologie.fr\/wp-content\/uploads\/2026\/03\/terrain_paleo-18x7.jpg 18w\" sizes=\"(max-width: 1024px) 100vw, 1024px\" \/>\t\t\t\t\t\t\t\t\t\t\t<figcaption class=\"widget-image-caption wp-caption-text\"><\/figcaption>\n\t\t\t\t\t\t\t\t\t\t<\/figure>\n\t\t\t\t\t\t\t\t\t<\/div>\n\t\t\t\t<\/div>\n\t\t\t\t<div class=\"elementor-element elementor-element-f33fcba elementor-widget elementor-widget-text-editor\" data-id=\"f33fcba\" data-element_type=\"widget\" data-e-type=\"widget\" data-widget_type=\"text-editor.default\">\n\t\t\t\t<div class=\"elementor-widget-container\">\n\t\t\t\t\t\t\t\t\t<p><strong>Grading: <\/strong>Rapport de terrain individuel en fin de stage.<\/p>\t\t\t\t\t\t\t\t<\/div>\n\t\t\t\t<\/div>\n\t\t\t\t\t<\/div>\n\t\t<\/div>\n\t\t\t\t\t<\/div>\n\t\t<\/section>\n\t\t\t\t<section class=\"elementor-section elementor-top-section elementor-element elementor-element-37800d86 elementor-section-boxed elementor-section-height-default elementor-section-height-default\" data-id=\"37800d86\" data-element_type=\"section\" data-e-type=\"section\">\n\t\t\t\t\t\t<div class=\"elementor-container elementor-column-gap-default\">\n\t\t\t\t\t<div class=\"elementor-column elementor-col-100 elementor-top-column elementor-element elementor-element-42ac16d7\" data-id=\"42ac16d7\" data-element_type=\"column\" data-e-type=\"column\">\n\t\t\t<div class=\"elementor-widget-wrap\">\n\t\t\t\t\t\t\t<\/div>\n\t\t<\/div>\n\t\t\t\t\t<\/div>\n\t\t<\/section>\n\t\t\t\t<\/div>","protected":false},"excerpt":{"rendered":"<p>Stage de Terrain : Pal\u00e9oenvironnements Cr\u00e9dits : 3 ECTS Responsable : Simon ANDRIEU Retour \u00e0 la liste des UEs Ce stage de terrain se d\u00e9roule sur 5 jours dans les s\u00e9ries jurassiques situ\u00e9es dans le Quercy (d\u00e9partement du Lot \u2013 46). L\u2019objectif de ce stage est de former les \u00e9tudiants sp\u00e9cialis\u00e9s dans le parcours \u00ab [&hellip;]<\/p>\n","protected":false},"author":5,"featured_media":0,"parent":521,"menu_order":0,"comment_status":"closed","ping_status":"closed","template":"","meta":{"site-sidebar-layout":"no-sidebar","site-content-layout":"page-builder","ast-site-content-layout":"default","site-content-style":"default","site-sidebar-style":"default","ast-global-header-display":"","ast-banner-title-visibility":"","ast-main-header-display":"","ast-hfb-above-header-display":"","ast-hfb-below-header-display":"","ast-hfb-mobile-header-display":"","site-post-title":"disabled","ast-breadcrumbs-content":"","ast-featured-img":"disabled","footer-sml-layout":"","ast-disable-related-posts":"","theme-transparent-header-meta":"","adv-header-id-meta":"","stick-header-meta":"","header-above-stick-meta":"","header-main-stick-meta":"","header-below-stick-meta":"","astra-migrate-meta-layouts":"default","ast-page-background-enabled":"default","ast-page-background-meta":{"desktop":{"background-color":"var(--ast-global-color-4)","background-image":"","background-repeat":"repeat","background-position":"center center","background-size":"auto","background-attachment":"scroll","background-type":"","background-media":"","overlay-type":"","overlay-color":"","overlay-opacity":"","overlay-gradient":""},"tablet":{"background-color":"","background-image":"","background-repeat":"repeat","background-position":"center center","background-size":"auto","background-attachment":"scroll","background-type":"","background-media":"","overlay-type":"","overlay-color":"","overlay-opacity":"","overlay-gradient":""},"mobile":{"background-color":"","background-image":"","background-repeat":"repeat","background-position":"center center","background-size":"auto","background-attachment":"scroll","background-type":"","background-media":"","overlay-type":"","overlay-color":"","overlay-opacity":"","overlay-gradient":""}},"ast-content-background-meta":{"desktop":{"background-color":"var(--ast-global-color-5)","background-image":"","background-repeat":"repeat","background-position":"center center","background-size":"auto","background-attachment":"scroll","background-type":"","background-media":"","overlay-type":"","overlay-color":"","overlay-opacity":"","overlay-gradient":""},"tablet":{"background-color":"var(--ast-global-color-5)","background-image":"","background-repeat":"repeat","background-position":"center center","background-size":"auto","background-attachment":"scroll","background-type":"","background-media":"","overlay-type":"","overlay-color":"","overlay-opacity":"","overlay-gradient":""},"mobile":{"background-color":"var(--ast-global-color-5)","background-image":"","background-repeat":"repeat","background-position":"center center","background-size":"auto","background-attachment":"scroll","background-type":"","background-media":"","overlay-type":"","overlay-color":"","overlay-opacity":"","overlay-gradient":""}},"footnotes":""},"class_list":["post-5561","page","type-page","status-publish","hentry"],"_links":{"self":[{"href":"https:\/\/lyongeologie.fr\/en\/wp-json\/wp\/v2\/pages\/5561","targetHints":{"allow":["GET"]}}],"collection":[{"href":"https:\/\/lyongeologie.fr\/en\/wp-json\/wp\/v2\/pages"}],"about":[{"href":"https:\/\/lyongeologie.fr\/en\/wp-json\/wp\/v2\/types\/page"}],"author":[{"embeddable":true,"href":"https:\/\/lyongeologie.fr\/en\/wp-json\/wp\/v2\/users\/5"}],"replies":[{"embeddable":true,"href":"https:\/\/lyongeologie.fr\/en\/wp-json\/wp\/v2\/comments?post=5561"}],"version-history":[{"count":33,"href":"https:\/\/lyongeologie.fr\/en\/wp-json\/wp\/v2\/pages\/5561\/revisions"}],"predecessor-version":[{"id":19317,"href":"https:\/\/lyongeologie.fr\/en\/wp-json\/wp\/v2\/pages\/5561\/revisions\/19317"}],"up":[{"embeddable":true,"href":"https:\/\/lyongeologie.fr\/en\/wp-json\/wp\/v2\/pages\/521"}],"wp:attachment":[{"href":"https:\/\/lyongeologie.fr\/en\/wp-json\/wp\/v2\/media?parent=5561"}],"curies":[{"name":"wp","href":"https:\/\/api.w.org\/{rel}","templated":true}]}}