{"id":5537,"date":"2022-02-02T13:11:30","date_gmt":"2022-02-02T12:11:30","guid":{"rendered":"https:\/\/lyon-geologie.univ-lyon1.fr\/?page_id=5537"},"modified":"2025-09-17T13:37:16","modified_gmt":"2025-09-17T11:37:16","slug":"m2_stage","status":"publish","type":"page","link":"https:\/\/lyongeologie.fr\/en\/m2-geosciences\/m2_stage\/","title":{"rendered":"M2 Stage de recherche"},"content":{"rendered":"<div data-elementor-type=\"wp-page\" data-elementor-id=\"5537\" class=\"elementor elementor-5537\">\n\t\t\t\t\t\t<section class=\"elementor-section elementor-top-section elementor-element elementor-element-3386a9ab elementor-section-boxed elementor-section-height-default elementor-section-height-default\" data-id=\"3386a9ab\" data-element_type=\"section\" data-e-type=\"section\">\n\t\t\t\t\t\t<div class=\"elementor-container elementor-column-gap-default\">\n\t\t\t\t\t<div class=\"elementor-column elementor-col-100 elementor-top-column elementor-element elementor-element-4b3e8003\" data-id=\"4b3e8003\" data-element_type=\"column\" data-e-type=\"column\">\n\t\t\t<div class=\"elementor-widget-wrap elementor-element-populated\">\n\t\t\t\t\t\t<div class=\"elementor-element elementor-element-c795f3b elementor-widget elementor-widget-text-editor\" data-id=\"c795f3b\" data-element_type=\"widget\" data-e-type=\"widget\" data-widget_type=\"text-editor.default\">\n\t\t\t\t<div class=\"elementor-widget-container\">\n\t\t\t\t\t\t\t\t\t<h2><strong>Research Internship<br \/><\/strong><\/h2>\t\t\t\t\t\t\t\t<\/div>\n\t\t\t\t<\/div>\n\t\t\t\t\t<\/div>\n\t\t<\/div>\n\t\t\t\t\t<\/div>\n\t\t<\/section>\n\t\t\t\t<section class=\"elementor-section elementor-top-section elementor-element elementor-element-eb2b1a4 elementor-section-boxed elementor-section-height-default elementor-section-height-default\" data-id=\"eb2b1a4\" data-element_type=\"section\" data-e-type=\"section\">\n\t\t\t\t\t\t<div class=\"elementor-container elementor-column-gap-default\">\n\t\t\t\t\t<div class=\"elementor-column elementor-col-50 elementor-top-column elementor-element elementor-element-51bb9ecd\" data-id=\"51bb9ecd\" data-element_type=\"column\" data-e-type=\"column\">\n\t\t\t<div class=\"elementor-widget-wrap elementor-element-populated\">\n\t\t\t\t\t\t<div class=\"elementor-element elementor-element-160f4336 elementor-widget elementor-widget-text-editor\" data-id=\"160f4336\" data-element_type=\"widget\" data-e-type=\"widget\" data-widget_type=\"text-editor.default\">\n\t\t\t\t<div class=\"elementor-widget-container\">\n\t\t\t\t\t\t\t\t\t<p><em>Cr\u00e9dits : 30 ECTS<\/em><\/p><p><em>Contact <a href=\"mailto:vincent.langlois@univ-lyon1.fr\">Vincent LANGLOIS<\/a> and <a href=\"mailto:matthieu.amor@ens-lyon.fr\">Matthieu AMOR<\/a><br \/><\/em><\/p>\t\t\t\t\t\t\t\t<\/div>\n\t\t\t\t<\/div>\n\t\t\t\t<div class=\"elementor-element elementor-element-bc3bda9 elementor-widget elementor-widget-image\" data-id=\"bc3bda9\" data-element_type=\"widget\" data-e-type=\"widget\" data-widget_type=\"image.default\">\n\t\t\t\t<div class=\"elementor-widget-container\">\n\t\t\t\t\t\t\t\t\t\t\t\t\t\t\t<img decoding=\"async\" width=\"150\" height=\"150\" src=\"https:\/\/lyongeologie.fr\/wp-content\/uploads\/2022\/02\/vincent_langlois-150x150.png\" class=\"attachment-thumbnail size-thumbnail wp-image-8927\" alt=\"\" \/>\t\t\t\t\t\t\t\t\t\t\t\t\t\t\t<\/div>\n\t\t\t\t<\/div>\n\t\t\t\t<div class=\"elementor-element elementor-element-a680a26 elementor-widget elementor-widget-image\" data-id=\"a680a26\" data-element_type=\"widget\" data-e-type=\"widget\" data-widget_type=\"image.default\">\n\t\t\t\t<div class=\"elementor-widget-container\">\n\t\t\t\t\t\t\t\t\t\t\t\t\t\t\t<img decoding=\"async\" width=\"150\" height=\"150\" src=\"https:\/\/lyongeologie.fr\/wp-content\/uploads\/2023\/08\/Mathieu_amor-150x150.png\" class=\"attachment-thumbnail size-thumbnail wp-image-17291\" alt=\"\" srcset=\"https:\/\/lyongeologie.fr\/wp-content\/uploads\/2023\/08\/Mathieu_amor-150x150.png 150w, https:\/\/lyongeologie.fr\/wp-content\/uploads\/2023\/08\/Mathieu_amor-300x300.png 300w, https:\/\/lyongeologie.fr\/wp-content\/uploads\/2023\/08\/Mathieu_amor-768x766.png 768w, https:\/\/lyongeologie.fr\/wp-content\/uploads\/2023\/08\/Mathieu_amor-12x12.png 12w, https:\/\/lyongeologie.fr\/wp-content\/uploads\/2023\/08\/elementor\/thumbs\/Mathieu_amor-qbkjwlgxvu0ienw6df06c4x8rwwxd8de0x14a5m960.png 100w, https:\/\/lyongeologie.fr\/wp-content\/uploads\/2023\/08\/elementor\/thumbs\/Mathieu_amor-150x150.png 1024w, https:\/\/lyongeologie.fr\/wp-content\/uploads\/2023\/08\/Mathieu_amor.png 846w\" sizes=\"(max-width: 150px) 100vw, 150px\" \/>\t\t\t\t\t\t\t\t\t\t\t\t\t\t\t<\/div>\n\t\t\t\t<\/div>\n\t\t\t\t<div class=\"elementor-element elementor-element-7c7c761e elementor-align-center elementor-widget elementor-widget-button\" data-id=\"7c7c761e\" data-element_type=\"widget\" data-e-type=\"widget\" data-widget_type=\"button.default\">\n\t\t\t\t<div class=\"elementor-widget-container\">\n\t\t\t\t\t\t\t\t\t<div class=\"elementor-button-wrapper\">\n\t\t\t\t\t<a class=\"elementor-button elementor-button-link elementor-size-sm\" href=\"https:\/\/lyon-geologie.univ-lyon1.fr\/en\/m2-geosciences\/#m2_opt\">\n\t\t\t\t\t\t<span class=\"elementor-button-content-wrapper\">\n\t\t\t\t\t\t\t\t\t<span class=\"elementor-button-text\">Back to the previous page<\/span>\n\t\t\t\t\t<\/span>\n\t\t\t\t\t<\/a>\n\t\t\t\t<\/div>\n\t\t\t\t\t\t\t\t<\/div>\n\t\t\t\t<\/div>\n\t\t\t\t\t<\/div>\n\t\t<\/div>\n\t\t\t\t<div class=\"elementor-column elementor-col-50 elementor-top-column elementor-element elementor-element-53cce72f\" data-id=\"53cce72f\" data-element_type=\"column\" data-e-type=\"column\">\n\t\t\t<div class=\"elementor-widget-wrap elementor-element-populated\">\n\t\t\t\t\t\t<div class=\"elementor-element elementor-element-ed8e999 elementor-widget elementor-widget-text-editor\" data-id=\"ed8e999\" data-element_type=\"widget\" data-e-type=\"widget\" data-widget_type=\"text-editor.default\">\n\t\t\t\t<div class=\"elementor-widget-container\">\n\t\t\t\t\t\t\t\t\t<p>L&rsquo;ensemble du second semestre de M2 est compos\u00e9 d&rsquo;un <b>stage en laboratoire d&rsquo;une dur\u00e9e d&rsquo;au moins 6 m<\/b><strong>ois<\/strong>. Il peut \u00eatre r\u00e9alis\u00e9 dans n&rsquo;importe quel laboratoire de recherche en France ou \u00e0 l&rsquo;\u00e9tranger. <br><\/p><p>\u00c0 l&rsquo;issue de ce travail de recherche, l&rsquo;\u00e9tudiant.e r\u00e9dige un rapport \u00e9crit, qui est \u00e9valu\u00e9 par un expert du Laboratoire de G\u00e9ologie de Lyon et un expert ext\u00e9rieur. Le stage fait ensuite l&rsquo;objet d&rsquo;une soutenance orale devant un jury pluri-disciplinaire.<\/p>\n<p>Please find below our current M2 internship opportunities in Lyon.<\/p>\t\t\t\t\t\t\t\t<\/div>\n\t\t\t\t<\/div>\n\t\t\t\t<div class=\"elementor-element elementor-element-49af9cc elementor-widget elementor-widget-image\" data-id=\"49af9cc\" data-element_type=\"widget\" data-e-type=\"widget\" data-widget_type=\"image.default\">\n\t\t\t\t<div class=\"elementor-widget-container\">\n\t\t\t\t\t\t\t\t\t\t\t\t\t\t\t<img fetchpriority=\"high\" decoding=\"async\" width=\"780\" height=\"439\" src=\"https:\/\/lyongeologie.fr\/wp-content\/uploads\/2022\/02\/remise_des_diplo\u0302mes_OSU.png\" class=\"attachment-large size-large wp-image-5213\" alt=\"\" srcset=\"https:\/\/lyongeologie.fr\/wp-content\/uploads\/2022\/02\/remise_des_diplo\u0302mes_OSU.png 780w, https:\/\/lyongeologie.fr\/wp-content\/uploads\/2022\/02\/remise_des_diplo\u0302mes_OSU-300x169.png 300w, https:\/\/lyongeologie.fr\/wp-content\/uploads\/2022\/02\/remise_des_diplo\u0302mes_OSU-768x432.png 768w\" sizes=\"(max-width: 780px) 100vw, 780px\" \/>\t\t\t\t\t\t\t\t\t\t\t\t\t\t\t<\/div>\n\t\t\t\t<\/div>\n\t\t\t\t\t<\/div>\n\t\t<\/div>\n\t\t\t\t\t<\/div>\n\t\t<\/section>\n\t\t\t\t<section class=\"elementor-section elementor-top-section elementor-element elementor-element-2534ea0 elementor-section-boxed elementor-section-height-default elementor-section-height-default\" data-id=\"2534ea0\" data-element_type=\"section\" data-e-type=\"section\">\n\t\t\t\t\t\t<div class=\"elementor-container elementor-column-gap-default\">\n\t\t\t\t\t<div class=\"elementor-column elementor-col-100 elementor-top-column elementor-element elementor-element-fcc0808\" data-id=\"fcc0808\" data-element_type=\"column\" data-e-type=\"column\">\n\t\t\t<div class=\"elementor-widget-wrap elementor-element-populated\">\n\t\t\t\t\t\t<div class=\"elementor-element elementor-element-9d2ed6c elementor-widget elementor-widget-heading\" data-id=\"9d2ed6c\" data-element_type=\"widget\" data-e-type=\"widget\" data-widget_type=\"heading.default\">\n\t\t\t\t<div class=\"elementor-widget-container\">\n\t\t\t\t\t<h4 class=\"elementor-heading-title elementor-size-default\">Liste des stages de M2 propos\u00e9s au LGL-TPE en 2025-2026 : <\/h4>\t\t\t\t<\/div>\n\t\t\t\t<\/div>\n\t\t\t\t\t<\/div>\n\t\t<\/div>\n\t\t\t\t\t<\/div>\n\t\t<\/section>\n\t\t\t\t<section class=\"elementor-section elementor-top-section elementor-element elementor-element-7bb6c0c elementor-section-boxed elementor-section-height-default elementor-section-height-default\" data-id=\"7bb6c0c\" data-element_type=\"section\" data-e-type=\"section\">\n\t\t\t\t\t\t<div class=\"elementor-container elementor-column-gap-default\">\n\t\t\t\t\t<div class=\"elementor-column elementor-col-100 elementor-top-column elementor-element elementor-element-f170eaa\" data-id=\"f170eaa\" data-element_type=\"column\" data-e-type=\"column\">\n\t\t\t<div class=\"elementor-widget-wrap elementor-element-populated\">\n\t\t\t\t\t\t<div class=\"elementor-element elementor-element-4eea989 elementor-widget elementor-widget-html\" data-id=\"4eea989\" data-element_type=\"widget\" data-e-type=\"widget\" data-widget_type=\"html.default\">\n\t\t\t\t<div class=\"elementor-widget-container\">\n\t\t\t\t\t<object data=\"https:\/\/lyongeologie.fr\/wp-content\/uploads\/2025\/09\/Sujets-Stage-de-Recherche-M2-2025-2026.pdf\" type=\"application\/pdf\" width=\"700px\" height=\"500px\"> <\/object>\t\t\t\t<\/div>\n\t\t\t\t<\/div>\n\t\t\t\t\t<\/div>\n\t\t<\/div>\n\t\t\t\t\t<\/div>\n\t\t<\/section>\n\t\t\t\t<section class=\"elementor-section elementor-top-section elementor-element elementor-element-abc7449 elementor-section-boxed elementor-section-height-default elementor-section-height-default\" data-id=\"abc7449\" data-element_type=\"section\" data-e-type=\"section\">\n\t\t\t\t\t\t<div class=\"elementor-container elementor-column-gap-default\">\n\t\t\t\t\t<div class=\"elementor-column elementor-col-100 elementor-top-column elementor-element elementor-element-89bda82\" data-id=\"89bda82\" data-element_type=\"column\" data-e-type=\"column\">\n\t\t\t<div class=\"elementor-widget-wrap elementor-element-populated\">\n\t\t\t\t\t\t<div class=\"elementor-element elementor-element-2c214ec elementor-widget elementor-widget-html\" data-id=\"2c214ec\" data-element_type=\"widget\" data-e-type=\"widget\" data-widget_type=\"html.default\">\n\t\t\t\t<div class=\"elementor-widget-container\">\n\t\t\t\t\t<object data=\"https:\/\/lyongeologie.fr\/wp-content\/uploads\/2023\/10\/OFFRES-DE-STAGE-MASTER-2-2.pdf\"\" type=\"application\/pdf\" width=\"100%\" height=\"1200px\">\n<\/object>\t\t\t\t<\/div>\n\t\t\t\t<\/div>\n\t\t\t\t\t<\/div>\n\t\t<\/div>\n\t\t\t\t\t<\/div>\n\t\t<\/section>\n\t\t\t\t<section class=\"elementor-section elementor-top-section elementor-element elementor-element-622584b elementor-section-boxed elementor-section-height-default elementor-section-height-default\" data-id=\"622584b\" data-element_type=\"section\" data-e-type=\"section\">\n\t\t\t\t\t\t<div class=\"elementor-container elementor-column-gap-default\">\n\t\t\t\t\t<div class=\"elementor-column elementor-col-100 elementor-top-column elementor-element elementor-element-7a32cce\" data-id=\"7a32cce\" data-element_type=\"column\" data-e-type=\"column\">\n\t\t\t<div class=\"elementor-widget-wrap elementor-element-populated\">\n\t\t\t\t\t\t<div class=\"elementor-element elementor-element-0e03918 elementor-widget-divider--view-line elementor-widget elementor-widget-divider\" data-id=\"0e03918\" data-element_type=\"widget\" data-e-type=\"widget\" data-widget_type=\"divider.default\">\n\t\t\t\t<div class=\"elementor-widget-container\">\n\t\t\t\t\t\t\t<div class=\"elementor-divider\">\n\t\t\t<span class=\"elementor-divider-separator\">\n\t\t\t\t\t\t<\/span>\n\t\t<\/div>\n\t\t\t\t\t\t<\/div>\n\t\t\t\t<\/div>\n\t\t\t\t<div class=\"elementor-element elementor-element-241b993 elementor-widget elementor-widget-text-editor\" data-id=\"241b993\" data-element_type=\"widget\" data-e-type=\"widget\" data-widget_type=\"text-editor.default\">\n\t\t\t\t<div class=\"elementor-widget-container\">\n\t\t\t\t\t\t\t\t\t<p><strong><span style=\"color: #202124; font-family: Roboto, Arial, sans-serif; font-size: 16px; font-variant-ligatures: none; letter-spacing: 0.1px; white-space-collapse: preserve;\">Some examples of past research internships carried by our former students<\/span><span style=\"color: #202124; font-family: Roboto, Arial, sans-serif; font-size: 16px; font-variant-ligatures: none; letter-spacing: 0.1px; white-space-collapse: preserve;\"> les ann\u00e9es pr\u00e9c\u00e9dentes :<\/span><\/strong><br style=\"color: #202124; font-family: Roboto, Arial, sans-serif; font-size: 16px; font-variant-ligatures: none; letter-spacing: 0.1px; white-space-collapse: preserve;\" \/><em><span style=\"color: #202124; font-family: Roboto, Arial, sans-serif; font-size: 16px; font-variant-ligatures: none; letter-spacing: 0.1px; white-space-collapse: preserve;\">&#8211; \u00c9tude pal\u00e9oenvironnementale du maximum thermique de la limite Pal\u00e9oc\u00e8ne-Eoc\u00e8ne : Exemple du Bassin d&rsquo;Umbria-Marche, Italie (U. Fribourg)<\/span><\/em><br style=\"color: #202124; font-family: Roboto, Arial, sans-serif; font-size: 16px; font-variant-ligatures: none; letter-spacing: 0.1px; white-space-collapse: preserve;\" \/><em><span style=\"color: #202124; font-family: Roboto, Arial, sans-serif; font-size: 16px; font-variant-ligatures: none; letter-spacing: 0.1px; white-space-collapse: preserve;\">&#8211; Caract\u00e9risation p\u00e9tro-g\u00e9ochimique et g\u00e9ochronologique des roches magmatiques des \u00eeles Vierges &#8211; Implications g\u00e9odynamiques dans l&rsquo;\u00e9volution des Cara\u00efbes (U. Montpellier)<\/span><\/em><br style=\"color: #202124; font-family: Roboto, Arial, sans-serif; font-size: 16px; font-variant-ligatures: none; letter-spacing: 0.1px; white-space-collapse: preserve;\" \/><em><span style=\"color: #202124; font-family: Roboto, Arial, sans-serif; font-size: 16px; font-variant-ligatures: none; letter-spacing: 0.1px; white-space-collapse: preserve;\">&#8211; Affouillement autour d&rsquo;un organisme fossile (Cincta, Echinodermata) : approche exp\u00e9rimentale et analyse morpho-fonctionnelle (U. Lyon)<\/span><\/em><br style=\"color: #202124; font-family: Roboto, Arial, sans-serif; font-size: 16px; font-variant-ligatures: none; letter-spacing: 0.1px; white-space-collapse: preserve;\" \/><em><span style=\"color: #202124; font-family: Roboto, Arial, sans-serif; font-size: 16px; font-variant-ligatures: none; letter-spacing: 0.1px; white-space-collapse: preserve;\">&#8211; Fractionnements isotopiques extr\u00eames du calcium et du potassium dans le rein du nouveau-n\u00e9 (ENS Lyon)<\/span><\/em><br style=\"color: #202124; font-family: Roboto, Arial, sans-serif; font-size: 16px; font-variant-ligatures: none; letter-spacing: 0.1px; white-space-collapse: preserve;\" \/><em><span style=\"color: #202124; font-family: Roboto, Arial, sans-serif; font-size: 16px; font-variant-ligatures: none; letter-spacing: 0.1px; white-space-collapse: preserve;\">&#8211; Constraint of artificial maturation parameters applied to experimental taphonomy: Applied case in amber (U. Lausanne)<\/span><\/em><br style=\"color: #202124; font-family: Roboto, Arial, sans-serif; font-size: 16px; font-variant-ligatures: none; letter-spacing: 0.1px; white-space-collapse: preserve;\" \/><em><span style=\"color: #202124; font-family: Roboto, Arial, sans-serif; font-size: 16px; font-variant-ligatures: none; letter-spacing: 0.1px; white-space-collapse: preserve;\">&#8211; Wind Speed Retrieval using Deep Learning Techniques on SAR Imagery (Total Energies)<\/span><\/em><br style=\"color: #202124; font-family: Roboto, Arial, sans-serif; font-size: 16px; font-variant-ligatures: none; letter-spacing: 0.1px; white-space-collapse: preserve;\" \/><em><span style=\"color: #202124; font-family: Roboto, Arial, sans-serif; font-size: 16px; font-variant-ligatures: none; letter-spacing: 0.1px; white-space-collapse: preserve;\">&#8211; Simulation num\u00e9rique d&rsquo;une dynamo en milieu anisotrope (U. Lyon)<\/span><\/em><br style=\"color: #202124; font-family: Roboto, Arial, sans-serif; font-size: 16px; font-variant-ligatures: none; letter-spacing: 0.1px; white-space-collapse: preserve;\" \/><em><span style=\"color: #202124; font-family: Roboto, Arial, sans-serif; font-size: 16px; font-variant-ligatures: none; letter-spacing: 0.1px; white-space-collapse: preserve;\">&#8211; \u00c9tude des propri\u00e9tes des poussi\u00e8res dans les disques protoplan\u00e9taires (U. Grenoble Alpes)<\/span><\/em><br style=\"color: #202124; font-family: Roboto, Arial, sans-serif; font-size: 16px; font-variant-ligatures: none; letter-spacing: 0.1px; white-space-collapse: preserve;\" \/><em><span style=\"color: #202124; font-family: Roboto, Arial, sans-serif; font-size: 16px; font-variant-ligatures: none; letter-spacing: 0.1px; white-space-collapse: preserve;\">&#8211; Dinoflagellates biomarkers at the Triassic-Jurassic transition (U. Canberra)<br \/>&#8230;<br \/><\/span><\/em><\/p>\t\t\t\t\t\t\t\t<\/div>\n\t\t\t\t<\/div>\n\t\t\t\t\t<\/div>\n\t\t<\/div>\n\t\t\t\t\t<\/div>\n\t\t<\/section>\n\t\t\t\t<\/div>","protected":false},"excerpt":{"rendered":"<p>Stage de recherche Cr\u00e9dits : 30 ECTS Responsables : Vincent LANGLOIS et Matthieu AMOR Retour \u00e0 la liste des UEs L&rsquo;ensemble du second semestre de M2 est compos\u00e9 d&rsquo;un stage en laboratoire d&rsquo;une dur\u00e9e d&rsquo;au moins 6 mois. Il peut \u00eatre r\u00e9alis\u00e9 dans n&rsquo;importe quel laboratoire de recherche en France ou \u00e0 l&rsquo;\u00e9tranger. \u00c0 l&rsquo;issue [&hellip;]<\/p>\n","protected":false},"author":5,"featured_media":0,"parent":521,"menu_order":0,"comment_status":"closed","ping_status":"closed","template":"","meta":{"site-sidebar-layout":"no-sidebar","site-content-layout":"page-builder","ast-site-content-layout":"default","site-content-style":"default","site-sidebar-style":"default","ast-global-header-display":"","ast-banner-title-visibility":"","ast-main-header-display":"","ast-hfb-above-header-display":"","ast-hfb-below-header-display":"","ast-hfb-mobile-header-display":"","site-post-title":"disabled","ast-breadcrumbs-content":"","ast-featured-img":"disabled","footer-sml-layout":"","ast-disable-related-posts":"","theme-transparent-header-meta":"","adv-header-id-meta":"","stick-header-meta":"","header-above-stick-meta":"","header-main-stick-meta":"","header-below-stick-meta":"","astra-migrate-meta-layouts":"default","ast-page-background-enabled":"default","ast-page-background-meta":{"desktop":{"background-color":"var(--ast-global-color-4)","background-image":"","background-repeat":"repeat","background-position":"center center","background-size":"auto","background-attachment":"scroll","background-type":"","background-media":"","overlay-type":"","overlay-color":"","overlay-opacity":"","overlay-gradient":""},"tablet":{"background-color":"","background-image":"","background-repeat":"repeat","background-position":"center center","background-size":"auto","background-attachment":"scroll","background-type":"","background-media":"","overlay-type":"","overlay-color":"","overlay-opacity":"","overlay-gradient":""},"mobile":{"background-color":"","background-image":"","background-repeat":"repeat","background-position":"center center","background-size":"auto","background-attachment":"scroll","background-type":"","background-media":"","overlay-type":"","overlay-color":"","overlay-opacity":"","overlay-gradient":""}},"ast-content-background-meta":{"desktop":{"background-color":"var(--ast-global-color-5)","background-image":"","background-repeat":"repeat","background-position":"center center","background-size":"auto","background-attachment":"scroll","background-type":"","background-media":"","overlay-type":"","overlay-color":"","overlay-opacity":"","overlay-gradient":""},"tablet":{"background-color":"var(--ast-global-color-5)","background-image":"","background-repeat":"repeat","background-position":"center center","background-size":"auto","background-attachment":"scroll","background-type":"","background-media":"","overlay-type":"","overlay-color":"","overlay-opacity":"","overlay-gradient":""},"mobile":{"background-color":"var(--ast-global-color-5)","background-image":"","background-repeat":"repeat","background-position":"center center","background-size":"auto","background-attachment":"scroll","background-type":"","background-media":"","overlay-type":"","overlay-color":"","overlay-opacity":"","overlay-gradient":""}},"footnotes":""},"class_list":["post-5537","page","type-page","status-publish","hentry"],"_links":{"self":[{"href":"https:\/\/lyongeologie.fr\/en\/wp-json\/wp\/v2\/pages\/5537","targetHints":{"allow":["GET"]}}],"collection":[{"href":"https:\/\/lyongeologie.fr\/en\/wp-json\/wp\/v2\/pages"}],"about":[{"href":"https:\/\/lyongeologie.fr\/en\/wp-json\/wp\/v2\/types\/page"}],"author":[{"embeddable":true,"href":"https:\/\/lyongeologie.fr\/en\/wp-json\/wp\/v2\/users\/5"}],"replies":[{"embeddable":true,"href":"https:\/\/lyongeologie.fr\/en\/wp-json\/wp\/v2\/comments?post=5537"}],"version-history":[{"count":122,"href":"https:\/\/lyongeologie.fr\/en\/wp-json\/wp\/v2\/pages\/5537\/revisions"}],"predecessor-version":[{"id":18885,"href":"https:\/\/lyongeologie.fr\/en\/wp-json\/wp\/v2\/pages\/5537\/revisions\/18885"}],"up":[{"embeddable":true,"href":"https:\/\/lyongeologie.fr\/en\/wp-json\/wp\/v2\/pages\/521"}],"wp:attachment":[{"href":"https:\/\/lyongeologie.fr\/en\/wp-json\/wp\/v2\/media?parent=5537"}],"curies":[{"name":"wp","href":"https:\/\/api.w.org\/{rel}","templated":true}]}}