{"id":5459,"date":"2022-02-02T12:51:35","date_gmt":"2022-02-02T11:51:35","guid":{"rendered":"https:\/\/lyon-geologie.univ-lyon1.fr\/?page_id=5459"},"modified":"2023-01-27T10:14:39","modified_gmt":"2023-01-27T09:14:39","slug":"m2_manteau-noyau","status":"publish","type":"page","link":"https:\/\/lyongeologie.fr\/en\/m2-geosciences\/m2_manteau-noyau\/","title":{"rendered":"M2 Dynamique du manteau et du noyau"},"content":{"rendered":"<div data-elementor-type=\"wp-page\" data-elementor-id=\"5459\" class=\"elementor elementor-5459\">\n\t\t\t\t\t\t<section class=\"elementor-section elementor-top-section elementor-element elementor-element-6b20c4a0 elementor-section-boxed elementor-section-height-default elementor-section-height-default\" data-id=\"6b20c4a0\" data-element_type=\"section\" data-e-type=\"section\">\n\t\t\t\t\t\t<div class=\"elementor-container elementor-column-gap-default\">\n\t\t\t\t\t<div class=\"elementor-column elementor-col-100 elementor-top-column elementor-element elementor-element-5cfabf24\" data-id=\"5cfabf24\" data-element_type=\"column\" data-e-type=\"column\">\n\t\t\t<div class=\"elementor-widget-wrap elementor-element-populated\">\n\t\t\t\t\t\t<div class=\"elementor-element elementor-element-453cb9c4 elementor-widget elementor-widget-text-editor\" data-id=\"453cb9c4\" data-element_type=\"widget\" data-e-type=\"widget\" data-widget_type=\"text-editor.default\">\n\t\t\t\t<div class=\"elementor-widget-container\">\n\t\t\t\t\t\t\t\t\t<h2><strong>Earth's core and mantle dynamics<\/strong><\/h2>\t\t\t\t\t\t\t\t<\/div>\n\t\t\t\t<\/div>\n\t\t\t\t\t<\/div>\n\t\t<\/div>\n\t\t\t\t\t<\/div>\n\t\t<\/section>\n\t\t\t\t<section class=\"elementor-section elementor-top-section elementor-element elementor-element-437b675f elementor-section-boxed elementor-section-height-default elementor-section-height-default\" data-id=\"437b675f\" data-element_type=\"section\" data-e-type=\"section\">\n\t\t\t\t\t\t<div class=\"elementor-container elementor-column-gap-default\">\n\t\t\t\t\t<div class=\"elementor-column elementor-col-33 elementor-top-column elementor-element elementor-element-562fe4c3\" data-id=\"562fe4c3\" data-element_type=\"column\" data-e-type=\"column\">\n\t\t\t<div class=\"elementor-widget-wrap elementor-element-populated\">\n\t\t\t\t\t\t<div class=\"elementor-element elementor-element-456c265b elementor-widget elementor-widget-text-editor\" data-id=\"456c265b\" data-element_type=\"widget\" data-e-type=\"widget\" data-widget_type=\"text-editor.default\">\n\t\t\t\t<div class=\"elementor-widget-container\">\n\t\t\t\t\t\t\t\t\t<p><em>3 Credits<\/em><\/p><p><em>Contact: <a href=\"mailto:stephane.labrosse@ens-lyon.fr\">St\u00e9phane LABROSSE<\/a><br \/><\/em><\/p>\t\t\t\t\t\t\t\t<\/div>\n\t\t\t\t<\/div>\n\t\t\t\t<div class=\"elementor-element elementor-element-182701c elementor-widget elementor-widget-image\" data-id=\"182701c\" data-element_type=\"widget\" data-e-type=\"widget\" data-widget_type=\"image.default\">\n\t\t\t\t<div class=\"elementor-widget-container\">\n\t\t\t\t\t\t\t\t\t\t\t\t\t\t\t<img decoding=\"async\" width=\"150\" height=\"150\" src=\"https:\/\/lyongeologie.fr\/wp-content\/uploads\/2022\/02\/stephane_labrosse.png\" class=\"attachment-large size-large wp-image-8919\" alt=\"\" \/>\t\t\t\t\t\t\t\t\t\t\t\t\t\t\t<\/div>\n\t\t\t\t<\/div>\n\t\t\t\t<div class=\"elementor-element elementor-element-4224eecc elementor-align-center elementor-widget elementor-widget-button\" data-id=\"4224eecc\" data-element_type=\"widget\" data-e-type=\"widget\" data-widget_type=\"button.default\">\n\t\t\t\t<div class=\"elementor-widget-container\">\n\t\t\t\t\t\t\t\t\t<div class=\"elementor-button-wrapper\">\n\t\t\t\t\t<a class=\"elementor-button elementor-button-link elementor-size-sm\" href=\"https:\/\/lyon-geologie.univ-lyon1.fr\/en\/m2-geosciences\/#m2_opt\">\n\t\t\t\t\t\t<span class=\"elementor-button-content-wrapper\">\n\t\t\t\t\t\t\t\t\t<span class=\"elementor-button-text\">Back to the previous page<\/span>\n\t\t\t\t\t<\/span>\n\t\t\t\t\t<\/a>\n\t\t\t\t<\/div>\n\t\t\t\t\t\t\t\t<\/div>\n\t\t\t\t<\/div>\n\t\t\t\t\t<\/div>\n\t\t<\/div>\n\t\t\t\t<div class=\"elementor-column elementor-col-66 elementor-top-column elementor-element elementor-element-5e6e1933\" data-id=\"5e6e1933\" data-element_type=\"column\" data-e-type=\"column\">\n\t\t\t<div class=\"elementor-widget-wrap elementor-element-populated\">\n\t\t\t\t\t\t<div class=\"elementor-element elementor-element-387e2830 elementor-widget elementor-widget-text-editor\" data-id=\"387e2830\" data-element_type=\"widget\" data-e-type=\"widget\" data-widget_type=\"text-editor.default\">\n\t\t\t\t<div class=\"elementor-widget-container\">\n\t\t\t\t\t\t\t\t\t<p><strong>Objectifs p\u00e9dagogiques :<\/strong>\u00a0<span style=\"font-style: inherit; font-weight: inherit; font-family: var( --e-global-typography-text-font-family ), Sans-serif; color: var(--ast-global-color-3);\">Donner la culture n\u00e9cessaire pour faire de la recherche sur la dynamique interne de la Terre et des plan\u00e8tes.<\/span><\/p>\t\t\t\t\t\t\t\t<\/div>\n\t\t\t\t<\/div>\n\t\t\t\t<div class=\"elementor-element elementor-element-4ea9e3f2 elementor-widget elementor-widget-image\" data-id=\"4ea9e3f2\" data-element_type=\"widget\" data-e-type=\"widget\" data-widget_type=\"image.default\">\n\t\t\t\t<div class=\"elementor-widget-container\">\n\t\t\t\t\t\t\t\t\t\t\t\t\t\t\t<img fetchpriority=\"high\" decoding=\"async\" width=\"643\" height=\"413\" src=\"https:\/\/lyongeologie.fr\/wp-content\/uploads\/2022\/02\/stephane.png\" class=\"attachment-large size-large wp-image-9829\" alt=\"\" srcset=\"https:\/\/lyongeologie.fr\/wp-content\/uploads\/2022\/02\/stephane.png 643w, https:\/\/lyongeologie.fr\/wp-content\/uploads\/2022\/02\/stephane-300x193.png 300w\" sizes=\"(max-width: 643px) 100vw, 643px\" \/>\t\t\t\t\t\t\t\t\t\t\t\t\t\t\t<\/div>\n\t\t\t\t<\/div>\n\t\t\t\t<div class=\"elementor-element elementor-element-3754f93 elementor-widget elementor-widget-text-editor\" data-id=\"3754f93\" data-element_type=\"widget\" data-e-type=\"widget\" data-widget_type=\"text-editor.default\">\n\t\t\t\t<div class=\"elementor-widget-container\">\n\t\t\t\t\t\t\t\t\t<p><strong>Cours (12h) :<\/strong> Thermodynamique d\u2019un syst\u00e8me convectif, Noyau (\u00e9volution et croissance de la graine, convection en rotation, dynamo), Manteau (relation entre convection et observations g\u00e9ologiques telles que la tectonique des plaques, gravit\u00e9, la pal\u00e9og\u00e9ographie, la g\u00e9ochimie, la tomographie sismique). Focus sur quelques objets: zones de transition, base du manteau. Effet de propri\u00e9t\u00e9s physiques variables.\u00a0<\/p><p><strong>\u00a0Pr\u00e9sentations d\u2019articles<\/strong> (12h) pour\u00a0traiter quelques questions choisies comme les rh\u00e9ologie complexes, l&rsquo;endommagement, les ondes de torsion dans le noyau, etc.\u00a0 Possibilit\u00e9 de\u00a0demi-journ\u00e9e \u00e9ventuelle en commun avec l\u2019<a href=\"https:\/\/lyon-geologie.univ-lyon1.fr\/en\/m2-geosciences\/m2_ima_sismiq\/\">UE imagerie sismique<\/a> sur un sujet comme \u201cl&rsquo;anisotropie sismique\u201d avec intervention d\u2019ext\u00e9rieurs.<\/p><p><strong>Grading:<\/strong> Pr\u00e9sentation et discussion d\u2019un article et CT sur la base d\u2019un article pr\u00e9d\u00e9fini.<\/p><div><strong>\u00a0Note:<\/strong> <em>if the <a href=\"https:\/\/geophysicshouches2021.github.io\/\">\u00c9cole des Houches<\/a> est organis\u00e9es (15 jours), plusieurs UEs de M2 pourront y \u00eatre associ\u00e9es (Volcans, source, imagerie sismique, Plan\u00e8tes, etc \u2026), dans ce cas, les mini-projets et cours magistraux pourront \u00eatre suivis dans le cadre de l\u2019\u00e9cole<\/em><\/div>\t\t\t\t\t\t\t\t<\/div>\n\t\t\t\t<\/div>\n\t\t\t\t\t<\/div>\n\t\t<\/div>\n\t\t\t\t\t<\/div>\n\t\t<\/section>\n\t\t\t\t<\/div>","protected":false},"excerpt":{"rendered":"<p>Dynamique du noyau et du manteau Cr\u00e9dits : 3 ECTS Responsable : St\u00e9phane LABROSSE Retour \u00e0 la liste des UEs Objectifs p\u00e9dagogiques :\u00a0Donner la culture n\u00e9cessaire pour faire de la recherche sur la dynamique interne de la Terre et des plan\u00e8tes. Cours (12h) : Thermodynamique d\u2019un syst\u00e8me convectif, Noyau (\u00e9volution et croissance de la graine, [&hellip;]<\/p>\n","protected":false},"author":5,"featured_media":0,"parent":521,"menu_order":0,"comment_status":"closed","ping_status":"closed","template":"","meta":{"site-sidebar-layout":"no-sidebar","site-content-layout":"page-builder","ast-site-content-layout":"default","site-content-style":"default","site-sidebar-style":"default","ast-global-header-display":"","ast-banner-title-visibility":"","ast-main-header-display":"","ast-hfb-above-header-display":"","ast-hfb-below-header-display":"","ast-hfb-mobile-header-display":"","site-post-title":"disabled","ast-breadcrumbs-content":"","ast-featured-img":"disabled","footer-sml-layout":"","ast-disable-related-posts":"","theme-transparent-header-meta":"","adv-header-id-meta":"","stick-header-meta":"","header-above-stick-meta":"","header-main-stick-meta":"","header-below-stick-meta":"","astra-migrate-meta-layouts":"default","ast-page-background-enabled":"default","ast-page-background-meta":{"desktop":{"background-color":"var(--ast-global-color-4)","background-image":"","background-repeat":"repeat","background-position":"center center","background-size":"auto","background-attachment":"scroll","background-type":"","background-media":"","overlay-type":"","overlay-color":"","overlay-opacity":"","overlay-gradient":""},"tablet":{"background-color":"","background-image":"","background-repeat":"repeat","background-position":"center center","background-size":"auto","background-attachment":"scroll","background-type":"","background-media":"","overlay-type":"","overlay-color":"","overlay-opacity":"","overlay-gradient":""},"mobile":{"background-color":"","background-image":"","background-repeat":"repeat","background-position":"center center","background-size":"auto","background-attachment":"scroll","background-type":"","background-media":"","overlay-type":"","overlay-color":"","overlay-opacity":"","overlay-gradient":""}},"ast-content-background-meta":{"desktop":{"background-color":"var(--ast-global-color-5)","background-image":"","background-repeat":"repeat","background-position":"center center","background-size":"auto","background-attachment":"scroll","background-type":"","background-media":"","overlay-type":"","overlay-color":"","overlay-opacity":"","overlay-gradient":""},"tablet":{"background-color":"var(--ast-global-color-5)","background-image":"","background-repeat":"repeat","background-position":"center center","background-size":"auto","background-attachment":"scroll","background-type":"","background-media":"","overlay-type":"","overlay-color":"","overlay-opacity":"","overlay-gradient":""},"mobile":{"background-color":"var(--ast-global-color-5)","background-image":"","background-repeat":"repeat","background-position":"center center","background-size":"auto","background-attachment":"scroll","background-type":"","background-media":"","overlay-type":"","overlay-color":"","overlay-opacity":"","overlay-gradient":""}},"footnotes":""},"class_list":["post-5459","page","type-page","status-publish","hentry"],"_links":{"self":[{"href":"https:\/\/lyongeologie.fr\/en\/wp-json\/wp\/v2\/pages\/5459","targetHints":{"allow":["GET"]}}],"collection":[{"href":"https:\/\/lyongeologie.fr\/en\/wp-json\/wp\/v2\/pages"}],"about":[{"href":"https:\/\/lyongeologie.fr\/en\/wp-json\/wp\/v2\/types\/page"}],"author":[{"embeddable":true,"href":"https:\/\/lyongeologie.fr\/en\/wp-json\/wp\/v2\/users\/5"}],"replies":[{"embeddable":true,"href":"https:\/\/lyongeologie.fr\/en\/wp-json\/wp\/v2\/comments?post=5459"}],"version-history":[{"count":23,"href":"https:\/\/lyongeologie.fr\/en\/wp-json\/wp\/v2\/pages\/5459\/revisions"}],"predecessor-version":[{"id":16529,"href":"https:\/\/lyongeologie.fr\/en\/wp-json\/wp\/v2\/pages\/5459\/revisions\/16529"}],"up":[{"embeddable":true,"href":"https:\/\/lyongeologie.fr\/en\/wp-json\/wp\/v2\/pages\/521"}],"wp:attachment":[{"href":"https:\/\/lyongeologie.fr\/en\/wp-json\/wp\/v2\/media?parent=5459"}],"curies":[{"name":"wp","href":"https:\/\/api.w.org\/{rel}","templated":true}]}}