{"id":535,"date":"2022-01-28T12:30:02","date_gmt":"2022-01-28T11:30:02","guid":{"rendered":"https:\/\/lyon-geologie.univ-lyon1.fr\/?page_id=535"},"modified":"2022-03-18T10:07:11","modified_gmt":"2022-03-18T09:07:11","slug":"master-meef","status":"publish","type":"page","link":"https:\/\/lyongeologie.fr\/en\/master-meef\/","title":{"rendered":"Master MEEF"},"content":{"rendered":"<div data-elementor-type=\"wp-page\" data-elementor-id=\"535\" class=\"elementor elementor-535\">\n\t\t\t\t\t\t<section class=\"elementor-section elementor-top-section elementor-element elementor-element-ff60677 elementor-section-boxed elementor-section-height-default elementor-section-height-default\" data-id=\"ff60677\" data-element_type=\"section\" data-e-type=\"section\">\n\t\t\t\t\t\t<div class=\"elementor-container elementor-column-gap-default\">\n\t\t\t\t\t<div class=\"elementor-column elementor-col-100 elementor-top-column elementor-element elementor-element-15277ea\" data-id=\"15277ea\" data-element_type=\"column\" data-e-type=\"column\">\n\t\t\t<div class=\"elementor-widget-wrap elementor-element-populated\">\n\t\t\t\t\t\t<div class=\"elementor-element elementor-element-23249c2 elementor-widget elementor-widget-text-editor\" data-id=\"23249c2\" data-element_type=\"widget\" data-e-type=\"widget\" data-widget_type=\"text-editor.default\">\n\t\t\t\t<div class=\"elementor-widget-container\">\n\t\t\t\t\t\t\t\t\t<h2>Teaching Master degree in Biology and Geology (Agr\u00e9gation SV-STU)<\/h2><p class=\"translation-block\">To prepare for a teaching Master degree after your bachelor, you can apply to the <b class=\"\">Master FEAD\u00e9P<\/b> proposed by ENS Lyon. More information <a class=\"\" href=\"http:\/\/biologie.ens-lyon.fr\/M2-pro-agregation-SV-STU\/presentation-agregation\" target=\"_self\">here<\/a> (in french only).<\/p><ul><li style=\"list-style-type: none;\"><ul><li style=\"list-style-type: none;\"><ul><li class=\"translation-block\"><div id=\"donottranslate\"><\/div><\/li><li class=\"translation-block\"><div id=\"donottranslate\"><\/div><\/li><\/ul><\/li><\/ul><\/li><\/ul><p class=\"translation-block\"><div id=\"donottranslate\"><\/div><\/p>\t\t\t\t\t\t\t\t<\/div>\n\t\t\t\t<\/div>\n\t\t\t\t\t<\/div>\n\t\t<\/div>\n\t\t\t\t\t<\/div>\n\t\t<\/section>\n\t\t\t\t<\/div>","protected":false},"excerpt":{"rendered":"<p>Pr\u00e9paration \u00e0 l&rsquo;Agr\u00e9gation SV-STU (FEAD\u00e9P) Apr\u00e8s avoir suivi la L3 G\u00e9osciences,\u00a0vous pourrez, si vous le souhaitez, pr\u00e9parer le\u00a0concours de l\u2019Agr\u00e9gation en Sciences de la Vie \u2013 Sciences de la Terre et de l\u2019Univers (SV-STU)\u00a0gr\u00e2ce au Master FEAD\u00e9P de l\u2019ENS de Lyon. Pour cela, deux possibilit\u00e9s s\u2019offrent \u00e0 vous :\u00a0 Vous pouvez choisir de suivre le\u00a0Master [&hellip;]<\/p>\n","protected":false},"author":1,"featured_media":0,"parent":0,"menu_order":0,"comment_status":"closed","ping_status":"closed","template":"","meta":{"site-sidebar-layout":"no-sidebar","site-content-layout":"page-builder","ast-site-content-layout":"default","site-content-style":"default","site-sidebar-style":"default","ast-global-header-display":"","ast-banner-title-visibility":"","ast-main-header-display":"","ast-hfb-above-header-display":"","ast-hfb-below-header-display":"","ast-hfb-mobile-header-display":"","site-post-title":"disabled","ast-breadcrumbs-content":"","ast-featured-img":"disabled","footer-sml-layout":"","ast-disable-related-posts":"","theme-transparent-header-meta":"","adv-header-id-meta":"","stick-header-meta":"","header-above-stick-meta":"","header-main-stick-meta":"","header-below-stick-meta":"","astra-migrate-meta-layouts":"default","ast-page-background-enabled":"default","ast-page-background-meta":{"desktop":{"background-color":"var(--ast-global-color-4)","background-image":"","background-repeat":"repeat","background-position":"center center","background-size":"auto","background-attachment":"scroll","background-type":"","background-media":"","overlay-type":"","overlay-color":"","overlay-opacity":"","overlay-gradient":""},"tablet":{"background-color":"","background-image":"","background-repeat":"repeat","background-position":"center center","background-size":"auto","background-attachment":"scroll","background-type":"","background-media":"","overlay-type":"","overlay-color":"","overlay-opacity":"","overlay-gradient":""},"mobile":{"background-color":"","background-image":"","background-repeat":"repeat","background-position":"center center","background-size":"auto","background-attachment":"scroll","background-type":"","background-media":"","overlay-type":"","overlay-color":"","overlay-opacity":"","overlay-gradient":""}},"ast-content-background-meta":{"desktop":{"background-color":"var(--ast-global-color-5)","background-image":"","background-repeat":"repeat","background-position":"center center","background-size":"auto","background-attachment":"scroll","background-type":"","background-media":"","overlay-type":"","overlay-color":"","overlay-opacity":"","overlay-gradient":""},"tablet":{"background-color":"var(--ast-global-color-5)","background-image":"","background-repeat":"repeat","background-position":"center center","background-size":"auto","background-attachment":"scroll","background-type":"","background-media":"","overlay-type":"","overlay-color":"","overlay-opacity":"","overlay-gradient":""},"mobile":{"background-color":"var(--ast-global-color-5)","background-image":"","background-repeat":"repeat","background-position":"center center","background-size":"auto","background-attachment":"scroll","background-type":"","background-media":"","overlay-type":"","overlay-color":"","overlay-opacity":"","overlay-gradient":""}},"footnotes":""},"class_list":["post-535","page","type-page","status-publish","hentry"],"_links":{"self":[{"href":"https:\/\/lyongeologie.fr\/en\/wp-json\/wp\/v2\/pages\/535","targetHints":{"allow":["GET"]}}],"collection":[{"href":"https:\/\/lyongeologie.fr\/en\/wp-json\/wp\/v2\/pages"}],"about":[{"href":"https:\/\/lyongeologie.fr\/en\/wp-json\/wp\/v2\/types\/page"}],"author":[{"embeddable":true,"href":"https:\/\/lyongeologie.fr\/en\/wp-json\/wp\/v2\/users\/1"}],"replies":[{"embeddable":true,"href":"https:\/\/lyongeologie.fr\/en\/wp-json\/wp\/v2\/comments?post=535"}],"version-history":[{"count":28,"href":"https:\/\/lyongeologie.fr\/en\/wp-json\/wp\/v2\/pages\/535\/revisions"}],"predecessor-version":[{"id":14597,"href":"https:\/\/lyongeologie.fr\/en\/wp-json\/wp\/v2\/pages\/535\/revisions\/14597"}],"wp:attachment":[{"href":"https:\/\/lyongeologie.fr\/en\/wp-json\/wp\/v2\/media?parent=535"}],"curies":[{"name":"wp","href":"https:\/\/api.w.org\/{rel}","templated":true}]}}