{"id":5045,"date":"2022-02-02T09:07:32","date_gmt":"2022-02-02T08:07:32","guid":{"rendered":"https:\/\/lyon-geologie.univ-lyon1.fr\/?page_id=5045"},"modified":"2023-01-27T10:12:13","modified_gmt":"2023-01-27T09:12:13","slug":"l3g-risques","status":"publish","type":"page","link":"https:\/\/lyongeologie.fr\/en\/l3-geosciences\/l3g-risques\/","title":{"rendered":"L3G Risques g\u00e9ologiques \u00e0 l&rsquo;\u00e8re de l&rsquo;Anthropoc\u00e8ne"},"content":{"rendered":"<div data-elementor-type=\"wp-page\" data-elementor-id=\"5045\" class=\"elementor elementor-5045\">\n\t\t\t\t\t\t<section class=\"elementor-section elementor-top-section elementor-element elementor-element-4e449a09 elementor-section-boxed elementor-section-height-default elementor-section-height-default\" data-id=\"4e449a09\" data-element_type=\"section\" data-e-type=\"section\">\n\t\t\t\t\t\t<div class=\"elementor-container elementor-column-gap-default\">\n\t\t\t\t\t<div class=\"elementor-column elementor-col-100 elementor-top-column elementor-element elementor-element-48cb879d\" data-id=\"48cb879d\" data-element_type=\"column\" data-e-type=\"column\">\n\t\t\t<div class=\"elementor-widget-wrap elementor-element-populated\">\n\t\t\t\t\t\t<div class=\"elementor-element elementor-element-779c7a90 elementor-widget elementor-widget-text-editor\" data-id=\"779c7a90\" data-element_type=\"widget\" data-e-type=\"widget\" data-widget_type=\"text-editor.default\">\n\t\t\t\t<div class=\"elementor-widget-container\">\n\t\t\t\t\t\t\t\t\t<h2><strong>Risques g\u00e9ologiques \u00e0 l&rsquo;\u00e8re de l&rsquo;Anthropoc\u00e8ne<br \/><\/strong><\/h2>\t\t\t\t\t\t\t\t<\/div>\n\t\t\t\t<\/div>\n\t\t\t\t\t<\/div>\n\t\t<\/div>\n\t\t\t\t\t<\/div>\n\t\t<\/section>\n\t\t\t\t<section class=\"elementor-section elementor-top-section elementor-element elementor-element-405825f elementor-section-boxed elementor-section-height-default elementor-section-height-default\" data-id=\"405825f\" data-element_type=\"section\" data-e-type=\"section\">\n\t\t\t\t\t\t<div class=\"elementor-container elementor-column-gap-default\">\n\t\t\t\t\t<div class=\"elementor-column elementor-col-33 elementor-top-column elementor-element elementor-element-4c4092d5\" data-id=\"4c4092d5\" data-element_type=\"column\" data-e-type=\"column\">\n\t\t\t<div class=\"elementor-widget-wrap elementor-element-populated\">\n\t\t\t\t\t\t<div class=\"elementor-element elementor-element-163704e7 elementor-widget elementor-widget-text-editor\" data-id=\"163704e7\" data-element_type=\"widget\" data-e-type=\"widget\" data-widget_type=\"text-editor.default\">\n\t\t\t\t<div class=\"elementor-widget-container\">\n\t\t\t\t\t\t\t\t\t<p><em>3 Credits<\/em><\/p><p><em>Contact: <a href=\"mailto:marianne.metois@univ-lyon1.fr\">Marianne M\u00c9TOIS<\/a><br \/><\/em><\/p>\t\t\t\t\t\t\t\t<\/div>\n\t\t\t\t<\/div>\n\t\t\t\t<div class=\"elementor-element elementor-element-11eb769 elementor-widget elementor-widget-image\" data-id=\"11eb769\" data-element_type=\"widget\" data-e-type=\"widget\" data-widget_type=\"image.default\">\n\t\t\t\t<div class=\"elementor-widget-container\">\n\t\t\t\t\t\t\t\t\t\t\t\t\t\t\t<img decoding=\"async\" width=\"150\" height=\"150\" src=\"https:\/\/lyongeologie.fr\/wp-content\/uploads\/2022\/02\/marianne_metois.png\" class=\"attachment-large size-large wp-image-8907\" alt=\"\" \/>\t\t\t\t\t\t\t\t\t\t\t\t\t\t\t<\/div>\n\t\t\t\t<\/div>\n\t\t\t\t<div class=\"elementor-element elementor-element-78b41589 elementor-align-center elementor-widget elementor-widget-button\" data-id=\"78b41589\" data-element_type=\"widget\" data-e-type=\"widget\" data-widget_type=\"button.default\">\n\t\t\t\t<div class=\"elementor-widget-container\">\n\t\t\t\t\t\t\t\t\t<div class=\"elementor-button-wrapper\">\n\t\t\t\t\t<a class=\"elementor-button elementor-button-link elementor-size-sm\" href=\"https:\/\/lyon-geologie.univ-lyon1.fr\/l3-geosciences\/#l3_opt\">\n\t\t\t\t\t\t<span class=\"elementor-button-content-wrapper\">\n\t\t\t\t\t\t\t\t\t<span class=\"elementor-button-text\">Back to the previous page<\/span>\n\t\t\t\t\t<\/span>\n\t\t\t\t\t<\/a>\n\t\t\t\t<\/div>\n\t\t\t\t\t\t\t\t<\/div>\n\t\t\t\t<\/div>\n\t\t\t\t\t<\/div>\n\t\t<\/div>\n\t\t\t\t<div class=\"elementor-column elementor-col-66 elementor-top-column elementor-element elementor-element-8e507ee\" data-id=\"8e507ee\" data-element_type=\"column\" data-e-type=\"column\">\n\t\t\t<div class=\"elementor-widget-wrap elementor-element-populated\">\n\t\t\t\t\t\t<div class=\"elementor-element elementor-element-18d5ac3b elementor-widget elementor-widget-text-editor\" data-id=\"18d5ac3b\" data-element_type=\"widget\" data-e-type=\"widget\" data-widget_type=\"text-editor.default\">\n\t\t\t\t<div class=\"elementor-widget-container\">\n\t\t\t\t\t\t\t\t\t<p>Dans cette UE optionnelle nous aborderons les risques g\u00e9ologiques associ\u00e9s aux modifications des enveloppes superficielles de la Terre dues aux activit\u00e9s humaines (associ\u00e9es \u00e0 une facette du concept d\u2019Anthropoc\u00e8ne). Le changement climatique et la crise de biodiversit\u00e9 associ\u00e9e, les risques g\u00e9ologiques naturels, et l\u2019augmentation de ces risques associ\u00e9e aux activit\u00e9s humaines (qui jouent \u00e0 la fois sur l\u2019al\u00e9a et la vuln\u00e9rabilit\u00e9) seront au programme de cette UE.<\/p>\t\t\t\t\t\t\t\t<\/div>\n\t\t\t\t<\/div>\n\t\t\t\t<div class=\"elementor-element elementor-element-201f6091 elementor-widget elementor-widget-image\" data-id=\"201f6091\" data-element_type=\"widget\" data-e-type=\"widget\" data-widget_type=\"image.default\">\n\t\t\t\t<div class=\"elementor-widget-container\">\n\t\t\t\t\t\t\t\t\t\t\t\t<figure class=\"wp-caption\">\n\t\t\t\t\t\t\t\t\t\t<img fetchpriority=\"high\" decoding=\"async\" width=\"560\" height=\"560\" src=\"https:\/\/lyongeologie.fr\/wp-content\/uploads\/2022\/02\/TL3G_Risques1_small.gif\" class=\"attachment-large size-large wp-image-5051\" alt=\"\" \/>\t\t\t\t\t\t\t\t\t\t\t<figcaption class=\"widget-image-caption wp-caption-text\"><i><small>Explosion du volcan Hunga Tonga vue par satellite (worldview) le 14\/02\/2022. <\/small><\/i><\/figcaption>\n\t\t\t\t\t\t\t\t\t\t<\/figure>\n\t\t\t\t\t\t\t\t\t<\/div>\n\t\t\t\t<\/div>\n\t\t\t\t<div class=\"elementor-element elementor-element-2dca4f4 elementor-widget elementor-widget-text-editor\" data-id=\"2dca4f4\" data-element_type=\"widget\" data-e-type=\"widget\" data-widget_type=\"text-editor.default\">\n\t\t\t\t<div class=\"elementor-widget-container\">\n\t\t\t\t\t\t\t\t\t<p>L\u2019UE a donc pour objectif d\u2019augmenter les connaissances scientifiques des \u00e9tudiants sur les risques g\u00e9ologiques dans leurs aspects qualitatifs et quantitatifs, et sur les interactions entre l\u2019humanit\u00e9 et la plan\u00e8te Terre. Pour aborder des probl\u00e8mes complexes affectant les soci\u00e9t\u00e9s humaines, des \u00e9tudes de cas seront propos\u00e9es (TD) en compl\u00e9ment de notions plus th\u00e9oriques (CM). Ces cas concrets permettent d\u2019ouvrir la discussion avec les \u00e9tudiants et d\u2019aborder des probl\u00e8mes d\u2019\u00e9thique scientifique et de positionnement du scientifique dans la soci\u00e9t\u00e9. Une premi\u00e8re partie de l\u2019UE est d\u00e9di\u00e9e aux risques pos\u00e9s par les ph\u00e9nom\u00e8nes naturels (gestion probabiliste, vuln\u00e9rabilit\u00e9, risques telluriques et externes, structures de gestion des risques). La seconde partie de l\u2019UE porte sur les modifications des enveloppes externes par les activit\u00e9s humaines (exploitation des ressources mini\u00e8res, eau, \u00e9missions) et leurs cons\u00e9quences en termes de risques. Le changement climatique anthropique est pris comme cas d\u2019\u00e9tude int\u00e9gr\u00e9.<\/p>\t\t\t\t\t\t\t\t<\/div>\n\t\t\t\t<\/div>\n\t\t\t\t<div class=\"elementor-element elementor-element-da08c2a elementor-widget elementor-widget-image\" data-id=\"da08c2a\" data-element_type=\"widget\" data-e-type=\"widget\" data-widget_type=\"image.default\">\n\t\t\t\t<div class=\"elementor-widget-container\">\n\t\t\t\t\t\t\t\t\t\t\t\t<figure class=\"wp-caption\">\n\t\t\t\t\t\t\t\t\t\t<img decoding=\"async\" width=\"499\" height=\"289\" src=\"https:\/\/lyongeologie.fr\/wp-content\/uploads\/2022\/02\/L3G_Risques2.png\" class=\"attachment-large size-large wp-image-5053\" alt=\"\" srcset=\"https:\/\/lyongeologie.fr\/wp-content\/uploads\/2022\/02\/L3G_Risques2.png 499w, https:\/\/lyongeologie.fr\/wp-content\/uploads\/2022\/02\/L3G_Risques2-300x174.png 300w\" sizes=\"(max-width: 499px) 100vw, 499px\" \/>\t\t\t\t\t\t\t\t\t\t\t<figcaption class=\"widget-image-caption wp-caption-text\"><i><small>Sc\u00e9narios d\u2019\u00e9volution de la temp\u00e9rature moyenne mondiale produits par le GIEC.<\/small><\/i><\/figcaption>\n\t\t\t\t\t\t\t\t\t\t<\/figure>\n\t\t\t\t\t\t\t\t\t<\/div>\n\t\t\t\t<\/div>\n\t\t\t\t\t<\/div>\n\t\t<\/div>\n\t\t\t\t\t<\/div>\n\t\t<\/section>\n\t\t\t\t<section class=\"elementor-section elementor-top-section elementor-element elementor-element-1298f84a elementor-section-boxed elementor-section-height-default elementor-section-height-default\" data-id=\"1298f84a\" data-element_type=\"section\" data-e-type=\"section\">\n\t\t\t\t\t\t<div class=\"elementor-container elementor-column-gap-default\">\n\t\t\t\t\t<div class=\"elementor-column elementor-col-100 elementor-top-column elementor-element elementor-element-50b423e\" data-id=\"50b423e\" data-element_type=\"column\" data-e-type=\"column\">\n\t\t\t<div class=\"elementor-widget-wrap\">\n\t\t\t\t\t\t\t<\/div>\n\t\t<\/div>\n\t\t\t\t\t<\/div>\n\t\t<\/section>\n\t\t\t\t<\/div>","protected":false},"excerpt":{"rendered":"<p>Risques g\u00e9ologiques \u00e0 l&rsquo;\u00e8re de l&rsquo;Anthropoc\u00e8ne Cr\u00e9dits : 3 ECTS Responsable : Marianne M\u00c9TOIS Retour \u00e0 la liste des UEs Dans cette UE optionnelle nous aborderons les risques g\u00e9ologiques associ\u00e9s aux modifications des enveloppes superficielles de la Terre dues aux activit\u00e9s humaines (associ\u00e9es \u00e0 une facette du concept d\u2019Anthropoc\u00e8ne). Le changement climatique et la crise [&hellip;]<\/p>\n","protected":false},"author":5,"featured_media":0,"parent":489,"menu_order":0,"comment_status":"closed","ping_status":"closed","template":"","meta":{"site-sidebar-layout":"no-sidebar","site-content-layout":"page-builder","ast-site-content-layout":"default","site-content-style":"default","site-sidebar-style":"default","ast-global-header-display":"","ast-banner-title-visibility":"","ast-main-header-display":"","ast-hfb-above-header-display":"","ast-hfb-below-header-display":"","ast-hfb-mobile-header-display":"","site-post-title":"disabled","ast-breadcrumbs-content":"","ast-featured-img":"disabled","footer-sml-layout":"","ast-disable-related-posts":"","theme-transparent-header-meta":"","adv-header-id-meta":"","stick-header-meta":"","header-above-stick-meta":"","header-main-stick-meta":"","header-below-stick-meta":"","astra-migrate-meta-layouts":"default","ast-page-background-enabled":"default","ast-page-background-meta":{"desktop":{"background-color":"var(--ast-global-color-4)","background-image":"","background-repeat":"repeat","background-position":"center center","background-size":"auto","background-attachment":"scroll","background-type":"","background-media":"","overlay-type":"","overlay-color":"","overlay-opacity":"","overlay-gradient":""},"tablet":{"background-color":"","background-image":"","background-repeat":"repeat","background-position":"center center","background-size":"auto","background-attachment":"scroll","background-type":"","background-media":"","overlay-type":"","overlay-color":"","overlay-opacity":"","overlay-gradient":""},"mobile":{"background-color":"","background-image":"","background-repeat":"repeat","background-position":"center center","background-size":"auto","background-attachment":"scroll","background-type":"","background-media":"","overlay-type":"","overlay-color":"","overlay-opacity":"","overlay-gradient":""}},"ast-content-background-meta":{"desktop":{"background-color":"var(--ast-global-color-5)","background-image":"","background-repeat":"repeat","background-position":"center center","background-size":"auto","background-attachment":"scroll","background-type":"","background-media":"","overlay-type":"","overlay-color":"","overlay-opacity":"","overlay-gradient":""},"tablet":{"background-color":"var(--ast-global-color-5)","background-image":"","background-repeat":"repeat","background-position":"center center","background-size":"auto","background-attachment":"scroll","background-type":"","background-media":"","overlay-type":"","overlay-color":"","overlay-opacity":"","overlay-gradient":""},"mobile":{"background-color":"var(--ast-global-color-5)","background-image":"","background-repeat":"repeat","background-position":"center center","background-size":"auto","background-attachment":"scroll","background-type":"","background-media":"","overlay-type":"","overlay-color":"","overlay-opacity":"","overlay-gradient":""}},"footnotes":""},"class_list":["post-5045","page","type-page","status-publish","hentry"],"_links":{"self":[{"href":"https:\/\/lyongeologie.fr\/en\/wp-json\/wp\/v2\/pages\/5045","targetHints":{"allow":["GET"]}}],"collection":[{"href":"https:\/\/lyongeologie.fr\/en\/wp-json\/wp\/v2\/pages"}],"about":[{"href":"https:\/\/lyongeologie.fr\/en\/wp-json\/wp\/v2\/types\/page"}],"author":[{"embeddable":true,"href":"https:\/\/lyongeologie.fr\/en\/wp-json\/wp\/v2\/users\/5"}],"replies":[{"embeddable":true,"href":"https:\/\/lyongeologie.fr\/en\/wp-json\/wp\/v2\/comments?post=5045"}],"version-history":[{"count":15,"href":"https:\/\/lyongeologie.fr\/en\/wp-json\/wp\/v2\/pages\/5045\/revisions"}],"predecessor-version":[{"id":16521,"href":"https:\/\/lyongeologie.fr\/en\/wp-json\/wp\/v2\/pages\/5045\/revisions\/16521"}],"up":[{"embeddable":true,"href":"https:\/\/lyongeologie.fr\/en\/wp-json\/wp\/v2\/pages\/489"}],"wp:attachment":[{"href":"https:\/\/lyongeologie.fr\/en\/wp-json\/wp\/v2\/media?parent=5045"}],"curies":[{"name":"wp","href":"https:\/\/api.w.org\/{rel}","templated":true}]}}