{"id":5025,"date":"2022-02-02T08:59:10","date_gmt":"2022-02-02T07:59:10","guid":{"rendered":"https:\/\/lyon-geologie.univ-lyon1.fr\/?page_id=5025"},"modified":"2022-02-18T09:36:37","modified_gmt":"2022-02-18T08:36:37","slug":"l3g-p3","status":"publish","type":"page","link":"https:\/\/lyongeologie.fr\/en\/l3-geosciences\/l3g-p3\/","title":{"rendered":"L3G Pal\u00e9obotanique, Palynologie, Pal\u00e9oenvironnements"},"content":{"rendered":"<div data-elementor-type=\"wp-page\" data-elementor-id=\"5025\" class=\"elementor elementor-5025\">\n\t\t\t\t\t\t<section class=\"elementor-section elementor-top-section elementor-element elementor-element-641d9d22 elementor-section-boxed elementor-section-height-default elementor-section-height-default\" data-id=\"641d9d22\" data-element_type=\"section\" data-e-type=\"section\">\n\t\t\t\t\t\t<div class=\"elementor-container elementor-column-gap-default\">\n\t\t\t\t\t<div class=\"elementor-column elementor-col-100 elementor-top-column elementor-element elementor-element-6156a91b\" data-id=\"6156a91b\" data-element_type=\"column\" data-e-type=\"column\">\n\t\t\t<div class=\"elementor-widget-wrap elementor-element-populated\">\n\t\t\t\t\t\t<div class=\"elementor-element elementor-element-29d845ff elementor-widget elementor-widget-text-editor\" data-id=\"29d845ff\" data-element_type=\"widget\" data-e-type=\"widget\" data-widget_type=\"text-editor.default\">\n\t\t\t\t<div class=\"elementor-widget-container\">\n\t\t\t\t\t\t\t\t\t<h2><strong>Pal\u00e9obotanique, Palynologie, Pal\u00e9oenvironnements<br><\/strong><\/h2>\t\t\t\t\t\t\t\t<\/div>\n\t\t\t\t<\/div>\n\t\t\t\t\t<\/div>\n\t\t<\/div>\n\t\t\t\t\t<\/div>\n\t\t<\/section>\n\t\t\t\t<section class=\"elementor-section elementor-top-section elementor-element elementor-element-71a70abd elementor-section-boxed elementor-section-height-default elementor-section-height-default\" data-id=\"71a70abd\" data-element_type=\"section\" data-e-type=\"section\">\n\t\t\t\t\t\t<div class=\"elementor-container elementor-column-gap-default\">\n\t\t\t\t\t<div class=\"elementor-column elementor-col-33 elementor-top-column elementor-element elementor-element-75fa938e\" data-id=\"75fa938e\" data-element_type=\"column\" data-e-type=\"column\">\n\t\t\t<div class=\"elementor-widget-wrap elementor-element-populated\">\n\t\t\t\t\t\t<div class=\"elementor-element elementor-element-16dae083 elementor-widget elementor-widget-text-editor\" data-id=\"16dae083\" data-element_type=\"widget\" data-e-type=\"widget\" data-widget_type=\"text-editor.default\">\n\t\t\t\t<div class=\"elementor-widget-container\">\n\t\t\t\t\t\t\t\t\t<p><em>3 Credits<\/em><\/p><p><em>Contact: <a href=\"mailto:bernard.gomez@univ-lyon1.fr\">Bernard GOMEZ<\/a><br \/><\/em><\/p>\t\t\t\t\t\t\t\t<\/div>\n\t\t\t\t<\/div>\n\t\t\t\t<div class=\"elementor-element elementor-element-bce3ae3 elementor-widget elementor-widget-image\" data-id=\"bce3ae3\" data-element_type=\"widget\" data-e-type=\"widget\" data-widget_type=\"image.default\">\n\t\t\t\t<div class=\"elementor-widget-container\">\n\t\t\t\t\t\t\t\t\t\t\t\t\t\t\t<img decoding=\"async\" width=\"150\" height=\"150\" src=\"https:\/\/lyongeologie.fr\/wp-content\/uploads\/2022\/02\/bernard_gomez.png\" class=\"attachment-large size-large wp-image-12319\" alt=\"\" \/>\t\t\t\t\t\t\t\t\t\t\t\t\t\t\t<\/div>\n\t\t\t\t<\/div>\n\t\t\t\t<div class=\"elementor-element elementor-element-11fd4301 elementor-align-center elementor-widget elementor-widget-button\" data-id=\"11fd4301\" data-element_type=\"widget\" data-e-type=\"widget\" data-widget_type=\"button.default\">\n\t\t\t\t<div class=\"elementor-widget-container\">\n\t\t\t\t\t\t\t\t\t<div class=\"elementor-button-wrapper\">\n\t\t\t\t\t<a class=\"elementor-button elementor-button-link elementor-size-sm\" href=\"https:\/\/lyon-geologie.univ-lyon1.fr\/l3-geosciences\/#l3_opt\">\n\t\t\t\t\t\t<span class=\"elementor-button-content-wrapper\">\n\t\t\t\t\t\t\t\t\t<span class=\"elementor-button-text\">Back to the previous page<\/span>\n\t\t\t\t\t<\/span>\n\t\t\t\t\t<\/a>\n\t\t\t\t<\/div>\n\t\t\t\t\t\t\t\t<\/div>\n\t\t\t\t<\/div>\n\t\t\t\t\t<\/div>\n\t\t<\/div>\n\t\t\t\t<div class=\"elementor-column elementor-col-66 elementor-top-column elementor-element elementor-element-340f6b\" data-id=\"340f6b\" data-element_type=\"column\" data-e-type=\"column\">\n\t\t\t<div class=\"elementor-widget-wrap elementor-element-populated\">\n\t\t\t\t\t\t<div class=\"elementor-element elementor-element-27d7f073 elementor-widget elementor-widget-text-editor\" data-id=\"27d7f073\" data-element_type=\"widget\" data-e-type=\"widget\" data-widget_type=\"text-editor.default\">\n\t\t\t\t<div class=\"elementor-widget-container\">\n\t\t\t\t\t\t\t\t\t<p>Les objectifs de cette UE optionnelle sont :<\/p><ul><li style=\"list-style-type: none;\"><ul><li>Reconna\u00eetre les fossiles de plantes<\/li><li>Utiliser correctement ces fossiles pour interpr\u00e9ter pal\u00e9o\u00e9cosyt\u00e8mes, pal\u00e9oenvironnements et pal\u00e9oclimats.<\/li><\/ul><\/li><\/ul>\t\t\t\t\t\t\t\t<\/div>\n\t\t\t\t<\/div>\n\t\t\t\t<div class=\"elementor-element elementor-element-76f90a34 elementor-widget elementor-widget-image\" data-id=\"76f90a34\" data-element_type=\"widget\" data-e-type=\"widget\" data-widget_type=\"image.default\">\n\t\t\t\t<div class=\"elementor-widget-container\">\n\t\t\t\t\t\t\t\t\t\t\t\t\t\t\t<img fetchpriority=\"high\" decoding=\"async\" width=\"670\" height=\"233\" src=\"https:\/\/lyongeologie.fr\/wp-content\/uploads\/2022\/02\/L3G_P3.png\" class=\"attachment-large size-large wp-image-5083\" alt=\"\" srcset=\"https:\/\/lyongeologie.fr\/wp-content\/uploads\/2022\/02\/L3G_P3.png 670w, https:\/\/lyongeologie.fr\/wp-content\/uploads\/2022\/02\/L3G_P3-300x104.png 300w\" sizes=\"(max-width: 670px) 100vw, 670px\" \/>\t\t\t\t\t\t\t\t\t\t\t\t\t\t\t<\/div>\n\t\t\t\t<\/div>\n\t\t\t\t<div class=\"elementor-element elementor-element-2445407 elementor-widget elementor-widget-text-editor\" data-id=\"2445407\" data-element_type=\"widget\" data-e-type=\"widget\" data-widget_type=\"text-editor.default\">\n\t\t\t\t<div class=\"elementor-widget-container\">\n\t\t\t\t\t\t\t\t\t<p><b>Contents:<\/b><\/p><ul><li style=\"list-style-type: none;\"><ul><li><strong>Pal\u00e9obotanique :<\/strong> Caract\u00e9risations des plantes terrestres et reconnaissances de m\u00e9sofossiles et m\u00e9gafossiles. Utilisations pour des interpr\u00e9tations des pal\u00e9o\u00e9cosyst\u00e8mes, des pal\u00e9oenvironnements et des climats (CLAMP, indices stomatiques, etc.) ;<\/li><li><strong>Palynologie :<\/strong> Bases de l\u2019outil (grains de pollen, diagrammes polliniques, palynofaci\u00e8s). M\u00e9thodes de reconstructions pal\u00e9oenvironnementales et climatiques ;<\/li><li><strong>Statistiques :<\/strong> M\u00e9thodes statistiques multivari\u00e9es descriptives et inf\u00e9rentielles pour l&rsquo;analyse de pr\u00e9sence\/absence et de contingence (donn\u00e9es pal\u00e9o\u00e9cologiques et pal\u00e9oenvironnementales). Application \u00e0 des jeux de donn\u00e9es pal\u00e9obotaniques et palynologiques.<\/li><\/ul><\/li><\/ul>\t\t\t\t\t\t\t\t<\/div>\n\t\t\t\t<\/div>\n\t\t\t\t\t<\/div>\n\t\t<\/div>\n\t\t\t\t\t<\/div>\n\t\t<\/section>\n\t\t\t\t<section class=\"elementor-section elementor-top-section elementor-element elementor-element-4afba3c9 elementor-section-boxed elementor-section-height-default elementor-section-height-default\" data-id=\"4afba3c9\" data-element_type=\"section\" data-e-type=\"section\">\n\t\t\t\t\t\t<div class=\"elementor-container elementor-column-gap-default\">\n\t\t\t\t\t<div class=\"elementor-column elementor-col-100 elementor-top-column elementor-element elementor-element-56f4c27b\" data-id=\"56f4c27b\" data-element_type=\"column\" data-e-type=\"column\">\n\t\t\t<div class=\"elementor-widget-wrap\">\n\t\t\t\t\t\t\t<\/div>\n\t\t<\/div>\n\t\t\t\t\t<\/div>\n\t\t<\/section>\n\t\t\t\t<\/div>","protected":false},"excerpt":{"rendered":"<p>Pal\u00e9obotanique, Palynologie, Pal\u00e9oenvironnements Cr\u00e9dits : 3 ECTS Responsable : Bernard GOMEZ Retour \u00e0 la liste des UEs Les objectifs de cette UE optionnelle sont : Reconna\u00eetre les fossiles de plantes Utiliser correctement ces fossiles pour interpr\u00e9ter pal\u00e9o\u00e9cosyt\u00e8mes, pal\u00e9oenvironnements et pal\u00e9oclimats. Contenu : Pal\u00e9obotanique : Caract\u00e9risations des plantes terrestres et reconnaissances de m\u00e9sofossiles et m\u00e9gafossiles. Utilisations [&hellip;]<\/p>\n","protected":false},"author":5,"featured_media":0,"parent":489,"menu_order":0,"comment_status":"closed","ping_status":"closed","template":"","meta":{"site-sidebar-layout":"no-sidebar","site-content-layout":"page-builder","ast-site-content-layout":"default","site-content-style":"default","site-sidebar-style":"default","ast-global-header-display":"","ast-banner-title-visibility":"","ast-main-header-display":"","ast-hfb-above-header-display":"","ast-hfb-below-header-display":"","ast-hfb-mobile-header-display":"","site-post-title":"disabled","ast-breadcrumbs-content":"","ast-featured-img":"disabled","footer-sml-layout":"","ast-disable-related-posts":"","theme-transparent-header-meta":"","adv-header-id-meta":"","stick-header-meta":"","header-above-stick-meta":"","header-main-stick-meta":"","header-below-stick-meta":"","astra-migrate-meta-layouts":"default","ast-page-background-enabled":"default","ast-page-background-meta":{"desktop":{"background-color":"var(--ast-global-color-4)","background-image":"","background-repeat":"repeat","background-position":"center center","background-size":"auto","background-attachment":"scroll","background-type":"","background-media":"","overlay-type":"","overlay-color":"","overlay-opacity":"","overlay-gradient":""},"tablet":{"background-color":"","background-image":"","background-repeat":"repeat","background-position":"center center","background-size":"auto","background-attachment":"scroll","background-type":"","background-media":"","overlay-type":"","overlay-color":"","overlay-opacity":"","overlay-gradient":""},"mobile":{"background-color":"","background-image":"","background-repeat":"repeat","background-position":"center center","background-size":"auto","background-attachment":"scroll","background-type":"","background-media":"","overlay-type":"","overlay-color":"","overlay-opacity":"","overlay-gradient":""}},"ast-content-background-meta":{"desktop":{"background-color":"var(--ast-global-color-5)","background-image":"","background-repeat":"repeat","background-position":"center center","background-size":"auto","background-attachment":"scroll","background-type":"","background-media":"","overlay-type":"","overlay-color":"","overlay-opacity":"","overlay-gradient":""},"tablet":{"background-color":"var(--ast-global-color-5)","background-image":"","background-repeat":"repeat","background-position":"center center","background-size":"auto","background-attachment":"scroll","background-type":"","background-media":"","overlay-type":"","overlay-color":"","overlay-opacity":"","overlay-gradient":""},"mobile":{"background-color":"var(--ast-global-color-5)","background-image":"","background-repeat":"repeat","background-position":"center center","background-size":"auto","background-attachment":"scroll","background-type":"","background-media":"","overlay-type":"","overlay-color":"","overlay-opacity":"","overlay-gradient":""}},"footnotes":""},"class_list":["post-5025","page","type-page","status-publish","hentry"],"_links":{"self":[{"href":"https:\/\/lyongeologie.fr\/en\/wp-json\/wp\/v2\/pages\/5025","targetHints":{"allow":["GET"]}}],"collection":[{"href":"https:\/\/lyongeologie.fr\/en\/wp-json\/wp\/v2\/pages"}],"about":[{"href":"https:\/\/lyongeologie.fr\/en\/wp-json\/wp\/v2\/types\/page"}],"author":[{"embeddable":true,"href":"https:\/\/lyongeologie.fr\/en\/wp-json\/wp\/v2\/users\/5"}],"replies":[{"embeddable":true,"href":"https:\/\/lyongeologie.fr\/en\/wp-json\/wp\/v2\/comments?post=5025"}],"version-history":[{"count":32,"href":"https:\/\/lyongeologie.fr\/en\/wp-json\/wp\/v2\/pages\/5025\/revisions"}],"predecessor-version":[{"id":14025,"href":"https:\/\/lyongeologie.fr\/en\/wp-json\/wp\/v2\/pages\/5025\/revisions\/14025"}],"up":[{"embeddable":true,"href":"https:\/\/lyongeologie.fr\/en\/wp-json\/wp\/v2\/pages\/489"}],"wp:attachment":[{"href":"https:\/\/lyongeologie.fr\/en\/wp-json\/wp\/v2\/media?parent=5025"}],"curies":[{"name":"wp","href":"https:\/\/api.w.org\/{rel}","templated":true}]}}