{"id":4977,"date":"2022-02-02T08:42:42","date_gmt":"2022-02-02T07:42:42","guid":{"rendered":"https:\/\/lyon-geologie.univ-lyon1.fr\/?page_id=4977"},"modified":"2026-03-13T16:40:12","modified_gmt":"2026-03-13T15:40:12","slug":"l3g-systsol","status":"publish","type":"page","link":"https:\/\/lyongeologie.fr\/en\/l3-geosciences\/l3g-systsol\/","title":{"rendered":"L3G Syst\u00e8me Solaire"},"content":{"rendered":"<div data-elementor-type=\"wp-page\" data-elementor-id=\"4977\" class=\"elementor elementor-4977\">\n\t\t\t\t\t\t<section class=\"elementor-section elementor-top-section elementor-element elementor-element-3e046cf5 elementor-section-boxed elementor-section-height-default elementor-section-height-default\" data-id=\"3e046cf5\" data-element_type=\"section\" data-e-type=\"section\">\n\t\t\t\t\t\t<div class=\"elementor-container elementor-column-gap-default\">\n\t\t\t\t\t<div class=\"elementor-column elementor-col-100 elementor-top-column elementor-element elementor-element-c15fa20\" data-id=\"c15fa20\" data-element_type=\"column\" data-e-type=\"column\">\n\t\t\t<div class=\"elementor-widget-wrap elementor-element-populated\">\n\t\t\t\t\t\t<div class=\"elementor-element elementor-element-2f215b7b elementor-widget elementor-widget-text-editor\" data-id=\"2f215b7b\" data-element_type=\"widget\" data-e-type=\"widget\" data-widget_type=\"text-editor.default\">\n\t\t\t\t<div class=\"elementor-widget-container\">\n\t\t\t\t\t\t\t\t\t<h2><strong>Syst\u00e8me Solaire<br \/><\/strong><\/h2>\t\t\t\t\t\t\t\t<\/div>\n\t\t\t\t<\/div>\n\t\t\t\t\t<\/div>\n\t\t<\/div>\n\t\t\t\t\t<\/div>\n\t\t<\/section>\n\t\t\t\t<section class=\"elementor-section elementor-top-section elementor-element elementor-element-3005a74c elementor-section-boxed elementor-section-height-default elementor-section-height-default\" data-id=\"3005a74c\" data-element_type=\"section\" data-e-type=\"section\">\n\t\t\t\t\t\t<div class=\"elementor-container elementor-column-gap-default\">\n\t\t\t\t\t<div class=\"elementor-column elementor-col-33 elementor-top-column elementor-element elementor-element-4161a3d6\" data-id=\"4161a3d6\" data-element_type=\"column\" data-e-type=\"column\">\n\t\t\t<div class=\"elementor-widget-wrap elementor-element-populated\">\n\t\t\t\t\t\t<div class=\"elementor-element elementor-element-699ab3cb elementor-widget elementor-widget-text-editor\" data-id=\"699ab3cb\" data-element_type=\"widget\" data-e-type=\"widget\" data-widget_type=\"text-editor.default\">\n\t\t\t\t<div class=\"elementor-widget-container\">\n\t\t\t\t\t\t\t\t\t<p><em>3 Credits<\/em><\/p><p><em>Contact <\/em><\/p><p><a href=\"\/en\/erwin.dehouck@univ-lyon1.fr\/\"><em>Erwin DEHOUCK<\/em><\/a><\/p><p><em>and <\/em><a href=\"mailto:patrick.thollot@ens-lyon.fr\"><em>Patrick THOLLOT<\/em><\/a><\/p>\t\t\t\t\t\t\t\t<\/div>\n\t\t\t\t<\/div>\n\t\t\t\t<div class=\"elementor-element elementor-element-11505a2 elementor-widget elementor-widget-image\" data-id=\"11505a2\" data-element_type=\"widget\" data-e-type=\"widget\" data-widget_type=\"image.default\">\n\t\t\t\t<div class=\"elementor-widget-container\">\n\t\t\t\t\t\t\t\t\t\t\t\t\t\t\t<img decoding=\"async\" width=\"150\" height=\"150\" src=\"https:\/\/lyongeologie.fr\/wp-content\/uploads\/2022\/02\/erwin.dehouck.png\" class=\"attachment-large size-large wp-image-8885\" alt=\"\" \/>\t\t\t\t\t\t\t\t\t\t\t\t\t\t\t<\/div>\n\t\t\t\t<\/div>\n\t\t\t\t<div class=\"elementor-element elementor-element-f94e541 elementor-widget elementor-widget-image\" data-id=\"f94e541\" data-element_type=\"widget\" data-e-type=\"widget\" data-widget_type=\"image.default\">\n\t\t\t\t<div class=\"elementor-widget-container\">\n\t\t\t\t\t\t\t\t\t\t\t\t\t\t\t<img decoding=\"async\" width=\"150\" height=\"150\" src=\"https:\/\/lyongeologie.fr\/wp-content\/uploads\/2022\/02\/patrick_thollot.png\" class=\"attachment-large size-large wp-image-12333\" alt=\"\" \/>\t\t\t\t\t\t\t\t\t\t\t\t\t\t\t<\/div>\n\t\t\t\t<\/div>\n\t\t\t\t<div class=\"elementor-element elementor-element-2e5be4fb elementor-align-center elementor-widget elementor-widget-button\" data-id=\"2e5be4fb\" data-element_type=\"widget\" data-e-type=\"widget\" data-widget_type=\"button.default\">\n\t\t\t\t<div class=\"elementor-widget-container\">\n\t\t\t\t\t\t\t\t\t<div class=\"elementor-button-wrapper\">\n\t\t\t\t\t<a class=\"elementor-button elementor-button-link elementor-size-sm\" href=\"https:\/\/lyon-geologie.univ-lyon1.fr\/l3-geosciences\/#l3_opt\">\n\t\t\t\t\t\t<span class=\"elementor-button-content-wrapper\">\n\t\t\t\t\t\t\t\t\t<span class=\"elementor-button-text\">Back to the previous page<\/span>\n\t\t\t\t\t<\/span>\n\t\t\t\t\t<\/a>\n\t\t\t\t<\/div>\n\t\t\t\t\t\t\t\t<\/div>\n\t\t\t\t<\/div>\n\t\t\t\t\t<\/div>\n\t\t<\/div>\n\t\t\t\t<div class=\"elementor-column elementor-col-66 elementor-top-column elementor-element elementor-element-1b151f1d\" data-id=\"1b151f1d\" data-element_type=\"column\" data-e-type=\"column\">\n\t\t\t<div class=\"elementor-widget-wrap elementor-element-populated\">\n\t\t\t\t\t\t<div class=\"elementor-element elementor-element-303bcd15 elementor-widget elementor-widget-text-editor\" data-id=\"303bcd15\" data-element_type=\"widget\" data-e-type=\"widget\" data-widget_type=\"text-editor.default\">\n\t\t\t\t<div class=\"elementor-widget-container\">\n\t\t\t\t\t\t\t\t\t<p><span style=\"font-weight: 400;\">Cette UE optionnelle de L3 G\u00e9osciences a pour objectif de donner une culture g\u00e9n\u00e9rale \u00e0 la fois sur les connaissances et les m\u00e9thodes d\u2019\u00e9tude des objets du Syst\u00e8me solaire. La connaissance de la Terre permettra de mieux comprendre les autres objets, et la diversit\u00e9 des objets permettra en retour de mieux questionner notre compr\u00e9hension de la Terre dans une perspective de plan\u00e9tologie compar\u00e9e.<\/span><\/p>\t\t\t\t\t\t\t\t<\/div>\n\t\t\t\t<\/div>\n\t\t\t\t<div class=\"elementor-element elementor-element-3356063 elementor-widget elementor-widget-image\" data-id=\"3356063\" data-element_type=\"widget\" data-e-type=\"widget\" data-widget_type=\"image.default\">\n\t\t\t\t<div class=\"elementor-widget-container\">\n\t\t\t\t\t\t\t\t\t\t\t\t<figure class=\"wp-caption\">\n\t\t\t\t\t\t\t\t\t\t<img fetchpriority=\"high\" decoding=\"async\" width=\"941\" height=\"714\" src=\"https:\/\/lyongeologie.fr\/wp-content\/uploads\/2025\/05\/Image-Erwin_Systeme-solaire.jpg\" class=\"attachment-large size-large wp-image-18645\" alt=\"\" srcset=\"https:\/\/lyongeologie.fr\/wp-content\/uploads\/2025\/05\/Image-Erwin_Systeme-solaire.jpg 941w, https:\/\/lyongeologie.fr\/wp-content\/uploads\/2025\/05\/Image-Erwin_Systeme-solaire-300x228.jpg 300w, https:\/\/lyongeologie.fr\/wp-content\/uploads\/2025\/05\/Image-Erwin_Systeme-solaire-768x583.jpg 768w, https:\/\/lyongeologie.fr\/wp-content\/uploads\/2025\/05\/Image-Erwin_Systeme-solaire-16x12.jpg 16w\" sizes=\"(max-width: 941px) 100vw, 941px\" \/>\t\t\t\t\t\t\t\t\t\t\t<figcaption class=\"widget-image-caption wp-caption-text\"><\/figcaption>\n\t\t\t\t\t\t\t\t\t\t<\/figure>\n\t\t\t\t\t\t\t\t\t<\/div>\n\t\t\t\t<\/div>\n\t\t\t\t<div class=\"elementor-element elementor-element-4ebc336 elementor-widget elementor-widget-text-editor\" data-id=\"4ebc336\" data-element_type=\"widget\" data-e-type=\"widget\" data-widget_type=\"text-editor.default\">\n\t\t\t\t<div class=\"elementor-widget-container\">\n\t\t\t\t\t\t\t\t\t<p><i>Quelques illustrations en lien avec les contenus de l\u2019UE, de gauche \u00e0 droite puis de haut en bas : volcan Sapas Mons sur V\u00e9nus (donn\u00e9es Magellan &#8211; NASA\/JPL) ; panaches cryovolcaniques d\u2019Encelade, lune de Saturne (image Cassini &#8211; NASA\/JPL\/Space Science Institute) ; d\u00e9p\u00f4ts stratifi\u00e9s du crat\u00e8re Gale sur Mars (image rover Curiosity &#8211; NASA\/JPL-Caltech\/MSSS) ; anomalies gravim\u00e9triques sur la Lune (donn\u00e9es GRAIL &#8211; NASA\/JPL-Caltech\/MIT\/GSFC).<\/i><\/p><p><b>Contents:<\/b><\/p><ul><li style=\"font-weight: 400;\" aria-level=\"1\"><span style=\"font-weight: 400;\">Revue des outils et techniques permettant de d\u00e9terminer la structure interne des plan\u00e8tes (observations depuis la Terre, champ de gravit\u00e9, g\u00e9od\u00e9sie, sismologie&#8230;) et d\u2019\u00e9tudier les surfaces et atmosph\u00e8res (t\u00e9l\u00e9d\u00e9tection orbitale, mesures <\/span><i><span style=\"font-weight: 400;\">in situ<\/span><\/i><span style=\"font-weight: 400;\">).\u00a0<\/span><\/li><li style=\"font-weight: 400;\" aria-level=\"1\"><span style=\"font-weight: 400;\">R\u00f4le des impacts dans le fa\u00e7onnement des surfaces plan\u00e9taires, et leur utilit\u00e9 pour \u00e9tablir la chronologie du Syst\u00e8me solaire.\u00a0<\/span><\/li><li style=\"font-weight: 400;\" aria-level=\"1\"><span style=\"font-weight: 400;\">\u00c9tudes d\u00e9taill\u00e9es des plan\u00e8tes telluriques, des plan\u00e8tes g\u00e9antes et de leurs lunes, ainsi que des objets transneptuniens.\u00a0<\/span><\/li><li style=\"font-weight: 400;\" aria-level=\"1\"><span style=\"font-weight: 400;\">Donn\u00e9es, mod\u00e8les et recherches en cours sur les exoplan\u00e8tes.<\/span><\/li><\/ul>\t\t\t\t\t\t\t\t<\/div>\n\t\t\t\t<\/div>\n\t\t\t\t\t<\/div>\n\t\t<\/div>\n\t\t\t\t\t<\/div>\n\t\t<\/section>\n\t\t\t\t<\/div>","protected":false},"excerpt":{"rendered":"<p>Syst\u00e8me Solaire Cr\u00e9dits : 3 ECTS Responsables : Erwin DEHOUCK et Patrick THOLLOT Retour \u00e0 la liste des UEs Cette UE optionnelle de L3 G\u00e9osciences a pour objectif de donner une culture g\u00e9n\u00e9rale \u00e0 la fois sur les connaissances et les m\u00e9thodes d\u2019\u00e9tude des objets du Syst\u00e8me solaire. La connaissance de la Terre permettra de [&hellip;]<\/p>\n","protected":false},"author":5,"featured_media":0,"parent":489,"menu_order":0,"comment_status":"closed","ping_status":"closed","template":"","meta":{"site-sidebar-layout":"no-sidebar","site-content-layout":"page-builder","ast-site-content-layout":"default","site-content-style":"default","site-sidebar-style":"default","ast-global-header-display":"","ast-banner-title-visibility":"","ast-main-header-display":"","ast-hfb-above-header-display":"","ast-hfb-below-header-display":"","ast-hfb-mobile-header-display":"","site-post-title":"disabled","ast-breadcrumbs-content":"","ast-featured-img":"disabled","footer-sml-layout":"","ast-disable-related-posts":"","theme-transparent-header-meta":"","adv-header-id-meta":"","stick-header-meta":"","header-above-stick-meta":"","header-main-stick-meta":"","header-below-stick-meta":"","astra-migrate-meta-layouts":"default","ast-page-background-enabled":"default","ast-page-background-meta":{"desktop":{"background-color":"var(--ast-global-color-4)","background-image":"","background-repeat":"repeat","background-position":"center center","background-size":"auto","background-attachment":"scroll","background-type":"","background-media":"","overlay-type":"","overlay-color":"","overlay-opacity":"","overlay-gradient":""},"tablet":{"background-color":"","background-image":"","background-repeat":"repeat","background-position":"center center","background-size":"auto","background-attachment":"scroll","background-type":"","background-media":"","overlay-type":"","overlay-color":"","overlay-opacity":"","overlay-gradient":""},"mobile":{"background-color":"","background-image":"","background-repeat":"repeat","background-position":"center center","background-size":"auto","background-attachment":"scroll","background-type":"","background-media":"","overlay-type":"","overlay-color":"","overlay-opacity":"","overlay-gradient":""}},"ast-content-background-meta":{"desktop":{"background-color":"var(--ast-global-color-5)","background-image":"","background-repeat":"repeat","background-position":"center center","background-size":"auto","background-attachment":"scroll","background-type":"","background-media":"","overlay-type":"","overlay-color":"","overlay-opacity":"","overlay-gradient":""},"tablet":{"background-color":"var(--ast-global-color-5)","background-image":"","background-repeat":"repeat","background-position":"center center","background-size":"auto","background-attachment":"scroll","background-type":"","background-media":"","overlay-type":"","overlay-color":"","overlay-opacity":"","overlay-gradient":""},"mobile":{"background-color":"var(--ast-global-color-5)","background-image":"","background-repeat":"repeat","background-position":"center center","background-size":"auto","background-attachment":"scroll","background-type":"","background-media":"","overlay-type":"","overlay-color":"","overlay-opacity":"","overlay-gradient":""}},"footnotes":""},"class_list":["post-4977","page","type-page","status-publish","hentry"],"_links":{"self":[{"href":"https:\/\/lyongeologie.fr\/en\/wp-json\/wp\/v2\/pages\/4977","targetHints":{"allow":["GET"]}}],"collection":[{"href":"https:\/\/lyongeologie.fr\/en\/wp-json\/wp\/v2\/pages"}],"about":[{"href":"https:\/\/lyongeologie.fr\/en\/wp-json\/wp\/v2\/types\/page"}],"author":[{"embeddable":true,"href":"https:\/\/lyongeologie.fr\/en\/wp-json\/wp\/v2\/users\/5"}],"replies":[{"embeddable":true,"href":"https:\/\/lyongeologie.fr\/en\/wp-json\/wp\/v2\/comments?post=4977"}],"version-history":[{"count":35,"href":"https:\/\/lyongeologie.fr\/en\/wp-json\/wp\/v2\/pages\/4977\/revisions"}],"predecessor-version":[{"id":19299,"href":"https:\/\/lyongeologie.fr\/en\/wp-json\/wp\/v2\/pages\/4977\/revisions\/19299"}],"up":[{"embeddable":true,"href":"https:\/\/lyongeologie.fr\/en\/wp-json\/wp\/v2\/pages\/489"}],"wp:attachment":[{"href":"https:\/\/lyongeologie.fr\/en\/wp-json\/wp\/v2\/media?parent=4977"}],"curies":[{"name":"wp","href":"https:\/\/api.w.org\/{rel}","templated":true}]}}