{"id":4941,"date":"2022-02-02T08:35:28","date_gmt":"2022-02-02T07:35:28","guid":{"rendered":"https:\/\/lyon-geologie.univ-lyon1.fr\/?page_id=4941"},"modified":"2023-01-27T10:11:56","modified_gmt":"2023-01-27T09:11:56","slug":"l3g_min2","status":"publish","type":"page","link":"https:\/\/lyongeologie.fr\/en\/l3-geosciences\/l3g_min2\/","title":{"rendered":"L3G Min\u00e9ralogie et ses applications fondamentales et soci\u00e9tales"},"content":{"rendered":"<div data-elementor-type=\"wp-page\" data-elementor-id=\"4941\" class=\"elementor elementor-4941\">\n\t\t\t\t\t\t<section class=\"elementor-section elementor-top-section elementor-element elementor-element-224fc49f elementor-section-boxed elementor-section-height-default elementor-section-height-default\" data-id=\"224fc49f\" data-element_type=\"section\" data-e-type=\"section\">\n\t\t\t\t\t\t<div class=\"elementor-container elementor-column-gap-default\">\n\t\t\t\t\t<div class=\"elementor-column elementor-col-100 elementor-top-column elementor-element elementor-element-66c7fa85\" data-id=\"66c7fa85\" data-element_type=\"column\" data-e-type=\"column\">\n\t\t\t<div class=\"elementor-widget-wrap elementor-element-populated\">\n\t\t\t\t\t\t<div class=\"elementor-element elementor-element-658812ae elementor-widget elementor-widget-text-editor\" data-id=\"658812ae\" data-element_type=\"widget\" data-e-type=\"widget\" data-widget_type=\"text-editor.default\">\n\t\t\t\t<div class=\"elementor-widget-container\">\n\t\t\t\t\t\t\t\t\t<h2><strong>Mineralogy and its fundamental and societal applications<br \/><\/strong><\/h2>\t\t\t\t\t\t\t\t<\/div>\n\t\t\t\t<\/div>\n\t\t\t\t\t<\/div>\n\t\t<\/div>\n\t\t\t\t\t<\/div>\n\t\t<\/section>\n\t\t\t\t<section class=\"elementor-section elementor-top-section elementor-element elementor-element-240e2744 elementor-section-boxed elementor-section-height-default elementor-section-height-default\" data-id=\"240e2744\" data-element_type=\"section\" data-e-type=\"section\">\n\t\t\t\t\t\t<div class=\"elementor-container elementor-column-gap-default\">\n\t\t\t\t\t<div class=\"elementor-column elementor-col-33 elementor-top-column elementor-element elementor-element-52fbabc5\" data-id=\"52fbabc5\" data-element_type=\"column\" data-e-type=\"column\">\n\t\t\t<div class=\"elementor-widget-wrap elementor-element-populated\">\n\t\t\t\t\t\t<div class=\"elementor-element elementor-element-23f32cad elementor-widget elementor-widget-text-editor\" data-id=\"23f32cad\" data-element_type=\"widget\" data-e-type=\"widget\" data-widget_type=\"text-editor.default\">\n\t\t\t\t<div class=\"elementor-widget-container\">\n\t\t\t\t\t\t\t\t\t<p><em>3 Credits<\/em><\/p><p><em>Contact: <a href=\"mailto:isabelle.daniel@univ-lyon1.fr\">Isabelle DANIEL<\/a><br \/><\/em><\/p>\t\t\t\t\t\t\t\t<\/div>\n\t\t\t\t<\/div>\n\t\t\t\t<div class=\"elementor-element elementor-element-f56ba86 elementor-widget elementor-widget-image\" data-id=\"f56ba86\" data-element_type=\"widget\" data-e-type=\"widget\" data-widget_type=\"image.default\">\n\t\t\t\t<div class=\"elementor-widget-container\">\n\t\t\t\t\t\t\t\t\t\t\t\t\t\t\t<img decoding=\"async\" width=\"150\" height=\"150\" src=\"https:\/\/lyongeologie.fr\/wp-content\/uploads\/2022\/02\/Isabelle_Daniel-150x150.png\" class=\"attachment-thumbnail size-thumbnail wp-image-8899\" alt=\"\" srcset=\"https:\/\/lyongeologie.fr\/wp-content\/uploads\/2022\/02\/Isabelle_Daniel-150x150.png 150w, https:\/\/lyongeologie.fr\/wp-content\/uploads\/2022\/02\/Isabelle_Daniel-300x300.png 300w, https:\/\/lyongeologie.fr\/wp-content\/uploads\/2022\/02\/Isabelle_Daniel.png 473w\" sizes=\"(max-width: 150px) 100vw, 150px\" \/>\t\t\t\t\t\t\t\t\t\t\t\t\t\t\t<\/div>\n\t\t\t\t<\/div>\n\t\t\t\t<div class=\"elementor-element elementor-element-657489a4 elementor-align-center elementor-widget elementor-widget-button\" data-id=\"657489a4\" data-element_type=\"widget\" data-e-type=\"widget\" data-widget_type=\"button.default\">\n\t\t\t\t<div class=\"elementor-widget-container\">\n\t\t\t\t\t\t\t\t\t<div class=\"elementor-button-wrapper\">\n\t\t\t\t\t<a class=\"elementor-button elementor-button-link elementor-size-sm\" href=\"https:\/\/lyon-geologie.univ-lyon1.fr\/l3-geosciences\/#l3_opt\">\n\t\t\t\t\t\t<span class=\"elementor-button-content-wrapper\">\n\t\t\t\t\t\t\t\t\t<span class=\"elementor-button-text\">Back to the previous page<\/span>\n\t\t\t\t\t<\/span>\n\t\t\t\t\t<\/a>\n\t\t\t\t<\/div>\n\t\t\t\t\t\t\t\t<\/div>\n\t\t\t\t<\/div>\n\t\t\t\t\t<\/div>\n\t\t<\/div>\n\t\t\t\t<div class=\"elementor-column elementor-col-66 elementor-top-column elementor-element elementor-element-456bfdbb\" data-id=\"456bfdbb\" data-element_type=\"column\" data-e-type=\"column\">\n\t\t\t<div class=\"elementor-widget-wrap elementor-element-populated\">\n\t\t\t\t\t\t<div class=\"elementor-element elementor-element-43f63d15 elementor-widget elementor-widget-text-editor\" data-id=\"43f63d15\" data-element_type=\"widget\" data-e-type=\"widget\" data-widget_type=\"text-editor.default\">\n\t\t\t\t<div class=\"elementor-widget-container\">\n\t\t\t\t\t\t\t\t\t<p>L\u2019objectif est de pr\u00e9senter divers aspects de la min\u00e9ralogie et de ses apports pour r\u00e9pondre \u00e0 la fois \u00e0 des questions de recherche fondamentale mais aussi \u00e0 des probl\u00e9matiques soci\u00e9tales importantes du 21\u00e8me si\u00e8cle.<\/p><p><strong>Evolution des min\u00e9raux au cours des temps g\u00e9ologiques<\/strong> &#8211; t\u00e9moins et diagnostiques de la\u00a0 co-\u00e9volution de la biosph\u00e8re et de la g\u00e9osph\u00e8re;<\/p><p><strong>Min\u00e9ralogie environnementale<\/strong> &#8211; rem\u00e9diation des sites et sols pollu\u00e9s, stockage g\u00e9ologique du CO2, production d\u2019hydrog\u00e8ne naturel;<\/p><p><strong>Ressources min\u00e9rales et gisements<\/strong> &#8211; min\u00e9raux strat\u00e9giques porteur des terres rares, ciment &amp; b\u00e9ton, recyclage inspir\u00e9s des processus naturels;<\/p><p><strong>Interactions min\u00e9raux-vivant<\/strong> &#8211;\u00a0 biomin\u00e9raux (os, coquilles, mat\u00e9riaux complexes, &#8230;); toxicit\u00e9; m\u00e9dicaments; r\u00f4le dans la nutrition; r\u00f4le dans l\u2019\u00e9mergence et le d\u00e9veloppement de la vie<\/p><p><strong>Min\u00e9ralogie comparative des corps plan\u00e9taires et de leurs int\u00e9rieurs<\/strong> &#8211; m\u00e9t\u00e9orites, petits corps, corps glac\u00e9s, plan\u00e8tes telluriques, plan\u00e8tes g\u00e9antes, exoplan\u00e8tes;<\/p><p><strong>Min\u00e9ralogie, convection, et tectonique des plaques<\/strong> &#8211; r\u00f4le critique de la composition et des propri\u00e9t\u00e9s des min\u00e9raux.<\/p>\t\t\t\t\t\t\t\t<\/div>\n\t\t\t\t<\/div>\n\t\t\t\t<div class=\"elementor-element elementor-element-f24fb03 elementor-widget elementor-widget-image\" data-id=\"f24fb03\" data-element_type=\"widget\" data-e-type=\"widget\" data-widget_type=\"image.default\">\n\t\t\t\t<div class=\"elementor-widget-container\">\n\t\t\t\t\t\t\t\t\t\t\t\t<figure class=\"wp-caption\">\n\t\t\t\t\t\t\t\t\t\t<img fetchpriority=\"high\" decoding=\"async\" width=\"1024\" height=\"390\" src=\"https:\/\/lyongeologie.fr\/wp-content\/uploads\/2022\/02\/L3G_Min2-1024x390.png\" class=\"attachment-large size-large wp-image-4947\" alt=\"\" srcset=\"https:\/\/lyongeologie.fr\/wp-content\/uploads\/2022\/02\/L3G_Min2-1024x390.png 1024w, https:\/\/lyongeologie.fr\/wp-content\/uploads\/2022\/02\/L3G_Min2-300x114.png 300w, https:\/\/lyongeologie.fr\/wp-content\/uploads\/2022\/02\/L3G_Min2-768x293.png 768w, https:\/\/lyongeologie.fr\/wp-content\/uploads\/2022\/02\/L3G_Min2-1536x585.png 1536w, https:\/\/lyongeologie.fr\/wp-content\/uploads\/2022\/02\/L3G_Min2.png 1648w\" sizes=\"(max-width: 1024px) 100vw, 1024px\" \/>\t\t\t\t\t\t\t\t\t\t\t<figcaption class=\"widget-image-caption wp-caption-text\"><i><small>A gauche, chlorite, Mt Blanc, France. cr\u00e9dit photo Michal Skiba. A droite, Crocoite, Mine d\u2019Adelaide, Tasmanie - source de Cr6+ toxique <\/small><\/i><\/figcaption>\n\t\t\t\t\t\t\t\t\t\t<\/figure>\n\t\t\t\t\t\t\t\t\t<\/div>\n\t\t\t\t<\/div>\n\t\t\t\t<div class=\"elementor-element elementor-element-55c7ed2 elementor-widget elementor-widget-text-editor\" data-id=\"55c7ed2\" data-element_type=\"widget\" data-e-type=\"widget\" data-widget_type=\"text-editor.default\">\n\t\t\t\t<div class=\"elementor-widget-container\">\n\t\t\t\t\t\t\t\t\t<p><strong>Activit\u00e9s p\u00e9dagogiques :<\/strong><\/p><p>Chaque th\u00e8me sera introduit en cours, puis le travail sur les diff\u00e9rents aspects que l\u2019on aura choisi d\u2019\u00e9tudier se fera en groupe. Le format des restitutions pourra \u00eatre vari\u00e9, pr\u00e9sentation, rapport, poster, capsule vid\u00e9o. Chaque th\u00e8me sera clos par une synth\u00e8se.<\/p>\t\t\t\t\t\t\t\t<\/div>\n\t\t\t\t<\/div>\n\t\t\t\t\t<\/div>\n\t\t<\/div>\n\t\t\t\t\t<\/div>\n\t\t<\/section>\n\t\t\t\t<section class=\"elementor-section elementor-top-section elementor-element elementor-element-67dd69d4 elementor-section-boxed elementor-section-height-default elementor-section-height-default\" data-id=\"67dd69d4\" data-element_type=\"section\" data-e-type=\"section\">\n\t\t\t\t\t\t<div class=\"elementor-container elementor-column-gap-default\">\n\t\t\t\t\t<div class=\"elementor-column elementor-col-100 elementor-top-column elementor-element elementor-element-7e22e819\" data-id=\"7e22e819\" data-element_type=\"column\" data-e-type=\"column\">\n\t\t\t<div class=\"elementor-widget-wrap\">\n\t\t\t\t\t\t\t<\/div>\n\t\t<\/div>\n\t\t\t\t\t<\/div>\n\t\t<\/section>\n\t\t\t\t<\/div>","protected":false},"excerpt":{"rendered":"<p>Min\u00e9ralogie et ses applications fondamentales et soci\u00e9tales Cr\u00e9dits : 3 ECTS Responsable : Isabelle DANIEL Retour \u00e0 la liste des UEs L\u2019objectif est de pr\u00e9senter divers aspects de la min\u00e9ralogie et de ses apports pour r\u00e9pondre \u00e0 la fois \u00e0 des questions de recherche fondamentale mais aussi \u00e0 des probl\u00e9matiques soci\u00e9tales importantes du 21\u00e8me si\u00e8cle. [&hellip;]<\/p>\n","protected":false},"author":5,"featured_media":0,"parent":489,"menu_order":0,"comment_status":"closed","ping_status":"closed","template":"","meta":{"site-sidebar-layout":"no-sidebar","site-content-layout":"page-builder","ast-site-content-layout":"default","site-content-style":"default","site-sidebar-style":"default","ast-global-header-display":"","ast-banner-title-visibility":"","ast-main-header-display":"","ast-hfb-above-header-display":"","ast-hfb-below-header-display":"","ast-hfb-mobile-header-display":"","site-post-title":"disabled","ast-breadcrumbs-content":"","ast-featured-img":"disabled","footer-sml-layout":"","ast-disable-related-posts":"","theme-transparent-header-meta":"","adv-header-id-meta":"","stick-header-meta":"","header-above-stick-meta":"","header-main-stick-meta":"","header-below-stick-meta":"","astra-migrate-meta-layouts":"default","ast-page-background-enabled":"default","ast-page-background-meta":{"desktop":{"background-color":"var(--ast-global-color-4)","background-image":"","background-repeat":"repeat","background-position":"center center","background-size":"auto","background-attachment":"scroll","background-type":"","background-media":"","overlay-type":"","overlay-color":"","overlay-opacity":"","overlay-gradient":""},"tablet":{"background-color":"","background-image":"","background-repeat":"repeat","background-position":"center center","background-size":"auto","background-attachment":"scroll","background-type":"","background-media":"","overlay-type":"","overlay-color":"","overlay-opacity":"","overlay-gradient":""},"mobile":{"background-color":"","background-image":"","background-repeat":"repeat","background-position":"center center","background-size":"auto","background-attachment":"scroll","background-type":"","background-media":"","overlay-type":"","overlay-color":"","overlay-opacity":"","overlay-gradient":""}},"ast-content-background-meta":{"desktop":{"background-color":"var(--ast-global-color-5)","background-image":"","background-repeat":"repeat","background-position":"center center","background-size":"auto","background-attachment":"scroll","background-type":"","background-media":"","overlay-type":"","overlay-color":"","overlay-opacity":"","overlay-gradient":""},"tablet":{"background-color":"var(--ast-global-color-5)","background-image":"","background-repeat":"repeat","background-position":"center center","background-size":"auto","background-attachment":"scroll","background-type":"","background-media":"","overlay-type":"","overlay-color":"","overlay-opacity":"","overlay-gradient":""},"mobile":{"background-color":"var(--ast-global-color-5)","background-image":"","background-repeat":"repeat","background-position":"center center","background-size":"auto","background-attachment":"scroll","background-type":"","background-media":"","overlay-type":"","overlay-color":"","overlay-opacity":"","overlay-gradient":""}},"footnotes":""},"class_list":["post-4941","page","type-page","status-publish","hentry"],"_links":{"self":[{"href":"https:\/\/lyongeologie.fr\/en\/wp-json\/wp\/v2\/pages\/4941","targetHints":{"allow":["GET"]}}],"collection":[{"href":"https:\/\/lyongeologie.fr\/en\/wp-json\/wp\/v2\/pages"}],"about":[{"href":"https:\/\/lyongeologie.fr\/en\/wp-json\/wp\/v2\/types\/page"}],"author":[{"embeddable":true,"href":"https:\/\/lyongeologie.fr\/en\/wp-json\/wp\/v2\/users\/5"}],"replies":[{"embeddable":true,"href":"https:\/\/lyongeologie.fr\/en\/wp-json\/wp\/v2\/comments?post=4941"}],"version-history":[{"count":26,"href":"https:\/\/lyongeologie.fr\/en\/wp-json\/wp\/v2\/pages\/4941\/revisions"}],"predecessor-version":[{"id":16519,"href":"https:\/\/lyongeologie.fr\/en\/wp-json\/wp\/v2\/pages\/4941\/revisions\/16519"}],"up":[{"embeddable":true,"href":"https:\/\/lyongeologie.fr\/en\/wp-json\/wp\/v2\/pages\/489"}],"wp:attachment":[{"href":"https:\/\/lyongeologie.fr\/en\/wp-json\/wp\/v2\/media?parent=4941"}],"curies":[{"name":"wp","href":"https:\/\/api.w.org\/{rel}","templated":true}]}}