{"id":4763,"date":"2022-02-02T07:49:56","date_gmt":"2022-02-02T06:49:56","guid":{"rendered":"https:\/\/lyon-geologie.univ-lyon1.fr\/?page_id=4763"},"modified":"2022-04-12T14:18:20","modified_gmt":"2022-04-12T12:18:20","slug":"l2-stage","status":"publish","type":"page","link":"https:\/\/lyongeologie.fr\/en\/l2-geosciences\/l2-stage\/","title":{"rendered":"L2+ D\u00e9couverte du monde professionnel"},"content":{"rendered":"<div data-elementor-type=\"wp-page\" data-elementor-id=\"4763\" class=\"elementor elementor-4763\">\n\t\t\t\t\t\t<section class=\"elementor-section elementor-top-section elementor-element elementor-element-7cdfb9ba elementor-section-boxed elementor-section-height-default elementor-section-height-default\" data-id=\"7cdfb9ba\" data-element_type=\"section\" data-e-type=\"section\">\n\t\t\t\t\t\t<div class=\"elementor-container elementor-column-gap-default\">\n\t\t\t\t\t<div class=\"elementor-column elementor-col-100 elementor-top-column elementor-element elementor-element-5c677e8a\" data-id=\"5c677e8a\" data-element_type=\"column\" data-e-type=\"column\">\n\t\t\t<div class=\"elementor-widget-wrap elementor-element-populated\">\n\t\t\t\t\t\t<div class=\"elementor-element elementor-element-4b453036 elementor-widget elementor-widget-text-editor\" data-id=\"4b453036\" data-element_type=\"widget\" data-e-type=\"widget\" data-widget_type=\"text-editor.default\">\n\t\t\t\t<div class=\"elementor-widget-container\">\n\t\t\t\t\t\t\t\t\t<h2>Discovery of the professional world<\/h2>\t\t\t\t\t\t\t\t<\/div>\n\t\t\t\t<\/div>\n\t\t\t\t\t<\/div>\n\t\t<\/div>\n\t\t\t\t\t<\/div>\n\t\t<\/section>\n\t\t\t\t<section class=\"elementor-section elementor-top-section elementor-element elementor-element-1e1070fe elementor-section-boxed elementor-section-height-default elementor-section-height-default\" data-id=\"1e1070fe\" data-element_type=\"section\" data-e-type=\"section\">\n\t\t\t\t\t\t<div class=\"elementor-container elementor-column-gap-default\">\n\t\t\t\t\t<div class=\"elementor-column elementor-col-33 elementor-top-column elementor-element elementor-element-770b1e65\" data-id=\"770b1e65\" data-element_type=\"column\" data-e-type=\"column\">\n\t\t\t<div class=\"elementor-widget-wrap elementor-element-populated\">\n\t\t\t\t\t\t<div class=\"elementor-element elementor-element-102738c7 elementor-widget elementor-widget-text-editor\" data-id=\"102738c7\" data-element_type=\"widget\" data-e-type=\"widget\" data-widget_type=\"text-editor.default\">\n\t\t\t\t<div class=\"elementor-widget-container\">\n\t\t\t\t\t\t\t\t\t<p style=\"text-align: center;\"><em>Credits: <\/em>AEU (suppl\u00e9ment au dipl\u00f4me)<em><br \/><\/em><\/p><p style=\"text-align: center;\"><em>Contact: <a href=\"mailto:veronique.gardien@univ-lyon1.fr\">V\u00e9ronique GARDIEN<\/a><\/em><\/p>\t\t\t\t\t\t\t\t<\/div>\n\t\t\t\t<\/div>\n\t\t\t\t<div class=\"elementor-element elementor-element-9560701 elementor-widget elementor-widget-image\" data-id=\"9560701\" data-element_type=\"widget\" data-e-type=\"widget\" data-widget_type=\"image.default\">\n\t\t\t\t<div class=\"elementor-widget-container\">\n\t\t\t\t\t\t\t\t\t\t\t\t\t\t\t<img decoding=\"async\" width=\"150\" height=\"150\" src=\"https:\/\/lyongeologie.fr\/wp-content\/uploads\/2022\/02\/Vero_Gardien.png\" class=\"attachment-large size-large wp-image-12231\" alt=\"\" \/>\t\t\t\t\t\t\t\t\t\t\t\t\t\t\t<\/div>\n\t\t\t\t<\/div>\n\t\t\t\t<div class=\"elementor-element elementor-element-26c58909 elementor-align-center elementor-widget elementor-widget-button\" data-id=\"26c58909\" data-element_type=\"widget\" data-e-type=\"widget\" data-widget_type=\"button.default\">\n\t\t\t\t<div class=\"elementor-widget-container\">\n\t\t\t\t\t\t\t\t\t<div class=\"elementor-button-wrapper\">\n\t\t\t\t\t<a class=\"elementor-button elementor-button-link elementor-size-sm\" href=\"https:\/\/lyon-geologie.univ-lyon1.fr\/l2-geosciences\/#l2_opt\">\n\t\t\t\t\t\t<span class=\"elementor-button-content-wrapper\">\n\t\t\t\t\t\t\t\t\t<span class=\"elementor-button-text\">Back to the previous page<\/span>\n\t\t\t\t\t<\/span>\n\t\t\t\t\t<\/a>\n\t\t\t\t<\/div>\n\t\t\t\t\t\t\t\t<\/div>\n\t\t\t\t<\/div>\n\t\t\t\t\t<\/div>\n\t\t<\/div>\n\t\t\t\t<div class=\"elementor-column elementor-col-66 elementor-top-column elementor-element elementor-element-155cbb9b\" data-id=\"155cbb9b\" data-element_type=\"column\" data-e-type=\"column\">\n\t\t\t<div class=\"elementor-widget-wrap elementor-element-populated\">\n\t\t\t\t\t\t<div class=\"elementor-element elementor-element-1cbed646 elementor-widget elementor-widget-text-editor\" data-id=\"1cbed646\" data-element_type=\"widget\" data-e-type=\"widget\" data-widget_type=\"text-editor.default\">\n\t\t\t\t<div class=\"elementor-widget-container\">\n\t\t\t\t\t\t\t\t\t<p>Ce module vous permet de vous familiariser d\u00e8s la L2 avec le monde professionnel, en effectuant un stage de 4 \u00e0 6 semaines dans une entreprise priv\u00e9e, un laboratoire de recherche, une collectivit\u00e9 territoriale, un mus\u00e9e ou une association (selon votre projet professionnel). Cette exp\u00e9rience non \u201ccr\u00e9ditante\u201d est bas\u00e9e sur le volontariat et sur la motivation des \u00e9tudiants \u00e0 renforcer leur parcours. De plus, cette immersion en milieu professionnel vous permettra d&rsquo;affiner vos choix d&rsquo;orientation en L3 (parcours <a href=\"https:\/\/lyon-geologie.univ-lyon1.fr\/en\/l3-geosciences\/\">G\u00e9osciences<\/a> ou <a href=\"https:\/\/lyon-geologie.univ-lyon1.fr\/en\/l3-mag\/\">MAG<\/a>). Le stage donne lieu \u00e0 une pr\u00e9sentation orale \u00e0 la rentr\u00e9e en L3.<\/p>\t\t\t\t\t\t\t\t<\/div>\n\t\t\t\t<\/div>\n\t\t\t\t<div class=\"elementor-element elementor-element-3726984a elementor-widget elementor-widget-image\" data-id=\"3726984a\" data-element_type=\"widget\" data-e-type=\"widget\" data-widget_type=\"image.default\">\n\t\t\t\t<div class=\"elementor-widget-container\">\n\t\t\t\t\t\t\t\t\t\t\t\t\t\t\t<img fetchpriority=\"high\" decoding=\"async\" width=\"1024\" height=\"253\" src=\"https:\/\/lyongeologie.fr\/wp-content\/uploads\/2022\/02\/l2_stage-1024x253.jpg\" class=\"attachment-large size-large wp-image-4777\" alt=\"\" srcset=\"https:\/\/lyongeologie.fr\/wp-content\/uploads\/2022\/02\/l2_stage-1024x253.jpg 1024w, https:\/\/lyongeologie.fr\/wp-content\/uploads\/2022\/02\/l2_stage-300x74.jpg 300w, https:\/\/lyongeologie.fr\/wp-content\/uploads\/2022\/02\/l2_stage-768x190.jpg 768w, https:\/\/lyongeologie.fr\/wp-content\/uploads\/2022\/02\/l2_stage.jpg 1322w\" sizes=\"(max-width: 1024px) 100vw, 1024px\" \/>\t\t\t\t\t\t\t\t\t\t\t\t\t\t\t<\/div>\n\t\t\t\t<\/div>\n\t\t\t\t<div class=\"elementor-element elementor-element-99c3d44 elementor-widget elementor-widget-text-editor\" data-id=\"99c3d44\" data-element_type=\"widget\" data-e-type=\"widget\" data-widget_type=\"text-editor.default\">\n\t\t\t\t<div class=\"elementor-widget-container\">\n\t\t\t\t\t\t\t\t\t<p>Quelques exemples de stages r\u00e9alis\u00e9s l&rsquo;an dernier :<\/p>\n<ul>\n<li>D\u00e9pollution des sols au chantier de l&rsquo;Arsenal de Toulon (Colas SA)<br><\/li>\n<li>Prospection g\u00e9ologique de terrain en domaine m\u00e9tamorphique (LGLTPE)<br><\/li>\n<li>\u00c9tude des foraminif\u00e8res planctoniques du Pacifique Nord \u00e0 l&rsquo;\u00c9oc\u00e8ne inf\u00e9rieur (LGLTPE)<br><\/li>\n<li>Dimensionnement des sout\u00e8nements (parois berlinoises) d&rsquo;un chantier de terrassement (SGC Travaux Sp\u00e9ciaux)<\/li>\n<li>Morphologie des dents de requins fossiles (LEHNA)<\/li>\n<li>Essais de forage et diagnostics g\u00e9otechniques (Fondaconseil)<\/li>\n<li>Microtomographie aux rayons X d&rsquo;un cr\u00e2ne de Moa (LGLTPE)<\/li>\n<li>\u00c9tude chimique et p\u00e9trographique de fers rubann\u00e9s (LGLTPE)<br><\/li><\/ul>\t\t\t\t\t\t\t\t<\/div>\n\t\t\t\t<\/div>\n\t\t\t\t\t<\/div>\n\t\t<\/div>\n\t\t\t\t\t<\/div>\n\t\t<\/section>\n\t\t\t\t<\/div>","protected":false},"excerpt":{"rendered":"<p>D\u00e9couverte du monde professionnel Cr\u00e9dits : AEU (suppl\u00e9ment au dipl\u00f4me) Responsable : V\u00e9ronique GARDIEN Retour \u00e0 la liste des UEs Ce module vous permet de vous familiariser d\u00e8s la L2 avec le monde professionnel, en effectuant un stage de 4 \u00e0 6 semaines dans une entreprise priv\u00e9e, un laboratoire de recherche, une collectivit\u00e9 territoriale, un [&hellip;]<\/p>\n","protected":false},"author":3,"featured_media":0,"parent":479,"menu_order":0,"comment_status":"closed","ping_status":"closed","template":"","meta":{"site-sidebar-layout":"no-sidebar","site-content-layout":"page-builder","ast-site-content-layout":"default","site-content-style":"default","site-sidebar-style":"default","ast-global-header-display":"","ast-banner-title-visibility":"","ast-main-header-display":"","ast-hfb-above-header-display":"","ast-hfb-below-header-display":"","ast-hfb-mobile-header-display":"","site-post-title":"disabled","ast-breadcrumbs-content":"","ast-featured-img":"disabled","footer-sml-layout":"","ast-disable-related-posts":"","theme-transparent-header-meta":"","adv-header-id-meta":"","stick-header-meta":"","header-above-stick-meta":"","header-main-stick-meta":"","header-below-stick-meta":"","astra-migrate-meta-layouts":"default","ast-page-background-enabled":"default","ast-page-background-meta":{"desktop":{"background-color":"var(--ast-global-color-4)","background-image":"","background-repeat":"repeat","background-position":"center center","background-size":"auto","background-attachment":"scroll","background-type":"","background-media":"","overlay-type":"","overlay-color":"","overlay-opacity":"","overlay-gradient":""},"tablet":{"background-color":"","background-image":"","background-repeat":"repeat","background-position":"center center","background-size":"auto","background-attachment":"scroll","background-type":"","background-media":"","overlay-type":"","overlay-color":"","overlay-opacity":"","overlay-gradient":""},"mobile":{"background-color":"","background-image":"","background-repeat":"repeat","background-position":"center center","background-size":"auto","background-attachment":"scroll","background-type":"","background-media":"","overlay-type":"","overlay-color":"","overlay-opacity":"","overlay-gradient":""}},"ast-content-background-meta":{"desktop":{"background-color":"var(--ast-global-color-5)","background-image":"","background-repeat":"repeat","background-position":"center center","background-size":"auto","background-attachment":"scroll","background-type":"","background-media":"","overlay-type":"","overlay-color":"","overlay-opacity":"","overlay-gradient":""},"tablet":{"background-color":"var(--ast-global-color-5)","background-image":"","background-repeat":"repeat","background-position":"center center","background-size":"auto","background-attachment":"scroll","background-type":"","background-media":"","overlay-type":"","overlay-color":"","overlay-opacity":"","overlay-gradient":""},"mobile":{"background-color":"var(--ast-global-color-5)","background-image":"","background-repeat":"repeat","background-position":"center center","background-size":"auto","background-attachment":"scroll","background-type":"","background-media":"","overlay-type":"","overlay-color":"","overlay-opacity":"","overlay-gradient":""}},"footnotes":""},"class_list":["post-4763","page","type-page","status-publish","hentry"],"_links":{"self":[{"href":"https:\/\/lyongeologie.fr\/en\/wp-json\/wp\/v2\/pages\/4763","targetHints":{"allow":["GET"]}}],"collection":[{"href":"https:\/\/lyongeologie.fr\/en\/wp-json\/wp\/v2\/pages"}],"about":[{"href":"https:\/\/lyongeologie.fr\/en\/wp-json\/wp\/v2\/types\/page"}],"author":[{"embeddable":true,"href":"https:\/\/lyongeologie.fr\/en\/wp-json\/wp\/v2\/users\/3"}],"replies":[{"embeddable":true,"href":"https:\/\/lyongeologie.fr\/en\/wp-json\/wp\/v2\/comments?post=4763"}],"version-history":[{"count":49,"href":"https:\/\/lyongeologie.fr\/en\/wp-json\/wp\/v2\/pages\/4763\/revisions"}],"predecessor-version":[{"id":15195,"href":"https:\/\/lyongeologie.fr\/en\/wp-json\/wp\/v2\/pages\/4763\/revisions\/15195"}],"up":[{"embeddable":true,"href":"https:\/\/lyongeologie.fr\/en\/wp-json\/wp\/v2\/pages\/479"}],"wp:attachment":[{"href":"https:\/\/lyongeologie.fr\/en\/wp-json\/wp\/v2\/media?parent=4763"}],"curies":[{"name":"wp","href":"https:\/\/api.w.org\/{rel}","templated":true}]}}