{"id":4571,"date":"2022-02-01T23:54:44","date_gmt":"2022-02-01T22:54:44","guid":{"rendered":"https:\/\/lyon-geologie.univ-lyon1.fr\/?page_id=4571"},"modified":"2022-02-17T16:31:46","modified_gmt":"2022-02-17T15:31:46","slug":"l3g_bassins","status":"publish","type":"page","link":"https:\/\/lyongeologie.fr\/en\/l3-geosciences\/l3g_bassins\/","title":{"rendered":"L3G Bassins s\u00e9dimentaires"},"content":{"rendered":"<div data-elementor-type=\"wp-page\" data-elementor-id=\"4571\" class=\"elementor elementor-4571\">\n\t\t\t\t\t\t<section class=\"elementor-section elementor-top-section elementor-element elementor-element-6d1b6214 elementor-section-boxed elementor-section-height-default elementor-section-height-default\" data-id=\"6d1b6214\" data-element_type=\"section\" data-e-type=\"section\">\n\t\t\t\t\t\t<div class=\"elementor-container elementor-column-gap-default\">\n\t\t\t\t\t<div class=\"elementor-column elementor-col-100 elementor-top-column elementor-element elementor-element-3eb3ba72\" data-id=\"3eb3ba72\" data-element_type=\"column\" data-e-type=\"column\">\n\t\t\t<div class=\"elementor-widget-wrap elementor-element-populated\">\n\t\t\t\t\t\t<div class=\"elementor-element elementor-element-7e55d281 elementor-widget elementor-widget-text-editor\" data-id=\"7e55d281\" data-element_type=\"widget\" data-e-type=\"widget\" data-widget_type=\"text-editor.default\">\n\t\t\t\t<div class=\"elementor-widget-container\">\n\t\t\t\t\t\t\t\t\t<h2><strong>Bassins S\u00e9dimentaires<br \/><\/strong><\/h2>\t\t\t\t\t\t\t\t<\/div>\n\t\t\t\t<\/div>\n\t\t\t\t\t<\/div>\n\t\t<\/div>\n\t\t\t\t\t<\/div>\n\t\t<\/section>\n\t\t\t\t<section class=\"elementor-section elementor-top-section elementor-element elementor-element-3ad1556d elementor-section-boxed elementor-section-height-default elementor-section-height-default\" data-id=\"3ad1556d\" data-element_type=\"section\" data-e-type=\"section\">\n\t\t\t\t\t\t<div class=\"elementor-container elementor-column-gap-default\">\n\t\t\t\t\t<div class=\"elementor-column elementor-col-33 elementor-top-column elementor-element elementor-element-6db8bd21\" data-id=\"6db8bd21\" data-element_type=\"column\" data-e-type=\"column\">\n\t\t\t<div class=\"elementor-widget-wrap elementor-element-populated\">\n\t\t\t\t\t\t<div class=\"elementor-element elementor-element-25a68f2a elementor-widget elementor-widget-text-editor\" data-id=\"25a68f2a\" data-element_type=\"widget\" data-e-type=\"widget\" data-widget_type=\"text-editor.default\">\n\t\t\t\t<div class=\"elementor-widget-container\">\n\t\t\t\t\t\t\t\t\t<p><em>3 Credits<\/em><\/p><p><em>Contact: <a href=\"mailto:claude.colombie@univ-lyon1.fr\">Claude COLOMBI\u00c9<\/a><br \/><\/em><\/p>\t\t\t\t\t\t\t\t<\/div>\n\t\t\t\t<\/div>\n\t\t\t\t<div class=\"elementor-element elementor-element-f585f8e elementor-widget elementor-widget-image\" data-id=\"f585f8e\" data-element_type=\"widget\" data-e-type=\"widget\" data-widget_type=\"image.default\">\n\t\t\t\t<div class=\"elementor-widget-container\">\n\t\t\t\t\t\t\t\t\t\t\t\t\t\t\t<img decoding=\"async\" width=\"150\" height=\"150\" src=\"https:\/\/lyongeologie.fr\/wp-content\/uploads\/2022\/02\/Claude_Colombie.jpg.png\" class=\"attachment-large size-large wp-image-8879\" alt=\"\" \/>\t\t\t\t\t\t\t\t\t\t\t\t\t\t\t<\/div>\n\t\t\t\t<\/div>\n\t\t\t\t<div class=\"elementor-element elementor-element-77b22ad9 elementor-align-center elementor-widget elementor-widget-button\" data-id=\"77b22ad9\" data-element_type=\"widget\" data-e-type=\"widget\" data-widget_type=\"button.default\">\n\t\t\t\t<div class=\"elementor-widget-container\">\n\t\t\t\t\t\t\t\t\t<div class=\"elementor-button-wrapper\">\n\t\t\t\t\t<a class=\"elementor-button elementor-button-link elementor-size-sm\" href=\"https:\/\/lyon-geologie.univ-lyon1.fr\/l3-geosciences\/#l3_opt\">\n\t\t\t\t\t\t<span class=\"elementor-button-content-wrapper\">\n\t\t\t\t\t\t\t\t\t<span class=\"elementor-button-text\">Back to the previous page<\/span>\n\t\t\t\t\t<\/span>\n\t\t\t\t\t<\/a>\n\t\t\t\t<\/div>\n\t\t\t\t\t\t\t\t<\/div>\n\t\t\t\t<\/div>\n\t\t\t\t\t<\/div>\n\t\t<\/div>\n\t\t\t\t<div class=\"elementor-column elementor-col-66 elementor-top-column elementor-element elementor-element-43474796\" data-id=\"43474796\" data-element_type=\"column\" data-e-type=\"column\">\n\t\t\t<div class=\"elementor-widget-wrap elementor-element-populated\">\n\t\t\t\t\t\t<div class=\"elementor-element elementor-element-1db49217 elementor-widget elementor-widget-text-editor\" data-id=\"1db49217\" data-element_type=\"widget\" data-e-type=\"widget\" data-widget_type=\"text-editor.default\">\n\t\t\t\t<div class=\"elementor-widget-container\">\n\t\t\t\t\t\t\t\t\t<p>A la suite des UEs <a href=\"https:\/\/lyon-geologie.univ-lyon1.fr\/l2-geosciences\/l2-tecto\/\">Tectonics<\/a> (L2), <a href=\"https:\/\/lyon-geologie.univ-lyon1.fr\/en\/l3-geosciences\/l3g_tecto\/\">Plate tectonics<\/a> (L3), <a href=\"https:\/\/lyon-geologie.univ-lyon1.fr\/l2-geosciences\/l2-petrosed\/\">P\u00e9trographie s\u00e9dimentaire<\/a> (L2), <a href=\"https:\/\/lyon-geologie.univ-lyon1.fr\/en\/l3-geosciences\/l3g_petrosed\/\">Faci\u00e8s et processus s\u00e9dimentaire<\/a> (L3), les principaux <strong><u>objectifs<\/u><\/strong> de cette UE sont de : i) identifier les principaux types de bassins ; ii) expliquer et sch\u00e9matiser les diff\u00e9rentes \u00e9tapes de leur formation et de leur remplissage.<\/p>\t\t\t\t\t\t\t\t<\/div>\n\t\t\t\t<\/div>\n\t\t\t\t<div class=\"elementor-element elementor-element-cd70e1e elementor-widget elementor-widget-image\" data-id=\"cd70e1e\" data-element_type=\"widget\" data-e-type=\"widget\" data-widget_type=\"image.default\">\n\t\t\t\t<div class=\"elementor-widget-container\">\n\t\t\t\t\t\t\t\t\t\t\t\t<figure class=\"wp-caption\">\n\t\t\t\t\t\t\t\t\t\t<img fetchpriority=\"high\" decoding=\"async\" width=\"941\" height=\"672\" src=\"https:\/\/lyongeologie.fr\/wp-content\/uploads\/2022\/02\/L3G_Bassins.png\" class=\"attachment-large size-large wp-image-4577\" alt=\"\" srcset=\"https:\/\/lyongeologie.fr\/wp-content\/uploads\/2022\/02\/L3G_Bassins.png 941w, https:\/\/lyongeologie.fr\/wp-content\/uploads\/2022\/02\/L3G_Bassins-300x214.png 300w, https:\/\/lyongeologie.fr\/wp-content\/uploads\/2022\/02\/L3G_Bassins-768x548.png 768w\" sizes=\"(max-width: 941px) 100vw, 941px\" \/>\t\t\t\t\t\t\t\t\t\t\t<figcaption class=\"widget-image-caption wp-caption-text\"><small><i>Profil sismique montrant la r\u00e9partition des structures tectoniques et des roches s\u00e9dimentaires et basaltiques dans le bassin Son Hong en Mer de Chine, Vietnam central (Fyhn et al. 2013).<\/i><\/small><\/figcaption>\n\t\t\t\t\t\t\t\t\t\t<\/figure>\n\t\t\t\t\t\t\t\t\t<\/div>\n\t\t\t\t<\/div>\n\t\t\t\t<div class=\"elementor-element elementor-element-a54e8a6 elementor-widget elementor-widget-text-editor\" data-id=\"a54e8a6\" data-element_type=\"widget\" data-e-type=\"widget\" data-widget_type=\"text-editor.default\">\n\t\t\t\t<div class=\"elementor-widget-container\">\n\t\t\t\t\t\t\t\t\t<p>Cette UE comprend <strong><u>3 parties distinctes<\/u><\/strong> :<\/p><ol><li style=\"list-style-type: none;\"><ol><li style=\"list-style-type: none;\"><ol><li>Formation des bassins (V. Gardien) : citer les contextes g\u00e9odynamiques dans lesquels se forment les principaux types de bassins ; expliquer les m\u00e9canismes responsables de leur formation (i.e. compensation isostatique et subsidence) ; reconna\u00eetre leurs caract\u00e9ristiques tectoniques.<\/li><li>Remplissage des bassins (C. Colombi\u00e9) : reconna\u00eetre les caract\u00e9ristiques s\u00e9dimentaires des principaux types de bassins ; analyser l\u2019\u00e9volution spatio-temporelle des d\u00e9p\u00f4ts ; d\u00e9terminer les facteurs qui contr\u00f4lent le remplissage des bassins (e.g. analyse de la subsidence).<\/li><li>Analyse de profils sismiques (P. Sorrel) : analyse de faci\u00e8s sismiques (configurations, faci\u00e8s externes) ; analyse des variations du niveau marin relatif ; analyse de bassins s\u00e9dimentaires et contextes g\u00e9odynamiques associ\u00e9s.<\/li><\/ol><\/li><\/ol><\/li><\/ol><p class=\"translation-block\">The assessment of this course consists of a continuous and a final assessments, each of which contributes half of the final grade.<\/p>\t\t\t\t\t\t\t\t<\/div>\n\t\t\t\t<\/div>\n\t\t\t\t\t<\/div>\n\t\t<\/div>\n\t\t\t\t\t<\/div>\n\t\t<\/section>\n\t\t\t\t<section class=\"elementor-section elementor-top-section elementor-element elementor-element-5113795e elementor-section-boxed elementor-section-height-default elementor-section-height-default\" data-id=\"5113795e\" data-element_type=\"section\" data-e-type=\"section\">\n\t\t\t\t\t\t<div class=\"elementor-container elementor-column-gap-default\">\n\t\t\t\t\t<div class=\"elementor-column elementor-col-100 elementor-top-column elementor-element elementor-element-52244295\" data-id=\"52244295\" data-element_type=\"column\" data-e-type=\"column\">\n\t\t\t<div class=\"elementor-widget-wrap\">\n\t\t\t\t\t\t\t<\/div>\n\t\t<\/div>\n\t\t\t\t\t<\/div>\n\t\t<\/section>\n\t\t\t\t<\/div>","protected":false},"excerpt":{"rendered":"<p>Bassins S\u00e9dimentaires Cr\u00e9dits : 3 ECTS Responsable : Claude COLOMBI\u00c9 Retour \u00e0 la liste des UEs A la suite des UEs Tectonique (L2), Tectonique des plaques (L3), P\u00e9trographie s\u00e9dimentaire (L2), Faci\u00e8s et processus s\u00e9dimentaire (L3), les principaux objectifs de cette UE sont de : i) identifier les principaux types de bassins ; ii) expliquer et [&hellip;]<\/p>\n","protected":false},"author":5,"featured_media":0,"parent":489,"menu_order":0,"comment_status":"closed","ping_status":"closed","template":"","meta":{"site-sidebar-layout":"no-sidebar","site-content-layout":"page-builder","ast-site-content-layout":"default","site-content-style":"default","site-sidebar-style":"default","ast-global-header-display":"","ast-banner-title-visibility":"","ast-main-header-display":"","ast-hfb-above-header-display":"","ast-hfb-below-header-display":"","ast-hfb-mobile-header-display":"","site-post-title":"disabled","ast-breadcrumbs-content":"","ast-featured-img":"disabled","footer-sml-layout":"","ast-disable-related-posts":"","theme-transparent-header-meta":"","adv-header-id-meta":"","stick-header-meta":"","header-above-stick-meta":"","header-main-stick-meta":"","header-below-stick-meta":"","astra-migrate-meta-layouts":"default","ast-page-background-enabled":"default","ast-page-background-meta":{"desktop":{"background-color":"var(--ast-global-color-4)","background-image":"","background-repeat":"repeat","background-position":"center center","background-size":"auto","background-attachment":"scroll","background-type":"","background-media":"","overlay-type":"","overlay-color":"","overlay-opacity":"","overlay-gradient":""},"tablet":{"background-color":"","background-image":"","background-repeat":"repeat","background-position":"center center","background-size":"auto","background-attachment":"scroll","background-type":"","background-media":"","overlay-type":"","overlay-color":"","overlay-opacity":"","overlay-gradient":""},"mobile":{"background-color":"","background-image":"","background-repeat":"repeat","background-position":"center center","background-size":"auto","background-attachment":"scroll","background-type":"","background-media":"","overlay-type":"","overlay-color":"","overlay-opacity":"","overlay-gradient":""}},"ast-content-background-meta":{"desktop":{"background-color":"var(--ast-global-color-5)","background-image":"","background-repeat":"repeat","background-position":"center center","background-size":"auto","background-attachment":"scroll","background-type":"","background-media":"","overlay-type":"","overlay-color":"","overlay-opacity":"","overlay-gradient":""},"tablet":{"background-color":"var(--ast-global-color-5)","background-image":"","background-repeat":"repeat","background-position":"center center","background-size":"auto","background-attachment":"scroll","background-type":"","background-media":"","overlay-type":"","overlay-color":"","overlay-opacity":"","overlay-gradient":""},"mobile":{"background-color":"var(--ast-global-color-5)","background-image":"","background-repeat":"repeat","background-position":"center center","background-size":"auto","background-attachment":"scroll","background-type":"","background-media":"","overlay-type":"","overlay-color":"","overlay-opacity":"","overlay-gradient":""}},"footnotes":""},"class_list":["post-4571","page","type-page","status-publish","hentry"],"_links":{"self":[{"href":"https:\/\/lyongeologie.fr\/en\/wp-json\/wp\/v2\/pages\/4571","targetHints":{"allow":["GET"]}}],"collection":[{"href":"https:\/\/lyongeologie.fr\/en\/wp-json\/wp\/v2\/pages"}],"about":[{"href":"https:\/\/lyongeologie.fr\/en\/wp-json\/wp\/v2\/types\/page"}],"author":[{"embeddable":true,"href":"https:\/\/lyongeologie.fr\/en\/wp-json\/wp\/v2\/users\/5"}],"replies":[{"embeddable":true,"href":"https:\/\/lyongeologie.fr\/en\/wp-json\/wp\/v2\/comments?post=4571"}],"version-history":[{"count":29,"href":"https:\/\/lyongeologie.fr\/en\/wp-json\/wp\/v2\/pages\/4571\/revisions"}],"predecessor-version":[{"id":14005,"href":"https:\/\/lyongeologie.fr\/en\/wp-json\/wp\/v2\/pages\/4571\/revisions\/14005"}],"up":[{"embeddable":true,"href":"https:\/\/lyongeologie.fr\/en\/wp-json\/wp\/v2\/pages\/489"}],"wp:attachment":[{"href":"https:\/\/lyongeologie.fr\/en\/wp-json\/wp\/v2\/media?parent=4571"}],"curies":[{"name":"wp","href":"https:\/\/api.w.org\/{rel}","templated":true}]}}