{"id":4527,"date":"2022-02-01T23:45:06","date_gmt":"2022-02-01T22:45:06","guid":{"rendered":"https:\/\/lyon-geologie.univ-lyon1.fr\/?page_id=4527"},"modified":"2023-01-27T10:11:10","modified_gmt":"2023-01-27T09:11:10","slug":"l3g_math_tc","status":"publish","type":"page","link":"https:\/\/lyongeologie.fr\/en\/l3-geosciences\/l3g_math_tc\/","title":{"rendered":"L3G Math\u00e9matiques 1"},"content":{"rendered":"<div data-elementor-type=\"wp-page\" data-elementor-id=\"4527\" class=\"elementor elementor-4527\">\n\t\t\t\t\t\t<section class=\"elementor-section elementor-top-section elementor-element elementor-element-1abfddb7 elementor-section-boxed elementor-section-height-default elementor-section-height-default\" data-id=\"1abfddb7\" data-element_type=\"section\" data-e-type=\"section\">\n\t\t\t\t\t\t<div class=\"elementor-container elementor-column-gap-default\">\n\t\t\t\t\t<div class=\"elementor-column elementor-col-100 elementor-top-column elementor-element elementor-element-5de483d0\" data-id=\"5de483d0\" data-element_type=\"column\" data-e-type=\"column\">\n\t\t\t<div class=\"elementor-widget-wrap elementor-element-populated\">\n\t\t\t\t\t\t<div class=\"elementor-element elementor-element-1d617290 elementor-widget elementor-widget-text-editor\" data-id=\"1d617290\" data-element_type=\"widget\" data-e-type=\"widget\" data-widget_type=\"text-editor.default\">\n\t\t\t\t<div class=\"elementor-widget-container\">\n\t\t\t\t\t\t\t\t\t<h2><strong>Mathematics 1 <br \/><\/strong><\/h2>\t\t\t\t\t\t\t\t<\/div>\n\t\t\t\t<\/div>\n\t\t\t\t\t<\/div>\n\t\t<\/div>\n\t\t\t\t\t<\/div>\n\t\t<\/section>\n\t\t\t\t<section class=\"elementor-section elementor-top-section elementor-element elementor-element-2f216cac elementor-section-boxed elementor-section-height-default elementor-section-height-default\" data-id=\"2f216cac\" data-element_type=\"section\" data-e-type=\"section\">\n\t\t\t\t\t\t<div class=\"elementor-container elementor-column-gap-default\">\n\t\t\t\t\t<div class=\"elementor-column elementor-col-33 elementor-top-column elementor-element elementor-element-6a498844\" data-id=\"6a498844\" data-element_type=\"column\" data-e-type=\"column\">\n\t\t\t<div class=\"elementor-widget-wrap elementor-element-populated\">\n\t\t\t\t\t\t<div class=\"elementor-element elementor-element-58ee3338 elementor-widget elementor-widget-text-editor\" data-id=\"58ee3338\" data-element_type=\"widget\" data-e-type=\"widget\" data-widget_type=\"text-editor.default\">\n\t\t\t\t<div class=\"elementor-widget-container\">\n\t\t\t\t\t\t\t\t\t<p><em>3 Credits<\/em><\/p><p><em>Contact: <a href=\"mailto:fchambat@ens-lyon.fr\">Fr\u00e9d\u00e9ric CHAMBAT<\/a><br \/><\/em><\/p>\t\t\t\t\t\t\t\t<\/div>\n\t\t\t\t<\/div>\n\t\t\t\t<div class=\"elementor-element elementor-element-442499a elementor-widget elementor-widget-image\" data-id=\"442499a\" data-element_type=\"widget\" data-e-type=\"widget\" data-widget_type=\"image.default\">\n\t\t\t\t<div class=\"elementor-widget-container\">\n\t\t\t\t\t\t\t\t\t\t\t\t\t\t\t<img decoding=\"async\" width=\"150\" height=\"150\" src=\"https:\/\/lyongeologie.fr\/wp-content\/uploads\/2022\/02\/frederic_chambat-150x150.png\" class=\"attachment-thumbnail size-thumbnail wp-image-8891\" alt=\"\" srcset=\"https:\/\/lyongeologie.fr\/wp-content\/uploads\/2022\/02\/frederic_chambat-150x150.png 150w, https:\/\/lyongeologie.fr\/wp-content\/uploads\/2022\/02\/frederic_chambat-300x300.png 300w, https:\/\/lyongeologie.fr\/wp-content\/uploads\/2022\/02\/frederic_chambat.png 500w\" sizes=\"(max-width: 150px) 100vw, 150px\" \/>\t\t\t\t\t\t\t\t\t\t\t\t\t\t\t<\/div>\n\t\t\t\t<\/div>\n\t\t\t\t<div class=\"elementor-element elementor-element-61096747 elementor-align-center elementor-widget elementor-widget-button\" data-id=\"61096747\" data-element_type=\"widget\" data-e-type=\"widget\" data-widget_type=\"button.default\">\n\t\t\t\t<div class=\"elementor-widget-container\">\n\t\t\t\t\t\t\t\t\t<div class=\"elementor-button-wrapper\">\n\t\t\t\t\t<a class=\"elementor-button elementor-button-link elementor-size-sm\" href=\"https:\/\/lyon-geologie.univ-lyon1.fr\/l3-geosciences\/#l3_tc\">\n\t\t\t\t\t\t<span class=\"elementor-button-content-wrapper\">\n\t\t\t\t\t\t\t\t\t<span class=\"elementor-button-text\">Back to the previous page<\/span>\n\t\t\t\t\t<\/span>\n\t\t\t\t\t<\/a>\n\t\t\t\t<\/div>\n\t\t\t\t\t\t\t\t<\/div>\n\t\t\t\t<\/div>\n\t\t\t\t\t<\/div>\n\t\t<\/div>\n\t\t\t\t<div class=\"elementor-column elementor-col-66 elementor-top-column elementor-element elementor-element-6fce08c7\" data-id=\"6fce08c7\" data-element_type=\"column\" data-e-type=\"column\">\n\t\t\t<div class=\"elementor-widget-wrap elementor-element-populated\">\n\t\t\t\t\t\t<div class=\"elementor-element elementor-element-1b0352b2 elementor-widget elementor-widget-text-editor\" data-id=\"1b0352b2\" data-element_type=\"widget\" data-e-type=\"widget\" data-widget_type=\"text-editor.default\">\n\t\t\t\t<div class=\"elementor-widget-container\">\n\t\t\t\t\t\t\t\t\t<p>Ce cours vise \u00e0 fournir les bases de concepts math\u00e9matiques largement utilis\u00e9s en sciences de la Terre, permettant de se rep\u00e9rer \u00e0 la surface de notre Globe, d\u2019utiliser des fonctions de plusieurs variables et de comprendre la puissance des d\u00e9veloppements en fonctions sinuso\u00efdales.<\/p>\t\t\t\t\t\t\t\t<\/div>\n\t\t\t\t<\/div>\n\t\t\t\t<div class=\"elementor-element elementor-element-3990825e elementor-widget elementor-widget-image\" data-id=\"3990825e\" data-element_type=\"widget\" data-e-type=\"widget\" data-widget_type=\"image.default\">\n\t\t\t\t<div class=\"elementor-widget-container\">\n\t\t\t\t\t\t\t\t\t\t\t\t<figure class=\"wp-caption\">\n\t\t\t\t\t\t\t\t\t\t<img fetchpriority=\"high\" decoding=\"async\" width=\"443\" height=\"314\" src=\"https:\/\/lyongeologie.fr\/wp-content\/uploads\/2022\/02\/L3G_MathsTC.png\" class=\"attachment-large size-large wp-image-4533\" alt=\"\" srcset=\"https:\/\/lyongeologie.fr\/wp-content\/uploads\/2022\/02\/L3G_MathsTC.png 443w, https:\/\/lyongeologie.fr\/wp-content\/uploads\/2022\/02\/L3G_MathsTC-300x213.png 300w\" sizes=\"(max-width: 443px) 100vw, 443px\" \/>\t\t\t\t\t\t\t\t\t\t\t<figcaption class=\"widget-image-caption wp-caption-text\"><i><small>Trajet le plus court (courbe noire) entre Paris et Auckland.<\/small><\/i><\/figcaption>\n\t\t\t\t\t\t\t\t\t\t<\/figure>\n\t\t\t\t\t\t\t\t\t<\/div>\n\t\t\t\t<\/div>\n\t\t\t\t<div class=\"elementor-element elementor-element-2222d17 elementor-widget elementor-widget-text-editor\" data-id=\"2222d17\" data-element_type=\"widget\" data-e-type=\"widget\" data-widget_type=\"text-editor.default\">\n\t\t\t\t<div class=\"elementor-widget-container\">\n\t\t\t\t\t\t\t\t\t<p><strong>Contents:<\/strong><\/p><ul><li><p class=\"\" align=\"JUSTIFY\"><span class=\"&quot;\"><b class=\"\">Les coordonn\u00e9es cylindriques et sph\u00e9riques <\/b>(1h30)<\/span><\/p><\/li><li><p class=\"\" align=\"JUSTIFY\"><span class=\"&quot;\"><b class=\"\">Trigonom\u00e9trie sph\u00e9rique<\/b> (1h30)<\/span><\/p><\/li><li><p class=\"\" align=\"JUSTIFY\"><span class=\"&quot;\"><b class=\"\">Les fonctions de plusieurs variables I<\/b> (6h) : Champ scalaire, champ vectoriel (1h30), Le produit scalaire, les composantes d\u2019un vecteur, la base orthonorm\u00e9e, le symbole de Kronecker, l\u2019angle solide (1h), D\u00e9riv\u00e9es partielles (1h), Fonctions compos\u00e9es, d\u00e9riv\u00e9e de fonctions compos\u00e9es (1h30), D\u00e9veloppements limit\u00e9s (1h)<\/span><\/p><\/li><li><p class=\"\" align=\"JUSTIFY\"><b class=\"&quot;\">Les op\u00e9rateurs de d\u00e9rivation I<\/b> (7h30) : Le gradient, la divergence, le rotationnel, le Laplacien : d\u00e9finitions simples en cart\u00e9siennes (2h), Le flux, le th\u00e9or\u00e8me de Gauss (2h), Propri\u00e9t\u00e9s de lin\u00e9arit\u00e9, Le symbole Nabla (0h30), Utilisation en physique (3h).<\/p><\/li><li><p class=\"\" align=\"JUSTIFY\"><span class=\"\"><b class=\"\">Fourier I<\/b> (7h30) : S\u00e9ries de Fourier, d\u00e9veloppement (4h), R\u00e9solution d\u2019eq. diff. avec les s\u00e9ries de Fourier (2h), Espaces vectoriels norm\u00e9s (1h30).<\/span><\/p><\/li><\/ul>\t\t\t\t\t\t\t\t<\/div>\n\t\t\t\t<\/div>\n\t\t\t\t\t<\/div>\n\t\t<\/div>\n\t\t\t\t\t<\/div>\n\t\t<\/section>\n\t\t\t\t<section class=\"elementor-section elementor-top-section elementor-element elementor-element-2ec42c1d elementor-section-boxed elementor-section-height-default elementor-section-height-default\" data-id=\"2ec42c1d\" data-element_type=\"section\" data-e-type=\"section\">\n\t\t\t\t\t\t<div class=\"elementor-container elementor-column-gap-default\">\n\t\t\t\t\t<div class=\"elementor-column elementor-col-100 elementor-top-column elementor-element elementor-element-355121e9\" data-id=\"355121e9\" data-element_type=\"column\" data-e-type=\"column\">\n\t\t\t<div class=\"elementor-widget-wrap\">\n\t\t\t\t\t\t\t<\/div>\n\t\t<\/div>\n\t\t\t\t\t<\/div>\n\t\t<\/section>\n\t\t\t\t<\/div>","protected":false},"excerpt":{"rendered":"<p>Math\u00e9matiques 1 Cr\u00e9dits : 3 ECTS Responsable : Fr\u00e9d\u00e9ric CHAMBAT Retour \u00e0 la liste des UEs Ce cours vise \u00e0 fournir les bases de concepts math\u00e9matiques largement utilis\u00e9s en sciences de la Terre, permettant de se rep\u00e9rer \u00e0 la surface de notre Globe, d\u2019utiliser des fonctions de plusieurs variables et de comprendre la puissance des [&hellip;]<\/p>\n","protected":false},"author":5,"featured_media":0,"parent":489,"menu_order":0,"comment_status":"closed","ping_status":"closed","template":"","meta":{"site-sidebar-layout":"no-sidebar","site-content-layout":"page-builder","ast-site-content-layout":"default","site-content-style":"default","site-sidebar-style":"default","ast-global-header-display":"","ast-banner-title-visibility":"","ast-main-header-display":"","ast-hfb-above-header-display":"","ast-hfb-below-header-display":"","ast-hfb-mobile-header-display":"","site-post-title":"disabled","ast-breadcrumbs-content":"","ast-featured-img":"disabled","footer-sml-layout":"","ast-disable-related-posts":"","theme-transparent-header-meta":"","adv-header-id-meta":"","stick-header-meta":"","header-above-stick-meta":"","header-main-stick-meta":"","header-below-stick-meta":"","astra-migrate-meta-layouts":"default","ast-page-background-enabled":"default","ast-page-background-meta":{"desktop":{"background-color":"var(--ast-global-color-4)","background-image":"","background-repeat":"repeat","background-position":"center center","background-size":"auto","background-attachment":"scroll","background-type":"","background-media":"","overlay-type":"","overlay-color":"","overlay-opacity":"","overlay-gradient":""},"tablet":{"background-color":"","background-image":"","background-repeat":"repeat","background-position":"center center","background-size":"auto","background-attachment":"scroll","background-type":"","background-media":"","overlay-type":"","overlay-color":"","overlay-opacity":"","overlay-gradient":""},"mobile":{"background-color":"","background-image":"","background-repeat":"repeat","background-position":"center center","background-size":"auto","background-attachment":"scroll","background-type":"","background-media":"","overlay-type":"","overlay-color":"","overlay-opacity":"","overlay-gradient":""}},"ast-content-background-meta":{"desktop":{"background-color":"var(--ast-global-color-5)","background-image":"","background-repeat":"repeat","background-position":"center center","background-size":"auto","background-attachment":"scroll","background-type":"","background-media":"","overlay-type":"","overlay-color":"","overlay-opacity":"","overlay-gradient":""},"tablet":{"background-color":"var(--ast-global-color-5)","background-image":"","background-repeat":"repeat","background-position":"center center","background-size":"auto","background-attachment":"scroll","background-type":"","background-media":"","overlay-type":"","overlay-color":"","overlay-opacity":"","overlay-gradient":""},"mobile":{"background-color":"var(--ast-global-color-5)","background-image":"","background-repeat":"repeat","background-position":"center center","background-size":"auto","background-attachment":"scroll","background-type":"","background-media":"","overlay-type":"","overlay-color":"","overlay-opacity":"","overlay-gradient":""}},"footnotes":""},"class_list":["post-4527","page","type-page","status-publish","hentry"],"_links":{"self":[{"href":"https:\/\/lyongeologie.fr\/en\/wp-json\/wp\/v2\/pages\/4527","targetHints":{"allow":["GET"]}}],"collection":[{"href":"https:\/\/lyongeologie.fr\/en\/wp-json\/wp\/v2\/pages"}],"about":[{"href":"https:\/\/lyongeologie.fr\/en\/wp-json\/wp\/v2\/types\/page"}],"author":[{"embeddable":true,"href":"https:\/\/lyongeologie.fr\/en\/wp-json\/wp\/v2\/users\/5"}],"replies":[{"embeddable":true,"href":"https:\/\/lyongeologie.fr\/en\/wp-json\/wp\/v2\/comments?post=4527"}],"version-history":[{"count":17,"href":"https:\/\/lyongeologie.fr\/en\/wp-json\/wp\/v2\/pages\/4527\/revisions"}],"predecessor-version":[{"id":16511,"href":"https:\/\/lyongeologie.fr\/en\/wp-json\/wp\/v2\/pages\/4527\/revisions\/16511"}],"up":[{"embeddable":true,"href":"https:\/\/lyongeologie.fr\/en\/wp-json\/wp\/v2\/pages\/489"}],"wp:attachment":[{"href":"https:\/\/lyongeologie.fr\/en\/wp-json\/wp\/v2\/media?parent=4527"}],"curies":[{"name":"wp","href":"https:\/\/api.w.org\/{rel}","templated":true}]}}