{"id":447,"date":"2022-01-28T12:17:48","date_gmt":"2022-01-28T11:17:48","guid":{"rendered":"https:\/\/lyon-geologie.univ-lyon1.fr\/?page_id=447"},"modified":"2026-03-13T07:15:57","modified_gmt":"2026-03-13T06:15:57","slug":"l1-geosciences","status":"publish","type":"page","link":"https:\/\/lyongeologie.fr\/en\/l1-geosciences\/","title":{"rendered":"L1 G\u00e9osciences"},"content":{"rendered":"<div data-elementor-type=\"wp-page\" data-elementor-id=\"447\" class=\"elementor elementor-447\">\n\t\t\t\t\t\t<section class=\"elementor-section elementor-top-section elementor-element elementor-element-d9e9b9b elementor-section-content-middle elementor-section-boxed elementor-section-height-default elementor-section-height-default\" data-id=\"d9e9b9b\" data-element_type=\"section\" data-e-type=\"section\">\n\t\t\t\t\t\t<div class=\"elementor-container elementor-column-gap-default\">\n\t\t\t\t\t<div class=\"elementor-column elementor-col-50 elementor-top-column elementor-element elementor-element-3bfe38c\" data-id=\"3bfe38c\" data-element_type=\"column\" data-e-type=\"column\">\n\t\t\t<div class=\"elementor-widget-wrap elementor-element-populated\">\n\t\t\t\t\t\t<div class=\"elementor-element elementor-element-3fbbd59 elementor-widget elementor-widget-text-editor\" data-id=\"3fbbd59\" data-element_type=\"widget\" data-e-type=\"widget\" data-widget_type=\"text-editor.default\">\n\t\t\t\t<div class=\"elementor-widget-container\">\n\t\t\t\t\t\t\t\t\t<h2>1st year of Bachelor (L1)<\/h2>\t\t\t\t\t\t\t\t<\/div>\n\t\t\t\t<\/div>\n\t\t\t\t\t<\/div>\n\t\t<\/div>\n\t\t\t\t<div class=\"elementor-column elementor-col-50 elementor-top-column elementor-element elementor-element-8188829\" data-id=\"8188829\" data-element_type=\"column\" data-e-type=\"column\">\n\t\t\t<div class=\"elementor-widget-wrap elementor-element-populated\">\n\t\t\t\t\t\t<div class=\"elementor-element elementor-element-2d66963 elementor-widget elementor-widget-image\" data-id=\"2d66963\" data-element_type=\"widget\" data-e-type=\"widget\" data-widget_type=\"image.default\">\n\t\t\t\t<div class=\"elementor-widget-container\">\n\t\t\t\t\t\t\t\t\t\t\t\t\t\t\t<img decoding=\"async\" width=\"300\" height=\"78\" src=\"https:\/\/lyongeologie.fr\/wp-content\/uploads\/2022\/02\/Planche_UdL_LogoLyon1Off_CoulCmjn300dpi-300x78.jpg\" class=\"attachment-medium size-medium wp-image-13385\" alt=\"\" srcset=\"https:\/\/lyongeologie.fr\/wp-content\/uploads\/2022\/02\/Planche_UdL_LogoLyon1Off_CoulCmjn300dpi-300x78.jpg 300w, https:\/\/lyongeologie.fr\/wp-content\/uploads\/2022\/02\/Planche_UdL_LogoLyon1Off_CoulCmjn300dpi-1024x268.jpg 1024w, https:\/\/lyongeologie.fr\/wp-content\/uploads\/2022\/02\/Planche_UdL_LogoLyon1Off_CoulCmjn300dpi-768x201.jpg 768w, https:\/\/lyongeologie.fr\/wp-content\/uploads\/2022\/02\/Planche_UdL_LogoLyon1Off_CoulCmjn300dpi-1536x402.jpg 1536w, https:\/\/lyongeologie.fr\/wp-content\/uploads\/2022\/02\/Planche_UdL_LogoLyon1Off_CoulCmjn300dpi.jpg 2031w\" sizes=\"(max-width: 300px) 100vw, 300px\" \/>\t\t\t\t\t\t\t\t\t\t\t\t\t\t\t<\/div>\n\t\t\t\t<\/div>\n\t\t\t\t\t<\/div>\n\t\t<\/div>\n\t\t\t\t\t<\/div>\n\t\t<\/section>\n\t\t\t\t<section class=\"elementor-section elementor-top-section elementor-element elementor-element-0cb49c4 elementor-section-boxed elementor-section-height-default elementor-section-height-default\" data-id=\"0cb49c4\" data-element_type=\"section\" data-e-type=\"section\">\n\t\t\t\t\t\t<div class=\"elementor-container elementor-column-gap-default\">\n\t\t\t\t\t<div class=\"elementor-column elementor-col-100 elementor-top-column elementor-element elementor-element-8b5f374\" data-id=\"8b5f374\" data-element_type=\"column\" data-e-type=\"column\">\n\t\t\t<div class=\"elementor-widget-wrap elementor-element-populated\">\n\t\t\t\t\t\t<div class=\"elementor-element elementor-element-3efd52e elementor-widget elementor-widget-text-editor\" data-id=\"3efd52e\" data-element_type=\"widget\" data-e-type=\"widget\" data-widget_type=\"text-editor.default\">\n\t\t\t\t<div class=\"elementor-widget-container\">\n\t\t\t\t\t\t\t\t\t<p class=\"translation-block\">The first year of the Bachelor's degree is part of the <strong>BG2S (BioSciences &amp; GeoSciences) common portal<\/strong>. The subjects <em>Earth - Evolution - Environment<\/em> and <em>Climate and Transitions<\/em> are compulsory. In addition, you can already prepare for the continuation towards the <strong>mention \"Earth Sciences\"<\/strong> by opting for two additional modules focused on geosciences:<\/p>\t\t\t\t\t\t\t\t<\/div>\n\t\t\t\t<\/div>\n\t\t\t\t\t<\/div>\n\t\t<\/div>\n\t\t\t\t\t<\/div>\n\t\t<\/section>\n\t\t\t\t<section class=\"elementor-section elementor-top-section elementor-element elementor-element-5ce6250 elementor-section-boxed elementor-section-height-default elementor-section-height-default\" data-id=\"5ce6250\" data-element_type=\"section\" data-e-type=\"section\">\n\t\t\t\t\t\t<div class=\"elementor-container elementor-column-gap-default\">\n\t\t\t\t\t<div class=\"elementor-column elementor-col-100 elementor-top-column elementor-element elementor-element-1741cbe\" data-id=\"1741cbe\" data-element_type=\"column\" data-e-type=\"column\">\n\t\t\t<div class=\"elementor-widget-wrap elementor-element-populated\">\n\t\t\t\t\t\t<div class=\"elementor-element elementor-element-20e2b1a elementor-widget elementor-widget-shortcode\" data-id=\"20e2b1a\" data-element_type=\"widget\" data-e-type=\"widget\" id=\"l1_tc\" data-widget_type=\"shortcode.default\">\n\t\t\t\t<div class=\"elementor-widget-container\">\n\t\t\t\t\t\t\t<div class=\"elementor-shortcode\"><div id=\"tablepress-L1_geologie-scroll-wrapper\" class=\"tablepress-scroll-wrapper\">\n\n<table id=\"tablepress-L1_geologie\" class=\"tablepress tablepress-id-L1_geologie tablepress-responsive\">\n<thead>\n<tr class=\"row-1\">\n\t<th class=\"column-1\">Course<\/th><th class=\"column-2\">Semester<\/th><th class=\"column-3\">Credits<\/th><th class=\"column-4\">Code<\/th>\n<\/tr>\n<\/thead>\n<tbody class=\"row-striping row-hover\">\n<tr class=\"row-2\">\n\t<td class=\"column-1\"><a href=\"\/en\/l1-tee\/\">Earth, Evolution, Environment<\/a><\/td><td class=\"column-2\">Autumn<\/td><td class=\"column-3\">6<\/td><td class=\"column-4\"><a href=\"\/en\/l1-tee\/\">STU1001L<\/a><\/td>\n<\/tr>\n<tr class=\"row-3\">\n\t<td class=\"column-1\"><a href=\"https:\/\/lyongeologie.fr\/en\/l1-geosciences\/\">Climate and Transition<\/a><\/td><td class=\"column-2\"><\/td><td class=\"column-3\">2<\/td><td class=\"column-4\"><a href=\"https:\/\/lyongeologie.fr\/en\/l1-geosciences\/\">TVL1211L<\/a><\/td>\n<\/tr>\n<tr class=\"row-4\">\n\t<td class=\"column-1\"><a href=\"\/en\/l1-gralpes\/\">G\u00e9ologie et Environnement : des Outils aux Terrains<\/a><\/td><td class=\"column-2\">Spring<\/td><td class=\"column-3\">6<\/td><td class=\"column-4\"><a href=\"\/en\/l1-gralpes\/\">STU1002L<\/a><\/td>\n<\/tr>\n<tr class=\"row-5\">\n\t<td class=\"column-1\"><a href=\"\/en\/l1-physt\/\">Physics for Earth Sciences<\/a><\/td><td class=\"column-2\">Spring<\/td><td class=\"column-3\">6<\/td><td class=\"column-4\"><a href=\"\/en\/l1-physt\/\">PHY1008L<\/a><\/td>\n<\/tr>\n<\/tbody>\n<\/table>\n\n<\/div><!-- #tablepress-L1_geologie from cache --><\/div>\n\t\t\t\t\t\t<\/div>\n\t\t\t\t<\/div>\n\t\t\t\t\t<\/div>\n\t\t<\/div>\n\t\t\t\t\t<\/div>\n\t\t<\/section>\n\t\t\t\t<section class=\"elementor-section elementor-top-section elementor-element elementor-element-b45f532 elementor-section-boxed elementor-section-height-default elementor-section-height-default\" data-id=\"b45f532\" data-element_type=\"section\" data-e-type=\"section\">\n\t\t\t\t\t\t<div class=\"elementor-container elementor-column-gap-default\">\n\t\t\t\t\t<div class=\"elementor-column elementor-col-100 elementor-top-column elementor-element elementor-element-394190b\" data-id=\"394190b\" data-element_type=\"column\" data-e-type=\"column\">\n\t\t\t<div class=\"elementor-widget-wrap elementor-element-populated\">\n\t\t\t\t\t\t<div class=\"elementor-element elementor-element-475444f elementor-widget elementor-widget-text-editor\" data-id=\"475444f\" data-element_type=\"widget\" data-e-type=\"widget\" data-widget_type=\"text-editor.default\">\n\t\t\t\t<div class=\"elementor-widget-container\">\n\t\t\t\t\t\t\t\t\t<p>You are still not sure of your choice of orientation? Don't panic! The BG2S portal is designed to allow you to change your mind during the year, and to join one of the Biology courses in L2, or the Biology-Geology course that leads to teaching jobs. The rest of the L1 content includes several Biology and Biochemistry courses, as well as Mathematics applied to Biology:<\/p>\t\t\t\t\t\t\t\t<\/div>\n\t\t\t\t<\/div>\n\t\t\t\t<div class=\"elementor-element elementor-element-d3834f6 elementor-widget elementor-widget-text-editor\" data-id=\"d3834f6\" data-element_type=\"widget\" data-e-type=\"widget\" data-widget_type=\"text-editor.default\">\n\t\t\t\t<div class=\"elementor-widget-container\">\n\t\t\t\t\t\t\t\t\t<p><div id=\"tablepress-L1_autres-scroll-wrapper\" class=\"tablepress-scroll-wrapper\">\n\n<table id=\"tablepress-L1_autres\" class=\"tablepress tablepress-id-L1_autres tablepress-responsive\">\n<thead>\n<tr class=\"row-1\">\n\t<th class=\"column-1\">Course<\/th><th class=\"column-2\">Credits<\/th><th class=\"column-3\">Code<\/th>\n<\/tr>\n<\/thead>\n<tbody class=\"row-striping row-hover\">\n<tr class=\"row-2\">\n\t<td class=\"column-1\"><a href=\"https:\/\/offre-de-formations.univ-lyon1.fr\/%2Fue-16060-1652%2Fdiversite-du-vivant.html\">Diversity of life<\/a><\/td><td class=\"column-2\">6<\/td><td class=\"column-3\">BIO1011L<\/td>\n<\/tr>\n<tr class=\"row-3\">\n\t<td class=\"column-1\"><a href=\"https:\/\/offre-de-formations.univ-lyon1.fr\/%2Fue-230-1652%2Fmathematiques-pour-les-sciences-de-la-vie.html\">Mathematics for Biology and Earth Sciences<\/a><\/td><td class=\"column-2\">6<\/td><td class=\"column-3\">BIO1004L<\/td>\n<\/tr>\n<tr class=\"row-4\">\n\t<td class=\"column-1\"><a href=\"https:\/\/offre-de-formations.univ-lyon1.fr\/%2Fue-24682-1652%2Fbiochimie-des-glucides-et-des-lipides.html\">Biochemistry: carbohydrates and lipids<\/a><\/td><td class=\"column-2\">6<\/td><td class=\"column-3\">BIO1007L<\/td>\n<\/tr>\n<tr class=\"row-5\">\n\t<td class=\"column-1\"><a href=\"https:\/\/offre-de-formations.univ-lyon1.fr\/%2Fue-24681-1652%2Fbiochimie-des-proteines-et-des-acides-nucleiques.html\"\">Biochemistry: proteins and nucleic acids<\/a><\/td><td class=\"column-2\">6<\/td><td class=\"column-3\">BIO1006L<\/td>\n<\/tr>\n<tr class=\"row-6\">\n\t<td class=\"column-1\"><a href=\"https:\/\/offre-de-formations.univ-lyon1.fr\/%2Fue-171-1652%2Fde-la-cellule-a-l%27organisme.html\">From the cell to the organism<\/a><\/td><td class=\"column-2\">6<\/td><td class=\"column-3\">BIO1002L<\/td>\n<\/tr>\n<\/tbody>\n<\/table>\n\n<\/div><!-- #tablepress-L1_autres from cache --><\/p>\t\t\t\t\t\t\t\t<\/div>\n\t\t\t\t<\/div>\n\t\t\t\t<div class=\"elementor-element elementor-element-0ca9d1a elementor-widget elementor-widget-text-editor\" data-id=\"0ca9d1a\" data-element_type=\"widget\" data-e-type=\"widget\" data-widget_type=\"text-editor.default\">\n\t\t\t\t<div class=\"elementor-widget-container\">\n\t\t\t\t\t\t\t\t\t<p>These 50 credits are complemented by 10 credits of cross-disciplinary courses: English, sports, computer science and professional project development.<\/p>\t\t\t\t\t\t\t\t<\/div>\n\t\t\t\t<\/div>\n\t\t\t\t\t<\/div>\n\t\t<\/div>\n\t\t\t\t\t<\/div>\n\t\t<\/section>\n\t\t\t\t<section class=\"elementor-section elementor-top-section elementor-element elementor-element-e35c8f5 elementor-section-boxed elementor-section-height-default elementor-section-height-default\" data-id=\"e35c8f5\" data-element_type=\"section\" data-e-type=\"section\">\n\t\t\t\t\t\t<div class=\"elementor-container elementor-column-gap-default\">\n\t\t\t\t\t<div class=\"elementor-column elementor-col-100 elementor-top-column elementor-element elementor-element-3e624a1\" data-id=\"3e624a1\" data-element_type=\"column\" data-e-type=\"column\">\n\t\t\t<div class=\"elementor-widget-wrap elementor-element-populated\">\n\t\t\t\t\t\t<div class=\"elementor-element elementor-element-11b8101 elementor-widget elementor-widget-heading\" data-id=\"11b8101\" data-element_type=\"widget\" data-e-type=\"widget\" data-widget_type=\"heading.default\">\n\t\t\t\t<div class=\"elementor-widget-container\">\n\t\t\t\t\t<h5 class=\"elementor-heading-title elementor-size-default\">Progressive training program<\/h5>\t\t\t\t<\/div>\n\t\t\t\t<\/div>\n\t\t\t\t\t<\/div>\n\t\t<\/div>\n\t\t\t\t\t<\/div>\n\t\t<\/section>\n\t\t\t\t<section class=\"elementor-section elementor-top-section elementor-element elementor-element-568879e elementor-section-boxed elementor-section-height-default elementor-section-height-default\" data-id=\"568879e\" data-element_type=\"section\" data-e-type=\"section\">\n\t\t\t\t\t\t<div class=\"elementor-container elementor-column-gap-default\">\n\t\t\t\t\t<div class=\"elementor-column elementor-col-100 elementor-top-column elementor-element elementor-element-3a47bcf\" data-id=\"3a47bcf\" data-element_type=\"column\" data-e-type=\"column\">\n\t\t\t<div class=\"elementor-widget-wrap elementor-element-populated\">\n\t\t\t\t\t\t<div class=\"elementor-element elementor-element-f522cb0 elementor-widget elementor-widget-text-editor\" data-id=\"f522cb0\" data-element_type=\"widget\" data-e-type=\"widget\" data-widget_type=\"text-editor.default\">\n\t\t\t\t<div class=\"elementor-widget-container\">\n\t\t\t\t\t\t\t\t\t<p>If you did not take any scientific subjects in the last years of high school, a progressive course\n(PP) will be offered to you. This allows you to validate the 60 credits of L1 in two years, while benefiting from a lighter timetable and mentoring in smaller groups. <strong>parcours progressif<\/strong> (PP) vous sera propos\u00e9. Celui-ci permet de valider les 60 cr\u00e9dits de L1 en deux ans, en b\u00e9n\u00e9ficiant d&rsquo;un emploi du temps all\u00e9g\u00e9 et d&rsquo;un accompagnement en plus petits groupes.<\/p>\t\t\t\t\t\t\t\t<\/div>\n\t\t\t\t<\/div>\n\t\t\t\t\t<\/div>\n\t\t<\/div>\n\t\t\t\t\t<\/div>\n\t\t<\/section>\n\t\t\t\t<section class=\"elementor-section elementor-top-section elementor-element elementor-element-8d1b64e elementor-section-boxed elementor-section-height-default elementor-section-height-default\" data-id=\"8d1b64e\" data-element_type=\"section\" data-e-type=\"section\">\n\t\t\t\t\t\t<div class=\"elementor-container elementor-column-gap-default\">\n\t\t\t\t\t<div class=\"elementor-column elementor-col-100 elementor-top-column elementor-element elementor-element-ac7d72b\" data-id=\"ac7d72b\" data-element_type=\"column\" data-e-type=\"column\">\n\t\t\t<div class=\"elementor-widget-wrap elementor-element-populated\">\n\t\t\t\t\t\t<div class=\"elementor-element elementor-element-f437869 elementor-widget-divider--view-line elementor-widget elementor-widget-divider\" data-id=\"f437869\" data-element_type=\"widget\" data-e-type=\"widget\" data-widget_type=\"divider.default\">\n\t\t\t\t<div class=\"elementor-widget-container\">\n\t\t\t\t\t\t\t<div class=\"elementor-divider\">\n\t\t\t<span class=\"elementor-divider-separator\">\n\t\t\t\t\t\t<\/span>\n\t\t<\/div>\n\t\t\t\t\t\t<\/div>\n\t\t\t\t<\/div>\n\t\t\t\t\t<\/div>\n\t\t<\/div>\n\t\t\t\t\t<\/div>\n\t\t<\/section>\n\t\t\t\t<section class=\"elementor-section elementor-top-section elementor-element elementor-element-ccd0679 elementor-section-boxed elementor-section-height-default elementor-section-height-default\" data-id=\"ccd0679\" data-element_type=\"section\" data-e-type=\"section\">\n\t\t\t\t\t\t<div class=\"elementor-container elementor-column-gap-default\">\n\t\t\t\t\t<div class=\"elementor-column elementor-col-100 elementor-top-column elementor-element elementor-element-ad97128\" data-id=\"ad97128\" data-element_type=\"column\" data-e-type=\"column\">\n\t\t\t<div class=\"elementor-widget-wrap elementor-element-populated\">\n\t\t\t\t\t\t<div class=\"elementor-element elementor-element-dd96d52 elementor-widget elementor-widget-text-editor\" data-id=\"dd96d52\" data-element_type=\"widget\" data-e-type=\"widget\" data-widget_type=\"text-editor.default\">\n\t\t\t\t<div class=\"elementor-widget-container\">\n\t\t\t\t\t\t\t\t\t<h4>Your teaching team in L1<\/h4>\t\t\t\t\t\t\t\t<\/div>\n\t\t\t\t<\/div>\n\t\t\t\t\t<\/div>\n\t\t<\/div>\n\t\t\t\t\t<\/div>\n\t\t<\/section>\n\t\t\t\t<section class=\"elementor-section elementor-top-section elementor-element elementor-element-4d50743 elementor-section-boxed elementor-section-height-default elementor-section-height-default\" data-id=\"4d50743\" data-element_type=\"section\" data-e-type=\"section\">\n\t\t\t\t\t\t<div class=\"elementor-container elementor-column-gap-default\">\n\t\t\t\t\t<div class=\"elementor-column elementor-col-25 elementor-top-column elementor-element elementor-element-4c4985c\" data-id=\"4c4985c\" data-element_type=\"column\" data-e-type=\"column\">\n\t\t\t<div class=\"elementor-widget-wrap elementor-element-populated\">\n\t\t\t\t\t\t<div class=\"elementor-element elementor-element-2d83180 elementor-widget elementor-widget-image\" data-id=\"2d83180\" data-element_type=\"widget\" data-e-type=\"widget\" data-widget_type=\"image.default\">\n\t\t\t\t<div class=\"elementor-widget-container\">\n\t\t\t\t\t\t\t\t\t\t\t\t<figure class=\"wp-caption\">\n\t\t\t\t\t\t\t\t\t\t<img decoding=\"async\" width=\"150\" height=\"150\" src=\"https:\/\/lyongeologie.fr\/wp-content\/uploads\/2022\/02\/erwin.dehouck-150x150.png\" class=\"attachment-thumbnail size-thumbnail wp-image-8885\" alt=\"\" \/>\t\t\t\t\t\t\t\t\t\t\t<figcaption class=\"widget-image-caption wp-caption-text\">Erwin DEHOUCK<br>Planetologist<\/figcaption>\n\t\t\t\t\t\t\t\t\t\t<\/figure>\n\t\t\t\t\t\t\t\t\t<\/div>\n\t\t\t\t<\/div>\n\t\t\t\t\t<\/div>\n\t\t<\/div>\n\t\t\t\t<div class=\"elementor-column elementor-col-25 elementor-top-column elementor-element elementor-element-37844e6\" data-id=\"37844e6\" data-element_type=\"column\" data-e-type=\"column\">\n\t\t\t<div class=\"elementor-widget-wrap elementor-element-populated\">\n\t\t\t\t\t\t<div class=\"elementor-element elementor-element-42627b3 elementor-widget elementor-widget-image\" data-id=\"42627b3\" data-element_type=\"widget\" data-e-type=\"widget\" data-widget_type=\"image.default\">\n\t\t\t\t<div class=\"elementor-widget-container\">\n\t\t\t\t\t\t\t\t\t\t\t\t<figure class=\"wp-caption\">\n\t\t\t\t\t\t\t\t\t\t<img decoding=\"async\" width=\"150\" height=\"150\" src=\"https:\/\/lyongeologie.fr\/wp-content\/uploads\/2022\/02\/gweltaz_maheo-150x150.png\" class=\"attachment-thumbnail size-thumbnail wp-image-12325\" alt=\"\" \/>\t\t\t\t\t\t\t\t\t\t\t<figcaption class=\"widget-image-caption wp-caption-text\">Gweltaz MAHEO<br>Petrologist<\/figcaption>\n\t\t\t\t\t\t\t\t\t\t<\/figure>\n\t\t\t\t\t\t\t\t\t<\/div>\n\t\t\t\t<\/div>\n\t\t\t\t\t<\/div>\n\t\t<\/div>\n\t\t\t\t<div class=\"elementor-column elementor-col-25 elementor-top-column elementor-element elementor-element-a4b12bb\" data-id=\"a4b12bb\" data-element_type=\"column\" data-e-type=\"column\">\n\t\t\t<div class=\"elementor-widget-wrap elementor-element-populated\">\n\t\t\t\t\t\t<div class=\"elementor-element elementor-element-7faf2b2 elementor-widget elementor-widget-image\" data-id=\"7faf2b2\" data-element_type=\"widget\" data-e-type=\"widget\" data-widget_type=\"image.default\">\n\t\t\t\t<div class=\"elementor-widget-container\">\n\t\t\t\t\t\t\t\t\t\t\t\t<figure class=\"wp-caption\">\n\t\t\t\t\t\t\t\t\t\t<img loading=\"lazy\" decoding=\"async\" width=\"150\" height=\"150\" src=\"https:\/\/lyongeologie.fr\/wp-content\/uploads\/2022\/02\/Antoine-Triantafyllou-150x150.png\" class=\"attachment-thumbnail size-thumbnail wp-image-9189\" alt=\"\" \/>\t\t\t\t\t\t\t\t\t\t\t<figcaption class=\"widget-image-caption wp-caption-text\">Antoine TRIANTAFYLLOU<br>Petrologist<\/figcaption>\n\t\t\t\t\t\t\t\t\t\t<\/figure>\n\t\t\t\t\t\t\t\t\t<\/div>\n\t\t\t\t<\/div>\n\t\t\t\t\t<\/div>\n\t\t<\/div>\n\t\t\t\t<div class=\"elementor-column elementor-col-25 elementor-top-column elementor-element elementor-element-6b11b3f\" data-id=\"6b11b3f\" data-element_type=\"column\" data-e-type=\"column\">\n\t\t\t<div class=\"elementor-widget-wrap elementor-element-populated\">\n\t\t\t\t\t\t<div class=\"elementor-element elementor-element-cb77261 elementor-widget elementor-widget-image\" data-id=\"cb77261\" data-element_type=\"widget\" data-e-type=\"widget\" data-widget_type=\"image.default\">\n\t\t\t\t<div class=\"elementor-widget-container\">\n\t\t\t\t\t\t\t\t\t\t\t\t<figure class=\"wp-caption\">\n\t\t\t\t\t\t\t\t\t\t<img loading=\"lazy\" decoding=\"async\" width=\"150\" height=\"150\" src=\"https:\/\/lyongeologie.fr\/wp-content\/uploads\/2022\/02\/Frederic_Quillevere.png\" class=\"attachment-large size-large wp-image-8893\" alt=\"\" \/>\t\t\t\t\t\t\t\t\t\t\t<figcaption class=\"widget-image-caption wp-caption-text\">Fr\u00e9d\u00e9ric QUILL\u00c9V\u00c9R\u00c9<br>Paleontologist<\/figcaption>\n\t\t\t\t\t\t\t\t\t\t<\/figure>\n\t\t\t\t\t\t\t\t\t<\/div>\n\t\t\t\t<\/div>\n\t\t\t\t\t<\/div>\n\t\t<\/div>\n\t\t\t\t\t<\/div>\n\t\t<\/section>\n\t\t\t\t<\/div>","protected":false},"excerpt":{"rendered":"<p>Licence 1 La premi\u00e8re ann\u00e9e de licence s&rsquo;effectue dans le cadre du Portail commun BG2S (BioSciences &amp; G\u00e9oSciences). Les UE Terre &#8211; \u00c9volution &#8211; Environnement et Climat et Transitions sont obligatoires. En outre, vous pouvez d&rsquo;ores et d\u00e9j\u00e0 pr\u00e9parer la poursuite vers la mention \u00ab\u00a0Sciences de la Terre\u00a0\u00bb en optant pour deux modules suppl\u00e9mentaires ax\u00e9s [&hellip;]<\/p>\n","protected":false},"author":1,"featured_media":0,"parent":0,"menu_order":0,"comment_status":"closed","ping_status":"closed","template":"","meta":{"site-sidebar-layout":"no-sidebar","site-content-layout":"page-builder","ast-site-content-layout":"default","site-content-style":"default","site-sidebar-style":"default","ast-global-header-display":"","ast-banner-title-visibility":"","ast-main-header-display":"","ast-hfb-above-header-display":"","ast-hfb-below-header-display":"","ast-hfb-mobile-header-display":"","site-post-title":"disabled","ast-breadcrumbs-content":"","ast-featured-img":"disabled","footer-sml-layout":"","ast-disable-related-posts":"","theme-transparent-header-meta":"","adv-header-id-meta":"","stick-header-meta":"","header-above-stick-meta":"","header-main-stick-meta":"","header-below-stick-meta":"","astra-migrate-meta-layouts":"default","ast-page-background-enabled":"default","ast-page-background-meta":{"desktop":{"background-color":"var(--ast-global-color-4)","background-image":"","background-repeat":"repeat","background-position":"center center","background-size":"auto","background-attachment":"scroll","background-type":"","background-media":"","overlay-type":"","overlay-color":"","overlay-opacity":"","overlay-gradient":""},"tablet":{"background-color":"","background-image":"","background-repeat":"repeat","background-position":"center center","background-size":"auto","background-attachment":"scroll","background-type":"","background-media":"","overlay-type":"","overlay-color":"","overlay-opacity":"","overlay-gradient":""},"mobile":{"background-color":"","background-image":"","background-repeat":"repeat","background-position":"center center","background-size":"auto","background-attachment":"scroll","background-type":"","background-media":"","overlay-type":"","overlay-color":"","overlay-opacity":"","overlay-gradient":""}},"ast-content-background-meta":{"desktop":{"background-color":"var(--ast-global-color-5)","background-image":"","background-repeat":"repeat","background-position":"center center","background-size":"auto","background-attachment":"scroll","background-type":"","background-media":"","overlay-type":"","overlay-color":"","overlay-opacity":"","overlay-gradient":""},"tablet":{"background-color":"var(--ast-global-color-5)","background-image":"","background-repeat":"repeat","background-position":"center center","background-size":"auto","background-attachment":"scroll","background-type":"","background-media":"","overlay-type":"","overlay-color":"","overlay-opacity":"","overlay-gradient":""},"mobile":{"background-color":"var(--ast-global-color-5)","background-image":"","background-repeat":"repeat","background-position":"center center","background-size":"auto","background-attachment":"scroll","background-type":"","background-media":"","overlay-type":"","overlay-color":"","overlay-opacity":"","overlay-gradient":""}},"footnotes":""},"class_list":["post-447","page","type-page","status-publish","hentry"],"_links":{"self":[{"href":"https:\/\/lyongeologie.fr\/en\/wp-json\/wp\/v2\/pages\/447","targetHints":{"allow":["GET"]}}],"collection":[{"href":"https:\/\/lyongeologie.fr\/en\/wp-json\/wp\/v2\/pages"}],"about":[{"href":"https:\/\/lyongeologie.fr\/en\/wp-json\/wp\/v2\/types\/page"}],"author":[{"embeddable":true,"href":"https:\/\/lyongeologie.fr\/en\/wp-json\/wp\/v2\/users\/1"}],"replies":[{"embeddable":true,"href":"https:\/\/lyongeologie.fr\/en\/wp-json\/wp\/v2\/comments?post=447"}],"version-history":[{"count":169,"href":"https:\/\/lyongeologie.fr\/en\/wp-json\/wp\/v2\/pages\/447\/revisions"}],"predecessor-version":[{"id":19259,"href":"https:\/\/lyongeologie.fr\/en\/wp-json\/wp\/v2\/pages\/447\/revisions\/19259"}],"wp:attachment":[{"href":"https:\/\/lyongeologie.fr\/en\/wp-json\/wp\/v2\/media?parent=447"}],"curies":[{"name":"wp","href":"https:\/\/api.w.org\/{rel}","templated":true}]}}