{"id":4459,"date":"2022-02-01T23:31:26","date_gmt":"2022-02-01T22:31:26","guid":{"rendered":"https:\/\/lyon-geologie.univ-lyon1.fr\/?page_id=4459"},"modified":"2022-02-18T09:35:38","modified_gmt":"2022-02-18T08:35:38","slug":"l3g-petrosed","status":"publish","type":"page","link":"https:\/\/lyongeologie.fr\/en\/l3-geosciences\/l3g-petrosed\/","title":{"rendered":"L3G Faci\u00e8s et processus s\u00e9dimentaires"},"content":{"rendered":"<div data-elementor-type=\"wp-page\" data-elementor-id=\"4459\" class=\"elementor elementor-4459\">\n\t\t\t\t\t\t<section class=\"elementor-section elementor-top-section elementor-element elementor-element-576b66dc elementor-section-boxed elementor-section-height-default elementor-section-height-default\" data-id=\"576b66dc\" data-element_type=\"section\" data-e-type=\"section\">\n\t\t\t\t\t\t<div class=\"elementor-container elementor-column-gap-default\">\n\t\t\t\t\t<div class=\"elementor-column elementor-col-100 elementor-top-column elementor-element elementor-element-21087bf0\" data-id=\"21087bf0\" data-element_type=\"column\" data-e-type=\"column\">\n\t\t\t<div class=\"elementor-widget-wrap elementor-element-populated\">\n\t\t\t\t\t\t<div class=\"elementor-element elementor-element-4148a31f elementor-widget elementor-widget-text-editor\" data-id=\"4148a31f\" data-element_type=\"widget\" data-e-type=\"widget\" data-widget_type=\"text-editor.default\">\n\t\t\t\t<div class=\"elementor-widget-container\">\n\t\t\t\t\t\t\t\t\t<h2><strong>Sedimentary facies and processes<br \/><\/strong><\/h2>\t\t\t\t\t\t\t\t<\/div>\n\t\t\t\t<\/div>\n\t\t\t\t\t<\/div>\n\t\t<\/div>\n\t\t\t\t\t<\/div>\n\t\t<\/section>\n\t\t\t\t<section class=\"elementor-section elementor-top-section elementor-element elementor-element-27f8559 elementor-section-boxed elementor-section-height-default elementor-section-height-default\" data-id=\"27f8559\" data-element_type=\"section\" data-e-type=\"section\">\n\t\t\t\t\t\t<div class=\"elementor-container elementor-column-gap-default\">\n\t\t\t\t\t<div class=\"elementor-column elementor-col-33 elementor-top-column elementor-element elementor-element-48bb5548\" data-id=\"48bb5548\" data-element_type=\"column\" data-e-type=\"column\">\n\t\t\t<div class=\"elementor-widget-wrap elementor-element-populated\">\n\t\t\t\t\t\t<div class=\"elementor-element elementor-element-55ac33bc elementor-widget elementor-widget-text-editor\" data-id=\"55ac33bc\" data-element_type=\"widget\" data-e-type=\"widget\" data-widget_type=\"text-editor.default\">\n\t\t\t\t<div class=\"elementor-widget-container\">\n\t\t\t\t\t\t\t\t\t<p><em>3 Credits<\/em><\/p><p><em>Contact: <a href=\"mailto:philippe.sorrel@univ-lyon1.fr\">Philippe SORREL<\/a><br \/><\/em><\/p>\t\t\t\t\t\t\t\t<\/div>\n\t\t\t\t<\/div>\n\t\t\t\t<div class=\"elementor-element elementor-element-908684a elementor-widget elementor-widget-image\" data-id=\"908684a\" data-element_type=\"widget\" data-e-type=\"widget\" data-widget_type=\"image.default\">\n\t\t\t\t<div class=\"elementor-widget-container\">\n\t\t\t\t\t\t\t\t\t\t\t\t\t\t\t<img decoding=\"async\" width=\"150\" height=\"150\" src=\"https:\/\/lyongeologie.fr\/wp-content\/uploads\/2022\/02\/philippe_sorrel-150x150.png\" class=\"attachment-thumbnail size-thumbnail wp-image-8913\" alt=\"\" srcset=\"https:\/\/lyongeologie.fr\/wp-content\/uploads\/2022\/02\/philippe_sorrel-150x150.png 150w, https:\/\/lyongeologie.fr\/wp-content\/uploads\/2022\/02\/philippe_sorrel-300x300.png 300w, https:\/\/lyongeologie.fr\/wp-content\/uploads\/2022\/02\/philippe_sorrel-1024x1024.png 1024w, https:\/\/lyongeologie.fr\/wp-content\/uploads\/2022\/02\/philippe_sorrel-768x767.png 768w, https:\/\/lyongeologie.fr\/wp-content\/uploads\/2022\/02\/philippe_sorrel.png 1030w\" sizes=\"(max-width: 150px) 100vw, 150px\" \/>\t\t\t\t\t\t\t\t\t\t\t\t\t\t\t<\/div>\n\t\t\t\t<\/div>\n\t\t\t\t<div class=\"elementor-element elementor-element-19b21092 elementor-align-center elementor-widget elementor-widget-button\" data-id=\"19b21092\" data-element_type=\"widget\" data-e-type=\"widget\" data-widget_type=\"button.default\">\n\t\t\t\t<div class=\"elementor-widget-container\">\n\t\t\t\t\t\t\t\t\t<div class=\"elementor-button-wrapper\">\n\t\t\t\t\t<a class=\"elementor-button elementor-button-link elementor-size-sm\" href=\"https:\/\/lyon-geologie.univ-lyon1.fr\/l3-geosciences\/#l3_tc\">\n\t\t\t\t\t\t<span class=\"elementor-button-content-wrapper\">\n\t\t\t\t\t\t\t\t\t<span class=\"elementor-button-text\">Back to the previous page<\/span>\n\t\t\t\t\t<\/span>\n\t\t\t\t\t<\/a>\n\t\t\t\t<\/div>\n\t\t\t\t\t\t\t\t<\/div>\n\t\t\t\t<\/div>\n\t\t\t\t\t<\/div>\n\t\t<\/div>\n\t\t\t\t<div class=\"elementor-column elementor-col-66 elementor-top-column elementor-element elementor-element-2b3e00f9\" data-id=\"2b3e00f9\" data-element_type=\"column\" data-e-type=\"column\">\n\t\t\t<div class=\"elementor-widget-wrap elementor-element-populated\">\n\t\t\t\t\t\t<div class=\"elementor-element elementor-element-65d6e078 elementor-widget elementor-widget-text-editor\" data-id=\"65d6e078\" data-element_type=\"widget\" data-e-type=\"widget\" data-widget_type=\"text-editor.default\">\n\t\t\t\t<div class=\"elementor-widget-container\">\n\t\t\t\t\t\t\t\t\t<p><strong>L\u2019objectif premier de cette UE est d\u2019offrir aux \u00e9tudiants une solide formation en s\u00e9dimentologie de faci\u00e8s<\/strong>, aussi bien en <strong>contexte silicoclastique que carbonat\u00e9<\/strong>, base indispensable \u00e0 l\u2019interpr\u00e9tation en termes d\u2019<strong>environnements de d\u00e9p\u00f4t<\/strong>. Les faci\u00e8s s\u00e9dimentaires seront analys\u00e9s sous l\u2019angle de la <strong>relation processus-d\u00e9p\u00f4t<\/strong> sur la base d\u2019un large panel de photographies de terrain\/\u00e9chantillons lors de s\u00e9ances de TD\/TP d\u00e9di\u00e9es afin de pouvoir faire le lien entre les <strong>crit\u00e8res d\u2019analyse du faci\u00e8s<\/strong> (lithologies, structures s\u00e9dimentaires, textures, etc) et les <strong>m\u00e9canismes r\u00e9gissant le d\u00e9p\u00f4t et la pr\u00e9servation du s\u00e9diment<\/strong>.<\/p>\t\t\t\t\t\t\t\t<\/div>\n\t\t\t\t<\/div>\n\t\t\t\t<div class=\"elementor-element elementor-element-74a4e515 elementor-widget elementor-widget-image\" data-id=\"74a4e515\" data-element_type=\"widget\" data-e-type=\"widget\" data-widget_type=\"image.default\">\n\t\t\t\t<div class=\"elementor-widget-container\">\n\t\t\t\t\t\t\t\t\t\t\t\t<figure class=\"wp-caption\">\n\t\t\t\t\t\t\t\t\t\t<img fetchpriority=\"high\" decoding=\"async\" width=\"941\" height=\"400\" src=\"https:\/\/lyongeologie.fr\/wp-content\/uploads\/2022\/02\/L3G_pe\u0301trosed.png\" class=\"attachment-large size-large wp-image-4465\" alt=\"\" srcset=\"https:\/\/lyongeologie.fr\/wp-content\/uploads\/2022\/02\/L3G_pe\u0301trosed.png 941w, https:\/\/lyongeologie.fr\/wp-content\/uploads\/2022\/02\/L3G_pe\u0301trosed-300x128.png 300w, https:\/\/lyongeologie.fr\/wp-content\/uploads\/2022\/02\/L3G_pe\u0301trosed-768x326.png 768w\" sizes=\"(max-width: 941px) 100vw, 941px\" \/>\t\t\t\t\t\t\t\t\t\t\t<figcaption class=\"widget-image-caption wp-caption-text\"><small><i>Exemples d\u2019objets\/structures s\u00e9dimentaires.  A gauche : laminations obliques (et stratifications planes) dans une s\u00e9rie de gr\u00e8s fluviatiles (migration d\u2019une barre transverse). A droite : \u00ab El Sombrero \u00bb (figure de diagen\u00e8se : nodulisation concentrique en couches de duret\u00e9 in\u00e9gale)<\/i><\/small><\/figcaption>\n\t\t\t\t\t\t\t\t\t\t<\/figure>\n\t\t\t\t\t\t\t\t\t<\/div>\n\t\t\t\t<\/div>\n\t\t\t\t<div class=\"elementor-element elementor-element-9008f9c elementor-widget elementor-widget-text-editor\" data-id=\"9008f9c\" data-element_type=\"widget\" data-e-type=\"widget\" data-widget_type=\"text-editor.default\">\n\t\t\t\t<div class=\"elementor-widget-container\">\n\t\t\t\t\t\t\t\t\t<p>Cette UE posera les jalons n\u00e9cessaires \u00e0 l\u2019analyse de g\u00e9om\u00e9tries de d\u00e9p\u00f4ts dans les UEs Bassins S\u00e9dimentaires et Terrain S\u00e9dimentaire (L3, 2<sup>nd<\/sup> semestre), ainsi qu\u2019\u00e0 la caract\u00e9risation de mod\u00e8les de faci\u00e8s (et de la dynamique s\u00e9dimentaire associ\u00e9e) en M1.<\/p><p>L\u2019UE comportera des CM\/TD organis\u00e9s autour de la s\u00e9dimentologie de faci\u00e8s en environnement silicoclastique, ainsi que des CM et TP pour la partie carbonates (faci\u00e8s et environnements de d\u00e9p\u00f4t).<\/p>\t\t\t\t\t\t\t\t<\/div>\n\t\t\t\t<\/div>\n\t\t\t\t\t<\/div>\n\t\t<\/div>\n\t\t\t\t\t<\/div>\n\t\t<\/section>\n\t\t\t\t<section class=\"elementor-section elementor-top-section elementor-element elementor-element-4af86210 elementor-section-boxed elementor-section-height-default elementor-section-height-default\" data-id=\"4af86210\" data-element_type=\"section\" data-e-type=\"section\">\n\t\t\t\t\t\t<div class=\"elementor-container elementor-column-gap-default\">\n\t\t\t\t\t<div class=\"elementor-column elementor-col-100 elementor-top-column elementor-element elementor-element-4780986a\" data-id=\"4780986a\" data-element_type=\"column\" data-e-type=\"column\">\n\t\t\t<div class=\"elementor-widget-wrap\">\n\t\t\t\t\t\t\t<\/div>\n\t\t<\/div>\n\t\t\t\t\t<\/div>\n\t\t<\/section>\n\t\t\t\t<\/div>","protected":false},"excerpt":{"rendered":"<p>Faci\u00e8s et processus s\u00e9dimentaires Cr\u00e9dits : 3 ECTS Responsable : Philippe SORREL Retour \u00e0 la liste des UEs L\u2019objectif premier de cette UE est d\u2019offrir aux \u00e9tudiants une solide formation en s\u00e9dimentologie de faci\u00e8s, aussi bien en contexte silicoclastique que carbonat\u00e9, base indispensable \u00e0 l\u2019interpr\u00e9tation en termes d\u2019environnements de d\u00e9p\u00f4t. Les faci\u00e8s s\u00e9dimentaires seront analys\u00e9s [&hellip;]<\/p>\n","protected":false},"author":5,"featured_media":0,"parent":489,"menu_order":0,"comment_status":"closed","ping_status":"closed","template":"","meta":{"site-sidebar-layout":"no-sidebar","site-content-layout":"page-builder","ast-site-content-layout":"default","site-content-style":"default","site-sidebar-style":"default","ast-global-header-display":"","ast-banner-title-visibility":"","ast-main-header-display":"","ast-hfb-above-header-display":"","ast-hfb-below-header-display":"","ast-hfb-mobile-header-display":"","site-post-title":"disabled","ast-breadcrumbs-content":"","ast-featured-img":"disabled","footer-sml-layout":"","ast-disable-related-posts":"","theme-transparent-header-meta":"","adv-header-id-meta":"","stick-header-meta":"","header-above-stick-meta":"","header-main-stick-meta":"","header-below-stick-meta":"","astra-migrate-meta-layouts":"default","ast-page-background-enabled":"default","ast-page-background-meta":{"desktop":{"background-color":"var(--ast-global-color-4)","background-image":"","background-repeat":"repeat","background-position":"center center","background-size":"auto","background-attachment":"scroll","background-type":"","background-media":"","overlay-type":"","overlay-color":"","overlay-opacity":"","overlay-gradient":""},"tablet":{"background-color":"","background-image":"","background-repeat":"repeat","background-position":"center center","background-size":"auto","background-attachment":"scroll","background-type":"","background-media":"","overlay-type":"","overlay-color":"","overlay-opacity":"","overlay-gradient":""},"mobile":{"background-color":"","background-image":"","background-repeat":"repeat","background-position":"center center","background-size":"auto","background-attachment":"scroll","background-type":"","background-media":"","overlay-type":"","overlay-color":"","overlay-opacity":"","overlay-gradient":""}},"ast-content-background-meta":{"desktop":{"background-color":"var(--ast-global-color-5)","background-image":"","background-repeat":"repeat","background-position":"center center","background-size":"auto","background-attachment":"scroll","background-type":"","background-media":"","overlay-type":"","overlay-color":"","overlay-opacity":"","overlay-gradient":""},"tablet":{"background-color":"var(--ast-global-color-5)","background-image":"","background-repeat":"repeat","background-position":"center center","background-size":"auto","background-attachment":"scroll","background-type":"","background-media":"","overlay-type":"","overlay-color":"","overlay-opacity":"","overlay-gradient":""},"mobile":{"background-color":"var(--ast-global-color-5)","background-image":"","background-repeat":"repeat","background-position":"center center","background-size":"auto","background-attachment":"scroll","background-type":"","background-media":"","overlay-type":"","overlay-color":"","overlay-opacity":"","overlay-gradient":""}},"footnotes":""},"class_list":["post-4459","page","type-page","status-publish","hentry"],"_links":{"self":[{"href":"https:\/\/lyongeologie.fr\/en\/wp-json\/wp\/v2\/pages\/4459","targetHints":{"allow":["GET"]}}],"collection":[{"href":"https:\/\/lyongeologie.fr\/en\/wp-json\/wp\/v2\/pages"}],"about":[{"href":"https:\/\/lyongeologie.fr\/en\/wp-json\/wp\/v2\/types\/page"}],"author":[{"embeddable":true,"href":"https:\/\/lyongeologie.fr\/en\/wp-json\/wp\/v2\/users\/5"}],"replies":[{"embeddable":true,"href":"https:\/\/lyongeologie.fr\/en\/wp-json\/wp\/v2\/comments?post=4459"}],"version-history":[{"count":20,"href":"https:\/\/lyongeologie.fr\/en\/wp-json\/wp\/v2\/pages\/4459\/revisions"}],"predecessor-version":[{"id":14015,"href":"https:\/\/lyongeologie.fr\/en\/wp-json\/wp\/v2\/pages\/4459\/revisions\/14015"}],"up":[{"embeddable":true,"href":"https:\/\/lyongeologie.fr\/en\/wp-json\/wp\/v2\/pages\/489"}],"wp:attachment":[{"href":"https:\/\/lyongeologie.fr\/en\/wp-json\/wp\/v2\/media?parent=4459"}],"curies":[{"name":"wp","href":"https:\/\/api.w.org\/{rel}","templated":true}]}}