{"id":4445,"date":"2022-02-01T23:24:03","date_gmt":"2022-02-01T22:24:03","guid":{"rendered":"https:\/\/lyon-geologie.univ-lyon1.fr\/?page_id=4445"},"modified":"2023-11-17T13:42:01","modified_gmt":"2023-11-17T12:42:01","slug":"l3g_init_recherche","status":"publish","type":"page","link":"https:\/\/lyongeologie.fr\/en\/l3-geosciences\/l3g_init_recherche\/","title":{"rendered":"L3G Initiation \u00e0 la recherche"},"content":{"rendered":"<div data-elementor-type=\"wp-page\" data-elementor-id=\"4445\" class=\"elementor elementor-4445\">\n\t\t\t\t\t\t<section class=\"elementor-section elementor-top-section elementor-element elementor-element-4d40e0af elementor-section-boxed elementor-section-height-default elementor-section-height-default\" data-id=\"4d40e0af\" data-element_type=\"section\" data-e-type=\"section\">\n\t\t\t\t\t\t<div class=\"elementor-container elementor-column-gap-default\">\n\t\t\t\t\t<div class=\"elementor-column elementor-col-100 elementor-top-column elementor-element elementor-element-1d111efb\" data-id=\"1d111efb\" data-element_type=\"column\" data-e-type=\"column\">\n\t\t\t<div class=\"elementor-widget-wrap elementor-element-populated\">\n\t\t\t\t\t\t<div class=\"elementor-element elementor-element-57524e83 elementor-widget elementor-widget-text-editor\" data-id=\"57524e83\" data-element_type=\"widget\" data-e-type=\"widget\" data-widget_type=\"text-editor.default\">\n\t\t\t\t<div class=\"elementor-widget-container\">\n\t\t\t\t\t\t\t\t\t<h2><strong>Initiation to research<br \/><\/strong><\/h2>\t\t\t\t\t\t\t\t<\/div>\n\t\t\t\t<\/div>\n\t\t\t\t\t<\/div>\n\t\t<\/div>\n\t\t\t\t\t<\/div>\n\t\t<\/section>\n\t\t\t\t<section class=\"elementor-section elementor-top-section elementor-element elementor-element-98e7448 elementor-section-boxed elementor-section-height-default elementor-section-height-default\" data-id=\"98e7448\" data-element_type=\"section\" data-e-type=\"section\">\n\t\t\t\t\t\t<div class=\"elementor-container elementor-column-gap-default\">\n\t\t\t\t\t<div class=\"elementor-column elementor-col-33 elementor-top-column elementor-element elementor-element-bbde7f7\" data-id=\"bbde7f7\" data-element_type=\"column\" data-e-type=\"column\">\n\t\t\t<div class=\"elementor-widget-wrap elementor-element-populated\">\n\t\t\t\t\t\t<div class=\"elementor-element elementor-element-764dfbf0 elementor-widget elementor-widget-text-editor\" data-id=\"764dfbf0\" data-element_type=\"widget\" data-e-type=\"widget\" data-widget_type=\"text-editor.default\">\n\t\t\t\t<div class=\"elementor-widget-container\">\n\t\t\t\t\t\t\t\t\t<p><em>3 Credits<\/em><\/p><p><em>Contact <a href=\"mailto:maelis.arnould@univ-lyon1.fr\">Ma\u00eblis ARNOULD<\/a> and <a href=\"mailto:mathieu.amor@ens-lyon.fr\">Matthieu AMOR<\/a><br \/><\/em><\/p>\t\t\t\t\t\t\t\t<\/div>\n\t\t\t\t<\/div>\n\t\t\t\t<div class=\"elementor-element elementor-element-7588726 elementor-widget elementor-widget-image\" data-id=\"7588726\" data-element_type=\"widget\" data-e-type=\"widget\" data-widget_type=\"image.default\">\n\t\t\t\t<div class=\"elementor-widget-container\">\n\t\t\t\t\t\t\t\t\t\t\t\t\t\t\t<img decoding=\"async\" width=\"150\" height=\"150\" src=\"https:\/\/lyongeologie.fr\/wp-content\/uploads\/2022\/02\/maelis_arnould.png\" class=\"attachment-large size-large wp-image-8945\" alt=\"\" \/>\t\t\t\t\t\t\t\t\t\t\t\t\t\t\t<\/div>\n\t\t\t\t<\/div>\n\t\t\t\t<div class=\"elementor-element elementor-element-9b9b905 elementor-widget elementor-widget-image\" data-id=\"9b9b905\" data-element_type=\"widget\" data-e-type=\"widget\" data-widget_type=\"image.default\">\n\t\t\t\t<div class=\"elementor-widget-container\">\n\t\t\t\t\t\t\t\t\t\t\t\t\t\t\t<img decoding=\"async\" width=\"150\" height=\"150\" src=\"https:\/\/lyongeologie.fr\/wp-content\/uploads\/2023\/08\/Mathieu_amor-150x150.png\" class=\"attachment-thumbnail size-thumbnail wp-image-17291\" alt=\"\" srcset=\"https:\/\/lyongeologie.fr\/wp-content\/uploads\/2023\/08\/Mathieu_amor-150x150.png 150w, https:\/\/lyongeologie.fr\/wp-content\/uploads\/2023\/08\/Mathieu_amor-300x300.png 300w, https:\/\/lyongeologie.fr\/wp-content\/uploads\/2023\/08\/Mathieu_amor-768x766.png 768w, https:\/\/lyongeologie.fr\/wp-content\/uploads\/2023\/08\/Mathieu_amor-12x12.png 12w, https:\/\/lyongeologie.fr\/wp-content\/uploads\/2023\/08\/elementor\/thumbs\/Mathieu_amor-qbkjwlgxvu0ienw6df06c4x8rwwxd8de0x14a5m960.png 100w, https:\/\/lyongeologie.fr\/wp-content\/uploads\/2023\/08\/elementor\/thumbs\/Mathieu_amor-150x150.png 1024w, https:\/\/lyongeologie.fr\/wp-content\/uploads\/2023\/08\/Mathieu_amor.png 846w\" sizes=\"(max-width: 150px) 100vw, 150px\" \/>\t\t\t\t\t\t\t\t\t\t\t\t\t\t\t<\/div>\n\t\t\t\t<\/div>\n\t\t\t\t<div class=\"elementor-element elementor-element-7cf22dc4 elementor-align-center elementor-widget elementor-widget-button\" data-id=\"7cf22dc4\" data-element_type=\"widget\" data-e-type=\"widget\" data-widget_type=\"button.default\">\n\t\t\t\t<div class=\"elementor-widget-container\">\n\t\t\t\t\t\t\t\t\t<div class=\"elementor-button-wrapper\">\n\t\t\t\t\t<a class=\"elementor-button elementor-button-link elementor-size-sm\" href=\"https:\/\/lyon-geologie.univ-lyon1.fr\/l3-geosciences\/#l3_tc\">\n\t\t\t\t\t\t<span class=\"elementor-button-content-wrapper\">\n\t\t\t\t\t\t\t\t\t<span class=\"elementor-button-text\">Back to the previous page<\/span>\n\t\t\t\t\t<\/span>\n\t\t\t\t\t<\/a>\n\t\t\t\t<\/div>\n\t\t\t\t\t\t\t\t<\/div>\n\t\t\t\t<\/div>\n\t\t\t\t\t<\/div>\n\t\t<\/div>\n\t\t\t\t<div class=\"elementor-column elementor-col-66 elementor-top-column elementor-element elementor-element-1645a72f\" data-id=\"1645a72f\" data-element_type=\"column\" data-e-type=\"column\">\n\t\t\t<div class=\"elementor-widget-wrap elementor-element-populated\">\n\t\t\t\t\t\t<div class=\"elementor-element elementor-element-6151f6e4 elementor-widget elementor-widget-text-editor\" data-id=\"6151f6e4\" data-element_type=\"widget\" data-e-type=\"widget\" data-widget_type=\"text-editor.default\">\n\t\t\t\t<div class=\"elementor-widget-container\">\n\t\t\t\t\t\t\t\t\t<p class=\"translation-block\">An immersive internship at the <a href=\"https:\/\/lgltpe.fr\/en\/accueil\/\" target=\"_self\">LGL-TPE<\/a> (Laboratoire de G\u00e9ologie de Lyon) will give you a 4-week insight into the work of a researcher, from data acquisition to processing and interpretation. This will give you an insight into the day-to-day work of a researcher. In agreement with the UE supervisors, the internship will be carried out under the responsibility of an internship supervisor, and will culminate in the submission of a short report and an oral presentation.<\/p>\t\t\t\t\t\t\t\t<\/div>\n\t\t\t\t<\/div>\n\t\t\t\t<div class=\"elementor-element elementor-element-397b6ee elementor-widget elementor-widget-image\" data-id=\"397b6ee\" data-element_type=\"widget\" data-e-type=\"widget\" data-widget_type=\"image.default\">\n\t\t\t\t<div class=\"elementor-widget-container\">\n\t\t\t\t\t\t\t\t\t\t\t\t<figure class=\"wp-caption\">\n\t\t\t\t\t\t\t\t\t\t<img fetchpriority=\"high\" decoding=\"async\" width=\"1024\" height=\"768\" src=\"https:\/\/lyongeologie.fr\/wp-content\/uploads\/2022\/02\/L3G_init_recherche-1024x768.jpg\" class=\"attachment-large size-large wp-image-4451\" alt=\"\" srcset=\"https:\/\/lyongeologie.fr\/wp-content\/uploads\/2022\/02\/L3G_init_recherche-1024x768.jpg 1024w, https:\/\/lyongeologie.fr\/wp-content\/uploads\/2022\/02\/L3G_init_recherche-300x225.jpg 300w, https:\/\/lyongeologie.fr\/wp-content\/uploads\/2022\/02\/L3G_init_recherche-768x576.jpg 768w, https:\/\/lyongeologie.fr\/wp-content\/uploads\/2022\/02\/L3G_init_recherche-1536x1152.jpg 1536w, https:\/\/lyongeologie.fr\/wp-content\/uploads\/2022\/02\/L3G_init_recherche.jpg 1984w\" sizes=\"(max-width: 1024px) 100vw, 1024px\" \/>\t\t\t\t\t\t\t\t\t\t\t<figcaption class=\"widget-image-caption wp-caption-text\"><small><i>Soutenance de stage d'initiation \u00e0 la recherche des \u00e9tudiants en L3 - Promo 2021-2022<\/small><\/i><\/figcaption>\n\t\t\t\t\t\t\t\t\t\t<\/figure>\n\t\t\t\t\t\t\t\t\t<\/div>\n\t\t\t\t<\/div>\n\t\t\t\t<div class=\"elementor-element elementor-element-751a0d5 elementor-widget elementor-widget-text-editor\" data-id=\"751a0d5\" data-element_type=\"widget\" data-e-type=\"widget\" data-widget_type=\"text-editor.default\">\n\t\t\t\t<div class=\"elementor-widget-container\">\n\t\t\t\t\t\t\t\t\t<p>Here are a few examples of internship topics completed at the LGL-TPE in previous years:<\/p><ul><li>R\u00e9vision des faunes d&rsquo;\u00e9chinodermes Cincta (Cambrien moyen, Montagne Noire) des collections de l&rsquo;Universit\u00e9 Lyon 1<\/li><li>L&rsquo;hippophagie chez les Gaulois : \u00e9tude isotopique des restes animaux du site de Th\u00e9zy-Glimont, Picardie, France<\/li><li>Une \u00e9tude de la variabilit\u00e9 isotopique intra-site de coquilles d&rsquo;oeufs de dinosaures<\/li><li>Migration des magmas carbonat\u00e9s dans le manteau terrestre : l&rsquo;exemple des x\u00e9nolithes mantelliques du plateau de Kerguelen<\/li><li>Caract\u00e9risation d&rsquo;une s\u00e9rie s\u00e9dimentaire lacustre provenant du lac Iro (Tchad)<\/li><li>Influence de la conductivit\u00e9\u2000thermique dans la mod\u00e9lisation de l&rsquo;\u00e9volution des com\u00e8tes.<\/li><li>Analyse de la s\u00e9quence sismique de Huasco, Chili (01\/09\/2020) par GPS statique et haute fr\u00e9quence<\/li><li>Formation des fractures hi\u00e9rarchiques lors du s\u00e9chage de s\u00e9diments et application \u00e0 l&rsquo;\u00e9tude des crat\u00e8res \u00e0 sols fractur\u00e9s sur Mars.<\/li><li>Condensation des acides amin\u00e9s lors de la cristallisation de la glace Ih, en fonction de la chimie du fluide aqueux.<\/li><li>Convection compositionnelle et stratification<\/li><li>Analyse de la coda des marsquakes sur les enregistrements SEIS de la mission InSight<\/li><li>Microtomographie aux rayons X de Myriapodes du Lagerst\u00e4tte de Montceau-les-Mines (Carbonif\u00e8re)<\/li><li>Reconstitution pal\u00e9o\u00e9cologique du N\u00e9andertalien de Tourville-la-Rivi\u00e8re \u00e0 l&rsquo;aide des isotopes de Calcium<\/li><li>D\u00e9formations et formation d&rsquo;un crat\u00e8re d&rsquo;impact<\/li><li>Morphologie des Pancakes sur V\u00e9nus<\/li><li>Extraction et analyse de l&rsquo;eau de phyllosilicates : application \u00e0 la pal\u00e9oaltim\u00e9trie<\/li><\/ul>\t\t\t\t\t\t\t\t<\/div>\n\t\t\t\t<\/div>\n\t\t\t\t\t<\/div>\n\t\t<\/div>\n\t\t\t\t\t<\/div>\n\t\t<\/section>\n\t\t\t\t<\/div>","protected":false},"excerpt":{"rendered":"<p>Initiation \u00e0 la recherche Cr\u00e9dits : 3 ECTS Responsables : Ma\u00eblis ARNOULD et Matthieu AMOR Retour \u00e0 la liste des UEs Un stage en immersion au sein du LGL-TPE (Laboratoire de G\u00e9ologie de Lyon), d\u2019une dur\u00e9e de 4 semaines, vous donnera un aper\u00e7u du travail de chercheur, de l\u2019acquisition des donn\u00e9es \u00e0 leur traitement et [&hellip;]<\/p>\n","protected":false},"author":5,"featured_media":0,"parent":489,"menu_order":0,"comment_status":"closed","ping_status":"closed","template":"","meta":{"site-sidebar-layout":"no-sidebar","site-content-layout":"page-builder","ast-site-content-layout":"default","site-content-style":"default","site-sidebar-style":"default","ast-global-header-display":"","ast-banner-title-visibility":"","ast-main-header-display":"","ast-hfb-above-header-display":"","ast-hfb-below-header-display":"","ast-hfb-mobile-header-display":"","site-post-title":"disabled","ast-breadcrumbs-content":"","ast-featured-img":"disabled","footer-sml-layout":"","ast-disable-related-posts":"","theme-transparent-header-meta":"","adv-header-id-meta":"","stick-header-meta":"","header-above-stick-meta":"","header-main-stick-meta":"","header-below-stick-meta":"","astra-migrate-meta-layouts":"default","ast-page-background-enabled":"default","ast-page-background-meta":{"desktop":{"background-color":"var(--ast-global-color-4)","background-image":"","background-repeat":"repeat","background-position":"center center","background-size":"auto","background-attachment":"scroll","background-type":"","background-media":"","overlay-type":"","overlay-color":"","overlay-opacity":"","overlay-gradient":""},"tablet":{"background-color":"","background-image":"","background-repeat":"repeat","background-position":"center center","background-size":"auto","background-attachment":"scroll","background-type":"","background-media":"","overlay-type":"","overlay-color":"","overlay-opacity":"","overlay-gradient":""},"mobile":{"background-color":"","background-image":"","background-repeat":"repeat","background-position":"center center","background-size":"auto","background-attachment":"scroll","background-type":"","background-media":"","overlay-type":"","overlay-color":"","overlay-opacity":"","overlay-gradient":""}},"ast-content-background-meta":{"desktop":{"background-color":"var(--ast-global-color-5)","background-image":"","background-repeat":"repeat","background-position":"center center","background-size":"auto","background-attachment":"scroll","background-type":"","background-media":"","overlay-type":"","overlay-color":"","overlay-opacity":"","overlay-gradient":""},"tablet":{"background-color":"var(--ast-global-color-5)","background-image":"","background-repeat":"repeat","background-position":"center center","background-size":"auto","background-attachment":"scroll","background-type":"","background-media":"","overlay-type":"","overlay-color":"","overlay-opacity":"","overlay-gradient":""},"mobile":{"background-color":"var(--ast-global-color-5)","background-image":"","background-repeat":"repeat","background-position":"center center","background-size":"auto","background-attachment":"scroll","background-type":"","background-media":"","overlay-type":"","overlay-color":"","overlay-opacity":"","overlay-gradient":""}},"footnotes":""},"class_list":["post-4445","page","type-page","status-publish","hentry"],"_links":{"self":[{"href":"https:\/\/lyongeologie.fr\/en\/wp-json\/wp\/v2\/pages\/4445","targetHints":{"allow":["GET"]}}],"collection":[{"href":"https:\/\/lyongeologie.fr\/en\/wp-json\/wp\/v2\/pages"}],"about":[{"href":"https:\/\/lyongeologie.fr\/en\/wp-json\/wp\/v2\/types\/page"}],"author":[{"embeddable":true,"href":"https:\/\/lyongeologie.fr\/en\/wp-json\/wp\/v2\/users\/5"}],"replies":[{"embeddable":true,"href":"https:\/\/lyongeologie.fr\/en\/wp-json\/wp\/v2\/comments?post=4445"}],"version-history":[{"count":44,"href":"https:\/\/lyongeologie.fr\/en\/wp-json\/wp\/v2\/pages\/4445\/revisions"}],"predecessor-version":[{"id":17617,"href":"https:\/\/lyongeologie.fr\/en\/wp-json\/wp\/v2\/pages\/4445\/revisions\/17617"}],"up":[{"embeddable":true,"href":"https:\/\/lyongeologie.fr\/en\/wp-json\/wp\/v2\/pages\/489"}],"wp:attachment":[{"href":"https:\/\/lyongeologie.fr\/en\/wp-json\/wp\/v2\/media?parent=4445"}],"curies":[{"name":"wp","href":"https:\/\/api.w.org\/{rel}","templated":true}]}}