{"id":4417,"date":"2022-02-01T23:15:56","date_gmt":"2022-02-01T22:15:56","guid":{"rendered":"https:\/\/lyon-geologie.univ-lyon1.fr\/?page_id=4417"},"modified":"2025-07-22T09:05:38","modified_gmt":"2025-07-22T07:05:38","slug":"l3g_geophy","status":"publish","type":"page","link":"https:\/\/lyongeologie.fr\/en\/l3-geosciences\/l3g_geophy\/","title":{"rendered":"L3G G\u00e9ophysique"},"content":{"rendered":"<div data-elementor-type=\"wp-page\" data-elementor-id=\"4417\" class=\"elementor elementor-4417\">\n\t\t\t\t\t\t<section class=\"elementor-section elementor-top-section elementor-element elementor-element-67cb72bb elementor-section-boxed elementor-section-height-default elementor-section-height-default\" data-id=\"67cb72bb\" data-element_type=\"section\" data-e-type=\"section\">\n\t\t\t\t\t\t<div class=\"elementor-container elementor-column-gap-default\">\n\t\t\t\t\t<div class=\"elementor-column elementor-col-100 elementor-top-column elementor-element elementor-element-49a2cfdc\" data-id=\"49a2cfdc\" data-element_type=\"column\" data-e-type=\"column\">\n\t\t\t<div class=\"elementor-widget-wrap elementor-element-populated\">\n\t\t\t\t\t\t<div class=\"elementor-element elementor-element-6f95c9a9 elementor-widget elementor-widget-text-editor\" data-id=\"6f95c9a9\" data-element_type=\"widget\" data-e-type=\"widget\" data-widget_type=\"text-editor.default\">\n\t\t\t\t<div class=\"elementor-widget-container\">\n\t\t\t\t\t\t\t\t\t<h2><strong>Geophysical tools<br \/><\/strong><\/h2>\t\t\t\t\t\t\t\t<\/div>\n\t\t\t\t<\/div>\n\t\t\t\t\t<\/div>\n\t\t<\/div>\n\t\t\t\t\t<\/div>\n\t\t<\/section>\n\t\t\t\t<section class=\"elementor-section elementor-top-section elementor-element elementor-element-19e5cbe0 elementor-section-boxed elementor-section-height-default elementor-section-height-default\" data-id=\"19e5cbe0\" data-element_type=\"section\" data-e-type=\"section\">\n\t\t\t\t\t\t<div class=\"elementor-container elementor-column-gap-default\">\n\t\t\t\t\t<div class=\"elementor-column elementor-col-33 elementor-top-column elementor-element elementor-element-5980698b\" data-id=\"5980698b\" data-element_type=\"column\" data-e-type=\"column\">\n\t\t\t<div class=\"elementor-widget-wrap elementor-element-populated\">\n\t\t\t\t\t\t<div class=\"elementor-element elementor-element-4396a8fa elementor-widget elementor-widget-text-editor\" data-id=\"4396a8fa\" data-element_type=\"widget\" data-e-type=\"widget\" data-widget_type=\"text-editor.default\">\n\t\t\t\t<div class=\"elementor-widget-container\">\n\t\t\t\t\t\t\t\t\t<p><em>3 Credits<\/em><\/p><p><em>Contact: <a href=\"mailto:vincent.langlois@univ-lyon1.fr\">Vincent LANGLOIS<\/a><br \/><\/em><\/p>\t\t\t\t\t\t\t\t<\/div>\n\t\t\t\t<\/div>\n\t\t\t\t<div class=\"elementor-element elementor-element-23c596f elementor-widget elementor-widget-image\" data-id=\"23c596f\" data-element_type=\"widget\" data-e-type=\"widget\" data-widget_type=\"image.default\">\n\t\t\t\t<div class=\"elementor-widget-container\">\n\t\t\t\t\t\t\t\t\t\t\t\t\t\t\t<img decoding=\"async\" width=\"150\" height=\"150\" src=\"https:\/\/lyongeologie.fr\/wp-content\/uploads\/2022\/02\/vincent_langlois.png\" class=\"attachment-large size-large wp-image-8927\" alt=\"\" \/>\t\t\t\t\t\t\t\t\t\t\t\t\t\t\t<\/div>\n\t\t\t\t<\/div>\n\t\t\t\t<div class=\"elementor-element elementor-element-936cd3c elementor-align-center elementor-widget elementor-widget-button\" data-id=\"936cd3c\" data-element_type=\"widget\" data-e-type=\"widget\" data-widget_type=\"button.default\">\n\t\t\t\t<div class=\"elementor-widget-container\">\n\t\t\t\t\t\t\t\t\t<div class=\"elementor-button-wrapper\">\n\t\t\t\t\t<a class=\"elementor-button elementor-button-link elementor-size-sm\" href=\"https:\/\/lyon-geologie.univ-lyon1.fr\/l3-geosciences\/#l3_tc\">\n\t\t\t\t\t\t<span class=\"elementor-button-content-wrapper\">\n\t\t\t\t\t\t\t\t\t<span class=\"elementor-button-text\">Back to the previous page<\/span>\n\t\t\t\t\t<\/span>\n\t\t\t\t\t<\/a>\n\t\t\t\t<\/div>\n\t\t\t\t\t\t\t\t<\/div>\n\t\t\t\t<\/div>\n\t\t\t\t\t<\/div>\n\t\t<\/div>\n\t\t\t\t<div class=\"elementor-column elementor-col-66 elementor-top-column elementor-element elementor-element-7530ae62\" data-id=\"7530ae62\" data-element_type=\"column\" data-e-type=\"column\">\n\t\t\t<div class=\"elementor-widget-wrap elementor-element-populated\">\n\t\t\t\t\t\t<div class=\"elementor-element elementor-element-576b5f32 elementor-widget elementor-widget-text-editor\" data-id=\"576b5f32\" data-element_type=\"widget\" data-e-type=\"widget\" data-widget_type=\"text-editor.default\">\n\t\t\t\t<div class=\"elementor-widget-container\">\n\t\t\t\t\t\t\t\t\t<p>La g\u00e9ophysique fournit des m\u00e9thodes et des outils utiles dans toutes les disciplines des sciences de la Terre, de la plan\u00e9tologie \u00e0 la pal\u00e9ontologie. Cette UE vous pr\u00e9sentera ces outils de fa\u00e7on quantitative mais en limitant les d\u00e9veloppements calculatoires.<\/p>\t\t\t\t\t\t\t\t<\/div>\n\t\t\t\t<\/div>\n\t\t\t\t<div class=\"elementor-element elementor-element-5ad4561d elementor-widget elementor-widget-image\" data-id=\"5ad4561d\" data-element_type=\"widget\" data-e-type=\"widget\" data-widget_type=\"image.default\">\n\t\t\t\t<div class=\"elementor-widget-container\">\n\t\t\t\t\t\t\t\t\t\t\t\t<figure class=\"wp-caption\">\n\t\t\t\t\t\t\t\t\t\t<img fetchpriority=\"high\" decoding=\"async\" width=\"1024\" height=\"399\" src=\"https:\/\/lyongeologie.fr\/wp-content\/uploads\/2022\/02\/L3G_geophy1-1024x399.png\" class=\"attachment-large size-large wp-image-4423\" alt=\"\" srcset=\"https:\/\/lyongeologie.fr\/wp-content\/uploads\/2022\/02\/L3G_geophy1-1024x399.png 1024w, https:\/\/lyongeologie.fr\/wp-content\/uploads\/2022\/02\/L3G_geophy1-300x117.png 300w, https:\/\/lyongeologie.fr\/wp-content\/uploads\/2022\/02\/L3G_geophy1-768x300.png 768w, https:\/\/lyongeologie.fr\/wp-content\/uploads\/2022\/02\/L3G_geophy1-1536x599.png 1536w, https:\/\/lyongeologie.fr\/wp-content\/uploads\/2022\/02\/L3G_geophy1.png 1738w\" sizes=\"(max-width: 1024px) 100vw, 1024px\" \/>\t\t\t\t\t\t\t\t\t\t\t<figcaption class=\"widget-image-caption wp-caption-text\"><i><small> De gauche \u00e0 droite: un rh\u00e9om\u00e8tre utilis\u00e9 pour mesurer la viscosit\u00e9 ; la mod\u00e9lisation du temps de propagation d'un tsunami dans l'oc\u00e9an Pacifique ; une image du sous-sol obtenue par prospection sismique.<\/small><\/i><\/figcaption>\n\t\t\t\t\t\t\t\t\t\t<\/figure>\n\t\t\t\t\t\t\t\t\t<\/div>\n\t\t\t\t<\/div>\n\t\t\t\t<div class=\"elementor-element elementor-element-d7db3da elementor-widget elementor-widget-text-editor\" data-id=\"d7db3da\" data-element_type=\"widget\" data-e-type=\"widget\" data-widget_type=\"text-editor.default\">\n\t\t\t\t<div class=\"elementor-widget-container\">\n\t\t\t\t\t\t\t\t\t<ul><li><b>Notions de rh\u00e9ologie:<\/b> comment d\u00e9crire les d\u00e9formations (\u00e9lastiques, plastiques, cassantes, visqueuses) des mat\u00e9riaux g\u00e9ologiques (roches, glace, magma, eau\u2026) en fonction des contraintes qu\u2019ils subissent. Applications \u00e0 la tectonique et aux \u00e9coulements g\u00e9ologiques.<\/li><li aria-level=\"1\"><b>Physique des ondes:<\/b> description et propri\u00e9t\u00e9s des ondes \u00e9lectromagn\u00e9tiques et m\u00e9caniques. Applications: techniques de spectroscopie et de t\u00e9l\u00e9d\u00e9tection, description des ondes sismiques, vagues et tsunamis.<\/li><li aria-level=\"1\"><b>Outils m\u00e9thodologiques:<\/b> analyse dimensionnelle, calculs d\u2019ordres de grandeur, \u00e9quations-bilan (de mati\u00e8re ou d\u2019\u00e9nergie). Applications: comment \u00e9valuer \u00ab\u00a0\u00e0 la louche\u00a0\u00bb la vitesse d&rsquo;une nu\u00e9e ardente, la puissance d&rsquo;un cyclone, l&rsquo;\u00e9nergie m\u00e9canique de la houle, la viscosit\u00e9 d&rsquo;une coul\u00e9e de lave.<\/li><\/ul><div>Ce module sert de pr\u00e9ambule aux UE optionnelles M\u00e9canique des fluides, \u00c9lasticit\u00e9, \u00c9cole de terrain: sismique marine et Risques g\u00e9ologiques.<\/div>\t\t\t\t\t\t\t\t<\/div>\n\t\t\t\t<\/div>\n\t\t\t\t\t<\/div>\n\t\t<\/div>\n\t\t\t\t\t<\/div>\n\t\t<\/section>\n\t\t\t\t<\/div>","protected":false},"excerpt":{"rendered":"<p>Outils G\u00e9ophysiques Cr\u00e9dits : 3 ECTS Responsable : Vincent LANGLOIS Retour \u00e0 la liste des UEs La g\u00e9ophysique fournit des m\u00e9thodes et des outils utiles dans toutes les disciplines des sciences de la Terre, de la plan\u00e9tologie \u00e0 la pal\u00e9ontologie. Cette UE vous pr\u00e9sentera ces outils de fa\u00e7on quantitative mais en limitant les d\u00e9veloppements calculatoires. [&hellip;]<\/p>\n","protected":false},"author":5,"featured_media":0,"parent":489,"menu_order":0,"comment_status":"closed","ping_status":"closed","template":"","meta":{"site-sidebar-layout":"no-sidebar","site-content-layout":"page-builder","ast-site-content-layout":"default","site-content-style":"default","site-sidebar-style":"default","ast-global-header-display":"","ast-banner-title-visibility":"","ast-main-header-display":"","ast-hfb-above-header-display":"","ast-hfb-below-header-display":"","ast-hfb-mobile-header-display":"","site-post-title":"disabled","ast-breadcrumbs-content":"","ast-featured-img":"disabled","footer-sml-layout":"","ast-disable-related-posts":"","theme-transparent-header-meta":"","adv-header-id-meta":"","stick-header-meta":"","header-above-stick-meta":"","header-main-stick-meta":"","header-below-stick-meta":"","astra-migrate-meta-layouts":"default","ast-page-background-enabled":"default","ast-page-background-meta":{"desktop":{"background-color":"var(--ast-global-color-4)","background-image":"","background-repeat":"repeat","background-position":"center center","background-size":"auto","background-attachment":"scroll","background-type":"","background-media":"","overlay-type":"","overlay-color":"","overlay-opacity":"","overlay-gradient":""},"tablet":{"background-color":"","background-image":"","background-repeat":"repeat","background-position":"center center","background-size":"auto","background-attachment":"scroll","background-type":"","background-media":"","overlay-type":"","overlay-color":"","overlay-opacity":"","overlay-gradient":""},"mobile":{"background-color":"","background-image":"","background-repeat":"repeat","background-position":"center center","background-size":"auto","background-attachment":"scroll","background-type":"","background-media":"","overlay-type":"","overlay-color":"","overlay-opacity":"","overlay-gradient":""}},"ast-content-background-meta":{"desktop":{"background-color":"var(--ast-global-color-5)","background-image":"","background-repeat":"repeat","background-position":"center center","background-size":"auto","background-attachment":"scroll","background-type":"","background-media":"","overlay-type":"","overlay-color":"","overlay-opacity":"","overlay-gradient":""},"tablet":{"background-color":"var(--ast-global-color-5)","background-image":"","background-repeat":"repeat","background-position":"center center","background-size":"auto","background-attachment":"scroll","background-type":"","background-media":"","overlay-type":"","overlay-color":"","overlay-opacity":"","overlay-gradient":""},"mobile":{"background-color":"var(--ast-global-color-5)","background-image":"","background-repeat":"repeat","background-position":"center center","background-size":"auto","background-attachment":"scroll","background-type":"","background-media":"","overlay-type":"","overlay-color":"","overlay-opacity":"","overlay-gradient":""}},"footnotes":""},"class_list":["post-4417","page","type-page","status-publish","hentry"],"_links":{"self":[{"href":"https:\/\/lyongeologie.fr\/en\/wp-json\/wp\/v2\/pages\/4417","targetHints":{"allow":["GET"]}}],"collection":[{"href":"https:\/\/lyongeologie.fr\/en\/wp-json\/wp\/v2\/pages"}],"about":[{"href":"https:\/\/lyongeologie.fr\/en\/wp-json\/wp\/v2\/types\/page"}],"author":[{"embeddable":true,"href":"https:\/\/lyongeologie.fr\/en\/wp-json\/wp\/v2\/users\/5"}],"replies":[{"embeddable":true,"href":"https:\/\/lyongeologie.fr\/en\/wp-json\/wp\/v2\/comments?post=4417"}],"version-history":[{"count":36,"href":"https:\/\/lyongeologie.fr\/en\/wp-json\/wp\/v2\/pages\/4417\/revisions"}],"predecessor-version":[{"id":18825,"href":"https:\/\/lyongeologie.fr\/en\/wp-json\/wp\/v2\/pages\/4417\/revisions\/18825"}],"up":[{"embeddable":true,"href":"https:\/\/lyongeologie.fr\/en\/wp-json\/wp\/v2\/pages\/489"}],"wp:attachment":[{"href":"https:\/\/lyongeologie.fr\/en\/wp-json\/wp\/v2\/media?parent=4417"}],"curies":[{"name":"wp","href":"https:\/\/api.w.org\/{rel}","templated":true}]}}