{"id":4405,"date":"2022-02-01T23:13:17","date_gmt":"2022-02-01T22:13:17","guid":{"rendered":"https:\/\/lyon-geologie.univ-lyon1.fr\/?page_id=4405"},"modified":"2023-09-12T09:15:09","modified_gmt":"2023-09-12T07:15:09","slug":"l3g_geoch","status":"publish","type":"page","link":"https:\/\/lyongeologie.fr\/en\/l3-geosciences\/l3g_geoch\/","title":{"rendered":"L3G Introduction \u00e0 la G\u00e9ochimie"},"content":{"rendered":"<div data-elementor-type=\"wp-page\" data-elementor-id=\"4405\" class=\"elementor elementor-4405\">\n\t\t\t\t\t\t<section class=\"elementor-section elementor-top-section elementor-element elementor-element-24e0c6df elementor-section-boxed elementor-section-height-default elementor-section-height-default\" data-id=\"24e0c6df\" data-element_type=\"section\" data-e-type=\"section\">\n\t\t\t\t\t\t<div class=\"elementor-container elementor-column-gap-default\">\n\t\t\t\t\t<div class=\"elementor-column elementor-col-100 elementor-top-column elementor-element elementor-element-5e900166\" data-id=\"5e900166\" data-element_type=\"column\" data-e-type=\"column\">\n\t\t\t<div class=\"elementor-widget-wrap elementor-element-populated\">\n\t\t\t\t\t\t<div class=\"elementor-element elementor-element-4b0750b7 elementor-widget elementor-widget-text-editor\" data-id=\"4b0750b7\" data-element_type=\"widget\" data-e-type=\"widget\" data-widget_type=\"text-editor.default\">\n\t\t\t\t<div class=\"elementor-widget-container\">\n\t\t\t\t\t\t\t\t\t<h2><strong>Introduction to geochemistry<br \/><\/strong><\/h2>\t\t\t\t\t\t\t\t<\/div>\n\t\t\t\t<\/div>\n\t\t\t\t\t<\/div>\n\t\t<\/div>\n\t\t\t\t\t<\/div>\n\t\t<\/section>\n\t\t\t\t<section class=\"elementor-section elementor-top-section elementor-element elementor-element-9d076ff elementor-section-boxed elementor-section-height-default elementor-section-height-default\" data-id=\"9d076ff\" data-element_type=\"section\" data-e-type=\"section\">\n\t\t\t\t\t\t<div class=\"elementor-container elementor-column-gap-default\">\n\t\t\t\t\t<div class=\"elementor-column elementor-col-33 elementor-top-column elementor-element elementor-element-4665f1e0\" data-id=\"4665f1e0\" data-element_type=\"column\" data-e-type=\"column\">\n\t\t\t<div class=\"elementor-widget-wrap elementor-element-populated\">\n\t\t\t\t\t\t<div class=\"elementor-element elementor-element-30fddbb5 elementor-widget elementor-widget-text-editor\" data-id=\"30fddbb5\" data-element_type=\"widget\" data-e-type=\"widget\" data-widget_type=\"text-editor.default\">\n\t\t\t\t<div class=\"elementor-widget-container\">\n\t\t\t\t\t\t\t\t\t<p><em>3 Credits<\/em><\/p><p><em>Contact: <a href=\"mailto:matthieu.amor@ens-lyon.fr\">Matthieu AMOR<\/a><br \/><\/em><\/p>\t\t\t\t\t\t\t\t<\/div>\n\t\t\t\t<\/div>\n\t\t\t\t<div class=\"elementor-element elementor-element-43829b1 elementor-widget elementor-widget-image\" data-id=\"43829b1\" data-element_type=\"widget\" data-e-type=\"widget\" data-widget_type=\"image.default\">\n\t\t\t\t<div class=\"elementor-widget-container\">\n\t\t\t\t\t\t\t\t\t\t\t\t\t\t\t<img fetchpriority=\"high\" decoding=\"async\" width=\"846\" height=\"844\" src=\"https:\/\/lyongeologie.fr\/wp-content\/uploads\/2023\/08\/Mathieu_amor.png\" class=\"attachment-large size-large wp-image-17291\" alt=\"\" srcset=\"https:\/\/lyongeologie.fr\/wp-content\/uploads\/2023\/08\/Mathieu_amor.png 846w, https:\/\/lyongeologie.fr\/wp-content\/uploads\/2023\/08\/Mathieu_amor-300x300.png 300w, https:\/\/lyongeologie.fr\/wp-content\/uploads\/2023\/08\/Mathieu_amor-150x150.png 150w, https:\/\/lyongeologie.fr\/wp-content\/uploads\/2023\/08\/Mathieu_amor-768x766.png 768w, https:\/\/lyongeologie.fr\/wp-content\/uploads\/2023\/08\/Mathieu_amor-12x12.png 12w, https:\/\/lyongeologie.fr\/wp-content\/uploads\/2023\/08\/elementor\/thumbs\/Mathieu_amor-qbkjwlgxvu0ienw6df06c4x8rwwxd8de0x14a5m960.png 100w\" sizes=\"(max-width: 846px) 100vw, 846px\" \/>\t\t\t\t\t\t\t\t\t\t\t\t\t\t\t<\/div>\n\t\t\t\t<\/div>\n\t\t\t\t<div class=\"elementor-element elementor-element-44b475ce elementor-align-center elementor-widget elementor-widget-button\" data-id=\"44b475ce\" data-element_type=\"widget\" data-e-type=\"widget\" data-widget_type=\"button.default\">\n\t\t\t\t<div class=\"elementor-widget-container\">\n\t\t\t\t\t\t\t\t\t<div class=\"elementor-button-wrapper\">\n\t\t\t\t\t<a class=\"elementor-button elementor-button-link elementor-size-sm\" href=\"https:\/\/lyon-geologie.univ-lyon1.fr\/l3-geosciences\/#l3_tc\">\n\t\t\t\t\t\t<span class=\"elementor-button-content-wrapper\">\n\t\t\t\t\t\t\t\t\t<span class=\"elementor-button-text\">Back to the previous page<\/span>\n\t\t\t\t\t<\/span>\n\t\t\t\t\t<\/a>\n\t\t\t\t<\/div>\n\t\t\t\t\t\t\t\t<\/div>\n\t\t\t\t<\/div>\n\t\t\t\t\t<\/div>\n\t\t<\/div>\n\t\t\t\t<div class=\"elementor-column elementor-col-66 elementor-top-column elementor-element elementor-element-12c1ac70\" data-id=\"12c1ac70\" data-element_type=\"column\" data-e-type=\"column\">\n\t\t\t<div class=\"elementor-widget-wrap elementor-element-populated\">\n\t\t\t\t\t\t<div class=\"elementor-element elementor-element-23e97a0 elementor-widget elementor-widget-text-editor\" data-id=\"23e97a0\" data-element_type=\"widget\" data-e-type=\"widget\" data-widget_type=\"text-editor.default\">\n\t\t\t\t<div class=\"elementor-widget-container\">\n\t\t\t\t\t\t\t\t\t<p>The aim of this optional course is to enable you to master the basic concepts of geochemistry and radioactive nuclide dating.<\/p>\t\t\t\t\t\t\t\t<\/div>\n\t\t\t\t<\/div>\n\t\t\t\t<div class=\"elementor-element elementor-element-71908d2d elementor-widget elementor-widget-image\" data-id=\"71908d2d\" data-element_type=\"widget\" data-e-type=\"widget\" data-widget_type=\"image.default\">\n\t\t\t\t<div class=\"elementor-widget-container\">\n\t\t\t\t\t\t\t\t\t\t\t\t<figure class=\"wp-caption\">\n\t\t\t\t\t\t\t\t\t\t<img decoding=\"async\" width=\"1024\" height=\"208\" src=\"https:\/\/lyongeologie.fr\/wp-content\/uploads\/2022\/02\/L3G_Geoch-1024x208.png\" class=\"attachment-large size-large wp-image-5105\" alt=\"\" srcset=\"https:\/\/lyongeologie.fr\/wp-content\/uploads\/2022\/02\/L3G_Geoch-1024x208.png 1024w, https:\/\/lyongeologie.fr\/wp-content\/uploads\/2022\/02\/L3G_Geoch-300x61.png 300w, https:\/\/lyongeologie.fr\/wp-content\/uploads\/2022\/02\/L3G_Geoch-768x156.png 768w, https:\/\/lyongeologie.fr\/wp-content\/uploads\/2022\/02\/L3G_Geoch-1536x311.png 1536w, https:\/\/lyongeologie.fr\/wp-content\/uploads\/2022\/02\/L3G_Geoch.png 1648w\" sizes=\"(max-width: 1024px) 100vw, 1024px\" \/>\t\t\t\t\t\t\t\t\t\t\t<figcaption class=\"widget-image-caption wp-caption-text\"><\/figcaption>\n\t\t\t\t\t\t\t\t\t\t<\/figure>\n\t\t\t\t\t\t\t\t\t<\/div>\n\t\t\t\t<\/div>\n\t\t\t\t<div class=\"elementor-element elementor-element-7ac05b6 elementor-widget elementor-widget-text-editor\" data-id=\"7ac05b6\" data-element_type=\"widget\" data-e-type=\"widget\" data-widget_type=\"text-editor.default\">\n\t\t\t\t<div class=\"elementor-widget-container\">\n\t\t\t\t\t\t\t\t\t<p><b data-stringify-type=\"bold\">Contents:<\/b><\/p><ul><li style=\"list-style-type: none;\"><ul><li><b data-stringify-type=\"bold\">Elemental geochemistry - Stable isotope geochemistry <\/b>(Element properties. Classifications. Mass balances and elemental fractionations in phase changes. Isotopic fractionations and use of stable isotopes)<\/li><li><b data-stringify-type=\"bold\">Radioactive isotope geochemistry \/ Geochronology<\/b> (Chronometers: rich and poor systems)<\/li><\/ul><\/li><\/ul>\t\t\t\t\t\t\t\t<\/div>\n\t\t\t\t<\/div>\n\t\t\t\t\t<\/div>\n\t\t<\/div>\n\t\t\t\t\t<\/div>\n\t\t<\/section>\n\t\t\t\t<section class=\"elementor-section elementor-top-section elementor-element elementor-element-37008920 elementor-section-boxed elementor-section-height-default elementor-section-height-default\" data-id=\"37008920\" data-element_type=\"section\" data-e-type=\"section\">\n\t\t\t\t\t\t<div class=\"elementor-container elementor-column-gap-default\">\n\t\t\t\t\t<div class=\"elementor-column elementor-col-100 elementor-top-column elementor-element elementor-element-751cbf9b\" data-id=\"751cbf9b\" data-element_type=\"column\" data-e-type=\"column\">\n\t\t\t<div class=\"elementor-widget-wrap\">\n\t\t\t\t\t\t\t<\/div>\n\t\t<\/div>\n\t\t\t\t\t<\/div>\n\t\t<\/section>\n\t\t\t\t<\/div>","protected":false},"excerpt":{"rendered":"<p>Introduction \u00e0 la g\u00e9ochimie Cr\u00e9dits : 3 ECTS Responsable : Matthieu AMOR Retour \u00e0 la liste des UEs Cette UE optionnelle a pour objectif de vous apprendre \u00e0 ma\u00eetriser des concepts de base de la g\u00e9ochimie et de la datation par les nucl\u00e9ides radioactifs. Contenu: G\u00e9ochimie \u00e9l\u00e9mentaire \u2013 G\u00e9ochimie des isotopes stables (Propri\u00e9t\u00e9s des \u00e9l\u00e9ments. [&hellip;]<\/p>\n","protected":false},"author":5,"featured_media":0,"parent":489,"menu_order":0,"comment_status":"closed","ping_status":"closed","template":"","meta":{"site-sidebar-layout":"no-sidebar","site-content-layout":"page-builder","ast-site-content-layout":"default","site-content-style":"default","site-sidebar-style":"default","ast-global-header-display":"","ast-banner-title-visibility":"","ast-main-header-display":"","ast-hfb-above-header-display":"","ast-hfb-below-header-display":"","ast-hfb-mobile-header-display":"","site-post-title":"disabled","ast-breadcrumbs-content":"","ast-featured-img":"disabled","footer-sml-layout":"","ast-disable-related-posts":"","theme-transparent-header-meta":"","adv-header-id-meta":"","stick-header-meta":"","header-above-stick-meta":"","header-main-stick-meta":"","header-below-stick-meta":"","astra-migrate-meta-layouts":"default","ast-page-background-enabled":"default","ast-page-background-meta":{"desktop":{"background-color":"var(--ast-global-color-4)","background-image":"","background-repeat":"repeat","background-position":"center center","background-size":"auto","background-attachment":"scroll","background-type":"","background-media":"","overlay-type":"","overlay-color":"","overlay-opacity":"","overlay-gradient":""},"tablet":{"background-color":"","background-image":"","background-repeat":"repeat","background-position":"center center","background-size":"auto","background-attachment":"scroll","background-type":"","background-media":"","overlay-type":"","overlay-color":"","overlay-opacity":"","overlay-gradient":""},"mobile":{"background-color":"","background-image":"","background-repeat":"repeat","background-position":"center center","background-size":"auto","background-attachment":"scroll","background-type":"","background-media":"","overlay-type":"","overlay-color":"","overlay-opacity":"","overlay-gradient":""}},"ast-content-background-meta":{"desktop":{"background-color":"var(--ast-global-color-5)","background-image":"","background-repeat":"repeat","background-position":"center center","background-size":"auto","background-attachment":"scroll","background-type":"","background-media":"","overlay-type":"","overlay-color":"","overlay-opacity":"","overlay-gradient":""},"tablet":{"background-color":"var(--ast-global-color-5)","background-image":"","background-repeat":"repeat","background-position":"center center","background-size":"auto","background-attachment":"scroll","background-type":"","background-media":"","overlay-type":"","overlay-color":"","overlay-opacity":"","overlay-gradient":""},"mobile":{"background-color":"var(--ast-global-color-5)","background-image":"","background-repeat":"repeat","background-position":"center center","background-size":"auto","background-attachment":"scroll","background-type":"","background-media":"","overlay-type":"","overlay-color":"","overlay-opacity":"","overlay-gradient":""}},"footnotes":""},"class_list":["post-4405","page","type-page","status-publish","hentry"],"_links":{"self":[{"href":"https:\/\/lyongeologie.fr\/en\/wp-json\/wp\/v2\/pages\/4405","targetHints":{"allow":["GET"]}}],"collection":[{"href":"https:\/\/lyongeologie.fr\/en\/wp-json\/wp\/v2\/pages"}],"about":[{"href":"https:\/\/lyongeologie.fr\/en\/wp-json\/wp\/v2\/types\/page"}],"author":[{"embeddable":true,"href":"https:\/\/lyongeologie.fr\/en\/wp-json\/wp\/v2\/users\/5"}],"replies":[{"embeddable":true,"href":"https:\/\/lyongeologie.fr\/en\/wp-json\/wp\/v2\/comments?post=4405"}],"version-history":[{"count":23,"href":"https:\/\/lyongeologie.fr\/en\/wp-json\/wp\/v2\/pages\/4405\/revisions"}],"predecessor-version":[{"id":17407,"href":"https:\/\/lyongeologie.fr\/en\/wp-json\/wp\/v2\/pages\/4405\/revisions\/17407"}],"up":[{"embeddable":true,"href":"https:\/\/lyongeologie.fr\/en\/wp-json\/wp\/v2\/pages\/489"}],"wp:attachment":[{"href":"https:\/\/lyongeologie.fr\/en\/wp-json\/wp\/v2\/media?parent=4405"}],"curies":[{"name":"wp","href":"https:\/\/api.w.org\/{rel}","templated":true}]}}