{"id":4391,"date":"2022-02-01T23:08:16","date_gmt":"2022-02-01T22:08:16","guid":{"rendered":"https:\/\/lyon-geologie.univ-lyon1.fr\/?page_id=4391"},"modified":"2023-01-27T10:09:44","modified_gmt":"2023-01-27T09:09:44","slug":"l3g-carto","status":"publish","type":"page","link":"https:\/\/lyongeologie.fr\/en\/l3-geosciences\/l3g-carto\/","title":{"rendered":"L3G Cartographie G\u00e9ologique : terrain et SIG"},"content":{"rendered":"<div data-elementor-type=\"wp-page\" data-elementor-id=\"4391\" class=\"elementor elementor-4391\">\n\t\t\t\t\t\t<section class=\"elementor-section elementor-top-section elementor-element elementor-element-643558d0 elementor-section-boxed elementor-section-height-default elementor-section-height-default\" data-id=\"643558d0\" data-element_type=\"section\" data-e-type=\"section\">\n\t\t\t\t\t\t<div class=\"elementor-container elementor-column-gap-default\">\n\t\t\t\t\t<div class=\"elementor-column elementor-col-100 elementor-top-column elementor-element elementor-element-677d5d6e\" data-id=\"677d5d6e\" data-element_type=\"column\" data-e-type=\"column\">\n\t\t\t<div class=\"elementor-widget-wrap elementor-element-populated\">\n\t\t\t\t\t\t<div class=\"elementor-element elementor-element-7d142511 elementor-widget elementor-widget-text-editor\" data-id=\"7d142511\" data-element_type=\"widget\" data-e-type=\"widget\" data-widget_type=\"text-editor.default\">\n\t\t\t\t<div class=\"elementor-widget-container\">\n\t\t\t\t\t\t\t\t\t<h2><strong>Cartographie G\u00e9ologique : terrain et SIG<\/strong><\/h2>\t\t\t\t\t\t\t\t<\/div>\n\t\t\t\t<\/div>\n\t\t\t\t\t<\/div>\n\t\t<\/div>\n\t\t\t\t\t<\/div>\n\t\t<\/section>\n\t\t\t\t<section class=\"elementor-section elementor-top-section elementor-element elementor-element-5793f4b7 elementor-section-boxed elementor-section-height-default elementor-section-height-default\" data-id=\"5793f4b7\" data-element_type=\"section\" data-e-type=\"section\">\n\t\t\t\t\t\t<div class=\"elementor-container elementor-column-gap-default\">\n\t\t\t\t\t<div class=\"elementor-column elementor-col-33 elementor-top-column elementor-element elementor-element-30e19bbb\" data-id=\"30e19bbb\" data-element_type=\"column\" data-e-type=\"column\">\n\t\t\t<div class=\"elementor-widget-wrap elementor-element-populated\">\n\t\t\t\t\t\t<div class=\"elementor-element elementor-element-62e40e6a elementor-widget elementor-widget-text-editor\" data-id=\"62e40e6a\" data-element_type=\"widget\" data-e-type=\"widget\" data-widget_type=\"text-editor.default\">\n\t\t\t\t<div class=\"elementor-widget-container\">\n\t\t\t\t\t\t\t\t\t<p><em>Cr\u00e9dits : 6 ECTS<\/em><\/p><p><em>Contact <a href=\"mailto:antoine.triantafyllou@univ-lyon1.fr\">Antoine TRIANTAFYLLOU<\/a> and <a href=\"mailto:samuel.angiboust@ens-lyon.fr\">Samuel ANGIBOUST<\/a><br \/><\/em><\/p>\t\t\t\t\t\t\t\t<\/div>\n\t\t\t\t<\/div>\n\t\t\t\t<div class=\"elementor-element elementor-element-3d8f429 elementor-widget elementor-widget-image\" data-id=\"3d8f429\" data-element_type=\"widget\" data-e-type=\"widget\" data-widget_type=\"image.default\">\n\t\t\t\t<div class=\"elementor-widget-container\">\n\t\t\t\t\t\t\t\t\t\t\t\t\t\t\t<img decoding=\"async\" width=\"150\" height=\"150\" src=\"https:\/\/lyongeologie.fr\/wp-content\/uploads\/2022\/02\/Antoine-Triantafyllou.png\" class=\"attachment-large size-large wp-image-9189\" alt=\"\" \/>\t\t\t\t\t\t\t\t\t\t\t\t\t\t\t<\/div>\n\t\t\t\t<\/div>\n\t\t\t\t<div class=\"elementor-element elementor-element-ce7aa20 elementor-widget elementor-widget-image\" data-id=\"ce7aa20\" data-element_type=\"widget\" data-e-type=\"widget\" data-widget_type=\"image.default\">\n\t\t\t\t<div class=\"elementor-widget-container\">\n\t\t\t\t\t\t\t\t\t\t\t\t\t\t\t<img decoding=\"async\" width=\"150\" height=\"150\" src=\"https:\/\/lyongeologie.fr\/wp-content\/uploads\/2022\/02\/samuel_angiboust.png\" class=\"attachment-large size-large wp-image-8917\" alt=\"\" \/>\t\t\t\t\t\t\t\t\t\t\t\t\t\t\t<\/div>\n\t\t\t\t<\/div>\n\t\t\t\t<div class=\"elementor-element elementor-element-ebf7bb6 elementor-align-center elementor-widget elementor-widget-button\" data-id=\"ebf7bb6\" data-element_type=\"widget\" data-e-type=\"widget\" data-widget_type=\"button.default\">\n\t\t\t\t<div class=\"elementor-widget-container\">\n\t\t\t\t\t\t\t\t\t<div class=\"elementor-button-wrapper\">\n\t\t\t\t\t<a class=\"elementor-button elementor-button-link elementor-size-sm\" href=\"https:\/\/lyon-geologie.univ-lyon1.fr\/l3-geosciences\/#l3_tc\">\n\t\t\t\t\t\t<span class=\"elementor-button-content-wrapper\">\n\t\t\t\t\t\t\t\t\t<span class=\"elementor-button-text\">Back to the previous page<\/span>\n\t\t\t\t\t<\/span>\n\t\t\t\t\t<\/a>\n\t\t\t\t<\/div>\n\t\t\t\t\t\t\t\t<\/div>\n\t\t\t\t<\/div>\n\t\t\t\t\t<\/div>\n\t\t<\/div>\n\t\t\t\t<div class=\"elementor-column elementor-col-66 elementor-top-column elementor-element elementor-element-2a924ab1\" data-id=\"2a924ab1\" data-element_type=\"column\" data-e-type=\"column\">\n\t\t\t<div class=\"elementor-widget-wrap elementor-element-populated\">\n\t\t\t\t\t\t<div class=\"elementor-element elementor-element-340ab761 elementor-widget elementor-widget-text-editor\" data-id=\"340ab761\" data-element_type=\"widget\" data-e-type=\"widget\" data-widget_type=\"text-editor.default\">\n\t\t\t\t<div class=\"elementor-widget-container\">\n\t\t\t\t\t\t\t\t\t<p>Cette UE comporte deux volets intimement li\u00e9s:<\/p><p>Le premier volet vous initiera aux bases de la cartographie num\u00e9rique et des Syst\u00e8mes d\u2019Information G\u00e9ographiques (SIG). Vous apprendrez \u00e0 manipuler, analyser et mettre en forme des donn\u00e9es spatiales, depuis vos propres donn\u00e9es de terrain aux images satellitaires et topographiques.<\/p><p>Le deuxi\u00e8me volet vous emm\u00e8ne sur le terrain \u00e0 Barles en terrain s\u00e9dimentaire tectonis\u00e9\u00a0 pendant une petite semaine. Cette exp\u00e9rience unique vous permettra d\u2019acqu\u00e9rir, sur le terrain, les m\u00e9thodes d\u2019utilisation des outils (traditionnels et modernes) et pratiques de terrain: reconnaissance de lithologies, savoir d\u00e9crire un faci\u00e8s et ses variations, appr\u00e9hender la structure et la g\u00e9om\u00e9trie des massifs, faire et compl\u00e9ter une minute de terrain, prise de notes de terrain, manipulation de boussole, notions d\u2019\u00e9chelle, utilisation de GPS, de tablette, rep\u00e9rage cartographique etc. Le but ultime sera de construire une carte et une coupe g\u00e9ologique \u00e0 partir des donn\u00e9es de terrain et de votre projet SIG et de r\u00e9aliser une notice de carte: description des faci\u00e8s, coupe g\u00e9ologique, log lithostratigraphique, sch\u00e9ma structural, contextualisation des observations dans le contexte s\u00e9dimentologique et g\u00e9odynamique r\u00e9gional.<\/p>\t\t\t\t\t\t\t\t<\/div>\n\t\t\t\t<\/div>\n\t\t\t\t<div class=\"elementor-element elementor-element-3a7cecd elementor-widget elementor-widget-image\" data-id=\"3a7cecd\" data-element_type=\"widget\" data-e-type=\"widget\" data-widget_type=\"image.default\">\n\t\t\t\t<div class=\"elementor-widget-container\">\n\t\t\t\t\t\t\t\t\t\t\t\t\t\t\t<img fetchpriority=\"high\" decoding=\"async\" width=\"941\" height=\"412\" src=\"https:\/\/lyongeologie.fr\/wp-content\/uploads\/2022\/02\/Picture-1-1.png\" class=\"attachment-large size-large wp-image-4397\" alt=\"\" srcset=\"https:\/\/lyongeologie.fr\/wp-content\/uploads\/2022\/02\/Picture-1-1.png 941w, https:\/\/lyongeologie.fr\/wp-content\/uploads\/2022\/02\/Picture-1-1-300x131.png 300w, https:\/\/lyongeologie.fr\/wp-content\/uploads\/2022\/02\/Picture-1-1-768x336.png 768w\" sizes=\"(max-width: 941px) 100vw, 941px\" \/>\t\t\t\t\t\t\t\t\t\t\t\t\t\t\t<\/div>\n\t\t\t\t<\/div>\n\t\t\t\t\t<\/div>\n\t\t<\/div>\n\t\t\t\t\t<\/div>\n\t\t<\/section>\n\t\t\t\t<\/div>","protected":false},"excerpt":{"rendered":"<p>Cartographie G\u00e9ologique : terrain et SIG Cr\u00e9dits : 6 ECTS Responsables : Antoine TRIANTAFYLLOU et Samuel ANGIBOUST Retour \u00e0 la liste des UEs Cette UE comporte deux volets intimement li\u00e9s: Le premier volet vous initiera aux bases de la cartographie num\u00e9rique et des Syst\u00e8mes d\u2019Information G\u00e9ographiques (SIG). Vous apprendrez \u00e0 manipuler, analyser et mettre en [&hellip;]<\/p>\n","protected":false},"author":5,"featured_media":0,"parent":489,"menu_order":0,"comment_status":"closed","ping_status":"closed","template":"","meta":{"site-sidebar-layout":"no-sidebar","site-content-layout":"page-builder","ast-site-content-layout":"default","site-content-style":"default","site-sidebar-style":"default","ast-global-header-display":"","ast-banner-title-visibility":"","ast-main-header-display":"","ast-hfb-above-header-display":"","ast-hfb-below-header-display":"","ast-hfb-mobile-header-display":"","site-post-title":"disabled","ast-breadcrumbs-content":"","ast-featured-img":"disabled","footer-sml-layout":"","ast-disable-related-posts":"","theme-transparent-header-meta":"","adv-header-id-meta":"","stick-header-meta":"","header-above-stick-meta":"","header-main-stick-meta":"","header-below-stick-meta":"","astra-migrate-meta-layouts":"default","ast-page-background-enabled":"default","ast-page-background-meta":{"desktop":{"background-color":"var(--ast-global-color-4)","background-image":"","background-repeat":"repeat","background-position":"center center","background-size":"auto","background-attachment":"scroll","background-type":"","background-media":"","overlay-type":"","overlay-color":"","overlay-opacity":"","overlay-gradient":""},"tablet":{"background-color":"","background-image":"","background-repeat":"repeat","background-position":"center center","background-size":"auto","background-attachment":"scroll","background-type":"","background-media":"","overlay-type":"","overlay-color":"","overlay-opacity":"","overlay-gradient":""},"mobile":{"background-color":"","background-image":"","background-repeat":"repeat","background-position":"center center","background-size":"auto","background-attachment":"scroll","background-type":"","background-media":"","overlay-type":"","overlay-color":"","overlay-opacity":"","overlay-gradient":""}},"ast-content-background-meta":{"desktop":{"background-color":"var(--ast-global-color-5)","background-image":"","background-repeat":"repeat","background-position":"center center","background-size":"auto","background-attachment":"scroll","background-type":"","background-media":"","overlay-type":"","overlay-color":"","overlay-opacity":"","overlay-gradient":""},"tablet":{"background-color":"var(--ast-global-color-5)","background-image":"","background-repeat":"repeat","background-position":"center center","background-size":"auto","background-attachment":"scroll","background-type":"","background-media":"","overlay-type":"","overlay-color":"","overlay-opacity":"","overlay-gradient":""},"mobile":{"background-color":"var(--ast-global-color-5)","background-image":"","background-repeat":"repeat","background-position":"center center","background-size":"auto","background-attachment":"scroll","background-type":"","background-media":"","overlay-type":"","overlay-color":"","overlay-opacity":"","overlay-gradient":""}},"footnotes":""},"class_list":["post-4391","page","type-page","status-publish","hentry"],"_links":{"self":[{"href":"https:\/\/lyongeologie.fr\/en\/wp-json\/wp\/v2\/pages\/4391","targetHints":{"allow":["GET"]}}],"collection":[{"href":"https:\/\/lyongeologie.fr\/en\/wp-json\/wp\/v2\/pages"}],"about":[{"href":"https:\/\/lyongeologie.fr\/en\/wp-json\/wp\/v2\/types\/page"}],"author":[{"embeddable":true,"href":"https:\/\/lyongeologie.fr\/en\/wp-json\/wp\/v2\/users\/5"}],"replies":[{"embeddable":true,"href":"https:\/\/lyongeologie.fr\/en\/wp-json\/wp\/v2\/comments?post=4391"}],"version-history":[{"count":26,"href":"https:\/\/lyongeologie.fr\/en\/wp-json\/wp\/v2\/pages\/4391\/revisions"}],"predecessor-version":[{"id":16501,"href":"https:\/\/lyongeologie.fr\/en\/wp-json\/wp\/v2\/pages\/4391\/revisions\/16501"}],"up":[{"embeddable":true,"href":"https:\/\/lyongeologie.fr\/en\/wp-json\/wp\/v2\/pages\/489"}],"wp:attachment":[{"href":"https:\/\/lyongeologie.fr\/en\/wp-json\/wp\/v2\/media?parent=4391"}],"curies":[{"name":"wp","href":"https:\/\/api.w.org\/{rel}","templated":true}]}}