{"id":4377,"date":"2022-02-01T23:02:46","date_gmt":"2022-02-01T22:02:46","guid":{"rendered":"https:\/\/lyon-geologie.univ-lyon1.fr\/?page_id=4377"},"modified":"2023-01-27T10:09:57","modified_gmt":"2023-01-27T09:09:57","slug":"l3g_6terrain_sedim","status":"publish","type":"page","link":"https:\/\/lyongeologie.fr\/en\/l3-geosciences\/l3g_6terrain_sedim\/","title":{"rendered":"L3G Ecole de terrain: S\u00e9dimentologie"},"content":{"rendered":"<div data-elementor-type=\"wp-page\" data-elementor-id=\"4377\" class=\"elementor elementor-4377\">\n\t\t\t\t\t\t<section class=\"elementor-section elementor-top-section elementor-element elementor-element-4e7eb84d elementor-section-boxed elementor-section-height-default elementor-section-height-default\" data-id=\"4e7eb84d\" data-element_type=\"section\" data-e-type=\"section\">\n\t\t\t\t\t\t<div class=\"elementor-container elementor-column-gap-default\">\n\t\t\t\t\t<div class=\"elementor-column elementor-col-100 elementor-top-column elementor-element elementor-element-bacb319\" data-id=\"bacb319\" data-element_type=\"column\" data-e-type=\"column\">\n\t\t\t<div class=\"elementor-widget-wrap elementor-element-populated\">\n\t\t\t\t\t\t<div class=\"elementor-element elementor-element-6a5e4bee elementor-widget elementor-widget-text-editor\" data-id=\"6a5e4bee\" data-element_type=\"widget\" data-e-type=\"widget\" data-widget_type=\"text-editor.default\">\n\t\t\t\t<div class=\"elementor-widget-container\">\n\t\t\t\t\t\t\t\t\t<h2><strong>\u00c9cole de terrain :\u00a0<\/strong><strong> S\u00e9dimentologie<\/strong><\/h2>\t\t\t\t\t\t\t\t<\/div>\n\t\t\t\t<\/div>\n\t\t\t\t\t<\/div>\n\t\t<\/div>\n\t\t\t\t\t<\/div>\n\t\t<\/section>\n\t\t\t\t<section class=\"elementor-section elementor-top-section elementor-element elementor-element-2421fb24 elementor-section-boxed elementor-section-height-default elementor-section-height-default\" data-id=\"2421fb24\" data-element_type=\"section\" data-e-type=\"section\">\n\t\t\t\t\t\t<div class=\"elementor-container elementor-column-gap-default\">\n\t\t\t\t\t<div class=\"elementor-column elementor-col-33 elementor-top-column elementor-element elementor-element-30a0f4a9\" data-id=\"30a0f4a9\" data-element_type=\"column\" data-e-type=\"column\">\n\t\t\t<div class=\"elementor-widget-wrap elementor-element-populated\">\n\t\t\t\t\t\t<div class=\"elementor-element elementor-element-aa450c1 elementor-widget elementor-widget-text-editor\" data-id=\"aa450c1\" data-element_type=\"widget\" data-e-type=\"widget\" data-widget_type=\"text-editor.default\">\n\t\t\t\t<div class=\"elementor-widget-container\">\n\t\t\t\t\t\t\t\t\t<p style=\"text-align: center;\"><em>3 Credits<\/em><\/p><p style=\"text-align: center;\"><em>Contact: <a href=\"mailto:philippe.sorrel@univ-lyon1.fr\">Philippe SORREL<\/a><br \/><\/em><\/p>\t\t\t\t\t\t\t\t<\/div>\n\t\t\t\t<\/div>\n\t\t\t\t<div class=\"elementor-element elementor-element-850c384 elementor-widget elementor-widget-image\" data-id=\"850c384\" data-element_type=\"widget\" data-e-type=\"widget\" data-widget_type=\"image.default\">\n\t\t\t\t<div class=\"elementor-widget-container\">\n\t\t\t\t\t\t\t\t\t\t\t\t\t\t\t<img decoding=\"async\" width=\"150\" height=\"150\" src=\"https:\/\/lyongeologie.fr\/wp-content\/uploads\/2022\/02\/philippe_sorrel-150x150.png\" class=\"attachment-thumbnail size-thumbnail wp-image-8913\" alt=\"\" srcset=\"https:\/\/lyongeologie.fr\/wp-content\/uploads\/2022\/02\/philippe_sorrel-150x150.png 150w, https:\/\/lyongeologie.fr\/wp-content\/uploads\/2022\/02\/philippe_sorrel-300x300.png 300w, https:\/\/lyongeologie.fr\/wp-content\/uploads\/2022\/02\/philippe_sorrel-1024x1024.png 1024w, https:\/\/lyongeologie.fr\/wp-content\/uploads\/2022\/02\/philippe_sorrel-768x767.png 768w, https:\/\/lyongeologie.fr\/wp-content\/uploads\/2022\/02\/philippe_sorrel.png 1030w\" sizes=\"(max-width: 150px) 100vw, 150px\" \/>\t\t\t\t\t\t\t\t\t\t\t\t\t\t\t<\/div>\n\t\t\t\t<\/div>\n\t\t\t\t<div class=\"elementor-element elementor-element-3e44c443 elementor-align-center elementor-widget elementor-widget-button\" data-id=\"3e44c443\" data-element_type=\"widget\" data-e-type=\"widget\" data-widget_type=\"button.default\">\n\t\t\t\t<div class=\"elementor-widget-container\">\n\t\t\t\t\t\t\t\t\t<div class=\"elementor-button-wrapper\">\n\t\t\t\t\t<a class=\"elementor-button elementor-button-link elementor-size-sm\" href=\"https:\/\/lyon-geologie.univ-lyon1.fr\/l3-geosciences\/#l3_tc\">\n\t\t\t\t\t\t<span class=\"elementor-button-content-wrapper\">\n\t\t\t\t\t\t\t\t\t<span class=\"elementor-button-text\">Back to the previous page<\/span>\n\t\t\t\t\t<\/span>\n\t\t\t\t\t<\/a>\n\t\t\t\t<\/div>\n\t\t\t\t\t\t\t\t<\/div>\n\t\t\t\t<\/div>\n\t\t\t\t\t<\/div>\n\t\t<\/div>\n\t\t\t\t<div class=\"elementor-column elementor-col-66 elementor-top-column elementor-element elementor-element-211819e3\" data-id=\"211819e3\" data-element_type=\"column\" data-e-type=\"column\">\n\t\t\t<div class=\"elementor-widget-wrap elementor-element-populated\">\n\t\t\t\t\t\t<div class=\"elementor-element elementor-element-7e1f0806 elementor-widget elementor-widget-text-editor\" data-id=\"7e1f0806\" data-element_type=\"widget\" data-e-type=\"widget\" data-widget_type=\"text-editor.default\">\n\t\t\t\t<div class=\"elementor-widget-container\">\n\t\t\t\t\t\t\t\t\t<p>Ce terrain de s\u00e9dimentologie repr\u00e9sente l\u2019opportunit\u00e9 unique d\u2019analyser et de reconstituer l\u2019\u00e9volution d\u2019un paysage s\u00e9dimentaire en int\u00e9grant des <strong>observations \u00e0 diff\u00e9rentes \u00e9chelles<\/strong> : <strong>\u00e0 l\u2019\u00e9chelle de l\u2019affleurement<\/strong> (r\u00e9alisation de coupes\/logs, observation de faci\u00e8s de d\u00e9p\u00f4t \u00e0 la loupe) <strong>jusqu\u2019\u00e0 l\u2019\u00e9chelle kilom\u00e9trique<\/strong> (via la r\u00e9alisation de panoramas choisis). Ce <strong>stage de terrain tr\u00e8s formateur<\/strong> (analyse de microfaci\u00e8s, structures et g\u00e9om\u00e9tries de d\u00e9p\u00f4t, organisation spatiale des d\u00e9p\u00f4ts, interpr\u00e9tation de paysages) vise \u00e0 <strong>reconstruire l\u2019\u00e9volution spatiale et temporelle d\u2019un syst\u00e8me de d\u00e9p\u00f4t<\/strong> \u00e0 l&rsquo;interface mer-continent, et de discuter de cette \u00e9volution en termes d\u2019\u00e9volution de pal\u00e9og\u00e9ographie.<\/p><p>Ce stage de terrain se d\u00e9roule sur <strong>5 jours<\/strong> pendant lesquels panoramas et coupes s\u00e9ri\u00e9es choisis seront r\u00e9alis\u00e9s dans les calcaires nummulitiques du synclinal de Blieux (Alpes-de-Haute-Provence). Ces donn\u00e9es de terrain seront interpr\u00e9t\u00e9es en termes d\u2019\u00e9volution verticale des environnements de d\u00e9p\u00f4t, puis corr\u00e9l\u00e9es entre elles en s\u2019appuyant sur l\u2019observation \u00e0 grande \u00e9chelle des g\u00e9om\u00e9tries visibles en panorama.<\/p>\t\t\t\t\t\t\t\t<\/div>\n\t\t\t\t<\/div>\n\t\t\t\t<div class=\"elementor-element elementor-element-24b91e11 elementor-widget elementor-widget-image\" data-id=\"24b91e11\" data-element_type=\"widget\" data-e-type=\"widget\" data-widget_type=\"image.default\">\n\t\t\t\t<div class=\"elementor-widget-container\">\n\t\t\t\t\t\t\t\t\t\t\t\t<figure class=\"wp-caption\">\n\t\t\t\t\t\t\t\t\t\t<img fetchpriority=\"high\" decoding=\"async\" width=\"941\" height=\"252\" src=\"https:\/\/lyongeologie.fr\/wp-content\/uploads\/2022\/02\/Picture-1.png\" class=\"attachment-large size-large wp-image-4383\" alt=\"\" srcset=\"https:\/\/lyongeologie.fr\/wp-content\/uploads\/2022\/02\/Picture-1.png 941w, https:\/\/lyongeologie.fr\/wp-content\/uploads\/2022\/02\/Picture-1-300x80.png 300w, https:\/\/lyongeologie.fr\/wp-content\/uploads\/2022\/02\/Picture-1-768x206.png 768w\" sizes=\"(max-width: 941px) 100vw, 941px\" \/>\t\t\t\t\t\t\t\t\t\t\t<figcaption class=\"widget-image-caption wp-caption-text\"><small><i>Exemple de panorama \u00e9tudi\u00e9 lors de la semaine de terrain \u00e0 Blieux (04).<\/small><\/i><\/figcaption>\n\t\t\t\t\t\t\t\t\t\t<\/figure>\n\t\t\t\t\t\t\t\t\t<\/div>\n\t\t\t\t<\/div>\n\t\t\t\t\t<\/div>\n\t\t<\/div>\n\t\t\t\t\t<\/div>\n\t\t<\/section>\n\t\t\t\t<\/div>","protected":false},"excerpt":{"rendered":"<p>\u00c9cole de terrain :\u00a0 S\u00e9dimentologie Cr\u00e9dits : 3 ECTS Responsable : Philippe SORREL Retour \u00e0 la liste des UEs Ce terrain de s\u00e9dimentologie repr\u00e9sente l\u2019opportunit\u00e9 unique d\u2019analyser et de reconstituer l\u2019\u00e9volution d\u2019un paysage s\u00e9dimentaire en int\u00e9grant des observations \u00e0 diff\u00e9rentes \u00e9chelles : \u00e0 l\u2019\u00e9chelle de l\u2019affleurement (r\u00e9alisation de coupes\/logs, observation de faci\u00e8s de d\u00e9p\u00f4t \u00e0 [&hellip;]<\/p>\n","protected":false},"author":5,"featured_media":0,"parent":489,"menu_order":0,"comment_status":"closed","ping_status":"closed","template":"","meta":{"site-sidebar-layout":"no-sidebar","site-content-layout":"page-builder","ast-site-content-layout":"default","site-content-style":"default","site-sidebar-style":"default","ast-global-header-display":"","ast-banner-title-visibility":"","ast-main-header-display":"","ast-hfb-above-header-display":"","ast-hfb-below-header-display":"","ast-hfb-mobile-header-display":"","site-post-title":"disabled","ast-breadcrumbs-content":"","ast-featured-img":"disabled","footer-sml-layout":"","ast-disable-related-posts":"","theme-transparent-header-meta":"","adv-header-id-meta":"","stick-header-meta":"","header-above-stick-meta":"","header-main-stick-meta":"","header-below-stick-meta":"","astra-migrate-meta-layouts":"default","ast-page-background-enabled":"default","ast-page-background-meta":{"desktop":{"background-color":"var(--ast-global-color-4)","background-image":"","background-repeat":"repeat","background-position":"center center","background-size":"auto","background-attachment":"scroll","background-type":"","background-media":"","overlay-type":"","overlay-color":"","overlay-opacity":"","overlay-gradient":""},"tablet":{"background-color":"","background-image":"","background-repeat":"repeat","background-position":"center center","background-size":"auto","background-attachment":"scroll","background-type":"","background-media":"","overlay-type":"","overlay-color":"","overlay-opacity":"","overlay-gradient":""},"mobile":{"background-color":"","background-image":"","background-repeat":"repeat","background-position":"center center","background-size":"auto","background-attachment":"scroll","background-type":"","background-media":"","overlay-type":"","overlay-color":"","overlay-opacity":"","overlay-gradient":""}},"ast-content-background-meta":{"desktop":{"background-color":"var(--ast-global-color-5)","background-image":"","background-repeat":"repeat","background-position":"center center","background-size":"auto","background-attachment":"scroll","background-type":"","background-media":"","overlay-type":"","overlay-color":"","overlay-opacity":"","overlay-gradient":""},"tablet":{"background-color":"var(--ast-global-color-5)","background-image":"","background-repeat":"repeat","background-position":"center center","background-size":"auto","background-attachment":"scroll","background-type":"","background-media":"","overlay-type":"","overlay-color":"","overlay-opacity":"","overlay-gradient":""},"mobile":{"background-color":"var(--ast-global-color-5)","background-image":"","background-repeat":"repeat","background-position":"center center","background-size":"auto","background-attachment":"scroll","background-type":"","background-media":"","overlay-type":"","overlay-color":"","overlay-opacity":"","overlay-gradient":""}},"footnotes":""},"class_list":["post-4377","page","type-page","status-publish","hentry"],"_links":{"self":[{"href":"https:\/\/lyongeologie.fr\/en\/wp-json\/wp\/v2\/pages\/4377","targetHints":{"allow":["GET"]}}],"collection":[{"href":"https:\/\/lyongeologie.fr\/en\/wp-json\/wp\/v2\/pages"}],"about":[{"href":"https:\/\/lyongeologie.fr\/en\/wp-json\/wp\/v2\/types\/page"}],"author":[{"embeddable":true,"href":"https:\/\/lyongeologie.fr\/en\/wp-json\/wp\/v2\/users\/5"}],"replies":[{"embeddable":true,"href":"https:\/\/lyongeologie.fr\/en\/wp-json\/wp\/v2\/comments?post=4377"}],"version-history":[{"count":33,"href":"https:\/\/lyongeologie.fr\/en\/wp-json\/wp\/v2\/pages\/4377\/revisions"}],"predecessor-version":[{"id":16503,"href":"https:\/\/lyongeologie.fr\/en\/wp-json\/wp\/v2\/pages\/4377\/revisions\/16503"}],"up":[{"embeddable":true,"href":"https:\/\/lyongeologie.fr\/en\/wp-json\/wp\/v2\/pages\/489"}],"wp:attachment":[{"href":"https:\/\/lyongeologie.fr\/en\/wp-json\/wp\/v2\/media?parent=4377"}],"curies":[{"name":"wp","href":"https:\/\/api.w.org\/{rel}","templated":true}]}}