{"id":4139,"date":"2022-02-01T21:58:59","date_gmt":"2022-02-01T20:58:59","guid":{"rendered":"https:\/\/lyon-geologie.univ-lyon1.fr\/?page_id=4139"},"modified":"2025-04-11T16:58:29","modified_gmt":"2025-04-11T14:58:29","slug":"l3m-regl","status":"publish","type":"page","link":"https:\/\/lyongeologie.fr\/en\/l3-mag\/l3m-regl\/","title":{"rendered":"L3 GEONAT Environnement et Soci\u00e9t\u00e9"},"content":{"rendered":"<div data-elementor-type=\"wp-page\" data-elementor-id=\"4139\" class=\"elementor elementor-4139\">\n\t\t\t\t\t\t<section class=\"elementor-section elementor-top-section elementor-element elementor-element-a9966e elementor-section-boxed elementor-section-height-default elementor-section-height-default\" data-id=\"a9966e\" data-element_type=\"section\" data-e-type=\"section\">\n\t\t\t\t\t\t<div class=\"elementor-container elementor-column-gap-default\">\n\t\t\t\t\t<div class=\"elementor-column elementor-col-100 elementor-top-column elementor-element elementor-element-5ada00f3\" data-id=\"5ada00f3\" data-element_type=\"column\" data-e-type=\"column\">\n\t\t\t<div class=\"elementor-widget-wrap elementor-element-populated\">\n\t\t\t\t\t\t<div class=\"elementor-element elementor-element-7d93c104 elementor-widget elementor-widget-text-editor\" data-id=\"7d93c104\" data-element_type=\"widget\" data-e-type=\"widget\" data-widget_type=\"text-editor.default\">\n\t\t\t\t<div class=\"elementor-widget-container\">\n\t\t\t\t\t\t\t\t\t<h2>Environnement et Soci\u00e9t\u00e9<\/h2>\t\t\t\t\t\t\t\t<\/div>\n\t\t\t\t<\/div>\n\t\t\t\t\t<\/div>\n\t\t<\/div>\n\t\t\t\t\t<\/div>\n\t\t<\/section>\n\t\t\t\t<section class=\"elementor-section elementor-top-section elementor-element elementor-element-5b564afb elementor-section-boxed elementor-section-height-default elementor-section-height-default\" data-id=\"5b564afb\" data-element_type=\"section\" data-e-type=\"section\">\n\t\t\t\t\t\t<div class=\"elementor-container elementor-column-gap-default\">\n\t\t\t\t\t<div class=\"elementor-column elementor-col-33 elementor-top-column elementor-element elementor-element-5e84ff75\" data-id=\"5e84ff75\" data-element_type=\"column\" data-e-type=\"column\">\n\t\t\t<div class=\"elementor-widget-wrap elementor-element-populated\">\n\t\t\t\t\t\t<div class=\"elementor-element elementor-element-6b359775 elementor-widget elementor-widget-text-editor\" data-id=\"6b359775\" data-element_type=\"widget\" data-e-type=\"widget\" data-widget_type=\"text-editor.default\">\n\t\t\t\t<div class=\"elementor-widget-container\">\n\t\t\t\t\t\t\t\t\t<p style=\"text-align: center;\"><em>Credits: <\/em>6 ECTS<\/p><p><em>Contact: <a href=\"mailto:pascal.allemand@univ-lyon1.fr\">Pascal ALLEMAND<\/a><\/em><\/p>\t\t\t\t\t\t\t\t<\/div>\n\t\t\t\t<\/div>\n\t\t\t\t<div class=\"elementor-element elementor-element-06efbd1 elementor-widget elementor-widget-image\" data-id=\"06efbd1\" data-element_type=\"widget\" data-e-type=\"widget\" data-widget_type=\"image.default\">\n\t\t\t\t<div class=\"elementor-widget-container\">\n\t\t\t\t\t\t\t\t\t\t\t\t\t\t\t<img decoding=\"async\" width=\"150\" height=\"150\" src=\"https:\/\/lyongeologie.fr\/wp-content\/uploads\/2022\/02\/Pascal_Allemand-1.png\" class=\"attachment-large size-large wp-image-9777\" alt=\"\" \/>\t\t\t\t\t\t\t\t\t\t\t\t\t\t\t<\/div>\n\t\t\t\t<\/div>\n\t\t\t\t<div class=\"elementor-element elementor-element-3e08496a elementor-align-center elementor-widget elementor-widget-button\" data-id=\"3e08496a\" data-element_type=\"widget\" data-e-type=\"widget\" data-widget_type=\"button.default\">\n\t\t\t\t<div class=\"elementor-widget-container\">\n\t\t\t\t\t\t\t\t\t<div class=\"elementor-button-wrapper\">\n\t\t\t\t\t<a class=\"elementor-button elementor-button-link elementor-size-sm\" href=\"https:\/\/lyon-geologie.univ-lyon1.fr\/l3-mag\/#l3mag_tc\">\n\t\t\t\t\t\t<span class=\"elementor-button-content-wrapper\">\n\t\t\t\t\t\t\t\t\t<span class=\"elementor-button-text\">Back to the previous page<\/span>\n\t\t\t\t\t<\/span>\n\t\t\t\t\t<\/a>\n\t\t\t\t<\/div>\n\t\t\t\t\t\t\t\t<\/div>\n\t\t\t\t<\/div>\n\t\t\t\t\t<\/div>\n\t\t<\/div>\n\t\t\t\t<div class=\"elementor-column elementor-col-66 elementor-top-column elementor-element elementor-element-3f04a4ea\" data-id=\"3f04a4ea\" data-element_type=\"column\" data-e-type=\"column\">\n\t\t\t<div class=\"elementor-widget-wrap elementor-element-populated\">\n\t\t\t\t\t\t<div class=\"elementor-element elementor-element-507e62e5 elementor-widget elementor-widget-text-editor\" data-id=\"507e62e5\" data-element_type=\"widget\" data-e-type=\"widget\" data-widget_type=\"text-editor.default\">\n\t\t\t\t<div class=\"elementor-widget-container\">\n\t\t\t\t\t\t\t\t\t<p>L\u2019activit\u00e9 humaine doit se faire dans des conditions respectueuses de l\u2019environnement afin d\u2019assurer la durabilit\u00e9 de la soci\u00e9t\u00e9. Ces conditions sont d\u00e9finies dans un cadre scientifique qui permet leur traduction en r\u00e8glements ou en lois. L\u2019objectif principal de cette UE est de montrer sur quelques exemples les relations entre les sciences de l\u2019environnement et les r\u00e9glementations nationales et internationales pour la pr\u00e9servation de l\u2019environnement. Apr\u00e8s une initiation aux principes du droit, les \u00e9tudiants travaillent sur quelques grands th\u00e8mes du code de l\u2019environnement : eau, sol, air, d\u00e9chets, risques naturels et industriels, normes.<\/p>\t\t\t\t\t\t\t\t<\/div>\n\t\t\t\t<\/div>\n\t\t\t\t<div class=\"elementor-element elementor-element-3430b9ee elementor-widget elementor-widget-image\" data-id=\"3430b9ee\" data-element_type=\"widget\" data-e-type=\"widget\" data-widget_type=\"image.default\">\n\t\t\t\t<div class=\"elementor-widget-container\">\n\t\t\t\t\t\t\t\t\t\t\t\t\t\t\t<img fetchpriority=\"high\" decoding=\"async\" width=\"1024\" height=\"476\" src=\"https:\/\/lyongeologie.fr\/wp-content\/uploads\/2022\/02\/l3m_regl-1024x476.jpg\" class=\"attachment-large size-large wp-image-4171\" alt=\"\" srcset=\"https:\/\/lyongeologie.fr\/wp-content\/uploads\/2022\/02\/l3m_regl-1024x476.jpg 1024w, https:\/\/lyongeologie.fr\/wp-content\/uploads\/2022\/02\/l3m_regl-300x139.jpg 300w, https:\/\/lyongeologie.fr\/wp-content\/uploads\/2022\/02\/l3m_regl-768x357.jpg 768w, https:\/\/lyongeologie.fr\/wp-content\/uploads\/2022\/02\/l3m_regl.jpg 1065w\" sizes=\"(max-width: 1024px) 100vw, 1024px\" \/>\t\t\t\t\t\t\t\t\t\t\t\t\t\t\t<\/div>\n\t\t\t\t<\/div>\n\t\t\t\t<div class=\"elementor-element elementor-element-df7e1d3 elementor-widget elementor-widget-text-editor\" data-id=\"df7e1d3\" data-element_type=\"widget\" data-e-type=\"widget\" data-widget_type=\"text-editor.default\">\n\t\t\t\t<div class=\"elementor-widget-container\">\n\t\t\t\t\t\t\t\t\t<p>Les comp\u00e9tences suivantes seront d\u00e9velopp\u00e9es au cours de cette UE :<\/p><ul><li style=\"list-style-type: none;\"><ul><li style=\"list-style-type: none;\"><ul><li>conna\u00eetre les principes du droit<\/li><li>savoir trouver, lire et comprendre les textes r\u00e9glementaires pour l&rsquo;environnement<\/li><li>conna\u00eetre les principaux acteurs institutionnels en mati\u00e8re d&rsquo;environnement<\/li><li>pr\u00e9senter et argumenter<\/li><\/ul><\/li><\/ul><\/li><\/ul>\t\t\t\t\t\t\t\t<\/div>\n\t\t\t\t<\/div>\n\t\t\t\t\t<\/div>\n\t\t<\/div>\n\t\t\t\t\t<\/div>\n\t\t<\/section>\n\t\t\t\t<\/div>","protected":false},"excerpt":{"rendered":"<p>Environnement et Soci\u00e9t\u00e9 Cr\u00e9dits : 6 ECTS Responsable : Pascal ALLEMAND Retour \u00e0 la liste des UEs L\u2019activit\u00e9 humaine doit se faire dans des conditions respectueuses de l\u2019environnement afin d\u2019assurer la durabilit\u00e9 de la soci\u00e9t\u00e9. Ces conditions sont d\u00e9finies dans un cadre scientifique qui permet leur traduction en r\u00e8glements ou en lois. L\u2019objectif principal de [&hellip;]<\/p>\n","protected":false},"author":3,"featured_media":0,"parent":501,"menu_order":0,"comment_status":"closed","ping_status":"closed","template":"","meta":{"site-sidebar-layout":"no-sidebar","site-content-layout":"page-builder","ast-site-content-layout":"default","site-content-style":"default","site-sidebar-style":"default","ast-global-header-display":"","ast-banner-title-visibility":"","ast-main-header-display":"","ast-hfb-above-header-display":"","ast-hfb-below-header-display":"","ast-hfb-mobile-header-display":"","site-post-title":"disabled","ast-breadcrumbs-content":"","ast-featured-img":"disabled","footer-sml-layout":"","ast-disable-related-posts":"","theme-transparent-header-meta":"","adv-header-id-meta":"","stick-header-meta":"","header-above-stick-meta":"","header-main-stick-meta":"","header-below-stick-meta":"","astra-migrate-meta-layouts":"default","ast-page-background-enabled":"default","ast-page-background-meta":{"desktop":{"background-color":"var(--ast-global-color-4)","background-image":"","background-repeat":"repeat","background-position":"center center","background-size":"auto","background-attachment":"scroll","background-type":"","background-media":"","overlay-type":"","overlay-color":"","overlay-opacity":"","overlay-gradient":""},"tablet":{"background-color":"","background-image":"","background-repeat":"repeat","background-position":"center center","background-size":"auto","background-attachment":"scroll","background-type":"","background-media":"","overlay-type":"","overlay-color":"","overlay-opacity":"","overlay-gradient":""},"mobile":{"background-color":"","background-image":"","background-repeat":"repeat","background-position":"center center","background-size":"auto","background-attachment":"scroll","background-type":"","background-media":"","overlay-type":"","overlay-color":"","overlay-opacity":"","overlay-gradient":""}},"ast-content-background-meta":{"desktop":{"background-color":"var(--ast-global-color-5)","background-image":"","background-repeat":"repeat","background-position":"center center","background-size":"auto","background-attachment":"scroll","background-type":"","background-media":"","overlay-type":"","overlay-color":"","overlay-opacity":"","overlay-gradient":""},"tablet":{"background-color":"var(--ast-global-color-5)","background-image":"","background-repeat":"repeat","background-position":"center center","background-size":"auto","background-attachment":"scroll","background-type":"","background-media":"","overlay-type":"","overlay-color":"","overlay-opacity":"","overlay-gradient":""},"mobile":{"background-color":"var(--ast-global-color-5)","background-image":"","background-repeat":"repeat","background-position":"center center","background-size":"auto","background-attachment":"scroll","background-type":"","background-media":"","overlay-type":"","overlay-color":"","overlay-opacity":"","overlay-gradient":""}},"footnotes":""},"class_list":["post-4139","page","type-page","status-publish","hentry"],"_links":{"self":[{"href":"https:\/\/lyongeologie.fr\/en\/wp-json\/wp\/v2\/pages\/4139","targetHints":{"allow":["GET"]}}],"collection":[{"href":"https:\/\/lyongeologie.fr\/en\/wp-json\/wp\/v2\/pages"}],"about":[{"href":"https:\/\/lyongeologie.fr\/en\/wp-json\/wp\/v2\/types\/page"}],"author":[{"embeddable":true,"href":"https:\/\/lyongeologie.fr\/en\/wp-json\/wp\/v2\/users\/3"}],"replies":[{"embeddable":true,"href":"https:\/\/lyongeologie.fr\/en\/wp-json\/wp\/v2\/comments?post=4139"}],"version-history":[{"count":27,"href":"https:\/\/lyongeologie.fr\/en\/wp-json\/wp\/v2\/pages\/4139\/revisions"}],"predecessor-version":[{"id":18597,"href":"https:\/\/lyongeologie.fr\/en\/wp-json\/wp\/v2\/pages\/4139\/revisions\/18597"}],"up":[{"embeddable":true,"href":"https:\/\/lyongeologie.fr\/en\/wp-json\/wp\/v2\/pages\/501"}],"wp:attachment":[{"href":"https:\/\/lyongeologie.fr\/en\/wp-json\/wp\/v2\/media?parent=4139"}],"curies":[{"name":"wp","href":"https:\/\/api.w.org\/{rel}","templated":true}]}}