{"id":3839,"date":"2022-02-01T16:45:04","date_gmt":"2022-02-01T15:45:04","guid":{"rendered":"https:\/\/lyon-geologie.univ-lyon1.fr\/?page_id=3839"},"modified":"2023-01-27T10:14:13","modified_gmt":"2023-01-27T09:14:13","slug":"m2_expo_spat","status":"publish","type":"page","link":"https:\/\/lyongeologie.fr\/en\/m2-geosciences\/m2_expo_spat\/","title":{"rendered":"M2 Exploration spatiale du syst\u00e8me solaire"},"content":{"rendered":"<div data-elementor-type=\"wp-page\" data-elementor-id=\"3839\" class=\"elementor elementor-3839\">\n\t\t\t\t\t\t<section class=\"elementor-section elementor-top-section elementor-element elementor-element-363ab616 elementor-section-boxed elementor-section-height-default elementor-section-height-default\" data-id=\"363ab616\" data-element_type=\"section\" data-e-type=\"section\">\n\t\t\t\t\t\t<div class=\"elementor-container elementor-column-gap-default\">\n\t\t\t\t\t<div class=\"elementor-column elementor-col-100 elementor-top-column elementor-element elementor-element-d3b282d\" data-id=\"d3b282d\" data-element_type=\"column\" data-e-type=\"column\">\n\t\t\t<div class=\"elementor-widget-wrap elementor-element-populated\">\n\t\t\t\t\t\t<div class=\"elementor-element elementor-element-12761a79 elementor-widget elementor-widget-text-editor\" data-id=\"12761a79\" data-element_type=\"widget\" data-e-type=\"widget\" data-widget_type=\"text-editor.default\">\n\t\t\t\t<div class=\"elementor-widget-container\">\n\t\t\t\t\t\t\t\t\t<h2>Exploration spatiale du Syst\u00e8me Solaire<\/h2>\t\t\t\t\t\t\t\t<\/div>\n\t\t\t\t<\/div>\n\t\t\t\t\t<\/div>\n\t\t<\/div>\n\t\t\t\t\t<\/div>\n\t\t<\/section>\n\t\t\t\t<section class=\"elementor-section elementor-top-section elementor-element elementor-element-4e34d41c elementor-section-boxed elementor-section-height-default elementor-section-height-default\" data-id=\"4e34d41c\" data-element_type=\"section\" data-e-type=\"section\">\n\t\t\t\t\t\t<div class=\"elementor-container elementor-column-gap-default\">\n\t\t\t\t\t<div class=\"elementor-column elementor-col-33 elementor-top-column elementor-element elementor-element-73a7989d\" data-id=\"73a7989d\" data-element_type=\"column\" data-e-type=\"column\">\n\t\t\t<div class=\"elementor-widget-wrap elementor-element-populated\">\n\t\t\t\t\t\t<div class=\"elementor-element elementor-element-21be28a1 elementor-widget elementor-widget-text-editor\" data-id=\"21be28a1\" data-element_type=\"widget\" data-e-type=\"widget\" data-widget_type=\"text-editor.default\">\n\t\t\t\t<div class=\"elementor-widget-container\">\n\t\t\t\t\t\t\t\t\t<p style=\"text-align: center;\"><em>3 Credits<\/em><\/p><p><em>Contact: <a href=\"mailto:cathy.quantin-nataf@univ-lyon1.fr\">Cathy QUANTIN-NATAF<\/a><\/em><\/p>\t\t\t\t\t\t\t\t<\/div>\n\t\t\t\t<\/div>\n\t\t\t\t<div class=\"elementor-element elementor-element-e1d0ddb elementor-widget elementor-widget-image\" data-id=\"e1d0ddb\" data-element_type=\"widget\" data-e-type=\"widget\" data-widget_type=\"image.default\">\n\t\t\t\t<div class=\"elementor-widget-container\">\n\t\t\t\t\t\t\t\t\t\t\t\t\t\t\t<img decoding=\"async\" width=\"150\" height=\"150\" src=\"https:\/\/lyongeologie.fr\/wp-content\/uploads\/2022\/02\/Cathy_Quantin.png\" class=\"attachment-large size-large wp-image-9115\" alt=\"\" \/>\t\t\t\t\t\t\t\t\t\t\t\t\t\t\t<\/div>\n\t\t\t\t<\/div>\n\t\t\t\t<div class=\"elementor-element elementor-element-2f747a0f elementor-align-center elementor-widget elementor-widget-button\" data-id=\"2f747a0f\" data-element_type=\"widget\" data-e-type=\"widget\" data-widget_type=\"button.default\">\n\t\t\t\t<div class=\"elementor-widget-container\">\n\t\t\t\t\t\t\t\t\t<div class=\"elementor-button-wrapper\">\n\t\t\t\t\t<a class=\"elementor-button elementor-button-link elementor-size-sm\" href=\"https:\/\/lyon-geologie.univ-lyon1.fr\/en\/m2-geosciences\/#m2_opt\">\n\t\t\t\t\t\t<span class=\"elementor-button-content-wrapper\">\n\t\t\t\t\t\t\t\t\t<span class=\"elementor-button-text\">Back to the previous page<\/span>\n\t\t\t\t\t<\/span>\n\t\t\t\t\t<\/a>\n\t\t\t\t<\/div>\n\t\t\t\t\t\t\t\t<\/div>\n\t\t\t\t<\/div>\n\t\t\t\t\t<\/div>\n\t\t<\/div>\n\t\t\t\t<div class=\"elementor-column elementor-col-66 elementor-top-column elementor-element elementor-element-5bd8acb0\" data-id=\"5bd8acb0\" data-element_type=\"column\" data-e-type=\"column\">\n\t\t\t<div class=\"elementor-widget-wrap elementor-element-populated\">\n\t\t\t\t\t\t<div class=\"elementor-element elementor-element-fd0897a elementor-widget elementor-widget-text-editor\" data-id=\"fd0897a\" data-element_type=\"widget\" data-e-type=\"widget\" data-widget_type=\"text-editor.default\">\n\t\t\t\t<div class=\"elementor-widget-container\">\n\t\t\t\t\t\t\t\t\t<p>Cette UE traite de l\u2019instrumentation spatiale et des grandes avanc\u00e9es scientifiques faites gr\u00e2ce \u00e0 l\u2019exploration spatiale. Explorer des mondes lointains demande de l&rsquo;ing\u00e9niosit\u00e9 et chaque instrument envoy\u00e9 est une exp\u00e9rience unique. Cette UE est bas\u00e9e sur une s\u00e9rie de s\u00e9minaire d\u00e9di\u00e9s aux missions spatiales et des s\u00e9ances de manipulation de donn\u00e9es de mission spatiale. Une s\u00e9ance sera aussi d\u00e9di\u00e9e au design des missions spatiales suivie d&rsquo;un travail en groupe de d\u00e9finition de mission.<\/p>\t\t\t\t\t\t\t\t<\/div>\n\t\t\t\t<\/div>\n\t\t\t\t<div class=\"elementor-element elementor-element-42c485a6 elementor-widget elementor-widget-image\" data-id=\"42c485a6\" data-element_type=\"widget\" data-e-type=\"widget\" data-widget_type=\"image.default\">\n\t\t\t\t<div class=\"elementor-widget-container\">\n\t\t\t\t\t\t\t\t\t\t\t\t<figure class=\"wp-caption\">\n\t\t\t\t\t\t\t\t\t\t<img fetchpriority=\"high\" decoding=\"async\" width=\"1000\" height=\"482\" src=\"https:\/\/lyongeologie.fr\/wp-content\/uploads\/2022\/02\/Exomars.jpg\" class=\"attachment-large size-large wp-image-3877\" alt=\"\" srcset=\"https:\/\/lyongeologie.fr\/wp-content\/uploads\/2022\/02\/Exomars.jpg 1000w, https:\/\/lyongeologie.fr\/wp-content\/uploads\/2022\/02\/Exomars-300x145.jpg 300w, https:\/\/lyongeologie.fr\/wp-content\/uploads\/2022\/02\/Exomars-768x370.jpg 768w\" sizes=\"(max-width: 1000px) 100vw, 1000px\" \/>\t\t\t\t\t\t\t\t\t\t\t<figcaption class=\"widget-image-caption wp-caption-text\"><\/figcaption>\n\t\t\t\t\t\t\t\t\t\t<\/figure>\n\t\t\t\t\t\t\t\t\t<\/div>\n\t\t\t\t<\/div>\n\t\t\t\t<div class=\"elementor-element elementor-element-043e750 elementor-widget elementor-widget-text-editor\" data-id=\"043e750\" data-element_type=\"widget\" data-e-type=\"widget\" data-widget_type=\"text-editor.default\">\n\t\t\t\t<div class=\"elementor-widget-container\">\n\t\t\t\t\t\t\t\t\t<p><strong>Pr\u00e9-requis<\/strong> : C\u2019est un avantage d\u2019avoir suivi\u00a0 l&rsquo;UE <a href=\"https:\/\/lyon-geologie.univ-lyon1.fr\/en\/m1-geosciences\/m1_rs\/\">t\u00e9l\u00e9d\u00e9tection<\/a> en M1 et l&rsquo;UE <a href=\"https:\/\/lyon-geologie.univ-lyon1.fr\/en\/m2-geosciences\/m2_microanal\/\">microanalyse in-situ<\/a> en M2 (pour avoir une bonne id\u00e9e de l\u2019instrumentation de laboratoire)<\/p><p><strong>Dans le d\u00e9tail :<\/strong>\u00a0<\/p><ul><li style=\"list-style-type: none;\"><ul><li>3 s\u00e9ances sur l\u2019exploration orbitale de Mars : mission MGS, MarsExpress , MRO et TGO\u00a0 (incluant un TP sur les donn\u00e9es hyperspectrales CRISM et leur combinaison aux autres donn\u00e9es -MarsSI)<\/li><li>2 s\u00e9ances sur l\u2019exploration in situ Martienne : D\u2019opportunity \u00e0 Perseverance (incluant<br \/>un TP analyse des donn\u00e9es LIBS)<\/li><li>1 s\u00e9ance de sismologie extra-terrestre<\/li><li>1 s\u00e9ance d\u2019exploration des petits corps (rosetta, hayabusa\u2026)<\/li><li>1 s\u00e9ance sur la mission Cassini<\/li><li>1 s\u00e9ance\/projet de design de mission spatiale<\/li><\/ul><\/li><\/ul><p><strong>Modalit\u00e9s d\u2019\u00e9valuation<\/strong> : Oral de concept de mission spatiale + contr\u00f4le terminal \u00e9crit sur table (analyse de documents)<\/p>\t\t\t\t\t\t\t\t<\/div>\n\t\t\t\t<\/div>\n\t\t\t\t\t<\/div>\n\t\t<\/div>\n\t\t\t\t\t<\/div>\n\t\t<\/section>\n\t\t\t\t<section class=\"elementor-section elementor-top-section elementor-element elementor-element-511dca3e elementor-section-boxed elementor-section-height-default elementor-section-height-default\" data-id=\"511dca3e\" data-element_type=\"section\" data-e-type=\"section\">\n\t\t\t\t\t\t<div class=\"elementor-container elementor-column-gap-default\">\n\t\t\t\t\t<div class=\"elementor-column elementor-col-100 elementor-top-column elementor-element elementor-element-bca1a61\" data-id=\"bca1a61\" data-element_type=\"column\" data-e-type=\"column\">\n\t\t\t<div class=\"elementor-widget-wrap\">\n\t\t\t\t\t\t\t<\/div>\n\t\t<\/div>\n\t\t\t\t\t<\/div>\n\t\t<\/section>\n\t\t\t\t<\/div>","protected":false},"excerpt":{"rendered":"<p>Exploration spatiale du Syst\u00e8me Solaire Cr\u00e9dits : 3 ECTS Responsable : Cathy QUANTIN-NATAF Retour \u00e0 la liste des UEs Cette UE traite de l\u2019instrumentation spatiale et des grandes avanc\u00e9es scientifiques faites gr\u00e2ce \u00e0 l\u2019exploration spatiale. Explorer des mondes lointains demande de l&rsquo;ing\u00e9niosit\u00e9 et chaque instrument envoy\u00e9 est une exp\u00e9rience unique. Cette UE est bas\u00e9e sur [&hellip;]<\/p>\n","protected":false},"author":1,"featured_media":0,"parent":521,"menu_order":0,"comment_status":"closed","ping_status":"closed","template":"","meta":{"site-sidebar-layout":"no-sidebar","site-content-layout":"page-builder","ast-site-content-layout":"default","site-content-style":"default","site-sidebar-style":"default","ast-global-header-display":"","ast-banner-title-visibility":"","ast-main-header-display":"","ast-hfb-above-header-display":"","ast-hfb-below-header-display":"","ast-hfb-mobile-header-display":"","site-post-title":"disabled","ast-breadcrumbs-content":"","ast-featured-img":"disabled","footer-sml-layout":"","ast-disable-related-posts":"","theme-transparent-header-meta":"","adv-header-id-meta":"","stick-header-meta":"","header-above-stick-meta":"","header-main-stick-meta":"","header-below-stick-meta":"","astra-migrate-meta-layouts":"default","ast-page-background-enabled":"default","ast-page-background-meta":{"desktop":{"background-color":"var(--ast-global-color-4)","background-image":"","background-repeat":"repeat","background-position":"center center","background-size":"auto","background-attachment":"scroll","background-type":"","background-media":"","overlay-type":"","overlay-color":"","overlay-opacity":"","overlay-gradient":""},"tablet":{"background-color":"","background-image":"","background-repeat":"repeat","background-position":"center center","background-size":"auto","background-attachment":"scroll","background-type":"","background-media":"","overlay-type":"","overlay-color":"","overlay-opacity":"","overlay-gradient":""},"mobile":{"background-color":"","background-image":"","background-repeat":"repeat","background-position":"center center","background-size":"auto","background-attachment":"scroll","background-type":"","background-media":"","overlay-type":"","overlay-color":"","overlay-opacity":"","overlay-gradient":""}},"ast-content-background-meta":{"desktop":{"background-color":"var(--ast-global-color-5)","background-image":"","background-repeat":"repeat","background-position":"center center","background-size":"auto","background-attachment":"scroll","background-type":"","background-media":"","overlay-type":"","overlay-color":"","overlay-opacity":"","overlay-gradient":""},"tablet":{"background-color":"var(--ast-global-color-5)","background-image":"","background-repeat":"repeat","background-position":"center center","background-size":"auto","background-attachment":"scroll","background-type":"","background-media":"","overlay-type":"","overlay-color":"","overlay-opacity":"","overlay-gradient":""},"mobile":{"background-color":"var(--ast-global-color-5)","background-image":"","background-repeat":"repeat","background-position":"center center","background-size":"auto","background-attachment":"scroll","background-type":"","background-media":"","overlay-type":"","overlay-color":"","overlay-opacity":"","overlay-gradient":""}},"footnotes":""},"class_list":["post-3839","page","type-page","status-publish","hentry"],"_links":{"self":[{"href":"https:\/\/lyongeologie.fr\/en\/wp-json\/wp\/v2\/pages\/3839","targetHints":{"allow":["GET"]}}],"collection":[{"href":"https:\/\/lyongeologie.fr\/en\/wp-json\/wp\/v2\/pages"}],"about":[{"href":"https:\/\/lyongeologie.fr\/en\/wp-json\/wp\/v2\/types\/page"}],"author":[{"embeddable":true,"href":"https:\/\/lyongeologie.fr\/en\/wp-json\/wp\/v2\/users\/1"}],"replies":[{"embeddable":true,"href":"https:\/\/lyongeologie.fr\/en\/wp-json\/wp\/v2\/comments?post=3839"}],"version-history":[{"count":46,"href":"https:\/\/lyongeologie.fr\/en\/wp-json\/wp\/v2\/pages\/3839\/revisions"}],"predecessor-version":[{"id":16527,"href":"https:\/\/lyongeologie.fr\/en\/wp-json\/wp\/v2\/pages\/3839\/revisions\/16527"}],"up":[{"embeddable":true,"href":"https:\/\/lyongeologie.fr\/en\/wp-json\/wp\/v2\/pages\/521"}],"wp:attachment":[{"href":"https:\/\/lyongeologie.fr\/en\/wp-json\/wp\/v2\/media?parent=3839"}],"curies":[{"name":"wp","href":"https:\/\/api.w.org\/{rel}","templated":true}]}}