{"id":3791,"date":"2022-02-01T16:11:26","date_gmt":"2022-02-01T15:11:26","guid":{"rendered":"https:\/\/lyon-geologie.univ-lyon1.fr\/?page_id=3791"},"modified":"2022-02-13T21:29:26","modified_gmt":"2022-02-13T20:29:26","slug":"l1-physt","status":"publish","type":"page","link":"https:\/\/lyongeologie.fr\/en\/l1-geosciences\/l1-physt\/","title":{"rendered":"L1 Physique pour les sciences de la Terre"},"content":{"rendered":"<div data-elementor-type=\"wp-page\" data-elementor-id=\"3791\" class=\"elementor elementor-3791\">\n\t\t\t\t\t\t<section class=\"elementor-section elementor-top-section elementor-element elementor-element-71c22cb1 elementor-section-boxed elementor-section-height-default elementor-section-height-default\" data-id=\"71c22cb1\" data-element_type=\"section\" data-e-type=\"section\">\n\t\t\t\t\t\t<div class=\"elementor-container elementor-column-gap-default\">\n\t\t\t\t\t<div class=\"elementor-column elementor-col-100 elementor-top-column elementor-element elementor-element-5255a0ce\" data-id=\"5255a0ce\" data-element_type=\"column\" data-e-type=\"column\">\n\t\t\t<div class=\"elementor-widget-wrap elementor-element-populated\">\n\t\t\t\t\t\t<div class=\"elementor-element elementor-element-2b6dd6f7 elementor-widget elementor-widget-text-editor\" data-id=\"2b6dd6f7\" data-element_type=\"widget\" data-e-type=\"widget\" data-widget_type=\"text-editor.default\">\n\t\t\t\t<div class=\"elementor-widget-container\">\n\t\t\t\t\t\t\t\t\t<h2><strong>Physics for Earth Sciences<br \/><\/strong><\/h2>\t\t\t\t\t\t\t\t<\/div>\n\t\t\t\t<\/div>\n\t\t\t\t\t<\/div>\n\t\t<\/div>\n\t\t\t\t\t<\/div>\n\t\t<\/section>\n\t\t\t\t<section class=\"elementor-section elementor-top-section elementor-element elementor-element-4d43aa8b elementor-section-boxed elementor-section-height-default elementor-section-height-default\" data-id=\"4d43aa8b\" data-element_type=\"section\" data-e-type=\"section\">\n\t\t\t\t\t\t<div class=\"elementor-container elementor-column-gap-default\">\n\t\t\t\t\t<div class=\"elementor-column elementor-col-33 elementor-top-column elementor-element elementor-element-6be06a4f\" data-id=\"6be06a4f\" data-element_type=\"column\" data-e-type=\"column\">\n\t\t\t<div class=\"elementor-widget-wrap elementor-element-populated\">\n\t\t\t\t\t\t<div class=\"elementor-element elementor-element-4fe09395 elementor-widget elementor-widget-text-editor\" data-id=\"4fe09395\" data-element_type=\"widget\" data-e-type=\"widget\" data-widget_type=\"text-editor.default\">\n\t\t\t\t<div class=\"elementor-widget-container\">\n\t\t\t\t\t\t\t\t\t<p style=\"text-align: center;\"><em>Credits: <\/em>6 ECTS<\/p><p style=\"text-align: center;\"><em>Contact: <a href=\"mailto:alfonso.san-miguel-fuster@univ-lyon1.fr\">Alfonso SAN MIGUEL<\/a><br \/><\/em><\/p>\t\t\t\t\t\t\t\t<\/div>\n\t\t\t\t<\/div>\n\t\t\t\t<div class=\"elementor-element elementor-element-f11d907 elementor-widget elementor-widget-image\" data-id=\"f11d907\" data-element_type=\"widget\" data-e-type=\"widget\" data-widget_type=\"image.default\">\n\t\t\t\t<div class=\"elementor-widget-container\">\n\t\t\t\t\t\t\t\t\t\t\t\t\t\t\t<img decoding=\"async\" src=\"https:\/\/lyongeologie.fr\/wp-content\/uploads\/elementor\/thumbs\/a_sanmiguel-pk9fbd4l952hb3kxr9v4crbx1fjiumd9ku51tuwfa4.png\" title=\"a_sanmiguel\" alt=\"a_sanmiguel\" loading=\"lazy\" \/>\t\t\t\t\t\t\t\t\t\t\t\t\t\t\t<\/div>\n\t\t\t\t<\/div>\n\t\t\t\t<div class=\"elementor-element elementor-element-46e80e08 elementor-align-center elementor-widget elementor-widget-button\" data-id=\"46e80e08\" data-element_type=\"widget\" data-e-type=\"widget\" data-widget_type=\"button.default\">\n\t\t\t\t<div class=\"elementor-widget-container\">\n\t\t\t\t\t\t\t\t\t<div class=\"elementor-button-wrapper\">\n\t\t\t\t\t<a class=\"elementor-button elementor-button-link elementor-size-sm\" href=\"https:\/\/lyon-geologie.univ-lyon1.fr\/l1-geosciences\/#l1_tc\">\n\t\t\t\t\t\t<span class=\"elementor-button-content-wrapper\">\n\t\t\t\t\t\t\t\t\t<span class=\"elementor-button-text\">Back to the previous page<\/span>\n\t\t\t\t\t<\/span>\n\t\t\t\t\t<\/a>\n\t\t\t\t<\/div>\n\t\t\t\t\t\t\t\t<\/div>\n\t\t\t\t<\/div>\n\t\t\t\t\t<\/div>\n\t\t<\/div>\n\t\t\t\t<div class=\"elementor-column elementor-col-66 elementor-top-column elementor-element elementor-element-4fe37fc0\" data-id=\"4fe37fc0\" data-element_type=\"column\" data-e-type=\"column\">\n\t\t\t<div class=\"elementor-widget-wrap elementor-element-populated\">\n\t\t\t\t\t\t<div class=\"elementor-element elementor-element-23f88326 elementor-widget elementor-widget-text-editor\" data-id=\"23f88326\" data-element_type=\"widget\" data-e-type=\"widget\" data-widget_type=\"text-editor.default\">\n\t\t\t\t<div class=\"elementor-widget-container\">\n\t\t\t\t\t\t\t\t\t<p>Gr\u00e2ce \u00e0 cette UE vous ma\u00eetriserez les notions physiques de base n\u00e9cessaires \u00e0 l\u2019\u00e9tude des min\u00e9raux et des roches comme de la plan\u00e8te Terre dans son ensemble. Elle s\u2019articule en deux parties:<b><br \/><\/b><\/p><ul><li><b>M\u00e9canique newtonienne:<\/b> description du mouvement, trajectoires orbitales des plan\u00e8tes et des satellites, mesure de la gravit\u00e9, fonctionnement d\u2019un sismom\u00e8tre, introduction aux ondes acoustiques et sismiques.<\/li><li aria-level=\"1\"><b>Thermodynamique:<\/b> d\u00e9finition des grandeurs thermodynamiques usuelles (la pression, la temp\u00e9rature, les diff\u00e9rentes formes d\u2019\u00e9nergie), changements d\u2019\u00e9tat (fusion, \u00e9vaporation, sublimation), transferts de chaleur.<\/li><\/ul>\t\t\t\t\t\t\t\t<\/div>\n\t\t\t\t<\/div>\n\t\t\t\t<section class=\"elementor-section elementor-inner-section elementor-element elementor-element-020efca elementor-section-boxed elementor-section-height-default elementor-section-height-default\" data-id=\"020efca\" data-element_type=\"section\" data-e-type=\"section\">\n\t\t\t\t\t\t<div class=\"elementor-container elementor-column-gap-default\">\n\t\t\t\t\t<div class=\"elementor-column elementor-col-50 elementor-inner-column elementor-element elementor-element-7ae6d04\" data-id=\"7ae6d04\" data-element_type=\"column\" data-e-type=\"column\">\n\t\t\t<div class=\"elementor-widget-wrap elementor-element-populated\">\n\t\t\t\t\t\t<div class=\"elementor-element elementor-element-fc58746 elementor-widget elementor-widget-image\" data-id=\"fc58746\" data-element_type=\"widget\" data-e-type=\"widget\" data-widget_type=\"image.default\">\n\t\t\t\t<div class=\"elementor-widget-container\">\n\t\t\t\t\t\t\t\t\t\t\t\t<figure class=\"wp-caption\">\n\t\t\t\t\t\t\t\t\t\t<img fetchpriority=\"high\" decoding=\"async\" width=\"1024\" height=\"643\" src=\"https:\/\/lyongeologie.fr\/wp-content\/uploads\/2022\/02\/Solar_sys8-1024x643.jpg\" class=\"attachment-large size-large wp-image-3801\" alt=\"\" srcset=\"https:\/\/lyongeologie.fr\/wp-content\/uploads\/2022\/02\/Solar_sys8-1024x643.jpg 1024w, https:\/\/lyongeologie.fr\/wp-content\/uploads\/2022\/02\/Solar_sys8-300x188.jpg 300w, https:\/\/lyongeologie.fr\/wp-content\/uploads\/2022\/02\/Solar_sys8-768x482.jpg 768w, https:\/\/lyongeologie.fr\/wp-content\/uploads\/2022\/02\/Solar_sys8.jpg 1440w\" sizes=\"(max-width: 1024px) 100vw, 1024px\" \/>\t\t\t\t\t\t\t\t\t\t\t<figcaption class=\"widget-image-caption wp-caption-text\"><i><small>Les plan\u00e8tes du syst\u00e8me solaire orbitent sur des trajectoires presque circulaires (\u00e9chelles non respect\u00e9es).<\/small><\/i><\/figcaption>\n\t\t\t\t\t\t\t\t\t\t<\/figure>\n\t\t\t\t\t\t\t\t\t<\/div>\n\t\t\t\t<\/div>\n\t\t\t\t\t<\/div>\n\t\t<\/div>\n\t\t\t\t<div class=\"elementor-column elementor-col-50 elementor-inner-column elementor-element elementor-element-322880a\" data-id=\"322880a\" data-element_type=\"column\" data-e-type=\"column\">\n\t\t\t<div class=\"elementor-widget-wrap elementor-element-populated\">\n\t\t\t\t\t\t<div class=\"elementor-element elementor-element-19a99b5 elementor-widget elementor-widget-image\" data-id=\"19a99b5\" data-element_type=\"widget\" data-e-type=\"widget\" data-widget_type=\"image.default\">\n\t\t\t\t<div class=\"elementor-widget-container\">\n\t\t\t\t\t\t\t\t\t\t\t\t<figure class=\"wp-caption\">\n\t\t\t\t\t\t\t\t\t\t<img decoding=\"async\" width=\"390\" height=\"260\" src=\"https:\/\/lyongeologie.fr\/wp-content\/uploads\/2022\/02\/390px-Pahoeoe_fountain_edit2.jpg\" class=\"attachment-medium_large size-medium_large wp-image-3803\" alt=\"Fontaine de lave \u00e0 Hawaii, issue de la fusion partielle des roches de la cro\u00fbte terrestre.\" srcset=\"https:\/\/lyongeologie.fr\/wp-content\/uploads\/2022\/02\/390px-Pahoeoe_fountain_edit2.jpg 390w, https:\/\/lyongeologie.fr\/wp-content\/uploads\/2022\/02\/390px-Pahoeoe_fountain_edit2-300x200.jpg 300w\" sizes=\"(max-width: 390px) 100vw, 390px\" \/>\t\t\t\t\t\t\t\t\t\t\t<figcaption class=\"widget-image-caption wp-caption-text\"><i><small>La lave est issue de la fusion partielle des roches sous l'effet des conditions de pression et temp\u00e9rature en profondeur. <\/small><\/i><\/figcaption>\n\t\t\t\t\t\t\t\t\t\t<\/figure>\n\t\t\t\t\t\t\t\t\t<\/div>\n\t\t\t\t<\/div>\n\t\t\t\t\t<\/div>\n\t\t<\/div>\n\t\t\t\t\t<\/div>\n\t\t<\/section>\n\t\t\t\t<div class=\"elementor-element elementor-element-bd5d83e elementor-widget elementor-widget-text-editor\" data-id=\"bd5d83e\" data-element_type=\"widget\" data-e-type=\"widget\" data-widget_type=\"text-editor.default\">\n\t\t\t\t<div class=\"elementor-widget-container\">\n\t\t\t\t\t\t\t\t\t<p>Cette UE s\u2019appuie sur les comp\u00e9tences math\u00e9matiques acquises au premier semestre de L1 (<i>Mathematics for Biology and Earth Sciences<\/i>) et constitue un pr\u00e9-requis pour les UE de L2 <a href=\"https:\/\/lyon-geologie.univ-lyon1.fr\/l2-geosciences\/l2-geoch\/\"><i>Chimie-g\u00e9ochimie<\/i><\/a>, <a href=\"https:\/\/lyon-geologie.univ-lyon1.fr\/l2-geosciences\/l2-mpe\/\"><i>Min\u00e9ralogie-P\u00e9trologie<\/i><\/a>, <a href=\"https:\/\/lyon-geologie.univ-lyon1.fr\/l2-geosciences\/l2-aob\/\"><i>Atmosph\u00e8re-Oc\u00e9ans-Biosph\u00e8re<\/i><\/a> and <a href=\"https:\/\/lyon-geologie.univ-lyon1.fr\/l2-geosciences\/l2-geophy\/\"><i>Introduction \u00e0 la g\u00e9ophysique<\/i><\/a>.<\/p>\t\t\t\t\t\t\t\t<\/div>\n\t\t\t\t<\/div>\n\t\t\t\t\t<\/div>\n\t\t<\/div>\n\t\t\t\t\t<\/div>\n\t\t<\/section>\n\t\t\t\t<section class=\"elementor-section elementor-top-section elementor-element elementor-element-c58bba8 elementor-section-boxed elementor-section-height-default elementor-section-height-default\" data-id=\"c58bba8\" data-element_type=\"section\" data-e-type=\"section\">\n\t\t\t\t\t\t<div class=\"elementor-container elementor-column-gap-default\">\n\t\t\t\t\t<div class=\"elementor-column elementor-col-100 elementor-top-column elementor-element elementor-element-24f9a23f\" data-id=\"24f9a23f\" data-element_type=\"column\" data-e-type=\"column\">\n\t\t\t<div class=\"elementor-widget-wrap\">\n\t\t\t\t\t\t\t<\/div>\n\t\t<\/div>\n\t\t\t\t\t<\/div>\n\t\t<\/section>\n\t\t\t\t<\/div>","protected":false},"excerpt":{"rendered":"<p>Physique pour les sciences de la Terre Cr\u00e9dits : 6 ECTS Responsable : Alfonso SAN MIGUEL Retour \u00e0 la liste des UEs Gr\u00e2ce \u00e0 cette UE vous ma\u00eetriserez les notions physiques de base n\u00e9cessaires \u00e0 l\u2019\u00e9tude des min\u00e9raux et des roches comme de la plan\u00e8te Terre dans son ensemble. Elle s\u2019articule en deux parties: M\u00e9canique [&hellip;]<\/p>\n","protected":false},"author":7,"featured_media":0,"parent":447,"menu_order":0,"comment_status":"closed","ping_status":"closed","template":"","meta":{"site-sidebar-layout":"no-sidebar","site-content-layout":"page-builder","ast-site-content-layout":"default","site-content-style":"default","site-sidebar-style":"default","ast-global-header-display":"","ast-banner-title-visibility":"","ast-main-header-display":"","ast-hfb-above-header-display":"","ast-hfb-below-header-display":"","ast-hfb-mobile-header-display":"","site-post-title":"disabled","ast-breadcrumbs-content":"","ast-featured-img":"disabled","footer-sml-layout":"","ast-disable-related-posts":"","theme-transparent-header-meta":"","adv-header-id-meta":"","stick-header-meta":"","header-above-stick-meta":"","header-main-stick-meta":"","header-below-stick-meta":"","astra-migrate-meta-layouts":"default","ast-page-background-enabled":"default","ast-page-background-meta":{"desktop":{"background-color":"var(--ast-global-color-4)","background-image":"","background-repeat":"repeat","background-position":"center center","background-size":"auto","background-attachment":"scroll","background-type":"","background-media":"","overlay-type":"","overlay-color":"","overlay-opacity":"","overlay-gradient":""},"tablet":{"background-color":"","background-image":"","background-repeat":"repeat","background-position":"center center","background-size":"auto","background-attachment":"scroll","background-type":"","background-media":"","overlay-type":"","overlay-color":"","overlay-opacity":"","overlay-gradient":""},"mobile":{"background-color":"","background-image":"","background-repeat":"repeat","background-position":"center center","background-size":"auto","background-attachment":"scroll","background-type":"","background-media":"","overlay-type":"","overlay-color":"","overlay-opacity":"","overlay-gradient":""}},"ast-content-background-meta":{"desktop":{"background-color":"var(--ast-global-color-5)","background-image":"","background-repeat":"repeat","background-position":"center center","background-size":"auto","background-attachment":"scroll","background-type":"","background-media":"","overlay-type":"","overlay-color":"","overlay-opacity":"","overlay-gradient":""},"tablet":{"background-color":"var(--ast-global-color-5)","background-image":"","background-repeat":"repeat","background-position":"center center","background-size":"auto","background-attachment":"scroll","background-type":"","background-media":"","overlay-type":"","overlay-color":"","overlay-opacity":"","overlay-gradient":""},"mobile":{"background-color":"var(--ast-global-color-5)","background-image":"","background-repeat":"repeat","background-position":"center center","background-size":"auto","background-attachment":"scroll","background-type":"","background-media":"","overlay-type":"","overlay-color":"","overlay-opacity":"","overlay-gradient":""}},"footnotes":""},"class_list":["post-3791","page","type-page","status-publish","hentry"],"_links":{"self":[{"href":"https:\/\/lyongeologie.fr\/en\/wp-json\/wp\/v2\/pages\/3791","targetHints":{"allow":["GET"]}}],"collection":[{"href":"https:\/\/lyongeologie.fr\/en\/wp-json\/wp\/v2\/pages"}],"about":[{"href":"https:\/\/lyongeologie.fr\/en\/wp-json\/wp\/v2\/types\/page"}],"author":[{"embeddable":true,"href":"https:\/\/lyongeologie.fr\/en\/wp-json\/wp\/v2\/users\/7"}],"replies":[{"embeddable":true,"href":"https:\/\/lyongeologie.fr\/en\/wp-json\/wp\/v2\/comments?post=3791"}],"version-history":[{"count":52,"href":"https:\/\/lyongeologie.fr\/en\/wp-json\/wp\/v2\/pages\/3791\/revisions"}],"predecessor-version":[{"id":13249,"href":"https:\/\/lyongeologie.fr\/en\/wp-json\/wp\/v2\/pages\/3791\/revisions\/13249"}],"up":[{"embeddable":true,"href":"https:\/\/lyongeologie.fr\/en\/wp-json\/wp\/v2\/pages\/447"}],"wp:attachment":[{"href":"https:\/\/lyongeologie.fr\/en\/wp-json\/wp\/v2\/media?parent=3791"}],"curies":[{"name":"wp","href":"https:\/\/api.w.org\/{rel}","templated":true}]}}