{"id":3723,"date":"2022-02-01T14:52:20","date_gmt":"2022-02-01T13:52:20","guid":{"rendered":"https:\/\/lyon-geologie.univ-lyon1.fr\/?page_id=3723"},"modified":"2023-01-27T10:14:00","modified_gmt":"2023-01-27T09:14:00","slug":"m2-cycle-sismiq","status":"publish","type":"page","link":"https:\/\/lyongeologie.fr\/en\/m2-geosciences\/m2-cycle-sismiq\/","title":{"rendered":"M2 S\u00e9ismes et cycle sismique"},"content":{"rendered":"<div data-elementor-type=\"wp-page\" data-elementor-id=\"3723\" class=\"elementor elementor-3723\">\n\t\t\t\t\t\t<section class=\"elementor-section elementor-top-section elementor-element elementor-element-11a45dc elementor-section-boxed elementor-section-height-default elementor-section-height-default\" data-id=\"11a45dc\" data-element_type=\"section\" data-e-type=\"section\">\n\t\t\t\t\t\t<div class=\"elementor-container elementor-column-gap-default\">\n\t\t\t\t\t<div class=\"elementor-column elementor-col-100 elementor-top-column elementor-element elementor-element-8a1d86a\" data-id=\"8a1d86a\" data-element_type=\"column\" data-e-type=\"column\">\n\t\t\t<div class=\"elementor-widget-wrap elementor-element-populated\">\n\t\t\t\t\t\t<div class=\"elementor-element elementor-element-ca1c2fd elementor-widget elementor-widget-text-editor\" data-id=\"ca1c2fd\" data-element_type=\"widget\" data-e-type=\"widget\" data-widget_type=\"text-editor.default\">\n\t\t\t\t<div class=\"elementor-widget-container\">\n\t\t\t\t\t\t\t\t\t<h2>Earthquakes and seismic cycle<\/h2>\t\t\t\t\t\t\t\t<\/div>\n\t\t\t\t<\/div>\n\t\t\t\t\t<\/div>\n\t\t<\/div>\n\t\t\t\t\t<\/div>\n\t\t<\/section>\n\t\t\t\t<section class=\"elementor-section elementor-top-section elementor-element elementor-element-f28f14d elementor-section-boxed elementor-section-height-default elementor-section-height-default\" data-id=\"f28f14d\" data-element_type=\"section\" data-e-type=\"section\">\n\t\t\t\t\t\t<div class=\"elementor-container elementor-column-gap-default\">\n\t\t\t\t\t<div class=\"elementor-column elementor-col-50 elementor-top-column elementor-element elementor-element-cb06196\" data-id=\"cb06196\" data-element_type=\"column\" data-e-type=\"column\">\n\t\t\t<div class=\"elementor-widget-wrap elementor-element-populated\">\n\t\t\t\t\t\t<div class=\"elementor-element elementor-element-7617517 elementor-widget elementor-widget-text-editor\" data-id=\"7617517\" data-element_type=\"widget\" data-e-type=\"widget\" data-widget_type=\"text-editor.default\">\n\t\t\t\t<div class=\"elementor-widget-container\">\n\t\t\t\t\t\t\t\t\t<p class=\"MsoNormal\" style=\"line-height: 115%; text-align: center;\"><i>3 Credits<\/i><\/p><p class=\"MsoNormal\" style=\"line-height: 115%; text-align: center;\"><i>Contact: <a href=\"mailto:cecile.lasserre@univ-lyon1.fr\">C\u00e9cile LASSERRE<\/a><\/i><\/p>\t\t\t\t\t\t\t\t<\/div>\n\t\t\t\t<\/div>\n\t\t\t\t<div class=\"elementor-element elementor-element-8cf0b41 elementor-widget elementor-widget-image\" data-id=\"8cf0b41\" data-element_type=\"widget\" data-e-type=\"widget\" data-widget_type=\"image.default\">\n\t\t\t\t<div class=\"elementor-widget-container\">\n\t\t\t\t\t\t\t\t\t\t\t\t\t\t\t<img decoding=\"async\" width=\"150\" height=\"150\" src=\"https:\/\/lyongeologie.fr\/wp-content\/uploads\/2022\/02\/cecile_lasserre.png\" class=\"attachment-large size-large wp-image-12323\" alt=\"\" \/>\t\t\t\t\t\t\t\t\t\t\t\t\t\t\t<\/div>\n\t\t\t\t<\/div>\n\t\t\t\t<div class=\"elementor-element elementor-element-2824b55 elementor-align-center elementor-widget elementor-widget-button\" data-id=\"2824b55\" data-element_type=\"widget\" data-e-type=\"widget\" data-widget_type=\"button.default\">\n\t\t\t\t<div class=\"elementor-widget-container\">\n\t\t\t\t\t\t\t\t\t<div class=\"elementor-button-wrapper\">\n\t\t\t\t\t<a class=\"elementor-button elementor-button-link elementor-size-sm\" href=\"https:\/\/lyon-geologie.univ-lyon1.fr\/en\/m2-geosciences\/#m2_opt\">\n\t\t\t\t\t\t<span class=\"elementor-button-content-wrapper\">\n\t\t\t\t\t\t\t\t\t<span class=\"elementor-button-text\">Back to the previous page<\/span>\n\t\t\t\t\t<\/span>\n\t\t\t\t\t<\/a>\n\t\t\t\t<\/div>\n\t\t\t\t\t\t\t\t<\/div>\n\t\t\t\t<\/div>\n\t\t\t\t\t<\/div>\n\t\t<\/div>\n\t\t\t\t<div class=\"elementor-column elementor-col-50 elementor-top-column elementor-element elementor-element-fb5a378\" data-id=\"fb5a378\" data-element_type=\"column\" data-e-type=\"column\">\n\t\t\t<div class=\"elementor-widget-wrap elementor-element-populated\">\n\t\t\t\t\t\t<div class=\"elementor-element elementor-element-d3833f2 elementor-widget elementor-widget-text-editor\" data-id=\"d3833f2\" data-element_type=\"widget\" data-e-type=\"widget\" data-widget_type=\"text-editor.default\">\n\t\t\t\t<div class=\"elementor-widget-container\">\n\t\t\t\t\t\t\t\t\t<p>In this class, we will address the theme of earthquakes and seismic cycle through a review of key historical studies and of the most recent advances in research, emphasizing the contribution of different types of observations and models for understanding the mechanisms of deformation of the lithosphere during the history of faults.<\/p>\t\t\t\t\t\t\t\t<\/div>\n\t\t\t\t<\/div>\n\t\t\t\t<div class=\"elementor-element elementor-element-e0959b2 elementor-widget elementor-widget-image\" data-id=\"e0959b2\" data-element_type=\"widget\" data-e-type=\"widget\" data-widget_type=\"image.default\">\n\t\t\t\t<div class=\"elementor-widget-container\">\n\t\t\t\t\t\t\t\t\t\t\t\t\t\t\t<img fetchpriority=\"high\" decoding=\"async\" width=\"1024\" height=\"262\" src=\"https:\/\/lyongeologie.fr\/wp-content\/uploads\/2022\/01\/Screenshot-2022-01-28-at-11.34.52-1024x262.png\" class=\"attachment-large size-large wp-image-295\" alt=\"\" srcset=\"https:\/\/lyongeologie.fr\/wp-content\/uploads\/2022\/01\/Screenshot-2022-01-28-at-11.34.52-1024x262.png 1024w, https:\/\/lyongeologie.fr\/wp-content\/uploads\/2022\/01\/Screenshot-2022-01-28-at-11.34.52-300x77.png 300w, https:\/\/lyongeologie.fr\/wp-content\/uploads\/2022\/01\/Screenshot-2022-01-28-at-11.34.52-768x197.png 768w, https:\/\/lyongeologie.fr\/wp-content\/uploads\/2022\/01\/Screenshot-2022-01-28-at-11.34.52-1536x393.png 1536w, https:\/\/lyongeologie.fr\/wp-content\/uploads\/2022\/01\/Screenshot-2022-01-28-at-11.34.52.png 1586w\" sizes=\"(max-width: 1024px) 100vw, 1024px\" \/>\t\t\t\t\t\t\t\t\t\t\t\t\t\t\t<\/div>\n\t\t\t\t<\/div>\n\t\t\t\t<div class=\"elementor-element elementor-element-c2a59a6 elementor-widget elementor-widget-text-editor\" data-id=\"c2a59a6\" data-element_type=\"widget\" data-e-type=\"widget\" data-widget_type=\"text-editor.default\">\n\t\t\t\t<div class=\"elementor-widget-container\">\n\t\t\t\t\t\t\t\t\t<p>Through lectures (12h), tutorials and critical readings of scientific articles (18h), we will discuss the evolution of concepts on the seismic cycle, the behavior of faults during an earthquake, as seen by geodesy, seismology and tectonics, but also other modes of deformation in fault zones outside the earthquake period (post-seismic relaxation mechanisms, so-called aseismic slip events or \u201cslow earthquakes\u201d, and possible preparatory phenomena for large earthquakes). The links between the mechanical properties of faults and their seismic or aseismic behavior, as well as the morphological signature of earthquakes accumulated over several seismic cycles will also be discussed.<\/p><p>The evaluation will be based on a bibliographic synthesis on a chosen theme (oral presentation and report) and a final exam (questions on an article).<\/p>\t\t\t\t\t\t\t\t<\/div>\n\t\t\t\t<\/div>\n\t\t\t\t\t<\/div>\n\t\t<\/div>\n\t\t\t\t\t<\/div>\n\t\t<\/section>\n\t\t\t\t<\/div>","protected":false},"excerpt":{"rendered":"<p>S\u00e9ismes et cycle sismique Cr\u00e9dits : 3 ECTS Responsable : C\u00e9cile LASSERRE Retour \u00e0 la liste des UEs Cette UE aborde la th\u00e9matique des s\u00e9ismes et du cycle sismique \u00e0 travers une revue des \u00e9tudes historiques phares mais aussi des avanc\u00e9es en recherche les plus r\u00e9centes, en insistant sur l\u2019apport des diff\u00e9rents types d\u2019observations et [&hellip;]<\/p>\n","protected":false},"author":1,"featured_media":0,"parent":521,"menu_order":0,"comment_status":"closed","ping_status":"closed","template":"","meta":{"site-sidebar-layout":"no-sidebar","site-content-layout":"page-builder","ast-site-content-layout":"default","site-content-style":"default","site-sidebar-style":"default","ast-global-header-display":"","ast-banner-title-visibility":"","ast-main-header-display":"","ast-hfb-above-header-display":"","ast-hfb-below-header-display":"","ast-hfb-mobile-header-display":"","site-post-title":"disabled","ast-breadcrumbs-content":"","ast-featured-img":"disabled","footer-sml-layout":"","ast-disable-related-posts":"","theme-transparent-header-meta":"","adv-header-id-meta":"","stick-header-meta":"","header-above-stick-meta":"","header-main-stick-meta":"","header-below-stick-meta":"","astra-migrate-meta-layouts":"default","ast-page-background-enabled":"default","ast-page-background-meta":{"desktop":{"background-color":"var(--ast-global-color-4)","background-image":"","background-repeat":"repeat","background-position":"center center","background-size":"auto","background-attachment":"scroll","background-type":"","background-media":"","overlay-type":"","overlay-color":"","overlay-opacity":"","overlay-gradient":""},"tablet":{"background-color":"","background-image":"","background-repeat":"repeat","background-position":"center center","background-size":"auto","background-attachment":"scroll","background-type":"","background-media":"","overlay-type":"","overlay-color":"","overlay-opacity":"","overlay-gradient":""},"mobile":{"background-color":"","background-image":"","background-repeat":"repeat","background-position":"center center","background-size":"auto","background-attachment":"scroll","background-type":"","background-media":"","overlay-type":"","overlay-color":"","overlay-opacity":"","overlay-gradient":""}},"ast-content-background-meta":{"desktop":{"background-color":"var(--ast-global-color-5)","background-image":"","background-repeat":"repeat","background-position":"center center","background-size":"auto","background-attachment":"scroll","background-type":"","background-media":"","overlay-type":"","overlay-color":"","overlay-opacity":"","overlay-gradient":""},"tablet":{"background-color":"var(--ast-global-color-5)","background-image":"","background-repeat":"repeat","background-position":"center center","background-size":"auto","background-attachment":"scroll","background-type":"","background-media":"","overlay-type":"","overlay-color":"","overlay-opacity":"","overlay-gradient":""},"mobile":{"background-color":"var(--ast-global-color-5)","background-image":"","background-repeat":"repeat","background-position":"center center","background-size":"auto","background-attachment":"scroll","background-type":"","background-media":"","overlay-type":"","overlay-color":"","overlay-opacity":"","overlay-gradient":""}},"footnotes":""},"class_list":["post-3723","page","type-page","status-publish","hentry"],"_links":{"self":[{"href":"https:\/\/lyongeologie.fr\/en\/wp-json\/wp\/v2\/pages\/3723","targetHints":{"allow":["GET"]}}],"collection":[{"href":"https:\/\/lyongeologie.fr\/en\/wp-json\/wp\/v2\/pages"}],"about":[{"href":"https:\/\/lyongeologie.fr\/en\/wp-json\/wp\/v2\/types\/page"}],"author":[{"embeddable":true,"href":"https:\/\/lyongeologie.fr\/en\/wp-json\/wp\/v2\/users\/1"}],"replies":[{"embeddable":true,"href":"https:\/\/lyongeologie.fr\/en\/wp-json\/wp\/v2\/comments?post=3723"}],"version-history":[{"count":32,"href":"https:\/\/lyongeologie.fr\/en\/wp-json\/wp\/v2\/pages\/3723\/revisions"}],"predecessor-version":[{"id":16525,"href":"https:\/\/lyongeologie.fr\/en\/wp-json\/wp\/v2\/pages\/3723\/revisions\/16525"}],"up":[{"embeddable":true,"href":"https:\/\/lyongeologie.fr\/en\/wp-json\/wp\/v2\/pages\/521"}],"wp:attachment":[{"href":"https:\/\/lyongeologie.fr\/en\/wp-json\/wp\/v2\/media?parent=3723"}],"curies":[{"name":"wp","href":"https:\/\/api.w.org\/{rel}","templated":true}]}}