{"id":3227,"date":"2022-01-31T23:10:09","date_gmt":"2022-01-31T22:10:09","guid":{"rendered":"https:\/\/lyon-geologie.univ-lyon1.fr\/?page_id=3227"},"modified":"2026-03-10T16:42:51","modified_gmt":"2026-03-10T15:42:51","slug":"inscription_m1stpe","status":"publish","type":"page","link":"https:\/\/lyongeologie.fr\/en\/admissions\/inscription_m1stpe\/","title":{"rendered":"Inscription_M1STPE"},"content":{"rendered":"<div data-elementor-type=\"wp-page\" data-elementor-id=\"3227\" class=\"elementor elementor-3227\">\n\t\t\t\t\t\t<section class=\"elementor-section elementor-top-section elementor-element elementor-element-6f4ad9fb elementor-section-boxed elementor-section-height-default elementor-section-height-default\" data-id=\"6f4ad9fb\" data-element_type=\"section\" data-e-type=\"section\">\n\t\t\t\t\t\t<div class=\"elementor-container elementor-column-gap-default\">\n\t\t\t\t\t<div class=\"elementor-column elementor-col-100 elementor-top-column elementor-element elementor-element-653a601b\" data-id=\"653a601b\" data-element_type=\"column\" data-e-type=\"column\">\n\t\t\t<div class=\"elementor-widget-wrap elementor-element-populated\">\n\t\t\t\t\t\t<div class=\"elementor-element elementor-element-61673a58 elementor-widget elementor-widget-heading\" data-id=\"61673a58\" data-element_type=\"widget\" data-e-type=\"widget\" data-widget_type=\"heading.default\">\n\t\t\t\t<div class=\"elementor-widget-container\">\n\t\t\t\t\t<h2 class=\"elementor-heading-title elementor-size-default\">Je souhaite m'inscrire en M1 STPE<\/h2>\t\t\t\t<\/div>\n\t\t\t\t<\/div>\n\t\t\t\t<div class=\"elementor-element elementor-element-310e8e9 elementor-button-warning elementor-align-right elementor-widget elementor-widget-button\" data-id=\"310e8e9\" data-element_type=\"widget\" data-e-type=\"widget\" data-widget_type=\"button.default\">\n\t\t\t\t<div class=\"elementor-widget-container\">\n\t\t\t\t\t\t\t\t\t<div class=\"elementor-button-wrapper\">\n\t\t\t\t\t<a class=\"elementor-button elementor-button-link elementor-size-sm\" href=\"https:\/\/lyongeologie.fr\/en\/admissions\/\">\n\t\t\t\t\t\t<span class=\"elementor-button-content-wrapper\">\n\t\t\t\t\t\t\t\t\t<span class=\"elementor-button-text\">Retour \u00e0 la page pr\u00e9c\u00e9dente<\/span>\n\t\t\t\t\t<\/span>\n\t\t\t\t\t<\/a>\n\t\t\t\t<\/div>\n\t\t\t\t\t\t\t\t<\/div>\n\t\t\t\t<\/div>\n\t\t\t\t\t<\/div>\n\t\t<\/div>\n\t\t\t\t\t<\/div>\n\t\t<\/section>\n\t\t\t\t<section class=\"elementor-section elementor-top-section elementor-element elementor-element-7c34f51f elementor-section-boxed elementor-section-height-default elementor-section-height-default\" data-id=\"7c34f51f\" data-element_type=\"section\" data-e-type=\"section\">\n\t\t\t\t\t\t<div class=\"elementor-container elementor-column-gap-default\">\n\t\t\t\t\t<div class=\"elementor-column elementor-col-100 elementor-top-column elementor-element elementor-element-2a3a488e\" data-id=\"2a3a488e\" data-element_type=\"column\" data-e-type=\"column\">\n\t\t\t<div class=\"elementor-widget-wrap elementor-element-populated\">\n\t\t\t\t\t\t<div class=\"elementor-element elementor-element-3199434b elementor-widget elementor-widget-accordion\" data-id=\"3199434b\" data-element_type=\"widget\" data-e-type=\"widget\" data-widget_type=\"accordion.default\">\n\t\t\t\t<div class=\"elementor-widget-container\">\n\t\t\t\t\t\t\t<div class=\"elementor-accordion\">\n\t\t\t\t\t\t\t<div class=\"elementor-accordion-item\">\n\t\t\t\t\t<div id=\"elementor-tab-title-8321\" class=\"elementor-tab-title\" data-tab=\"1\" role=\"button\" aria-controls=\"elementor-tab-content-8321\" aria-expanded=\"false\">\n\t\t\t\t\t\t\t\t\t\t\t\t\t<span class=\"elementor-accordion-icon elementor-accordion-icon-left\" aria-hidden=\"true\">\n\t\t\t\t\t\t\t\t\t\t\t\t\t\t\t<span class=\"elementor-accordion-icon-closed\"><i class=\"fas fa-plus\"><\/i><\/span>\n\t\t\t\t\t\t\t\t<span class=\"elementor-accordion-icon-opened\"><i class=\"fas fa-minus\"><\/i><\/span>\n\t\t\t\t\t\t\t\t\t\t\t\t\t\t<\/span>\n\t\t\t\t\t\t\t\t\t\t\t\t<a class=\"elementor-accordion-title\" tabindex=\"0\">Je suis candidat <\/a>\n\t\t\t\t\t<\/div>\n\t\t\t\t\t<div id=\"elementor-tab-content-8321\" class=\"elementor-tab-content elementor-clearfix\" data-tab=\"1\" role=\"region\" aria-labelledby=\"elementor-tab-title-8321\"><p><strong><span style=\"text-decoration: underline;\">MODALIT\u00c9S DE CANDIDATURE<\/span> : <br><\/strong><\/p>\n<p>Il s&rsquo;agit d&rsquo;un Master s\u00e9lectif : <em><strong>24 places <\/strong><\/em>sont disponibles.&nbsp;<\/p>\n<p>Pour candidater, je d\u00e9pose un dossier sur la plateforme&nbsp;<a href=\"https:\/\/www.monmaster.gouv.fr\/master\/universite-lyon-i\/sciences-de-la-terre-et-des-planetes-environnement-18\">MonMaster<\/a>.&nbsp;&nbsp;<\/p>\n<p>Dates de d\u00e9p\u00f4t des candidatures : 12\/02-16\/03\/2026<\/p><\/div>\n\t\t\t\t<\/div>\n\t\t\t\t\t\t\t<div class=\"elementor-accordion-item\">\n\t\t\t\t\t<div id=\"elementor-tab-title-8322\" class=\"elementor-tab-title\" data-tab=\"2\" role=\"button\" aria-controls=\"elementor-tab-content-8322\" aria-expanded=\"false\">\n\t\t\t\t\t\t\t\t\t\t\t\t\t<span class=\"elementor-accordion-icon elementor-accordion-icon-left\" aria-hidden=\"true\">\n\t\t\t\t\t\t\t\t\t\t\t\t\t\t\t<span class=\"elementor-accordion-icon-closed\"><i class=\"fas fa-plus\"><\/i><\/span>\n\t\t\t\t\t\t\t\t<span class=\"elementor-accordion-icon-opened\"><i class=\"fas fa-minus\"><\/i><\/span>\n\t\t\t\t\t\t\t\t\t\t\t\t\t\t<\/span>\n\t\t\t\t\t\t\t\t\t\t\t\t<a class=\"elementor-accordion-title\" tabindex=\"0\">Modalit\u00e9s d'inscription administrative<\/a>\n\t\t\t\t\t<\/div>\n\t\t\t\t\t<div id=\"elementor-tab-content-8322\" class=\"elementor-tab-content elementor-clearfix\" data-tab=\"2\" role=\"region\" aria-labelledby=\"elementor-tab-title-8322\"><p><i>Rappel : C&rsquo;est un Master co-accr\u00e9dit\u00e9 entre 3 \u00e9tablissements : ENS-Lyon, Universit\u00e9 Lyon1 et l&rsquo;Universit\u00e9 Jean Monnet (Saint Etienne). Cela signifie que quel que soit mon \u00e9tablissement d&rsquo;inscription administrative, le m\u00eame dipl\u00f4me&nbsp; sera d\u00e9livr\u00e9.&nbsp;<\/i><\/p>\n<div><strong>J&rsquo;attends les publications des r\u00e9sultats d&rsquo;admission<\/strong> avant de proc\u00e9der \u00e0 mon inscription administrative <b>\u00e0 l&rsquo;un de ses 3 \u00e9tablissements<\/b>&nbsp; (paiement des droits de scolarit\u00e9)&nbsp;<strong><span style=\"font-family: var( --e-global-typography-text-font-family ), Sans-serif; color: var(--ast-global-color-3); font-size: 1rem;\">en fonction des consignes que je recevrai par mail<\/span><\/strong><span style=\"font-family: var( --e-global-typography-text-font-family ), Sans-serif; font-weight: var( --e-global-typography-text-font-weight ); color: var(--ast-global-color-3); font-size: 1rem;\">.<\/span><\/div>\n<div>Si inscription via Lyon1 :&nbsp;<span style=\"font-family: var( --e-global-typography-text-font-family ), Sans-serif; font-weight: var( --e-global-typography-text-font-weight ); background-color: var(--ast-global-color-5); color: var(--ast-global-color-3); font-size: 1rem;\">&nbsp;<\/span><a style=\"font-family: var( --e-global-typography-text-font-family ), Sans-serif; font-weight: var( --e-global-typography-text-font-weight ); font-size: 1rem; background-color: #ffffff;\" href=\"https:\/\/www.univ-lyon1.fr\/formation\/inscription-et-scolarite\/sinscrire-suite-a-une-admission-via-ecandidat-niveau-detude-hors-licence-premiere-annee\" target=\"_blank\" rel=\"noopener\">IA WEB<\/a><span style=\"font-family: var( --e-global-typography-text-font-family ), Sans-serif; font-weight: var( --e-global-typography-text-font-weight ); background-color: var(--ast-global-color-5); color: var(--ast-global-color-3); font-size: 1rem;\">&nbsp;qui sera ouvert&nbsp;<\/span><i style=\"text-indent: -24px;\"><span style=\"font-size: 13pt; font-family: Roboto; color: rgb(25, 107, 36);\">du 06 juillet au 04 septembre 2026 (fermeture administrative du 25\/07\/26 au 16\/08\/26)<\/span><\/i><span style=\"font-family: var( --e-global-typography-text-font-family ), Sans-serif; font-weight: var( --e-global-typography-text-font-weight ); background-color: var(--ast-global-color-5); font-size: 1rem; color: #993366;\"><em>.<\/em><\/span><\/div>\n<p>Pour cette \u00e9tape, j&rsquo;aurai besoin : de mon&nbsp;<span style=\"font-family: var( --e-global-typography-text-font-family ), Sans-serif; font-weight: var( --e-global-typography-text-font-weight ); color: var(--ast-global-color-3); font-size: 1rem;\">num\u00e9ro de s\u00e9curit\u00e9 sociale (INSEE), INE, de la CVEC acquitt\u00e9e ainsi que d&rsquo;une carte de paiement en cours de validit\u00e9.<\/span><\/p>\n<p><span style=\"font-style: inherit; font-weight: inherit; font-family: var( --e-global-typography-text-font-family ), Sans-serif; color: var(--ast-global-color-3);\">nb: J&rsquo;obtiens le num\u00e9ro d&rsquo;attestation de paiement de la CVEC (Contribution de la Vie \u00e9tudiante et de campus) ici : www.messervices.etudiant.gouv.fr<\/span><\/p>\n<div>\n<p>&nbsp;<i>Quel que soit l&rsquo;\u00e9tablissement d&rsquo;inscription principale (paiement des droits), une inscription secondaire sera effectu\u00e9e \u00e0 l&rsquo;ENS-lyon et\/ou l&rsquo;Universit\u00e9 Lyon1 o\u00f9 se d\u00e9roulent les enseignements.<\/i><\/p>\n<\/div><\/div>\n\t\t\t\t<\/div>\n\t\t\t\t\t\t\t<div class=\"elementor-accordion-item\">\n\t\t\t\t\t<div id=\"elementor-tab-title-8323\" class=\"elementor-tab-title\" data-tab=\"3\" role=\"button\" aria-controls=\"elementor-tab-content-8323\" aria-expanded=\"false\">\n\t\t\t\t\t\t\t\t\t\t\t\t\t<span class=\"elementor-accordion-icon elementor-accordion-icon-left\" aria-hidden=\"true\">\n\t\t\t\t\t\t\t\t\t\t\t\t\t\t\t<span class=\"elementor-accordion-icon-closed\"><i class=\"fas fa-plus\"><\/i><\/span>\n\t\t\t\t\t\t\t\t<span class=\"elementor-accordion-icon-opened\"><i class=\"fas fa-minus\"><\/i><\/span>\n\t\t\t\t\t\t\t\t\t\t\t\t\t\t<\/span>\n\t\t\t\t\t\t\t\t\t\t\t\t<a class=\"elementor-accordion-title\" tabindex=\"0\">Rentr\u00e9e p\u00e9dagogique<\/a>\n\t\t\t\t\t<\/div>\n\t\t\t\t\t<div id=\"elementor-tab-content-8323\" class=\"elementor-tab-content elementor-clearfix\" data-tab=\"3\" role=\"region\" aria-labelledby=\"elementor-tab-title-8323\"><ul style=\"font-size: 21.25px; font-style: normal;\"><li><strong>R\u00e9unions de rentr\u00e9e \u00e0 l\u2019ENS<\/strong>\u00a0d\u00e8s le 01 septembre 2025.\u00a0<em>Consultez\u00a0<a title=\"\" href=\"http:\/\/www.ens-lyon.fr\/formation\/inscription-scolarite\/inscription-et-reinscription-lens-de-lyon\" target=\"_self\">la circulaire de rentr\u00e9e<\/a>\u00a0de l\u2019ENS<\/em>.<\/li><li><strong>Terrain pour les normaliens dans le cadre du Dipl\u00f4me de l\u2019ENS<\/strong> : 08-10 septembre 2025<\/li><li><strong>Soutenances des ex-L3G\u00e9ologues<\/strong>\u00a0:\u00a0\u00a0jeudi 11 septembre 2025, 114h \u00e0 l\u2019ENS &#8211; amphi K+L<\/li><li><span style=\"font-size: 17px;\"><b>Conf\u00e9rences OSU<\/b> :\u00a0<\/span><span style=\"font-size: 17px; color: #99cc00;\">08\/09\/2025 9h-12h, salle Fontannes Darwin D<\/span><\/li><li><strong>R\u00e9union de pr\u00e9sentation<\/strong>\u00a0du d\u00e9partement des Sciences de la Terre et\u00a0<strong>choix des UEs<\/strong> :\u00a0 <span style=\"color: #99cc00;\">jeudi 11 septembre 2025 de 10h15 \u00e0 12h15 \u00e0 l&rsquo;ENS, amphi K<\/span><\/li><li><strong>Journ\u00e9e d\u2019int\u00e9gration\u00a0<\/strong>: mardi 10 septembre 2024<\/li><li>\u00a0<strong>D\u00e9but des cours<\/strong> : lundi 15 Septembre 2025<\/li><li><b>Remise \u00e0 niveau en Maths<\/b> : \u00e0 partir du 02 septembre 2025.<\/li><\/ul><\/div>\n\t\t\t\t<\/div>\n\t\t\t\t\t\t\t\t<\/div>\n\t\t\t\t\t\t<\/div>\n\t\t\t\t<\/div>\n\t\t\t\t<div class=\"elementor-element elementor-element-2e9d461 elementor-widget elementor-widget-html\" data-id=\"2e9d461\" data-element_type=\"widget\" data-e-type=\"widget\" data-widget_type=\"html.default\">\n\t\t\t\t<div class=\"elementor-widget-container\">\n\t\t\t\t\t<script> \njQuery(document).ready(function($) { \nvar delay = 100; setTimeout(function() { \n$('.elementor-tab-title').removeClass('elementor-active');\n $('.elementor-tab-content').css('display', 'none'); }, delay); \n}); \n<\/script>\t\t\t\t<\/div>\n\t\t\t\t<\/div>\n\t\t\t\t\t<\/div>\n\t\t<\/div>\n\t\t\t\t\t<\/div>\n\t\t<\/section>\n\t\t\t\t<section class=\"elementor-section elementor-top-section elementor-element elementor-element-9554347 elementor-section-boxed elementor-section-height-default elementor-section-height-default\" data-id=\"9554347\" data-element_type=\"section\" data-e-type=\"section\">\n\t\t\t\t\t\t<div class=\"elementor-container elementor-column-gap-default\">\n\t\t\t\t\t<div class=\"elementor-column elementor-col-100 elementor-top-column elementor-element elementor-element-34707c6\" data-id=\"34707c6\" data-element_type=\"column\" data-e-type=\"column\">\n\t\t\t<div class=\"elementor-widget-wrap elementor-element-populated\">\n\t\t\t\t\t\t<div class=\"elementor-element elementor-element-74e6c5a elementor-widget elementor-widget-text-editor\" data-id=\"74e6c5a\" data-element_type=\"widget\" data-e-type=\"widget\" data-widget_type=\"text-editor.default\">\n\t\t\t\t<div class=\"elementor-widget-container\">\n\t\t\t\t\t\t\t\t\t<p style=\"text-align: center;\"><b>\u00a0<\/b><\/p><p style=\"text-align: center;\"><b>For further information and in any case<\/b>,<\/p><p style=\"text-align: center;\">je contacte les secr\u00e9tariats des d\u00e9partements des Sciences de la Terre de l\u2019ENS ou de l\u2019UCBL :<\/p><p style=\"text-align: center;\"><b>ENS Lyon<\/b> (<a class=\"mail-link\" href=\"mailto:laura.osma-ramirez@ens-lyon.fr\">Mrs Laura OSMA-RAMIREZ<\/a>) : +33 04 72 72 84 99<\/p><p style=\"text-align: center;\"><b>University Lyon 1<\/b> (<a href=\"mailto:oriane.marduel@univ-lyon1.fr\">Mrs Oriane Marduel<\/a>) : +33 04 72 44 84 85<\/p><p style=\"text-align: center;\">\u00a0<\/p>\t\t\t\t\t\t\t\t<\/div>\n\t\t\t\t<\/div>\n\t\t\t\t\t<\/div>\n\t\t<\/div>\n\t\t\t\t\t<\/div>\n\t\t<\/section>\n\t\t\t\t<\/div>","protected":false},"excerpt":{"rendered":"<p>Je souhaite m&rsquo;inscrire en M1 STPE Retour \u00e0 la page pr\u00e9c\u00e9dente Je suis candidat MODALIT\u00c9S DE CANDIDATURE : Il s&rsquo;agit d&rsquo;un Master s\u00e9lectif : 24 places sont disponibles.&nbsp; Pour candidater, je d\u00e9pose un dossier sur la plateforme&nbsp;MonMaster.&nbsp;&nbsp; Dates de d\u00e9p\u00f4t des candidatures : 12\/02-16\/03\/2026 Modalit\u00e9s d&rsquo;inscription administrative Rappel : C&rsquo;est un Master co-accr\u00e9dit\u00e9 entre 3 [&hellip;]<\/p>\n","protected":false},"author":5,"featured_media":0,"parent":31,"menu_order":0,"comment_status":"closed","ping_status":"closed","template":"","meta":{"site-sidebar-layout":"no-sidebar","site-content-layout":"page-builder","ast-site-content-layout":"default","site-content-style":"default","site-sidebar-style":"default","ast-global-header-display":"","ast-banner-title-visibility":"","ast-main-header-display":"","ast-hfb-above-header-display":"","ast-hfb-below-header-display":"","ast-hfb-mobile-header-display":"","site-post-title":"disabled","ast-breadcrumbs-content":"","ast-featured-img":"disabled","footer-sml-layout":"","ast-disable-related-posts":"","theme-transparent-header-meta":"","adv-header-id-meta":"","stick-header-meta":"","header-above-stick-meta":"","header-main-stick-meta":"","header-below-stick-meta":"","astra-migrate-meta-layouts":"default","ast-page-background-enabled":"default","ast-page-background-meta":{"desktop":{"background-color":"var(--ast-global-color-4)","background-image":"","background-repeat":"repeat","background-position":"center center","background-size":"auto","background-attachment":"scroll","background-type":"","background-media":"","overlay-type":"","overlay-color":"","overlay-opacity":"","overlay-gradient":""},"tablet":{"background-color":"","background-image":"","background-repeat":"repeat","background-position":"center center","background-size":"auto","background-attachment":"scroll","background-type":"","background-media":"","overlay-type":"","overlay-color":"","overlay-opacity":"","overlay-gradient":""},"mobile":{"background-color":"","background-image":"","background-repeat":"repeat","background-position":"center center","background-size":"auto","background-attachment":"scroll","background-type":"","background-media":"","overlay-type":"","overlay-color":"","overlay-opacity":"","overlay-gradient":""}},"ast-content-background-meta":{"desktop":{"background-color":"var(--ast-global-color-5)","background-image":"","background-repeat":"repeat","background-position":"center center","background-size":"auto","background-attachment":"scroll","background-type":"","background-media":"","overlay-type":"","overlay-color":"","overlay-opacity":"","overlay-gradient":""},"tablet":{"background-color":"var(--ast-global-color-5)","background-image":"","background-repeat":"repeat","background-position":"center center","background-size":"auto","background-attachment":"scroll","background-type":"","background-media":"","overlay-type":"","overlay-color":"","overlay-opacity":"","overlay-gradient":""},"mobile":{"background-color":"var(--ast-global-color-5)","background-image":"","background-repeat":"repeat","background-position":"center center","background-size":"auto","background-attachment":"scroll","background-type":"","background-media":"","overlay-type":"","overlay-color":"","overlay-opacity":"","overlay-gradient":""}},"footnotes":""},"class_list":["post-3227","page","type-page","status-publish","hentry"],"_links":{"self":[{"href":"https:\/\/lyongeologie.fr\/en\/wp-json\/wp\/v2\/pages\/3227","targetHints":{"allow":["GET"]}}],"collection":[{"href":"https:\/\/lyongeologie.fr\/en\/wp-json\/wp\/v2\/pages"}],"about":[{"href":"https:\/\/lyongeologie.fr\/en\/wp-json\/wp\/v2\/types\/page"}],"author":[{"embeddable":true,"href":"https:\/\/lyongeologie.fr\/en\/wp-json\/wp\/v2\/users\/5"}],"replies":[{"embeddable":true,"href":"https:\/\/lyongeologie.fr\/en\/wp-json\/wp\/v2\/comments?post=3227"}],"version-history":[{"count":169,"href":"https:\/\/lyongeologie.fr\/en\/wp-json\/wp\/v2\/pages\/3227\/revisions"}],"predecessor-version":[{"id":19245,"href":"https:\/\/lyongeologie.fr\/en\/wp-json\/wp\/v2\/pages\/3227\/revisions\/19245"}],"up":[{"embeddable":true,"href":"https:\/\/lyongeologie.fr\/en\/wp-json\/wp\/v2\/pages\/31"}],"wp:attachment":[{"href":"https:\/\/lyongeologie.fr\/en\/wp-json\/wp\/v2\/media?parent=3227"}],"curies":[{"name":"wp","href":"https:\/\/api.w.org\/{rel}","templated":true}]}}