{"id":3161,"date":"2022-01-31T23:02:01","date_gmt":"2022-01-31T22:02:01","guid":{"rendered":"https:\/\/lyon-geologie.univ-lyon1.fr\/?page_id=3161"},"modified":"2022-02-13T21:02:50","modified_gmt":"2022-02-13T20:02:50","slug":"l2-terrain","status":"publish","type":"page","link":"https:\/\/lyongeologie.fr\/en\/l2-geosciences\/l2-terrain\/","title":{"rendered":"L2 \u00c9coles de terrain"},"content":{"rendered":"<div data-elementor-type=\"wp-page\" data-elementor-id=\"3161\" class=\"elementor elementor-3161\">\n\t\t\t\t\t\t<section class=\"elementor-section elementor-top-section elementor-element elementor-element-0ec58f9 elementor-section-boxed elementor-section-height-default elementor-section-height-default\" data-id=\"0ec58f9\" data-element_type=\"section\" data-e-type=\"section\">\n\t\t\t\t\t\t<div class=\"elementor-container elementor-column-gap-default\">\n\t\t\t\t\t<div class=\"elementor-column elementor-col-100 elementor-top-column elementor-element elementor-element-5bb439d\" data-id=\"5bb439d\" data-element_type=\"column\" data-e-type=\"column\">\n\t\t\t<div class=\"elementor-widget-wrap elementor-element-populated\">\n\t\t\t\t\t\t<div class=\"elementor-element elementor-element-95f3dd0 elementor-widget elementor-widget-text-editor\" data-id=\"95f3dd0\" data-element_type=\"widget\" data-e-type=\"widget\" data-widget_type=\"text-editor.default\">\n\t\t\t\t<div class=\"elementor-widget-container\">\n\t\t\t\t\t\t\t\t\t<h2><b>Ecole de Terrain &#8211; M\u00e9thodes de base<\/b><\/h2>\t\t\t\t\t\t\t\t<\/div>\n\t\t\t\t<\/div>\n\t\t\t\t\t<\/div>\n\t\t<\/div>\n\t\t\t\t\t<\/div>\n\t\t<\/section>\n\t\t\t\t<section class=\"elementor-section elementor-top-section elementor-element elementor-element-3bf6345 elementor-section-boxed elementor-section-height-default elementor-section-height-default\" data-id=\"3bf6345\" data-element_type=\"section\" data-e-type=\"section\">\n\t\t\t\t\t\t<div class=\"elementor-container elementor-column-gap-default\">\n\t\t\t\t\t<div class=\"elementor-column elementor-col-33 elementor-top-column elementor-element elementor-element-e382cff\" data-id=\"e382cff\" data-element_type=\"column\" data-e-type=\"column\">\n\t\t\t<div class=\"elementor-widget-wrap elementor-element-populated\">\n\t\t\t\t\t\t<div class=\"elementor-element elementor-element-fa77ec0 elementor-widget elementor-widget-text-editor\" data-id=\"fa77ec0\" data-element_type=\"widget\" data-e-type=\"widget\" data-widget_type=\"text-editor.default\">\n\t\t\t\t<div class=\"elementor-widget-container\">\n\t\t\t\t\t\t\t\t\t<p style=\"text-align: center;\"><em>Credits: <\/em>6 ECTS<em><br \/><\/em><\/p><p style=\"text-align: center;\"><em>Semestre :<\/em> Printemps (S4)<\/p><p style=\"text-align: center;\"><em>Contact: <a href=\"mailto:claude.colombie@univ-lyon1.fr\">Claude COLOMBI\u00c9<\/a><\/em><\/p>\t\t\t\t\t\t\t\t<\/div>\n\t\t\t\t<\/div>\n\t\t\t\t<div class=\"elementor-element elementor-element-f15b9c5 elementor-widget elementor-widget-image\" data-id=\"f15b9c5\" data-element_type=\"widget\" data-e-type=\"widget\" data-widget_type=\"image.default\">\n\t\t\t\t<div class=\"elementor-widget-container\">\n\t\t\t\t\t\t\t\t\t\t\t\t\t\t\t<img decoding=\"async\" width=\"150\" height=\"150\" src=\"https:\/\/lyongeologie.fr\/wp-content\/uploads\/2022\/02\/Claude_Colombie.jpg.png\" class=\"attachment-large size-large wp-image-8879\" alt=\"\" \/>\t\t\t\t\t\t\t\t\t\t\t\t\t\t\t<\/div>\n\t\t\t\t<\/div>\n\t\t\t\t<div class=\"elementor-element elementor-element-dd82f1e elementor-align-center elementor-widget elementor-widget-button\" data-id=\"dd82f1e\" data-element_type=\"widget\" data-e-type=\"widget\" data-widget_type=\"button.default\">\n\t\t\t\t<div class=\"elementor-widget-container\">\n\t\t\t\t\t\t\t\t\t<div class=\"elementor-button-wrapper\">\n\t\t\t\t\t<a class=\"elementor-button elementor-button-link elementor-size-sm\" href=\"https:\/\/lyon-geologie.univ-lyon1.fr\/l2-geosciences\/#l2_tc\">\n\t\t\t\t\t\t<span class=\"elementor-button-content-wrapper\">\n\t\t\t\t\t\t\t\t\t<span class=\"elementor-button-text\">Back to the previous page<\/span>\n\t\t\t\t\t<\/span>\n\t\t\t\t\t<\/a>\n\t\t\t\t<\/div>\n\t\t\t\t\t\t\t\t<\/div>\n\t\t\t\t<\/div>\n\t\t\t\t\t<\/div>\n\t\t<\/div>\n\t\t\t\t<div class=\"elementor-column elementor-col-66 elementor-top-column elementor-element elementor-element-152c439\" data-id=\"152c439\" data-element_type=\"column\" data-e-type=\"column\">\n\t\t\t<div class=\"elementor-widget-wrap elementor-element-populated\">\n\t\t\t\t\t\t<div class=\"elementor-element elementor-element-48120fc e-transform elementor-widget elementor-widget-text-editor\" data-id=\"48120fc\" data-element_type=\"widget\" data-e-type=\"widget\" data-settings=\"{&quot;_transform_translateX_effect&quot;:{&quot;unit&quot;:&quot;px&quot;,&quot;size&quot;:&quot;&quot;,&quot;sizes&quot;:[]},&quot;_transform_translateX_effect_tablet&quot;:{&quot;unit&quot;:&quot;px&quot;,&quot;size&quot;:&quot;&quot;,&quot;sizes&quot;:[]},&quot;_transform_translateX_effect_mobile&quot;:{&quot;unit&quot;:&quot;px&quot;,&quot;size&quot;:&quot;&quot;,&quot;sizes&quot;:[]},&quot;_transform_translateY_effect&quot;:{&quot;unit&quot;:&quot;px&quot;,&quot;size&quot;:&quot;&quot;,&quot;sizes&quot;:[]},&quot;_transform_translateY_effect_tablet&quot;:{&quot;unit&quot;:&quot;px&quot;,&quot;size&quot;:&quot;&quot;,&quot;sizes&quot;:[]},&quot;_transform_translateY_effect_mobile&quot;:{&quot;unit&quot;:&quot;px&quot;,&quot;size&quot;:&quot;&quot;,&quot;sizes&quot;:[]}}\" data-widget_type=\"text-editor.default\">\n\t\t\t\t<div class=\"elementor-widget-container\">\n\t\t\t\t\t\t\t\t\t<p>L\u2019objectif de ces 9 jours de stage est de vous faire acqu\u00e9rir les <strong>techniques de base d\u2019analyse de terrain<\/strong> dans les 3 grands domaines de la <strong>p\u00e9trographie<\/strong> : magmatique, m\u00e9tamorphique et s\u00e9dimentaire, avec une <strong>approche dynamique<\/strong> de la formation des roches observ\u00e9es.\u00a0<\/p><p>Dans le <strong>domaine s\u00e9dimentaire<\/strong>, l\u2019analyse de faci\u00e8s et le lev\u00e9 de coupes serviront de base \u00e0 l\u2019interpr\u00e9tation en environnements de d\u00e9p\u00f4t de syst\u00e8mes carbonat\u00e9s et silicoclastiques. Ce travail concernera les affleurements de Molinges, du Lac du Bourget et du Barrage de G\u00e9nissiat. <\/p>\t\t\t\t\t\t\t\t<\/div>\n\t\t\t\t<\/div>\n\t\t\t\t<div class=\"elementor-element elementor-element-f1c03b7 elementor-widget elementor-widget-image\" data-id=\"f1c03b7\" data-element_type=\"widget\" data-e-type=\"widget\" data-widget_type=\"image.default\">\n\t\t\t\t<div class=\"elementor-widget-container\">\n\t\t\t\t\t\t\t\t\t\t\t\t<figure class=\"wp-caption\">\n\t\t\t\t\t\t\t\t\t\t<img fetchpriority=\"high\" decoding=\"async\" width=\"710\" height=\"325\" src=\"https:\/\/lyongeologie.fr\/wp-content\/uploads\/2022\/02\/L2_terrain_sedim.png\" class=\"attachment-large size-large wp-image-8977\" alt=\"\" srcset=\"https:\/\/lyongeologie.fr\/wp-content\/uploads\/2022\/02\/L2_terrain_sedim.png 710w, https:\/\/lyongeologie.fr\/wp-content\/uploads\/2022\/02\/L2_terrain_sedim-300x137.png 300w\" sizes=\"(max-width: 710px) 100vw, 710px\" \/>\t\t\t\t\t\t\t\t\t\t\t<figcaption class=\"widget-image-caption wp-caption-text\"><i><small>Domaine s\u00e9dimentaire : a - Faci\u00e8s carbonat\u00e9s de la coupe de Molinges dans l\u2019Oxfordien du Jura (Olivier et al. 2010) ; b - <a href=\"https:\/\/www.camptocamp.org\/routes\/899562\/fr\/la-chambotte-la-45-et-la-60-m\">Falaise cr\u00e9tac\u00e9e de la Chambotte<\/a> au-dessus du Lac du Bourget.<\/small><\/i><\/figcaption>\n\t\t\t\t\t\t\t\t\t\t<\/figure>\n\t\t\t\t\t\t\t\t\t<\/div>\n\t\t\t\t<\/div>\n\t\t\t\t<div class=\"elementor-element elementor-element-9e4bc00 elementor-widget elementor-widget-text-editor\" data-id=\"9e4bc00\" data-element_type=\"widget\" data-e-type=\"widget\" data-widget_type=\"text-editor.default\">\n\t\t\t\t<div class=\"elementor-widget-container\">\n\t\t\t\t\t\t\t\t\t<p>Dans le <strong>domaine magmatique<\/strong> (<a href=\"https:\/\/clarolineconnect.univ-lyon1.fr\/uploads\/webresource\/f0bd450a-b59a-489d-ac52-250947d2e507.zip\/TGV_velay_03_exporter\/index.html\">voir le terrain-virtuel correspondant<\/a>), les structures des corps magmatiques et les lithologies associ\u00e9es seront analys\u00e9es afin de reconstituer les m\u00e9canismes de mise en place des magmas et les dynamiques \u00e9ruptives, les processus de fusion mantellique ou crustale et les processus de diff\u00e9renciation des magmas.\u00a0<\/p>\t\t\t\t\t\t\t\t<\/div>\n\t\t\t\t<\/div>\n\t\t\t\t<div class=\"elementor-element elementor-element-7f93440 elementor-widget elementor-widget-image\" data-id=\"7f93440\" data-element_type=\"widget\" data-e-type=\"widget\" data-widget_type=\"image.default\">\n\t\t\t\t<div class=\"elementor-widget-container\">\n\t\t\t\t\t\t\t\t\t\t\t\t<figure class=\"wp-caption\">\n\t\t\t\t\t\t\t\t\t\t<img decoding=\"async\" width=\"708\" height=\"156\" src=\"https:\/\/lyongeologie.fr\/wp-content\/uploads\/2022\/02\/L2_terrain_magmato.png\" class=\"attachment-large size-large wp-image-8975\" alt=\"\" srcset=\"https:\/\/lyongeologie.fr\/wp-content\/uploads\/2022\/02\/L2_terrain_magmato.png 708w, https:\/\/lyongeologie.fr\/wp-content\/uploads\/2022\/02\/L2_terrain_magmato-300x66.png 300w\" sizes=\"(max-width: 708px) 100vw, 708px\" \/>\t\t\t\t\t\t\t\t\t\t\t<figcaption class=\"widget-image-caption wp-caption-text\"><i><small>Domaine magmatique : travail en carri\u00e8re et sur le terrain par tous les temps et en temps de covid.<\/small><\/i><\/figcaption>\n\t\t\t\t\t\t\t\t\t\t<\/figure>\n\t\t\t\t\t\t\t\t\t<\/div>\n\t\t\t\t<\/div>\n\t\t\t\t<div class=\"elementor-element elementor-element-4839056 elementor-widget elementor-widget-text-editor\" data-id=\"4839056\" data-element_type=\"widget\" data-e-type=\"widget\" data-widget_type=\"text-editor.default\">\n\t\t\t\t<div class=\"elementor-widget-container\">\n\t\t\t\t\t\t\t\t\t<p>Dans le <strong>domaine m\u00e9tamorphique<\/strong>, l&rsquo;\u00e9tude des structures et des parag\u00e9n\u00e8ses des roches m\u00e9tamorphiques servira \u00e0 d\u00e9terminer les protolithes et \u00e0 reconstituer les conditions de d\u00e9formation et de recristallisation au cours de l&rsquo;\u00e9dification d&rsquo;une cha\u00eene de montagne. Ce travail s\u2019effectuera dans les C\u00e9vennes pr\u00e8s de Saint Jean du Gard (cha\u00eene hercynienne, Sud du Massif Central). <\/p>\t\t\t\t\t\t\t\t<\/div>\n\t\t\t\t<\/div>\n\t\t\t\t<div class=\"elementor-element elementor-element-a837623 elementor-widget elementor-widget-image\" data-id=\"a837623\" data-element_type=\"widget\" data-e-type=\"widget\" data-widget_type=\"image.default\">\n\t\t\t\t<div class=\"elementor-widget-container\">\n\t\t\t\t\t\t\t\t\t\t\t\t<figure class=\"wp-caption\">\n\t\t\t\t\t\t\t\t\t\t<img loading=\"lazy\" decoding=\"async\" width=\"1016\" height=\"267\" src=\"https:\/\/lyongeologie.fr\/wp-content\/uploads\/2022\/01\/l2_terrain.jpg\" class=\"attachment-large size-large wp-image-3181\" alt=\"\" srcset=\"https:\/\/lyongeologie.fr\/wp-content\/uploads\/2022\/01\/l2_terrain.jpg 1016w, https:\/\/lyongeologie.fr\/wp-content\/uploads\/2022\/01\/l2_terrain-300x79.jpg 300w, https:\/\/lyongeologie.fr\/wp-content\/uploads\/2022\/01\/l2_terrain-768x202.jpg 768w\" sizes=\"(max-width: 1016px) 100vw, 1016px\" \/>\t\t\t\t\t\t\t\t\t\t\t<figcaption class=\"widget-image-caption wp-caption-text\"><i><small>Domaine m\u00e9tamorphique : Structures tectoniques, affleurement de rivi\u00e8re, faci\u00e8s p\u00e9trologiques vari\u00e9s.<\/small><\/i><\/figcaption>\n\t\t\t\t\t\t\t\t\t\t<\/figure>\n\t\t\t\t\t\t\t\t\t<\/div>\n\t\t\t\t<\/div>\n\t\t\t\t<div class=\"elementor-element elementor-element-286cf18 elementor-widget elementor-widget-text-editor\" data-id=\"286cf18\" data-element_type=\"widget\" data-e-type=\"widget\" data-widget_type=\"text-editor.default\">\n\t\t\t\t<div class=\"elementor-widget-container\">\n\t\t\t\t\t\t\t\t\t<p>Un dernier volet de cet enseignement consistera en un travail personnel de terrain effectu\u00e9 par les \u00e9tudiants dans l&rsquo;un des 3 domaines s\u00e9dimentaire, magmatique ou m\u00e9tamorphique, qui s&rsquo;appuiera sur la <strong>cartographie g\u00e9ologique<\/strong>.<\/p>\t\t\t\t\t\t\t\t<\/div>\n\t\t\t\t<\/div>\n\t\t\t\t\t<\/div>\n\t\t<\/div>\n\t\t\t\t\t<\/div>\n\t\t<\/section>\n\t\t\t\t<\/div>","protected":false},"excerpt":{"rendered":"<p>Ecole de Terrain &#8211; M\u00e9thodes de base Cr\u00e9dits : 6 ECTS Semestre : Printemps (S4) Responsable : Claude COLOMBI\u00c9 Retour \u00e0 la liste des UEs L\u2019objectif de ces 9 jours de stage est de vous faire acqu\u00e9rir les techniques de base d\u2019analyse de terrain dans les 3 grands domaines de la p\u00e9trographie : magmatique, m\u00e9tamorphique [&hellip;]<\/p>\n","protected":false},"author":3,"featured_media":0,"parent":479,"menu_order":0,"comment_status":"closed","ping_status":"closed","template":"","meta":{"site-sidebar-layout":"no-sidebar","site-content-layout":"page-builder","ast-site-content-layout":"default","site-content-style":"default","site-sidebar-style":"default","ast-global-header-display":"","ast-banner-title-visibility":"","ast-main-header-display":"","ast-hfb-above-header-display":"","ast-hfb-below-header-display":"","ast-hfb-mobile-header-display":"","site-post-title":"disabled","ast-breadcrumbs-content":"","ast-featured-img":"disabled","footer-sml-layout":"","ast-disable-related-posts":"","theme-transparent-header-meta":"","adv-header-id-meta":"","stick-header-meta":"","header-above-stick-meta":"","header-main-stick-meta":"","header-below-stick-meta":"","astra-migrate-meta-layouts":"default","ast-page-background-enabled":"default","ast-page-background-meta":{"desktop":{"background-color":"var(--ast-global-color-4)","background-image":"","background-repeat":"repeat","background-position":"center center","background-size":"auto","background-attachment":"scroll","background-type":"","background-media":"","overlay-type":"","overlay-color":"","overlay-opacity":"","overlay-gradient":""},"tablet":{"background-color":"","background-image":"","background-repeat":"repeat","background-position":"center center","background-size":"auto","background-attachment":"scroll","background-type":"","background-media":"","overlay-type":"","overlay-color":"","overlay-opacity":"","overlay-gradient":""},"mobile":{"background-color":"","background-image":"","background-repeat":"repeat","background-position":"center center","background-size":"auto","background-attachment":"scroll","background-type":"","background-media":"","overlay-type":"","overlay-color":"","overlay-opacity":"","overlay-gradient":""}},"ast-content-background-meta":{"desktop":{"background-color":"var(--ast-global-color-5)","background-image":"","background-repeat":"repeat","background-position":"center center","background-size":"auto","background-attachment":"scroll","background-type":"","background-media":"","overlay-type":"","overlay-color":"","overlay-opacity":"","overlay-gradient":""},"tablet":{"background-color":"var(--ast-global-color-5)","background-image":"","background-repeat":"repeat","background-position":"center center","background-size":"auto","background-attachment":"scroll","background-type":"","background-media":"","overlay-type":"","overlay-color":"","overlay-opacity":"","overlay-gradient":""},"mobile":{"background-color":"var(--ast-global-color-5)","background-image":"","background-repeat":"repeat","background-position":"center center","background-size":"auto","background-attachment":"scroll","background-type":"","background-media":"","overlay-type":"","overlay-color":"","overlay-opacity":"","overlay-gradient":""}},"footnotes":""},"class_list":["post-3161","page","type-page","status-publish","hentry"],"_links":{"self":[{"href":"https:\/\/lyongeologie.fr\/en\/wp-json\/wp\/v2\/pages\/3161","targetHints":{"allow":["GET"]}}],"collection":[{"href":"https:\/\/lyongeologie.fr\/en\/wp-json\/wp\/v2\/pages"}],"about":[{"href":"https:\/\/lyongeologie.fr\/en\/wp-json\/wp\/v2\/types\/page"}],"author":[{"embeddable":true,"href":"https:\/\/lyongeologie.fr\/en\/wp-json\/wp\/v2\/users\/3"}],"replies":[{"embeddable":true,"href":"https:\/\/lyongeologie.fr\/en\/wp-json\/wp\/v2\/comments?post=3161"}],"version-history":[{"count":48,"href":"https:\/\/lyongeologie.fr\/en\/wp-json\/wp\/v2\/pages\/3161\/revisions"}],"predecessor-version":[{"id":13225,"href":"https:\/\/lyongeologie.fr\/en\/wp-json\/wp\/v2\/pages\/3161\/revisions\/13225"}],"up":[{"embeddable":true,"href":"https:\/\/lyongeologie.fr\/en\/wp-json\/wp\/v2\/pages\/479"}],"wp:attachment":[{"href":"https:\/\/lyongeologie.fr\/en\/wp-json\/wp\/v2\/media?parent=3161"}],"curies":[{"name":"wp","href":"https:\/\/api.w.org\/{rel}","templated":true}]}}