{"id":31,"date":"2022-01-27T23:22:56","date_gmt":"2022-01-27T22:22:56","guid":{"rendered":"https:\/\/lyon-geologie.univ-lyon1.fr\/?page_id=31"},"modified":"2025-11-03T16:53:31","modified_gmt":"2025-11-03T15:53:31","slug":"admissions","status":"publish","type":"page","link":"https:\/\/lyongeologie.fr\/en\/admissions\/","title":{"rendered":"JOIN US !"},"content":{"rendered":"<div data-elementor-type=\"wp-page\" data-elementor-id=\"31\" class=\"elementor elementor-31\">\n\t\t\t\t\t\t<section class=\"elementor-section elementor-top-section elementor-element elementor-element-a0f4095 elementor-section-boxed elementor-section-height-default elementor-section-height-default\" data-id=\"a0f4095\" data-element_type=\"section\" data-e-type=\"section\">\n\t\t\t\t\t\t<div class=\"elementor-container elementor-column-gap-default\">\n\t\t\t\t\t<div class=\"elementor-column elementor-col-100 elementor-top-column elementor-element elementor-element-efd906f\" data-id=\"efd906f\" data-element_type=\"column\" data-e-type=\"column\">\n\t\t\t<div class=\"elementor-widget-wrap elementor-element-populated\">\n\t\t\t\t\t\t<div class=\"elementor-element elementor-element-bdb447e elementor-widget elementor-widget-text-editor\" data-id=\"bdb447e\" data-element_type=\"widget\" data-e-type=\"widget\" data-widget_type=\"text-editor.default\">\n\t\t\t\t<div class=\"elementor-widget-container\">\n\t\t\t\t\t\t\t\t\t<h2 class=\"translation-block\">APPLICATIONS<\/h2>\n<p class=\"translation-block\"><strong>You'll find here all the practical informations to apply to our courses depending on your situation<\/strong>\n\n<p> Before applying, make sure to also read the documentation found <a href=\"https:\/\/lyongeologie.fr\/en\/echanges-internationaux\/\" target=\"_self\">here<\/a>.<\/p><\/p>\t\t\t\t\t\t\t\t<\/div>\n\t\t\t\t<\/div>\n\t\t\t\t\t<\/div>\n\t\t<\/div>\n\t\t\t\t\t<\/div>\n\t\t<\/section>\n\t\t\t\t<section class=\"elementor-section elementor-top-section elementor-element elementor-element-45d5128 elementor-section-boxed elementor-section-height-default elementor-section-height-default\" data-id=\"45d5128\" data-element_type=\"section\" data-e-type=\"section\">\n\t\t\t\t\t\t<div class=\"elementor-container elementor-column-gap-default\">\n\t\t\t\t\t<div class=\"elementor-column elementor-col-100 elementor-top-column elementor-element elementor-element-921e10a\" data-id=\"921e10a\" data-element_type=\"column\" data-e-type=\"column\">\n\t\t\t<div class=\"elementor-widget-wrap elementor-element-populated\">\n\t\t\t\t\t\t<div class=\"elementor-element elementor-element-42df9e9 elementor-widget elementor-widget-accordion\" data-id=\"42df9e9\" data-element_type=\"widget\" data-e-type=\"widget\" data-widget_type=\"accordion.default\">\n\t\t\t\t<div class=\"elementor-widget-container\">\n\t\t\t\t\t\t\t<div class=\"elementor-accordion\">\n\t\t\t\t\t\t\t<div class=\"elementor-accordion-item\">\n\t\t\t\t\t<div id=\"elementor-tab-title-7011\" class=\"elementor-tab-title\" data-tab=\"1\" role=\"button\" aria-controls=\"elementor-tab-content-7011\" aria-expanded=\"false\">\n\t\t\t\t\t\t\t\t\t\t\t\t\t<span class=\"elementor-accordion-icon elementor-accordion-icon-left\" aria-hidden=\"true\">\n\t\t\t\t\t\t\t\t\t\t\t\t\t\t\t<span class=\"elementor-accordion-icon-closed\"><i class=\"fas fa-plus\"><\/i><\/span>\n\t\t\t\t\t\t\t\t<span class=\"elementor-accordion-icon-opened\"><i class=\"fas fa-minus\"><\/i><\/span>\n\t\t\t\t\t\t\t\t\t\t\t\t\t\t<\/span>\n\t\t\t\t\t\t\t\t\t\t\t\t<a class=\"elementor-accordion-title\" tabindex=\"0\">I wish to apply to the first year of bachelor in Biosciences and Geosciences (L1)<\/a>\n\t\t\t\t\t<\/div>\n\t\t\t\t\t<div id=\"elementor-tab-content-7011\" class=\"elementor-tab-content elementor-clearfix\" data-tab=\"1\" role=\"region\" aria-labelledby=\"elementor-tab-title-7011\"><p>Je participe&nbsp;<a href=\"https:\/\/lyceens.univ-lyon1.fr\/actualites\/les-evenements-de-lannee-2025-2026\" target=\"_blank\" rel=\"noopener\">aux \u00e9v\u00e9nements Lyon1 d\u00e9di\u00e9s aux lyc\u00e9ens<\/a>&nbsp;(Journ\u00e9es de l&rsquo;Enseignement Sup\u00e9rieur, salon de l&rsquo;\u00e9tudiant, Journ\u00e9es Portes-Ouvertes&#8230;) organis\u00e9es chaque ann\u00e9e courant Janvier par l&rsquo;Universit\u00e9 Lyon 1 pour en savoir plus sur le&nbsp;<a href=\"https:\/\/lyceens.univ-lyon1.fr\/formation\/sciences-et-technologies\/licence-sciences-technologies-sante\/portail-biosciences-et-geosciences\" target=\"_blank\">portail BG2S.<\/a>&nbsp;<\/p>\n<p>Je m&rsquo;inscris sur <a href=\"https:\/\/www.parcoursup.fr\/\">Parcoursup<\/a>&nbsp; <span style=\"color: #993366;\"><em>du 19 Janvier au 12 Mars 2026 inclus<\/em><\/span> et je s\u00e9lectionne \u00ab\u00a0<strong>Licence &#8211; Portail Biosciences et G\u00e9osciences<\/strong>\u00a0\u00bb comme l&rsquo;un de mes voeux.<\/p>\n<p style=\"text-align: center;\"><span style=\"color: #993366;\"><a style=\"color: #993366;\" href=\"https:\/\/lyon-geologie.univ-lyon1.fr\/wp-content\/uploads\/2022\/01\/flyer_formation_final.pdf\"><strong><span style=\"color: #ff9900;\"><span style=\"color: #ff6600;\">Click here to download the flyer of the training program proposed by Lyon-G\u00e9ologie<\/span><\/span><\/strong><\/a><\/span><\/p><\/div>\n\t\t\t\t<\/div>\n\t\t\t\t\t\t\t<div class=\"elementor-accordion-item\">\n\t\t\t\t\t<div id=\"elementor-tab-title-7012\" class=\"elementor-tab-title\" data-tab=\"2\" role=\"button\" aria-controls=\"elementor-tab-content-7012\" aria-expanded=\"false\">\n\t\t\t\t\t\t\t\t\t\t\t\t\t<span class=\"elementor-accordion-icon elementor-accordion-icon-left\" aria-hidden=\"true\">\n\t\t\t\t\t\t\t\t\t\t\t\t\t\t\t<span class=\"elementor-accordion-icon-closed\"><i class=\"fas fa-plus\"><\/i><\/span>\n\t\t\t\t\t\t\t\t<span class=\"elementor-accordion-icon-opened\"><i class=\"fas fa-minus\"><\/i><\/span>\n\t\t\t\t\t\t\t\t\t\t\t\t\t\t<\/span>\n\t\t\t\t\t\t\t\t\t\t\t\t<a class=\"elementor-accordion-title\" tabindex=\"0\">I wish to apply to the 2nd year of Bachelor in Earth Sciences (L2 ST)<\/a>\n\t\t\t\t\t<\/div>\n\t\t\t\t\t<div id=\"elementor-tab-content-7012\" class=\"elementor-tab-content elementor-clearfix\" data-tab=\"2\" role=\"region\" aria-labelledby=\"elementor-tab-title-7012\"><ul><li><span style=\"color: #339966;\"><strong>If I want to join Lyon-G\u00e9ologie as part of an international mobility or exchange program, I can follow the instructions located <a href=\"https:\/\/www.univ-lyon1.fr\/en\/foreign-student\/foreign-students-in-exchange-programs\" target=\"_self\">here<\/a>. <\/strong><\/span><\/li><\/ul><p style=\"padding-left: 40px; text-align: center;\" class=\"translation-block\"><div id=\"donottranslate\"><\/div><\/p><ul><li><strong><span style=\"color: #339966;\">If I want to join Lyon-G\u00e9ologie outside of any mobility exchange or mobility program, I need to follow the instruction located <a href=\"https:\/\/www.univ-lyon1.fr\/etudiant-international\/candidat-international-hors-echange\" target=\"_self\">here<\/a>.<\/span><\/strong><\/li><\/ul><p style=\"padding-left: 40px;\" class=\"translation-block\"><div id=\"donottranslate\"><\/div><\/p><p style=\"text-align: center;\"><a href=\"https:\/\/www.univ-lyon1.fr\/en\/foreign-student\"><span style=\"color: #ff9900;\"><strong><span style=\"text-decoration: underline;\"><span style=\"color: #ff6600; text-decoration: underline;\"><div id=\"donottranslate\"><\/div><\/span><\/span> <\/strong><\/span><\/a><\/p><\/div>\n\t\t\t\t<\/div>\n\t\t\t\t\t\t\t<div class=\"elementor-accordion-item\">\n\t\t\t\t\t<div id=\"elementor-tab-title-7013\" class=\"elementor-tab-title\" data-tab=\"3\" role=\"button\" aria-controls=\"elementor-tab-content-7013\" aria-expanded=\"false\">\n\t\t\t\t\t\t\t\t\t\t\t\t\t<span class=\"elementor-accordion-icon elementor-accordion-icon-left\" aria-hidden=\"true\">\n\t\t\t\t\t\t\t\t\t\t\t\t\t\t\t<span class=\"elementor-accordion-icon-closed\"><i class=\"fas fa-plus\"><\/i><\/span>\n\t\t\t\t\t\t\t\t<span class=\"elementor-accordion-icon-opened\"><i class=\"fas fa-minus\"><\/i><\/span>\n\t\t\t\t\t\t\t\t\t\t\t\t\t\t<\/span>\n\t\t\t\t\t\t\t\t\t\t\t\t<a class=\"elementor-accordion-title\" tabindex=\"0\">Je souhaite m'inscrire en L3 MAG G\u00e9osciences, Environnement et Risques Naturels<\/a>\n\t\t\t\t\t<\/div>\n\t\t\t\t\t<div id=\"elementor-tab-content-7013\" class=\"elementor-tab-content elementor-clearfix\" data-tab=\"3\" role=\"region\" aria-labelledby=\"elementor-tab-title-7013\"><ul><li><span style=\"color: #339966;\"><strong>I can apply to Lyon-G\u00e9ologie L3 G\u00e9osciences by via University Lyon 1 : <\/strong><\/span><\/li><\/ul><p style=\"padding-left: 40px;\" class=\"translation-block\"><div id=\"donottranslate\"><\/div><\/p><div><ul><li><span style=\"color: #339966;\"><strong>If I want to join Lyon-G\u00e9ologie outside of any mobility exchange or mobility program, I need to follow the instruction located <a href=\"https:\/\/www.univ-lyon1.fr\/etudiant-international\/candidat-international-hors-echange\" target=\"_self\">here<\/a>.<\/strong><\/span><\/li><\/ul><p style=\"padding-left: 40px;\" class=\"translation-block\"><div id=\"donottranslate\"><\/div><\/p><p style=\"text-align: center;\"><a href=\"https:\/\/lyon-geologie.univ-lyon1.fr\/admissions\/inscription_l3mag\/\"><span style=\"color: #ff9900;\"><strong><span style=\"text-decoration: underline;\"><span style=\"color: #ff6600; text-decoration: underline;\"><div id=\"donottranslate\"><\/div><\/span><\/span> <\/strong><\/span><\/a><\/p><\/div><\/div>\n\t\t\t\t<\/div>\n\t\t\t\t\t\t\t<div class=\"elementor-accordion-item\">\n\t\t\t\t\t<div id=\"elementor-tab-title-7014\" class=\"elementor-tab-title\" data-tab=\"4\" role=\"button\" aria-controls=\"elementor-tab-content-7014\" aria-expanded=\"false\">\n\t\t\t\t\t\t\t\t\t\t\t\t\t<span class=\"elementor-accordion-icon elementor-accordion-icon-left\" aria-hidden=\"true\">\n\t\t\t\t\t\t\t\t\t\t\t\t\t\t\t<span class=\"elementor-accordion-icon-closed\"><i class=\"fas fa-plus\"><\/i><\/span>\n\t\t\t\t\t\t\t\t<span class=\"elementor-accordion-icon-opened\"><i class=\"fas fa-minus\"><\/i><\/span>\n\t\t\t\t\t\t\t\t\t\t\t\t\t\t<\/span>\n\t\t\t\t\t\t\t\t\t\t\t\t<a class=\"elementor-accordion-title\" tabindex=\"0\">I wish to apply to the 3rd year of Bachelor in Fundamental Geosciences (L3G)<\/a>\n\t\t\t\t\t<\/div>\n\t\t\t\t\t<div id=\"elementor-tab-content-7014\" class=\"elementor-tab-content elementor-clearfix\" data-tab=\"4\" role=\"region\" aria-labelledby=\"elementor-tab-title-7014\"><ul><li><span style=\"color: #339966;\"><strong>I can apply to Lyon-G\u00e9ologie L3 G\u00e9osciences by via University Lyon 1 : <\/strong><\/span><\/li><\/ul><p style=\"padding-left: 40px;\" class=\"translation-block\">I can join Lyon-G\u00e9ologie as part of an international mobility or exchange program (instructions <a href=\"https:\/\/www.univ-lyon1.fr\/en\/foreign-student\/foreign-students-in-exchange-programs\" target=\"_self\">here<\/a>) or outside of an international mobility or exchange program (instructions <a href=\"https:\/\/www.univ-lyon1.fr\/en\/foreign-student\/foreign-candidates-outside-of-exchange-programs-or-of-cooperation-agreements\" target=\"_self\">here<\/a>).<\/p><ul><li><strong><span style=\"color: #339966;\">Otherwise, I can also apply to Lyon-G\u00e9ologie L3 G\u00e9oscience via ENS Lyon<\/span> : <\/strong><\/li><\/ul><p style=\"padding-left: 40px;\" class=\"translation-block\">In that case, I can follow the instructions given <a href=\"http:\/\/www.ens-lyon.fr\/en\/studies\/admissions\">here<\/a>. I can apply to the full ENS scholarship on record depending on my situation (<a href=\"http:\/\/www.ens-lyon.fr\/en\/studies\/admissions\/application-ens-diploma-record-bachelor-3rd-year-eueea\" target=\"_self\">European student<\/a> or <a href=\"http:\/\/www.ens-lyon.fr\/en\/studies\/admissions\/application-ens-diploma-record-bachelor-3rd-year-non-europeans\" target=\"_self\">non-European<\/a>), or come for one or two semesters as part of an exchange program (instructions <a href=\"http:\/\/www.ens-lyon.fr\/en\/studies\/admissions\/application-student-exchange-program\" target=\"_self\">here<\/a>).\n\n<p> Alternatively, I can apply to the full ENS scholarship through a <a href=\"http:\/\/www.ens-lyon.fr\/en\/studies\/admissions\/application-ens-diploma-through-competitive-exam-bachelor-3rd-year\" target=\"_self\">competitive exam<\/a>.<\/p><\/p><p style=\"padding-left: 40px;\" class=\"translation-block\"><div id=\"donottranslate\"><\/div><\/p><p style=\"padding-left: 40px;\" class=\"translation-block\"><i> Note that training in Lyon-Geologie is provided by both \u00c9cole Normale Sup\u00e9rieure de Lyon (ENS Lyon) and University Claude Bernard Lyon 1 (UCBL). Any application to L3 G\u00e9osciences to either University Lyon 1 or ENS Lyon will be examined by a common pedagogical committee. <\/i><\/p><p style=\"text-align: center;\"><a href=\"https:\/\/lyon-geologie.univ-lyon1.fr\/admissions\/inscription-l3g\/\"><strong><span style=\"color: #ff9900;\"><span style=\"color: #ff6600;\"><div id=\"donottranslate\"><\/div><\/span><\/span><\/strong><\/a><\/p><ul><li class=\"translation-block\"><div id=\"donottranslate\"><\/div><\/li><\/ul><p style=\"padding-left: 40px;\" class=\"translation-block\"><div id=\"donottranslate\"><\/div><\/p><\/div>\n\t\t\t\t<\/div>\n\t\t\t\t\t\t\t<div class=\"elementor-accordion-item\">\n\t\t\t\t\t<div id=\"elementor-tab-title-7015\" class=\"elementor-tab-title\" data-tab=\"5\" role=\"button\" aria-controls=\"elementor-tab-content-7015\" aria-expanded=\"false\">\n\t\t\t\t\t\t\t\t\t\t\t\t\t<span class=\"elementor-accordion-icon elementor-accordion-icon-left\" aria-hidden=\"true\">\n\t\t\t\t\t\t\t\t\t\t\t\t\t\t\t<span class=\"elementor-accordion-icon-closed\"><i class=\"fas fa-plus\"><\/i><\/span>\n\t\t\t\t\t\t\t\t<span class=\"elementor-accordion-icon-opened\"><i class=\"fas fa-minus\"><\/i><\/span>\n\t\t\t\t\t\t\t\t\t\t\t\t\t\t<\/span>\n\t\t\t\t\t\t\t\t\t\t\t\t<a class=\"elementor-accordion-title\" tabindex=\"0\">I wish to apply in 1st year of Master (M1 STPE)<\/a>\n\t\t\t\t\t<\/div>\n\t\t\t\t\t<div id=\"elementor-tab-content-7015\" class=\"elementor-tab-content elementor-clearfix\" data-tab=\"5\" role=\"region\" aria-labelledby=\"elementor-tab-title-7015\"><p class=\"translation-block\">This is a selective Master's program: <em><strong>24 places<\/strong><\/em> are available. \n<span style=\"font-style: inherit;font-weight: inherit;font-family: var( --e-global-typography-text-font-family ), Sans-serif;color: var(--ast-global-color-3)\">This Master's degree is co-accredited by 3 institutions: ENS de Lyon, Universit\u00e9 Lyon 1 and Universit\u00e9 Jean Monnet (Saint-\u00c9tienne). However, the Master's program is managed jointly by Universit\u00e9 Lyon 1 and ENS de Lyon. The same diploma will be awarded irrespective of the institution of registration.<\/span><\/p><ul><li style=\"list-style-type: none;\"><ul><li><strong><span style=\"color: #339966;\">1) I apply through MonMaster<\/span><\/strong><\/li><li class=\"translation-block\">I can also choose to apply to the 1st year of <a href=\"http:\/\/www.ens-lyon.fr\/en\/studies\/admissions\/application-masters-degrees-and-scholarships\" target=\"_self\">Master<\/a> at ENS Lyon. The appplication process depends on my situation (<a href=\"http:\/\/www.ens-lyon.fr\/en\/studies\/admissions\/application-masters-degrees-eueea\" target=\"_self\">European<\/a> or <a href=\"http:\/\/www.ens-lyon.fr\/en\/studies\/admissions\/application-masters-degrees-non-europeans\" target=\"_self\">non-European<\/a>).<\/li><\/ul><\/li><\/ul><p style=\"text-align: center;\"><a href=\"https:\/\/lyon-geologie.univ-lyon1.fr\/admissions\/inscription_m1stpe\/\"><strong><span style=\"color: #ff6600;\"><div id=\"donottranslate\"><\/div><\/span><\/strong><\/a><\/p><\/div>\n\t\t\t\t<\/div>\n\t\t\t\t\t\t\t<div class=\"elementor-accordion-item\">\n\t\t\t\t\t<div id=\"elementor-tab-title-7016\" class=\"elementor-tab-title\" data-tab=\"6\" role=\"button\" aria-controls=\"elementor-tab-content-7016\" aria-expanded=\"false\">\n\t\t\t\t\t\t\t\t\t\t\t\t\t<span class=\"elementor-accordion-icon elementor-accordion-icon-left\" aria-hidden=\"true\">\n\t\t\t\t\t\t\t\t\t\t\t\t\t\t\t<span class=\"elementor-accordion-icon-closed\"><i class=\"fas fa-plus\"><\/i><\/span>\n\t\t\t\t\t\t\t\t<span class=\"elementor-accordion-icon-opened\"><i class=\"fas fa-minus\"><\/i><\/span>\n\t\t\t\t\t\t\t\t\t\t\t\t\t\t<\/span>\n\t\t\t\t\t\t\t\t\t\t\t\t<a class=\"elementor-accordion-title\" tabindex=\"0\">I wish to apply in 2nd year of Master (M2 STPE)<\/a>\n\t\t\t\t\t<\/div>\n\t\t\t\t\t<div id=\"elementor-tab-content-7016\" class=\"elementor-tab-content elementor-clearfix\" data-tab=\"6\" role=\"region\" aria-labelledby=\"elementor-tab-title-7016\"><ul><li><span style=\"color: #339966;\"><strong><div id=\"donottranslate\"><\/div><\/strong><\/span><\/li><\/ul><p style=\"padding-left: 40px;\" class=\"translation-block\">I can apply to the 2nd year of Master at University Lyon 1 <a href=\"https:\/\/www.univ-lyon1.fr\/en\/foreign-student\/foreign-students-in-exchange-programs\" target=\"_self\">as part of<\/a> or <a href=\"https:\/\/www.univ-lyon1.fr\/etudiant-international\/candidat-international-hors-echange\" target=\"_self\">outside of<\/a> an international exchange program.<\/p><ul><li><strong><span style=\"color: #339966;\"><div id=\"donottranslate\"><\/div><\/span> <\/strong><\/li><\/ul><p style=\"padding-left: 40px;\" class=\"translation-block\">I can also choose to apply to the 2nd year of <a href=\"http:\/\/www.ens-lyon.fr\/en\/studies\/admissions\/application-masters-degrees-and-scholarships\" target=\"_self\">Master<\/a> at ENS Lyon. The appplication process depends on my situation (<a href=\"http:\/\/www.ens-lyon.fr\/en\/studies\/admissions\/application-masters-degrees-eueea\" target=\"_self\">European<\/a> or <a href=\"http:\/\/www.ens-lyon.fr\/en\/studies\/admissions\/application-masters-degrees-non-europeans\" target=\"_self\">non-European<\/a>).<\/p><p style=\"text-align: center;\"><a href=\"https:\/\/lyon-geologie.univ-lyon1.fr\/admissions\/inscription_m2stpe\/\"><strong><span style=\"color: #ff6600;\"><div id=\"donottranslate\"><\/div><\/span><\/strong><\/a><\/p><\/div>\n\t\t\t\t<\/div>\n\t\t\t\t\t\t\t\t<\/div>\n\t\t\t\t\t\t<\/div>\n\t\t\t\t<\/div>\n\t\t\t\t<div class=\"elementor-element elementor-element-01f4320 elementor-widget elementor-widget-html\" data-id=\"01f4320\" data-element_type=\"widget\" data-e-type=\"widget\" data-widget_type=\"html.default\">\n\t\t\t\t<div class=\"elementor-widget-container\">\n\t\t\t\t\t<script> \njQuery(document).ready(function($) { \nvar delay = 100; setTimeout(function() { \n$('.elementor-tab-title').removeClass('elementor-active');\n $('.elementor-tab-content').css('display', 'none'); }, delay); \n}); \n<\/script>\t\t\t\t<\/div>\n\t\t\t\t<\/div>\n\t\t\t\t\t<\/div>\n\t\t<\/div>\n\t\t\t\t\t<\/div>\n\t\t<\/section>\n\t\t\t\t<section class=\"elementor-section elementor-top-section elementor-element elementor-element-1fda48a elementor-section-boxed elementor-section-height-default elementor-section-height-default\" data-id=\"1fda48a\" data-element_type=\"section\" data-e-type=\"section\">\n\t\t\t\t\t\t<div class=\"elementor-container elementor-column-gap-default\">\n\t\t\t\t\t<div class=\"elementor-column elementor-col-100 elementor-top-column elementor-element elementor-element-274a52f\" data-id=\"274a52f\" data-element_type=\"column\" data-e-type=\"column\">\n\t\t\t<div class=\"elementor-widget-wrap elementor-element-populated\">\n\t\t\t\t\t\t<div class=\"elementor-element elementor-element-c109f56 elementor-widget elementor-widget-text-editor\" data-id=\"c109f56\" data-element_type=\"widget\" data-e-type=\"widget\" data-widget_type=\"text-editor.default\">\n\t\t\t\t<div class=\"elementor-widget-container\">\n\t\t\t\t\t\t\t\t\t<p style=\"text-align: center;\"><b>\u00a0<\/b><\/p><p style=\"text-align: center;\"><b>For further information and in any case<\/b>,<\/p><p style=\"text-align: center;\">Contact the admin staff of Lyon-G\u00e9ologie from ENS Lyon or University Lyon 1:<\/p><p style=\"text-align: center;\"><b>ENS Lyon<\/b> (<a class=\"mail-link\" href=\"mailto:laura.osma-ramirez@ens-lyon.fr\">Mrs Laura OSMA-RAMIREZ<\/a>) : +33 04 72 72 84 99<\/p><p style=\"text-align: center;\"><b>University Lyon 1<\/b> (<a class=\"mail-link\" href=\"mailto:oriane.marduel@univ-lyon1.fr\">Mrs Oriane Marduel<\/a>) : +33 04 72 44 84 85<\/p><p style=\"text-align: center;\">\u00a0<\/p>\t\t\t\t\t\t\t\t<\/div>\n\t\t\t\t<\/div>\n\t\t\t\t\t<\/div>\n\t\t<\/div>\n\t\t\t\t\t<\/div>\n\t\t<\/section>\n\t\t\t\t<\/div>","protected":false},"excerpt":{"rendered":"<p>INSCRIPTIONS ET CANDIDATURES Vous trouverez ici tous les liens et informations pratiques pour vous inscrire ou candidater \u00e0 nos formations selon votre situation. \u00c0 vous de jouer! Je souhaite m&rsquo;inscrire en L1 BG2S BioSciences et G\u00e9osciences (je suis n\u00e9obachelier ou en r\u00e9orientation) Je participe&nbsp;aux \u00e9v\u00e9nements Lyon1 d\u00e9di\u00e9s aux lyc\u00e9ens&nbsp;(Journ\u00e9es de l&rsquo;Enseignement Sup\u00e9rieur, salon de l&rsquo;\u00e9tudiant, [&hellip;]<\/p>\n","protected":false},"author":1,"featured_media":0,"parent":0,"menu_order":0,"comment_status":"closed","ping_status":"closed","template":"","meta":{"site-sidebar-layout":"no-sidebar","site-content-layout":"page-builder","ast-site-content-layout":"default","site-content-style":"default","site-sidebar-style":"default","ast-global-header-display":"","ast-banner-title-visibility":"","ast-main-header-display":"","ast-hfb-above-header-display":"","ast-hfb-below-header-display":"","ast-hfb-mobile-header-display":"","site-post-title":"disabled","ast-breadcrumbs-content":"","ast-featured-img":"disabled","footer-sml-layout":"","ast-disable-related-posts":"","theme-transparent-header-meta":"","adv-header-id-meta":"","stick-header-meta":"","header-above-stick-meta":"","header-main-stick-meta":"","header-below-stick-meta":"","astra-migrate-meta-layouts":"default","ast-page-background-enabled":"default","ast-page-background-meta":{"desktop":{"background-color":"var(--ast-global-color-4)","background-image":"","background-repeat":"repeat","background-position":"center center","background-size":"auto","background-attachment":"scroll","background-type":"","background-media":"","overlay-type":"","overlay-color":"","overlay-opacity":"","overlay-gradient":""},"tablet":{"background-color":"","background-image":"","background-repeat":"repeat","background-position":"center center","background-size":"auto","background-attachment":"scroll","background-type":"","background-media":"","overlay-type":"","overlay-color":"","overlay-opacity":"","overlay-gradient":""},"mobile":{"background-color":"","background-image":"","background-repeat":"repeat","background-position":"center center","background-size":"auto","background-attachment":"scroll","background-type":"","background-media":"","overlay-type":"","overlay-color":"","overlay-opacity":"","overlay-gradient":""}},"ast-content-background-meta":{"desktop":{"background-color":"var(--ast-global-color-5)","background-image":"","background-repeat":"repeat","background-position":"center center","background-size":"auto","background-attachment":"scroll","background-type":"","background-media":"","overlay-type":"","overlay-color":"","overlay-opacity":"","overlay-gradient":""},"tablet":{"background-color":"var(--ast-global-color-5)","background-image":"","background-repeat":"repeat","background-position":"center center","background-size":"auto","background-attachment":"scroll","background-type":"","background-media":"","overlay-type":"","overlay-color":"","overlay-opacity":"","overlay-gradient":""},"mobile":{"background-color":"var(--ast-global-color-5)","background-image":"","background-repeat":"repeat","background-position":"center center","background-size":"auto","background-attachment":"scroll","background-type":"","background-media":"","overlay-type":"","overlay-color":"","overlay-opacity":"","overlay-gradient":""}},"footnotes":""},"class_list":["post-31","page","type-page","status-publish","hentry"],"_links":{"self":[{"href":"https:\/\/lyongeologie.fr\/en\/wp-json\/wp\/v2\/pages\/31","targetHints":{"allow":["GET"]}}],"collection":[{"href":"https:\/\/lyongeologie.fr\/en\/wp-json\/wp\/v2\/pages"}],"about":[{"href":"https:\/\/lyongeologie.fr\/en\/wp-json\/wp\/v2\/types\/page"}],"author":[{"embeddable":true,"href":"https:\/\/lyongeologie.fr\/en\/wp-json\/wp\/v2\/users\/1"}],"replies":[{"embeddable":true,"href":"https:\/\/lyongeologie.fr\/en\/wp-json\/wp\/v2\/comments?post=31"}],"version-history":[{"count":260,"href":"https:\/\/lyongeologie.fr\/en\/wp-json\/wp\/v2\/pages\/31\/revisions"}],"predecessor-version":[{"id":18931,"href":"https:\/\/lyongeologie.fr\/en\/wp-json\/wp\/v2\/pages\/31\/revisions\/18931"}],"wp:attachment":[{"href":"https:\/\/lyongeologie.fr\/en\/wp-json\/wp\/v2\/media?parent=31"}],"curies":[{"name":"wp","href":"https:\/\/api.w.org\/{rel}","templated":true}]}}