{"id":3035,"date":"2022-01-31T22:43:05","date_gmt":"2022-01-31T21:43:05","guid":{"rendered":"https:\/\/lyon-geologie.univ-lyon1.fr\/?page_id=3035"},"modified":"2022-02-13T21:03:18","modified_gmt":"2022-02-13T20:03:18","slug":"l2-pal","status":"publish","type":"page","link":"https:\/\/lyongeologie.fr\/en\/l2-geosciences\/l2-pal\/","title":{"rendered":"L2 Fossiles et pal\u00e9ontologie"},"content":{"rendered":"<div data-elementor-type=\"wp-page\" data-elementor-id=\"3035\" class=\"elementor elementor-3035\">\n\t\t\t\t\t\t<section class=\"elementor-section elementor-top-section elementor-element elementor-element-e57c18e elementor-section-boxed elementor-section-height-default elementor-section-height-default\" data-id=\"e57c18e\" data-element_type=\"section\" data-e-type=\"section\">\n\t\t\t\t\t\t<div class=\"elementor-container elementor-column-gap-default\">\n\t\t\t\t\t<div class=\"elementor-column elementor-col-100 elementor-top-column elementor-element elementor-element-484475b\" data-id=\"484475b\" data-element_type=\"column\" data-e-type=\"column\">\n\t\t\t<div class=\"elementor-widget-wrap elementor-element-populated\">\n\t\t\t\t\t\t<div class=\"elementor-element elementor-element-1296b15 elementor-widget elementor-widget-text-editor\" data-id=\"1296b15\" data-element_type=\"widget\" data-e-type=\"widget\" data-widget_type=\"text-editor.default\">\n\t\t\t\t<div class=\"elementor-widget-container\">\n\t\t\t\t\t\t\t\t\t<h2>Fossils and paleontology<\/h2>\t\t\t\t\t\t\t\t<\/div>\n\t\t\t\t<\/div>\n\t\t\t\t\t<\/div>\n\t\t<\/div>\n\t\t\t\t\t<\/div>\n\t\t<\/section>\n\t\t\t\t<section class=\"elementor-section elementor-top-section elementor-element elementor-element-a890a29 elementor-section-boxed elementor-section-height-default elementor-section-height-default\" data-id=\"a890a29\" data-element_type=\"section\" data-e-type=\"section\">\n\t\t\t\t\t\t<div class=\"elementor-container elementor-column-gap-default\">\n\t\t\t\t\t<div class=\"elementor-column elementor-col-33 elementor-top-column elementor-element elementor-element-ce411ae\" data-id=\"ce411ae\" data-element_type=\"column\" data-e-type=\"column\">\n\t\t\t<div class=\"elementor-widget-wrap elementor-element-populated\">\n\t\t\t\t\t\t<div class=\"elementor-element elementor-element-88e234d elementor-widget elementor-widget-text-editor\" data-id=\"88e234d\" data-element_type=\"widget\" data-e-type=\"widget\" data-widget_type=\"text-editor.default\">\n\t\t\t\t<div class=\"elementor-widget-container\">\n\t\t\t\t\t\t\t\t\t<p><em>Credits: <\/em>3 ECTS<\/p><p><em>Semestre :<\/em> Printemps (S4)<\/p><p><em>Contact: <a href=\"mailto:frederic.quillevere@univ-lyon1.fr\">Fr\u00e9d\u00e9ric QUILL\u00c9V\u00c9R\u00c9<\/a><\/em><\/p>\t\t\t\t\t\t\t\t<\/div>\n\t\t\t\t<\/div>\n\t\t\t\t<div class=\"elementor-element elementor-element-70e8872 elementor-widget elementor-widget-image\" data-id=\"70e8872\" data-element_type=\"widget\" data-e-type=\"widget\" data-widget_type=\"image.default\">\n\t\t\t\t<div class=\"elementor-widget-container\">\n\t\t\t\t\t\t\t\t\t\t\t\t\t\t\t<img decoding=\"async\" width=\"150\" height=\"150\" src=\"https:\/\/lyongeologie.fr\/wp-content\/uploads\/2022\/02\/Frederic_Quillevere.png\" class=\"attachment-large size-large wp-image-8893\" alt=\"\" \/>\t\t\t\t\t\t\t\t\t\t\t\t\t\t\t<\/div>\n\t\t\t\t<\/div>\n\t\t\t\t<div class=\"elementor-element elementor-element-158923f elementor-align-center elementor-widget elementor-widget-button\" data-id=\"158923f\" data-element_type=\"widget\" data-e-type=\"widget\" data-widget_type=\"button.default\">\n\t\t\t\t<div class=\"elementor-widget-container\">\n\t\t\t\t\t\t\t\t\t<div class=\"elementor-button-wrapper\">\n\t\t\t\t\t<a class=\"elementor-button elementor-button-link elementor-size-sm\" href=\"https:\/\/lyon-geologie.univ-lyon1.fr\/l2-geosciences\/#l2_tc\">\n\t\t\t\t\t\t<span class=\"elementor-button-content-wrapper\">\n\t\t\t\t\t\t\t\t\t<span class=\"elementor-button-text\">Back to the previous page<\/span>\n\t\t\t\t\t<\/span>\n\t\t\t\t\t<\/a>\n\t\t\t\t<\/div>\n\t\t\t\t\t\t\t\t<\/div>\n\t\t\t\t<\/div>\n\t\t\t\t\t<\/div>\n\t\t<\/div>\n\t\t\t\t<div class=\"elementor-column elementor-col-66 elementor-top-column elementor-element elementor-element-bb598bb\" data-id=\"bb598bb\" data-element_type=\"column\" data-e-type=\"column\">\n\t\t\t<div class=\"elementor-widget-wrap elementor-element-populated\">\n\t\t\t\t\t\t<div class=\"elementor-element elementor-element-4076162 elementor-widget elementor-widget-text-editor\" data-id=\"4076162\" data-element_type=\"widget\" data-e-type=\"widget\" data-widget_type=\"text-editor.default\">\n\t\t\t\t<div class=\"elementor-widget-container\">\n\t\t\t\t\t\t\t\t\t<p>Cette UE constitue une <strong>introduction \u00e0 la pal\u00e9ontologie<\/strong>. Il s\u2019agit de comprendre ce qu\u2019est un fossile et comment il peut \u00eatre utilis\u00e9 dans la recherche scientifique.<\/p><p>Une premi\u00e8re partie des enseignements est consacr\u00e9e aux <strong>bases de la taphonomie<\/strong> : qu\u2019est-ce qu\u2019un fossile (les diff\u00e9rents objets fossiles, la pr\u00e9servation et la pr\u00e9servabilit\u00e9) et quelles informations nous apportent les tissus fossilis\u00e9s \u00e0 propos de l\u2019organisme dont ils sont issus? Diagen\u00e8se et \u00e9pig\u00e9nie, biostratinomie, gisements \u00e0 pr\u00e9servation exceptionnelle, taphonomie exp\u00e9rimentale, etc.<\/p><p>Dans la deuxi\u00e8me partie vous \u00e9tudierez les <strong>plans d\u2019organisation de m\u00e9tazoaires invert\u00e9br\u00e9s<\/strong> : pr\u00e9sentation des principaux groupes retrouv\u00e9s \u00e0 l\u2019\u00e9tat fossile (Spongiaires, Cnidaires, Bryozoaires, Brachiopodes, Graptolites, Echinodermes, Mollusques, Arthropodes, etc), et ce qu\u2019ils apportent dans les <strong>reconstitutions pal\u00e9oenvironnementales<\/strong> et pour la <strong>datation des roches s\u00e9dimentaires<\/strong>.<\/p><p>Vous apprendrez \u00e0 r\u00e9aliser un dessin d\u2019observation de fossile (les TPs constituent une part tr\u00e8s significative des enseignements) et visiterez les <a href=\"https:\/\/observatoire.univ-lyon1.fr\/science-pour-tous\/collections-de-geologie\">collections de pal\u00e9ontologie de l\u2019Universit\u00e9 Claude Bernard Lyon 1<\/a> pour en comprendre le r\u00f4le et le fonctionnement.<br \/><br \/><\/p>\t\t\t\t\t\t\t\t<\/div>\n\t\t\t\t<\/div>\n\t\t\t\t<div class=\"elementor-element elementor-element-7f03255 e-transform elementor-widget elementor-widget-image\" data-id=\"7f03255\" data-element_type=\"widget\" data-e-type=\"widget\" data-settings=\"{&quot;_transform_translateY_effect&quot;:{&quot;unit&quot;:&quot;px&quot;,&quot;size&quot;:-32,&quot;sizes&quot;:[]},&quot;_transform_translateX_effect&quot;:{&quot;unit&quot;:&quot;px&quot;,&quot;size&quot;:&quot;&quot;,&quot;sizes&quot;:[]},&quot;_transform_translateX_effect_tablet&quot;:{&quot;unit&quot;:&quot;px&quot;,&quot;size&quot;:&quot;&quot;,&quot;sizes&quot;:[]},&quot;_transform_translateX_effect_mobile&quot;:{&quot;unit&quot;:&quot;px&quot;,&quot;size&quot;:&quot;&quot;,&quot;sizes&quot;:[]},&quot;_transform_translateY_effect_tablet&quot;:{&quot;unit&quot;:&quot;px&quot;,&quot;size&quot;:&quot;&quot;,&quot;sizes&quot;:[]},&quot;_transform_translateY_effect_mobile&quot;:{&quot;unit&quot;:&quot;px&quot;,&quot;size&quot;:&quot;&quot;,&quot;sizes&quot;:[]}}\" data-widget_type=\"image.default\">\n\t\t\t\t<div class=\"elementor-widget-container\">\n\t\t\t\t\t\t\t\t\t\t\t\t<figure class=\"wp-caption\">\n\t\t\t\t\t\t\t\t\t\t<img fetchpriority=\"high\" decoding=\"async\" width=\"771\" height=\"714\" src=\"https:\/\/lyongeologie.fr\/wp-content\/uploads\/2022\/01\/L2_pal.jpg\" class=\"attachment-large size-large wp-image-3043\" alt=\"A. Une ammonite du Cr\u00e9tac\u00e9 inf\u00e9rieur d\u2019Egypte (cr\u00e9dits R. Chirat, LGL), B. Fouilles pal\u00e9ontologiques sur un site \u00e0 reptiles marins jurassiques de la r\u00e9gion de Lod\u00e8ve, H\u00e9rault (cr\u00e9dits V. Perrier, LGL), C. Les collections de pal\u00e9ontologie de l\u2019Universit\u00e9 Claude Bernard Lyon 1 (cr\u00e9dits E. Robert).\" srcset=\"https:\/\/lyongeologie.fr\/wp-content\/uploads\/2022\/01\/L2_pal.jpg 771w, https:\/\/lyongeologie.fr\/wp-content\/uploads\/2022\/01\/L2_pal-300x278.jpg 300w, https:\/\/lyongeologie.fr\/wp-content\/uploads\/2022\/01\/L2_pal-768x711.jpg 768w\" sizes=\"(max-width: 771px) 100vw, 771px\" \/>\t\t\t\t\t\t\t\t\t\t\t<figcaption class=\"widget-image-caption wp-caption-text\"><i><small>A. Une ammonite du Cr\u00e9tac\u00e9 inf\u00e9rieur d\u2019Egypte (cr\u00e9dits R. Chirat, LGL), B. Fouilles pal\u00e9ontologiques sur un site \u00e0 reptiles marins jurassiques de la r\u00e9gion de Lod\u00e8ve, H\u00e9rault (cr\u00e9dits V. Perrier, LGL), C. Les collections de pal\u00e9ontologie de l\u2019Universit\u00e9 Claude Bernard Lyon 1 (cr\u00e9dits E. Robert).<\/small><\/i><\/figcaption>\n\t\t\t\t\t\t\t\t\t\t<\/figure>\n\t\t\t\t\t\t\t\t\t<\/div>\n\t\t\t\t<\/div>\n\t\t\t\t<div class=\"elementor-element elementor-element-fd25027 e-transform elementor-widget elementor-widget-text-editor\" data-id=\"fd25027\" data-element_type=\"widget\" data-e-type=\"widget\" data-settings=\"{&quot;_transform_translateY_effect&quot;:{&quot;unit&quot;:&quot;px&quot;,&quot;size&quot;:-42,&quot;sizes&quot;:[]},&quot;_transform_translateX_effect&quot;:{&quot;unit&quot;:&quot;px&quot;,&quot;size&quot;:&quot;&quot;,&quot;sizes&quot;:[]},&quot;_transform_translateX_effect_tablet&quot;:{&quot;unit&quot;:&quot;px&quot;,&quot;size&quot;:&quot;&quot;,&quot;sizes&quot;:[]},&quot;_transform_translateX_effect_mobile&quot;:{&quot;unit&quot;:&quot;px&quot;,&quot;size&quot;:&quot;&quot;,&quot;sizes&quot;:[]},&quot;_transform_translateY_effect_tablet&quot;:{&quot;unit&quot;:&quot;px&quot;,&quot;size&quot;:&quot;&quot;,&quot;sizes&quot;:[]},&quot;_transform_translateY_effect_mobile&quot;:{&quot;unit&quot;:&quot;px&quot;,&quot;size&quot;:&quot;&quot;,&quot;sizes&quot;:[]}}\" data-widget_type=\"text-editor.default\">\n\t\t\t\t<div class=\"elementor-widget-container\">\n\t\t\t\t\t\t\t\t\t<p>Cette UE trouve son prolongement dans le parcours L3 G\u00e9oS avec les modules \u00ab\u00a0<a href=\"https:\/\/lyon-geologie.univ-lyon1.fr\/en\/l3-geosciences\/l3g_hvie\/\">Fossils and history of Life<\/a>\u00ab\u00a0, \u00ab\u00a0<a href=\"https:\/\/lyon-geologie.univ-lyon1.fr\/en\/l3-geosciences\/l3g_micropal\/\">Micropaleonology<\/a>\u00ab\u00a0, \u00ab\u00a0<a href=\"https:\/\/lyon-geologie.univ-lyon1.fr\/en\/l3-geosciences\/l3g_p3\/\">P3<\/a>\u00a0\u00bb et \u00ab\u00a0<a href=\"https:\/\/lyon-geologie.univ-lyon1.fr\/en\/l3-geosciences\/l3g_vertebres\/\">Paleontology of vertebrates<\/a>\u00ab\u00a0.<\/p>\t\t\t\t\t\t\t\t<\/div>\n\t\t\t\t<\/div>\n\t\t\t\t\t<\/div>\n\t\t<\/div>\n\t\t\t\t\t<\/div>\n\t\t<\/section>\n\t\t\t\t<section class=\"elementor-section elementor-top-section elementor-element elementor-element-f2d3b86 elementor-section-boxed elementor-section-height-default elementor-section-height-default\" data-id=\"f2d3b86\" data-element_type=\"section\" data-e-type=\"section\">\n\t\t\t\t\t\t<div class=\"elementor-container elementor-column-gap-default\">\n\t\t\t\t\t<div class=\"elementor-column elementor-col-100 elementor-top-column elementor-element elementor-element-117a19a\" data-id=\"117a19a\" data-element_type=\"column\" data-e-type=\"column\">\n\t\t\t<div class=\"elementor-widget-wrap\">\n\t\t\t\t\t\t\t<\/div>\n\t\t<\/div>\n\t\t\t\t\t<\/div>\n\t\t<\/section>\n\t\t\t\t<\/div>","protected":false},"excerpt":{"rendered":"<p>Fossiles et pal\u00e9ontologie Cr\u00e9dits : 3 ECTS Semestre : Printemps (S4) Responsable : Fr\u00e9d\u00e9ric QUILL\u00c9V\u00c9R\u00c9 Retour \u00e0 la liste des UEs Cette UE constitue une introduction \u00e0 la pal\u00e9ontologie. Il s\u2019agit de comprendre ce qu\u2019est un fossile et comment il peut \u00eatre utilis\u00e9 dans la recherche scientifique. Une premi\u00e8re partie des enseignements est consacr\u00e9e aux [&hellip;]<\/p>\n","protected":false},"author":3,"featured_media":0,"parent":479,"menu_order":0,"comment_status":"closed","ping_status":"closed","template":"","meta":{"site-sidebar-layout":"no-sidebar","site-content-layout":"page-builder","ast-site-content-layout":"default","site-content-style":"default","site-sidebar-style":"default","ast-global-header-display":"","ast-banner-title-visibility":"","ast-main-header-display":"","ast-hfb-above-header-display":"","ast-hfb-below-header-display":"","ast-hfb-mobile-header-display":"","site-post-title":"disabled","ast-breadcrumbs-content":"","ast-featured-img":"disabled","footer-sml-layout":"","ast-disable-related-posts":"","theme-transparent-header-meta":"","adv-header-id-meta":"","stick-header-meta":"","header-above-stick-meta":"","header-main-stick-meta":"","header-below-stick-meta":"","astra-migrate-meta-layouts":"default","ast-page-background-enabled":"default","ast-page-background-meta":{"desktop":{"background-color":"var(--ast-global-color-4)","background-image":"","background-repeat":"repeat","background-position":"center center","background-size":"auto","background-attachment":"scroll","background-type":"","background-media":"","overlay-type":"","overlay-color":"","overlay-opacity":"","overlay-gradient":""},"tablet":{"background-color":"","background-image":"","background-repeat":"repeat","background-position":"center center","background-size":"auto","background-attachment":"scroll","background-type":"","background-media":"","overlay-type":"","overlay-color":"","overlay-opacity":"","overlay-gradient":""},"mobile":{"background-color":"","background-image":"","background-repeat":"repeat","background-position":"center center","background-size":"auto","background-attachment":"scroll","background-type":"","background-media":"","overlay-type":"","overlay-color":"","overlay-opacity":"","overlay-gradient":""}},"ast-content-background-meta":{"desktop":{"background-color":"var(--ast-global-color-5)","background-image":"","background-repeat":"repeat","background-position":"center center","background-size":"auto","background-attachment":"scroll","background-type":"","background-media":"","overlay-type":"","overlay-color":"","overlay-opacity":"","overlay-gradient":""},"tablet":{"background-color":"var(--ast-global-color-5)","background-image":"","background-repeat":"repeat","background-position":"center center","background-size":"auto","background-attachment":"scroll","background-type":"","background-media":"","overlay-type":"","overlay-color":"","overlay-opacity":"","overlay-gradient":""},"mobile":{"background-color":"var(--ast-global-color-5)","background-image":"","background-repeat":"repeat","background-position":"center center","background-size":"auto","background-attachment":"scroll","background-type":"","background-media":"","overlay-type":"","overlay-color":"","overlay-opacity":"","overlay-gradient":""}},"footnotes":""},"class_list":["post-3035","page","type-page","status-publish","hentry"],"_links":{"self":[{"href":"https:\/\/lyongeologie.fr\/en\/wp-json\/wp\/v2\/pages\/3035","targetHints":{"allow":["GET"]}}],"collection":[{"href":"https:\/\/lyongeologie.fr\/en\/wp-json\/wp\/v2\/pages"}],"about":[{"href":"https:\/\/lyongeologie.fr\/en\/wp-json\/wp\/v2\/types\/page"}],"author":[{"embeddable":true,"href":"https:\/\/lyongeologie.fr\/en\/wp-json\/wp\/v2\/users\/3"}],"replies":[{"embeddable":true,"href":"https:\/\/lyongeologie.fr\/en\/wp-json\/wp\/v2\/comments?post=3035"}],"version-history":[{"count":47,"href":"https:\/\/lyongeologie.fr\/en\/wp-json\/wp\/v2\/pages\/3035\/revisions"}],"predecessor-version":[{"id":13229,"href":"https:\/\/lyongeologie.fr\/en\/wp-json\/wp\/v2\/pages\/3035\/revisions\/13229"}],"up":[{"embeddable":true,"href":"https:\/\/lyongeologie.fr\/en\/wp-json\/wp\/v2\/pages\/479"}],"wp:attachment":[{"href":"https:\/\/lyongeologie.fr\/en\/wp-json\/wp\/v2\/media?parent=3035"}],"curies":[{"name":"wp","href":"https:\/\/api.w.org\/{rel}","templated":true}]}}