{"id":2875,"date":"2022-01-31T22:12:56","date_gmt":"2022-01-31T21:12:56","guid":{"rendered":"https:\/\/lyon-geologie.univ-lyon1.fr\/?page_id=2875"},"modified":"2026-03-10T16:38:24","modified_gmt":"2026-03-10T15:38:24","slug":"inscription_l3mag","status":"publish","type":"page","link":"https:\/\/lyongeologie.fr\/en\/admissions\/inscription_l3mag\/","title":{"rendered":"Inscriptions_L3GEONAT"},"content":{"rendered":"<div data-elementor-type=\"wp-page\" data-elementor-id=\"2875\" class=\"elementor elementor-2875\">\n\t\t\t\t\t\t<section class=\"elementor-section elementor-top-section elementor-element elementor-element-163f1249 elementor-section-boxed elementor-section-height-default elementor-section-height-default\" data-id=\"163f1249\" data-element_type=\"section\" data-e-type=\"section\">\n\t\t\t\t\t\t<div class=\"elementor-container elementor-column-gap-default\">\n\t\t\t\t\t<div class=\"elementor-column elementor-col-100 elementor-top-column elementor-element elementor-element-21965a38\" data-id=\"21965a38\" data-element_type=\"column\" data-e-type=\"column\">\n\t\t\t<div class=\"elementor-widget-wrap elementor-element-populated\">\n\t\t\t\t\t\t<div class=\"elementor-element elementor-element-76098c1c elementor-widget elementor-widget-heading\" data-id=\"76098c1c\" data-element_type=\"widget\" data-e-type=\"widget\" data-widget_type=\"heading.default\">\n\t\t\t\t<div class=\"elementor-widget-container\">\n\t\t\t\t\t<h2 class=\"elementor-heading-title elementor-size-default\">Je souhaite m'inscrire en L3 GEONAT<\/h2>\t\t\t\t<\/div>\n\t\t\t\t<\/div>\n\t\t\t\t\t<\/div>\n\t\t<\/div>\n\t\t\t\t\t<\/div>\n\t\t<\/section>\n\t\t\t\t<section class=\"elementor-section elementor-top-section elementor-element elementor-element-5f83fcb1 elementor-section-boxed elementor-section-height-default elementor-section-height-default\" data-id=\"5f83fcb1\" data-element_type=\"section\" data-e-type=\"section\">\n\t\t\t\t\t\t<div class=\"elementor-container elementor-column-gap-default\">\n\t\t\t\t\t<div class=\"elementor-column elementor-col-100 elementor-top-column elementor-element elementor-element-d3fd244\" data-id=\"d3fd244\" data-element_type=\"column\" data-e-type=\"column\">\n\t\t\t<div class=\"elementor-widget-wrap elementor-element-populated\">\n\t\t\t\t\t\t<div class=\"elementor-element elementor-element-21a9755 elementor-button-warning elementor-align-right elementor-widget elementor-widget-button\" data-id=\"21a9755\" data-element_type=\"widget\" data-e-type=\"widget\" data-widget_type=\"button.default\">\n\t\t\t\t<div class=\"elementor-widget-container\">\n\t\t\t\t\t\t\t\t\t<div class=\"elementor-button-wrapper\">\n\t\t\t\t\t<a class=\"elementor-button elementor-button-link elementor-size-sm\" href=\"https:\/\/lyongeologie.fr\/en\/admissions\/\">\n\t\t\t\t\t\t<span class=\"elementor-button-content-wrapper\">\n\t\t\t\t\t\t\t\t\t<span class=\"elementor-button-text\">Retour \u00e0 la page pr\u00e9c\u00e9dente<\/span>\n\t\t\t\t\t<\/span>\n\t\t\t\t\t<\/a>\n\t\t\t\t<\/div>\n\t\t\t\t\t\t\t\t<\/div>\n\t\t\t\t<\/div>\n\t\t\t\t<div class=\"elementor-element elementor-element-4c21aa02 elementor-widget elementor-widget-accordion\" data-id=\"4c21aa02\" data-element_type=\"widget\" data-e-type=\"widget\" data-widget_type=\"accordion.default\">\n\t\t\t\t<div class=\"elementor-widget-container\">\n\t\t\t\t\t\t\t<div class=\"elementor-accordion\">\n\t\t\t\t\t\t\t<div class=\"elementor-accordion-item\">\n\t\t\t\t\t<div id=\"elementor-tab-title-1271\" class=\"elementor-tab-title\" data-tab=\"1\" role=\"button\" aria-controls=\"elementor-tab-content-1271\" aria-expanded=\"false\">\n\t\t\t\t\t\t\t\t\t\t\t\t\t<span class=\"elementor-accordion-icon elementor-accordion-icon-left\" aria-hidden=\"true\">\n\t\t\t\t\t\t\t\t\t\t\t\t\t\t\t<span class=\"elementor-accordion-icon-closed\"><i class=\"fas fa-plus\"><\/i><\/span>\n\t\t\t\t\t\t\t\t<span class=\"elementor-accordion-icon-opened\"><i class=\"fas fa-minus\"><\/i><\/span>\n\t\t\t\t\t\t\t\t\t\t\t\t\t\t<\/span>\n\t\t\t\t\t\t\t\t\t\t\t\t<a class=\"elementor-accordion-title\" tabindex=\"0\">J'ai valid\u00e9 ma L2 (120 ECTS) en sciences de la Terre \u00e0 l'UCBL<\/a>\n\t\t\t\t\t<\/div>\n\t\t\t\t\t<div id=\"elementor-tab-content-1271\" class=\"elementor-tab-content elementor-clearfix\" data-tab=\"1\" role=\"region\" aria-labelledby=\"elementor-tab-title-1271\"><p>Si j&rsquo;ai valid\u00e9 120 ECTS en 2\u00e8me ann\u00e9e de Licence \u00ab\u00a0Sciences de la Terre\u00a0\u00bb \u00e0 l&rsquo;UCBL, je suis admissible <i>de droit<\/i> en L3 \u00ab\u00a0G\u00e9osciences, Environnement et Risques Naturels\u00a0\u00bb (GEONAT).<\/p>\n<p><span style=\"text-decoration: underline;\"><strong>MODALIT\u00c9S D&rsquo;INSCRIPTION : <\/strong><\/span><\/p>\n<ol>\n<li style=\"list-style-type: none;\">\n<ol>\n<li>J&rsquo;obtiens le <strong>num\u00e9ro d&rsquo;attestation<\/strong> de paiement de la<strong> CVEC (Contribution de la Vie \u00e9tudiante et de campus)<\/strong> : www.messervices.etudiant.gouv.fr<\/li>\n<li>Je proc\u00e8de \u00e0 mon <b>inscription administrative<\/b> \u00e0 l&rsquo;UCBL, en me connectant \u00e0 l\u2019adresse suivante :&nbsp;<a href=\"https:\/\/www.univ-lyon1.fr\/formation\/inscription-et-scolarite\/sinscrire-suite-a-une-admission-via-ecandidat-niveau-detude-hors-licence-premiere-annee\" target=\"_blank\" rel=\"noopener\">IA WEB<\/a>&nbsp;qui sera ouvert&nbsp;<em style=\"font-weight: inherit; font-family: var( --e-global-typography-text-font-family ), Sans-serif; background-color: var(--ast-global-color-5); color: var(--ast-global-color-3);\"><span style=\"font-size: 13pt; font-family: Roboto; color: #993366; background-image: initial; background-position: initial; background-size: initial; background-repeat: initial; background-attachment: initial; background-origin: initial; background-clip: initial;\"><i style=\"color: rgb(75, 79, 88); font-family: Roboto, sans-serif; font-size: 17px; text-indent: -24px;\"><span style=\"font-size: 13pt; font-family: Roboto; color: rgb(25, 107, 36);\">du 06 juillet au 04 septembre 2026 (fermeture administrative du 25\/07\/26 au 16\/08\/26)<\/span><\/i>&nbsp;<\/span><\/em>Aucune inscription ne sera accept\u00e9e pass\u00e9 ces d\u00e9lais. Je dois me munir de mes num\u00e9ros de s\u00e9curit\u00e9 sociale (INSEE), INE, de la CVEC (Contribution Vie Etudiante et Campus) acquitt\u00e9e ainsi que de ma carte de paiement en cours de validit\u00e9. En cas de difficult\u00e9 lors de mon inscription \u00e0 distance, une assistance t\u00e9l\u00e9phonique m&rsquo;est propos\u00e9e au 04-72-43-13-23.<\/li>\n<li><b>\u00c0 partir du mois de JUIN<\/b>, je peux faire mes v\u0153ux pour le sport et l&rsquo;enseignement d&rsquo;ouverture de la TR5 <a href=\"http:\/\/transversales.univ-lyon1.fr\">sur le site des Transversales<\/a><\/li>\n<\/ol>\n<\/li>\n<\/ol><\/div>\n\t\t\t\t<\/div>\n\t\t\t\t\t\t\t<div class=\"elementor-accordion-item\">\n\t\t\t\t\t<div id=\"elementor-tab-title-1272\" class=\"elementor-tab-title\" data-tab=\"2\" role=\"button\" aria-controls=\"elementor-tab-content-1272\" aria-expanded=\"false\">\n\t\t\t\t\t\t\t\t\t\t\t\t\t<span class=\"elementor-accordion-icon elementor-accordion-icon-left\" aria-hidden=\"true\">\n\t\t\t\t\t\t\t\t\t\t\t\t\t\t\t<span class=\"elementor-accordion-icon-closed\"><i class=\"fas fa-plus\"><\/i><\/span>\n\t\t\t\t\t\t\t\t<span class=\"elementor-accordion-icon-opened\"><i class=\"fas fa-minus\"><\/i><\/span>\n\t\t\t\t\t\t\t\t\t\t\t\t\t\t<\/span>\n\t\t\t\t\t\t\t\t\t\t\t\t<a class=\"elementor-accordion-title\" tabindex=\"0\">J'ai valid\u00e9 120 ECTS dans un autre portail ou une autre universit\u00e9 \/ je suis titulaire d'un BTS ou d'un DUT \/ J'ai fait deux ans de classe pr\u00e9paratoire<\/a>\n\t\t\t\t\t<\/div>\n\t\t\t\t\t<div id=\"elementor-tab-content-1272\" class=\"elementor-tab-content elementor-clearfix\" data-tab=\"2\" role=\"region\" aria-labelledby=\"elementor-tab-title-1272\"><p><strong><span style=\"text-decoration: underline;\">MODALIT\u00c9S DE CANDIDATURE<\/span> : <\/strong><\/p>\n<p>Je d\u00e9pose une candidature \u00e0 Lyon1 (UCB) sur l&rsquo;application <a href=\"https:\/\/ecandidat.univ-lyon1.fr\/\">eCandidat<\/a>. Ouverture du site&nbsp;<em style=\"font-size: 1rem; color: rgb(153, 51, 102);\"><span style=\"font-weight: 700;\"><i style=\"color: rgb(75, 79, 88); font-weight: 400; text-indent: -24px;\"><span style=\"font-size: 13pt; font-family: Roboto; color: rgb(25, 107, 36);\">du 11 mai au 22 juin 2026<\/span><\/i><\/span><\/em><b style=\"font-style: inherit;\">. <\/b><span style=\"font-style: inherit; font-weight: inherit;\">La commission d&rsquo;admission se r\u00e9unira le <\/span><em style=\"font-size: 1rem; font-weight: inherit; color: rgb(153, 51, 102);\"><span style=\"font-weight: 700;\"><i style=\"color: rgb(75, 79, 88); font-weight: 400; text-indent: -24px;\"><span style=\"font-size: 13pt; font-family: Roboto; color: rgb(25, 107, 36);\">2 juillet 2026<\/span><\/i><\/span><\/em><span style=\"font-style: inherit; font-weight: inherit;\">. La d\u00e9cision d&rsquo;admission sera notifi\u00e9e sur eCandidat le <\/span><em style=\"font-size: 1rem; font-weight: inherit; color: rgb(153, 51, 102);\"><span style=\"font-weight: 700;\"><i style=\"color: rgb(75, 79, 88); font-weight: 400; text-indent: -24px;\"><span style=\"font-size: 13pt; font-family: Roboto; color: rgb(25, 107, 36);\">3 juillet 2026<\/span><\/i><\/span><\/em><span style=\"font-style: inherit; font-weight: inherit;\">.<\/span><\/p>\n<p><strong><span style=\"text-decoration: underline;\">MODALIT\u00c9S D&rsquo;INSCRIPTION :<\/span> <\/strong><\/p>\n<p>Si ma candidature est accept\u00e9e, je devrai :<\/p>\n<ol>\n<li><b>Confirmer ma candidature sur eCandidat<\/b><b>&nbsp;jusqu&rsquo;au <\/b><span style=\"color: #993366;\"><em><b><em style=\"font-weight: 400;\"><span style=\"font-weight: 700;\"><i style=\"color: rgb(75, 79, 88); font-weight: 400; text-indent: -24px;\"><span style=\"font-size: 13pt; font-family: Roboto; color: rgb(25, 107, 36);\">19 juillet 2026<\/span><\/i><\/span><\/em><\/b><\/em><\/span>.<\/li>\n<li>J&rsquo;obtiens le <strong>num\u00e9ro d&rsquo;attestation<\/strong>&nbsp;de paiement de la<strong>&nbsp;CVEC (Contribution de la Vie \u00e9tudiante et de campus)<\/strong>&nbsp;: www.messervices.etudiant.gouv.fr<\/li>\n<li>Je proc\u00e8de \u00e0 mon <b>inscription administrative<\/b> \u00e0 l&rsquo;UCBL, en me connectant \u00e0 l\u2019adresse suivante :&nbsp;<a href=\"https:\/\/www.univ-lyon1.fr\/formation\/inscription-et-scolarite\/sinscrire-suite-a-une-admission-via-ecandidat-niveau-detude-hors-licence-premiere-annee\" target=\"_blank\" rel=\"noopener\">IA WEB<\/a>&nbsp;qui sera ouvert&nbsp;<em style=\"font-weight: inherit; font-family: var( --e-global-typography-text-font-family ), Sans-serif; background-color: var(--ast-global-color-5); color: var(--ast-global-color-3);\"><span style=\"font-size: 13pt; font-family: Roboto; color: #993366; background-image: initial; background-position: initial; background-size: initial; background-repeat: initial; background-attachment: initial; background-origin: initial; background-clip: initial;\"><i style=\"color: rgb(75, 79, 88); font-family: Roboto, sans-serif; font-size: 17px; text-indent: -24px;\"><span style=\"font-size: 13pt; font-family: Roboto; color: rgb(25, 107, 36);\">du 06 juillet au 04 septembre 2026 (fermeture administrative du 25\/07\/26 au 16\/08\/26)<\/span><\/i>&nbsp;<\/span><\/em>Aucune inscription ne sera accept\u00e9e pass\u00e9 ces d\u00e9lais. Je dois me munir de mes num\u00e9ros de s\u00e9curit\u00e9 sociale (INSEE), INE, de la CVEC (Contribution Vie Etudiante et Campus) acquitt\u00e9e ainsi que de ma carte de paiement en cours de validit\u00e9. En cas de difficult\u00e9 lors de mon inscription \u00e0 distance, une assistance t\u00e9l\u00e9phonique m&rsquo;est propos\u00e9e au 04-72-43-13-23.<\/li>\n<li><b>\u00c0 partir du mois de JUIN<\/b>, je peux&nbsp; faire mes v\u0153ux pour le sport et l&rsquo;enseignement d&rsquo;ouverture <a href=\"http:\/\/transversales.univ-lyon1.fr\">sur le site des Transversales.<\/a><\/li>\n<\/ol>\n<p>Toutes les infos sur les inscriptions:&nbsp;<a href=\"http:\/\/www.univ-lyon1.fr\/formation\/inscription-et-scolarite\/\">http:\/\/www.univ-lyon1.fr\/formation\/inscription-et-scolarite<\/a><\/p>\n<p><u><span style=\"font-weight: bold;\">2d campagne de candidature<\/span><\/u>&nbsp;:&nbsp;<span style=\"background-color: var(--ast-global-color-5);\">&nbsp;<\/span><i style=\"font-family: var( --e-global-typography-text-font-family ), Sans-serif; font-weight: var( --e-global-typography-text-font-weight ); background-color: var(--ast-global-color-5); color: var(--ast-global-color-3); font-size: 1rem;\"><span style=\"font-size: 13pt; font-family: Roboto; color: #196b24;\">du 07 juillet au 27 ao\u00fbt 2026<\/span><\/i><span style=\"font-weight: var( --e-global-typography-text-font-weight ); background-color: var(--ast-global-color-5); color: var(--ast-global-color-3); font-size: 13pt; font-family: Roboto;\">.&nbsp;<\/span><span style=\"font-weight: var( --e-global-typography-text-font-weight ); background-color: var(--ast-global-color-5); color: var(--ast-global-color-3); font-size: 13pt; font-family: Arial, sans-serif;\">La commission d&rsquo;admission \u00e9tudiera et transmettra les&nbsp;avis au fil de l&rsquo;eau sur eCandidat. La d\u00e9cision pourra \u00eatre notifi\u00e9e au plus&nbsp;tard le&nbsp;<\/span><i style=\"font-family: var( --e-global-typography-text-font-family ), Sans-serif; font-weight: var( --e-global-typography-text-font-weight ); background-color: var(--ast-global-color-5); color: var(--ast-global-color-3); font-size: 1rem;\"><span style=\"font-size: 13pt; font-family: Arial, sans-serif; color: #196b24;\">28 ao\u00fbt 2026<\/span><\/i><span style=\"font-weight: var( --e-global-typography-text-font-weight ); background-color: var(--ast-global-color-5); color: var(--ast-global-color-3); font-size: 13pt; font-family: Arial, sans-serif;\">.<\/span><\/p>\n<p style=\"font-size: 17px; font-style: normal; font-weight: 400; margin-bottom: 0cm; background-image: initial; background-position: initial; background-size: initial; background-repeat: initial; background-attachment: initial; background-origin: initial; background-clip: initial; line-height: normal;\"><span style=\"font-weight: bold;\"><span style=\"font-size: 13pt; font-family: Arial, sans-serif;\">Les modalit\u00e9s d&rsquo;inscription sont identiques \u00e0 la 1\u00e8re session :<\/span><\/span><\/p>\n<p style=\"font-size: 17px; font-style: normal; font-weight: 400; margin: 0cm 0cm 0cm 51pt; background-image: initial; background-position: initial; background-size: initial; background-repeat: initial; background-attachment: initial; background-origin: initial; background-clip: initial; text-indent: -18pt; line-height: normal;\"><span style=\"font-size: 13pt; font-family: Roboto;\">1.<span style=\"font-variant-numeric: normal; font-variant-east-asian: normal; font-variant-alternates: normal; font-kerning: auto; font-optical-sizing: auto; font-feature-settings: normal; font-variation-settings: normal; font-variant-position: normal; font-stretch: normal; font-size: 7pt; line-height: normal; font-family: 'Times New Roman';\">&nbsp;&nbsp;&nbsp;&nbsp;&nbsp;<\/span><\/span><span style=\"font-weight: bold;\"><span style=\"font-size: 13pt; font-family: Roboto;\">Confirmer ma candidature sur eCandidat&nbsp;au plus tard le&nbsp;<\/span><\/span><span style=\"font-weight: bold;\"><i><span style=\"font-size: 13pt; font-family: Roboto; color: #196b24;\">31 ao\u00fbt 2026<\/span><\/i><\/span><span style=\"font-size: 13pt; font-family: Roboto;\">.<\/span><\/p>\n<p style=\"font-size: 17px; font-style: normal; font-weight: 400; margin: 0cm 0cm 0cm 51pt; background-image: initial; background-position: initial; background-size: initial; background-repeat: initial; background-attachment: initial; background-origin: initial; background-clip: initial; text-indent: -18pt; line-height: normal;\"><span style=\"font-size: 13pt; font-family: Roboto;\">2.<span style=\"font-variant-numeric: normal; font-variant-east-asian: normal; font-variant-alternates: normal; font-kerning: auto; font-optical-sizing: auto; font-feature-settings: normal; font-variation-settings: normal; font-variant-position: normal; font-stretch: normal; font-size: 7pt; line-height: normal; font-family: 'Times New Roman';\">&nbsp;&nbsp;&nbsp;&nbsp;&nbsp;<\/span><\/span><span style=\"font-size: 13pt; font-family: Roboto;\">J&rsquo;obtiens le&nbsp;<span style=\"font-weight: bold;\">num\u00e9ro d&rsquo;attestation<\/span>&nbsp;de paiement de la<span style=\"font-weight: bold;\">&nbsp;CVEC (Contribution de la Vie<br>\u00e9tudiante et de campus)<\/span>&nbsp;: www.messervices.etudiant.gouv.fr<\/span><\/p>\n<p style=\"font-size: 17px; font-style: normal; font-weight: 400; margin: 0cm 0cm 0cm 51pt; background-image: initial; background-position: initial; background-size: initial; background-repeat: initial; background-attachment: initial; background-origin: initial; background-clip: initial; text-indent: -18pt; line-height: normal;\"><span style=\"font-size: 13pt; font-family: Roboto;\">3.<span style=\"font-variant-numeric: normal; font-variant-east-asian: normal; font-variant-alternates: normal; font-kerning: auto; font-optical-sizing: auto; font-feature-settings: normal; font-variation-settings: normal; font-variant-position: normal; font-stretch: normal; font-size: 7pt; line-height: normal; font-family: 'Times New Roman';\">&nbsp;&nbsp;&nbsp;&nbsp;&nbsp;<\/span><\/span><span style=\"font-size: 13pt; font-family: Roboto;\">Je proc\u00e8de \u00e0 mon&nbsp;<span style=\"font-weight: bold;\">inscription administrative<\/span>&nbsp;\u00e0 l&rsquo;UCBL, en me connectant \u00e0 l\u2019adresse suivante :&nbsp;<a style=\"transition-property: all;\" href=\"https:\/\/www.univ-lyon1.fr\/formation\/inscription-et-scolarite\/sinscrire-suite-a-une-admission-via-ecandidat-niveau-detude-hors-licence-premiere-annee\" target=\"_blank\" rel=\"noopener\">IA WEB<\/a>&nbsp;qui sera<br>ouvert&nbsp;<\/span><i><span style=\"font-size: 13pt; font-family: Roboto; color: rgb(25, 107, 36);\">du 06 juillet au 04 septembre 2026 (fermeture administrative du 25\/07\/26 au 16\/08\/26)<\/span><\/i><span style=\"font-size: 13pt; font-family: Roboto;\">. Aucune inscription ne sera accept\u00e9e passer ces d\u00e9lais. Je dois me munir de mes num\u00e9ros de s\u00e9curit\u00e9 sociale (INSEE), INE, de la CVEC (Contribution Vie<br>Etudiante et Campus) acquitt\u00e9e ainsi que de ma carte de paiement en cours de validit\u00e9. En cas de difficult\u00e9 lors de mon inscription \u00e0 distance, une assistance t\u00e9l\u00e9phonique m&rsquo;est propos\u00e9e au 04-72-43-13-23.<\/span><\/p><\/div>\n\t\t\t\t<\/div>\n\t\t\t\t\t\t\t<div class=\"elementor-accordion-item\">\n\t\t\t\t\t<div id=\"elementor-tab-title-1273\" class=\"elementor-tab-title\" data-tab=\"3\" role=\"button\" aria-controls=\"elementor-tab-content-1273\" aria-expanded=\"false\">\n\t\t\t\t\t\t\t\t\t\t\t\t\t<span class=\"elementor-accordion-icon elementor-accordion-icon-left\" aria-hidden=\"true\">\n\t\t\t\t\t\t\t\t\t\t\t\t\t\t\t<span class=\"elementor-accordion-icon-closed\"><i class=\"fas fa-plus\"><\/i><\/span>\n\t\t\t\t\t\t\t\t<span class=\"elementor-accordion-icon-opened\"><i class=\"fas fa-minus\"><\/i><\/span>\n\t\t\t\t\t\t\t\t\t\t\t\t\t\t<\/span>\n\t\t\t\t\t\t\t\t\t\t\t\t<a class=\"elementor-accordion-title\" tabindex=\"0\">Rentr\u00e9e p\u00e9dagogique<\/a>\n\t\t\t\t\t<\/div>\n\t\t\t\t\t<div id=\"elementor-tab-content-1273\" class=\"elementor-tab-content elementor-clearfix\" data-tab=\"3\" role=\"region\" aria-labelledby=\"elementor-tab-title-1273\"><p>D\u00e9but des cours : 03\/09\/2025 &#8211; 8h en salle D206, b\u00e2t Darwin D<\/p><p>R\u00e9union de rentr\u00e9e L3 GEONAT : <span style=\"color: #99cc00;\">09\/09\/2025 9h, salle D206 Darwin D (d\u00e9but du cours \u00ab\u00a0Environnement et soci\u00e9t\u00e9\u00a0\u00bb)<\/span><\/p><p>Conf\u00e9rences OSU : <span style=\"color: #99cc00;\">08\/09\/2025 9h-12h, salle Fontannes Darwin D<\/span><\/p><\/div>\n\t\t\t\t<\/div>\n\t\t\t\t\t\t\t\t<\/div>\n\t\t\t\t\t\t<\/div>\n\t\t\t\t<\/div>\n\t\t\t\t<div class=\"elementor-element elementor-element-17f8c3f elementor-widget elementor-widget-html\" data-id=\"17f8c3f\" data-element_type=\"widget\" data-e-type=\"widget\" data-widget_type=\"html.default\">\n\t\t\t\t<div class=\"elementor-widget-container\">\n\t\t\t\t\t<script> \njQuery(document).ready(function($) { \nvar delay = 100; setTimeout(function() { \n$('.elementor-tab-title').removeClass('elementor-active');\n $('.elementor-tab-content').css('display', 'none'); }, delay); \n}); \n<\/script>\t\t\t\t<\/div>\n\t\t\t\t<\/div>\n\t\t\t\t\t<\/div>\n\t\t<\/div>\n\t\t\t\t\t<\/div>\n\t\t<\/section>\n\t\t\t\t<\/div>","protected":false},"excerpt":{"rendered":"<p>Je souhaite m&rsquo;inscrire en L3 GEONAT Retour \u00e0 la page pr\u00e9c\u00e9dente J&rsquo;ai valid\u00e9 ma L2 (120 ECTS) en sciences de la Terre \u00e0 l&rsquo;UCBL Si j&rsquo;ai valid\u00e9 120 ECTS en 2\u00e8me ann\u00e9e de Licence \u00ab\u00a0Sciences de la Terre\u00a0\u00bb \u00e0 l&rsquo;UCBL, je suis admissible de droit en L3 \u00ab\u00a0G\u00e9osciences, Environnement et Risques Naturels\u00a0\u00bb (GEONAT). MODALIT\u00c9S D&rsquo;INSCRIPTION [&hellip;]<\/p>\n","protected":false},"author":5,"featured_media":0,"parent":31,"menu_order":0,"comment_status":"closed","ping_status":"closed","template":"","meta":{"site-sidebar-layout":"no-sidebar","site-content-layout":"page-builder","ast-site-content-layout":"default","site-content-style":"default","site-sidebar-style":"default","ast-global-header-display":"","ast-banner-title-visibility":"","ast-main-header-display":"","ast-hfb-above-header-display":"","ast-hfb-below-header-display":"","ast-hfb-mobile-header-display":"","site-post-title":"disabled","ast-breadcrumbs-content":"","ast-featured-img":"disabled","footer-sml-layout":"","ast-disable-related-posts":"","theme-transparent-header-meta":"","adv-header-id-meta":"","stick-header-meta":"","header-above-stick-meta":"","header-main-stick-meta":"","header-below-stick-meta":"","astra-migrate-meta-layouts":"default","ast-page-background-enabled":"default","ast-page-background-meta":{"desktop":{"background-color":"var(--ast-global-color-4)","background-image":"","background-repeat":"repeat","background-position":"center center","background-size":"auto","background-attachment":"scroll","background-type":"","background-media":"","overlay-type":"","overlay-color":"","overlay-opacity":"","overlay-gradient":""},"tablet":{"background-color":"","background-image":"","background-repeat":"repeat","background-position":"center center","background-size":"auto","background-attachment":"scroll","background-type":"","background-media":"","overlay-type":"","overlay-color":"","overlay-opacity":"","overlay-gradient":""},"mobile":{"background-color":"","background-image":"","background-repeat":"repeat","background-position":"center center","background-size":"auto","background-attachment":"scroll","background-type":"","background-media":"","overlay-type":"","overlay-color":"","overlay-opacity":"","overlay-gradient":""}},"ast-content-background-meta":{"desktop":{"background-color":"var(--ast-global-color-5)","background-image":"","background-repeat":"repeat","background-position":"center center","background-size":"auto","background-attachment":"scroll","background-type":"","background-media":"","overlay-type":"","overlay-color":"","overlay-opacity":"","overlay-gradient":""},"tablet":{"background-color":"var(--ast-global-color-5)","background-image":"","background-repeat":"repeat","background-position":"center center","background-size":"auto","background-attachment":"scroll","background-type":"","background-media":"","overlay-type":"","overlay-color":"","overlay-opacity":"","overlay-gradient":""},"mobile":{"background-color":"var(--ast-global-color-5)","background-image":"","background-repeat":"repeat","background-position":"center center","background-size":"auto","background-attachment":"scroll","background-type":"","background-media":"","overlay-type":"","overlay-color":"","overlay-opacity":"","overlay-gradient":""}},"footnotes":""},"class_list":["post-2875","page","type-page","status-publish","hentry"],"_links":{"self":[{"href":"https:\/\/lyongeologie.fr\/en\/wp-json\/wp\/v2\/pages\/2875","targetHints":{"allow":["GET"]}}],"collection":[{"href":"https:\/\/lyongeologie.fr\/en\/wp-json\/wp\/v2\/pages"}],"about":[{"href":"https:\/\/lyongeologie.fr\/en\/wp-json\/wp\/v2\/types\/page"}],"author":[{"embeddable":true,"href":"https:\/\/lyongeologie.fr\/en\/wp-json\/wp\/v2\/users\/5"}],"replies":[{"embeddable":true,"href":"https:\/\/lyongeologie.fr\/en\/wp-json\/wp\/v2\/comments?post=2875"}],"version-history":[{"count":85,"href":"https:\/\/lyongeologie.fr\/en\/wp-json\/wp\/v2\/pages\/2875\/revisions"}],"predecessor-version":[{"id":19233,"href":"https:\/\/lyongeologie.fr\/en\/wp-json\/wp\/v2\/pages\/2875\/revisions\/19233"}],"up":[{"embeddable":true,"href":"https:\/\/lyongeologie.fr\/en\/wp-json\/wp\/v2\/pages\/31"}],"wp:attachment":[{"href":"https:\/\/lyongeologie.fr\/en\/wp-json\/wp\/v2\/media?parent=2875"}],"curies":[{"name":"wp","href":"https:\/\/api.w.org\/{rel}","templated":true}]}}