{"id":2869,"date":"2022-01-31T22:07:42","date_gmt":"2022-01-31T21:07:42","guid":{"rendered":"https:\/\/lyon-geologie.univ-lyon1.fr\/?page_id=2869"},"modified":"2022-09-02T13:33:07","modified_gmt":"2022-09-02T11:33:07","slug":"l2-geoch","status":"publish","type":"page","link":"https:\/\/lyongeologie.fr\/en\/l2-geosciences\/l2-geoch\/","title":{"rendered":"L2 Chimie-G\u00e9ochimie"},"content":{"rendered":"<div data-elementor-type=\"wp-page\" data-elementor-id=\"2869\" class=\"elementor elementor-2869\">\n\t\t\t\t\t\t<section class=\"elementor-section elementor-top-section elementor-element elementor-element-cb0e467 elementor-section-boxed elementor-section-height-default elementor-section-height-default\" data-id=\"cb0e467\" data-element_type=\"section\" data-e-type=\"section\">\n\t\t\t\t\t\t<div class=\"elementor-container elementor-column-gap-default\">\n\t\t\t\t\t<div class=\"elementor-column elementor-col-100 elementor-top-column elementor-element elementor-element-e249858\" data-id=\"e249858\" data-element_type=\"column\" data-e-type=\"column\">\n\t\t\t<div class=\"elementor-widget-wrap elementor-element-populated\">\n\t\t\t\t\t\t<div class=\"elementor-element elementor-element-74f23fa elementor-widget elementor-widget-text-editor\" data-id=\"74f23fa\" data-element_type=\"widget\" data-e-type=\"widget\" data-widget_type=\"text-editor.default\">\n\t\t\t\t<div class=\"elementor-widget-container\">\n\t\t\t\t\t\t\t\t\t<h2>Chimie &#8211; G\u00e9ochimie<\/h2>\t\t\t\t\t\t\t\t<\/div>\n\t\t\t\t<\/div>\n\t\t\t\t\t<\/div>\n\t\t<\/div>\n\t\t\t\t\t<\/div>\n\t\t<\/section>\n\t\t\t\t<section class=\"elementor-section elementor-top-section elementor-element elementor-element-b5b8dd0 elementor-section-boxed elementor-section-height-default elementor-section-height-default\" data-id=\"b5b8dd0\" data-element_type=\"section\" data-e-type=\"section\">\n\t\t\t\t\t\t<div class=\"elementor-container elementor-column-gap-default\">\n\t\t\t\t\t<div class=\"elementor-column elementor-col-33 elementor-top-column elementor-element elementor-element-11b703a\" data-id=\"11b703a\" data-element_type=\"column\" data-e-type=\"column\">\n\t\t\t<div class=\"elementor-widget-wrap elementor-element-populated\">\n\t\t\t\t\t\t<div class=\"elementor-element elementor-element-9a4a43f elementor-widget elementor-widget-text-editor\" data-id=\"9a4a43f\" data-element_type=\"widget\" data-e-type=\"widget\" data-widget_type=\"text-editor.default\">\n\t\t\t\t<div class=\"elementor-widget-container\">\n\t\t\t\t\t\t\t\t\t<p style=\"text-align: center;\"><em>Credits: <\/em>6 ECTS<\/p><p style=\"text-align: center;\"><em>Semestre :<\/em> Automne (S3)<\/p><p style=\"text-align: center;\"><em>Responsable: <a href=\"mailto:christophe.lecuyer@univ-lyon1.fr\">Christophe L\u00c9CUYER<\/a><\/em><\/p>\t\t\t\t\t\t\t\t<\/div>\n\t\t\t\t<\/div>\n\t\t\t\t<div class=\"elementor-element elementor-element-53b5b15 elementor-widget elementor-widget-image\" data-id=\"53b5b15\" data-element_type=\"widget\" data-e-type=\"widget\" data-widget_type=\"image.default\">\n\t\t\t\t<div class=\"elementor-widget-container\">\n\t\t\t\t\t\t\t\t\t\t\t\t\t\t\t<img decoding=\"async\" width=\"150\" height=\"150\" src=\"https:\/\/lyongeologie.fr\/wp-content\/uploads\/2022\/02\/Christophe_Lecuyer.png\" class=\"attachment-large size-large wp-image-8877\" alt=\"\" \/>\t\t\t\t\t\t\t\t\t\t\t\t\t\t\t<\/div>\n\t\t\t\t<\/div>\n\t\t\t\t<div class=\"elementor-element elementor-element-4e506c9 elementor-align-center elementor-widget elementor-widget-button\" data-id=\"4e506c9\" data-element_type=\"widget\" data-e-type=\"widget\" data-widget_type=\"button.default\">\n\t\t\t\t<div class=\"elementor-widget-container\">\n\t\t\t\t\t\t\t\t\t<div class=\"elementor-button-wrapper\">\n\t\t\t\t\t<a class=\"elementor-button elementor-button-link elementor-size-sm\" href=\"https:\/\/lyon-geologie.univ-lyon1.fr\/l2-geosciences\/#l2_tc\">\n\t\t\t\t\t\t<span class=\"elementor-button-content-wrapper\">\n\t\t\t\t\t\t\t\t\t<span class=\"elementor-button-text\">Back to the previous page<\/span>\n\t\t\t\t\t<\/span>\n\t\t\t\t\t<\/a>\n\t\t\t\t<\/div>\n\t\t\t\t\t\t\t\t<\/div>\n\t\t\t\t<\/div>\n\t\t\t\t\t<\/div>\n\t\t<\/div>\n\t\t\t\t<div class=\"elementor-column elementor-col-66 elementor-top-column elementor-element elementor-element-1964997\" data-id=\"1964997\" data-element_type=\"column\" data-e-type=\"column\">\n\t\t\t<div class=\"elementor-widget-wrap elementor-element-populated\">\n\t\t\t\t\t\t<div class=\"elementor-element elementor-element-23c2710 elementor-widget elementor-widget-text-editor\" data-id=\"23c2710\" data-element_type=\"widget\" data-e-type=\"widget\" data-widget_type=\"text-editor.default\">\n\t\t\t\t<div class=\"elementor-widget-container\">\n\t\t\t\t\t\t\t\t\t<p><span style=\"font-weight: 400;\">Comment lire les messages \u00e9l\u00e9mentaires et mol\u00e9culaires enregistr\u00e9s par la Terre ? La chimie appliqu\u00e9e aux Sciences de la Terre (la g\u00e9ochimie) repr\u00e9sente un outil puissant pour \u00e9tudier le fonctionnement de la Terre interne, les dynamiques de la surface et les \u00e9cosyst\u00e8mes. <\/span><\/p><p><span style=\"font-weight: 400;\">Cet enseignement vous apportera les notions de base en <strong>atomistique, thermodynamique chimique et g\u00e9ochimie isotopique<\/strong> avec un fort accent mis sur les applications dans les Sciences de la Terre et de l\u2019Environnement. L\u2019atomistique est essentielle pour expliquer les relations entre les propri\u00e9t\u00e9s fondamentales des \u00e9l\u00e9ments chimiques et leur distribution dans les enveloppes terrestres. La thermodynamique chimique apporte les bases pour la pr\u00e9diction et la compr\u00e9hension de l\u2019\u00e9volution de la mati\u00e8re qui compose la plan\u00e8te. Enfin les principes de base de la formation des isotopes des \u00e9l\u00e9ments chimiques et leur utilisation seront pr\u00e9sent\u00e9s, ainsi que des applications dans les domaines de la <strong>pal\u00e9oclimatologie<\/strong>, de la <strong>dynamique interne de la Terre<\/strong> et de la <strong>g\u00e9ochronologie<\/strong>.<\/span><\/p><div>\u00a0<\/div><div>\u00a0<\/div><div>\u00a0<\/div>\t\t\t\t\t\t\t\t<\/div>\n\t\t\t\t<\/div>\n\t\t\t\t<div class=\"elementor-element elementor-element-e0bc8f1 e-transform elementor-widget elementor-widget-image\" data-id=\"e0bc8f1\" data-element_type=\"widget\" data-e-type=\"widget\" data-settings=\"{&quot;_transform_translateY_effect&quot;:{&quot;unit&quot;:&quot;px&quot;,&quot;size&quot;:-32,&quot;sizes&quot;:[]},&quot;_transform_translateX_effect&quot;:{&quot;unit&quot;:&quot;px&quot;,&quot;size&quot;:&quot;&quot;,&quot;sizes&quot;:[]},&quot;_transform_translateX_effect_tablet&quot;:{&quot;unit&quot;:&quot;px&quot;,&quot;size&quot;:&quot;&quot;,&quot;sizes&quot;:[]},&quot;_transform_translateX_effect_mobile&quot;:{&quot;unit&quot;:&quot;px&quot;,&quot;size&quot;:&quot;&quot;,&quot;sizes&quot;:[]},&quot;_transform_translateY_effect_tablet&quot;:{&quot;unit&quot;:&quot;px&quot;,&quot;size&quot;:&quot;&quot;,&quot;sizes&quot;:[]},&quot;_transform_translateY_effect_mobile&quot;:{&quot;unit&quot;:&quot;px&quot;,&quot;size&quot;:&quot;&quot;,&quot;sizes&quot;:[]}}\" data-widget_type=\"image.default\">\n\t\t\t\t<div class=\"elementor-widget-container\">\n\t\t\t\t\t\t\t\t\t\t\t\t\t\t\t<img fetchpriority=\"high\" decoding=\"async\" width=\"865\" height=\"574\" src=\"https:\/\/lyongeologie.fr\/wp-content\/uploads\/2022\/01\/L2_geoch.jpg\" class=\"attachment-large size-large wp-image-2887\" alt=\"\" srcset=\"https:\/\/lyongeologie.fr\/wp-content\/uploads\/2022\/01\/L2_geoch.jpg 865w, https:\/\/lyongeologie.fr\/wp-content\/uploads\/2022\/01\/L2_geoch-300x199.jpg 300w, https:\/\/lyongeologie.fr\/wp-content\/uploads\/2022\/01\/L2_geoch-768x510.jpg 768w\" sizes=\"(max-width: 865px) 100vw, 865px\" \/>\t\t\t\t\t\t\t\t\t\t\t\t\t\t\t<\/div>\n\t\t\t\t<\/div>\n\t\t\t\t<div class=\"elementor-element elementor-element-3a422d2 elementor-widget elementor-widget-text-editor\" data-id=\"3a422d2\" data-element_type=\"widget\" data-e-type=\"widget\" data-widget_type=\"text-editor.default\">\n\t\t\t\t<div class=\"elementor-widget-container\">\n\t\t\t\t\t\t\t\t\t<p>Cette UE se prolonge dans le parcours L3 MAG par le module <a href=\"https:\/\/lyon-geologie.univ-lyon1.fr\/l3-mag\/l3m-geoch\/\">\u00ab\u00a0Analyse de l&rsquo;eau et des roches\u00a0\u00bb<\/a>, et dans le parcours L3 G\u00e9oS par les modules \u00ab\u00a0<a href=\"https:\/\/lyon-geologie.univ-lyon1.fr\/en\/l3-geosciences\/l3g_geoch\/\">Introduction to geochemistry<\/a>\u00a0\u00bb et \u00ab\u00a0<a href=\"https:\/\/lyon-geologie.univ-lyon1.fr\/en\/l3-geosciences\/l3g_geochenvir\/\">Environmental geochemistry<\/a>\u00ab\u00a0.<\/p>\t\t\t\t\t\t\t\t<\/div>\n\t\t\t\t<\/div>\n\t\t\t\t<section class=\"elementor-section elementor-inner-section elementor-element elementor-element-e11dcc5 elementor-section-boxed elementor-section-height-default elementor-section-height-default\" data-id=\"e11dcc5\" data-element_type=\"section\" data-e-type=\"section\">\n\t\t\t\t\t\t<div class=\"elementor-container elementor-column-gap-default\">\n\t\t\t\t\t<div class=\"elementor-column elementor-col-100 elementor-inner-column elementor-element elementor-element-90e7b37\" data-id=\"90e7b37\" data-element_type=\"column\" data-e-type=\"column\">\n\t\t\t<div class=\"elementor-widget-wrap\">\n\t\t\t\t\t\t\t<\/div>\n\t\t<\/div>\n\t\t\t\t\t<\/div>\n\t\t<\/section>\n\t\t\t\t\t<\/div>\n\t\t<\/div>\n\t\t\t\t\t<\/div>\n\t\t<\/section>\n\t\t\t\t<section class=\"elementor-section elementor-top-section elementor-element elementor-element-2862eee elementor-section-boxed elementor-section-height-default elementor-section-height-default\" data-id=\"2862eee\" data-element_type=\"section\" data-e-type=\"section\">\n\t\t\t\t\t\t<div class=\"elementor-container elementor-column-gap-default\">\n\t\t\t\t\t<div class=\"elementor-column elementor-col-100 elementor-top-column elementor-element elementor-element-601412c\" data-id=\"601412c\" data-element_type=\"column\" data-e-type=\"column\">\n\t\t\t<div class=\"elementor-widget-wrap\">\n\t\t\t\t\t\t\t<\/div>\n\t\t<\/div>\n\t\t\t\t\t<\/div>\n\t\t<\/section>\n\t\t\t\t<\/div>","protected":false},"excerpt":{"rendered":"<p>Chimie &#8211; G\u00e9ochimie Cr\u00e9dits : 6 ECTS Semestre : Automne (S3) Responsable: Christophe L\u00c9CUYER Retour \u00e0 la liste des UEs Comment lire les messages \u00e9l\u00e9mentaires et mol\u00e9culaires enregistr\u00e9s par la Terre ? La chimie appliqu\u00e9e aux Sciences de la Terre (la g\u00e9ochimie) repr\u00e9sente un outil puissant pour \u00e9tudier le fonctionnement de la Terre interne, les [&hellip;]<\/p>\n","protected":false},"author":3,"featured_media":0,"parent":479,"menu_order":0,"comment_status":"closed","ping_status":"closed","template":"","meta":{"site-sidebar-layout":"no-sidebar","site-content-layout":"page-builder","ast-site-content-layout":"default","site-content-style":"default","site-sidebar-style":"default","ast-global-header-display":"","ast-banner-title-visibility":"","ast-main-header-display":"","ast-hfb-above-header-display":"","ast-hfb-below-header-display":"","ast-hfb-mobile-header-display":"","site-post-title":"disabled","ast-breadcrumbs-content":"","ast-featured-img":"disabled","footer-sml-layout":"","ast-disable-related-posts":"","theme-transparent-header-meta":"","adv-header-id-meta":"","stick-header-meta":"","header-above-stick-meta":"","header-main-stick-meta":"","header-below-stick-meta":"","astra-migrate-meta-layouts":"default","ast-page-background-enabled":"default","ast-page-background-meta":{"desktop":{"background-color":"var(--ast-global-color-4)","background-image":"","background-repeat":"repeat","background-position":"center center","background-size":"auto","background-attachment":"scroll","background-type":"","background-media":"","overlay-type":"","overlay-color":"","overlay-opacity":"","overlay-gradient":""},"tablet":{"background-color":"","background-image":"","background-repeat":"repeat","background-position":"center center","background-size":"auto","background-attachment":"scroll","background-type":"","background-media":"","overlay-type":"","overlay-color":"","overlay-opacity":"","overlay-gradient":""},"mobile":{"background-color":"","background-image":"","background-repeat":"repeat","background-position":"center center","background-size":"auto","background-attachment":"scroll","background-type":"","background-media":"","overlay-type":"","overlay-color":"","overlay-opacity":"","overlay-gradient":""}},"ast-content-background-meta":{"desktop":{"background-color":"var(--ast-global-color-5)","background-image":"","background-repeat":"repeat","background-position":"center center","background-size":"auto","background-attachment":"scroll","background-type":"","background-media":"","overlay-type":"","overlay-color":"","overlay-opacity":"","overlay-gradient":""},"tablet":{"background-color":"var(--ast-global-color-5)","background-image":"","background-repeat":"repeat","background-position":"center center","background-size":"auto","background-attachment":"scroll","background-type":"","background-media":"","overlay-type":"","overlay-color":"","overlay-opacity":"","overlay-gradient":""},"mobile":{"background-color":"var(--ast-global-color-5)","background-image":"","background-repeat":"repeat","background-position":"center center","background-size":"auto","background-attachment":"scroll","background-type":"","background-media":"","overlay-type":"","overlay-color":"","overlay-opacity":"","overlay-gradient":""}},"footnotes":""},"class_list":["post-2869","page","type-page","status-publish","hentry"],"_links":{"self":[{"href":"https:\/\/lyongeologie.fr\/en\/wp-json\/wp\/v2\/pages\/2869","targetHints":{"allow":["GET"]}}],"collection":[{"href":"https:\/\/lyongeologie.fr\/en\/wp-json\/wp\/v2\/pages"}],"about":[{"href":"https:\/\/lyongeologie.fr\/en\/wp-json\/wp\/v2\/types\/page"}],"author":[{"embeddable":true,"href":"https:\/\/lyongeologie.fr\/en\/wp-json\/wp\/v2\/users\/3"}],"replies":[{"embeddable":true,"href":"https:\/\/lyongeologie.fr\/en\/wp-json\/wp\/v2\/comments?post=2869"}],"version-history":[{"count":42,"href":"https:\/\/lyongeologie.fr\/en\/wp-json\/wp\/v2\/pages\/2869\/revisions"}],"predecessor-version":[{"id":15797,"href":"https:\/\/lyongeologie.fr\/en\/wp-json\/wp\/v2\/pages\/2869\/revisions\/15797"}],"up":[{"embeddable":true,"href":"https:\/\/lyongeologie.fr\/en\/wp-json\/wp\/v2\/pages\/479"}],"wp:attachment":[{"href":"https:\/\/lyongeologie.fr\/en\/wp-json\/wp\/v2\/media?parent=2869"}],"curies":[{"name":"wp","href":"https:\/\/api.w.org\/{rel}","templated":true}]}}