{"id":2689,"date":"2022-01-31T21:25:49","date_gmt":"2022-01-31T20:25:49","guid":{"rendered":"https:\/\/lyon-geologie.univ-lyon1.fr\/?page_id=2689"},"modified":"2026-03-13T16:38:45","modified_gmt":"2026-03-13T15:38:45","slug":"l1-tee","status":"publish","type":"page","link":"https:\/\/lyongeologie.fr\/en\/l1-geosciences\/l1-tee\/","title":{"rendered":"L1 Terre, \u00c9volution, Environnement"},"content":{"rendered":"<div data-elementor-type=\"wp-page\" data-elementor-id=\"2689\" class=\"elementor elementor-2689\">\n\t\t\t\t\t\t<section class=\"elementor-section elementor-top-section elementor-element elementor-element-f763fae elementor-section-boxed elementor-section-height-default elementor-section-height-default\" data-id=\"f763fae\" data-element_type=\"section\" data-e-type=\"section\">\n\t\t\t\t\t\t<div class=\"elementor-container elementor-column-gap-default\">\n\t\t\t\t\t<div class=\"elementor-column elementor-col-100 elementor-top-column elementor-element elementor-element-f6bf69d\" data-id=\"f6bf69d\" data-element_type=\"column\" data-e-type=\"column\">\n\t\t\t<div class=\"elementor-widget-wrap elementor-element-populated\">\n\t\t\t\t\t\t<div class=\"elementor-element elementor-element-3bc6369 elementor-widget elementor-widget-text-editor\" data-id=\"3bc6369\" data-element_type=\"widget\" data-e-type=\"widget\" data-widget_type=\"text-editor.default\">\n\t\t\t\t<div class=\"elementor-widget-container\">\n\t\t\t\t\t\t\t\t\t<h2>L1 Terre, \u00c9volution, Environnement<\/h2>\t\t\t\t\t\t\t\t<\/div>\n\t\t\t\t<\/div>\n\t\t\t\t\t<\/div>\n\t\t<\/div>\n\t\t\t\t\t<\/div>\n\t\t<\/section>\n\t\t\t\t<section class=\"elementor-section elementor-top-section elementor-element elementor-element-8160bfb elementor-section-boxed elementor-section-height-default elementor-section-height-default\" data-id=\"8160bfb\" data-element_type=\"section\" data-e-type=\"section\">\n\t\t\t\t\t\t<div class=\"elementor-container elementor-column-gap-default\">\n\t\t\t\t\t<div class=\"elementor-column elementor-col-33 elementor-top-column elementor-element elementor-element-667d41b\" data-id=\"667d41b\" data-element_type=\"column\" data-e-type=\"column\">\n\t\t\t<div class=\"elementor-widget-wrap elementor-element-populated\">\n\t\t\t\t\t\t<div class=\"elementor-element elementor-element-920f93d elementor-widget elementor-widget-text-editor\" data-id=\"920f93d\" data-element_type=\"widget\" data-e-type=\"widget\" data-widget_type=\"text-editor.default\">\n\t\t\t\t<div class=\"elementor-widget-container\">\n\t\t\t\t\t\t\t\t\t<p style=\"text-align: center;\"><em>Credits: <\/em>6 ECTS<\/p><p style=\"text-align: center;\"><em>Responsables: <a href=\"mailto:gweltaz.maheo@univ-lyon1.fr\">Gweltaz Maheo <\/a>\u00a0&amp; <a href=\"mailto:erwin.dehouck@univ-lyon1.fr\">Erwin DEHOUCK<\/a><\/em><\/p>\t\t\t\t\t\t\t\t<\/div>\n\t\t\t\t<\/div>\n\t\t\t\t<div class=\"elementor-element elementor-element-a620aa4 elementor-widget elementor-widget-image\" data-id=\"a620aa4\" data-element_type=\"widget\" data-e-type=\"widget\" data-widget_type=\"image.default\">\n\t\t\t\t<div class=\"elementor-widget-container\">\n\t\t\t\t\t\t\t\t\t\t\t\t\t\t\t<img decoding=\"async\" width=\"150\" height=\"150\" src=\"https:\/\/lyongeologie.fr\/wp-content\/uploads\/2022\/02\/gweltaz_maheo.png\" class=\"attachment-large size-large wp-image-12325\" alt=\"\" \/>\t\t\t\t\t\t\t\t\t\t\t\t\t\t\t<\/div>\n\t\t\t\t<\/div>\n\t\t\t\t<div class=\"elementor-element elementor-element-f2e79db elementor-widget elementor-widget-image\" data-id=\"f2e79db\" data-element_type=\"widget\" data-e-type=\"widget\" data-widget_type=\"image.default\">\n\t\t\t\t<div class=\"elementor-widget-container\">\n\t\t\t\t\t\t\t\t\t\t\t\t\t\t\t<img decoding=\"async\" width=\"150\" height=\"150\" src=\"https:\/\/lyongeologie.fr\/wp-content\/uploads\/2022\/02\/erwin.dehouck.png\" class=\"attachment-large size-large wp-image-8885\" alt=\"\" \/>\t\t\t\t\t\t\t\t\t\t\t\t\t\t\t<\/div>\n\t\t\t\t<\/div>\n\t\t\t\t<div class=\"elementor-element elementor-element-7d3e4e0 elementor-align-center elementor-widget elementor-widget-button\" data-id=\"7d3e4e0\" data-element_type=\"widget\" data-e-type=\"widget\" data-widget_type=\"button.default\">\n\t\t\t\t<div class=\"elementor-widget-container\">\n\t\t\t\t\t\t\t\t\t<div class=\"elementor-button-wrapper\">\n\t\t\t\t\t<a class=\"elementor-button elementor-button-link elementor-size-sm\" href=\"https:\/\/lyon-geologie.univ-lyon1.fr\/l1-geosciences\/#l1_tc\">\n\t\t\t\t\t\t<span class=\"elementor-button-content-wrapper\">\n\t\t\t\t\t\t\t\t\t<span class=\"elementor-button-text\">Back to the previous page<\/span>\n\t\t\t\t\t<\/span>\n\t\t\t\t\t<\/a>\n\t\t\t\t<\/div>\n\t\t\t\t\t\t\t\t<\/div>\n\t\t\t\t<\/div>\n\t\t\t\t\t<\/div>\n\t\t<\/div>\n\t\t\t\t<div class=\"elementor-column elementor-col-66 elementor-top-column elementor-element elementor-element-51b70b6\" data-id=\"51b70b6\" data-element_type=\"column\" data-e-type=\"column\">\n\t\t\t<div class=\"elementor-widget-wrap elementor-element-populated\">\n\t\t\t\t\t\t<div class=\"elementor-element elementor-element-32fc78c elementor-widget elementor-widget-text-editor\" data-id=\"32fc78c\" data-element_type=\"widget\" data-e-type=\"widget\" data-widget_type=\"text-editor.default\">\n\t\t\t\t<div class=\"elementor-widget-container\">\n\t\t\t\t\t\t\t\t\t<p><span style=\"font-weight: 400;\">Cette UE du portail BG2S de L1 vous pr\u00e9sente un <\/span><b>panorama des diff\u00e9rentes disciplines des Sciences de la Terre et des diff\u00e9rents objets et m\u00e9thodes \u00e9tudi\u00e9s\/utilis\u00e9s par les g\u00e9ologues<\/b><span style=\"font-weight: 400;\">. Elle introduit \u00e9galement les <\/span><b>Sciences de l\u2019\u00c9volution <\/b>et la<b> cartographie g\u00e9ologique<\/b><span style=\"font-weight: 400;\">.<\/span><\/p>\t\t\t\t\t\t\t\t<\/div>\n\t\t\t\t<\/div>\n\t\t\t\t<div class=\"elementor-element elementor-element-41ce7ce elementor-widget elementor-widget-image\" data-id=\"41ce7ce\" data-element_type=\"widget\" data-e-type=\"widget\" data-widget_type=\"image.default\">\n\t\t\t\t<div class=\"elementor-widget-container\">\n\t\t\t\t\t\t\t\t\t\t\t\t\t\t\t<img fetchpriority=\"high\" decoding=\"async\" width=\"1024\" height=\"641\" src=\"https:\/\/lyongeologie.fr\/wp-content\/uploads\/2022\/01\/L1_TEE-1024x641.jpg\" class=\"attachment-large size-large wp-image-2705\" alt=\"Quelques objets\/probl\u00e9matiques \u00e9tudi\u00e9(e)s dans le cadre de cette UE d\u2019introduction aux Sciences de la Terre\" srcset=\"https:\/\/lyongeologie.fr\/wp-content\/uploads\/2022\/01\/L1_TEE-1024x641.jpg 1024w, https:\/\/lyongeologie.fr\/wp-content\/uploads\/2022\/01\/L1_TEE-300x188.jpg 300w, https:\/\/lyongeologie.fr\/wp-content\/uploads\/2022\/01\/L1_TEE-768x481.jpg 768w, https:\/\/lyongeologie.fr\/wp-content\/uploads\/2022\/01\/L1_TEE.jpg 1116w\" sizes=\"(max-width: 1024px) 100vw, 1024px\" \/>\t\t\t\t\t\t\t\t\t\t\t\t\t\t\t<\/div>\n\t\t\t\t<\/div>\n\t\t\t\t<div class=\"elementor-element elementor-element-247d3af elementor-widget elementor-widget-text-editor\" data-id=\"247d3af\" data-element_type=\"widget\" data-e-type=\"widget\" data-widget_type=\"text-editor.default\">\n\t\t\t\t<div class=\"elementor-widget-container\">\n\t\t\t\t\t\t\t\t\t<p>L\u2019UE comporte <b>14h de CM et 18h de TD d\u2019introduction aux Sciences de la Terre,<\/b> allant du Big Bang au fonctionnement de l\u2019oc\u00e9an et de l&rsquo;atmosph\u00e8re. Une attention toute particuli\u00e8re est port\u00e9e aux th\u00e8mes du d\u00e9r\u00e8glement climatique d\u2019origine anthropique, des risques naturels et plus g\u00e9n\u00e9ralement aux aspects soci\u00e9taux de l\u2019\u00e9tude du syst\u00e8me Terre. En <b>\u00e9volution (10h de CM, 9h de TD)<\/b>, les objectifs sont de ma\u00eetriser les bases th\u00e9oriques en sciences de l\u2019\u00e9volution, et d\u2019observer des fossiles pour pouvoir proposer des sc\u00e9narios \u00e9volutifs associ\u00e9s. Enfin les TP de <b>cartographie (9h de TP)<\/b> vous donneront les comp\u00e9tences pour lire et interpr\u00e9ter les cartes topographiques et g\u00e9ologiques, et pour utiliser un SIG (syst\u00e8me d\u2019information g\u00e9ographique, ici G\u00e9oportail).<\/p>\t\t\t\t\t\t\t\t<\/div>\n\t\t\t\t<\/div>\n\t\t\t\t\t<\/div>\n\t\t<\/div>\n\t\t\t\t\t<\/div>\n\t\t<\/section>\n\t\t\t\t<section class=\"elementor-section elementor-top-section elementor-element elementor-element-81410cd elementor-section-boxed elementor-section-height-default elementor-section-height-default\" data-id=\"81410cd\" data-element_type=\"section\" data-e-type=\"section\">\n\t\t\t\t\t\t<div class=\"elementor-container elementor-column-gap-default\">\n\t\t\t\t\t<div class=\"elementor-column elementor-col-100 elementor-top-column elementor-element elementor-element-185ba92\" data-id=\"185ba92\" data-element_type=\"column\" data-e-type=\"column\">\n\t\t\t<div class=\"elementor-widget-wrap\">\n\t\t\t\t\t\t\t<\/div>\n\t\t<\/div>\n\t\t\t\t\t<\/div>\n\t\t<\/section>\n\t\t\t\t<\/div>","protected":false},"excerpt":{"rendered":"<p>L1 Terre, \u00c9volution, Environnement Cr\u00e9dits : 6 ECTS Responsables: Gweltaz Maheo \u00a0&amp; Erwin DEHOUCK Retour \u00e0 la liste des UEs Cette UE du portail BG2S de L1 vous pr\u00e9sente un panorama des diff\u00e9rentes disciplines des Sciences de la Terre et des diff\u00e9rents objets et m\u00e9thodes \u00e9tudi\u00e9s\/utilis\u00e9s par les g\u00e9ologues. Elle introduit \u00e9galement les Sciences de [&hellip;]<\/p>\n","protected":false},"author":3,"featured_media":0,"parent":447,"menu_order":0,"comment_status":"closed","ping_status":"closed","template":"","meta":{"site-sidebar-layout":"no-sidebar","site-content-layout":"page-builder","ast-site-content-layout":"default","site-content-style":"default","site-sidebar-style":"default","ast-global-header-display":"","ast-banner-title-visibility":"","ast-main-header-display":"","ast-hfb-above-header-display":"","ast-hfb-below-header-display":"","ast-hfb-mobile-header-display":"","site-post-title":"disabled","ast-breadcrumbs-content":"","ast-featured-img":"disabled","footer-sml-layout":"","ast-disable-related-posts":"","theme-transparent-header-meta":"","adv-header-id-meta":"","stick-header-meta":"","header-above-stick-meta":"","header-main-stick-meta":"","header-below-stick-meta":"","astra-migrate-meta-layouts":"default","ast-page-background-enabled":"default","ast-page-background-meta":{"desktop":{"background-color":"var(--ast-global-color-4)","background-image":"","background-repeat":"repeat","background-position":"center center","background-size":"auto","background-attachment":"scroll","background-type":"","background-media":"","overlay-type":"","overlay-color":"","overlay-opacity":"","overlay-gradient":""},"tablet":{"background-color":"","background-image":"","background-repeat":"repeat","background-position":"center center","background-size":"auto","background-attachment":"scroll","background-type":"","background-media":"","overlay-type":"","overlay-color":"","overlay-opacity":"","overlay-gradient":""},"mobile":{"background-color":"","background-image":"","background-repeat":"repeat","background-position":"center center","background-size":"auto","background-attachment":"scroll","background-type":"","background-media":"","overlay-type":"","overlay-color":"","overlay-opacity":"","overlay-gradient":""}},"ast-content-background-meta":{"desktop":{"background-color":"var(--ast-global-color-5)","background-image":"","background-repeat":"repeat","background-position":"center center","background-size":"auto","background-attachment":"scroll","background-type":"","background-media":"","overlay-type":"","overlay-color":"","overlay-opacity":"","overlay-gradient":""},"tablet":{"background-color":"var(--ast-global-color-5)","background-image":"","background-repeat":"repeat","background-position":"center center","background-size":"auto","background-attachment":"scroll","background-type":"","background-media":"","overlay-type":"","overlay-color":"","overlay-opacity":"","overlay-gradient":""},"mobile":{"background-color":"var(--ast-global-color-5)","background-image":"","background-repeat":"repeat","background-position":"center center","background-size":"auto","background-attachment":"scroll","background-type":"","background-media":"","overlay-type":"","overlay-color":"","overlay-opacity":"","overlay-gradient":""}},"footnotes":""},"class_list":["post-2689","page","type-page","status-publish","hentry"],"_links":{"self":[{"href":"https:\/\/lyongeologie.fr\/en\/wp-json\/wp\/v2\/pages\/2689","targetHints":{"allow":["GET"]}}],"collection":[{"href":"https:\/\/lyongeologie.fr\/en\/wp-json\/wp\/v2\/pages"}],"about":[{"href":"https:\/\/lyongeologie.fr\/en\/wp-json\/wp\/v2\/types\/page"}],"author":[{"embeddable":true,"href":"https:\/\/lyongeologie.fr\/en\/wp-json\/wp\/v2\/users\/3"}],"replies":[{"embeddable":true,"href":"https:\/\/lyongeologie.fr\/en\/wp-json\/wp\/v2\/comments?post=2689"}],"version-history":[{"count":66,"href":"https:\/\/lyongeologie.fr\/en\/wp-json\/wp\/v2\/pages\/2689\/revisions"}],"predecessor-version":[{"id":19293,"href":"https:\/\/lyongeologie.fr\/en\/wp-json\/wp\/v2\/pages\/2689\/revisions\/19293"}],"up":[{"embeddable":true,"href":"https:\/\/lyongeologie.fr\/en\/wp-json\/wp\/v2\/pages\/447"}],"wp:attachment":[{"href":"https:\/\/lyongeologie.fr\/en\/wp-json\/wp\/v2\/media?parent=2689"}],"curies":[{"name":"wp","href":"https:\/\/api.w.org\/{rel}","templated":true}]}}