{"id":2395,"date":"2022-01-31T16:16:40","date_gmt":"2022-01-31T15:16:40","guid":{"rendered":"https:\/\/lyon-geologie.univ-lyon1.fr\/?page_id=2395"},"modified":"2024-07-26T08:42:52","modified_gmt":"2024-07-26T06:42:52","slug":"l1-gralpes","status":"publish","type":"page","link":"https:\/\/lyongeologie.fr\/en\/l1-geosciences\/l1-gralpes\/","title":{"rendered":"L1 G\u00e9ologie Rh\u00f4ne-Alpine"},"content":{"rendered":"<div data-elementor-type=\"wp-page\" data-elementor-id=\"2395\" class=\"elementor elementor-2395\">\n\t\t\t\t\t\t<section class=\"elementor-section elementor-top-section elementor-element elementor-element-0aed085 elementor-section-boxed elementor-section-height-default elementor-section-height-default\" data-id=\"0aed085\" data-element_type=\"section\" data-e-type=\"section\">\n\t\t\t\t\t\t<div class=\"elementor-container elementor-column-gap-default\">\n\t\t\t\t\t<div class=\"elementor-column elementor-col-100 elementor-top-column elementor-element elementor-element-1783331\" data-id=\"1783331\" data-element_type=\"column\" data-e-type=\"column\">\n\t\t\t<div class=\"elementor-widget-wrap elementor-element-populated\">\n\t\t\t\t\t\t<div class=\"elementor-element elementor-element-1bcc004 elementor-widget elementor-widget-text-editor\" data-id=\"1bcc004\" data-element_type=\"widget\" data-e-type=\"widget\" data-widget_type=\"text-editor.default\">\n\t\t\t\t<div class=\"elementor-widget-container\">\n\t\t\t\t\t\t\t\t\t<h2>L1 &#8211; <b>G\u00e9ologie et Environnement : des Outils aux Terrains<\/b><\/h2>\t\t\t\t\t\t\t\t<\/div>\n\t\t\t\t<\/div>\n\t\t\t\t\t<\/div>\n\t\t<\/div>\n\t\t\t\t\t<\/div>\n\t\t<\/section>\n\t\t\t\t<section class=\"elementor-section elementor-top-section elementor-element elementor-element-9801538 elementor-section-boxed elementor-section-height-default elementor-section-height-default\" data-id=\"9801538\" data-element_type=\"section\" data-e-type=\"section\">\n\t\t\t\t\t\t<div class=\"elementor-container elementor-column-gap-default\">\n\t\t\t\t\t<div class=\"elementor-column elementor-col-33 elementor-top-column elementor-element elementor-element-b3f9d0c\" data-id=\"b3f9d0c\" data-element_type=\"column\" data-e-type=\"column\">\n\t\t\t<div class=\"elementor-widget-wrap elementor-element-populated\">\n\t\t\t\t\t\t<div class=\"elementor-element elementor-element-d915392 elementor-widget elementor-widget-text-editor\" data-id=\"d915392\" data-element_type=\"widget\" data-e-type=\"widget\" data-widget_type=\"text-editor.default\">\n\t\t\t\t<div class=\"elementor-widget-container\">\n\t\t\t\t\t\t\t\t\t<p style=\"text-align: center;\"><em>Credits: <\/em>6 ECTS<\/p><p style=\"text-align: center;\"><em>Responsable: <a href=\"mailto:Antoine.Triantafyllou@univ-lyon1.fr\">Antoine TRIANTAFYLLOU<\/a><\/em><\/p>\t\t\t\t\t\t\t\t<\/div>\n\t\t\t\t<\/div>\n\t\t\t\t<div class=\"elementor-element elementor-element-0b7d494 elementor-widget elementor-widget-image\" data-id=\"0b7d494\" data-element_type=\"widget\" data-e-type=\"widget\" data-widget_type=\"image.default\">\n\t\t\t\t<div class=\"elementor-widget-container\">\n\t\t\t\t\t\t\t\t\t\t\t\t\t\t\t<img decoding=\"async\" width=\"150\" height=\"150\" src=\"https:\/\/lyongeologie.fr\/wp-content\/uploads\/2022\/02\/Antoine-Triantafyllou.png\" class=\"attachment-large size-large wp-image-9189\" alt=\"\" \/>\t\t\t\t\t\t\t\t\t\t\t\t\t\t\t<\/div>\n\t\t\t\t<\/div>\n\t\t\t\t<div class=\"elementor-element elementor-element-bc0edd5 elementor-align-center elementor-widget elementor-widget-button\" data-id=\"bc0edd5\" data-element_type=\"widget\" data-e-type=\"widget\" data-widget_type=\"button.default\">\n\t\t\t\t<div class=\"elementor-widget-container\">\n\t\t\t\t\t\t\t\t\t<div class=\"elementor-button-wrapper\">\n\t\t\t\t\t<a class=\"elementor-button elementor-button-link elementor-size-sm\" href=\"https:\/\/lyon-geologie.univ-lyon1.fr\/l1-geosciences\/#l1_tc\">\n\t\t\t\t\t\t<span class=\"elementor-button-content-wrapper\">\n\t\t\t\t\t\t\t\t\t<span class=\"elementor-button-text\">Back to the previous page<\/span>\n\t\t\t\t\t<\/span>\n\t\t\t\t\t<\/a>\n\t\t\t\t<\/div>\n\t\t\t\t\t\t\t\t<\/div>\n\t\t\t\t<\/div>\n\t\t\t\t\t<\/div>\n\t\t<\/div>\n\t\t\t\t<div class=\"elementor-column elementor-col-66 elementor-top-column elementor-element elementor-element-929f4f7\" data-id=\"929f4f7\" data-element_type=\"column\" data-e-type=\"column\">\n\t\t\t<div class=\"elementor-widget-wrap elementor-element-populated\">\n\t\t\t\t\t\t<div class=\"elementor-element elementor-element-088efc5 elementor-widget elementor-widget-text-editor\" data-id=\"088efc5\" data-element_type=\"widget\" data-e-type=\"widget\" data-widget_type=\"text-editor.default\">\n\t\t\t\t<div class=\"elementor-widget-container\">\n\t\t\t\t\t\t\t\t\t<p>Les roches sous vos pieds vous parlent, les paysages vous racontent l\u2019histoire de votre r\u00e9gion ! L\u2019UE GEOT (G\u00e9ologie et Environnement : des Outils aux Terrains)<em>\u00a0<\/em>a pour objectif de vous fournir les bases et les notions \u00e9l\u00e9mentaires concernant les <strong>objets g\u00e9ologiques<\/strong> (par exemple les roches, les fossiles et les failles) et les <strong>m\u00e9thodes utilis\u00e9es sur le terrain<\/strong>. Les objets et structures g\u00e9ologiques de la r\u00e9gion Rh\u00f4ne-Alpes serviront de support et d&rsquo;illustration aux CM\/TD\/TP. Cette approche r\u00e9gionale compl\u00e9mente l\u2019UE du premier semestre <a href=\"https:\/\/lyon-geologie.univ-lyon1.fr\/en\/l1-geosciences\/\">Earth, Evolution, Environment<\/a> et approfondit votre introduction aux Sciences de la Terre. Apr\u00e8s 10 heures de CM (les types de roches, les grandes structures, les fossiles, etc.), 10 heures de TD (la cartographie g\u00e9ologique) et 10 heures de TP (les min\u00e9raux, les roches et les fossiles), vous profiterez de <strong>5 sorties de terrain<\/strong> pour vous plonger dans la g\u00e9ologie r\u00e9gionale. Cette UE vous donnera ainsi toutes les clefs pour poursuivre vers une licence mention <em>Sciences de la Terre<\/em> !<\/p>\t\t\t\t\t\t\t\t<\/div>\n\t\t\t\t<\/div>\n\t\t\t\t<div class=\"elementor-element elementor-element-8fb5ccd elementor-widget elementor-widget-image\" data-id=\"8fb5ccd\" data-element_type=\"widget\" data-e-type=\"widget\" data-widget_type=\"image.default\">\n\t\t\t\t<div class=\"elementor-widget-container\">\n\t\t\t\t\t\t\t\t\t\t\t\t\t\t\t<img fetchpriority=\"high\" decoding=\"async\" width=\"1024\" height=\"344\" src=\"https:\/\/lyongeologie.fr\/wp-content\/uploads\/2022\/01\/Screenshot-2022-01-28-at-11.34.38-1024x344.png\" class=\"attachment-large size-large wp-image-293\" alt=\"\" srcset=\"https:\/\/lyongeologie.fr\/wp-content\/uploads\/2022\/01\/Screenshot-2022-01-28-at-11.34.38-1024x344.png 1024w, https:\/\/lyongeologie.fr\/wp-content\/uploads\/2022\/01\/Screenshot-2022-01-28-at-11.34.38-300x101.png 300w, https:\/\/lyongeologie.fr\/wp-content\/uploads\/2022\/01\/Screenshot-2022-01-28-at-11.34.38-768x258.png 768w, https:\/\/lyongeologie.fr\/wp-content\/uploads\/2022\/01\/Screenshot-2022-01-28-at-11.34.38-1536x517.png 1536w, https:\/\/lyongeologie.fr\/wp-content\/uploads\/2022\/01\/Screenshot-2022-01-28-at-11.34.38.png 1588w\" sizes=\"(max-width: 1024px) 100vw, 1024px\" \/>\t\t\t\t\t\t\t\t\t\t\t\t\t\t\t<\/div>\n\t\t\t\t<\/div>\n\t\t\t\t\t<\/div>\n\t\t<\/div>\n\t\t\t\t\t<\/div>\n\t\t<\/section>\n\t\t\t\t<\/div>","protected":false},"excerpt":{"rendered":"<p>L1 &#8211; G\u00e9ologie et Environnement : des Outils aux Terrains Cr\u00e9dits : 6 ECTS Responsable: Antoine TRIANTAFYLLOU Retour \u00e0 la liste des UEs Les roches sous vos pieds vous parlent, les paysages vous racontent l\u2019histoire de votre r\u00e9gion ! L\u2019UE GEOT (G\u00e9ologie et Environnement : des Outils aux Terrains)\u00a0a pour objectif de vous fournir les [&hellip;]<\/p>\n","protected":false},"author":3,"featured_media":0,"parent":447,"menu_order":0,"comment_status":"closed","ping_status":"closed","template":"","meta":{"site-sidebar-layout":"no-sidebar","site-content-layout":"page-builder","ast-site-content-layout":"default","site-content-style":"default","site-sidebar-style":"default","ast-global-header-display":"","ast-banner-title-visibility":"","ast-main-header-display":"","ast-hfb-above-header-display":"","ast-hfb-below-header-display":"","ast-hfb-mobile-header-display":"","site-post-title":"disabled","ast-breadcrumbs-content":"","ast-featured-img":"disabled","footer-sml-layout":"","ast-disable-related-posts":"","theme-transparent-header-meta":"","adv-header-id-meta":"","stick-header-meta":"","header-above-stick-meta":"","header-main-stick-meta":"","header-below-stick-meta":"","astra-migrate-meta-layouts":"default","ast-page-background-enabled":"default","ast-page-background-meta":{"desktop":{"background-color":"var(--ast-global-color-4)","background-image":"","background-repeat":"repeat","background-position":"center center","background-size":"auto","background-attachment":"scroll","background-type":"","background-media":"","overlay-type":"","overlay-color":"","overlay-opacity":"","overlay-gradient":""},"tablet":{"background-color":"","background-image":"","background-repeat":"repeat","background-position":"center center","background-size":"auto","background-attachment":"scroll","background-type":"","background-media":"","overlay-type":"","overlay-color":"","overlay-opacity":"","overlay-gradient":""},"mobile":{"background-color":"","background-image":"","background-repeat":"repeat","background-position":"center center","background-size":"auto","background-attachment":"scroll","background-type":"","background-media":"","overlay-type":"","overlay-color":"","overlay-opacity":"","overlay-gradient":""}},"ast-content-background-meta":{"desktop":{"background-color":"var(--ast-global-color-5)","background-image":"","background-repeat":"repeat","background-position":"center center","background-size":"auto","background-attachment":"scroll","background-type":"","background-media":"","overlay-type":"","overlay-color":"","overlay-opacity":"","overlay-gradient":""},"tablet":{"background-color":"var(--ast-global-color-5)","background-image":"","background-repeat":"repeat","background-position":"center center","background-size":"auto","background-attachment":"scroll","background-type":"","background-media":"","overlay-type":"","overlay-color":"","overlay-opacity":"","overlay-gradient":""},"mobile":{"background-color":"var(--ast-global-color-5)","background-image":"","background-repeat":"repeat","background-position":"center center","background-size":"auto","background-attachment":"scroll","background-type":"","background-media":"","overlay-type":"","overlay-color":"","overlay-opacity":"","overlay-gradient":""}},"footnotes":""},"class_list":["post-2395","page","type-page","status-publish","hentry"],"_links":{"self":[{"href":"https:\/\/lyongeologie.fr\/en\/wp-json\/wp\/v2\/pages\/2395","targetHints":{"allow":["GET"]}}],"collection":[{"href":"https:\/\/lyongeologie.fr\/en\/wp-json\/wp\/v2\/pages"}],"about":[{"href":"https:\/\/lyongeologie.fr\/en\/wp-json\/wp\/v2\/types\/page"}],"author":[{"embeddable":true,"href":"https:\/\/lyongeologie.fr\/en\/wp-json\/wp\/v2\/users\/3"}],"replies":[{"embeddable":true,"href":"https:\/\/lyongeologie.fr\/en\/wp-json\/wp\/v2\/comments?post=2395"}],"version-history":[{"count":75,"href":"https:\/\/lyongeologie.fr\/en\/wp-json\/wp\/v2\/pages\/2395\/revisions"}],"predecessor-version":[{"id":19327,"href":"https:\/\/lyongeologie.fr\/en\/wp-json\/wp\/v2\/pages\/2395\/revisions\/19327"}],"up":[{"embeddable":true,"href":"https:\/\/lyongeologie.fr\/en\/wp-json\/wp\/v2\/pages\/447"}],"wp:attachment":[{"href":"https:\/\/lyongeologie.fr\/en\/wp-json\/wp\/v2\/media?parent=2395"}],"curies":[{"name":"wp","href":"https:\/\/api.w.org\/{rel}","templated":true}]}}