{"id":18305,"date":"2025-01-14T14:42:28","date_gmt":"2025-01-14T13:42:28","guid":{"rendered":"https:\/\/lyongeologie.fr\/?page_id=18305"},"modified":"2026-01-27T20:21:00","modified_gmt":"2026-01-27T19:21:00","slug":"jpo2025","status":"publish","type":"page","link":"https:\/\/lyongeologie.fr\/en\/jpo2025\/","title":{"rendered":"JPO2026"},"content":{"rendered":"<div data-elementor-type=\"wp-page\" data-elementor-id=\"18305\" class=\"elementor elementor-18305\">\n\t\t\t\t\t\t<section class=\"elementor-section elementor-top-section elementor-element elementor-element-52fc59b elementor-section-boxed elementor-section-height-default elementor-section-height-default\" data-id=\"52fc59b\" data-element_type=\"section\" data-e-type=\"section\">\n\t\t\t\t\t\t<div class=\"elementor-container elementor-column-gap-default\">\n\t\t\t\t\t<div class=\"elementor-column elementor-col-100 elementor-top-column elementor-element elementor-element-172b1ea\" data-id=\"172b1ea\" data-element_type=\"column\" data-e-type=\"column\">\n\t\t\t<div class=\"elementor-widget-wrap elementor-element-populated\">\n\t\t\t\t\t\t<div class=\"elementor-element elementor-element-d21259f elementor-widget elementor-widget-image\" data-id=\"d21259f\" data-element_type=\"widget\" data-e-type=\"widget\" data-widget_type=\"image.default\">\n\t\t\t\t<div class=\"elementor-widget-container\">\n\t\t\t\t\t\t\t\t\t\t\t\t\t\t\t<img fetchpriority=\"high\" decoding=\"async\" width=\"2560\" height=\"582\" src=\"https:\/\/lyongeologie.fr\/wp-content\/uploads\/2025\/01\/Bandeau-web-JPO2025_BAS-scaled.webp\" class=\"attachment-full size-full wp-image-18381\" alt=\"\" srcset=\"https:\/\/lyongeologie.fr\/wp-content\/uploads\/2025\/01\/Bandeau-web-JPO2025_BAS-scaled.webp 2560w, https:\/\/lyongeologie.fr\/wp-content\/uploads\/2025\/01\/Bandeau-web-JPO2025_BAS-300x68.webp 300w, https:\/\/lyongeologie.fr\/wp-content\/uploads\/2025\/01\/Bandeau-web-JPO2025_BAS-1024x233.webp 1024w, https:\/\/lyongeologie.fr\/wp-content\/uploads\/2025\/01\/Bandeau-web-JPO2025_BAS-768x175.webp 768w, https:\/\/lyongeologie.fr\/wp-content\/uploads\/2025\/01\/Bandeau-web-JPO2025_BAS-1536x349.webp 1536w, https:\/\/lyongeologie.fr\/wp-content\/uploads\/2025\/01\/Bandeau-web-JPO2025_BAS-2048x466.webp 2048w, https:\/\/lyongeologie.fr\/wp-content\/uploads\/2025\/01\/Bandeau-web-JPO2025_BAS-18x4.webp 18w\" sizes=\"(max-width: 2560px) 100vw, 2560px\" \/>\t\t\t\t\t\t\t\t\t\t\t\t\t\t\t<\/div>\n\t\t\t\t<\/div>\n\t\t\t\t\t<\/div>\n\t\t<\/div>\n\t\t\t\t\t<\/div>\n\t\t<\/section>\n\t\t\t\t<section class=\"elementor-section elementor-top-section elementor-element elementor-element-4bb8834 elementor-section-boxed elementor-section-height-default elementor-section-height-default\" data-id=\"4bb8834\" data-element_type=\"section\" data-e-type=\"section\">\n\t\t\t\t\t\t<div class=\"elementor-container elementor-column-gap-default\">\n\t\t\t\t\t<div class=\"elementor-column elementor-col-100 elementor-top-column elementor-element elementor-element-0f0432d\" data-id=\"0f0432d\" data-element_type=\"column\" data-e-type=\"column\">\n\t\t\t<div class=\"elementor-widget-wrap elementor-element-populated\">\n\t\t\t\t\t\t<div class=\"elementor-element elementor-element-2cb4852 elementor-widget elementor-widget-heading\" data-id=\"2cb4852\" data-element_type=\"widget\" data-e-type=\"widget\" data-widget_type=\"heading.default\">\n\t\t\t\t<div class=\"elementor-widget-container\">\n\t\t\t\t\t<h2 class=\"elementor-heading-title elementor-size-default\">Journ\u00e9es Portes Ouvertes - 31 janvier 2026<\/h2>\t\t\t\t<\/div>\n\t\t\t\t<\/div>\n\t\t\t\t\t<\/div>\n\t\t<\/div>\n\t\t\t\t\t<\/div>\n\t\t<\/section>\n\t\t\t\t<section class=\"elementor-section elementor-top-section elementor-element elementor-element-091ad0f elementor-section-boxed elementor-section-height-default elementor-section-height-default\" data-id=\"091ad0f\" data-element_type=\"section\" data-e-type=\"section\">\n\t\t\t\t\t\t<div class=\"elementor-container elementor-column-gap-default\">\n\t\t\t\t\t<div class=\"elementor-column elementor-col-33 elementor-top-column elementor-element elementor-element-eda8f56\" data-id=\"eda8f56\" data-element_type=\"column\" data-e-type=\"column\">\n\t\t\t<div class=\"elementor-widget-wrap elementor-element-populated\">\n\t\t\t\t\t\t<div class=\"elementor-element elementor-element-3826489 elementor-widget elementor-widget-text-editor\" data-id=\"3826489\" data-element_type=\"widget\" data-e-type=\"widget\" data-widget_type=\"text-editor.default\">\n\t\t\t\t<div class=\"elementor-widget-container\">\n\t\t\t\t\t\t\t\t\t<p><strong>Quand ?<\/strong><br \/><b>Samedi\u00a0 31\/01\/2026<br \/><i>de 10h30 \u00e0 16h30\u00a0<\/i><\/b><\/p>\t\t\t\t\t\t\t\t<\/div>\n\t\t\t\t<\/div>\n\t\t\t\t<div class=\"elementor-element elementor-element-a4404b6 elementor-widget elementor-widget-text-editor\" data-id=\"a4404b6\" data-element_type=\"widget\" data-e-type=\"widget\" data-widget_type=\"text-editor.default\">\n\t\t\t\t<div class=\"elementor-widget-container\">\n\t\t\t\t\t\t\t\t\t<p><strong>O\u00f9 ?<\/strong><br \/><b>Au Batiment Darwin D, du Campus de la Doua, Univer<\/b><b>sit\u00e9 Lyon 1 (voir carte en bas de page)<\/b><\/p>\t\t\t\t\t\t\t\t<\/div>\n\t\t\t\t<\/div>\n\t\t\t\t<div class=\"elementor-element elementor-element-1bb29ab elementor-widget elementor-widget-text-editor\" data-id=\"1bb29ab\" data-element_type=\"widget\" data-e-type=\"widget\" data-widget_type=\"text-editor.default\">\n\t\t\t\t<div class=\"elementor-widget-container\">\n\t\t\t\t\t\t\t\t\t<p><a href=\"https:\/\/campus.univ-lyon1.fr\/observatoire\/events\/portes-ouvertes-lyon-geologie-samedi-31-janvier\/\"><strong>Inscription aux ateliers<\/strong><\/a><\/p>\t\t\t\t\t\t\t\t<\/div>\n\t\t\t\t<\/div>\n\t\t\t\t<div class=\"elementor-element elementor-element-19f01f8 elementor-widget elementor-widget-google_maps\" data-id=\"19f01f8\" data-element_type=\"widget\" data-e-type=\"widget\" data-widget_type=\"google_maps.default\">\n\t\t\t\t<div class=\"elementor-widget-container\">\n\t\t\t\t\t\t\t<div class=\"elementor-custom-embed\">\n\t\t\t<iframe loading=\"lazy\"\n\t\t\t\t\tsrc=\"https:\/\/maps.google.com\/maps?q=Amphith%C3%A9%C3%A2tre%20Dep%C3%A9ret&#038;t=m&#038;z=14&#038;output=embed&#038;iwloc=near\"\n\t\t\t\t\ttitle=\"Amphith\u00e9\u00e2tre Dep\u00e9ret\"\n\t\t\t\t\taria-label=\"Amphith\u00e9\u00e2tre Dep\u00e9ret\"\n\t\t\t><\/iframe>\n\t\t<\/div>\n\t\t\t\t\t\t<\/div>\n\t\t\t\t<\/div>\n\t\t\t\t\t<\/div>\n\t\t<\/div>\n\t\t\t\t<div class=\"elementor-column elementor-col-66 elementor-top-column elementor-element elementor-element-700b016\" data-id=\"700b016\" data-element_type=\"column\" data-e-type=\"column\">\n\t\t\t<div class=\"elementor-widget-wrap elementor-element-populated\">\n\t\t\t\t\t\t<div class=\"elementor-element elementor-element-730b783 elementor-widget elementor-widget-text-editor\" data-id=\"730b783\" data-element_type=\"widget\" data-e-type=\"widget\" data-widget_type=\"text-editor.default\">\n\t\t\t\t<div class=\"elementor-widget-container\">\n\t\t\t\t\t\t\t\t\t<div><p><b><span style=\"font-style: inherit; font-family: var( --e-global-typography-text-font-family ), Sans-serif; background-color: var(--ast-global-color-5); color: var(--ast-global-color-3);\">L&rsquo;\u00e9quipe p\u00e9dagogique, les \u00e9tudiantes et les \u00e9tudiants, l&rsquo;association \u00e9tudiante l&rsquo;AlyGe ont le plaisir de vous accueillir<\/span><span style=\"font-style: inherit; font-family: var( --e-global-typography-text-font-family ), Sans-serif; background-color: var(--ast-global-color-5); color: var(--ast-global-color-3);\">&nbsp;le&nbsp;<\/span><span style=\"font-style: inherit; font-family: var( --e-global-typography-text-font-family ), Sans-serif; background-color: var(--ast-global-color-5); color: var(--ast-global-color-3);\">samedi 31 janvier<\/span><span style=\"font-style: inherit; font-family: var( --e-global-typography-text-font-family ), Sans-serif; background-color: var(--ast-global-color-5); color: var(--ast-global-color-3);\">&nbsp;2026 pour vous faire d\u00e9couvrir les formations et les m\u00e9tiers en Sciences de la Terre et de l&rsquo;environnement, au travers de plusieurs ateliers interactifs:&nbsp;<\/span><\/b><span style=\"font-weight: bold; font-family: var( --e-global-typography-text-font-family ), Sans-serif; background-color: var(--ast-global-color-5); color: var(--ast-global-color-3); font-size: 1rem;\">pal\u00e9ontologie, plan\u00e9tologie, volcanologie, exp\u00e9rience immersive 360\u00b0,&nbsp; g\u00e9ophysique, pal\u00e9oclimats<\/span><b style=\"font-style: inherit; font-family: var( --e-global-typography-text-font-family ), Sans-serif; background-color: var(--ast-global-color-5); color: var(--ast-global-color-3);\"><span style=\"font-style: inherit; font-family: var( --e-global-typography-text-font-family ), Sans-serif; background-color: var(--ast-global-color-5); color: var(--ast-global-color-3);\">, etc. De nombreux temps d&rsquo;\u00e9change formels et informels, des visites des salles d&rsquo;enseignement sont \u00e9galement pr\u00e9vues.<\/span><\/b><\/p>\n<h4><em><strong>Programme :<\/strong><\/em><\/h4>\n<p>Accueil \u00e0 partir de 10h30<\/p>\n<p>11h00 \u2013 12:00 : pr\u00e9sentation des formations et des m\u00e9tiers en g\u00e9osciences<\/p>\n<p>12h00 \u2013 13h00 : rencontre avec d\u2019anciens \u00e9l\u00e8ves et des professionnels en g\u00e9osciences<\/p>\n<p><strong>13h00 \u2013 14h00 : Pause d\u00e9jeuner&nbsp; &#8211; en partenariat avec l&rsquo;AlyGe<\/strong><\/p>\n<p>14h00 \u2013 16h00 : rencontre avec d\u2019anciens \u00e9l\u00e8ves et des professionnels des g\u00e9osciences<\/p>\n<p><strong>14h00 \u2013 16h30 :&nbsp;<\/strong><span style=\"font-weight: bold; font-family: var( --e-global-typography-text-font-family ), Sans-serif; background-color: var(--ast-global-color-5); color: var(--ast-global-color-3); font-size: 1rem;\">ateliers de d\u00e9couverte des g\u00e9osciences<\/span><\/p>\n<p>Chaque atelier dure trente minutes. Les ateliers sont principalement \u00e0 destination&nbsp;des \u00e9l\u00e8ves de lyc\u00e9e, mais sont ouverts \u00e0 tous et toutes.&nbsp;Les cr\u00e9neaux pour les diff\u00e9rents ateliers sont \u00e0 r\u00e9server en prenant un billet (gratuit) par participant.e. Afin d&rsquo;assurer&nbsp;une place au plus grand nombre, merci de limiter \u00e0 un accompagnateur ou une accompagnatrice par atelier.<\/p>\n<p>Les r\u00e9servations des ateliers sont ouvertes.&nbsp;<\/p>\n<\/div>\t\t\t\t\t\t\t\t<\/div>\n\t\t\t\t<\/div>\n\t\t\t\t\t<\/div>\n\t\t<\/div>\n\t\t\t\t\t<\/div>\n\t\t<\/section>\n\t\t\t\t<section class=\"elementor-section elementor-top-section elementor-element elementor-element-f8c6220 elementor-section-boxed elementor-section-height-default elementor-section-height-default\" data-id=\"f8c6220\" data-element_type=\"section\" data-e-type=\"section\">\n\t\t\t\t\t\t<div class=\"elementor-container elementor-column-gap-default\">\n\t\t\t\t\t<div class=\"elementor-column elementor-col-100 elementor-top-column elementor-element elementor-element-90a7438\" data-id=\"90a7438\" data-element_type=\"column\" data-e-type=\"column\">\n\t\t\t<div class=\"elementor-widget-wrap elementor-element-populated\">\n\t\t\t\t\t\t<div class=\"elementor-element elementor-element-5f9b1b4 elementor-widget elementor-widget-image\" data-id=\"5f9b1b4\" data-element_type=\"widget\" data-e-type=\"widget\" data-widget_type=\"image.default\">\n\t\t\t\t<div class=\"elementor-widget-container\">\n\t\t\t\t\t\t\t\t\t\t\t\t\t\t\t<img decoding=\"async\" width=\"2560\" height=\"582\" src=\"https:\/\/lyongeologie.fr\/wp-content\/uploads\/2025\/01\/Bandeau-web-JPO2025_HAUT-scaled.webp\" class=\"attachment-full size-full wp-image-18383\" alt=\"\" srcset=\"https:\/\/lyongeologie.fr\/wp-content\/uploads\/2025\/01\/Bandeau-web-JPO2025_HAUT-scaled.webp 2560w, https:\/\/lyongeologie.fr\/wp-content\/uploads\/2025\/01\/Bandeau-web-JPO2025_HAUT-300x68.webp 300w, https:\/\/lyongeologie.fr\/wp-content\/uploads\/2025\/01\/Bandeau-web-JPO2025_HAUT-1024x233.webp 1024w, https:\/\/lyongeologie.fr\/wp-content\/uploads\/2025\/01\/Bandeau-web-JPO2025_HAUT-768x175.webp 768w, https:\/\/lyongeologie.fr\/wp-content\/uploads\/2025\/01\/Bandeau-web-JPO2025_HAUT-1536x349.webp 1536w, https:\/\/lyongeologie.fr\/wp-content\/uploads\/2025\/01\/Bandeau-web-JPO2025_HAUT-2048x466.webp 2048w, https:\/\/lyongeologie.fr\/wp-content\/uploads\/2025\/01\/Bandeau-web-JPO2025_HAUT-18x4.webp 18w\" sizes=\"(max-width: 2560px) 100vw, 2560px\" \/>\t\t\t\t\t\t\t\t\t\t\t\t\t\t\t<\/div>\n\t\t\t\t<\/div>\n\t\t\t\t\t<\/div>\n\t\t<\/div>\n\t\t\t\t\t<\/div>\n\t\t<\/section>\n\t\t\t\t<\/div>","protected":false},"excerpt":{"rendered":"<p>Journ\u00e9es Portes Ouvertes &#8211; 31 janvier 2026 Quand ?Samedi\u00a0 31\/01\/2026de 10h30 \u00e0 16h30\u00a0 O\u00f9 ?Au Batiment Darwin D, du Campus de la Doua, Universit\u00e9 Lyon 1 (voir carte en bas de page) Inscription aux ateliers L&rsquo;\u00e9quipe p\u00e9dagogique, les \u00e9tudiantes et les \u00e9tudiants, l&rsquo;association \u00e9tudiante l&rsquo;AlyGe ont le plaisir de vous accueillir&nbsp;le&nbsp;samedi 31 janvier&nbsp;2026 pour vous [&hellip;]<\/p>\n","protected":false},"author":3,"featured_media":0,"parent":0,"menu_order":0,"comment_status":"closed","ping_status":"closed","template":"","meta":{"site-sidebar-layout":"no-sidebar","site-content-layout":"page-builder","ast-site-content-layout":"full-width-container","site-content-style":"default","site-sidebar-style":"default","ast-global-header-display":"","ast-banner-title-visibility":"","ast-main-header-display":"","ast-hfb-above-header-display":"","ast-hfb-below-header-display":"","ast-hfb-mobile-header-display":"","site-post-title":"disabled","ast-breadcrumbs-content":"","ast-featured-img":"disabled","footer-sml-layout":"","ast-disable-related-posts":"","theme-transparent-header-meta":"","adv-header-id-meta":"","stick-header-meta":"","header-above-stick-meta":"","header-main-stick-meta":"","header-below-stick-meta":"","astra-migrate-meta-layouts":"set","ast-page-background-enabled":"default","ast-page-background-meta":{"desktop":{"background-color":"var(--ast-global-color-4)","background-image":"","background-repeat":"repeat","background-position":"center center","background-size":"auto","background-attachment":"scroll","background-type":"","background-media":"","overlay-type":"","overlay-color":"","overlay-opacity":"","overlay-gradient":""},"tablet":{"background-color":"","background-image":"","background-repeat":"repeat","background-position":"center center","background-size":"auto","background-attachment":"scroll","background-type":"","background-media":"","overlay-type":"","overlay-color":"","overlay-opacity":"","overlay-gradient":""},"mobile":{"background-color":"","background-image":"","background-repeat":"repeat","background-position":"center center","background-size":"auto","background-attachment":"scroll","background-type":"","background-media":"","overlay-type":"","overlay-color":"","overlay-opacity":"","overlay-gradient":""}},"ast-content-background-meta":{"desktop":{"background-color":"var(--ast-global-color-5)","background-image":"","background-repeat":"repeat","background-position":"center center","background-size":"auto","background-attachment":"scroll","background-type":"","background-media":"","overlay-type":"","overlay-color":"","overlay-opacity":"","overlay-gradient":""},"tablet":{"background-color":"var(--ast-global-color-5)","background-image":"","background-repeat":"repeat","background-position":"center center","background-size":"auto","background-attachment":"scroll","background-type":"","background-media":"","overlay-type":"","overlay-color":"","overlay-opacity":"","overlay-gradient":""},"mobile":{"background-color":"var(--ast-global-color-5)","background-image":"","background-repeat":"repeat","background-position":"center center","background-size":"auto","background-attachment":"scroll","background-type":"","background-media":"","overlay-type":"","overlay-color":"","overlay-opacity":"","overlay-gradient":""}},"footnotes":""},"class_list":["post-18305","page","type-page","status-publish","hentry"],"_links":{"self":[{"href":"https:\/\/lyongeologie.fr\/en\/wp-json\/wp\/v2\/pages\/18305","targetHints":{"allow":["GET"]}}],"collection":[{"href":"https:\/\/lyongeologie.fr\/en\/wp-json\/wp\/v2\/pages"}],"about":[{"href":"https:\/\/lyongeologie.fr\/en\/wp-json\/wp\/v2\/types\/page"}],"author":[{"embeddable":true,"href":"https:\/\/lyongeologie.fr\/en\/wp-json\/wp\/v2\/users\/3"}],"replies":[{"embeddable":true,"href":"https:\/\/lyongeologie.fr\/en\/wp-json\/wp\/v2\/comments?post=18305"}],"version-history":[{"count":101,"href":"https:\/\/lyongeologie.fr\/en\/wp-json\/wp\/v2\/pages\/18305\/revisions"}],"predecessor-version":[{"id":19167,"href":"https:\/\/lyongeologie.fr\/en\/wp-json\/wp\/v2\/pages\/18305\/revisions\/19167"}],"wp:attachment":[{"href":"https:\/\/lyongeologie.fr\/en\/wp-json\/wp\/v2\/media?parent=18305"}],"curies":[{"name":"wp","href":"https:\/\/api.w.org\/{rel}","templated":true}]}}