{"id":18083,"date":"2024-07-25T16:15:56","date_gmt":"2024-07-25T14:15:56","guid":{"rendered":"https:\/\/lyongeologie.fr\/?page_id=18083"},"modified":"2024-07-25T16:44:03","modified_gmt":"2024-07-25T14:44:03","slug":"fc_geophy","status":"publish","type":"page","link":"https:\/\/lyongeologie.fr\/en\/nos-formations\/formation-continue\/fc_geophy\/","title":{"rendered":"Caract\u00e9risation g\u00e9ophysique du sous-sol, g\u00e9ophysique appliqu\u00e9e"},"content":{"rendered":"<div data-elementor-type=\"wp-page\" data-elementor-id=\"18083\" class=\"elementor elementor-18083\">\n\t\t\t\t\t\t<section class=\"elementor-section elementor-top-section elementor-element elementor-element-45145fb1 elementor-section-boxed elementor-section-height-default elementor-section-height-default\" data-id=\"45145fb1\" data-element_type=\"section\" data-e-type=\"section\">\n\t\t\t\t\t\t<div class=\"elementor-container elementor-column-gap-default\">\n\t\t\t\t\t<div class=\"elementor-column elementor-col-100 elementor-top-column elementor-element elementor-element-e84854a\" data-id=\"e84854a\" data-element_type=\"column\" data-e-type=\"column\">\n\t\t\t<div class=\"elementor-widget-wrap elementor-element-populated\">\n\t\t\t\t\t\t<div class=\"elementor-element elementor-element-3bfcd637 elementor-widget elementor-widget-text-editor\" data-id=\"3bfcd637\" data-element_type=\"widget\" data-e-type=\"widget\" data-widget_type=\"text-editor.default\">\n\t\t\t\t<div class=\"elementor-widget-container\">\n\t\t\t\t\t\t\t\t\t<h2>Caract\u00e9risation g\u00e9ophysique du sous-sol, g\u00e9ophysique appliqu\u00e9e<\/h2>\t\t\t\t\t\t\t\t<\/div>\n\t\t\t\t<\/div>\n\t\t\t\t\t<\/div>\n\t\t<\/div>\n\t\t\t\t\t<\/div>\n\t\t<\/section>\n\t\t\t\t<section class=\"elementor-section elementor-top-section elementor-element elementor-element-7961e8fe elementor-section-boxed elementor-section-height-default elementor-section-height-default\" data-id=\"7961e8fe\" data-element_type=\"section\" data-e-type=\"section\">\n\t\t\t\t\t\t<div class=\"elementor-container elementor-column-gap-default\">\n\t\t\t\t\t<div class=\"elementor-column elementor-col-33 elementor-top-column elementor-element elementor-element-7e4cea59\" data-id=\"7e4cea59\" data-element_type=\"column\" data-e-type=\"column\">\n\t\t\t<div class=\"elementor-widget-wrap elementor-element-populated\">\n\t\t\t\t\t\t<div class=\"elementor-element elementor-element-59d828bc elementor-widget elementor-widget-text-editor\" data-id=\"59d828bc\" data-element_type=\"widget\" data-e-type=\"widget\" data-widget_type=\"text-editor.default\">\n\t\t\t\t<div class=\"elementor-widget-container\">\n\t\t\t\t\t\t\t\t\t<p style=\"text-align: center;\"><em>Contact:\u00a0<a href=\"mailto:muriel.andreani@univ-lyon1.fr\">Muriel ANDREANI<\/a><br \/><\/em><\/p>\t\t\t\t\t\t\t\t<\/div>\n\t\t\t\t<\/div>\n\t\t\t\t<div class=\"elementor-element elementor-element-41bde4db elementor-widget elementor-widget-image\" data-id=\"41bde4db\" data-element_type=\"widget\" data-e-type=\"widget\" data-widget_type=\"image.default\">\n\t\t\t\t<div class=\"elementor-widget-container\">\n\t\t\t\t\t\t\t\t\t\t\t\t\t\t\t<img decoding=\"async\" width=\"150\" height=\"150\" src=\"https:\/\/lyongeologie.fr\/wp-content\/uploads\/2022\/02\/muriel_andreani.png\" class=\"attachment-large size-large wp-image-12331\" alt=\"\" \/>\t\t\t\t\t\t\t\t\t\t\t\t\t\t\t<\/div>\n\t\t\t\t<\/div>\n\t\t\t\t<div class=\"elementor-element elementor-element-73285205 elementor-align-center elementor-widget elementor-widget-button\" data-id=\"73285205\" data-element_type=\"widget\" data-e-type=\"widget\" data-widget_type=\"button.default\">\n\t\t\t\t<div class=\"elementor-widget-container\">\n\t\t\t\t\t\t\t\t\t<div class=\"elementor-button-wrapper\">\n\t\t\t\t\t<a class=\"elementor-button elementor-button-link elementor-size-sm\" href=\"https:\/\/lyon-geologie.univ-lyon1.fr\/nos-formations\/formation-continue\/\">\n\t\t\t\t\t\t<span class=\"elementor-button-content-wrapper\">\n\t\t\t\t\t\t\t\t\t<span class=\"elementor-button-text\">Retour \u00e0 la liste des formations<\/span>\n\t\t\t\t\t<\/span>\n\t\t\t\t\t<\/a>\n\t\t\t\t<\/div>\n\t\t\t\t\t\t\t\t<\/div>\n\t\t\t\t<\/div>\n\t\t\t\t\t<\/div>\n\t\t<\/div>\n\t\t\t\t<div class=\"elementor-column elementor-col-66 elementor-top-column elementor-element elementor-element-230b4276\" data-id=\"230b4276\" data-element_type=\"column\" data-e-type=\"column\">\n\t\t\t<div class=\"elementor-widget-wrap elementor-element-populated\">\n\t\t\t\t\t\t<div class=\"elementor-element elementor-element-40dbc1af elementor-widget elementor-widget-text-editor\" data-id=\"40dbc1af\" data-element_type=\"widget\" data-e-type=\"widget\" data-widget_type=\"text-editor.default\">\n\t\t\t\t<div class=\"elementor-widget-container\">\n\t\t\t\t\t\t\t\t\t<h4 style=\"text-align: center;\"><span style=\"color: #ff9900;\">Prochaine session : 2 -3 Octobre 2024<\/span><\/h4>\t\t\t\t\t\t\t\t<\/div>\n\t\t\t\t<\/div>\n\t\t\t\t<div class=\"elementor-element elementor-element-70c02607 elementor-widget elementor-widget-text-editor\" data-id=\"70c02607\" data-element_type=\"widget\" data-e-type=\"widget\" data-widget_type=\"text-editor.default\">\n\t\t\t\t<div class=\"elementor-widget-container\">\n\t\t\t\t\t\t\t\t\t<p>Cette formation courte pr\u00e9sente les grands types d&rsquo;outils g\u00e9ophysiques permettant de caract\u00e9riser le sous-sol, gr\u00e2ce \u00e0 une pr\u00e9sentation des principes th\u00e9oriques et un travail pratique sur le terrain et en salle. <br><\/p>\t\t\t\t\t\t\t\t<\/div>\n\t\t\t\t<\/div>\n\t\t\t\t<div class=\"elementor-element elementor-element-64e6df6c elementor-widget elementor-widget-text-editor\" data-id=\"64e6df6c\" data-element_type=\"widget\" data-e-type=\"widget\" data-widget_type=\"text-editor.default\">\n\t\t\t\t<div class=\"elementor-widget-container\">\n\t\t\t\t\t\t\t\t\t<ul><li><strong><span style=\"text-decoration: underline;\">Plaquette et bulletin d&rsquo;inscription 2024<\/span> :<\/strong> <a href=\"https:\/\/lyongeologie.fr\/wp-content\/uploads\/2024\/07\/Plaquette-Caracterisation-geophysique-2024-2025.pdf\">t\u00e9l\u00e9charger ici<\/a><\/li><li><span style=\"text-decoration: underline;\"><strong>Dur\u00e9e<\/strong><\/span><strong> :<\/strong> 2 jours<\/li><li><span style=\"text-decoration: underline;\"><strong>Public concern\u00e9<\/strong><\/span><strong> :\u00a0 <\/strong><ul><li>Techniciens,<\/li><li>\u00a0Ing\u00e9nieurs,<\/li><li>Toute personne souhaitant acqu\u00e9rir ou renforcer ses comp\u00e9tences en<br \/>prospection du sous-sol pour le b\u00e2timent, l\u2019arch\u00e9ologie, la g\u00e9ologie ou d\u2019autres disciplines<\/li><\/ul><\/li><\/ul>\t\t\t\t\t\t\t\t<\/div>\n\t\t\t\t<\/div>\n\t\t\t\t<div class=\"elementor-element elementor-element-dcc6117 elementor-widget elementor-widget-image\" data-id=\"dcc6117\" data-element_type=\"widget\" data-e-type=\"widget\" data-widget_type=\"image.default\">\n\t\t\t\t<div class=\"elementor-widget-container\">\n\t\t\t\t\t\t\t\t\t\t\t\t\t\t\t<img fetchpriority=\"high\" decoding=\"async\" width=\"834\" height=\"264\" src=\"https:\/\/lyongeologie.fr\/wp-content\/uploads\/2022\/02\/GAG.png\" class=\"attachment-large size-large wp-image-8495\" alt=\"\" srcset=\"https:\/\/lyongeologie.fr\/wp-content\/uploads\/2022\/02\/GAG.png 834w, https:\/\/lyongeologie.fr\/wp-content\/uploads\/2022\/02\/GAG-300x95.png 300w, https:\/\/lyongeologie.fr\/wp-content\/uploads\/2022\/02\/GAG-768x243.png 768w\" sizes=\"(max-width: 834px) 100vw, 834px\" \/>\t\t\t\t\t\t\t\t\t\t\t\t\t\t\t<\/div>\n\t\t\t\t<\/div>\n\t\t\t\t<div class=\"elementor-element elementor-element-3ae686bb elementor-widget elementor-widget-text-editor\" data-id=\"3ae686bb\" data-element_type=\"widget\" data-e-type=\"widget\" data-widget_type=\"text-editor.default\">\n\t\t\t\t<div class=\"elementor-widget-container\">\n\t\t\t\t\t\t\t\t\t<ul><li><strong>Objectifs p\u00e9dagogiques :\u00a0<\/strong>Pr\u00e9sentation et utilisation de m\u00e9thodes de bases pour la caract\u00e9risation g\u00e9ophysique du sous-sol:<ul><li>sismique<\/li><li>g\u00e9oradar<\/li><li>ERT (=tomographie \u00e9lectrique)<\/li><li>magn\u00e9tisme<\/li><\/ul><\/li><\/ul><p>Principes th\u00e9oriques et travail pratique sur le terrain et en salle.<\/p><p><strong>Cours th\u00e9orique :<\/strong> (4x2h), pr\u00e9sentation du principe de chaque m\u00e9thode, ainsi que leurs avantages, inconv\u00e9nients et compl\u00e9mentarit\u00e9. Travail \u00e0 r\u00e9aliser en autonomie \u00e0 l\u2019aide de contenus en ligne sur la plateforme Moodle avant le travail pratique de terrain.<br \/><strong>Terrain :<\/strong> 1 journ\u00e9e (~6h) de prospection sur le terrain dans les environs de Lyon (Feyssine). Acquisition de donn\u00e9es g\u00e9ophysiques via des dispositifs de g\u00e9oradar, ERT, sismique, et magn\u00e9tom\u00e8tre vectoriel dont les principes auront \u00e9t\u00e9 vus en cours. Positionnement par th\u00e9odolite et rover GNSS RTK.<br \/><strong>Travaux Pratiques en salle<\/strong> : (2x4h) Traitement en salle informatique et interpr\u00e9tation des donn\u00e9es acquises sur le terrain le jour pr\u00e9c\u00e9dent. Cartographie finale de la zone, interpr\u00e9tation crois\u00e9e des observations<\/p><ul><li><strong>Moyens p\u00e9dagogiques : <\/strong>Mat\u00e9riel g\u00e9ophysique de l\u2019Observatoire de Lyon :<ul><li>ERT Syscal Junior IRIS<\/li><li>G\u00e9oradar Utility Scan GSSI<\/li><li>Magn\u00e9tom\u00e8tre vectoriel Fluxcal Diefi<\/li><li>Sismographe DAQ Link III<\/li><li>Th\u00e9odolite et mire<\/li><li>Rover GNSS (mod\u00e8le Centip\u00e8de)<\/li><\/ul><\/li><\/ul>\t\t\t\t\t\t\t\t<\/div>\n\t\t\t\t<\/div>\n\t\t\t\t\t<\/div>\n\t\t<\/div>\n\t\t\t\t\t<\/div>\n\t\t<\/section>\n\t\t\t\t<section class=\"elementor-section elementor-top-section elementor-element elementor-element-1de45be2 elementor-section-boxed elementor-section-height-default elementor-section-height-default\" data-id=\"1de45be2\" data-element_type=\"section\" data-e-type=\"section\">\n\t\t\t\t\t\t<div class=\"elementor-container elementor-column-gap-default\">\n\t\t\t\t\t<div class=\"elementor-column elementor-col-100 elementor-top-column elementor-element elementor-element-1ce74d1a\" data-id=\"1ce74d1a\" data-element_type=\"column\" data-e-type=\"column\">\n\t\t\t<div class=\"elementor-widget-wrap elementor-element-populated\">\n\t\t\t\t\t\t<div class=\"elementor-element elementor-element-41c27730 elementor-widget elementor-widget-text-editor\" data-id=\"41c27730\" data-element_type=\"widget\" data-e-type=\"widget\" data-widget_type=\"text-editor.default\">\n\t\t\t\t<div class=\"elementor-widget-container\">\n\t\t\t\t\t\t\t\t\t<h4>Programme :<\/h4><ul><li style=\"list-style-type: none;\"><ul><li><span style=\"text-decoration: underline;\"><strong>AVANT LE JOUR 1<\/strong><\/span> :<br \/>S\u00e9quence de cours en autonomie sur la plateforme Moodle de l\u2019UCBL pour la pr\u00e9sentation des bases th\u00e9oriques des m\u00e9thodes de prospection g\u00e9ophysique propos\u00e9es.<br \/><span style=\"text-decoration: underline;\"><strong>JOUR 1 :<\/strong><\/span><br \/>(10h-16h) : Prospection sur le terrain dans les environs de Lyon. Terrain accessible en transports en commun. Mise en situation pour r\u00e9pondre \u00e0 une demande client pour une \u00e9tude pr\u00e9alable \u00e0 construction.<br \/><span style=\"text-decoration: underline;\"><strong>JOUR 2 :<\/strong><\/span><br \/>(8h-17h) : TP informatique d\u2019extraction et de traitement des donn\u00e9es collect\u00e9es le jour 1. Utilisation de logiciels de traitement et de cartographie en salle (salle informatique de l\u2019OSUL, b\u00e2timent G\u00e9ode, campus de La Doua).<\/li><\/ul><\/li><\/ul>\t\t\t\t\t\t\t\t<\/div>\n\t\t\t\t<\/div>\n\t\t\t\t\t<\/div>\n\t\t<\/div>\n\t\t\t\t\t<\/div>\n\t\t<\/section>\n\t\t\t\t<\/div>","protected":false},"excerpt":{"rendered":"<p>Caract\u00e9risation g\u00e9ophysique du sous-sol, g\u00e9ophysique appliqu\u00e9e Responsable :\u00a0Muriel ANDREANI Retour \u00e0 la liste des formations Prochaine session : 2 -3 Octobre 2024 Cette formation courte pr\u00e9sente les grands types d&rsquo;outils g\u00e9ophysiques permettant de caract\u00e9riser le sous-sol, gr\u00e2ce \u00e0 une pr\u00e9sentation des principes th\u00e9oriques et un travail pratique sur le terrain et en salle. Plaquette et [&hellip;]<\/p>\n","protected":false},"author":5,"featured_media":0,"parent":14219,"menu_order":1,"comment_status":"closed","ping_status":"closed","template":"","meta":{"site-sidebar-layout":"no-sidebar","site-content-layout":"page-builder","ast-site-content-layout":"full-width-container","site-content-style":"default","site-sidebar-style":"default","ast-global-header-display":"","ast-banner-title-visibility":"","ast-main-header-display":"","ast-hfb-above-header-display":"","ast-hfb-below-header-display":"","ast-hfb-mobile-header-display":"","site-post-title":"disabled","ast-breadcrumbs-content":"","ast-featured-img":"disabled","footer-sml-layout":"","ast-disable-related-posts":"","theme-transparent-header-meta":"","adv-header-id-meta":"","stick-header-meta":"","header-above-stick-meta":"","header-main-stick-meta":"","header-below-stick-meta":"","astra-migrate-meta-layouts":"set","ast-page-background-enabled":"default","ast-page-background-meta":{"desktop":{"background-color":"var(--ast-global-color-4)","background-image":"","background-repeat":"repeat","background-position":"center center","background-size":"auto","background-attachment":"scroll","background-type":"","background-media":"","overlay-type":"","overlay-color":"","overlay-opacity":"","overlay-gradient":""},"tablet":{"background-color":"","background-image":"","background-repeat":"repeat","background-position":"center center","background-size":"auto","background-attachment":"scroll","background-type":"","background-media":"","overlay-type":"","overlay-color":"","overlay-opacity":"","overlay-gradient":""},"mobile":{"background-color":"","background-image":"","background-repeat":"repeat","background-position":"center center","background-size":"auto","background-attachment":"scroll","background-type":"","background-media":"","overlay-type":"","overlay-color":"","overlay-opacity":"","overlay-gradient":""}},"ast-content-background-meta":{"desktop":{"background-color":"var(--ast-global-color-5)","background-image":"","background-repeat":"repeat","background-position":"center center","background-size":"auto","background-attachment":"scroll","background-type":"","background-media":"","overlay-type":"","overlay-color":"","overlay-opacity":"","overlay-gradient":""},"tablet":{"background-color":"var(--ast-global-color-5)","background-image":"","background-repeat":"repeat","background-position":"center center","background-size":"auto","background-attachment":"scroll","background-type":"","background-media":"","overlay-type":"","overlay-color":"","overlay-opacity":"","overlay-gradient":""},"mobile":{"background-color":"var(--ast-global-color-5)","background-image":"","background-repeat":"repeat","background-position":"center center","background-size":"auto","background-attachment":"scroll","background-type":"","background-media":"","overlay-type":"","overlay-color":"","overlay-opacity":"","overlay-gradient":""}},"footnotes":""},"class_list":["post-18083","page","type-page","status-publish","hentry"],"_links":{"self":[{"href":"https:\/\/lyongeologie.fr\/en\/wp-json\/wp\/v2\/pages\/18083","targetHints":{"allow":["GET"]}}],"collection":[{"href":"https:\/\/lyongeologie.fr\/en\/wp-json\/wp\/v2\/pages"}],"about":[{"href":"https:\/\/lyongeologie.fr\/en\/wp-json\/wp\/v2\/types\/page"}],"author":[{"embeddable":true,"href":"https:\/\/lyongeologie.fr\/en\/wp-json\/wp\/v2\/users\/5"}],"replies":[{"embeddable":true,"href":"https:\/\/lyongeologie.fr\/en\/wp-json\/wp\/v2\/comments?post=18083"}],"version-history":[{"count":11,"href":"https:\/\/lyongeologie.fr\/en\/wp-json\/wp\/v2\/pages\/18083\/revisions"}],"predecessor-version":[{"id":18137,"href":"https:\/\/lyongeologie.fr\/en\/wp-json\/wp\/v2\/pages\/18083\/revisions\/18137"}],"up":[{"embeddable":true,"href":"https:\/\/lyongeologie.fr\/en\/wp-json\/wp\/v2\/pages\/14219"}],"wp:attachment":[{"href":"https:\/\/lyongeologie.fr\/en\/wp-json\/wp\/v2\/media?parent=18083"}],"curies":[{"name":"wp","href":"https:\/\/api.w.org\/{rel}","templated":true}]}}