{"id":16855,"date":"2023-06-14T16:11:16","date_gmt":"2023-06-14T14:11:16","guid":{"rendered":"https:\/\/lyongeologie.fr\/?page_id=16855"},"modified":"2025-03-12T11:18:12","modified_gmt":"2025-03-12T10:18:12","slug":"fc_climat","status":"publish","type":"page","link":"https:\/\/lyongeologie.fr\/en\/nos-formations\/formation-continue\/fc_climat\/","title":{"rendered":"Changement climatique et empreinte carbone"},"content":{"rendered":"<div data-elementor-type=\"wp-page\" data-elementor-id=\"16855\" class=\"elementor elementor-16855\">\n\t\t\t\t\t\t<section class=\"elementor-section elementor-top-section elementor-element elementor-element-3359a991 elementor-section-boxed elementor-section-height-default elementor-section-height-default\" data-id=\"3359a991\" data-element_type=\"section\" data-e-type=\"section\">\n\t\t\t\t\t\t<div class=\"elementor-container elementor-column-gap-default\">\n\t\t\t\t\t<div class=\"elementor-column elementor-col-100 elementor-top-column elementor-element elementor-element-77edcd23\" data-id=\"77edcd23\" data-element_type=\"column\" data-e-type=\"column\">\n\t\t\t<div class=\"elementor-widget-wrap elementor-element-populated\">\n\t\t\t\t\t\t<div class=\"elementor-element elementor-element-3b68049 elementor-widget elementor-widget-text-editor\" data-id=\"3b68049\" data-element_type=\"widget\" data-e-type=\"widget\" data-widget_type=\"text-editor.default\">\n\t\t\t\t<div class=\"elementor-widget-container\">\n\t\t\t\t\t\t\t\t\t<h2><strong>Changement climatique et empreinte carbone<br \/><\/strong><\/h2>\t\t\t\t\t\t\t\t<\/div>\n\t\t\t\t<\/div>\n\t\t\t\t\t<\/div>\n\t\t<\/div>\n\t\t\t\t\t<\/div>\n\t\t<\/section>\n\t\t\t\t<section class=\"elementor-section elementor-top-section elementor-element elementor-element-748a7a06 elementor-section-boxed elementor-section-height-default elementor-section-height-default\" data-id=\"748a7a06\" data-element_type=\"section\" data-e-type=\"section\">\n\t\t\t\t\t\t<div class=\"elementor-container elementor-column-gap-default\">\n\t\t\t\t\t<div class=\"elementor-column elementor-col-33 elementor-top-column elementor-element elementor-element-78936f0c\" data-id=\"78936f0c\" data-element_type=\"column\" data-e-type=\"column\">\n\t\t\t<div class=\"elementor-widget-wrap elementor-element-populated\">\n\t\t\t\t\t\t<div class=\"elementor-element elementor-element-4528af8b elementor-widget elementor-widget-text-editor\" data-id=\"4528af8b\" data-element_type=\"widget\" data-e-type=\"widget\" data-widget_type=\"text-editor.default\">\n\t\t\t\t<div class=\"elementor-widget-container\">\n\t\t\t\t\t\t\t\t\t<p style=\"text-align: center;\"><em>Contact:\u00a0<a href=\"mailto:cathy.quantin@univ-lyon1.fr\">Cathy Quantin-Nataf<\/a><br \/><\/em><\/p><p><img decoding=\"async\" class=\"size-full wp-image-9115 aligncenter\" src=\"https:\/\/lyongeologie.fr\/wp-content\/uploads\/2022\/02\/Cathy_Quantin.png\" alt=\"\" width=\"150\" height=\"150\" \/><\/p>\t\t\t\t\t\t\t\t<\/div>\n\t\t\t\t<\/div>\n\t\t\t\t<div class=\"elementor-element elementor-element-2844142b elementor-align-center elementor-widget elementor-widget-button\" data-id=\"2844142b\" data-element_type=\"widget\" data-e-type=\"widget\" data-widget_type=\"button.default\">\n\t\t\t\t<div class=\"elementor-widget-container\">\n\t\t\t\t\t\t\t\t\t<div class=\"elementor-button-wrapper\">\n\t\t\t\t\t<a class=\"elementor-button elementor-button-link elementor-size-sm\" href=\"https:\/\/lyon-geologie.univ-lyon1.fr\/nos-formations\/formation-continue\/\">\n\t\t\t\t\t\t<span class=\"elementor-button-content-wrapper\">\n\t\t\t\t\t\t\t\t\t<span class=\"elementor-button-text\">Retour \u00e0 la liste des formations<\/span>\n\t\t\t\t\t<\/span>\n\t\t\t\t\t<\/a>\n\t\t\t\t<\/div>\n\t\t\t\t\t\t\t\t<\/div>\n\t\t\t\t<\/div>\n\t\t\t\t\t<\/div>\n\t\t<\/div>\n\t\t\t\t<div class=\"elementor-column elementor-col-66 elementor-top-column elementor-element elementor-element-62bc3cb0\" data-id=\"62bc3cb0\" data-element_type=\"column\" data-e-type=\"column\">\n\t\t\t<div class=\"elementor-widget-wrap elementor-element-populated\">\n\t\t\t\t\t\t<div class=\"elementor-element elementor-element-5253be8d elementor-widget elementor-widget-text-editor\" data-id=\"5253be8d\" data-element_type=\"widget\" data-e-type=\"widget\" data-widget_type=\"text-editor.default\">\n\t\t\t\t<div class=\"elementor-widget-container\">\n\t\t\t\t\t\t\t\t\t<p>Cette formation courte pr\u00e9sente l&rsquo;\u00e9tat des connaissances scientifiques concernant les param\u00e8tres qui contr\u00f4lent le climat de la Terre et son \u00e9volution, l\u2019impact du changement climatique et les leviers pour agir sur son empreinte environnementale. L&rsquo;objectif est d&rsquo;acqu\u00e9rir les connaissances fondamentales pour une analyse critique des informations diffus\u00e9es par les m\u00e9dias.<\/p>\t\t\t\t\t\t\t\t<\/div>\n\t\t\t\t<\/div>\n\t\t\t\t<div class=\"elementor-element elementor-element-118b3e1a elementor-widget elementor-widget-text-editor\" data-id=\"118b3e1a\" data-element_type=\"widget\" data-e-type=\"widget\" data-widget_type=\"text-editor.default\">\n\t\t\t\t<div class=\"elementor-widget-container\">\n\t\t\t\t\t\t\t\t\t<h2>\u00a0 \u00a0 \u00a0 \u00a0 \u00a0 \u00a0 \u00a0 \u00a0 \u00a0 \u00a0 \u00a0 \u00a0 \u00a0 \u00a0 \u00a0 \u00a0 \u00a0<span style=\"color: #ff9900; font-size: 1.41176rem; font-style: inherit; text-align: center; background-color: var(--ast-global-color-5);\">Prochaines sessions :<\/span><\/h2><h4 style=\"text-align: center;\"><span style=\"color: #ff9900;\">&#8211; 8 Avril 2025<\/span><\/h4><h4 style=\"text-align: center;\"><span style=\"color: #ff9900;\">&#8211; 2 Decembre 2025<\/span><\/h4><h4 style=\"text-align: center;\"><span style=\"color: #ff9900;\">&#8211; 31 Mars 2026<\/span><\/h4><div><span style=\"color: #ff9900;\">\u00a0<\/span><\/div>\t\t\t\t\t\t\t\t<\/div>\n\t\t\t\t<\/div>\n\t\t\t\t<div class=\"elementor-element elementor-element-227627d elementor-widget elementor-widget-text-editor\" data-id=\"227627d\" data-element_type=\"widget\" data-e-type=\"widget\" data-widget_type=\"text-editor.default\">\n\t\t\t\t<div class=\"elementor-widget-container\">\n\t\t\t\t\t\t\t\t\t<ul>\n<li><strong><span style=\"text-decoration: underline;\">Plaquette et bulletin d&rsquo;inscription 2025<\/span> :<\/strong> <a href=\"https:\/\/lyongeologie.fr\/wp-content\/uploads\/2024\/07\/Plaquette-Changement-climatique-et-empreinte-carbone-2023-2024.pdf\">t\u00e9l\u00e9charger ici<\/a><\/li>\n<li><span style=\"text-decoration: underline;\"><strong>Dur\u00e9e<\/strong><\/span><strong> :<\/strong> 1 jour<\/li>\n<li><span style=\"text-decoration: underline;\"><strong>Public concern\u00e9<\/strong><\/span><strong> : <\/strong>Toute personne souhaitant acqu\u00e9rir ou renforcer ses connaissances sur l\u2019\u00e9volution du climat et les leviers d\u2019action pour la transition \u00e9cologique.\n<ul>\n<li>entreprises,<\/li>\n<li>collectivit\u00e9s territoriales,<\/li>\n<li>d\u00e9marche individuelle\u2026<\/li>\n<\/ul>\n<\/li>\n<\/ul>\t\t\t\t\t\t\t\t<\/div>\n\t\t\t\t<\/div>\n\t\t\t\t<div class=\"elementor-element elementor-element-7d4efec0 elementor-widget elementor-widget-text-editor\" data-id=\"7d4efec0\" data-element_type=\"widget\" data-e-type=\"widget\" data-widget_type=\"text-editor.default\">\n\t\t\t\t<div class=\"elementor-widget-container\">\n\t\t\t\t\t\t\t\t\t<ul><li><strong>Objectifs p\u00e9dagogiques : <\/strong><ul><li>Connaissance scientifique des param\u00e8tres qui contr\u00f4lent le climat de la Terre et son \u00e9volution, de l\u2019impact du changement climatique et des leviers pour agir sur son empreinte environnementale.<\/li><li>Acqu\u00e9rir les connaissances fondamentales pour une analyse critique des informations diffus\u00e9es par les m\u00e9dias.<\/li><\/ul><\/li><li><p><strong>Lieu : <\/strong>Salle de diffusion des savoirs de l\u2019observatoire de Lyon (campus de la Doua)<\/p><\/li><li><p><strong>Mat\u00e9riel et approche p\u00e9dagogique : <\/strong>Travail \u00e0 partir de questionnaires, d\u2019analyse de documents et de projections d\u2019indicateurs du climat sur une sph\u00e8re 3D<\/p><\/li><\/ul><p><img fetchpriority=\"high\" decoding=\"async\" class=\"aligncenter wp-image-16859 size-full\" src=\"https:\/\/lyongeologie.fr\/wp-content\/uploads\/2023\/06\/salle_diff_savoirs.png\" alt=\"\" width=\"941\" height=\"220\" srcset=\"https:\/\/lyongeologie.fr\/wp-content\/uploads\/2023\/06\/salle_diff_savoirs.png 941w, https:\/\/lyongeologie.fr\/wp-content\/uploads\/2023\/06\/salle_diff_savoirs-300x70.png 300w, https:\/\/lyongeologie.fr\/wp-content\/uploads\/2023\/06\/salle_diff_savoirs-768x180.png 768w, https:\/\/lyongeologie.fr\/wp-content\/uploads\/2023\/06\/salle_diff_savoirs-18x4.png 18w\" sizes=\"(max-width: 941px) 100vw, 941px\" \/><\/p><ul><li><p><strong>Auteurs du contenu<\/strong> (ordre alphab\u00e9tique) : Muriel Andr\u00e9ani, Isabelle Daniel, Erwin Dehouck, Chlo\u00e9 Mar\u00e9chal, Vincent Perrier, Jean-Philippe Perrillat, Cathy Quantin-Nataf, Guillaume Suan<\/p><\/li><li><strong>Formateurs 1\u00e8re demi-journ\u00e9e (climat): <\/strong><ul><li>Chlo\u00e9 Mar\u00e9chal, Pal\u00e9o-climatologue, co-autrice du livre \u2018\u2019Climats : pass\u00e9, pr\u00e9sent, futur\u2019\u2019 (2020), responsable du cycle de conf\u00e9rences sur le climat \u00e0 l\u2019Universit\u00e9 Ouverte Lyon 1<\/li><li>Cathy Quantin-Nataf, Plan\u00e9tologue (Reconstitution des climats pass\u00e9s martiens)<\/li><li>Guillaume Suan, Pal\u00e9o-climatologue, m\u00e9daille de bronze du CNRS<\/li><\/ul><\/li><\/ul><ul><li><strong>Formateurs 2de demi-journ\u00e9e (empreinte carbone)<\/strong><ul><li>Isabelle Daniel, Min\u00e9ralogiste, experte du cycle du carbone, co-autrice du livre Deep carbone (le carbone des profondeurs), membre du comit\u00e9 directeur de l\u2019observatoire international du carbone des profondeurs.<\/li><li>Vincent Perrier, Pal\u00e9ontologue (effet des crises climatiques sur l\u2019\u00e9volution du vivant)<\/li><li><p>Erwin Dehouck, Plan\u00e9tologue (Reconstitution des climats pass\u00e9s martiens)<\/p><\/li><\/ul><\/li><\/ul>\t\t\t\t\t\t\t\t<\/div>\n\t\t\t\t<\/div>\n\t\t\t\t\t<\/div>\n\t\t<\/div>\n\t\t\t\t\t<\/div>\n\t\t<\/section>\n\t\t\t\t<section class=\"elementor-section elementor-top-section elementor-element elementor-element-25f2b8fa elementor-section-boxed elementor-section-height-default elementor-section-height-default\" data-id=\"25f2b8fa\" data-element_type=\"section\" data-e-type=\"section\">\n\t\t\t\t\t\t<div class=\"elementor-container elementor-column-gap-default\">\n\t\t\t\t\t<div class=\"elementor-column elementor-col-100 elementor-top-column elementor-element elementor-element-3fbe7cf7\" data-id=\"3fbe7cf7\" data-element_type=\"column\" data-e-type=\"column\">\n\t\t\t<div class=\"elementor-widget-wrap elementor-element-populated\">\n\t\t\t\t\t\t<div class=\"elementor-element elementor-element-44f6c13b elementor-widget elementor-widget-text-editor\" data-id=\"44f6c13b\" data-element_type=\"widget\" data-e-type=\"widget\" data-widget_type=\"text-editor.default\">\n\t\t\t\t<div class=\"elementor-widget-container\">\n\t\t\t\t\t\t\t\t\t<h4>Programme :<\/h4>\n<p><span style=\"text-decoration: underline;\"><strong>1\u00e8re demi-journ\u00e9e: Le changement climatique en cours<\/strong><\/span><\/p>\n<ul>\n<li><strong>Bloc 1 : Le climat mondial et r\u00e9gional <\/strong>\n<ul>\n<li>Les relations vivant-climat<\/li>\n<li>Les param\u00e8tres physiques du climat : temp\u00e9rature, pr\u00e9cipitations<\/li>\n<li>Le climat vu d\u2019une mani\u00e8re globale et l\u2019\u00e9nergie requise pour le maintenir<\/li>\n<li>L\u2019importance de l\u2019effet de serre dans l\u2019\u00e9quilibre naturel du climat terrestre<\/li>\n<li>Pourquoi le climat a-t-il toujours \u00e9volu\u00e9 ? Les diff\u00e9rentes causes de changemenLe climat depuis des millions d\u2019ann\u00e9es jusqu\u2019aux derniers si\u00e8cles<\/li>\n<\/ul>\n<\/li>\n<\/ul>\n<ul>\n<li><strong>Bloc 2 : L\u2019\u00e9volution actuelle du climat et sa cause <\/strong>\n<ul>\n<li>Les temp\u00e9ratures et les pr\u00e9cipitations au niveau mondial<\/li>\n<li>Les temp\u00e9ratures et les pr\u00e9cipitations au niveau r\u00e9gional et local (France, Lyon)<\/li>\n<li>Les \u00e9v\u00e9nements extr\u00eames dans le monde et en Europe (cyclones, canicules, incendies, pluies torrentielles)<\/li>\n<li>L\u2019\u00e9volution des glaces (banquise, glaciers, calottes polaires)<\/li>\n<li>Evolution de l\u2019oc\u00e9an (niveau marin, acidification de l\u2019oc\u00e9an)<\/li>\n<li>L\u2019\u00e9volution du vivant (dont les humains)<\/li>\n<li>Quelle est l\u2019origine du changement climatique en cours ?<\/li>\n<\/ul>\n<\/li>\n<\/ul>\n<ul>\n<li><strong>Bloc 3 : Le changement climatique futur : l\u2019\u00e9ventail des possibles <\/strong>\n<ul>\n<li>Les diff\u00e9rents sc\u00e9narios fix\u00e9s par les \u00e9missions de gaz \u00e0 effet de serre et les temp\u00e9ratures et pr\u00e9cipitations projet\u00e9es<\/li>\n<li>Les \u00e9v\u00e9nements extr\u00eames (canicules, s\u00e9cheresses, incendies)<\/li>\n<li>Les impacts sur les glaces, les oc\u00e9ans, le vivant<\/li>\n<li>Les points de bascule<\/li>\n<li>Le futur \u00e0 l\u2019aune du pass\u00e9 : le choix de se diriger ou non vers une nouvelle \u00e8re climatique<\/li>\n<\/ul>\n<\/li>\n<\/ul>\n<p><span style=\"text-decoration: underline;\"><strong>2\u00e8me demi-journ\u00e9e: Energie, CO2 et empreinte carbone<\/strong><\/span><\/p>\n<ul>\n<li><strong>Bloc 1 : Besoin en \u00e9nergie et \u00e9missions de GES <\/strong>\n<ul>\n<li>origine des \u00e9missions de GES anthropique<\/li>\n<li>CH4, N2O des GES majoritairement li\u00e9s au secteur de l\u2019agriculture<\/li>\n<li>\u00e9nergie, r\u00e9volution industrielle et \u00e9missions de CO2<\/li>\n<li>origine : combustion des ressources fossiles<\/li>\n<li>r\u00e9partition des \u00e9missions de CO2 dans le monde et evolution par secteur\/pays (dans le monde)<\/li>\n<li>r\u00e9partition des \u00e9missions de CO2 en France et evolution par secteur<\/li>\n<li>relation PIB, Consommation \u00e9nergie, emission de CO2<\/li>\n<li>Emission territoriales + \u00e9missions import\u00e9s =&gt; empreinte carbone<\/li>\n<li>\u00e9tude de cas en france : Sources des \u00e9missions et mix \u00e9nerg\u00e9tique + Projections mix NRJ 2050 RTE, Ademe (+ Negawatt\/Shift Project?)<\/li>\n<\/ul>\n<\/li>\n<\/ul>\n<ul>\n<li><strong>Bloc 2 : Bilan carbones des fran\u00e7ais et des participants <\/strong>\n<ul>\n<li>Calcul individuel du bilan carbone \u00e0 partir du site <a href=\"https:\/\/avenirclimatique.org\/micmac\/simulationCarbone.php\">avenir climat<\/a><\/li>\n<li>atelier \u00e0 partir du retour des diff\u00e9rents participants<\/li>\n<\/ul>\n<\/li>\n<\/ul>\n<ul>\n<li><strong>Bloc 3 : Solutions <\/strong>\n<ul>\n<li>Pr\u00e9sentation des perspectives et actions, conform\u00e9ment \u00e0 l\u2019accord de Paris (COP 21) et \u00e0 la SNBC pour aller vers l\u2019objectif de 2 teqCO2 par personne et par an, en 2050<\/li>\n<li>Equation de Kaya, 3 premiers facteurs: population, production\/personne, intensit\u00e9 \u00e9nerg\u00e9tique de l\u2019\u00e9conomie (\/\/ efficacit\u00e9)<\/li>\n<li>4\u00e8me facteur, le contenu en CO2 de l\u2019\u00e9nergie et comment d\u00e9carboner l&rsquo;\u00e9nergie<\/li>\n<li>les \u00e9nergies renouvelables : avantages, inconv\u00e9nients<\/li>\n<li>l\u2019atome : avantages, inconv\u00e9nients<\/li>\n<li>le tout \u00e9lectrique =&gt; probl\u00e8me de ressources<\/li>\n<li>stockage du carbone<\/li>\n<li>la sobri\u00e9t\u00e9<\/li>\n<li>Mesures individuelles et collectives (logement, transport, alimentation\u2026)<\/li>\n<\/ul>\n<\/li>\n<\/ul>\n\n<ul>\n<li><strong>Bloc 4 : Fact checking <\/strong>\n<ul>\n<li>D\u00e9cryptage scientifique de documents m\u00e9diatiques. ex la <a href=\"https:\/\/bonpote.com\/compensation-carbone-et-treewashing-jonathan-guyot\/\">compensation carbone.<\/a><\/li>\n<\/ul>\n<\/li>\n<\/ul>\t\t\t\t\t\t\t\t<\/div>\n\t\t\t\t<\/div>\n\t\t\t\t\t<\/div>\n\t\t<\/div>\n\t\t\t\t\t<\/div>\n\t\t<\/section>\n\t\t\t\t<\/div>","protected":false},"excerpt":{"rendered":"<p>Changement climatique et empreinte carbone Responsable :\u00a0Cathy Quantin-Nataf Retour \u00e0 la liste des formations Cette formation courte pr\u00e9sente l&rsquo;\u00e9tat des connaissances scientifiques concernant les param\u00e8tres qui contr\u00f4lent le climat de la Terre et son \u00e9volution, l\u2019impact du changement climatique et les leviers pour agir sur son empreinte environnementale. L&rsquo;objectif est d&rsquo;acqu\u00e9rir les connaissances fondamentales pour [&hellip;]<\/p>\n","protected":false},"author":5,"featured_media":0,"parent":14219,"menu_order":0,"comment_status":"closed","ping_status":"closed","template":"","meta":{"site-sidebar-layout":"no-sidebar","site-content-layout":"page-builder","ast-site-content-layout":"default","site-content-style":"default","site-sidebar-style":"default","ast-global-header-display":"","ast-banner-title-visibility":"","ast-main-header-display":"","ast-hfb-above-header-display":"","ast-hfb-below-header-display":"","ast-hfb-mobile-header-display":"","site-post-title":"disabled","ast-breadcrumbs-content":"","ast-featured-img":"disabled","footer-sml-layout":"","ast-disable-related-posts":"","theme-transparent-header-meta":"","adv-header-id-meta":"","stick-header-meta":"","header-above-stick-meta":"","header-main-stick-meta":"","header-below-stick-meta":"","astra-migrate-meta-layouts":"default","ast-page-background-enabled":"default","ast-page-background-meta":{"desktop":{"background-color":"var(--ast-global-color-4)","background-image":"","background-repeat":"repeat","background-position":"center center","background-size":"auto","background-attachment":"scroll","background-type":"","background-media":"","overlay-type":"","overlay-color":"","overlay-opacity":"","overlay-gradient":""},"tablet":{"background-color":"","background-image":"","background-repeat":"repeat","background-position":"center center","background-size":"auto","background-attachment":"scroll","background-type":"","background-media":"","overlay-type":"","overlay-color":"","overlay-opacity":"","overlay-gradient":""},"mobile":{"background-color":"","background-image":"","background-repeat":"repeat","background-position":"center center","background-size":"auto","background-attachment":"scroll","background-type":"","background-media":"","overlay-type":"","overlay-color":"","overlay-opacity":"","overlay-gradient":""}},"ast-content-background-meta":{"desktop":{"background-color":"var(--ast-global-color-5)","background-image":"","background-repeat":"repeat","background-position":"center center","background-size":"auto","background-attachment":"scroll","background-type":"","background-media":"","overlay-type":"","overlay-color":"","overlay-opacity":"","overlay-gradient":""},"tablet":{"background-color":"var(--ast-global-color-5)","background-image":"","background-repeat":"repeat","background-position":"center center","background-size":"auto","background-attachment":"scroll","background-type":"","background-media":"","overlay-type":"","overlay-color":"","overlay-opacity":"","overlay-gradient":""},"mobile":{"background-color":"var(--ast-global-color-5)","background-image":"","background-repeat":"repeat","background-position":"center center","background-size":"auto","background-attachment":"scroll","background-type":"","background-media":"","overlay-type":"","overlay-color":"","overlay-opacity":"","overlay-gradient":""}},"footnotes":""},"class_list":["post-16855","page","type-page","status-publish","hentry"],"_links":{"self":[{"href":"https:\/\/lyongeologie.fr\/en\/wp-json\/wp\/v2\/pages\/16855","targetHints":{"allow":["GET"]}}],"collection":[{"href":"https:\/\/lyongeologie.fr\/en\/wp-json\/wp\/v2\/pages"}],"about":[{"href":"https:\/\/lyongeologie.fr\/en\/wp-json\/wp\/v2\/types\/page"}],"author":[{"embeddable":true,"href":"https:\/\/lyongeologie.fr\/en\/wp-json\/wp\/v2\/users\/5"}],"replies":[{"embeddable":true,"href":"https:\/\/lyongeologie.fr\/en\/wp-json\/wp\/v2\/comments?post=16855"}],"version-history":[{"count":54,"href":"https:\/\/lyongeologie.fr\/en\/wp-json\/wp\/v2\/pages\/16855\/revisions"}],"predecessor-version":[{"id":18573,"href":"https:\/\/lyongeologie.fr\/en\/wp-json\/wp\/v2\/pages\/16855\/revisions\/18573"}],"up":[{"embeddable":true,"href":"https:\/\/lyongeologie.fr\/en\/wp-json\/wp\/v2\/pages\/14219"}],"wp:attachment":[{"href":"https:\/\/lyongeologie.fr\/en\/wp-json\/wp\/v2\/media?parent=16855"}],"curies":[{"name":"wp","href":"https:\/\/api.w.org\/{rel}","templated":true}]}}