{"id":16649,"date":"2023-02-03T22:10:59","date_gmt":"2023-02-03T21:10:59","guid":{"rendered":"https:\/\/lyongeologie.fr\/?page_id=16649"},"modified":"2025-12-03T11:21:50","modified_gmt":"2025-12-03T10:21:50","slug":"fc_amiante","status":"publish","type":"page","link":"https:\/\/lyongeologie.fr\/en\/nos-formations\/formation-continue\/fc_amiante\/","title":{"rendered":"Caract\u00e9risation Amiante naturelle norme 94-001"},"content":{"rendered":"<div data-elementor-type=\"wp-page\" data-elementor-id=\"16649\" class=\"elementor elementor-16649\">\n\t\t\t\t\t\t<section class=\"elementor-section elementor-top-section elementor-element elementor-element-76912dc0 elementor-section-boxed elementor-section-height-default elementor-section-height-default\" data-id=\"76912dc0\" data-element_type=\"section\" data-e-type=\"section\">\n\t\t\t\t\t\t<div class=\"elementor-container elementor-column-gap-default\">\n\t\t\t\t\t<div class=\"elementor-column elementor-col-100 elementor-top-column elementor-element elementor-element-22a3bac7\" data-id=\"22a3bac7\" data-element_type=\"column\" data-e-type=\"column\">\n\t\t\t<div class=\"elementor-widget-wrap elementor-element-populated\">\n\t\t\t\t\t\t<div class=\"elementor-element elementor-element-712a129c elementor-widget elementor-widget-text-editor\" data-id=\"712a129c\" data-element_type=\"widget\" data-e-type=\"widget\" data-widget_type=\"text-editor.default\">\n\t\t\t\t<div class=\"elementor-widget-container\">\n\t\t\t\t\t\t\t\t\t<h2><strong>Caract\u00e9risation Amiante naturelle norme 94-001<br \/><\/strong><\/h2>\t\t\t\t\t\t\t\t<\/div>\n\t\t\t\t<\/div>\n\t\t\t\t\t<\/div>\n\t\t<\/div>\n\t\t\t\t\t<\/div>\n\t\t<\/section>\n\t\t\t\t<section class=\"elementor-section elementor-top-section elementor-element elementor-element-1526751e elementor-section-boxed elementor-section-height-default elementor-section-height-default\" data-id=\"1526751e\" data-element_type=\"section\" data-e-type=\"section\">\n\t\t\t\t\t\t<div class=\"elementor-container elementor-column-gap-default\">\n\t\t\t\t\t<div class=\"elementor-column elementor-col-33 elementor-top-column elementor-element elementor-element-584ba417\" data-id=\"584ba417\" data-element_type=\"column\" data-e-type=\"column\">\n\t\t\t<div class=\"elementor-widget-wrap elementor-element-populated\">\n\t\t\t\t\t\t<div class=\"elementor-element elementor-element-48d6c774 elementor-widget elementor-widget-text-editor\" data-id=\"48d6c774\" data-element_type=\"widget\" data-e-type=\"widget\" data-widget_type=\"text-editor.default\">\n\t\t\t\t<div class=\"elementor-widget-container\">\n\t\t\t\t\t\t\t\t\t<p style=\"text-align: center;\"><em>Contact:\u00a0<a href=\"mailto:muriel.andreani@univ-lyon1.fr\">Muriel ANDREANI<\/a><br \/><\/em><\/p>\t\t\t\t\t\t\t\t<\/div>\n\t\t\t\t<\/div>\n\t\t\t\t<div class=\"elementor-element elementor-element-aa926aa elementor-widget elementor-widget-image\" data-id=\"aa926aa\" data-element_type=\"widget\" data-e-type=\"widget\" data-widget_type=\"image.default\">\n\t\t\t\t<div class=\"elementor-widget-container\">\n\t\t\t\t\t\t\t\t\t\t\t\t\t\t\t<img decoding=\"async\" width=\"150\" height=\"150\" src=\"https:\/\/lyongeologie.fr\/wp-content\/uploads\/2022\/02\/muriel_andreani.png\" class=\"attachment-large size-large wp-image-12331\" alt=\"\" \/>\t\t\t\t\t\t\t\t\t\t\t\t\t\t\t<\/div>\n\t\t\t\t<\/div>\n\t\t\t\t<div class=\"elementor-element elementor-element-1537c639 elementor-align-center elementor-widget elementor-widget-button\" data-id=\"1537c639\" data-element_type=\"widget\" data-e-type=\"widget\" data-widget_type=\"button.default\">\n\t\t\t\t<div class=\"elementor-widget-container\">\n\t\t\t\t\t\t\t\t\t<div class=\"elementor-button-wrapper\">\n\t\t\t\t\t<a class=\"elementor-button elementor-button-link elementor-size-sm\" href=\"https:\/\/lyon-geologie.univ-lyon1.fr\/nos-formations\/formation-continue\/\">\n\t\t\t\t\t\t<span class=\"elementor-button-content-wrapper\">\n\t\t\t\t\t\t\t\t\t<span class=\"elementor-button-text\">Retour \u00e0 la liste des formations<\/span>\n\t\t\t\t\t<\/span>\n\t\t\t\t\t<\/a>\n\t\t\t\t<\/div>\n\t\t\t\t\t\t\t\t<\/div>\n\t\t\t\t<\/div>\n\t\t\t\t\t<\/div>\n\t\t<\/div>\n\t\t\t\t<div class=\"elementor-column elementor-col-66 elementor-top-column elementor-element elementor-element-33df66ea\" data-id=\"33df66ea\" data-element_type=\"column\" data-e-type=\"column\">\n\t\t\t<div class=\"elementor-widget-wrap elementor-element-populated\">\n\t\t\t\t\t\t<div class=\"elementor-element elementor-element-3c7a90e3 elementor-widget elementor-widget-text-editor\" data-id=\"3c7a90e3\" data-element_type=\"widget\" data-e-type=\"widget\" data-widget_type=\"text-editor.default\">\n\t\t\t\t<div class=\"elementor-widget-container\">\n\t\t\t\t\t\t\t\t\t<p><span dir=\"ltr\" style=\"left: 3.38%; top: 11.4%; font-size: calc(var(--scale-factor)*10.00px); font-family: sans-serif; transform: scaleX(0.820806);\" role=\"presentation\">Cette formation aborde les notions de min\u00e9ralogie-cristallographie appliqu\u00e9e aux mat\u00e9riaux naturels d\u2019int\u00e9r\u00eat \u00e9conomique. Elle couvre \u00e9galement l&rsquo;<\/span><span dir=\"ltr\" style=\"left: 3.38%; top: 13.75%; font-size: calc(var(--scale-factor)*10.00px); font-family: sans-serif; transform: scaleX(0.826388);\" role=\"presentation\">utilisation de la microscopie \u00e9lectronique en transmission pour la caract\u00e9risation de ces<\/span><span dir=\"ltr\" style=\"left: 3.38%; top: 16.11%; font-size: calc(var(--scale-factor)*10.00px); font-family: sans-serif; transform: scaleX(0.805455);\" role=\"presentation\"> mat\u00e9riaux naturels et le traitement des donn\u00e9es associ\u00e9es.<\/span><\/p>\t\t\t\t\t\t\t\t<\/div>\n\t\t\t\t<\/div>\n\t\t\t\t<div class=\"elementor-element elementor-element-b9fb12 elementor-widget elementor-widget-text-editor\" data-id=\"b9fb12\" data-element_type=\"widget\" data-e-type=\"widget\" data-widget_type=\"text-editor.default\">\n\t\t\t\t<div class=\"elementor-widget-container\">\n\t\t\t\t\t\t\t\t\t<h4 style=\"text-align: center;\"><span style=\"color: #ff9900;\">Prochaine session : <\/span><span style=\"font-family: Roboto, sans-serif; font-weight: 400; color: rgb(75, 79, 88); font-size: 1rem;\">19 &amp; 20 mars 2026 et 8 &amp; 9 octobre 2026<\/span><\/h4>\t\t\t\t\t\t\t\t<\/div>\n\t\t\t\t<\/div>\n\t\t\t\t<div class=\"elementor-element elementor-element-90e6263 elementor-widget elementor-widget-text-editor\" data-id=\"90e6263\" data-element_type=\"widget\" data-e-type=\"widget\" data-widget_type=\"text-editor.default\">\n\t\t\t\t<div class=\"elementor-widget-container\">\n\t\t\t\t\t\t\t\t\t<ul><li><strong><span style=\"text-decoration: underline;\">Plaquette et bulletin d&rsquo;inscription 2025<\/span> :<\/strong> <a href=\"https:\/\/lyongeologie.fr\/wp-content\/uploads\/2025\/12\/plaquette-caracterisation-amiante-naturelle-norme-94-001-2025-2026.pdf\">plaquette-caracterisation-amiante-naturelle-norme-94-001-2025-2026<\/a><\/li><li><span style=\"text-decoration: underline;\"><strong>Dur\u00e9e<\/strong><\/span><strong> :<\/strong> 2 jours<\/li><li><span style=\"text-decoration: underline;\"><strong>Public concern\u00e9<\/strong><\/span><strong> : <\/strong><ul><li style=\"list-style-type: none;\"><ul><li>Techniciens, Ing\u00e9nieurs<\/li><li>Toute personne souhaitant a<span dir=\"ltr\" style=\"left: 3.38%; top: 25.51%; font-size: calc(var(--scale-factor)*10.00px); font-family: sans-serif; transform: scaleX(0.856311);\" role=\"presentation\">cqu\u00e9rir ou renforcer des notions g\u00e9n\u00e9rales de min\u00e9ralogie-cristallo<\/span><span dir=\"ltr\" style=\"left: 3.38%; top: 27.87%; font-size: calc(var(--scale-factor)*10.00px); font-family: sans-serif; transform: scaleX(0.852621);\" role=\"presentation\">graphie avec une application \u00e0 la caract\u00e9risation de mat\u00e9riaux naturels (\u00e0 d\u00e9finir en fonction des<\/span><span dir=\"ltr\" style=\"left: 3.38%; top: 30.22%; font-size: calc(var(--scale-factor)*10.00px); font-family: sans-serif; transform: scaleX(0.806133);\" role=\"presentation\"> attentes) par microscopie \u00e9lectronique en transmission<\/span><ul><li style=\"list-style-type: none;\">\u00a0<\/li><\/ul><\/li><\/ul><\/li><\/ul><\/li><\/ul>\t\t\t\t\t\t\t\t<\/div>\n\t\t\t\t<\/div>\n\t\t\t\t<div class=\"elementor-element elementor-element-3270a366 elementor-widget elementor-widget-image\" data-id=\"3270a366\" data-element_type=\"widget\" data-e-type=\"widget\" data-widget_type=\"image.default\">\n\t\t\t\t<div class=\"elementor-widget-container\">\n\t\t\t\t\t\t\t\t\t\t\t\t\t\t\t<img fetchpriority=\"high\" decoding=\"async\" width=\"818\" height=\"251\" src=\"https:\/\/lyongeologie.fr\/wp-content\/uploads\/2023\/02\/fc_amiante.png\" class=\"attachment-large size-large wp-image-16661\" alt=\"\" srcset=\"https:\/\/lyongeologie.fr\/wp-content\/uploads\/2023\/02\/fc_amiante.png 818w, https:\/\/lyongeologie.fr\/wp-content\/uploads\/2023\/02\/fc_amiante-300x92.png 300w, https:\/\/lyongeologie.fr\/wp-content\/uploads\/2023\/02\/fc_amiante-768x236.png 768w, https:\/\/lyongeologie.fr\/wp-content\/uploads\/2023\/02\/fc_amiante-18x6.png 18w\" sizes=\"(max-width: 818px) 100vw, 818px\" \/>\t\t\t\t\t\t\t\t\t\t\t\t\t\t\t<\/div>\n\t\t\t\t<\/div>\n\t\t\t\t<div class=\"elementor-element elementor-element-da51e7c elementor-widget elementor-widget-text-editor\" data-id=\"da51e7c\" data-element_type=\"widget\" data-e-type=\"widget\" data-widget_type=\"text-editor.default\">\n\t\t\t\t<div class=\"elementor-widget-container\">\n\t\t\t\t\t\t\t\t\t<ul><li><strong>Moyens p\u00e9dagogiques :<\/strong><ul><li style=\"list-style-type: none;\"><ul><li>Expos\u00e9s th\u00e9oriques type cours magistraux<\/li><li>Travaux Pratiques sur microscope optique et microscope \u00e9lectronique en transmission<\/li><li>Traitement des donn\u00e9es<\/li><\/ul><\/li><\/ul><\/li><\/ul><ul><li><strong>Programme de la formation:<\/strong><ul><li><span style=\"text-decoration: underline;\">Jour 1<\/span><ul><li><strong><span dir=\"ltr\" role=\"presentation\">Contexte g\u00e9ologique des gisements:<\/span><\/strong><br role=\"presentation\" \/><span dir=\"ltr\" role=\"presentation\">Pr\u00e9sentation des contextes g\u00e9ologiques d\u2019occurrence des principaux mat\u00e9riaux naturels<\/span><br role=\"presentation\" \/><span dir=\"ltr\" role=\"presentation\">d\u2019int\u00e9r\u00eat \u00e9conomiques (ajustable en fonction des besoins \u2013 ex. amiante, argiles, m\u00e9taux).<\/span><span dir=\"ltr\" role=\"presentation\"> Min\u00e9ralogie-Cristallographie associ\u00e9es<\/span><br role=\"presentation\" \/><span dir=\"ltr\" role=\"presentation\">\u2022 <strong>Principes de la microscopie optique et \u00e9lectronique en transmission<\/strong><\/span><br role=\"presentation\" \/><span dir=\"ltr\" role=\"presentation\">\u2022 <strong>Mise en pratique en microscopique optique<\/strong><\/span><br role=\"presentation\" \/><span dir=\"ltr\" role=\"presentation\">Reconnaissance des min\u00e9raux et des roches sur \u00e9chantillon macroscopique et lame mince<\/span><\/li><\/ul><\/li><li><u>Jour 2 <\/u><ul><li><b>Mise en pratique <\/b><ul><li>\u00a0En demi-groupes, tilisation d&rsquo;un microscope \u00e9lectronique en transmission avec acquisition de clich\u00e9s de diffraction<\/li><li>en salle, travail sur les donn\u00e9es acquises le matin: indexation des fichiers, traitement d&rsquo;image<\/li><\/ul><\/li><\/ul><\/li><\/ul><\/li><\/ul>\t\t\t\t\t\t\t\t<\/div>\n\t\t\t\t<\/div>\n\t\t\t\t\t<\/div>\n\t\t<\/div>\n\t\t\t\t\t<\/div>\n\t\t<\/section>\n\t\t\t\t<\/div>","protected":false},"excerpt":{"rendered":"<p>Caract\u00e9risation Amiante naturelle norme 94-001 Responsable :\u00a0Muriel ANDREANI Retour \u00e0 la liste des formations Cette formation aborde les notions de min\u00e9ralogie-cristallographie appliqu\u00e9e aux mat\u00e9riaux naturels d\u2019int\u00e9r\u00eat \u00e9conomique. Elle couvre \u00e9galement l&rsquo;utilisation de la microscopie \u00e9lectronique en transmission pour la caract\u00e9risation de ces mat\u00e9riaux naturels et le traitement des donn\u00e9es associ\u00e9es. Prochaine session : 19 &amp; [&hellip;]<\/p>\n","protected":false},"author":7,"featured_media":0,"parent":14219,"menu_order":0,"comment_status":"closed","ping_status":"closed","template":"","meta":{"site-sidebar-layout":"no-sidebar","site-content-layout":"page-builder","ast-site-content-layout":"default","site-content-style":"default","site-sidebar-style":"default","ast-global-header-display":"","ast-banner-title-visibility":"","ast-main-header-display":"","ast-hfb-above-header-display":"","ast-hfb-below-header-display":"","ast-hfb-mobile-header-display":"","site-post-title":"disabled","ast-breadcrumbs-content":"","ast-featured-img":"disabled","footer-sml-layout":"","ast-disable-related-posts":"","theme-transparent-header-meta":"","adv-header-id-meta":"","stick-header-meta":"","header-above-stick-meta":"","header-main-stick-meta":"","header-below-stick-meta":"","astra-migrate-meta-layouts":"default","ast-page-background-enabled":"default","ast-page-background-meta":{"desktop":{"background-color":"var(--ast-global-color-4)","background-image":"","background-repeat":"repeat","background-position":"center center","background-size":"auto","background-attachment":"scroll","background-type":"","background-media":"","overlay-type":"","overlay-color":"","overlay-opacity":"","overlay-gradient":""},"tablet":{"background-color":"","background-image":"","background-repeat":"repeat","background-position":"center center","background-size":"auto","background-attachment":"scroll","background-type":"","background-media":"","overlay-type":"","overlay-color":"","overlay-opacity":"","overlay-gradient":""},"mobile":{"background-color":"","background-image":"","background-repeat":"repeat","background-position":"center center","background-size":"auto","background-attachment":"scroll","background-type":"","background-media":"","overlay-type":"","overlay-color":"","overlay-opacity":"","overlay-gradient":""}},"ast-content-background-meta":{"desktop":{"background-color":"var(--ast-global-color-5)","background-image":"","background-repeat":"repeat","background-position":"center center","background-size":"auto","background-attachment":"scroll","background-type":"","background-media":"","overlay-type":"","overlay-color":"","overlay-opacity":"","overlay-gradient":""},"tablet":{"background-color":"var(--ast-global-color-5)","background-image":"","background-repeat":"repeat","background-position":"center center","background-size":"auto","background-attachment":"scroll","background-type":"","background-media":"","overlay-type":"","overlay-color":"","overlay-opacity":"","overlay-gradient":""},"mobile":{"background-color":"var(--ast-global-color-5)","background-image":"","background-repeat":"repeat","background-position":"center center","background-size":"auto","background-attachment":"scroll","background-type":"","background-media":"","overlay-type":"","overlay-color":"","overlay-opacity":"","overlay-gradient":""}},"footnotes":""},"class_list":["post-16649","page","type-page","status-publish","hentry"],"_links":{"self":[{"href":"https:\/\/lyongeologie.fr\/en\/wp-json\/wp\/v2\/pages\/16649","targetHints":{"allow":["GET"]}}],"collection":[{"href":"https:\/\/lyongeologie.fr\/en\/wp-json\/wp\/v2\/pages"}],"about":[{"href":"https:\/\/lyongeologie.fr\/en\/wp-json\/wp\/v2\/types\/page"}],"author":[{"embeddable":true,"href":"https:\/\/lyongeologie.fr\/en\/wp-json\/wp\/v2\/users\/7"}],"replies":[{"embeddable":true,"href":"https:\/\/lyongeologie.fr\/en\/wp-json\/wp\/v2\/comments?post=16649"}],"version-history":[{"count":26,"href":"https:\/\/lyongeologie.fr\/en\/wp-json\/wp\/v2\/pages\/16649\/revisions"}],"predecessor-version":[{"id":19043,"href":"https:\/\/lyongeologie.fr\/en\/wp-json\/wp\/v2\/pages\/16649\/revisions\/19043"}],"up":[{"embeddable":true,"href":"https:\/\/lyongeologie.fr\/en\/wp-json\/wp\/v2\/pages\/14219"}],"wp:attachment":[{"href":"https:\/\/lyongeologie.fr\/en\/wp-json\/wp\/v2\/media?parent=16649"}],"curies":[{"name":"wp","href":"https:\/\/api.w.org\/{rel}","templated":true}]}}